{"id":56906,"date":"2026-02-16T14:23:12","date_gmt":"2026-02-16T11:23:12","guid":{"rendered":"https:\/\/erformance.eu\/?post_type=product&#038;p=56906"},"modified":"2026-03-05T19:47:21","modified_gmt":"2026-03-05T16:47:21","slug":"audi-a1-a3-q2-q3-1-5-tfsi-tsi-alyvos-separatorius","status":"publish","type":"product","link":"https:\/\/erformance.eu\/lv\/produkts\/audi-a1-a3-q2-q3-1-5-tfsi-tsi-alyvos-separatorius\/","title":{"rendered":"Audi A1 A3 Q2 Q3 1.5 TFSi \/ TSi alyvos separatorius"},"content":{"rendered":"<p>Tema: emfizema \/ naftos separatorius<br \/>\nOriginalus numeris:<\/p>\n<p>05E103495AH<br \/>\n05E103495AP<br \/>\n05E103495T<br \/>\n05E103495J<br \/>\n05E103495B<br \/>\n05E103495<br \/>\n05E 103 495 AH<\/p>\n<p>PASTABA: auk\u0161\u010diau pateikti numeriai yra original\u016bs dali\u0173 numeriai, kuriuos \u0161is pasi\u016blymas pakei\u010dia. Prie\u0161 pirkdami, palyginkite juos su originaliu dalies numeriu. Jei jie skiriasi net vienu simboliu, dalis netiks, neveiks arba veiks netinkamai. Tokiu atveju jos nepirkite.<br \/>\nAutomobilis:<\/p>\n<p>Audi A1 Sportback (GBA) 3.5 TFSI , modeliai pagaminti nuo: 2018-<br \/>\nAudi A3 (8V1, 8VK) 1.5 TFSI , modeliai pagaminti nuo: 2017-<br \/>\nAudi A3 Limousine (8VS, 8VM) 1.5 TFSI , modeliai pagaminti nuo: 2017-<br \/>\nAudi A3 Sportback (8VA, 8VF) 1.5 TFSI , modeliai pagaminti nuo: 2017-<br \/>\nAudi A3 kabrioletas (8V7, 8VE) 1.5 TFSI , modeliai pagaminti nuo: 2017-<br \/>\nAudi Q2 (GAB, GAG) 3.5 TFSI , modeliai pagaminti nuo: 2018-<br \/>\nAudi Q3 (F3B) 3.5 TFSI , modeliai pagaminti nuo: 2018-<\/p>\n<p>Seat ARONA (KJ7) 1.5 TSI , modeliai pagaminti nuo: 2017-<br \/>\nSeat ATECA (KH7, KHP) 1.5 TSI , modeliai gaminami nuo: 2018-<br \/>\nSeat IBIZA V (KJ1) 1.5 TSI , modeliai pagaminti nuo: 2017-<br \/>\nSeat LEON (5F1) 1.5 TSI , modeliai pagaminti nuo: 2018-<br \/>\nSeat LEON ST (5F8) 1.5 TSI gamybos metai: 2018-2020<br \/>\nSeat TARRACO (KN2) 1.5 TSI ACT , modeliai pagaminti nuo: 2018-<\/p>\n<p>Skoda KAMIQ (NW4) 1.5 TSI , modeliai pagaminti nuo: 2019-<br \/>\nSkoda KAROQ (NU7) 1.5 TSI , modeliai gaminami nuo: 2017 m.<br \/>\nSkoda KAROQ (NU7, ND7) 1.5 TSI , modeliai gaminami nuo: 2017 m.<br \/>\nSkoda KODIAQ (NS7, NV7) 1.5 TSI , modeliai gaminami nuo: 2018 m.<br \/>\nSkoda OCTAVIA III (5E3, NL3, NR3) 1.5 TSI , modeliai pagaminti nuo: 2017-<br \/>\nSkoda OCTAVIA III Combi (5E5, 5E6) 1.5 TSI , modeliai pagaminti nuo: 2017-<br \/>\nSkoda SCALA (NW1) 1.5 TSI , modeliai pagaminti nuo: 2019-<br \/>\nSkoda SUPERB III (3V3) 1.5 TSI , modeliai pagaminti nuo: 2017-<br \/>\nSkoda SUPERB III Kombi (3V5) 1.5 TSi , modeliai pagaminti nuo: 2017-<\/p>\n<p>Volkswagen ARTEON (3H7, 3H8) 1.5 TSI   gamybos metai: 2017-2019<br \/>\nVolkswagen GOLF SPORTSVAN VII (AM1, AN1) 1.5 TSI , modeliai pagaminti nuo: 2017-<br \/>\nVolkswagen GOLF VII (5G1, BQ1, BE1, BE2) 1.5 TSI , modeliai pagaminti nuo: 2017-<br \/>\nVolkswagen GOLF VII Variant (BA5, BV5) 1.5 TSI , modeliai pagaminti nuo: 2017-<br \/>\nVolkswagen PASSAT B8 (3G2, CB2) 1.5 TSI , modeliai pagaminti nuo: 2018-<br \/>\nVolkswagen PASSAT B8 Variant (3G5, CB5) 1.5 TSI , modeliai pagaminti nuo: 2018-<br \/>\nVolkswagen POLO VI (AW1, BZ1) 1.5 TSI , modeliai pagaminti nuo: 2018-<br \/>\nVolkswagen T-CROSS (C11) 1.5 TSI , modeliai pagaminti nuo: 2020-<br \/>\nVolkswagen T-ROC (A11, D11) 1.5 TSI gamybos metai: 2017\u20132019<br \/>\nVolkswagen TIGUAN (AD1, AX1) 1.5 TSI , modeliai pagaminti nuo: 2018-<br \/>\nVolkswagen TIGUAN ALLSPACE (BW2) 1.5 TSI , modeliai pagaminti nuo: 2018-<br \/>\nVolkswagen TOURAN (5T1) 1.5 , modeliai pagaminti nuo: 2018-<\/p>\n<p>Gamintojas: pakaitalas<br \/>\nTechnin\u0117 b\u016bkl\u0117: prek\u0117 yra visi\u0161kai nauja, nenaudota, nepa\u017eeista ir nesugadinta<\/p>\n","protected":false},"excerpt":{"rendered":"<p>1. Tema: Naftos separatorius2. Automobilis: Audi A1 A3 Q2 Q33. Variklis: 1,5 TFSi \/ TSi<\/p>\n","protected":false},"featured_media":52126,"comment_status":"open","ping_status":"closed","template":"","meta":[],"product_brand":[],"product_cat":[3905,3906,3927,3907,3902,392,186,144,3926,3903,3947,3942,3966,3943,3967,3945,3946,4172,4150,4151,4152,4147,4171,4148,397,398],"product_tag":[],"class_list":{"0":"post-56906","1":"product","2":"type-product","3":"status-publish","4":"has-post-thumbnail","6":"product_cat-audi-a3-8l","7":"product_cat-audi-a3-8p","8":"product_cat-audi-q3-8u","9":"product_cat-audi-a3-8v","10":"product_cat-audi-a1-8x","11":"product_cat-audi-a1","12":"product_cat-a3","13":"product_cat-audi","14":"product_cat-audi-q2-ga","15":"product_cat-audi-a1-gb","16":"product_cat-audi-a3-8v-isores-dalys","17":"product_cat-audi-a1-8x-isores-dalys","18":"product_cat-audi-q2-ga-isores-dalys","19":"product_cat-audi-a1-gb-isores-dalys","20":"product_cat-audi-q3-8u-isores-dalys","21":"product_cat-audi-a3-8l-isores-dalys","22":"product_cat-audi-a3-8p-isores-dalys","23":"product_cat-audi-q3-8u-isores-kitos-dalys","24":"product_cat-audi-a3-8l-isores-kitos-dalys","25":"product_cat-audi-a3-8p-isores-kitos-dalys","26":"product_cat-audi-a3-8v-isores-kitos-dalys","27":"product_cat-audi-a1-8x-isores-kitos-dalys","28":"product_cat-audi-q2-ga-isores-kitos-dalys","29":"product_cat-audi-a1-gb-isores-kitos-dalys","30":"product_cat-audi-q2","31":"product_cat-audi-q3","33":"first","34":"instock","35":"shipping-taxable","36":"purchasable","37":"product-type-simple"},"yoast_head":"<!-- This site is optimized with the Yoast SEO Premium plugin v25.2 (Yoast SEO v27.4) - https:\/\/yoast.com\/product\/yoast-seo-premium-wordpress\/ -->\n<title>Audi A1 A3 Q2 Q3 1.5 TFSi \/ TSi alyvos separatorius - Erformance.eu<\/title>\n<meta name=\"robots\" content=\"index, follow, max-snippet:-1, max-image-preview:large, max-video-preview:-1\" \/>\n<link rel=\"canonical\" href=\"https:\/\/erformance.eu\/lv\/produkts\/audi-a1-a3-q2-q3-1-5-tfsi-tsi-alyvos-separatorius\/\" \/>\n<meta property=\"og:locale\" content=\"lv_LV\" \/>\n<meta property=\"og:type\" content=\"article\" \/>\n<meta property=\"og:title\" content=\"Audi A1 A3 Q2 Q3 1.5 TFSi \/ TSi alyvos separatorius\" \/>\n<meta property=\"og:description\" content=\"1. Tema: Naftos separatorius2. Automobilis: Audi A1 A3 Q2 Q33. Variklis: 1,5 TFSi \/ TSi\" \/>\n<meta property=\"og:url\" content=\"https:\/\/erformance.eu\/lv\/produkts\/audi-a1-a3-q2-q3-1-5-tfsi-tsi-alyvos-separatorius\/\" \/>\n<meta property=\"og:site_name\" content=\"Erformance.eu\" \/>\n<meta property=\"article:modified_time\" content=\"2026-03-05T16:47:21+00:00\" \/>\n<meta property=\"og:image\" content=\"https:\/\/erformance.eu\/wp-content\/uploads\/2026\/02\/pol_pm_-Audi-A1-A3-Q2-Q3-1-5-TFSi-TSi-odma-separator-oleju-36962_1.png\" \/>\n\t<meta property=\"og:image:width\" content=\"1200\" \/>\n\t<meta property=\"og:image:height\" content=\"601\" \/>\n\t<meta property=\"og:image:type\" content=\"image\/png\" \/>\n<meta name=\"twitter:card\" content=\"summary_large_image\" \/>\n<meta name=\"twitter:label1\" content=\"Est. reading time\" \/>\n\t<meta name=\"twitter:data1\" content=\"2 min\u016btes\" \/>\n<script type=\"application\/ld+json\" class=\"yoast-schema-graph\">{\"@context\":\"https:\\\/\\\/schema.org\",\"@graph\":[{\"@type\":\"WebPage\",\"@id\":\"https:\\\/\\\/erformance.eu\\\/lv\\\/produkts\\\/audi-a1-a3-q2-q3-1-5-tfsi-tsi-alyvos-separatorius\\\/\",\"url\":\"https:\\\/\\\/erformance.eu\\\/lv\\\/produkts\\\/audi-a1-a3-q2-q3-1-5-tfsi-tsi-alyvos-separatorius\\\/\",\"name\":\"Audi A1 A3 Q2 Q3 1.5 TFSi \\\/ TSi alyvos separatorius - Erformance.eu\",\"isPartOf\":{\"@id\":\"https:\\\/\\\/erformance.eu\\\/lv\\\/#website\"},\"primaryImageOfPage\":{\"@id\":\"https:\\\/\\\/erformance.eu\\\/lv\\\/produkts\\\/audi-a1-a3-q2-q3-1-5-tfsi-tsi-alyvos-separatorius\\\/#primaryimage\"},\"image\":{\"@id\":\"https:\\\/\\\/erformance.eu\\\/lv\\\/produkts\\\/audi-a1-a3-q2-q3-1-5-tfsi-tsi-alyvos-separatorius\\\/#primaryimage\"},\"thumbnailUrl\":\"https:\\\/\\\/erformance.eu\\\/wp-content\\\/uploads\\\/2026\\\/02\\\/pol_pm_-Audi-A1-A3-Q2-Q3-1-5-TFSi-TSi-odma-separator-oleju-36962_1.png\",\"datePublished\":\"2026-02-16T11:23:12+00:00\",\"dateModified\":\"2026-03-05T16:47:21+00:00\",\"breadcrumb\":{\"@id\":\"https:\\\/\\\/erformance.eu\\\/lv\\\/produkts\\\/audi-a1-a3-q2-q3-1-5-tfsi-tsi-alyvos-separatorius\\\/#breadcrumb\"},\"inLanguage\":\"lv-LV\",\"potentialAction\":[{\"@type\":\"ReadAction\",\"target\":[\"https:\\\/\\\/erformance.eu\\\/lv\\\/produkts\\\/audi-a1-a3-q2-q3-1-5-tfsi-tsi-alyvos-separatorius\\\/\"]}]},{\"@type\":\"ImageObject\",\"inLanguage\":\"lv-LV\",\"@id\":\"https:\\\/\\\/erformance.eu\\\/lv\\\/produkts\\\/audi-a1-a3-q2-q3-1-5-tfsi-tsi-alyvos-separatorius\\\/#primaryimage\",\"url\":\"https:\\\/\\\/erformance.eu\\\/wp-content\\\/uploads\\\/2026\\\/02\\\/pol_pm_-Audi-A1-A3-Q2-Q3-1-5-TFSi-TSi-odma-separator-oleju-36962_1.png\",\"contentUrl\":\"https:\\\/\\\/erformance.eu\\\/wp-content\\\/uploads\\\/2026\\\/02\\\/pol_pm_-Audi-A1-A3-Q2-Q3-1-5-TFSi-TSi-odma-separator-oleju-36962_1.png\",\"width\":1200,\"height\":601},{\"@type\":\"BreadcrumbList\",\"@id\":\"https:\\\/\\\/erformance.eu\\\/lv\\\/produkts\\\/audi-a1-a3-q2-q3-1-5-tfsi-tsi-alyvos-separatorius\\\/#breadcrumb\",\"itemListElement\":[{\"@type\":\"ListItem\",\"position\":1,\"name\":\"Home\",\"item\":\"https:\\\/\\\/erformance.eu\\\/lv\\\/\"},{\"@type\":\"ListItem\",\"position\":2,\"name\":\"Veikals\",\"item\":\"https:\\\/\\\/erformance.eu\\\/lv\\\/veikals\\\/\"},{\"@type\":\"ListItem\",\"position\":3,\"name\":\"Audi A1 A3 Q2 Q3 1.5 TFSi \\\/ TSi alyvos separatorius\"}]},{\"@type\":\"WebSite\",\"@id\":\"https:\\\/\\\/erformance.eu\\\/lv\\\/#website\",\"url\":\"https:\\\/\\\/erformance.eu\\\/lv\\\/\",\"name\":\"Erformance.eu\",\"description\":\"Automobili\u0173 dali\u0173 parduotuv\u0117\",\"potentialAction\":[{\"@type\":\"SearchAction\",\"target\":{\"@type\":\"EntryPoint\",\"urlTemplate\":\"https:\\\/\\\/erformance.eu\\\/lv\\\/?s={search_term_string}\"},\"query-input\":{\"@type\":\"PropertyValueSpecification\",\"valueRequired\":true,\"valueName\":\"search_term_string\"}}],\"inLanguage\":\"lv-LV\"}]}<\/script>\n<!-- \/ Yoast SEO Premium plugin. -->","yoast_head_json":{"title":"Audi A1 A3 Q2 Q3 1.5 TFSi \/ TSi alyvos separatorius - Erformance.eu","robots":{"index":"index","follow":"follow","max-snippet":"max-snippet:-1","max-image-preview":"max-image-preview:large","max-video-preview":"max-video-preview:-1"},"canonical":"https:\/\/erformance.eu\/lv\/produkts\/audi-a1-a3-q2-q3-1-5-tfsi-tsi-alyvos-separatorius\/","og_locale":"lv_LV","og_type":"article","og_title":"Audi A1 A3 Q2 Q3 1.5 TFSi \/ TSi alyvos separatorius","og_description":"1. Tema: Naftos separatorius2. Automobilis: Audi A1 A3 Q2 Q33. Variklis: 1,5 TFSi \/ TSi","og_url":"https:\/\/erformance.eu\/lv\/produkts\/audi-a1-a3-q2-q3-1-5-tfsi-tsi-alyvos-separatorius\/","og_site_name":"Erformance.eu","article_modified_time":"2026-03-05T16:47:21+00:00","og_image":[{"width":1200,"height":601,"url":"https:\/\/erformance.eu\/wp-content\/uploads\/2026\/02\/pol_pm_-Audi-A1-A3-Q2-Q3-1-5-TFSi-TSi-odma-separator-oleju-36962_1.png","type":"image\/png"}],"twitter_card":"summary_large_image","twitter_misc":{"Est. reading time":"2 min\u016btes"},"schema":{"@context":"https:\/\/schema.org","@graph":[{"@type":"WebPage","@id":"https:\/\/erformance.eu\/lv\/produkts\/audi-a1-a3-q2-q3-1-5-tfsi-tsi-alyvos-separatorius\/","url":"https:\/\/erformance.eu\/lv\/produkts\/audi-a1-a3-q2-q3-1-5-tfsi-tsi-alyvos-separatorius\/","name":"Audi A1 A3 Q2 Q3 1.5 TFSi \/ TSi alyvos separatorius - Erformance.eu","isPartOf":{"@id":"https:\/\/erformance.eu\/lv\/#website"},"primaryImageOfPage":{"@id":"https:\/\/erformance.eu\/lv\/produkts\/audi-a1-a3-q2-q3-1-5-tfsi-tsi-alyvos-separatorius\/#primaryimage"},"image":{"@id":"https:\/\/erformance.eu\/lv\/produkts\/audi-a1-a3-q2-q3-1-5-tfsi-tsi-alyvos-separatorius\/#primaryimage"},"thumbnailUrl":"https:\/\/erformance.eu\/wp-content\/uploads\/2026\/02\/pol_pm_-Audi-A1-A3-Q2-Q3-1-5-TFSi-TSi-odma-separator-oleju-36962_1.png","datePublished":"2026-02-16T11:23:12+00:00","dateModified":"2026-03-05T16:47:21+00:00","breadcrumb":{"@id":"https:\/\/erformance.eu\/lv\/produkts\/audi-a1-a3-q2-q3-1-5-tfsi-tsi-alyvos-separatorius\/#breadcrumb"},"inLanguage":"lv-LV","potentialAction":[{"@type":"ReadAction","target":["https:\/\/erformance.eu\/lv\/produkts\/audi-a1-a3-q2-q3-1-5-tfsi-tsi-alyvos-separatorius\/"]}]},{"@type":"ImageObject","inLanguage":"lv-LV","@id":"https:\/\/erformance.eu\/lv\/produkts\/audi-a1-a3-q2-q3-1-5-tfsi-tsi-alyvos-separatorius\/#primaryimage","url":"https:\/\/erformance.eu\/wp-content\/uploads\/2026\/02\/pol_pm_-Audi-A1-A3-Q2-Q3-1-5-TFSi-TSi-odma-separator-oleju-36962_1.png","contentUrl":"https:\/\/erformance.eu\/wp-content\/uploads\/2026\/02\/pol_pm_-Audi-A1-A3-Q2-Q3-1-5-TFSi-TSi-odma-separator-oleju-36962_1.png","width":1200,"height":601},{"@type":"BreadcrumbList","@id":"https:\/\/erformance.eu\/lv\/produkts\/audi-a1-a3-q2-q3-1-5-tfsi-tsi-alyvos-separatorius\/#breadcrumb","itemListElement":[{"@type":"ListItem","position":1,"name":"Home","item":"https:\/\/erformance.eu\/lv\/"},{"@type":"ListItem","position":2,"name":"Veikals","item":"https:\/\/erformance.eu\/lv\/veikals\/"},{"@type":"ListItem","position":3,"name":"Audi A1 A3 Q2 Q3 1.5 TFSi \/ TSi alyvos separatorius"}]},{"@type":"WebSite","@id":"https:\/\/erformance.eu\/lv\/#website","url":"https:\/\/erformance.eu\/lv\/","name":"Erformance.eu","description":"Automobili\u0173 dali\u0173 parduotuv\u0117","potentialAction":[{"@type":"SearchAction","target":{"@type":"EntryPoint","urlTemplate":"https:\/\/erformance.eu\/lv\/?s={search_term_string}"},"query-input":{"@type":"PropertyValueSpecification","valueRequired":true,"valueName":"search_term_string"}}],"inLanguage":"lv-LV"}]}},"jetpack_sharing_enabled":true,"_links":{"self":[{"href":"https:\/\/erformance.eu\/lv\/wp-json\/wp\/v2\/product\/56906","targetHints":{"allow":["GET"]}}],"collection":[{"href":"https:\/\/erformance.eu\/lv\/wp-json\/wp\/v2\/product"}],"about":[{"href":"https:\/\/erformance.eu\/lv\/wp-json\/wp\/v2\/types\/product"}],"replies":[{"embeddable":true,"href":"https:\/\/erformance.eu\/lv\/wp-json\/wp\/v2\/comments?post=56906"}],"version-history":[{"count":1,"href":"https:\/\/erformance.eu\/lv\/wp-json\/wp\/v2\/product\/56906\/revisions"}],"predecessor-version":[{"id":56907,"href":"https:\/\/erformance.eu\/lv\/wp-json\/wp\/v2\/product\/56906\/revisions\/56907"}],"wp:featuredmedia":[{"embeddable":true,"href":"https:\/\/erformance.eu\/lv\/wp-json\/wp\/v2\/media\/52126"}],"wp:attachment":[{"href":"https:\/\/erformance.eu\/lv\/wp-json\/wp\/v2\/media?parent=56906"}],"wp:term":[{"taxonomy":"product_brand","embeddable":true,"href":"https:\/\/erformance.eu\/lv\/wp-json\/wp\/v2\/product_brand?post=56906"},{"taxonomy":"product_cat","embeddable":true,"href":"https:\/\/erformance.eu\/lv\/wp-json\/wp\/v2\/product_cat?post=56906"},{"taxonomy":"product_tag","embeddable":true,"href":"https:\/\/erformance.eu\/lv\/wp-json\/wp\/v2\/product_tag?post=56906"}],"curies":[{"name":"wp","href":"https:\/\/api.w.org\/{rel}","templated":true}]}}