{"id":56916,"date":"2026-02-16T14:23:19","date_gmt":"2026-02-16T11:23:19","guid":{"rendered":"https:\/\/erformance.eu\/?post_type=product&#038;p=56916"},"modified":"2026-03-26T01:38:00","modified_gmt":"2026-03-25T22:38:00","slug":"audi-q5-8r-08-12-su-halogeninemis-grotelemis-bamperyje-desineje","status":"publish","type":"product","link":"https:\/\/erformance.eu\/lv\/produkts\/audi-q5-8r-08-12-su-halogeninemis-grotelemis-bamperyje-desineje\/","title":{"rendered":"Audi Q5 8R 08-12 SU HALOGENIN\u0116MIS GROTEL\u0116MIS bamperyje de\u0161in\u0117je"},"content":{"rendered":"<p>Prek\u0117: priekinio bamperio grotel\u0117s<br \/>\nPus\u0117: De\u0161in\u0117 (keleivio pus\u0117)<br \/>\nOE numeris: 8R0807682A<br \/>\nPASTABA: auk\u0161\u010diau pateikti numeriai yra original\u016bs dali\u0173 numeriai, kuriuos \u0161is pasi\u016blymas pakei\u010dia. Prie\u0161 pirkdami, palyginkite juos su originaliu dalies numeriu. Jei jie skiriasi net vienu simboliu, dalis netiks, neveiks arba veiks netinkamai. Tokiu atveju jos nepirkite.<br \/>\nAutomobilis:<br \/>\n\u201eAudi Q5 8R\u201c, gamybos metai: 2008\u20132012<\/p>\n<p>Q5 (8RB) 2.0 TDI (CJCA) 1968ccm 143KM\/105kW 2010\/11-<br \/>\nQ5 (8RB) 2.0 TDI (CJCB CSUB) 1968ccm 136KM\/100kW 2010\/11-<br \/>\nQ5 (8RB) 2.0 TDI quattro (CAGA CJCA) 1968 cm\u00b3 143 KM\/105 kW (2009-08)<br \/>\nQ5 (8RB) 2.0 TDI quattro (CAHA CGLB CMGA) 1968 cm\u00b3 170 km\/125 kW (2008-11)<br \/>\nQ5 (8RB) 2.0 TFSI hibridinis quattro (CHJA) 1984 cm\u00b3, 211 km\/155 kW (2011-06)<br \/>\nQ5 (8RB) 2.0 TFSI quattro (CAEB CDNC CPMA) 1984 cm\u00b3, 211 km\/155 kW (2008-11)<br \/>\nQ5 (8RB) 2.0 TFSI quattro (CDNB CNCB) 1984ccm 180KM\/132kW 2009\/08-<br \/>\nQ5 (8RB) 3.0 TDI quattro (CCWA CPNB) 2967ccm 240KM\/176kW 2008\/11-<br \/>\nQ5 (8RB) 3.2 FSI quattro (CALB) 3197ccm 270KM\/199kW 2008\/11-<\/p>\n<p>Spalva: juoda<br \/>\nGamintojas: pakaitalas<br \/>\nTechnin\u0117 b\u016bkl\u0117: prek\u0117 yra visi\u0161kai nauja, nenaudota, nepa\u017eeista ir nesugadinta<br \/>\nPASTABA: Jame yra skyl\u0117 halogeninei lempai.<\/p>\n","protected":false},"excerpt":{"rendered":"<p>1. Prek\u0117: buferio grotel\u0117s2. Pus\u0117: de\u0161in\u01173. Gamintojas: pakeitimas4. Automobilis: Audi Q5 8R5. Pagaminimo metai: 2008\u20132012<\/p>\n","protected":false},"featured_media":52180,"comment_status":"open","ping_status":"closed","template":"","meta":[],"product_brand":[],"product_cat":[3928,144,4095,4134,3968,399,4290],"product_tag":[],"class_list":{"0":"post-56916","1":"product","2":"type-product","3":"status-publish","4":"has-post-thumbnail","6":"product_cat-audi-q5-8r","7":"product_cat-audi","8":"product_cat-audi-q5-8r-bamperiai-ju-dalys","9":"product_cat-audi-q5-8r-isores-groteles","10":"product_cat-audi-q5-8r-isores-dalys","11":"product_cat-audi-q5","12":"product_cat-audi-q5-8r-zibintai-apsvietimas","14":"first","15":"instock","16":"shipping-taxable","17":"purchasable","18":"product-type-simple"},"yoast_head":"<!-- This site is optimized with the Yoast SEO Premium plugin v25.2 (Yoast SEO v27.5) - https:\/\/yoast.com\/product\/yoast-seo-premium-wordpress\/ -->\n<title>Audi Q5 8R 08-12 SU HALOGENIN\u0116MIS GROTEL\u0116MIS bamperyje de\u0161in\u0117je - Erformance.eu<\/title>\n<meta name=\"robots\" content=\"index, follow, max-snippet:-1, max-image-preview:large, max-video-preview:-1\" \/>\n<link rel=\"canonical\" href=\"https:\/\/erformance.eu\/lv\/produkts\/audi-q5-8r-08-12-su-halogeninemis-grotelemis-bamperyje-desineje\/\" \/>\n<meta property=\"og:locale\" content=\"lv_LV\" \/>\n<meta property=\"og:type\" content=\"article\" \/>\n<meta property=\"og:title\" content=\"Audi Q5 8R 08-12 SU HALOGENIN\u0116MIS GROTEL\u0116MIS bamperyje de\u0161in\u0117je\" \/>\n<meta property=\"og:description\" content=\"1. Prek\u0117: buferio grotel\u0117s2. Pus\u0117: de\u0161in\u01173. Gamintojas: pakeitimas4. Automobilis: Audi Q5 8R5. Pagaminimo metai: 2008\u20132012\" \/>\n<meta property=\"og:url\" content=\"https:\/\/erformance.eu\/lv\/produkts\/audi-q5-8r-08-12-su-halogeninemis-grotelemis-bamperyje-desineje\/\" \/>\n<meta property=\"og:site_name\" content=\"Erformance.eu\" \/>\n<meta property=\"article:modified_time\" content=\"2026-03-25T22:38:00+00:00\" \/>\n<meta property=\"og:image\" content=\"https:\/\/erformance.eu\/wp-content\/uploads\/2026\/02\/pol_pm_Audi-Q5-8R-08-12-Z-HALOGENAMI-atrapka-kratka-w-zderzak-prawa-20368_1.jpg\" \/>\n\t<meta property=\"og:image:width\" content=\"1200\" \/>\n\t<meta property=\"og:image:height\" content=\"900\" \/>\n\t<meta property=\"og:image:type\" content=\"image\/jpeg\" \/>\n<meta name=\"twitter:card\" content=\"summary_large_image\" \/>\n<meta name=\"twitter:label1\" content=\"Est. reading time\" \/>\n\t<meta name=\"twitter:data1\" content=\"1 min\u016b\u0161u\" \/>\n<script type=\"application\/ld+json\" class=\"yoast-schema-graph\">{\"@context\":\"https:\\\/\\\/schema.org\",\"@graph\":[{\"@type\":\"WebPage\",\"@id\":\"https:\\\/\\\/erformance.eu\\\/lv\\\/produkts\\\/audi-q5-8r-08-12-su-halogeninemis-grotelemis-bamperyje-desineje\\\/\",\"url\":\"https:\\\/\\\/erformance.eu\\\/lv\\\/produkts\\\/audi-q5-8r-08-12-su-halogeninemis-grotelemis-bamperyje-desineje\\\/\",\"name\":\"Audi Q5 8R 08-12 SU HALOGENIN\u0116MIS GROTEL\u0116MIS bamperyje de\u0161in\u0117je - Erformance.eu\",\"isPartOf\":{\"@id\":\"https:\\\/\\\/erformance.eu\\\/lv\\\/#website\"},\"primaryImageOfPage\":{\"@id\":\"https:\\\/\\\/erformance.eu\\\/lv\\\/produkts\\\/audi-q5-8r-08-12-su-halogeninemis-grotelemis-bamperyje-desineje\\\/#primaryimage\"},\"image\":{\"@id\":\"https:\\\/\\\/erformance.eu\\\/lv\\\/produkts\\\/audi-q5-8r-08-12-su-halogeninemis-grotelemis-bamperyje-desineje\\\/#primaryimage\"},\"thumbnailUrl\":\"https:\\\/\\\/erformance.eu\\\/wp-content\\\/uploads\\\/2026\\\/02\\\/pol_pm_Audi-Q5-8R-08-12-Z-HALOGENAMI-atrapka-kratka-w-zderzak-prawa-20368_1.jpg\",\"datePublished\":\"2026-02-16T11:23:19+00:00\",\"dateModified\":\"2026-03-25T22:38:00+00:00\",\"breadcrumb\":{\"@id\":\"https:\\\/\\\/erformance.eu\\\/lv\\\/produkts\\\/audi-q5-8r-08-12-su-halogeninemis-grotelemis-bamperyje-desineje\\\/#breadcrumb\"},\"inLanguage\":\"lv-LV\",\"potentialAction\":[{\"@type\":\"ReadAction\",\"target\":[\"https:\\\/\\\/erformance.eu\\\/lv\\\/produkts\\\/audi-q5-8r-08-12-su-halogeninemis-grotelemis-bamperyje-desineje\\\/\"]}]},{\"@type\":\"ImageObject\",\"inLanguage\":\"lv-LV\",\"@id\":\"https:\\\/\\\/erformance.eu\\\/lv\\\/produkts\\\/audi-q5-8r-08-12-su-halogeninemis-grotelemis-bamperyje-desineje\\\/#primaryimage\",\"url\":\"https:\\\/\\\/erformance.eu\\\/wp-content\\\/uploads\\\/2026\\\/02\\\/pol_pm_Audi-Q5-8R-08-12-Z-HALOGENAMI-atrapka-kratka-w-zderzak-prawa-20368_1.jpg\",\"contentUrl\":\"https:\\\/\\\/erformance.eu\\\/wp-content\\\/uploads\\\/2026\\\/02\\\/pol_pm_Audi-Q5-8R-08-12-Z-HALOGENAMI-atrapka-kratka-w-zderzak-prawa-20368_1.jpg\",\"width\":1200,\"height\":900},{\"@type\":\"BreadcrumbList\",\"@id\":\"https:\\\/\\\/erformance.eu\\\/lv\\\/produkts\\\/audi-q5-8r-08-12-su-halogeninemis-grotelemis-bamperyje-desineje\\\/#breadcrumb\",\"itemListElement\":[{\"@type\":\"ListItem\",\"position\":1,\"name\":\"Home\",\"item\":\"https:\\\/\\\/erformance.eu\\\/lv\\\/\"},{\"@type\":\"ListItem\",\"position\":2,\"name\":\"Veikals\",\"item\":\"https:\\\/\\\/erformance.eu\\\/lv\\\/veikals\\\/\"},{\"@type\":\"ListItem\",\"position\":3,\"name\":\"Audi Q5 8R 08-12 SU HALOGENIN\u0116MIS GROTEL\u0116MIS bamperyje de\u0161in\u0117je\"}]},{\"@type\":\"WebSite\",\"@id\":\"https:\\\/\\\/erformance.eu\\\/lv\\\/#website\",\"url\":\"https:\\\/\\\/erformance.eu\\\/lv\\\/\",\"name\":\"Erformance.eu\",\"description\":\"Automobili\u0173 dali\u0173 parduotuv\u0117\",\"potentialAction\":[{\"@type\":\"SearchAction\",\"target\":{\"@type\":\"EntryPoint\",\"urlTemplate\":\"https:\\\/\\\/erformance.eu\\\/lv\\\/?s={search_term_string}\"},\"query-input\":{\"@type\":\"PropertyValueSpecification\",\"valueRequired\":true,\"valueName\":\"search_term_string\"}}],\"inLanguage\":\"lv-LV\"}]}<\/script>\n<!-- \/ Yoast SEO Premium plugin. -->","yoast_head_json":{"title":"Audi Q5 8R 08-12 SU HALOGENIN\u0116MIS GROTEL\u0116MIS bamperyje de\u0161in\u0117je - Erformance.eu","robots":{"index":"index","follow":"follow","max-snippet":"max-snippet:-1","max-image-preview":"max-image-preview:large","max-video-preview":"max-video-preview:-1"},"canonical":"https:\/\/erformance.eu\/lv\/produkts\/audi-q5-8r-08-12-su-halogeninemis-grotelemis-bamperyje-desineje\/","og_locale":"lv_LV","og_type":"article","og_title":"Audi Q5 8R 08-12 SU HALOGENIN\u0116MIS GROTEL\u0116MIS bamperyje de\u0161in\u0117je","og_description":"1. Prek\u0117: buferio grotel\u0117s2. Pus\u0117: de\u0161in\u01173. Gamintojas: pakeitimas4. Automobilis: Audi Q5 8R5. Pagaminimo metai: 2008\u20132012","og_url":"https:\/\/erformance.eu\/lv\/produkts\/audi-q5-8r-08-12-su-halogeninemis-grotelemis-bamperyje-desineje\/","og_site_name":"Erformance.eu","article_modified_time":"2026-03-25T22:38:00+00:00","og_image":[{"width":1200,"height":900,"url":"https:\/\/erformance.eu\/wp-content\/uploads\/2026\/02\/pol_pm_Audi-Q5-8R-08-12-Z-HALOGENAMI-atrapka-kratka-w-zderzak-prawa-20368_1.jpg","type":"image\/jpeg"}],"twitter_card":"summary_large_image","twitter_misc":{"Est. reading time":"1 min\u016b\u0161u"},"schema":{"@context":"https:\/\/schema.org","@graph":[{"@type":"WebPage","@id":"https:\/\/erformance.eu\/lv\/produkts\/audi-q5-8r-08-12-su-halogeninemis-grotelemis-bamperyje-desineje\/","url":"https:\/\/erformance.eu\/lv\/produkts\/audi-q5-8r-08-12-su-halogeninemis-grotelemis-bamperyje-desineje\/","name":"Audi Q5 8R 08-12 SU HALOGENIN\u0116MIS GROTEL\u0116MIS bamperyje de\u0161in\u0117je - Erformance.eu","isPartOf":{"@id":"https:\/\/erformance.eu\/lv\/#website"},"primaryImageOfPage":{"@id":"https:\/\/erformance.eu\/lv\/produkts\/audi-q5-8r-08-12-su-halogeninemis-grotelemis-bamperyje-desineje\/#primaryimage"},"image":{"@id":"https:\/\/erformance.eu\/lv\/produkts\/audi-q5-8r-08-12-su-halogeninemis-grotelemis-bamperyje-desineje\/#primaryimage"},"thumbnailUrl":"https:\/\/erformance.eu\/wp-content\/uploads\/2026\/02\/pol_pm_Audi-Q5-8R-08-12-Z-HALOGENAMI-atrapka-kratka-w-zderzak-prawa-20368_1.jpg","datePublished":"2026-02-16T11:23:19+00:00","dateModified":"2026-03-25T22:38:00+00:00","breadcrumb":{"@id":"https:\/\/erformance.eu\/lv\/produkts\/audi-q5-8r-08-12-su-halogeninemis-grotelemis-bamperyje-desineje\/#breadcrumb"},"inLanguage":"lv-LV","potentialAction":[{"@type":"ReadAction","target":["https:\/\/erformance.eu\/lv\/produkts\/audi-q5-8r-08-12-su-halogeninemis-grotelemis-bamperyje-desineje\/"]}]},{"@type":"ImageObject","inLanguage":"lv-LV","@id":"https:\/\/erformance.eu\/lv\/produkts\/audi-q5-8r-08-12-su-halogeninemis-grotelemis-bamperyje-desineje\/#primaryimage","url":"https:\/\/erformance.eu\/wp-content\/uploads\/2026\/02\/pol_pm_Audi-Q5-8R-08-12-Z-HALOGENAMI-atrapka-kratka-w-zderzak-prawa-20368_1.jpg","contentUrl":"https:\/\/erformance.eu\/wp-content\/uploads\/2026\/02\/pol_pm_Audi-Q5-8R-08-12-Z-HALOGENAMI-atrapka-kratka-w-zderzak-prawa-20368_1.jpg","width":1200,"height":900},{"@type":"BreadcrumbList","@id":"https:\/\/erformance.eu\/lv\/produkts\/audi-q5-8r-08-12-su-halogeninemis-grotelemis-bamperyje-desineje\/#breadcrumb","itemListElement":[{"@type":"ListItem","position":1,"name":"Home","item":"https:\/\/erformance.eu\/lv\/"},{"@type":"ListItem","position":2,"name":"Veikals","item":"https:\/\/erformance.eu\/lv\/veikals\/"},{"@type":"ListItem","position":3,"name":"Audi Q5 8R 08-12 SU HALOGENIN\u0116MIS GROTEL\u0116MIS bamperyje de\u0161in\u0117je"}]},{"@type":"WebSite","@id":"https:\/\/erformance.eu\/lv\/#website","url":"https:\/\/erformance.eu\/lv\/","name":"Erformance.eu","description":"Automobili\u0173 dali\u0173 parduotuv\u0117","potentialAction":[{"@type":"SearchAction","target":{"@type":"EntryPoint","urlTemplate":"https:\/\/erformance.eu\/lv\/?s={search_term_string}"},"query-input":{"@type":"PropertyValueSpecification","valueRequired":true,"valueName":"search_term_string"}}],"inLanguage":"lv-LV"}]}},"jetpack_sharing_enabled":true,"_links":{"self":[{"href":"https:\/\/erformance.eu\/lv\/wp-json\/wp\/v2\/product\/56916","targetHints":{"allow":["GET"]}}],"collection":[{"href":"https:\/\/erformance.eu\/lv\/wp-json\/wp\/v2\/product"}],"about":[{"href":"https:\/\/erformance.eu\/lv\/wp-json\/wp\/v2\/types\/product"}],"replies":[{"embeddable":true,"href":"https:\/\/erformance.eu\/lv\/wp-json\/wp\/v2\/comments?post=56916"}],"version-history":[{"count":1,"href":"https:\/\/erformance.eu\/lv\/wp-json\/wp\/v2\/product\/56916\/revisions"}],"predecessor-version":[{"id":56917,"href":"https:\/\/erformance.eu\/lv\/wp-json\/wp\/v2\/product\/56916\/revisions\/56917"}],"wp:featuredmedia":[{"embeddable":true,"href":"https:\/\/erformance.eu\/lv\/wp-json\/wp\/v2\/media\/52180"}],"wp:attachment":[{"href":"https:\/\/erformance.eu\/lv\/wp-json\/wp\/v2\/media?parent=56916"}],"wp:term":[{"taxonomy":"product_brand","embeddable":true,"href":"https:\/\/erformance.eu\/lv\/wp-json\/wp\/v2\/product_brand?post=56916"},{"taxonomy":"product_cat","embeddable":true,"href":"https:\/\/erformance.eu\/lv\/wp-json\/wp\/v2\/product_cat?post=56916"},{"taxonomy":"product_tag","embeddable":true,"href":"https:\/\/erformance.eu\/lv\/wp-json\/wp\/v2\/product_tag?post=56916"}],"curies":[{"name":"wp","href":"https:\/\/api.w.org\/{rel}","templated":true}]}}