{"id":56954,"date":"2026-02-16T14:23:42","date_gmt":"2026-02-16T11:23:42","guid":{"rendered":"https:\/\/erformance.eu\/?post_type=product&#038;p=56954"},"modified":"2026-03-12T14:13:12","modified_gmt":"2026-03-12T11:13:12","slug":"audi-a5-5f-2017-galinio-bagazines-dangcio-spyna","status":"publish","type":"product","link":"https:\/\/erformance.eu\/lv\/produkts\/audi-a5-5f-2017-galinio-bagazines-dangcio-spyna\/","title":{"rendered":"Audi A5 5F 2017- galinio baga\u017ein\u0117s dang\u010dio spyna"},"content":{"rendered":"<p>Prek\u0117: Galinio baga\u017ein\u0117s dang\u010dio u\u017eraktas<br \/>\nOE numeris: 4M0827506D<br \/>\nPASTABA: auk\u0161\u010diau pateikti numeriai yra original\u016bs dali\u0173 numeriai, kuriuos \u0161is pasi\u016blymas pakei\u010dia. Prie\u0161 pirkdami, palyginkite juos su originaliu dalies numeriu. Jei jie skiriasi net vienu simboliu, dalis netiks, neveiks arba veiks netinkamai. Tokiu atveju jos nepirkite.<br \/>\nAutomobilis:<\/p>\n<p>\u201eAudi A4 B9\u201c, modeliai, pagaminti nuo 2016 m.<br \/>\n\u201eAudi A5 5F\u201c, modeliai, pagaminti nuo 2017 m.<br \/>\n\u201eAudi A8 D5\u201c, modeliai, pagaminti nuo 2018 m.<br \/>\n\u201eAudi Q2 GA\u201c, modeliai, pagaminti nuo 2017 m.<br \/>\n\u201eAudi Q7 4M\u201c, modeliai, pagaminti nuo 2016 m.<br \/>\n\u201eAudi Q8 4M\u201c, modeliai, pagaminti nuo 2019 m.<br \/>\n\u201eAudi E-Tron\u201c, modeliai, pagaminti nuo 2019 m.<br \/>\n\u201eAudi RS4\u201c, modeliai, pagaminti nuo 2018 m.<br \/>\n\u201eAudi RS5\u201c, modeliai, pagaminti nuo 2018 m.<br \/>\n\u201eSkoda Kamiq\u201c, modeliai, pagaminti nuo 2019 m.<br \/>\nSkoda Kodiaq, modeliai gaminami nuo 2017 m<br \/>\n\u201eSkoda Scala\u201c, modeliai, pagaminti nuo 2019 m.<br \/>\n\u201eSkoda Superb\u201c, modeliai, pagaminti nuo 2015 m.<\/p>\n<p>Gamintojas: pakaitalas<br \/>\nTechnin\u0117 b\u016bkl\u0117: prek\u0117 yra visi\u0161kai nauja, nenaudota, nepa\u017eeista ir nesugadinta<\/p>\n","protected":false},"excerpt":{"rendered":"<p>1. Prek\u0117: Galinio baga\u017ein\u0117s dang\u010dio u\u017eraktas2. Gamintojas: pakeitimas3. Automobilis:* Audi A4 B9 2016-* Audi A5 5F 2017-* Audi A8 D5 2018-* Audi Q2 GA 2017-* Audi Q7 4M 2016-* Audi Q8 4M 2019-* \u201eAudi E-Tron\u201c 2019\u2013* Audi RS4 2018-* Audi RS5 2018-<\/p>\n","protected":false},"featured_media":52336,"comment_status":"open","ping_status":"closed","template":"","meta":[],"product_brand":[],"product_cat":[391,144,3914,3954,4159,4354],"product_tag":[],"class_list":{"0":"post-56954","1":"product","2":"type-product","3":"status-publish","4":"has-post-thumbnail","6":"product_cat-audi-a5","7":"product_cat-audi","8":"product_cat-audi-a5-b9-f5","9":"product_cat-audi-a5-b9-f5-isores-dalys","10":"product_cat-audi-a5-b9-f5-isores-kitos-dalys","11":"product_cat-audi-a5-b9-f5-mechanizmai-valytuvai","13":"first","14":"instock","15":"shipping-taxable","16":"purchasable","17":"product-type-simple"},"yoast_head":"<!-- This site is optimized with the Yoast SEO Premium plugin v25.2 (Yoast SEO v27.3) - https:\/\/yoast.com\/product\/yoast-seo-premium-wordpress\/ -->\n<title>Audi A5 5F 2017- galinio baga\u017ein\u0117s dang\u010dio spyna - Erformance.eu<\/title>\n<meta name=\"robots\" content=\"index, follow, max-snippet:-1, max-image-preview:large, max-video-preview:-1\" \/>\n<link rel=\"canonical\" href=\"https:\/\/erformance.eu\/lv\/produkts\/audi-a5-5f-2017-galinio-bagazines-dangcio-spyna\/\" \/>\n<meta property=\"og:locale\" content=\"lv_LV\" \/>\n<meta property=\"og:type\" content=\"article\" \/>\n<meta property=\"og:title\" content=\"Audi A5 5F 2017- galinio baga\u017ein\u0117s dang\u010dio spyna\" \/>\n<meta property=\"og:description\" content=\"1. Prek\u0117: Galinio baga\u017ein\u0117s dang\u010dio u\u017eraktas2. Gamintojas: pakeitimas3. Automobilis:* Audi A4 B9 2016-* Audi A5 5F 2017-* Audi A8 D5 2018-* Audi Q2 GA 2017-* Audi Q7 4M 2016-* Audi Q8 4M 2019-* \u201eAudi E-Tron\u201c 2019\u2013* Audi RS4 2018-* Audi RS5 2018-\" \/>\n<meta property=\"og:url\" content=\"https:\/\/erformance.eu\/lv\/produkts\/audi-a5-5f-2017-galinio-bagazines-dangcio-spyna\/\" \/>\n<meta property=\"og:site_name\" content=\"Erformance.eu\" \/>\n<meta property=\"article:modified_time\" content=\"2026-03-12T11:13:12+00:00\" \/>\n<meta property=\"og:image\" content=\"https:\/\/erformance.eu\/wp-content\/uploads\/2026\/02\/pol_pm_Audi-A5-5F-2017-zamek-tylnej-klapy-bagaznika-31924_1.jpg\" \/>\n\t<meta property=\"og:image:width\" content=\"1200\" \/>\n\t<meta property=\"og:image:height\" content=\"1200\" \/>\n\t<meta property=\"og:image:type\" content=\"image\/jpeg\" \/>\n<meta name=\"twitter:card\" content=\"summary_large_image\" \/>\n<meta name=\"twitter:label1\" content=\"Est. reading time\" \/>\n\t<meta name=\"twitter:data1\" content=\"1 min\u016b\u0161u\" \/>\n<script type=\"application\/ld+json\" class=\"yoast-schema-graph\">{\"@context\":\"https:\\\/\\\/schema.org\",\"@graph\":[{\"@type\":\"WebPage\",\"@id\":\"https:\\\/\\\/erformance.eu\\\/lv\\\/produkts\\\/audi-a5-5f-2017-galinio-bagazines-dangcio-spyna\\\/\",\"url\":\"https:\\\/\\\/erformance.eu\\\/lv\\\/produkts\\\/audi-a5-5f-2017-galinio-bagazines-dangcio-spyna\\\/\",\"name\":\"Audi A5 5F 2017- galinio baga\u017ein\u0117s dang\u010dio spyna - Erformance.eu\",\"isPartOf\":{\"@id\":\"https:\\\/\\\/erformance.eu\\\/lv\\\/#website\"},\"primaryImageOfPage\":{\"@id\":\"https:\\\/\\\/erformance.eu\\\/lv\\\/produkts\\\/audi-a5-5f-2017-galinio-bagazines-dangcio-spyna\\\/#primaryimage\"},\"image\":{\"@id\":\"https:\\\/\\\/erformance.eu\\\/lv\\\/produkts\\\/audi-a5-5f-2017-galinio-bagazines-dangcio-spyna\\\/#primaryimage\"},\"thumbnailUrl\":\"https:\\\/\\\/erformance.eu\\\/wp-content\\\/uploads\\\/2026\\\/02\\\/pol_pm_Audi-A5-5F-2017-zamek-tylnej-klapy-bagaznika-31924_1.jpg\",\"datePublished\":\"2026-02-16T11:23:42+00:00\",\"dateModified\":\"2026-03-12T11:13:12+00:00\",\"breadcrumb\":{\"@id\":\"https:\\\/\\\/erformance.eu\\\/lv\\\/produkts\\\/audi-a5-5f-2017-galinio-bagazines-dangcio-spyna\\\/#breadcrumb\"},\"inLanguage\":\"lv-LV\",\"potentialAction\":[{\"@type\":\"ReadAction\",\"target\":[\"https:\\\/\\\/erformance.eu\\\/lv\\\/produkts\\\/audi-a5-5f-2017-galinio-bagazines-dangcio-spyna\\\/\"]}]},{\"@type\":\"ImageObject\",\"inLanguage\":\"lv-LV\",\"@id\":\"https:\\\/\\\/erformance.eu\\\/lv\\\/produkts\\\/audi-a5-5f-2017-galinio-bagazines-dangcio-spyna\\\/#primaryimage\",\"url\":\"https:\\\/\\\/erformance.eu\\\/wp-content\\\/uploads\\\/2026\\\/02\\\/pol_pm_Audi-A5-5F-2017-zamek-tylnej-klapy-bagaznika-31924_1.jpg\",\"contentUrl\":\"https:\\\/\\\/erformance.eu\\\/wp-content\\\/uploads\\\/2026\\\/02\\\/pol_pm_Audi-A5-5F-2017-zamek-tylnej-klapy-bagaznika-31924_1.jpg\",\"width\":1200,\"height\":1200},{\"@type\":\"BreadcrumbList\",\"@id\":\"https:\\\/\\\/erformance.eu\\\/lv\\\/produkts\\\/audi-a5-5f-2017-galinio-bagazines-dangcio-spyna\\\/#breadcrumb\",\"itemListElement\":[{\"@type\":\"ListItem\",\"position\":1,\"name\":\"Home\",\"item\":\"https:\\\/\\\/erformance.eu\\\/lv\\\/\"},{\"@type\":\"ListItem\",\"position\":2,\"name\":\"Veikals\",\"item\":\"https:\\\/\\\/erformance.eu\\\/lv\\\/veikals\\\/\"},{\"@type\":\"ListItem\",\"position\":3,\"name\":\"Audi A5 5F 2017- galinio baga\u017ein\u0117s dang\u010dio spyna\"}]},{\"@type\":\"WebSite\",\"@id\":\"https:\\\/\\\/erformance.eu\\\/lv\\\/#website\",\"url\":\"https:\\\/\\\/erformance.eu\\\/lv\\\/\",\"name\":\"Erformance.eu\",\"description\":\"Automobili\u0173 dali\u0173 parduotuv\u0117\",\"potentialAction\":[{\"@type\":\"SearchAction\",\"target\":{\"@type\":\"EntryPoint\",\"urlTemplate\":\"https:\\\/\\\/erformance.eu\\\/lv\\\/?s={search_term_string}\"},\"query-input\":{\"@type\":\"PropertyValueSpecification\",\"valueRequired\":true,\"valueName\":\"search_term_string\"}}],\"inLanguage\":\"lv-LV\"}]}<\/script>\n<!-- \/ Yoast SEO Premium plugin. -->","yoast_head_json":{"title":"Audi A5 5F 2017- galinio baga\u017ein\u0117s dang\u010dio spyna - Erformance.eu","robots":{"index":"index","follow":"follow","max-snippet":"max-snippet:-1","max-image-preview":"max-image-preview:large","max-video-preview":"max-video-preview:-1"},"canonical":"https:\/\/erformance.eu\/lv\/produkts\/audi-a5-5f-2017-galinio-bagazines-dangcio-spyna\/","og_locale":"lv_LV","og_type":"article","og_title":"Audi A5 5F 2017- galinio baga\u017ein\u0117s dang\u010dio spyna","og_description":"1. Prek\u0117: Galinio baga\u017ein\u0117s dang\u010dio u\u017eraktas2. Gamintojas: pakeitimas3. Automobilis:* Audi A4 B9 2016-* Audi A5 5F 2017-* Audi A8 D5 2018-* Audi Q2 GA 2017-* Audi Q7 4M 2016-* Audi Q8 4M 2019-* \u201eAudi E-Tron\u201c 2019\u2013* Audi RS4 2018-* Audi RS5 2018-","og_url":"https:\/\/erformance.eu\/lv\/produkts\/audi-a5-5f-2017-galinio-bagazines-dangcio-spyna\/","og_site_name":"Erformance.eu","article_modified_time":"2026-03-12T11:13:12+00:00","og_image":[{"width":1200,"height":1200,"url":"https:\/\/erformance.eu\/wp-content\/uploads\/2026\/02\/pol_pm_Audi-A5-5F-2017-zamek-tylnej-klapy-bagaznika-31924_1.jpg","type":"image\/jpeg"}],"twitter_card":"summary_large_image","twitter_misc":{"Est. reading time":"1 min\u016b\u0161u"},"schema":{"@context":"https:\/\/schema.org","@graph":[{"@type":"WebPage","@id":"https:\/\/erformance.eu\/lv\/produkts\/audi-a5-5f-2017-galinio-bagazines-dangcio-spyna\/","url":"https:\/\/erformance.eu\/lv\/produkts\/audi-a5-5f-2017-galinio-bagazines-dangcio-spyna\/","name":"Audi A5 5F 2017- galinio baga\u017ein\u0117s dang\u010dio spyna - Erformance.eu","isPartOf":{"@id":"https:\/\/erformance.eu\/lv\/#website"},"primaryImageOfPage":{"@id":"https:\/\/erformance.eu\/lv\/produkts\/audi-a5-5f-2017-galinio-bagazines-dangcio-spyna\/#primaryimage"},"image":{"@id":"https:\/\/erformance.eu\/lv\/produkts\/audi-a5-5f-2017-galinio-bagazines-dangcio-spyna\/#primaryimage"},"thumbnailUrl":"https:\/\/erformance.eu\/wp-content\/uploads\/2026\/02\/pol_pm_Audi-A5-5F-2017-zamek-tylnej-klapy-bagaznika-31924_1.jpg","datePublished":"2026-02-16T11:23:42+00:00","dateModified":"2026-03-12T11:13:12+00:00","breadcrumb":{"@id":"https:\/\/erformance.eu\/lv\/produkts\/audi-a5-5f-2017-galinio-bagazines-dangcio-spyna\/#breadcrumb"},"inLanguage":"lv-LV","potentialAction":[{"@type":"ReadAction","target":["https:\/\/erformance.eu\/lv\/produkts\/audi-a5-5f-2017-galinio-bagazines-dangcio-spyna\/"]}]},{"@type":"ImageObject","inLanguage":"lv-LV","@id":"https:\/\/erformance.eu\/lv\/produkts\/audi-a5-5f-2017-galinio-bagazines-dangcio-spyna\/#primaryimage","url":"https:\/\/erformance.eu\/wp-content\/uploads\/2026\/02\/pol_pm_Audi-A5-5F-2017-zamek-tylnej-klapy-bagaznika-31924_1.jpg","contentUrl":"https:\/\/erformance.eu\/wp-content\/uploads\/2026\/02\/pol_pm_Audi-A5-5F-2017-zamek-tylnej-klapy-bagaznika-31924_1.jpg","width":1200,"height":1200},{"@type":"BreadcrumbList","@id":"https:\/\/erformance.eu\/lv\/produkts\/audi-a5-5f-2017-galinio-bagazines-dangcio-spyna\/#breadcrumb","itemListElement":[{"@type":"ListItem","position":1,"name":"Home","item":"https:\/\/erformance.eu\/lv\/"},{"@type":"ListItem","position":2,"name":"Veikals","item":"https:\/\/erformance.eu\/lv\/veikals\/"},{"@type":"ListItem","position":3,"name":"Audi A5 5F 2017- galinio baga\u017ein\u0117s dang\u010dio spyna"}]},{"@type":"WebSite","@id":"https:\/\/erformance.eu\/lv\/#website","url":"https:\/\/erformance.eu\/lv\/","name":"Erformance.eu","description":"Automobili\u0173 dali\u0173 parduotuv\u0117","potentialAction":[{"@type":"SearchAction","target":{"@type":"EntryPoint","urlTemplate":"https:\/\/erformance.eu\/lv\/?s={search_term_string}"},"query-input":{"@type":"PropertyValueSpecification","valueRequired":true,"valueName":"search_term_string"}}],"inLanguage":"lv-LV"}]}},"jetpack_sharing_enabled":true,"_links":{"self":[{"href":"https:\/\/erformance.eu\/lv\/wp-json\/wp\/v2\/product\/56954","targetHints":{"allow":["GET"]}}],"collection":[{"href":"https:\/\/erformance.eu\/lv\/wp-json\/wp\/v2\/product"}],"about":[{"href":"https:\/\/erformance.eu\/lv\/wp-json\/wp\/v2\/types\/product"}],"replies":[{"embeddable":true,"href":"https:\/\/erformance.eu\/lv\/wp-json\/wp\/v2\/comments?post=56954"}],"version-history":[{"count":1,"href":"https:\/\/erformance.eu\/lv\/wp-json\/wp\/v2\/product\/56954\/revisions"}],"predecessor-version":[{"id":56955,"href":"https:\/\/erformance.eu\/lv\/wp-json\/wp\/v2\/product\/56954\/revisions\/56955"}],"wp:featuredmedia":[{"embeddable":true,"href":"https:\/\/erformance.eu\/lv\/wp-json\/wp\/v2\/media\/52336"}],"wp:attachment":[{"href":"https:\/\/erformance.eu\/lv\/wp-json\/wp\/v2\/media?parent=56954"}],"wp:term":[{"taxonomy":"product_brand","embeddable":true,"href":"https:\/\/erformance.eu\/lv\/wp-json\/wp\/v2\/product_brand?post=56954"},{"taxonomy":"product_cat","embeddable":true,"href":"https:\/\/erformance.eu\/lv\/wp-json\/wp\/v2\/product_cat?post=56954"},{"taxonomy":"product_tag","embeddable":true,"href":"https:\/\/erformance.eu\/lv\/wp-json\/wp\/v2\/product_tag?post=56954"}],"curies":[{"name":"wp","href":"https:\/\/api.w.org\/{rel}","templated":true}]}}