{"id":57026,"date":"2026-02-16T14:24:28","date_gmt":"2026-02-16T11:24:28","guid":{"rendered":"https:\/\/erformance.eu\/?post_type=product&#038;p=57026"},"modified":"2026-03-25T23:09:11","modified_gmt":"2026-03-25T20:09:11","slug":"audi-a8-d3-04-09-led-soniniu-posukiu-zibintu-komplektas-smoked-dynamic","status":"publish","type":"product","link":"https:\/\/erformance.eu\/lv\/produkts\/audi-a8-d3-04-09-led-soniniu-posukiu-zibintu-komplektas-smoked-dynamic\/","title":{"rendered":"Audi A8 D3 04-09 LED \u0161onini\u0173 pos\u016bki\u0173 \u017eibint\u0173 komplektas SMOKED DYNAMIC"},"content":{"rendered":"<p>Prek\u0117: 1 pora (2 vnt.) DYNAMIC LED \u0161onini\u0173 pos\u016bki\u0173 signal\u0173 (plaukiojantys pos\u016bki\u0173 signalai)<br \/>\n\u0160onas: 1 vnt. kair\u0117je + 1 vnt. de\u0161in\u0117je<br \/>\nOriginalus numeris: 8E0949127<br \/>\nPASTABA: auk\u0161\u010diau pateikti numeriai yra original\u016bs dali\u0173 numeriai, kuriuos \u0161is pasi\u016blymas pakei\u010dia. Prie\u0161 pirkdami, palyginkite juos su originaliu dalies numeriu. Jei jie skiriasi net vienu simboliu, dalis netiks, neveiks arba veiks netinkamai. Tokiu atveju jos nepirkite.<br \/>\nAutomobilis:<\/p>\n<p>\u201eAudi A3 S3 8P\u201c, pagaminimo metai: 2003\u20132008<br \/>\nAudi A4 S4 RS4 B6, gamybos metai: 2000-2004<br \/>\nAudi A4 S4 RS4 B7, gamybos metai: 2004-2009<br \/>\n\u201eAudi A6 S6 RS6 C5\u201c, gamybos metai: 2000\u20132005<br \/>\n\u201eAudi A6 S6 RS6 C6\u201c, pagaminimo metai: 2004\u20132011<br \/>\n\u201eAudi A8 D3\u201c, gamybos metai: 2004\u20132009<br \/>\n\u201eAudi TT 8J Roadster\u201c, pagaminimo metai: 2007\u20132011<\/p>\n<p>Lemput\u0117: \u0161viesos diodai (\u012fmontuoti \u012f pos\u016bkio \u017eibint\u0105)<br \/>\n\u0160viestuvo gaubto spalva: d\u016bmin\u0117 juoda<br \/>\nLED spalva: oran\u017ein\u0117<br \/>\nHomologacija: turi<br \/>\nAtsparumas vandeniui: IP67<br \/>\nGamintojas: pakaitalas<br \/>\nTechnin\u0117 b\u016bkl\u0117: prek\u0117 yra visi\u0161kai nauja, nenaudota, nepa\u017eeista ir nesugadinta<br \/>\nPastaba! LED pos\u016bkio signalo ki\u0161tukas turi b\u016bti \u012fjungtas \u012f lemput\u0117s lizd\u0105 (vietoj i\u0161imtos lemput\u0117s) \u2013 NE\u0160IMKITE lemput\u0117s lizdo!<br \/>\nPastaba: CAN magistral\u0117s sistema \u2013 n\u0117ra klaid\u0173 prane\u0161im\u0173 apie perdegusi\u0105 lemput\u0119<\/p>\n","protected":false},"excerpt":{"rendered":"<p>1. Prek\u0117: 1 pora (2 vnt.) dinamini\u0173 LED \u0161onini\u0173 pos\u016bkio signal\u01732. \u0160onin\u0117 pus\u0117: kair\u0117 + de\u0161in\u01173. Automobilis:* Audi A3 8P 03-08* Audi A4 B6 00-04* Audi A4 B7 04-09* Audi A6 C5 00-05* Audi A6 C6 04\u201311* Audi A8 D3 04\u201309* Audi TT 8J 07-11<\/p>\n","protected":false},"featured_media":52696,"comment_status":"open","ping_status":"closed","template":"","meta":[],"product_brand":[],"product_cat":[396,144,3923,3963,4285],"product_tag":[],"class_list":{"0":"post-57026","1":"product","2":"type-product","3":"status-publish","4":"has-post-thumbnail","6":"product_cat-audi-a8","7":"product_cat-audi","8":"product_cat-audi-a8-d3","9":"product_cat-audi-a8-d3-isores-dalys","10":"product_cat-audi-a8-d3-zibintai-apsvietimas","12":"first","13":"instock","14":"shipping-taxable","15":"purchasable","16":"product-type-simple"},"yoast_head":"<!-- This site is optimized with the Yoast SEO Premium plugin v25.2 (Yoast SEO v27.3) - https:\/\/yoast.com\/product\/yoast-seo-premium-wordpress\/ -->\n<title>Audi A8 D3 04-09 LED \u0161onini\u0173 pos\u016bki\u0173 \u017eibint\u0173 komplektas SMOKED DYNAMIC - Erformance.eu<\/title>\n<meta name=\"robots\" content=\"index, follow, max-snippet:-1, max-image-preview:large, max-video-preview:-1\" \/>\n<link rel=\"canonical\" href=\"https:\/\/erformance.eu\/lv\/produkts\/audi-a8-d3-04-09-led-soniniu-posukiu-zibintu-komplektas-smoked-dynamic\/\" \/>\n<meta property=\"og:locale\" content=\"lv_LV\" \/>\n<meta property=\"og:type\" content=\"article\" \/>\n<meta property=\"og:title\" content=\"Audi A8 D3 04-09 LED \u0161onini\u0173 pos\u016bki\u0173 \u017eibint\u0173 komplektas SMOKED DYNAMIC\" \/>\n<meta property=\"og:description\" content=\"1. Prek\u0117: 1 pora (2 vnt.) dinamini\u0173 LED \u0161onini\u0173 pos\u016bkio signal\u01732. \u0160onin\u0117 pus\u0117: kair\u0117 + de\u0161in\u01173. Automobilis:* Audi A3 8P 03-08* Audi A4 B6 00-04* Audi A4 B7 04-09* Audi A6 C5 00-05* Audi A6 C6 04\u201311* Audi A8 D3 04\u201309* Audi TT 8J 07-11\" \/>\n<meta property=\"og:url\" content=\"https:\/\/erformance.eu\/lv\/produkts\/audi-a8-d3-04-09-led-soniniu-posukiu-zibintu-komplektas-smoked-dynamic\/\" \/>\n<meta property=\"og:site_name\" content=\"Erformance.eu\" \/>\n<meta property=\"article:modified_time\" content=\"2026-03-25T20:09:11+00:00\" \/>\n<meta property=\"og:image\" content=\"https:\/\/erformance.eu\/wp-content\/uploads\/2026\/02\/pol_pm_Audi-A8-D3-04-09-kierunkowskaz-boczny-LED-DYMIONY-DYNAMICZNY-2-szt-KPL-23424_1.jpg\" \/>\n\t<meta property=\"og:image:width\" content=\"1200\" \/>\n\t<meta property=\"og:image:height\" content=\"900\" \/>\n\t<meta property=\"og:image:type\" content=\"image\/jpeg\" \/>\n<meta name=\"twitter:card\" content=\"summary_large_image\" \/>\n<meta name=\"twitter:label1\" content=\"Est. reading time\" \/>\n\t<meta name=\"twitter:data1\" content=\"1 min\u016b\u0161u\" \/>\n<script type=\"application\/ld+json\" class=\"yoast-schema-graph\">{\"@context\":\"https:\\\/\\\/schema.org\",\"@graph\":[{\"@type\":\"WebPage\",\"@id\":\"https:\\\/\\\/erformance.eu\\\/lv\\\/produkts\\\/audi-a8-d3-04-09-led-soniniu-posukiu-zibintu-komplektas-smoked-dynamic\\\/\",\"url\":\"https:\\\/\\\/erformance.eu\\\/lv\\\/produkts\\\/audi-a8-d3-04-09-led-soniniu-posukiu-zibintu-komplektas-smoked-dynamic\\\/\",\"name\":\"Audi A8 D3 04-09 LED \u0161onini\u0173 pos\u016bki\u0173 \u017eibint\u0173 komplektas SMOKED DYNAMIC - Erformance.eu\",\"isPartOf\":{\"@id\":\"https:\\\/\\\/erformance.eu\\\/lv\\\/#website\"},\"primaryImageOfPage\":{\"@id\":\"https:\\\/\\\/erformance.eu\\\/lv\\\/produkts\\\/audi-a8-d3-04-09-led-soniniu-posukiu-zibintu-komplektas-smoked-dynamic\\\/#primaryimage\"},\"image\":{\"@id\":\"https:\\\/\\\/erformance.eu\\\/lv\\\/produkts\\\/audi-a8-d3-04-09-led-soniniu-posukiu-zibintu-komplektas-smoked-dynamic\\\/#primaryimage\"},\"thumbnailUrl\":\"https:\\\/\\\/erformance.eu\\\/wp-content\\\/uploads\\\/2026\\\/02\\\/pol_pm_Audi-A8-D3-04-09-kierunkowskaz-boczny-LED-DYMIONY-DYNAMICZNY-2-szt-KPL-23424_1.jpg\",\"datePublished\":\"2026-02-16T11:24:28+00:00\",\"dateModified\":\"2026-03-25T20:09:11+00:00\",\"breadcrumb\":{\"@id\":\"https:\\\/\\\/erformance.eu\\\/lv\\\/produkts\\\/audi-a8-d3-04-09-led-soniniu-posukiu-zibintu-komplektas-smoked-dynamic\\\/#breadcrumb\"},\"inLanguage\":\"lv-LV\",\"potentialAction\":[{\"@type\":\"ReadAction\",\"target\":[\"https:\\\/\\\/erformance.eu\\\/lv\\\/produkts\\\/audi-a8-d3-04-09-led-soniniu-posukiu-zibintu-komplektas-smoked-dynamic\\\/\"]}]},{\"@type\":\"ImageObject\",\"inLanguage\":\"lv-LV\",\"@id\":\"https:\\\/\\\/erformance.eu\\\/lv\\\/produkts\\\/audi-a8-d3-04-09-led-soniniu-posukiu-zibintu-komplektas-smoked-dynamic\\\/#primaryimage\",\"url\":\"https:\\\/\\\/erformance.eu\\\/wp-content\\\/uploads\\\/2026\\\/02\\\/pol_pm_Audi-A8-D3-04-09-kierunkowskaz-boczny-LED-DYMIONY-DYNAMICZNY-2-szt-KPL-23424_1.jpg\",\"contentUrl\":\"https:\\\/\\\/erformance.eu\\\/wp-content\\\/uploads\\\/2026\\\/02\\\/pol_pm_Audi-A8-D3-04-09-kierunkowskaz-boczny-LED-DYMIONY-DYNAMICZNY-2-szt-KPL-23424_1.jpg\",\"width\":1200,\"height\":900},{\"@type\":\"BreadcrumbList\",\"@id\":\"https:\\\/\\\/erformance.eu\\\/lv\\\/produkts\\\/audi-a8-d3-04-09-led-soniniu-posukiu-zibintu-komplektas-smoked-dynamic\\\/#breadcrumb\",\"itemListElement\":[{\"@type\":\"ListItem\",\"position\":1,\"name\":\"Home\",\"item\":\"https:\\\/\\\/erformance.eu\\\/lv\\\/\"},{\"@type\":\"ListItem\",\"position\":2,\"name\":\"Veikals\",\"item\":\"https:\\\/\\\/erformance.eu\\\/lv\\\/veikals\\\/\"},{\"@type\":\"ListItem\",\"position\":3,\"name\":\"Audi A8 D3 04-09 LED \u0161onini\u0173 pos\u016bki\u0173 \u017eibint\u0173 komplektas SMOKED DYNAMIC\"}]},{\"@type\":\"WebSite\",\"@id\":\"https:\\\/\\\/erformance.eu\\\/lv\\\/#website\",\"url\":\"https:\\\/\\\/erformance.eu\\\/lv\\\/\",\"name\":\"Erformance.eu\",\"description\":\"Automobili\u0173 dali\u0173 parduotuv\u0117\",\"potentialAction\":[{\"@type\":\"SearchAction\",\"target\":{\"@type\":\"EntryPoint\",\"urlTemplate\":\"https:\\\/\\\/erformance.eu\\\/lv\\\/?s={search_term_string}\"},\"query-input\":{\"@type\":\"PropertyValueSpecification\",\"valueRequired\":true,\"valueName\":\"search_term_string\"}}],\"inLanguage\":\"lv-LV\"}]}<\/script>\n<!-- \/ Yoast SEO Premium plugin. -->","yoast_head_json":{"title":"Audi A8 D3 04-09 LED \u0161onini\u0173 pos\u016bki\u0173 \u017eibint\u0173 komplektas SMOKED DYNAMIC - Erformance.eu","robots":{"index":"index","follow":"follow","max-snippet":"max-snippet:-1","max-image-preview":"max-image-preview:large","max-video-preview":"max-video-preview:-1"},"canonical":"https:\/\/erformance.eu\/lv\/produkts\/audi-a8-d3-04-09-led-soniniu-posukiu-zibintu-komplektas-smoked-dynamic\/","og_locale":"lv_LV","og_type":"article","og_title":"Audi A8 D3 04-09 LED \u0161onini\u0173 pos\u016bki\u0173 \u017eibint\u0173 komplektas SMOKED DYNAMIC","og_description":"1. Prek\u0117: 1 pora (2 vnt.) dinamini\u0173 LED \u0161onini\u0173 pos\u016bkio signal\u01732. \u0160onin\u0117 pus\u0117: kair\u0117 + de\u0161in\u01173. Automobilis:* Audi A3 8P 03-08* Audi A4 B6 00-04* Audi A4 B7 04-09* Audi A6 C5 00-05* Audi A6 C6 04\u201311* Audi A8 D3 04\u201309* Audi TT 8J 07-11","og_url":"https:\/\/erformance.eu\/lv\/produkts\/audi-a8-d3-04-09-led-soniniu-posukiu-zibintu-komplektas-smoked-dynamic\/","og_site_name":"Erformance.eu","article_modified_time":"2026-03-25T20:09:11+00:00","og_image":[{"width":1200,"height":900,"url":"https:\/\/erformance.eu\/wp-content\/uploads\/2026\/02\/pol_pm_Audi-A8-D3-04-09-kierunkowskaz-boczny-LED-DYMIONY-DYNAMICZNY-2-szt-KPL-23424_1.jpg","type":"image\/jpeg"}],"twitter_card":"summary_large_image","twitter_misc":{"Est. reading time":"1 min\u016b\u0161u"},"schema":{"@context":"https:\/\/schema.org","@graph":[{"@type":"WebPage","@id":"https:\/\/erformance.eu\/lv\/produkts\/audi-a8-d3-04-09-led-soniniu-posukiu-zibintu-komplektas-smoked-dynamic\/","url":"https:\/\/erformance.eu\/lv\/produkts\/audi-a8-d3-04-09-led-soniniu-posukiu-zibintu-komplektas-smoked-dynamic\/","name":"Audi A8 D3 04-09 LED \u0161onini\u0173 pos\u016bki\u0173 \u017eibint\u0173 komplektas SMOKED DYNAMIC - Erformance.eu","isPartOf":{"@id":"https:\/\/erformance.eu\/lv\/#website"},"primaryImageOfPage":{"@id":"https:\/\/erformance.eu\/lv\/produkts\/audi-a8-d3-04-09-led-soniniu-posukiu-zibintu-komplektas-smoked-dynamic\/#primaryimage"},"image":{"@id":"https:\/\/erformance.eu\/lv\/produkts\/audi-a8-d3-04-09-led-soniniu-posukiu-zibintu-komplektas-smoked-dynamic\/#primaryimage"},"thumbnailUrl":"https:\/\/erformance.eu\/wp-content\/uploads\/2026\/02\/pol_pm_Audi-A8-D3-04-09-kierunkowskaz-boczny-LED-DYMIONY-DYNAMICZNY-2-szt-KPL-23424_1.jpg","datePublished":"2026-02-16T11:24:28+00:00","dateModified":"2026-03-25T20:09:11+00:00","breadcrumb":{"@id":"https:\/\/erformance.eu\/lv\/produkts\/audi-a8-d3-04-09-led-soniniu-posukiu-zibintu-komplektas-smoked-dynamic\/#breadcrumb"},"inLanguage":"lv-LV","potentialAction":[{"@type":"ReadAction","target":["https:\/\/erformance.eu\/lv\/produkts\/audi-a8-d3-04-09-led-soniniu-posukiu-zibintu-komplektas-smoked-dynamic\/"]}]},{"@type":"ImageObject","inLanguage":"lv-LV","@id":"https:\/\/erformance.eu\/lv\/produkts\/audi-a8-d3-04-09-led-soniniu-posukiu-zibintu-komplektas-smoked-dynamic\/#primaryimage","url":"https:\/\/erformance.eu\/wp-content\/uploads\/2026\/02\/pol_pm_Audi-A8-D3-04-09-kierunkowskaz-boczny-LED-DYMIONY-DYNAMICZNY-2-szt-KPL-23424_1.jpg","contentUrl":"https:\/\/erformance.eu\/wp-content\/uploads\/2026\/02\/pol_pm_Audi-A8-D3-04-09-kierunkowskaz-boczny-LED-DYMIONY-DYNAMICZNY-2-szt-KPL-23424_1.jpg","width":1200,"height":900},{"@type":"BreadcrumbList","@id":"https:\/\/erformance.eu\/lv\/produkts\/audi-a8-d3-04-09-led-soniniu-posukiu-zibintu-komplektas-smoked-dynamic\/#breadcrumb","itemListElement":[{"@type":"ListItem","position":1,"name":"Home","item":"https:\/\/erformance.eu\/lv\/"},{"@type":"ListItem","position":2,"name":"Veikals","item":"https:\/\/erformance.eu\/lv\/veikals\/"},{"@type":"ListItem","position":3,"name":"Audi A8 D3 04-09 LED \u0161onini\u0173 pos\u016bki\u0173 \u017eibint\u0173 komplektas SMOKED DYNAMIC"}]},{"@type":"WebSite","@id":"https:\/\/erformance.eu\/lv\/#website","url":"https:\/\/erformance.eu\/lv\/","name":"Erformance.eu","description":"Automobili\u0173 dali\u0173 parduotuv\u0117","potentialAction":[{"@type":"SearchAction","target":{"@type":"EntryPoint","urlTemplate":"https:\/\/erformance.eu\/lv\/?s={search_term_string}"},"query-input":{"@type":"PropertyValueSpecification","valueRequired":true,"valueName":"search_term_string"}}],"inLanguage":"lv-LV"}]}},"jetpack_sharing_enabled":true,"_links":{"self":[{"href":"https:\/\/erformance.eu\/lv\/wp-json\/wp\/v2\/product\/57026","targetHints":{"allow":["GET"]}}],"collection":[{"href":"https:\/\/erformance.eu\/lv\/wp-json\/wp\/v2\/product"}],"about":[{"href":"https:\/\/erformance.eu\/lv\/wp-json\/wp\/v2\/types\/product"}],"replies":[{"embeddable":true,"href":"https:\/\/erformance.eu\/lv\/wp-json\/wp\/v2\/comments?post=57026"}],"version-history":[{"count":1,"href":"https:\/\/erformance.eu\/lv\/wp-json\/wp\/v2\/product\/57026\/revisions"}],"predecessor-version":[{"id":57027,"href":"https:\/\/erformance.eu\/lv\/wp-json\/wp\/v2\/product\/57026\/revisions\/57027"}],"wp:featuredmedia":[{"embeddable":true,"href":"https:\/\/erformance.eu\/lv\/wp-json\/wp\/v2\/media\/52696"}],"wp:attachment":[{"href":"https:\/\/erformance.eu\/lv\/wp-json\/wp\/v2\/media?parent=57026"}],"wp:term":[{"taxonomy":"product_brand","embeddable":true,"href":"https:\/\/erformance.eu\/lv\/wp-json\/wp\/v2\/product_brand?post=57026"},{"taxonomy":"product_cat","embeddable":true,"href":"https:\/\/erformance.eu\/lv\/wp-json\/wp\/v2\/product_cat?post=57026"},{"taxonomy":"product_tag","embeddable":true,"href":"https:\/\/erformance.eu\/lv\/wp-json\/wp\/v2\/product_tag?post=57026"}],"curies":[{"name":"wp","href":"https:\/\/api.w.org\/{rel}","templated":true}]}}