{"id":57094,"date":"2026-02-16T14:25:08","date_gmt":"2026-02-16T11:25:08","guid":{"rendered":"https:\/\/erformance.eu\/?post_type=product&#038;p=57094"},"modified":"2026-03-12T18:58:03","modified_gmt":"2026-03-12T15:58:03","slug":"audi-a4-b8-09-14-variklio-dangcio-spyna-2","status":"publish","type":"product","link":"https:\/\/erformance.eu\/lv\/produkts\/audi-a4-b8-09-14-variklio-dangcio-spyna-2\/","title":{"rendered":"Audi A4 B8 09-14 variklio dang\u010dio spyna"},"content":{"rendered":"<p>Prek\u0117: Variklio dang\u010dio u\u017eraktas<br \/>\nOE numeris: 8K0823509F<br \/>\nPASTABA: auk\u0161\u010diau pateikti numeriai yra original\u016bs dali\u0173 numeriai, kuriuos \u0161is pasi\u016blymas pakei\u010dia. Prie\u0161 pirkdami, palyginkite juos su originaliu dalies numeriu. Jei jie skiriasi net vienu simboliu, dalis netiks, neveiks arba veiks netinkamai. Tokiu atveju jos nepirkite.<br \/>\nAutomobilis:<\/p>\n<p>\u201eAudi A4 B8\u201c, gamybos metai: 2009\u20132014<br \/>\n\u201eAudi A4 B8 Allroad\u201c, pagaminimo metai: 2013\u20132014<br \/>\n\u201eAudi A5\u201c, gamybos metai: 2010\u20132014<br \/>\n\u201eAudi Q5\u201c, gamybos metai: 2009\u20132014<br \/>\n\u201eAudi R8\u201c, modeliai, pagaminti nuo 2012 m.<br \/>\n\u201eAudi RS5\u201c, gamybos metai: 2013\u20132014<br \/>\n\u201eAudi S4 B8\u201c, gamybos metai: 2010\u20132014<br \/>\n\u201eAudi S5\u201c, gamybos metai: 2008\u20132014<\/p>\n<p>Gamintojas: pakaitalas<br \/>\nTechnin\u0117 b\u016bkl\u0117: prek\u0117 yra visi\u0161kai nauja, nenaudota, nepa\u017eeista ir nesugadinta<\/p>\n","protected":false},"excerpt":{"rendered":"<p>1. Prek\u0117: Variklio gaubto u\u017eraktas2. Gamintojas: pakeitimas3. Automobilis:   * Audi A4 B8 09-14   * Audi A4 B8 Allroad 13-14   * Audi A5 10-14   * Audi Q5 2009\u20132014 m.   * Audi R8 2012-   * Audi RS5 13-14   * Audi S4 B8 10-14   * Audi S5 08\u201314<\/p>\n","protected":false},"featured_media":53003,"comment_status":"open","ping_status":"closed","template":"","meta":[],"product_brand":[],"product_cat":[390,144,3911,3951,4156],"product_tag":[],"class_list":{"0":"post-57094","1":"product","2":"type-product","3":"status-publish","4":"has-post-thumbnail","6":"product_cat-audi-a4","7":"product_cat-audi","8":"product_cat-audi-a4-b8","9":"product_cat-audi-a4-b8-isores-dalys","10":"product_cat-audi-a4-b8-isores-kitos-dalys","12":"first","13":"instock","14":"shipping-taxable","15":"purchasable","16":"product-type-simple"},"yoast_head":"<!-- This site is optimized with the Yoast SEO Premium plugin v25.2 (Yoast SEO v27.4) - https:\/\/yoast.com\/product\/yoast-seo-premium-wordpress\/ -->\n<title>Audi A4 B8 09-14 variklio dang\u010dio spyna - Erformance.eu<\/title>\n<meta name=\"robots\" content=\"index, follow, max-snippet:-1, max-image-preview:large, max-video-preview:-1\" \/>\n<link rel=\"canonical\" href=\"https:\/\/erformance.eu\/lv\/produkts\/audi-a4-b8-09-14-variklio-dangcio-spyna-2\/\" \/>\n<meta property=\"og:locale\" content=\"lv_LV\" \/>\n<meta property=\"og:type\" content=\"article\" \/>\n<meta property=\"og:title\" content=\"Audi A4 B8 09-14 variklio dang\u010dio spyna\" \/>\n<meta property=\"og:description\" content=\"1. Prek\u0117: Variklio gaubto u\u017eraktas2. Gamintojas: pakeitimas3. Automobilis:  * Audi A4 B8 09-14  * Audi A4 B8 Allroad 13-14  * Audi A5 10-14  * Audi Q5 2009\u20132014 m.  * Audi R8 2012-  * Audi RS5 13-14  * Audi S4 B8 10-14  * Audi S5 08\u201314\" \/>\n<meta property=\"og:url\" content=\"https:\/\/erformance.eu\/lv\/produkts\/audi-a4-b8-09-14-variklio-dangcio-spyna-2\/\" \/>\n<meta property=\"og:site_name\" content=\"Erformance.eu\" \/>\n<meta property=\"article:modified_time\" content=\"2026-03-12T15:58:03+00:00\" \/>\n<meta property=\"og:image\" content=\"https:\/\/erformance.eu\/wp-content\/uploads\/2026\/02\/pol_pm_Audi-A4-B8-09-14-zamek-maski-pokrywy-silnika-25266_1.jpg\" \/>\n\t<meta property=\"og:image:width\" content=\"1200\" \/>\n\t<meta property=\"og:image:height\" content=\"900\" \/>\n\t<meta property=\"og:image:type\" content=\"image\/jpeg\" \/>\n<meta name=\"twitter:card\" content=\"summary_large_image\" \/>\n<meta name=\"twitter:label1\" content=\"Est. reading time\" \/>\n\t<meta name=\"twitter:data1\" content=\"1 min\u016b\u0161u\" \/>\n<script type=\"application\/ld+json\" class=\"yoast-schema-graph\">{\"@context\":\"https:\\\/\\\/schema.org\",\"@graph\":[{\"@type\":\"WebPage\",\"@id\":\"https:\\\/\\\/erformance.eu\\\/lv\\\/produkts\\\/audi-a4-b8-09-14-variklio-dangcio-spyna-2\\\/\",\"url\":\"https:\\\/\\\/erformance.eu\\\/lv\\\/produkts\\\/audi-a4-b8-09-14-variklio-dangcio-spyna-2\\\/\",\"name\":\"Audi A4 B8 09-14 variklio dang\u010dio spyna - Erformance.eu\",\"isPartOf\":{\"@id\":\"https:\\\/\\\/erformance.eu\\\/lv\\\/#website\"},\"primaryImageOfPage\":{\"@id\":\"https:\\\/\\\/erformance.eu\\\/lv\\\/produkts\\\/audi-a4-b8-09-14-variklio-dangcio-spyna-2\\\/#primaryimage\"},\"image\":{\"@id\":\"https:\\\/\\\/erformance.eu\\\/lv\\\/produkts\\\/audi-a4-b8-09-14-variklio-dangcio-spyna-2\\\/#primaryimage\"},\"thumbnailUrl\":\"https:\\\/\\\/erformance.eu\\\/wp-content\\\/uploads\\\/2026\\\/02\\\/pol_pm_Audi-A4-B8-09-14-zamek-maski-pokrywy-silnika-25266_1.jpg\",\"datePublished\":\"2026-02-16T11:25:08+00:00\",\"dateModified\":\"2026-03-12T15:58:03+00:00\",\"breadcrumb\":{\"@id\":\"https:\\\/\\\/erformance.eu\\\/lv\\\/produkts\\\/audi-a4-b8-09-14-variklio-dangcio-spyna-2\\\/#breadcrumb\"},\"inLanguage\":\"lv-LV\",\"potentialAction\":[{\"@type\":\"ReadAction\",\"target\":[\"https:\\\/\\\/erformance.eu\\\/lv\\\/produkts\\\/audi-a4-b8-09-14-variklio-dangcio-spyna-2\\\/\"]}]},{\"@type\":\"ImageObject\",\"inLanguage\":\"lv-LV\",\"@id\":\"https:\\\/\\\/erformance.eu\\\/lv\\\/produkts\\\/audi-a4-b8-09-14-variklio-dangcio-spyna-2\\\/#primaryimage\",\"url\":\"https:\\\/\\\/erformance.eu\\\/wp-content\\\/uploads\\\/2026\\\/02\\\/pol_pm_Audi-A4-B8-09-14-zamek-maski-pokrywy-silnika-25266_1.jpg\",\"contentUrl\":\"https:\\\/\\\/erformance.eu\\\/wp-content\\\/uploads\\\/2026\\\/02\\\/pol_pm_Audi-A4-B8-09-14-zamek-maski-pokrywy-silnika-25266_1.jpg\",\"width\":1200,\"height\":900},{\"@type\":\"BreadcrumbList\",\"@id\":\"https:\\\/\\\/erformance.eu\\\/lv\\\/produkts\\\/audi-a4-b8-09-14-variklio-dangcio-spyna-2\\\/#breadcrumb\",\"itemListElement\":[{\"@type\":\"ListItem\",\"position\":1,\"name\":\"Home\",\"item\":\"https:\\\/\\\/erformance.eu\\\/lv\\\/\"},{\"@type\":\"ListItem\",\"position\":2,\"name\":\"Veikals\",\"item\":\"https:\\\/\\\/erformance.eu\\\/lv\\\/veikals\\\/\"},{\"@type\":\"ListItem\",\"position\":3,\"name\":\"Audi A4 B8 09-14 variklio dang\u010dio spyna\"}]},{\"@type\":\"WebSite\",\"@id\":\"https:\\\/\\\/erformance.eu\\\/lv\\\/#website\",\"url\":\"https:\\\/\\\/erformance.eu\\\/lv\\\/\",\"name\":\"Erformance.eu\",\"description\":\"Automobili\u0173 dali\u0173 parduotuv\u0117\",\"potentialAction\":[{\"@type\":\"SearchAction\",\"target\":{\"@type\":\"EntryPoint\",\"urlTemplate\":\"https:\\\/\\\/erformance.eu\\\/lv\\\/?s={search_term_string}\"},\"query-input\":{\"@type\":\"PropertyValueSpecification\",\"valueRequired\":true,\"valueName\":\"search_term_string\"}}],\"inLanguage\":\"lv-LV\"}]}<\/script>\n<!-- \/ Yoast SEO Premium plugin. -->","yoast_head_json":{"title":"Audi A4 B8 09-14 variklio dang\u010dio spyna - Erformance.eu","robots":{"index":"index","follow":"follow","max-snippet":"max-snippet:-1","max-image-preview":"max-image-preview:large","max-video-preview":"max-video-preview:-1"},"canonical":"https:\/\/erformance.eu\/lv\/produkts\/audi-a4-b8-09-14-variklio-dangcio-spyna-2\/","og_locale":"lv_LV","og_type":"article","og_title":"Audi A4 B8 09-14 variklio dang\u010dio spyna","og_description":"1. Prek\u0117: Variklio gaubto u\u017eraktas2. Gamintojas: pakeitimas3. Automobilis:  * Audi A4 B8 09-14  * Audi A4 B8 Allroad 13-14  * Audi A5 10-14  * Audi Q5 2009\u20132014 m.  * Audi R8 2012-  * Audi RS5 13-14  * Audi S4 B8 10-14  * Audi S5 08\u201314","og_url":"https:\/\/erformance.eu\/lv\/produkts\/audi-a4-b8-09-14-variklio-dangcio-spyna-2\/","og_site_name":"Erformance.eu","article_modified_time":"2026-03-12T15:58:03+00:00","og_image":[{"width":1200,"height":900,"url":"https:\/\/erformance.eu\/wp-content\/uploads\/2026\/02\/pol_pm_Audi-A4-B8-09-14-zamek-maski-pokrywy-silnika-25266_1.jpg","type":"image\/jpeg"}],"twitter_card":"summary_large_image","twitter_misc":{"Est. reading time":"1 min\u016b\u0161u"},"schema":{"@context":"https:\/\/schema.org","@graph":[{"@type":"WebPage","@id":"https:\/\/erformance.eu\/lv\/produkts\/audi-a4-b8-09-14-variklio-dangcio-spyna-2\/","url":"https:\/\/erformance.eu\/lv\/produkts\/audi-a4-b8-09-14-variklio-dangcio-spyna-2\/","name":"Audi A4 B8 09-14 variklio dang\u010dio spyna - Erformance.eu","isPartOf":{"@id":"https:\/\/erformance.eu\/lv\/#website"},"primaryImageOfPage":{"@id":"https:\/\/erformance.eu\/lv\/produkts\/audi-a4-b8-09-14-variklio-dangcio-spyna-2\/#primaryimage"},"image":{"@id":"https:\/\/erformance.eu\/lv\/produkts\/audi-a4-b8-09-14-variklio-dangcio-spyna-2\/#primaryimage"},"thumbnailUrl":"https:\/\/erformance.eu\/wp-content\/uploads\/2026\/02\/pol_pm_Audi-A4-B8-09-14-zamek-maski-pokrywy-silnika-25266_1.jpg","datePublished":"2026-02-16T11:25:08+00:00","dateModified":"2026-03-12T15:58:03+00:00","breadcrumb":{"@id":"https:\/\/erformance.eu\/lv\/produkts\/audi-a4-b8-09-14-variklio-dangcio-spyna-2\/#breadcrumb"},"inLanguage":"lv-LV","potentialAction":[{"@type":"ReadAction","target":["https:\/\/erformance.eu\/lv\/produkts\/audi-a4-b8-09-14-variklio-dangcio-spyna-2\/"]}]},{"@type":"ImageObject","inLanguage":"lv-LV","@id":"https:\/\/erformance.eu\/lv\/produkts\/audi-a4-b8-09-14-variklio-dangcio-spyna-2\/#primaryimage","url":"https:\/\/erformance.eu\/wp-content\/uploads\/2026\/02\/pol_pm_Audi-A4-B8-09-14-zamek-maski-pokrywy-silnika-25266_1.jpg","contentUrl":"https:\/\/erformance.eu\/wp-content\/uploads\/2026\/02\/pol_pm_Audi-A4-B8-09-14-zamek-maski-pokrywy-silnika-25266_1.jpg","width":1200,"height":900},{"@type":"BreadcrumbList","@id":"https:\/\/erformance.eu\/lv\/produkts\/audi-a4-b8-09-14-variklio-dangcio-spyna-2\/#breadcrumb","itemListElement":[{"@type":"ListItem","position":1,"name":"Home","item":"https:\/\/erformance.eu\/lv\/"},{"@type":"ListItem","position":2,"name":"Veikals","item":"https:\/\/erformance.eu\/lv\/veikals\/"},{"@type":"ListItem","position":3,"name":"Audi A4 B8 09-14 variklio dang\u010dio spyna"}]},{"@type":"WebSite","@id":"https:\/\/erformance.eu\/lv\/#website","url":"https:\/\/erformance.eu\/lv\/","name":"Erformance.eu","description":"Automobili\u0173 dali\u0173 parduotuv\u0117","potentialAction":[{"@type":"SearchAction","target":{"@type":"EntryPoint","urlTemplate":"https:\/\/erformance.eu\/lv\/?s={search_term_string}"},"query-input":{"@type":"PropertyValueSpecification","valueRequired":true,"valueName":"search_term_string"}}],"inLanguage":"lv-LV"}]}},"jetpack_sharing_enabled":true,"_links":{"self":[{"href":"https:\/\/erformance.eu\/lv\/wp-json\/wp\/v2\/product\/57094","targetHints":{"allow":["GET"]}}],"collection":[{"href":"https:\/\/erformance.eu\/lv\/wp-json\/wp\/v2\/product"}],"about":[{"href":"https:\/\/erformance.eu\/lv\/wp-json\/wp\/v2\/types\/product"}],"replies":[{"embeddable":true,"href":"https:\/\/erformance.eu\/lv\/wp-json\/wp\/v2\/comments?post=57094"}],"version-history":[{"count":1,"href":"https:\/\/erformance.eu\/lv\/wp-json\/wp\/v2\/product\/57094\/revisions"}],"predecessor-version":[{"id":57095,"href":"https:\/\/erformance.eu\/lv\/wp-json\/wp\/v2\/product\/57094\/revisions\/57095"}],"wp:featuredmedia":[{"embeddable":true,"href":"https:\/\/erformance.eu\/lv\/wp-json\/wp\/v2\/media\/53003"}],"wp:attachment":[{"href":"https:\/\/erformance.eu\/lv\/wp-json\/wp\/v2\/media?parent=57094"}],"wp:term":[{"taxonomy":"product_brand","embeddable":true,"href":"https:\/\/erformance.eu\/lv\/wp-json\/wp\/v2\/product_brand?post=57094"},{"taxonomy":"product_cat","embeddable":true,"href":"https:\/\/erformance.eu\/lv\/wp-json\/wp\/v2\/product_cat?post=57094"},{"taxonomy":"product_tag","embeddable":true,"href":"https:\/\/erformance.eu\/lv\/wp-json\/wp\/v2\/product_tag?post=57094"}],"curies":[{"name":"wp","href":"https:\/\/api.w.org\/{rel}","templated":true}]}}