{"id":57134,"date":"2026-02-16T14:25:32","date_gmt":"2026-02-16T11:25:32","guid":{"rendered":"https:\/\/erformance.eu\/?post_type=product&#038;p=57134"},"modified":"2026-03-18T22:53:22","modified_gmt":"2026-03-18T19:53:22","slug":"audi-a5-f5-2016-sildomas-veidrodelio-ideklas-kaireje","status":"publish","type":"product","link":"https:\/\/erformance.eu\/lv\/produkts\/audi-a5-f5-2016-sildomas-veidrodelio-ideklas-kaireje\/","title":{"rendered":"Audi A5 F5 2016- \u0160ildomas veidrod\u0117lio \u012fd\u0117klas kair\u0117je"},"content":{"rendered":"<p>Prek\u0117: i\u0161orinio veidrod\u0117lio \u012fd\u0117klas<br \/>\nPus\u0117: Kair\u0117 (vairuotojo pus\u0117)<br \/>\nOriginalus numeris: 8W0857535E<br \/>\nPASTABA: auk\u0161\u010diau pateikti numeriai yra original\u016bs dali\u0173 numeriai, kuriuos \u0161is pasi\u016blymas pakei\u010dia. Prie\u0161 pirkdami, palyginkite juos su originaliu dalies numeriu. Jei jie skiriasi net vienu simboliu, dalis netiks, neveiks arba veiks netinkamai. Tokiu atveju jos nepirkite.<br \/>\n\u0160ildymas: taip<br \/>\nStiklas: baltas, asferinis (skeltas)<br \/>\nAutomobilis:<\/p>\n<p>\u201eAudi A4 B9\u201c (8W2, 8WC), modeliai, pagaminti nuo 2015 m.<br \/>\n\u201eAudi A4 B9 Avant\u201c (8W5, 8WD), modeliai, pagaminti nuo 2015 m.<br \/>\n\u201eAudi A4 Allroad B9\u201c (8WH, 8WJ), modeliai, pagaminti nuo 2016 m.<br \/>\n\u201eAudi A5\u201c (F53, F5P), modeliai, pagaminti nuo 2016 m.<br \/>\n\u201eAudi A5 Sportback\u201c (F5A, F5F), modeliai, pagaminti nuo 2016 m.<br \/>\n\u201eAudi A5\u201c kabrioletas (F57, F5E), modeliai, pagaminti nuo 2016 m.<\/p>\n<p>Gamintojas: pakaitalas<br \/>\nTechnin\u0117 b\u016bkl\u0117: prek\u0117 yra visi\u0161kai nauja, nenaudota, nepa\u017eeista ir nesugadinta<\/p>\n","protected":false},"excerpt":{"rendered":"<p>1. Prek\u0117: i\u0161orinio veidrod\u0117lio \u012fd\u0117klas2. Pus\u0117: kair\u01173. Gamintojas: pakeitimas4. Automobilis:Audi A4 B9 2015-Audi A5 F5 2016-<\/p>\n","protected":false},"featured_media":53167,"comment_status":"open","ping_status":"closed","template":"","meta":[],"product_brand":[],"product_cat":[391,144,3914,3954,4315],"product_tag":[],"class_list":{"0":"post-57134","1":"product","2":"type-product","3":"status-publish","4":"has-post-thumbnail","6":"product_cat-audi-a5","7":"product_cat-audi","8":"product_cat-audi-a5-b9-f5","9":"product_cat-audi-a5-b9-f5-isores-dalys","10":"product_cat-audi-a5-b9-f5-veidrodeliai","12":"first","13":"instock","14":"shipping-taxable","15":"purchasable","16":"product-type-simple"},"yoast_head":"<!-- This site is optimized with the Yoast SEO Premium plugin v25.2 (Yoast SEO v27.3) - https:\/\/yoast.com\/product\/yoast-seo-premium-wordpress\/ -->\n<title>Audi A5 F5 2016- \u0160ildomas veidrod\u0117lio \u012fd\u0117klas kair\u0117je - Erformance.eu<\/title>\n<meta name=\"robots\" content=\"index, follow, max-snippet:-1, max-image-preview:large, max-video-preview:-1\" \/>\n<link rel=\"canonical\" href=\"https:\/\/erformance.eu\/lv\/produkts\/audi-a5-f5-2016-sildomas-veidrodelio-ideklas-kaireje\/\" \/>\n<meta property=\"og:locale\" content=\"lv_LV\" \/>\n<meta property=\"og:type\" content=\"article\" \/>\n<meta property=\"og:title\" content=\"Audi A5 F5 2016- \u0160ildomas veidrod\u0117lio \u012fd\u0117klas kair\u0117je\" \/>\n<meta property=\"og:description\" content=\"1. Prek\u0117: i\u0161orinio veidrod\u0117lio \u012fd\u0117klas2. Pus\u0117: kair\u01173. Gamintojas: pakeitimas4. Automobilis:Audi A4 B9 2015-Audi A5 F5 2016-\" \/>\n<meta property=\"og:url\" content=\"https:\/\/erformance.eu\/lv\/produkts\/audi-a5-f5-2016-sildomas-veidrodelio-ideklas-kaireje\/\" \/>\n<meta property=\"og:site_name\" content=\"Erformance.eu\" \/>\n<meta property=\"article:modified_time\" content=\"2026-03-18T19:53:22+00:00\" \/>\n<meta property=\"og:image\" content=\"https:\/\/erformance.eu\/wp-content\/uploads\/2026\/02\/pol_pm_Audi-A5-F5-2016-wklad-lusterka-OGRZEWANY-lewy-36427_1.jpg\" \/>\n\t<meta property=\"og:image:width\" content=\"1200\" \/>\n\t<meta property=\"og:image:height\" content=\"1200\" \/>\n\t<meta property=\"og:image:type\" content=\"image\/jpeg\" \/>\n<meta name=\"twitter:card\" content=\"summary_large_image\" \/>\n<meta name=\"twitter:label1\" content=\"Est. reading time\" \/>\n\t<meta name=\"twitter:data1\" content=\"1 min\u016b\u0161u\" \/>\n<script type=\"application\/ld+json\" class=\"yoast-schema-graph\">{\"@context\":\"https:\\\/\\\/schema.org\",\"@graph\":[{\"@type\":\"WebPage\",\"@id\":\"https:\\\/\\\/erformance.eu\\\/lv\\\/produkts\\\/audi-a5-f5-2016-sildomas-veidrodelio-ideklas-kaireje\\\/\",\"url\":\"https:\\\/\\\/erformance.eu\\\/lv\\\/produkts\\\/audi-a5-f5-2016-sildomas-veidrodelio-ideklas-kaireje\\\/\",\"name\":\"Audi A5 F5 2016- \u0160ildomas veidrod\u0117lio \u012fd\u0117klas kair\u0117je - Erformance.eu\",\"isPartOf\":{\"@id\":\"https:\\\/\\\/erformance.eu\\\/lv\\\/#website\"},\"primaryImageOfPage\":{\"@id\":\"https:\\\/\\\/erformance.eu\\\/lv\\\/produkts\\\/audi-a5-f5-2016-sildomas-veidrodelio-ideklas-kaireje\\\/#primaryimage\"},\"image\":{\"@id\":\"https:\\\/\\\/erformance.eu\\\/lv\\\/produkts\\\/audi-a5-f5-2016-sildomas-veidrodelio-ideklas-kaireje\\\/#primaryimage\"},\"thumbnailUrl\":\"https:\\\/\\\/erformance.eu\\\/wp-content\\\/uploads\\\/2026\\\/02\\\/pol_pm_Audi-A5-F5-2016-wklad-lusterka-OGRZEWANY-lewy-36427_1.jpg\",\"datePublished\":\"2026-02-16T11:25:32+00:00\",\"dateModified\":\"2026-03-18T19:53:22+00:00\",\"breadcrumb\":{\"@id\":\"https:\\\/\\\/erformance.eu\\\/lv\\\/produkts\\\/audi-a5-f5-2016-sildomas-veidrodelio-ideklas-kaireje\\\/#breadcrumb\"},\"inLanguage\":\"lv-LV\",\"potentialAction\":[{\"@type\":\"ReadAction\",\"target\":[\"https:\\\/\\\/erformance.eu\\\/lv\\\/produkts\\\/audi-a5-f5-2016-sildomas-veidrodelio-ideklas-kaireje\\\/\"]}]},{\"@type\":\"ImageObject\",\"inLanguage\":\"lv-LV\",\"@id\":\"https:\\\/\\\/erformance.eu\\\/lv\\\/produkts\\\/audi-a5-f5-2016-sildomas-veidrodelio-ideklas-kaireje\\\/#primaryimage\",\"url\":\"https:\\\/\\\/erformance.eu\\\/wp-content\\\/uploads\\\/2026\\\/02\\\/pol_pm_Audi-A5-F5-2016-wklad-lusterka-OGRZEWANY-lewy-36427_1.jpg\",\"contentUrl\":\"https:\\\/\\\/erformance.eu\\\/wp-content\\\/uploads\\\/2026\\\/02\\\/pol_pm_Audi-A5-F5-2016-wklad-lusterka-OGRZEWANY-lewy-36427_1.jpg\",\"width\":1200,\"height\":1200},{\"@type\":\"BreadcrumbList\",\"@id\":\"https:\\\/\\\/erformance.eu\\\/lv\\\/produkts\\\/audi-a5-f5-2016-sildomas-veidrodelio-ideklas-kaireje\\\/#breadcrumb\",\"itemListElement\":[{\"@type\":\"ListItem\",\"position\":1,\"name\":\"Home\",\"item\":\"https:\\\/\\\/erformance.eu\\\/lv\\\/\"},{\"@type\":\"ListItem\",\"position\":2,\"name\":\"Veikals\",\"item\":\"https:\\\/\\\/erformance.eu\\\/lv\\\/veikals\\\/\"},{\"@type\":\"ListItem\",\"position\":3,\"name\":\"Audi A5 F5 2016- \u0160ildomas veidrod\u0117lio \u012fd\u0117klas kair\u0117je\"}]},{\"@type\":\"WebSite\",\"@id\":\"https:\\\/\\\/erformance.eu\\\/lv\\\/#website\",\"url\":\"https:\\\/\\\/erformance.eu\\\/lv\\\/\",\"name\":\"Erformance.eu\",\"description\":\"Automobili\u0173 dali\u0173 parduotuv\u0117\",\"potentialAction\":[{\"@type\":\"SearchAction\",\"target\":{\"@type\":\"EntryPoint\",\"urlTemplate\":\"https:\\\/\\\/erformance.eu\\\/lv\\\/?s={search_term_string}\"},\"query-input\":{\"@type\":\"PropertyValueSpecification\",\"valueRequired\":true,\"valueName\":\"search_term_string\"}}],\"inLanguage\":\"lv-LV\"}]}<\/script>\n<!-- \/ Yoast SEO Premium plugin. -->","yoast_head_json":{"title":"Audi A5 F5 2016- \u0160ildomas veidrod\u0117lio \u012fd\u0117klas kair\u0117je - Erformance.eu","robots":{"index":"index","follow":"follow","max-snippet":"max-snippet:-1","max-image-preview":"max-image-preview:large","max-video-preview":"max-video-preview:-1"},"canonical":"https:\/\/erformance.eu\/lv\/produkts\/audi-a5-f5-2016-sildomas-veidrodelio-ideklas-kaireje\/","og_locale":"lv_LV","og_type":"article","og_title":"Audi A5 F5 2016- \u0160ildomas veidrod\u0117lio \u012fd\u0117klas kair\u0117je","og_description":"1. Prek\u0117: i\u0161orinio veidrod\u0117lio \u012fd\u0117klas2. Pus\u0117: kair\u01173. Gamintojas: pakeitimas4. Automobilis:Audi A4 B9 2015-Audi A5 F5 2016-","og_url":"https:\/\/erformance.eu\/lv\/produkts\/audi-a5-f5-2016-sildomas-veidrodelio-ideklas-kaireje\/","og_site_name":"Erformance.eu","article_modified_time":"2026-03-18T19:53:22+00:00","og_image":[{"width":1200,"height":1200,"url":"https:\/\/erformance.eu\/wp-content\/uploads\/2026\/02\/pol_pm_Audi-A5-F5-2016-wklad-lusterka-OGRZEWANY-lewy-36427_1.jpg","type":"image\/jpeg"}],"twitter_card":"summary_large_image","twitter_misc":{"Est. reading time":"1 min\u016b\u0161u"},"schema":{"@context":"https:\/\/schema.org","@graph":[{"@type":"WebPage","@id":"https:\/\/erformance.eu\/lv\/produkts\/audi-a5-f5-2016-sildomas-veidrodelio-ideklas-kaireje\/","url":"https:\/\/erformance.eu\/lv\/produkts\/audi-a5-f5-2016-sildomas-veidrodelio-ideklas-kaireje\/","name":"Audi A5 F5 2016- \u0160ildomas veidrod\u0117lio \u012fd\u0117klas kair\u0117je - Erformance.eu","isPartOf":{"@id":"https:\/\/erformance.eu\/lv\/#website"},"primaryImageOfPage":{"@id":"https:\/\/erformance.eu\/lv\/produkts\/audi-a5-f5-2016-sildomas-veidrodelio-ideklas-kaireje\/#primaryimage"},"image":{"@id":"https:\/\/erformance.eu\/lv\/produkts\/audi-a5-f5-2016-sildomas-veidrodelio-ideklas-kaireje\/#primaryimage"},"thumbnailUrl":"https:\/\/erformance.eu\/wp-content\/uploads\/2026\/02\/pol_pm_Audi-A5-F5-2016-wklad-lusterka-OGRZEWANY-lewy-36427_1.jpg","datePublished":"2026-02-16T11:25:32+00:00","dateModified":"2026-03-18T19:53:22+00:00","breadcrumb":{"@id":"https:\/\/erformance.eu\/lv\/produkts\/audi-a5-f5-2016-sildomas-veidrodelio-ideklas-kaireje\/#breadcrumb"},"inLanguage":"lv-LV","potentialAction":[{"@type":"ReadAction","target":["https:\/\/erformance.eu\/lv\/produkts\/audi-a5-f5-2016-sildomas-veidrodelio-ideklas-kaireje\/"]}]},{"@type":"ImageObject","inLanguage":"lv-LV","@id":"https:\/\/erformance.eu\/lv\/produkts\/audi-a5-f5-2016-sildomas-veidrodelio-ideklas-kaireje\/#primaryimage","url":"https:\/\/erformance.eu\/wp-content\/uploads\/2026\/02\/pol_pm_Audi-A5-F5-2016-wklad-lusterka-OGRZEWANY-lewy-36427_1.jpg","contentUrl":"https:\/\/erformance.eu\/wp-content\/uploads\/2026\/02\/pol_pm_Audi-A5-F5-2016-wklad-lusterka-OGRZEWANY-lewy-36427_1.jpg","width":1200,"height":1200},{"@type":"BreadcrumbList","@id":"https:\/\/erformance.eu\/lv\/produkts\/audi-a5-f5-2016-sildomas-veidrodelio-ideklas-kaireje\/#breadcrumb","itemListElement":[{"@type":"ListItem","position":1,"name":"Home","item":"https:\/\/erformance.eu\/lv\/"},{"@type":"ListItem","position":2,"name":"Veikals","item":"https:\/\/erformance.eu\/lv\/veikals\/"},{"@type":"ListItem","position":3,"name":"Audi A5 F5 2016- \u0160ildomas veidrod\u0117lio \u012fd\u0117klas kair\u0117je"}]},{"@type":"WebSite","@id":"https:\/\/erformance.eu\/lv\/#website","url":"https:\/\/erformance.eu\/lv\/","name":"Erformance.eu","description":"Automobili\u0173 dali\u0173 parduotuv\u0117","potentialAction":[{"@type":"SearchAction","target":{"@type":"EntryPoint","urlTemplate":"https:\/\/erformance.eu\/lv\/?s={search_term_string}"},"query-input":{"@type":"PropertyValueSpecification","valueRequired":true,"valueName":"search_term_string"}}],"inLanguage":"lv-LV"}]}},"jetpack_sharing_enabled":true,"_links":{"self":[{"href":"https:\/\/erformance.eu\/lv\/wp-json\/wp\/v2\/product\/57134","targetHints":{"allow":["GET"]}}],"collection":[{"href":"https:\/\/erformance.eu\/lv\/wp-json\/wp\/v2\/product"}],"about":[{"href":"https:\/\/erformance.eu\/lv\/wp-json\/wp\/v2\/types\/product"}],"replies":[{"embeddable":true,"href":"https:\/\/erformance.eu\/lv\/wp-json\/wp\/v2\/comments?post=57134"}],"version-history":[{"count":1,"href":"https:\/\/erformance.eu\/lv\/wp-json\/wp\/v2\/product\/57134\/revisions"}],"predecessor-version":[{"id":57135,"href":"https:\/\/erformance.eu\/lv\/wp-json\/wp\/v2\/product\/57134\/revisions\/57135"}],"wp:featuredmedia":[{"embeddable":true,"href":"https:\/\/erformance.eu\/lv\/wp-json\/wp\/v2\/media\/53167"}],"wp:attachment":[{"href":"https:\/\/erformance.eu\/lv\/wp-json\/wp\/v2\/media?parent=57134"}],"wp:term":[{"taxonomy":"product_brand","embeddable":true,"href":"https:\/\/erformance.eu\/lv\/wp-json\/wp\/v2\/product_brand?post=57134"},{"taxonomy":"product_cat","embeddable":true,"href":"https:\/\/erformance.eu\/lv\/wp-json\/wp\/v2\/product_cat?post=57134"},{"taxonomy":"product_tag","embeddable":true,"href":"https:\/\/erformance.eu\/lv\/wp-json\/wp\/v2\/product_tag?post=57134"}],"curies":[{"name":"wp","href":"https:\/\/api.w.org\/{rel}","templated":true}]}}