{"id":57136,"date":"2026-02-16T14:25:33","date_gmt":"2026-02-16T11:25:33","guid":{"rendered":"https:\/\/erformance.eu\/?post_type=product&#038;p=57136"},"modified":"2026-03-26T01:34:06","modified_gmt":"2026-03-25T22:34:06","slug":"audi-q5-8r-08-17-variklio-uzvedimo-ir-isjungimo-mygtukas","status":"publish","type":"product","link":"https:\/\/erformance.eu\/lv\/produkts\/audi-q5-8r-08-17-variklio-uzvedimo-ir-isjungimo-mygtukas\/","title":{"rendered":"Audi Q5 8R 08-17 Variklio u\u017evedimo ir i\u0161jungimo mygtukas"},"content":{"rendered":"<p>Prek\u0117: Variklio u\u017evedimo ir i\u0161jungimo jungiklis<br \/>\nOriginalus numeris:<\/p>\n<p>8K0905217A<br \/>\n8K0905217<\/p>\n<p>PASTABA: auk\u0161\u010diau pateikti numeriai yra original\u016bs dali\u0173 numeriai, kuriuos \u0161is pasi\u016blymas pakei\u010dia. Prie\u0161 pirkdami, palyginkite juos su originaliu dalies numeriu. Jei jie skiriasi net vienu simboliu, dalis netiks, neveiks arba veiks netinkamai. Tokiu atveju jos nepirkite.<br \/>\nAutomobilis:<\/p>\n<p>Audi A4 B8 (8K2), pagaminimo metai: 2007\u20132015<br \/>\nAudi A4 B8 Avant (8K5), gamybos metai: 2007-2015<br \/>\nAudi A4 Allroad B8 (8KH), pagaminimo metai: 2009\u20132016<br \/>\nAudi A5 (8T3), pagaminimo metai: 2007\u20132017<br \/>\nAudi A5 Sportback (8TA), pagaminimo metai: 2009\u20132017<br \/>\nAudi Q5 (8RB), gamybos metai: 2008\u20132017<\/p>\n<p>Gamintojas: pakaitalas<br \/>\nTechnin\u0117 b\u016bkl\u0117: prek\u0117 yra visi\u0161kai nauja, nenaudota, nepa\u017eeista ir nesugadinta<\/p>\n","protected":false},"excerpt":{"rendered":"<p>1. Prek\u0117: Variklio u\u017evedimo ir i\u0161jungimo jungiklio mygtukas2. Gamintojas: pakeitimas3. Automobilis:* Audi A4 B8 07-16* Audi A5 8T 07-17* Audi Q5 8R 08-17<\/p>\n","protected":false},"featured_media":53179,"comment_status":"open","ping_status":"closed","template":"","meta":[],"product_brand":[],"product_cat":[3928,144,4684,399,4007],"product_tag":[],"class_list":{"0":"post-57136","1":"product","2":"type-product","3":"status-publish","4":"has-post-thumbnail","6":"product_cat-audi-q5-8r","7":"product_cat-audi","8":"product_cat-audi-q5-8r-mygtukai-mechanizmai","9":"product_cat-audi-q5","10":"product_cat-audi-q5-8r-salono-dalys","12":"first","13":"instock","14":"shipping-taxable","15":"purchasable","16":"product-type-simple"},"yoast_head":"<!-- This site is optimized with the Yoast SEO Premium plugin v25.2 (Yoast SEO v27.3) - https:\/\/yoast.com\/product\/yoast-seo-premium-wordpress\/ -->\n<title>Audi Q5 8R 08-17 Variklio u\u017evedimo ir i\u0161jungimo mygtukas - Erformance.eu<\/title>\n<meta name=\"robots\" content=\"index, follow, max-snippet:-1, max-image-preview:large, max-video-preview:-1\" \/>\n<link rel=\"canonical\" href=\"https:\/\/erformance.eu\/lv\/produkts\/audi-q5-8r-08-17-variklio-uzvedimo-ir-isjungimo-mygtukas\/\" \/>\n<meta property=\"og:locale\" content=\"lv_LV\" \/>\n<meta property=\"og:type\" content=\"article\" \/>\n<meta property=\"og:title\" content=\"Audi Q5 8R 08-17 Variklio u\u017evedimo ir i\u0161jungimo mygtukas\" \/>\n<meta property=\"og:description\" content=\"1. Prek\u0117: Variklio u\u017evedimo ir i\u0161jungimo jungiklio mygtukas2. Gamintojas: pakeitimas3. Automobilis:* Audi A4 B8 07-16* Audi A5 8T 07-17* Audi Q5 8R 08-17\" \/>\n<meta property=\"og:url\" content=\"https:\/\/erformance.eu\/lv\/produkts\/audi-q5-8r-08-17-variklio-uzvedimo-ir-isjungimo-mygtukas\/\" \/>\n<meta property=\"og:site_name\" content=\"Erformance.eu\" \/>\n<meta property=\"article:modified_time\" content=\"2026-03-25T22:34:06+00:00\" \/>\n<meta property=\"og:image\" content=\"https:\/\/erformance.eu\/wp-content\/uploads\/2026\/02\/pol_pm_Audi-Q5-8R-08-17-przycisk-wlacznik-silnika-START-ENGINE-STOP-32248_1.jpg\" \/>\n\t<meta property=\"og:image:width\" content=\"1200\" \/>\n\t<meta property=\"og:image:height\" content=\"1200\" \/>\n\t<meta property=\"og:image:type\" content=\"image\/jpeg\" \/>\n<meta name=\"twitter:card\" content=\"summary_large_image\" \/>\n<meta name=\"twitter:label1\" content=\"Est. reading time\" \/>\n\t<meta name=\"twitter:data1\" content=\"1 min\u016b\u0161u\" \/>\n<script type=\"application\/ld+json\" class=\"yoast-schema-graph\">{\"@context\":\"https:\\\/\\\/schema.org\",\"@graph\":[{\"@type\":\"WebPage\",\"@id\":\"https:\\\/\\\/erformance.eu\\\/lv\\\/produkts\\\/audi-q5-8r-08-17-variklio-uzvedimo-ir-isjungimo-mygtukas\\\/\",\"url\":\"https:\\\/\\\/erformance.eu\\\/lv\\\/produkts\\\/audi-q5-8r-08-17-variklio-uzvedimo-ir-isjungimo-mygtukas\\\/\",\"name\":\"Audi Q5 8R 08-17 Variklio u\u017evedimo ir i\u0161jungimo mygtukas - Erformance.eu\",\"isPartOf\":{\"@id\":\"https:\\\/\\\/erformance.eu\\\/lv\\\/#website\"},\"primaryImageOfPage\":{\"@id\":\"https:\\\/\\\/erformance.eu\\\/lv\\\/produkts\\\/audi-q5-8r-08-17-variklio-uzvedimo-ir-isjungimo-mygtukas\\\/#primaryimage\"},\"image\":{\"@id\":\"https:\\\/\\\/erformance.eu\\\/lv\\\/produkts\\\/audi-q5-8r-08-17-variklio-uzvedimo-ir-isjungimo-mygtukas\\\/#primaryimage\"},\"thumbnailUrl\":\"https:\\\/\\\/erformance.eu\\\/wp-content\\\/uploads\\\/2026\\\/02\\\/pol_pm_Audi-Q5-8R-08-17-przycisk-wlacznik-silnika-START-ENGINE-STOP-32248_1.jpg\",\"datePublished\":\"2026-02-16T11:25:33+00:00\",\"dateModified\":\"2026-03-25T22:34:06+00:00\",\"breadcrumb\":{\"@id\":\"https:\\\/\\\/erformance.eu\\\/lv\\\/produkts\\\/audi-q5-8r-08-17-variklio-uzvedimo-ir-isjungimo-mygtukas\\\/#breadcrumb\"},\"inLanguage\":\"lv-LV\",\"potentialAction\":[{\"@type\":\"ReadAction\",\"target\":[\"https:\\\/\\\/erformance.eu\\\/lv\\\/produkts\\\/audi-q5-8r-08-17-variklio-uzvedimo-ir-isjungimo-mygtukas\\\/\"]}]},{\"@type\":\"ImageObject\",\"inLanguage\":\"lv-LV\",\"@id\":\"https:\\\/\\\/erformance.eu\\\/lv\\\/produkts\\\/audi-q5-8r-08-17-variklio-uzvedimo-ir-isjungimo-mygtukas\\\/#primaryimage\",\"url\":\"https:\\\/\\\/erformance.eu\\\/wp-content\\\/uploads\\\/2026\\\/02\\\/pol_pm_Audi-Q5-8R-08-17-przycisk-wlacznik-silnika-START-ENGINE-STOP-32248_1.jpg\",\"contentUrl\":\"https:\\\/\\\/erformance.eu\\\/wp-content\\\/uploads\\\/2026\\\/02\\\/pol_pm_Audi-Q5-8R-08-17-przycisk-wlacznik-silnika-START-ENGINE-STOP-32248_1.jpg\",\"width\":1200,\"height\":1200},{\"@type\":\"BreadcrumbList\",\"@id\":\"https:\\\/\\\/erformance.eu\\\/lv\\\/produkts\\\/audi-q5-8r-08-17-variklio-uzvedimo-ir-isjungimo-mygtukas\\\/#breadcrumb\",\"itemListElement\":[{\"@type\":\"ListItem\",\"position\":1,\"name\":\"Home\",\"item\":\"https:\\\/\\\/erformance.eu\\\/lv\\\/\"},{\"@type\":\"ListItem\",\"position\":2,\"name\":\"Veikals\",\"item\":\"https:\\\/\\\/erformance.eu\\\/lv\\\/veikals\\\/\"},{\"@type\":\"ListItem\",\"position\":3,\"name\":\"Audi Q5 8R 08-17 Variklio u\u017evedimo ir i\u0161jungimo mygtukas\"}]},{\"@type\":\"WebSite\",\"@id\":\"https:\\\/\\\/erformance.eu\\\/lv\\\/#website\",\"url\":\"https:\\\/\\\/erformance.eu\\\/lv\\\/\",\"name\":\"Erformance.eu\",\"description\":\"Automobili\u0173 dali\u0173 parduotuv\u0117\",\"potentialAction\":[{\"@type\":\"SearchAction\",\"target\":{\"@type\":\"EntryPoint\",\"urlTemplate\":\"https:\\\/\\\/erformance.eu\\\/lv\\\/?s={search_term_string}\"},\"query-input\":{\"@type\":\"PropertyValueSpecification\",\"valueRequired\":true,\"valueName\":\"search_term_string\"}}],\"inLanguage\":\"lv-LV\"}]}<\/script>\n<!-- \/ Yoast SEO Premium plugin. -->","yoast_head_json":{"title":"Audi Q5 8R 08-17 Variklio u\u017evedimo ir i\u0161jungimo mygtukas - Erformance.eu","robots":{"index":"index","follow":"follow","max-snippet":"max-snippet:-1","max-image-preview":"max-image-preview:large","max-video-preview":"max-video-preview:-1"},"canonical":"https:\/\/erformance.eu\/lv\/produkts\/audi-q5-8r-08-17-variklio-uzvedimo-ir-isjungimo-mygtukas\/","og_locale":"lv_LV","og_type":"article","og_title":"Audi Q5 8R 08-17 Variklio u\u017evedimo ir i\u0161jungimo mygtukas","og_description":"1. Prek\u0117: Variklio u\u017evedimo ir i\u0161jungimo jungiklio mygtukas2. Gamintojas: pakeitimas3. Automobilis:* Audi A4 B8 07-16* Audi A5 8T 07-17* Audi Q5 8R 08-17","og_url":"https:\/\/erformance.eu\/lv\/produkts\/audi-q5-8r-08-17-variklio-uzvedimo-ir-isjungimo-mygtukas\/","og_site_name":"Erformance.eu","article_modified_time":"2026-03-25T22:34:06+00:00","og_image":[{"width":1200,"height":1200,"url":"https:\/\/erformance.eu\/wp-content\/uploads\/2026\/02\/pol_pm_Audi-Q5-8R-08-17-przycisk-wlacznik-silnika-START-ENGINE-STOP-32248_1.jpg","type":"image\/jpeg"}],"twitter_card":"summary_large_image","twitter_misc":{"Est. reading time":"1 min\u016b\u0161u"},"schema":{"@context":"https:\/\/schema.org","@graph":[{"@type":"WebPage","@id":"https:\/\/erformance.eu\/lv\/produkts\/audi-q5-8r-08-17-variklio-uzvedimo-ir-isjungimo-mygtukas\/","url":"https:\/\/erformance.eu\/lv\/produkts\/audi-q5-8r-08-17-variklio-uzvedimo-ir-isjungimo-mygtukas\/","name":"Audi Q5 8R 08-17 Variklio u\u017evedimo ir i\u0161jungimo mygtukas - Erformance.eu","isPartOf":{"@id":"https:\/\/erformance.eu\/lv\/#website"},"primaryImageOfPage":{"@id":"https:\/\/erformance.eu\/lv\/produkts\/audi-q5-8r-08-17-variklio-uzvedimo-ir-isjungimo-mygtukas\/#primaryimage"},"image":{"@id":"https:\/\/erformance.eu\/lv\/produkts\/audi-q5-8r-08-17-variklio-uzvedimo-ir-isjungimo-mygtukas\/#primaryimage"},"thumbnailUrl":"https:\/\/erformance.eu\/wp-content\/uploads\/2026\/02\/pol_pm_Audi-Q5-8R-08-17-przycisk-wlacznik-silnika-START-ENGINE-STOP-32248_1.jpg","datePublished":"2026-02-16T11:25:33+00:00","dateModified":"2026-03-25T22:34:06+00:00","breadcrumb":{"@id":"https:\/\/erformance.eu\/lv\/produkts\/audi-q5-8r-08-17-variklio-uzvedimo-ir-isjungimo-mygtukas\/#breadcrumb"},"inLanguage":"lv-LV","potentialAction":[{"@type":"ReadAction","target":["https:\/\/erformance.eu\/lv\/produkts\/audi-q5-8r-08-17-variklio-uzvedimo-ir-isjungimo-mygtukas\/"]}]},{"@type":"ImageObject","inLanguage":"lv-LV","@id":"https:\/\/erformance.eu\/lv\/produkts\/audi-q5-8r-08-17-variklio-uzvedimo-ir-isjungimo-mygtukas\/#primaryimage","url":"https:\/\/erformance.eu\/wp-content\/uploads\/2026\/02\/pol_pm_Audi-Q5-8R-08-17-przycisk-wlacznik-silnika-START-ENGINE-STOP-32248_1.jpg","contentUrl":"https:\/\/erformance.eu\/wp-content\/uploads\/2026\/02\/pol_pm_Audi-Q5-8R-08-17-przycisk-wlacznik-silnika-START-ENGINE-STOP-32248_1.jpg","width":1200,"height":1200},{"@type":"BreadcrumbList","@id":"https:\/\/erformance.eu\/lv\/produkts\/audi-q5-8r-08-17-variklio-uzvedimo-ir-isjungimo-mygtukas\/#breadcrumb","itemListElement":[{"@type":"ListItem","position":1,"name":"Home","item":"https:\/\/erformance.eu\/lv\/"},{"@type":"ListItem","position":2,"name":"Veikals","item":"https:\/\/erformance.eu\/lv\/veikals\/"},{"@type":"ListItem","position":3,"name":"Audi Q5 8R 08-17 Variklio u\u017evedimo ir i\u0161jungimo mygtukas"}]},{"@type":"WebSite","@id":"https:\/\/erformance.eu\/lv\/#website","url":"https:\/\/erformance.eu\/lv\/","name":"Erformance.eu","description":"Automobili\u0173 dali\u0173 parduotuv\u0117","potentialAction":[{"@type":"SearchAction","target":{"@type":"EntryPoint","urlTemplate":"https:\/\/erformance.eu\/lv\/?s={search_term_string}"},"query-input":{"@type":"PropertyValueSpecification","valueRequired":true,"valueName":"search_term_string"}}],"inLanguage":"lv-LV"}]}},"jetpack_sharing_enabled":true,"_links":{"self":[{"href":"https:\/\/erformance.eu\/lv\/wp-json\/wp\/v2\/product\/57136","targetHints":{"allow":["GET"]}}],"collection":[{"href":"https:\/\/erformance.eu\/lv\/wp-json\/wp\/v2\/product"}],"about":[{"href":"https:\/\/erformance.eu\/lv\/wp-json\/wp\/v2\/types\/product"}],"replies":[{"embeddable":true,"href":"https:\/\/erformance.eu\/lv\/wp-json\/wp\/v2\/comments?post=57136"}],"version-history":[{"count":1,"href":"https:\/\/erformance.eu\/lv\/wp-json\/wp\/v2\/product\/57136\/revisions"}],"predecessor-version":[{"id":57137,"href":"https:\/\/erformance.eu\/lv\/wp-json\/wp\/v2\/product\/57136\/revisions\/57137"}],"wp:featuredmedia":[{"embeddable":true,"href":"https:\/\/erformance.eu\/lv\/wp-json\/wp\/v2\/media\/53179"}],"wp:attachment":[{"href":"https:\/\/erformance.eu\/lv\/wp-json\/wp\/v2\/media?parent=57136"}],"wp:term":[{"taxonomy":"product_brand","embeddable":true,"href":"https:\/\/erformance.eu\/lv\/wp-json\/wp\/v2\/product_brand?post=57136"},{"taxonomy":"product_cat","embeddable":true,"href":"https:\/\/erformance.eu\/lv\/wp-json\/wp\/v2\/product_cat?post=57136"},{"taxonomy":"product_tag","embeddable":true,"href":"https:\/\/erformance.eu\/lv\/wp-json\/wp\/v2\/product_tag?post=57136"}],"curies":[{"name":"wp","href":"https:\/\/api.w.org\/{rel}","templated":true}]}}