{"id":57324,"date":"2026-02-16T14:27:28","date_gmt":"2026-02-16T11:27:28","guid":{"rendered":"https:\/\/erformance.eu\/?post_type=product&#038;p=57324"},"modified":"2026-03-25T23:03:31","modified_gmt":"2026-03-25T20:03:31","slug":"audi-a8-d2-94-02-automatines-pavaru-dezes-pozicionieris","status":"publish","type":"product","link":"https:\/\/erformance.eu\/lv\/produkts\/audi-a8-d2-94-02-automatines-pavaru-dezes-pozicionieris\/","title":{"rendered":"Audi A8 D2 94-02 automatin\u0117s pavar\u0173 d\u0117\u017e\u0117s pozicionieris"},"content":{"rendered":"<p>Prek\u0117: Automatin\u0117s pavar\u0173 d\u0117\u017e\u0117s pad\u0117ties reguliatorius<br \/>\nOriginalus numeris:<\/p>\n<p>01V919821B<br \/>\n01V919821A<br \/>\n01V919821 B<br \/>\n01V919821 A<br \/>\n01V 919 821 B<br \/>\n01V 919 821 A<br \/>\n1V919821B<br \/>\n1V919821A<br \/>\n1V919821 B<br \/>\n1V919821 A<br \/>\n1V 919 821 B<br \/>\n1V 919 821 A<br \/>\n0501317994<\/p>\n<p>PASTABA: auk\u0161\u010diau pateikti numeriai yra original\u016bs dali\u0173 numeriai, kuriuos \u0161is pasi\u016blymas pakei\u010dia. Prie\u0161 pirkdami, palyginkite juos su originaliu dalies numeriu. Jei jie skiriasi net vienu simboliu, dalis netiks, neveiks arba veiks netinkamai. Tokiu atveju jos nepirkite.<br \/>\nAutomobilis:<br \/>\nAudi A4 B5 (8D2), pagaminimo metai: 1995\u20132001<\/p>\n<p>1.8 quattro (ADR APT ARG) 1781ccm 125KM\/92kW 1995\/01\u20132000\/11<br \/>\n1.8 quattro (AFY) 1781ccm 115km\/85kW 1995\/07-2000\/11<br \/>\n1.8 T (AEB ANB APU ARK ATW AWT) 1781ccm 150KM\/110kW 1995\/01-2000\/11<br \/>\n1.8 T quattro (AEB ANB APU ARK ATW AWT) 1781ccm 150KM\/110kW 1995\/01-2000\/11<br \/>\n1.9 TDI (AJM) 1896ccm 116KM\/85kW 2000\/03-2000\/11<br \/>\n1.9 TDI quattro (AFN AVG) 1896ccm 110KM\/81kW 1996\/09-2000\/11<br \/>\n2.4 (AGA ALF AML APS ARJ) 2393ccm 165KM\/121kW 1997\/03-2000\/11<br \/>\n2.4 (AJG AMM APZ) 2393ccm 163KM\/120kW 1997\/08-2000\/11<br \/>\n2.4 quattro (AGA ALF AML APS ARJ) 2393ccm 165KM\/121kW 1997\/03-2000\/11<br \/>\n2.5 TDI (AFB AKN) 2496ccm 150KM\/110kW 1997\/09-2000\/11<br \/>\n2.5 TDI quattro (AFB AKN) 2496ccm 150KM\/110kW 1997\/09-2000\/11<br \/>\n2.8 (ACK AHA ALG AMX APR AQD ATQ) 2771ccm 193KM\/142kW 1996\/10-2000\/11<br \/>\n2.8 (ATX) 2771ccm 190KM\/140kW 1999\/09-2000\/10<br \/>\n2.8 quattro (ACK AHA ALG AMX APR AQD ATQ) 2771ccm 193KM\/142kW 1996\/10-2001\/08<br \/>\nS4 quattro (AGB AZB) 2671ccm 265KM\/195kW 1997\/09-2001\/09<\/p>\n<p>Audi A4 B5 Avant (8D5), rok produkcji: 1995-2001<\/p>\n<p>1.8 quattro (ADR APT ARG) 1781ccm 125KM\/92kW 1996\/01-2001\/09<br \/>\n1.8 quattro (AFY) 1781ccm 115KM\/85kW 1995\/07-2001\/09<br \/>\n1.8 T (AEB ANB APU ARK AWT) 1781ccm 150KM\/110kW 1996\/03-2001\/09<br \/>\n1.8 T quattro (AEB ANB APU ARK ATW AWT) 1781ccm 150KM\/110kW 1996\/01-2001\/09<br \/>\n1.9 TDI quattro (AFN AVG) 1896ccm 110KM\/81kW 1996\/09-2001\/09<br \/>\n2.4 (AGA ALF AML APS ARJ) 2393ccm 165KM\/121kW 1997\/03-2001\/09<br \/>\n2.4 (AJG AMM APZ) 2393ccm 163KM\/120kW 1997\/08-2001\/09<br \/>\n2.4 quattro (AGA ALF AML APS ARJ) 2393ccm 165KM\/121kW 1997\/03-2001\/09<br \/>\n2.5 TDI (AFB AKN) 2496ccm 150KM\/110kW 1997\/09-2001\/09<br \/>\n2.5 TDI quattro (AFB AKN) 2496ccm 150KM\/110kW 1997\/09-2001\/09<br \/>\n2.8 (ACK AHA ALG APR AQD) 2771ccm 193KM\/142kW 1996\/10-2001\/09<br \/>\n2.8 quattro (ACK AHA ALG AMX APR AQD ATQ) 2771ccm 193KM\/142kW 1996\/10-2001\/09<\/p>\n<p>Audi A4 B6 (8E2), rok produkcji: 2000-2004<\/p>\n<p>1.8 T quattro (AMB AWM) 1781ccm 170KM\/125kW 2001\/07-2004\/12<br \/>\n2.5 TDI quattro (AKE BAU BDH) 2496ccm 180KM\/132kW 2000\/11-2004\/12<br \/>\n3.0 quattro (ASN AVK) 2976ccm 220KM\/162kW 2000\/11-2004\/12<br \/>\n3.0 quattro (BBJ) 2976ccm 218KM\/160kW 2001\/04-2004\/12<\/p>\n<p>Audi A4 B6 Avant (8E5), rok produkcji: 2001-2004<\/p>\n<p>2.5 TDI quattro (AKE BAU BDH) 2496ccm 180KM\/132kW 2001\/09-2004\/12<br \/>\n3.0 (BBJ) 2976ccm 218KM\/160kW 2001\/04-2004\/12<br \/>\n3.0 quattro (ASN AVK) 2976ccm 220KM\/162kW 2001\/09-2004\/12<br \/>\n3.0 quattro (BBJ) 2976ccm 218KM\/160kW 2001\/04-2004\/12<\/p>\n<p>Audi A4 B6 kabriolet (8H7), rok produkcji: 2002-2005<\/p>\n<p>3.0 (ASN AVK BGN) 2976ccm 220KM\/162kW 2002\/04-2005\/12<br \/>\n3.0 quattro (ASN AVK BGN) 2976ccm 220KM\/162kW 2003\/05-2005\/12<\/p>\n<p>Audi A4 B7 (8EC), rok produkcji: 2004-2006<\/p>\n<p>3.0 quattro (BBJ) 2976ccm 218KM\/160kW 2004\/11-2006\/07<\/p>\n<p>Audi A4 B7 Avant (8ED), rok produkcji: 2004-2006<\/p>\n<p>3.0 quattro (BBJ) 2976ccm 218KM\/160kW 2004\/11-2006\/07<\/p>\n<p>Audi A6 C5 (4B2), rok produkcji: 1997-2005<\/p>\n<p>1.8 T (AEB ANB APU ARK AWT) 1781ccm 150KM\/110kW 1997\/01-2005\/01<br \/>\n1.8 T quattro (AJL) 1781ccm 180KM\/132kW 1997\/12-2005\/01<br \/>\n1.9 TDI (AJM) 1896ccm 115KM\/85kW 2000\/07-2005\/01<br \/>\n2.4 (AGA ALF AML APS ARJ) 2393ccm 165KM\/121kW 1997\/02-2005\/01<br \/>\n2.4 (AJG AMM APZ) 2393ccm 163KM\/120kW 1997\/02-2005\/01<br \/>\n2.4 (APC) 2393ccm 156KM\/115kW 1997\/02-2005\/01<br \/>\n2.4 quattro (AGA ALF AML APS ARJ) 2393ccm 165KM\/121kW 1997\/02-2005\/01<br \/>\n2.4 quattro (AJG APZ) 2393ccm 163KM\/120kW 1997\/02-2005\/01<br \/>\n2.4 quattro (APC) 2393ccm 156KM\/115kW 1998\/08-1999\/07<br \/>\n2.4 quattro (BDV) 2393ccm 170KM\/125kW 2001\/08-2005\/01<br \/>\n2.5 TDI (AFB AKN) 2496ccm 150KM\/110kW 1997\/07-2005\/01<br \/>\n2.5 TDI (AKE BAU BDH) 2496ccm 180KM\/132kW 2000\/02-2005\/01<br \/>\n2.5 TDI quattro (AFB AKN) 2496ccm 150KM\/110kW 1997\/07-2005\/01<br \/>\n2.5 TDI quattro (AKE BAU BDH) 2496ccm 180KM\/132kW 2000\/02-2005\/01<br \/>\n2.7 T (AJK) 2671ccm 230KM\/169kW 1999\/02-2005\/01<br \/>\n2.7 T quattro (AJK AZA) 2671ccm 230KM\/169kW 1997\/12-2005\/01<br \/>\n2.7 T quattro (ARE BES) 2671ccm 250KM\/184kW 2001\/08-2005\/01<br \/>\n2.8 (ACK ALG AMX APR AQD ATQ) 2771ccm 193KM\/142kW 1997\/02-2005\/01<br \/>\n2.8 (AGE) 2771ccm 180KM\/132kW 1997\/10-2000\/05<br \/>\n2.8 (ATX) 2771ccm 190KM\/140kW 1999\/07-2005\/01<br \/>\n2.8 quattro (ACK ALG AMX APR AQD ATQ) 2771ccm 193KM\/142kW 1997\/02-2005\/01<br \/>\n3.0 quattro (ASN) 2976ccm 220KM\/162kW 2001\/08-2005\/01<\/p>\n<p>Audi A6 C5 Avant (4B5), rok produkcji: 1997-2005<\/p>\n<p>1.8 T (AEB ANB APU ARK AWT) 1781ccm 150KM\/110kW 1997\/12-2005\/01<br \/>\n1.8 T quattro (AJL) 1781ccm 180KM\/132kW 1997\/12-2005\/01<br \/>\n2.4 (AGA ALF AML APS ARJ) 2393ccm 165KM\/121kW 1997\/12-2005\/01<br \/>\n2.4 (AJG AMM APZ) 2393ccm 163KM\/120kW 1997\/12-2005\/01<br \/>\n2.4 (APC) 2393ccm 156KM\/115kW 1997\/12-2005\/01<br \/>\n2.4 quattro (AGA ALF AML APS ARJ) 2393ccm 165KM\/121kW 1997\/12-2005\/01<br \/>\n2.4 quattro (AJG APZ) 2393ccm 163KM\/120kW 1997\/12-2005\/01<br \/>\n2.4 quattro (APC) 2393ccm 156KM\/115kW 1998\/08-2001\/05<br \/>\n2.4 quattro (BDV) 2393ccm 170KM\/125kW 2001\/08-2005\/01<br \/>\n2.5 TDI (AFB AKN) 2496ccm 150KM\/110kW 1997\/12-2005\/01<br \/>\n2.5 TDI (AKE BAU BDH) 2496ccm 180KM\/132kW 2000\/02-2005\/01<br \/>\n2.5 TDI quattro (AFB AKN) 2496ccm 150KM\/110kW 1997\/12-2005\/01<br \/>\n2.5 TDI quattro (AKE BAU BDH) 2496ccm 180KM\/132kW 2000\/02-2005\/01<br \/>\n2.7 T (AJK) 2671ccm 230KM\/169kW 1999\/02-2005\/01<br \/>\n2.7 T quattro (AJK AZA) 2671ccm 230KM\/169kW 1997\/12-2005\/01<br \/>\n2.7 T quattro (ARE BES) 2671ccm 250KM\/184kW 2001\/08-2005\/01<br \/>\n2.8 (ACK ALG AMX APR AQD) 2771ccm 193KM\/142kW 1997\/12-2005\/01<br \/>\n2.8 (AGE) 2771ccm 180KM\/132kW 1997\/12-2000\/05<br \/>\n2.8 quattro (ACK ALG AMX APR AQD ATQ) 2771ccm 193KM\/142kW 1997\/12-2005\/01<br \/>\n3.0 quattro (ASN) 2976ccm 220KM\/162kW 2001\/08-2005\/01<br \/>\n3.0 quattro (BBJ) 2976ccm 218KM\/160kW 2001\/06-2005\/01<\/p>\n<p>Audi A8 D2 (4D2, 4D8), rok produkcji: 1994-2002<\/p>\n<p>2.5 TDI (AFB AKN) 2496ccm 150KM\/110kW 1997\/01-2000\/04<br \/>\n2.5 TDI (AKE) 2496ccm 180KM\/132kW 2000\/09-2002\/09<br \/>\n2.5 TDI quattro (AFB AKN) 2496ccm 150KM\/110kW 1997\/07-2000\/04<br \/>\n2.5 TDI quattro (AKE) 2496ccm 180KM\/132kW 2000\/09-2002\/09<br \/>\n2.8 (ACK ALG AMX APR AQD) 2771ccm 193KM\/142kW 1996\/04-2002\/09<br \/>\n2.8 quattro (AAH) 2771ccm 174KM\/128kW 1994\/03-1996\/03<br \/>\n2.8 quattro (ACK ALG AMX APR AQD) 2771ccm 193KM\/142kW 1996\/04-2002\/09<\/p>\n<p>Skoda SUPERB I (3U4), rok produkcji: 2001-2008<\/p>\n<p>1.8 T (AWT) 1781ccm 150KM\/110kW 2001\/12-2008\/03<br \/>\n1.9 TDI (AVF AWX) 1896ccm 130KM\/96kW 2001\/12-2008\/03<br \/>\n2.5 TDI (BDG) 2496ccm 163KM\/120kW 2003\/06-2008\/03<br \/>\n2.8 (BBG) 2771ccm 190KM\/140kW 2002\/06-2008\/03<\/p>\n<p>Volkswagen PASSAT B5 (3B2), rok produkcji: 1996-2000<\/p>\n<p>1.8 T (AEB ANB APU ATW AUG) 1781ccm 150KM\/110kW 1996\/10-2000\/11<br \/>\n1.9 TDI (AJM ATJ) 1896ccm 115KM\/85kW 1998\/08-2000\/11<br \/>\n1.9 TDI 4motion (ATJ) 1896ccm 115KM\/85kW 1999\/08-2000\/11<br \/>\n2.3 VR5 (AGZ) 2324ccm 150KM\/110kW 1996\/10-2000\/11<br \/>\n2.3 VR5 Syncro\/4motion (AGZ) 2324ccm 150KM\/110kW 1997\/10-2000\/11<br \/>\n2.5 TDI (AFB AKN) 2496ccm 150KM\/110kW 1998\/07-2000\/11<br \/>\n2.5 TDI Syncro\/4motion (AFB AKN) 2496ccm 150KM\/110kW 1998\/12-2000\/11<br \/>\n2.8 V6 (ACK AHA APR AQD) 2771ccm 193KM\/142kW 1996\/08-2000\/11<br \/>\n2.8 V6 (AGE) 2771ccm 180KM\/132kW 1997\/05-1999\/09<br \/>\n2.8 V6 (ATX BBG) 2771ccm 190KM\/140kW 1999\/09-2000\/11<br \/>\n2.8 V6 Syncro\/4motion (ACK AHA ALG APR AQD) 2771ccm 193KM\/142kW 1996\/10-2000\/11<\/p>\n<p>Volkswagen PASSAT B5 Variant (3B5), rok produkcji: 1997-2000<\/p>\n<p>1.8 T (AEB ANB APU ATW AUG) 1781ccm 150KM\/110kW 1997\/05-2000\/11<br \/>\n1.9 TDI (AJM ATJ) 1896ccm 115KM\/85kW 1998\/08-2000\/11<br \/>\n2.3 VR5 (AGZ) 2324ccm 150KM\/110kW 1997\/06-2000\/11<br \/>\n2.3 VR5 Syncro\/4motion (AGZ) 2324ccm 150KM\/110kW 1997\/10-2000\/11<br \/>\n2.5 TDI (AFB AKN) 2496ccm 150KM\/110kW 1998\/07-2000\/11<br \/>\n2.5 TDI Syncro\/4motion (AFB AKN) 2496ccm 150KM\/110kW 1998\/12-2000\/11<br \/>\n2.8 V6 (ACK AHA APR AQD ATQ) 2771ccm 193KM\/142kW 1997\/06-2000\/11<br \/>\n2.8 V6 (AGE) 2771ccm 180KM\/132kW 1997\/09-1999\/09<br \/>\n2.8 V6 (ATX) 2771ccm 190KM\/140kW 1999\/09-2000\/11<br \/>\n2.8 V6 Syncro\/4motion (ACK AHA ALG APR AQD ATQ) 2771ccm 193KM\/142kW 1997\/06-2000\/11<\/p>\n<p>Volkswagen PASSAT B5.5 (3B3), rok produkcji: 2000-2005<\/p>\n<p>1.8 T 20V (AWT) 1781ccm 150KM\/110kW 2000\/11-2005\/05<br \/>\n1.9 TDI (AVF AWX) 1896ccm 130KM\/96kW 2000\/11-2005\/05<br \/>\n2.0 (ALT) 1984ccm 130KM\/96kW 2001\/11-2005\/05<br \/>\n2.3 V5 (AZX) 2324ccm 170KM\/125kW 2000\/11-2005\/05<br \/>\n2.3 V5 4motion (AZX) 2324ccm 170KM\/125kW 2000\/11-2005\/05<br \/>\n2.5 TDI (AKN) 2496ccm 150KM\/110kW 2000\/11-2005\/05<br \/>\n2.5 TDI (BDG) 2496ccm 163KM\/120kW 2003\/05-2005\/05<br \/>\n2.5 TDI 4motion (AFB AKN) 2496ccm 150KM\/110kW 2000\/11-2005\/05<br \/>\n2.5 TDI 4motion (BAU BDH) 2496ccm 180KM\/132kW 2003\/01-2005\/05<br \/>\n2.8 (AMX ATQ) 2771ccm 193KM\/142kW 2002\/05-2003\/05<br \/>\n2.8 4motion (AMX ATQ) 2771ccm 193KM\/142kW 2000\/11-2005\/05<br \/>\n4.0 W8 4motion (BDN BDP) 3999ccm 275KM\/202kW 2001\/09-2004\/09<\/p>\n<p>Volkswagen PASSAT B5.5 Variant (3B6), rok produkcji: 2000-2005<\/p>\n<p>1.8 T (AWM) 1781ccm 170KM\/125kW 2002\/05-2005\/08<br \/>\n1.8 T 20V (AWT) 1781ccm 150KM\/110kW 2000\/11-2005\/05<br \/>\n1.9 TDI (AVF AWX) 1896ccm 130KM\/96kW 2000\/11-2005\/05<br \/>\n2.0 (ALT) 1984ccm 130KM\/96kW 2001\/11-2005\/05<br \/>\n2.3 VR5 (AZX) 2324ccm 170KM\/125kW 2000\/11-2005\/05<br \/>\n2.3 VR5 4motion (AZX) 2324ccm 170KM\/125kW 2000\/11-2005\/05<br \/>\n2.5 TDI (AKN) 2496ccm 150KM\/110kW 2000\/11-2005\/05<br \/>\n2.5 TDI (BDG) 2496ccm 163KM\/120kW 2003\/05-2005\/05<br \/>\n2.5 TDI 4motion (AKN) 2496ccm 150KM\/110kW 2000\/11-2005\/05<br \/>\n2.5 TDI 4motion (BAU BDH) 2496ccm 180KM\/132kW 2003\/01-2005\/05<br \/>\n2.8 (ATQ) 2771ccm 193KM\/142kW 2000\/10-2005\/08<br \/>\n2.8 4motion (AMX ATQ) 2771ccm 193KM\/142kW 2000\/11-2005\/05<br \/>\n4.0 W8 4motion (BDN BDP) 3999ccm 275KM\/202kW 2001\/09-2004\/09<\/p>\n<p>Volkswagen PHAETON (3D1, 3D2, 3D3, 3D4, 3D6, 3D7, 3D8, 3D9), rok produkcji: 2002-2016<\/p>\n<p>3.2 V6 (AYT BKL) 3189ccm 241KM\/177kW 2002\/04-2005\/05<br \/>\n6.0 W12 4motion (BAN BAP) 5998ccm 420KM\/309kW 2002\/04-2005\/12<br \/>\n6.0 W12 4motion (BRN BTT) 5998ccm 450KM\/331kW 2005\/05-2016\/03<\/p>\n<p>Ilo\u015b\u0107 pin\u00f3w: 9<br \/>\nProducent: zamiennik<br \/>\nStan techniczny: przedmiot jest fabrycznie NOWY, nieu\u017cywany, nieuszkodzony i niezniszczony<br \/>\nUwaga! do automatycznej skrzyni bieg\u00f3w<\/p>\n","protected":false},"excerpt":{"rendered":"<p>1. Prek\u0117: Automatin\u0117s pavar\u0173 d\u0117\u017e\u0117s pad\u0117ties reguliatorius2. Gamintojas: pakeitimas3. Automobilis:* Audi A4 B5 95-01* Audi A4 B6 00-05* Audi A4 B7 04-06* Audi A6 C5 97-05* Audi A8 D2 94-02* \u0160koda Superb I 2001\u20132008 m.* VW Passat B5 96-05* VW Phaeton 02\u201316<\/p>\n","protected":false},"featured_media":53978,"comment_status":"open","ping_status":"closed","template":"","meta":[],"product_brand":[],"product_cat":[396,144,3922,3962,4167],"product_tag":[],"class_list":{"0":"post-57324","1":"product","2":"type-product","3":"status-publish","4":"has-post-thumbnail","6":"product_cat-audi-a8","7":"product_cat-audi","8":"product_cat-audi-a8-d2","9":"product_cat-audi-a8-d2-isores-dalys","10":"product_cat-audi-a8-d2-isores-kitos-dalys","12":"first","13":"instock","14":"shipping-taxable","15":"purchasable","16":"product-type-simple"},"yoast_head":"<!-- This site is optimized with the Yoast SEO Premium plugin v25.2 (Yoast SEO v27.3) - https:\/\/yoast.com\/product\/yoast-seo-premium-wordpress\/ -->\n<title>Audi A8 D2 94-02 automatin\u0117s pavar\u0173 d\u0117\u017e\u0117s pozicionieris - Erformance.eu<\/title>\n<meta name=\"robots\" content=\"index, follow, max-snippet:-1, max-image-preview:large, max-video-preview:-1\" \/>\n<link rel=\"canonical\" href=\"https:\/\/erformance.eu\/lv\/produkts\/audi-a8-d2-94-02-automatines-pavaru-dezes-pozicionieris\/\" \/>\n<meta property=\"og:locale\" content=\"lv_LV\" \/>\n<meta property=\"og:type\" content=\"article\" \/>\n<meta property=\"og:title\" content=\"Audi A8 D2 94-02 automatin\u0117s pavar\u0173 d\u0117\u017e\u0117s pozicionieris\" \/>\n<meta property=\"og:description\" content=\"1. Prek\u0117: Automatin\u0117s pavar\u0173 d\u0117\u017e\u0117s pad\u0117ties reguliatorius2. Gamintojas: pakeitimas3. Automobilis:* Audi A4 B5 95-01* Audi A4 B6 00-05* Audi A4 B7 04-06* Audi A6 C5 97-05* Audi A8 D2 94-02* \u0160koda Superb I 2001\u20132008 m.* VW Passat B5 96-05* VW Phaeton 02\u201316\" \/>\n<meta property=\"og:url\" content=\"https:\/\/erformance.eu\/lv\/produkts\/audi-a8-d2-94-02-automatines-pavaru-dezes-pozicionieris\/\" \/>\n<meta property=\"og:site_name\" content=\"Erformance.eu\" \/>\n<meta property=\"article:modified_time\" content=\"2026-03-25T20:03:31+00:00\" \/>\n<meta property=\"og:image\" content=\"https:\/\/erformance.eu\/wp-content\/uploads\/2026\/02\/pol_pm_Audi-A8-D2-94-02-pozycjoner-automatycznej-skrzyni-biegow-32582_1.jpg\" \/>\n\t<meta property=\"og:image:width\" content=\"1200\" \/>\n\t<meta property=\"og:image:height\" content=\"1200\" \/>\n\t<meta property=\"og:image:type\" content=\"image\/jpeg\" \/>\n<meta name=\"twitter:card\" content=\"summary_large_image\" \/>\n<meta name=\"twitter:label1\" content=\"Est. reading time\" \/>\n\t<meta name=\"twitter:data1\" content=\"6 min\u016btes\" \/>\n<script type=\"application\/ld+json\" class=\"yoast-schema-graph\">{\"@context\":\"https:\\\/\\\/schema.org\",\"@graph\":[{\"@type\":\"WebPage\",\"@id\":\"https:\\\/\\\/erformance.eu\\\/lv\\\/produkts\\\/audi-a8-d2-94-02-automatines-pavaru-dezes-pozicionieris\\\/\",\"url\":\"https:\\\/\\\/erformance.eu\\\/lv\\\/produkts\\\/audi-a8-d2-94-02-automatines-pavaru-dezes-pozicionieris\\\/\",\"name\":\"Audi A8 D2 94-02 automatin\u0117s pavar\u0173 d\u0117\u017e\u0117s pozicionieris - Erformance.eu\",\"isPartOf\":{\"@id\":\"https:\\\/\\\/erformance.eu\\\/lv\\\/#website\"},\"primaryImageOfPage\":{\"@id\":\"https:\\\/\\\/erformance.eu\\\/lv\\\/produkts\\\/audi-a8-d2-94-02-automatines-pavaru-dezes-pozicionieris\\\/#primaryimage\"},\"image\":{\"@id\":\"https:\\\/\\\/erformance.eu\\\/lv\\\/produkts\\\/audi-a8-d2-94-02-automatines-pavaru-dezes-pozicionieris\\\/#primaryimage\"},\"thumbnailUrl\":\"https:\\\/\\\/erformance.eu\\\/wp-content\\\/uploads\\\/2026\\\/02\\\/pol_pm_Audi-A8-D2-94-02-pozycjoner-automatycznej-skrzyni-biegow-32582_1.jpg\",\"datePublished\":\"2026-02-16T11:27:28+00:00\",\"dateModified\":\"2026-03-25T20:03:31+00:00\",\"breadcrumb\":{\"@id\":\"https:\\\/\\\/erformance.eu\\\/lv\\\/produkts\\\/audi-a8-d2-94-02-automatines-pavaru-dezes-pozicionieris\\\/#breadcrumb\"},\"inLanguage\":\"lv-LV\",\"potentialAction\":[{\"@type\":\"ReadAction\",\"target\":[\"https:\\\/\\\/erformance.eu\\\/lv\\\/produkts\\\/audi-a8-d2-94-02-automatines-pavaru-dezes-pozicionieris\\\/\"]}]},{\"@type\":\"ImageObject\",\"inLanguage\":\"lv-LV\",\"@id\":\"https:\\\/\\\/erformance.eu\\\/lv\\\/produkts\\\/audi-a8-d2-94-02-automatines-pavaru-dezes-pozicionieris\\\/#primaryimage\",\"url\":\"https:\\\/\\\/erformance.eu\\\/wp-content\\\/uploads\\\/2026\\\/02\\\/pol_pm_Audi-A8-D2-94-02-pozycjoner-automatycznej-skrzyni-biegow-32582_1.jpg\",\"contentUrl\":\"https:\\\/\\\/erformance.eu\\\/wp-content\\\/uploads\\\/2026\\\/02\\\/pol_pm_Audi-A8-D2-94-02-pozycjoner-automatycznej-skrzyni-biegow-32582_1.jpg\",\"width\":1200,\"height\":1200},{\"@type\":\"BreadcrumbList\",\"@id\":\"https:\\\/\\\/erformance.eu\\\/lv\\\/produkts\\\/audi-a8-d2-94-02-automatines-pavaru-dezes-pozicionieris\\\/#breadcrumb\",\"itemListElement\":[{\"@type\":\"ListItem\",\"position\":1,\"name\":\"Home\",\"item\":\"https:\\\/\\\/erformance.eu\\\/lv\\\/\"},{\"@type\":\"ListItem\",\"position\":2,\"name\":\"Veikals\",\"item\":\"https:\\\/\\\/erformance.eu\\\/lv\\\/veikals\\\/\"},{\"@type\":\"ListItem\",\"position\":3,\"name\":\"Audi A8 D2 94-02 automatin\u0117s pavar\u0173 d\u0117\u017e\u0117s pozicionieris\"}]},{\"@type\":\"WebSite\",\"@id\":\"https:\\\/\\\/erformance.eu\\\/lv\\\/#website\",\"url\":\"https:\\\/\\\/erformance.eu\\\/lv\\\/\",\"name\":\"Erformance.eu\",\"description\":\"Automobili\u0173 dali\u0173 parduotuv\u0117\",\"potentialAction\":[{\"@type\":\"SearchAction\",\"target\":{\"@type\":\"EntryPoint\",\"urlTemplate\":\"https:\\\/\\\/erformance.eu\\\/lv\\\/?s={search_term_string}\"},\"query-input\":{\"@type\":\"PropertyValueSpecification\",\"valueRequired\":true,\"valueName\":\"search_term_string\"}}],\"inLanguage\":\"lv-LV\"}]}<\/script>\n<!-- \/ Yoast SEO Premium plugin. -->","yoast_head_json":{"title":"Audi A8 D2 94-02 automatin\u0117s pavar\u0173 d\u0117\u017e\u0117s pozicionieris - Erformance.eu","robots":{"index":"index","follow":"follow","max-snippet":"max-snippet:-1","max-image-preview":"max-image-preview:large","max-video-preview":"max-video-preview:-1"},"canonical":"https:\/\/erformance.eu\/lv\/produkts\/audi-a8-d2-94-02-automatines-pavaru-dezes-pozicionieris\/","og_locale":"lv_LV","og_type":"article","og_title":"Audi A8 D2 94-02 automatin\u0117s pavar\u0173 d\u0117\u017e\u0117s pozicionieris","og_description":"1. Prek\u0117: Automatin\u0117s pavar\u0173 d\u0117\u017e\u0117s pad\u0117ties reguliatorius2. Gamintojas: pakeitimas3. Automobilis:* Audi A4 B5 95-01* Audi A4 B6 00-05* Audi A4 B7 04-06* Audi A6 C5 97-05* Audi A8 D2 94-02* \u0160koda Superb I 2001\u20132008 m.* VW Passat B5 96-05* VW Phaeton 02\u201316","og_url":"https:\/\/erformance.eu\/lv\/produkts\/audi-a8-d2-94-02-automatines-pavaru-dezes-pozicionieris\/","og_site_name":"Erformance.eu","article_modified_time":"2026-03-25T20:03:31+00:00","og_image":[{"width":1200,"height":1200,"url":"https:\/\/erformance.eu\/wp-content\/uploads\/2026\/02\/pol_pm_Audi-A8-D2-94-02-pozycjoner-automatycznej-skrzyni-biegow-32582_1.jpg","type":"image\/jpeg"}],"twitter_card":"summary_large_image","twitter_misc":{"Est. reading time":"6 min\u016btes"},"schema":{"@context":"https:\/\/schema.org","@graph":[{"@type":"WebPage","@id":"https:\/\/erformance.eu\/lv\/produkts\/audi-a8-d2-94-02-automatines-pavaru-dezes-pozicionieris\/","url":"https:\/\/erformance.eu\/lv\/produkts\/audi-a8-d2-94-02-automatines-pavaru-dezes-pozicionieris\/","name":"Audi A8 D2 94-02 automatin\u0117s pavar\u0173 d\u0117\u017e\u0117s pozicionieris - Erformance.eu","isPartOf":{"@id":"https:\/\/erformance.eu\/lv\/#website"},"primaryImageOfPage":{"@id":"https:\/\/erformance.eu\/lv\/produkts\/audi-a8-d2-94-02-automatines-pavaru-dezes-pozicionieris\/#primaryimage"},"image":{"@id":"https:\/\/erformance.eu\/lv\/produkts\/audi-a8-d2-94-02-automatines-pavaru-dezes-pozicionieris\/#primaryimage"},"thumbnailUrl":"https:\/\/erformance.eu\/wp-content\/uploads\/2026\/02\/pol_pm_Audi-A8-D2-94-02-pozycjoner-automatycznej-skrzyni-biegow-32582_1.jpg","datePublished":"2026-02-16T11:27:28+00:00","dateModified":"2026-03-25T20:03:31+00:00","breadcrumb":{"@id":"https:\/\/erformance.eu\/lv\/produkts\/audi-a8-d2-94-02-automatines-pavaru-dezes-pozicionieris\/#breadcrumb"},"inLanguage":"lv-LV","potentialAction":[{"@type":"ReadAction","target":["https:\/\/erformance.eu\/lv\/produkts\/audi-a8-d2-94-02-automatines-pavaru-dezes-pozicionieris\/"]}]},{"@type":"ImageObject","inLanguage":"lv-LV","@id":"https:\/\/erformance.eu\/lv\/produkts\/audi-a8-d2-94-02-automatines-pavaru-dezes-pozicionieris\/#primaryimage","url":"https:\/\/erformance.eu\/wp-content\/uploads\/2026\/02\/pol_pm_Audi-A8-D2-94-02-pozycjoner-automatycznej-skrzyni-biegow-32582_1.jpg","contentUrl":"https:\/\/erformance.eu\/wp-content\/uploads\/2026\/02\/pol_pm_Audi-A8-D2-94-02-pozycjoner-automatycznej-skrzyni-biegow-32582_1.jpg","width":1200,"height":1200},{"@type":"BreadcrumbList","@id":"https:\/\/erformance.eu\/lv\/produkts\/audi-a8-d2-94-02-automatines-pavaru-dezes-pozicionieris\/#breadcrumb","itemListElement":[{"@type":"ListItem","position":1,"name":"Home","item":"https:\/\/erformance.eu\/lv\/"},{"@type":"ListItem","position":2,"name":"Veikals","item":"https:\/\/erformance.eu\/lv\/veikals\/"},{"@type":"ListItem","position":3,"name":"Audi A8 D2 94-02 automatin\u0117s pavar\u0173 d\u0117\u017e\u0117s pozicionieris"}]},{"@type":"WebSite","@id":"https:\/\/erformance.eu\/lv\/#website","url":"https:\/\/erformance.eu\/lv\/","name":"Erformance.eu","description":"Automobili\u0173 dali\u0173 parduotuv\u0117","potentialAction":[{"@type":"SearchAction","target":{"@type":"EntryPoint","urlTemplate":"https:\/\/erformance.eu\/lv\/?s={search_term_string}"},"query-input":{"@type":"PropertyValueSpecification","valueRequired":true,"valueName":"search_term_string"}}],"inLanguage":"lv-LV"}]}},"jetpack_sharing_enabled":true,"_links":{"self":[{"href":"https:\/\/erformance.eu\/lv\/wp-json\/wp\/v2\/product\/57324","targetHints":{"allow":["GET"]}}],"collection":[{"href":"https:\/\/erformance.eu\/lv\/wp-json\/wp\/v2\/product"}],"about":[{"href":"https:\/\/erformance.eu\/lv\/wp-json\/wp\/v2\/types\/product"}],"replies":[{"embeddable":true,"href":"https:\/\/erformance.eu\/lv\/wp-json\/wp\/v2\/comments?post=57324"}],"version-history":[{"count":1,"href":"https:\/\/erformance.eu\/lv\/wp-json\/wp\/v2\/product\/57324\/revisions"}],"predecessor-version":[{"id":57325,"href":"https:\/\/erformance.eu\/lv\/wp-json\/wp\/v2\/product\/57324\/revisions\/57325"}],"wp:featuredmedia":[{"embeddable":true,"href":"https:\/\/erformance.eu\/lv\/wp-json\/wp\/v2\/media\/53978"}],"wp:attachment":[{"href":"https:\/\/erformance.eu\/lv\/wp-json\/wp\/v2\/media?parent=57324"}],"wp:term":[{"taxonomy":"product_brand","embeddable":true,"href":"https:\/\/erformance.eu\/lv\/wp-json\/wp\/v2\/product_brand?post=57324"},{"taxonomy":"product_cat","embeddable":true,"href":"https:\/\/erformance.eu\/lv\/wp-json\/wp\/v2\/product_cat?post=57324"},{"taxonomy":"product_tag","embeddable":true,"href":"https:\/\/erformance.eu\/lv\/wp-json\/wp\/v2\/product_tag?post=57324"}],"curies":[{"name":"wp","href":"https:\/\/api.w.org\/{rel}","templated":true}]}}