{"id":57358,"date":"2026-02-16T14:27:46","date_gmt":"2026-02-16T11:27:46","guid":{"rendered":"https:\/\/erformance.eu\/?post_type=product&#038;p=57358"},"modified":"2026-03-26T02:44:52","modified_gmt":"2026-03-25T23:44:52","slug":"audi-tt-06-14-spynos-uzraktas-kaire","status":"publish","type":"product","link":"https:\/\/erformance.eu\/lv\/produkts\/audi-tt-06-14-spynos-uzraktas-kaire\/","title":{"rendered":"Audi TT 06-14 spynos u\u017eraktas kair\u0117"},"content":{"rendered":"<p>Przedmiot: si\u0142ownik centralnego zamka drzwi tylnych<br \/>\nStrona: lewa (po stronie kierowcy)<br \/>\nNumer OE:<\/p>\n<p>8K0839015<br \/>\n8J0839015<br \/>\n8K0839015C<\/p>\n<p>UWAGA! powy\u017csze numery s\u0105 numerami oryginalnych cz\u0119\u015bci kt\u00f3rych przedmiot z niniejszej oferty jest zamiennikiem. Przed zakupem nale\u017cy je bezwzgl\u0119dnie por\u00f3wna\u0107 z numerem oryginalnej wymienianej cz\u0119\u015bci. Je\u017celi r\u00f3\u017cni\u0105 si\u0119 chocia\u017cby jednym znakiem to ta cz\u0119\u015b\u0107 nie b\u0119dzie pasowa\u0142a lub nie b\u0119dzie dzia\u0142a\u0142a lub nie b\u0119dzie dzia\u0142a\u0142a prawid\u0142owo. W takim wypadku nie nale\u017cy jej kupowa\u0107<br \/>\nIlo\u015b\u0107 pin\u00f3w: 8<br \/>\nSamoch\u00f3d:<\/p>\n<p>Audi A4 \/ S4 B8, rok produkcji: 2007-2016<br \/>\nAudi A5 \/ S5 B8, rok produkcji: 2007-2011<br \/>\nAudi Q3 8U, rok produkcji: 2011-2015<br \/>\n\u201eAudi Q5 8R\u201c, gamybos metai: 2008\u20132012<br \/>\nAudi Q7 4L, gamybos metai: 2005-2015<br \/>\nAudi TT 8J, pagaminimo metai: 2006\u20132014<br \/>\n\u201eSkoda Superb II 3T\u201c, gamybos metai: 2009\u20132015 (pasirinkti modeliai)<br \/>\nVW Touareg 7P, modeliai, pagaminti nuo 2011 m.<\/p>\n<p>Gamintojas: pakaitalas<br \/>\nTechnin\u0117 b\u016bkl\u0117: prek\u0117 yra visi\u0161kai nauja, nenaudota, nepa\u017eeista ir nesugadinta<\/p>\n","protected":false},"excerpt":{"rendered":"<p>1. Przedmiot: zamek centralny drzwi tylnych2. Strona: lewa3. Producent: zamiennik4. Samoch\u00f3d:* Audi A4 \/ S4 B8 07-16* Audi A5 \/ S5 B8 07-11* Audi Q3 11-14* Audi Q5 08-12* Audi Q7 05-15* Audi TT 06-14* Skoda Superb II 09-15* VW Touareg 2011-<\/p>\n","protected":false},"featured_media":54116,"comment_status":"open","ping_status":"closed","template":"","meta":[],"product_brand":[],"product_cat":[3933,144,3973,4178,4373,401],"product_tag":[],"class_list":{"0":"post-57358","1":"product","2":"type-product","3":"status-publish","4":"has-post-thumbnail","6":"product_cat-audi-tt-8j","7":"product_cat-audi","8":"product_cat-audi-tt-8j-isores-dalys","9":"product_cat-audi-tt-8j-isores-kitos-dalys","10":"product_cat-audi-tt-8j-mechanizmai-valytuvai","11":"product_cat-audi-tt","13":"first","14":"instock","15":"shipping-taxable","16":"purchasable","17":"product-type-simple"},"yoast_head":"<!-- This site is optimized with the Yoast SEO Premium plugin v25.2 (Yoast SEO v27.4) - https:\/\/yoast.com\/product\/yoast-seo-premium-wordpress\/ -->\n<title>Audi TT 06-14 spynos u\u017eraktas kair\u0117 - Erformance.eu<\/title>\n<meta name=\"robots\" content=\"index, follow, max-snippet:-1, max-image-preview:large, max-video-preview:-1\" \/>\n<link rel=\"canonical\" href=\"https:\/\/erformance.eu\/lv\/produkts\/audi-tt-06-14-spynos-uzraktas-kaire\/\" \/>\n<meta property=\"og:locale\" content=\"lv_LV\" \/>\n<meta property=\"og:type\" content=\"article\" \/>\n<meta property=\"og:title\" content=\"Audi TT 06-14 spynos u\u017eraktas kair\u0117\" \/>\n<meta property=\"og:description\" content=\"1. Przedmiot: zamek centralny drzwi tylnych2. Strona: lewa3. Producent: zamiennik4. Samoch\u00f3d:* Audi A4 \/ S4 B8 07-16* Audi A5 \/ S5 B8 07-11* Audi Q3 11-14* Audi Q5 08-12* Audi Q7 05-15* Audi TT 06-14* Skoda Superb II 09-15* VW Touareg 2011-\" \/>\n<meta property=\"og:url\" content=\"https:\/\/erformance.eu\/lv\/produkts\/audi-tt-06-14-spynos-uzraktas-kaire\/\" \/>\n<meta property=\"og:site_name\" content=\"Erformance.eu\" \/>\n<meta property=\"article:modified_time\" content=\"2026-03-25T23:44:52+00:00\" \/>\n<meta property=\"og:image\" content=\"https:\/\/erformance.eu\/wp-content\/uploads\/2026\/02\/pol_pm_Audi-TT-06-14-zamek-centralny-drzwi-tylnych-lewy-14591_1.jpg\" \/>\n\t<meta property=\"og:image:width\" content=\"1200\" \/>\n\t<meta property=\"og:image:height\" content=\"900\" \/>\n\t<meta property=\"og:image:type\" content=\"image\/jpeg\" \/>\n<meta name=\"twitter:card\" content=\"summary_large_image\" \/>\n<meta name=\"twitter:label1\" content=\"Est. reading time\" \/>\n\t<meta name=\"twitter:data1\" content=\"1 min\u016b\u0161u\" \/>\n<script type=\"application\/ld+json\" class=\"yoast-schema-graph\">{\"@context\":\"https:\\\/\\\/schema.org\",\"@graph\":[{\"@type\":\"WebPage\",\"@id\":\"https:\\\/\\\/erformance.eu\\\/lv\\\/produkts\\\/audi-tt-06-14-spynos-uzraktas-kaire\\\/\",\"url\":\"https:\\\/\\\/erformance.eu\\\/lv\\\/produkts\\\/audi-tt-06-14-spynos-uzraktas-kaire\\\/\",\"name\":\"Audi TT 06-14 spynos u\u017eraktas kair\u0117 - Erformance.eu\",\"isPartOf\":{\"@id\":\"https:\\\/\\\/erformance.eu\\\/lv\\\/#website\"},\"primaryImageOfPage\":{\"@id\":\"https:\\\/\\\/erformance.eu\\\/lv\\\/produkts\\\/audi-tt-06-14-spynos-uzraktas-kaire\\\/#primaryimage\"},\"image\":{\"@id\":\"https:\\\/\\\/erformance.eu\\\/lv\\\/produkts\\\/audi-tt-06-14-spynos-uzraktas-kaire\\\/#primaryimage\"},\"thumbnailUrl\":\"https:\\\/\\\/erformance.eu\\\/wp-content\\\/uploads\\\/2026\\\/02\\\/pol_pm_Audi-TT-06-14-zamek-centralny-drzwi-tylnych-lewy-14591_1.jpg\",\"datePublished\":\"2026-02-16T11:27:46+00:00\",\"dateModified\":\"2026-03-25T23:44:52+00:00\",\"breadcrumb\":{\"@id\":\"https:\\\/\\\/erformance.eu\\\/lv\\\/produkts\\\/audi-tt-06-14-spynos-uzraktas-kaire\\\/#breadcrumb\"},\"inLanguage\":\"lv-LV\",\"potentialAction\":[{\"@type\":\"ReadAction\",\"target\":[\"https:\\\/\\\/erformance.eu\\\/lv\\\/produkts\\\/audi-tt-06-14-spynos-uzraktas-kaire\\\/\"]}]},{\"@type\":\"ImageObject\",\"inLanguage\":\"lv-LV\",\"@id\":\"https:\\\/\\\/erformance.eu\\\/lv\\\/produkts\\\/audi-tt-06-14-spynos-uzraktas-kaire\\\/#primaryimage\",\"url\":\"https:\\\/\\\/erformance.eu\\\/wp-content\\\/uploads\\\/2026\\\/02\\\/pol_pm_Audi-TT-06-14-zamek-centralny-drzwi-tylnych-lewy-14591_1.jpg\",\"contentUrl\":\"https:\\\/\\\/erformance.eu\\\/wp-content\\\/uploads\\\/2026\\\/02\\\/pol_pm_Audi-TT-06-14-zamek-centralny-drzwi-tylnych-lewy-14591_1.jpg\",\"width\":1200,\"height\":900},{\"@type\":\"BreadcrumbList\",\"@id\":\"https:\\\/\\\/erformance.eu\\\/lv\\\/produkts\\\/audi-tt-06-14-spynos-uzraktas-kaire\\\/#breadcrumb\",\"itemListElement\":[{\"@type\":\"ListItem\",\"position\":1,\"name\":\"Home\",\"item\":\"https:\\\/\\\/erformance.eu\\\/lv\\\/\"},{\"@type\":\"ListItem\",\"position\":2,\"name\":\"Veikals\",\"item\":\"https:\\\/\\\/erformance.eu\\\/lv\\\/veikals\\\/\"},{\"@type\":\"ListItem\",\"position\":3,\"name\":\"Audi TT 06-14 spynos u\u017eraktas kair\u0117\"}]},{\"@type\":\"WebSite\",\"@id\":\"https:\\\/\\\/erformance.eu\\\/lv\\\/#website\",\"url\":\"https:\\\/\\\/erformance.eu\\\/lv\\\/\",\"name\":\"Erformance.eu\",\"description\":\"Automobili\u0173 dali\u0173 parduotuv\u0117\",\"potentialAction\":[{\"@type\":\"SearchAction\",\"target\":{\"@type\":\"EntryPoint\",\"urlTemplate\":\"https:\\\/\\\/erformance.eu\\\/lv\\\/?s={search_term_string}\"},\"query-input\":{\"@type\":\"PropertyValueSpecification\",\"valueRequired\":true,\"valueName\":\"search_term_string\"}}],\"inLanguage\":\"lv-LV\"}]}<\/script>\n<!-- \/ Yoast SEO Premium plugin. -->","yoast_head_json":{"title":"Audi TT 06-14 spynos u\u017eraktas kair\u0117 - Erformance.eu","robots":{"index":"index","follow":"follow","max-snippet":"max-snippet:-1","max-image-preview":"max-image-preview:large","max-video-preview":"max-video-preview:-1"},"canonical":"https:\/\/erformance.eu\/lv\/produkts\/audi-tt-06-14-spynos-uzraktas-kaire\/","og_locale":"lv_LV","og_type":"article","og_title":"Audi TT 06-14 spynos u\u017eraktas kair\u0117","og_description":"1. Przedmiot: zamek centralny drzwi tylnych2. Strona: lewa3. Producent: zamiennik4. Samoch\u00f3d:* Audi A4 \/ S4 B8 07-16* Audi A5 \/ S5 B8 07-11* Audi Q3 11-14* Audi Q5 08-12* Audi Q7 05-15* Audi TT 06-14* Skoda Superb II 09-15* VW Touareg 2011-","og_url":"https:\/\/erformance.eu\/lv\/produkts\/audi-tt-06-14-spynos-uzraktas-kaire\/","og_site_name":"Erformance.eu","article_modified_time":"2026-03-25T23:44:52+00:00","og_image":[{"width":1200,"height":900,"url":"https:\/\/erformance.eu\/wp-content\/uploads\/2026\/02\/pol_pm_Audi-TT-06-14-zamek-centralny-drzwi-tylnych-lewy-14591_1.jpg","type":"image\/jpeg"}],"twitter_card":"summary_large_image","twitter_misc":{"Est. reading time":"1 min\u016b\u0161u"},"schema":{"@context":"https:\/\/schema.org","@graph":[{"@type":"WebPage","@id":"https:\/\/erformance.eu\/lv\/produkts\/audi-tt-06-14-spynos-uzraktas-kaire\/","url":"https:\/\/erformance.eu\/lv\/produkts\/audi-tt-06-14-spynos-uzraktas-kaire\/","name":"Audi TT 06-14 spynos u\u017eraktas kair\u0117 - Erformance.eu","isPartOf":{"@id":"https:\/\/erformance.eu\/lv\/#website"},"primaryImageOfPage":{"@id":"https:\/\/erformance.eu\/lv\/produkts\/audi-tt-06-14-spynos-uzraktas-kaire\/#primaryimage"},"image":{"@id":"https:\/\/erformance.eu\/lv\/produkts\/audi-tt-06-14-spynos-uzraktas-kaire\/#primaryimage"},"thumbnailUrl":"https:\/\/erformance.eu\/wp-content\/uploads\/2026\/02\/pol_pm_Audi-TT-06-14-zamek-centralny-drzwi-tylnych-lewy-14591_1.jpg","datePublished":"2026-02-16T11:27:46+00:00","dateModified":"2026-03-25T23:44:52+00:00","breadcrumb":{"@id":"https:\/\/erformance.eu\/lv\/produkts\/audi-tt-06-14-spynos-uzraktas-kaire\/#breadcrumb"},"inLanguage":"lv-LV","potentialAction":[{"@type":"ReadAction","target":["https:\/\/erformance.eu\/lv\/produkts\/audi-tt-06-14-spynos-uzraktas-kaire\/"]}]},{"@type":"ImageObject","inLanguage":"lv-LV","@id":"https:\/\/erformance.eu\/lv\/produkts\/audi-tt-06-14-spynos-uzraktas-kaire\/#primaryimage","url":"https:\/\/erformance.eu\/wp-content\/uploads\/2026\/02\/pol_pm_Audi-TT-06-14-zamek-centralny-drzwi-tylnych-lewy-14591_1.jpg","contentUrl":"https:\/\/erformance.eu\/wp-content\/uploads\/2026\/02\/pol_pm_Audi-TT-06-14-zamek-centralny-drzwi-tylnych-lewy-14591_1.jpg","width":1200,"height":900},{"@type":"BreadcrumbList","@id":"https:\/\/erformance.eu\/lv\/produkts\/audi-tt-06-14-spynos-uzraktas-kaire\/#breadcrumb","itemListElement":[{"@type":"ListItem","position":1,"name":"Home","item":"https:\/\/erformance.eu\/lv\/"},{"@type":"ListItem","position":2,"name":"Veikals","item":"https:\/\/erformance.eu\/lv\/veikals\/"},{"@type":"ListItem","position":3,"name":"Audi TT 06-14 spynos u\u017eraktas kair\u0117"}]},{"@type":"WebSite","@id":"https:\/\/erformance.eu\/lv\/#website","url":"https:\/\/erformance.eu\/lv\/","name":"Erformance.eu","description":"Automobili\u0173 dali\u0173 parduotuv\u0117","potentialAction":[{"@type":"SearchAction","target":{"@type":"EntryPoint","urlTemplate":"https:\/\/erformance.eu\/lv\/?s={search_term_string}"},"query-input":{"@type":"PropertyValueSpecification","valueRequired":true,"valueName":"search_term_string"}}],"inLanguage":"lv-LV"}]}},"jetpack_sharing_enabled":true,"_links":{"self":[{"href":"https:\/\/erformance.eu\/lv\/wp-json\/wp\/v2\/product\/57358","targetHints":{"allow":["GET"]}}],"collection":[{"href":"https:\/\/erformance.eu\/lv\/wp-json\/wp\/v2\/product"}],"about":[{"href":"https:\/\/erformance.eu\/lv\/wp-json\/wp\/v2\/types\/product"}],"replies":[{"embeddable":true,"href":"https:\/\/erformance.eu\/lv\/wp-json\/wp\/v2\/comments?post=57358"}],"version-history":[{"count":2,"href":"https:\/\/erformance.eu\/lv\/wp-json\/wp\/v2\/product\/57358\/revisions"}],"predecessor-version":[{"id":66136,"href":"https:\/\/erformance.eu\/lv\/wp-json\/wp\/v2\/product\/57358\/revisions\/66136"}],"wp:featuredmedia":[{"embeddable":true,"href":"https:\/\/erformance.eu\/lv\/wp-json\/wp\/v2\/media\/54116"}],"wp:attachment":[{"href":"https:\/\/erformance.eu\/lv\/wp-json\/wp\/v2\/media?parent=57358"}],"wp:term":[{"taxonomy":"product_brand","embeddable":true,"href":"https:\/\/erformance.eu\/lv\/wp-json\/wp\/v2\/product_brand?post=57358"},{"taxonomy":"product_cat","embeddable":true,"href":"https:\/\/erformance.eu\/lv\/wp-json\/wp\/v2\/product_cat?post=57358"},{"taxonomy":"product_tag","embeddable":true,"href":"https:\/\/erformance.eu\/lv\/wp-json\/wp\/v2\/product_tag?post=57358"}],"curies":[{"name":"wp","href":"https:\/\/api.w.org\/{rel}","templated":true}]}}