{"id":57372,"date":"2026-02-16T14:27:55","date_gmt":"2026-02-16T11:27:55","guid":{"rendered":"https:\/\/erformance.eu\/?post_type=product&#038;p=57372"},"modified":"2026-03-25T23:01:37","modified_gmt":"2026-03-25T20:01:37","slug":"audi-a8-4d-94-99-veidrodelio-ideklas-sildomas-melynas-kaire-puse","status":"publish","type":"product","link":"https:\/\/erformance.eu\/lv\/produkts\/audi-a8-4d-94-99-veidrodelio-ideklas-sildomas-melynas-kaire-puse\/","title":{"rendered":"Audi A8 4D 94-99 veidrod\u0117lio \u012fd\u0117klas \u0161ildomas m\u0117lynas kair\u0117 pus\u0117"},"content":{"rendered":"<p>Prek\u0117: i\u0161orinio veidrod\u0117lio \u012fd\u0117klas<br \/>\nPus\u0117: Kair\u0117 (vairuotojo pus\u0117)<br \/>\n\u0160ildymas: taip<br \/>\nAutomobilis:<\/p>\n<p>Audi A3 8L, pagaminimo metai: 1996\u20131999<br \/>\n\u201eAudi A4 B5\u201c, gamybos metai: 1994\u20131999<br \/>\n\u201eAudi A6 C5\u201c, gamybos metai: 1994\u20131999<br \/>\nAudi A8 4D, gamybos metai: 1994\u20131999<\/p>\n<p>Gamintojas: pakaitalas<br \/>\nTechnin\u0117 b\u016bkl\u0117: prek\u0117 yra visi\u0161kai nauja, nenaudota, nepa\u017eeista ir nesugadinta<br \/>\nPastaba: m\u0117lynas asferinis (skeltas) stiklas<\/p>\n","protected":false},"excerpt":{"rendered":"<p>1. Prek\u0117: i\u0161orinio veidrod\u0117lio \u012fd\u0117klas2. Pus\u0117: kair\u01173. Gamintojas: pakeitimas4. Automobilis:     * Audi A3 8L 96-99     * Audi A4 B5 94-99     * Audi A6 C5 94-99     * Audi A8 4D 94-99<\/p>\n","protected":false},"featured_media":54165,"comment_status":"open","ping_status":"closed","template":"","meta":[],"product_brand":[],"product_cat":[396,144,3922,3962,4323],"product_tag":[],"class_list":{"0":"post-57372","1":"product","2":"type-product","3":"status-publish","4":"has-post-thumbnail","6":"product_cat-audi-a8","7":"product_cat-audi","8":"product_cat-audi-a8-d2","9":"product_cat-audi-a8-d2-isores-dalys","10":"product_cat-audi-a8-d2-veidrodeliai","12":"first","13":"instock","14":"shipping-taxable","15":"purchasable","16":"product-type-simple"},"yoast_head":"<!-- This site is optimized with the Yoast SEO Premium plugin v25.2 (Yoast SEO v27.3) - https:\/\/yoast.com\/product\/yoast-seo-premium-wordpress\/ -->\n<title>Audi A8 4D 94-99 veidrod\u0117lio \u012fd\u0117klas \u0161ildomas m\u0117lynas kair\u0117 pus\u0117 - Erformance.eu<\/title>\n<meta name=\"robots\" content=\"index, follow, max-snippet:-1, max-image-preview:large, max-video-preview:-1\" \/>\n<link rel=\"canonical\" href=\"https:\/\/erformance.eu\/lv\/produkts\/audi-a8-4d-94-99-veidrodelio-ideklas-sildomas-melynas-kaire-puse\/\" \/>\n<meta property=\"og:locale\" content=\"lv_LV\" \/>\n<meta property=\"og:type\" content=\"article\" \/>\n<meta property=\"og:title\" content=\"Audi A8 4D 94-99 veidrod\u0117lio \u012fd\u0117klas \u0161ildomas m\u0117lynas kair\u0117 pus\u0117\" \/>\n<meta property=\"og:description\" content=\"1. Prek\u0117: i\u0161orinio veidrod\u0117lio \u012fd\u0117klas2. Pus\u0117: kair\u01173. Gamintojas: pakeitimas4. Automobilis:   * Audi A3 8L 96-99   * Audi A4 B5 94-99   * Audi A6 C5 94-99   * Audi A8 4D 94-99\" \/>\n<meta property=\"og:url\" content=\"https:\/\/erformance.eu\/lv\/produkts\/audi-a8-4d-94-99-veidrodelio-ideklas-sildomas-melynas-kaire-puse\/\" \/>\n<meta property=\"og:site_name\" content=\"Erformance.eu\" \/>\n<meta property=\"article:modified_time\" content=\"2026-03-25T20:01:37+00:00\" \/>\n<meta property=\"og:image\" content=\"https:\/\/erformance.eu\/wp-content\/uploads\/2026\/02\/pol_pm_Audi-A8-4D-94-99-wklad-lusterka-OGRZEWANY-NIEBIESKI-lewy-14119_1.jpg\" \/>\n\t<meta property=\"og:image:width\" content=\"1200\" \/>\n\t<meta property=\"og:image:height\" content=\"1200\" \/>\n\t<meta property=\"og:image:type\" content=\"image\/jpeg\" \/>\n<meta name=\"twitter:card\" content=\"summary_large_image\" \/>\n<script type=\"application\/ld+json\" class=\"yoast-schema-graph\">{\"@context\":\"https:\\\/\\\/schema.org\",\"@graph\":[{\"@type\":\"WebPage\",\"@id\":\"https:\\\/\\\/erformance.eu\\\/lv\\\/produkts\\\/audi-a8-4d-94-99-veidrodelio-ideklas-sildomas-melynas-kaire-puse\\\/\",\"url\":\"https:\\\/\\\/erformance.eu\\\/lv\\\/produkts\\\/audi-a8-4d-94-99-veidrodelio-ideklas-sildomas-melynas-kaire-puse\\\/\",\"name\":\"Audi A8 4D 94-99 veidrod\u0117lio \u012fd\u0117klas \u0161ildomas m\u0117lynas kair\u0117 pus\u0117 - Erformance.eu\",\"isPartOf\":{\"@id\":\"https:\\\/\\\/erformance.eu\\\/lv\\\/#website\"},\"primaryImageOfPage\":{\"@id\":\"https:\\\/\\\/erformance.eu\\\/lv\\\/produkts\\\/audi-a8-4d-94-99-veidrodelio-ideklas-sildomas-melynas-kaire-puse\\\/#primaryimage\"},\"image\":{\"@id\":\"https:\\\/\\\/erformance.eu\\\/lv\\\/produkts\\\/audi-a8-4d-94-99-veidrodelio-ideklas-sildomas-melynas-kaire-puse\\\/#primaryimage\"},\"thumbnailUrl\":\"https:\\\/\\\/erformance.eu\\\/wp-content\\\/uploads\\\/2026\\\/02\\\/pol_pm_Audi-A8-4D-94-99-wklad-lusterka-OGRZEWANY-NIEBIESKI-lewy-14119_1.jpg\",\"datePublished\":\"2026-02-16T11:27:55+00:00\",\"dateModified\":\"2026-03-25T20:01:37+00:00\",\"breadcrumb\":{\"@id\":\"https:\\\/\\\/erformance.eu\\\/lv\\\/produkts\\\/audi-a8-4d-94-99-veidrodelio-ideklas-sildomas-melynas-kaire-puse\\\/#breadcrumb\"},\"inLanguage\":\"lv-LV\",\"potentialAction\":[{\"@type\":\"ReadAction\",\"target\":[\"https:\\\/\\\/erformance.eu\\\/lv\\\/produkts\\\/audi-a8-4d-94-99-veidrodelio-ideklas-sildomas-melynas-kaire-puse\\\/\"]}]},{\"@type\":\"ImageObject\",\"inLanguage\":\"lv-LV\",\"@id\":\"https:\\\/\\\/erformance.eu\\\/lv\\\/produkts\\\/audi-a8-4d-94-99-veidrodelio-ideklas-sildomas-melynas-kaire-puse\\\/#primaryimage\",\"url\":\"https:\\\/\\\/erformance.eu\\\/wp-content\\\/uploads\\\/2026\\\/02\\\/pol_pm_Audi-A8-4D-94-99-wklad-lusterka-OGRZEWANY-NIEBIESKI-lewy-14119_1.jpg\",\"contentUrl\":\"https:\\\/\\\/erformance.eu\\\/wp-content\\\/uploads\\\/2026\\\/02\\\/pol_pm_Audi-A8-4D-94-99-wklad-lusterka-OGRZEWANY-NIEBIESKI-lewy-14119_1.jpg\",\"width\":1200,\"height\":1200},{\"@type\":\"BreadcrumbList\",\"@id\":\"https:\\\/\\\/erformance.eu\\\/lv\\\/produkts\\\/audi-a8-4d-94-99-veidrodelio-ideklas-sildomas-melynas-kaire-puse\\\/#breadcrumb\",\"itemListElement\":[{\"@type\":\"ListItem\",\"position\":1,\"name\":\"Home\",\"item\":\"https:\\\/\\\/erformance.eu\\\/lv\\\/\"},{\"@type\":\"ListItem\",\"position\":2,\"name\":\"Veikals\",\"item\":\"https:\\\/\\\/erformance.eu\\\/lv\\\/veikals\\\/\"},{\"@type\":\"ListItem\",\"position\":3,\"name\":\"Audi A8 4D 94-99 veidrod\u0117lio \u012fd\u0117klas \u0161ildomas m\u0117lynas kair\u0117 pus\u0117\"}]},{\"@type\":\"WebSite\",\"@id\":\"https:\\\/\\\/erformance.eu\\\/lv\\\/#website\",\"url\":\"https:\\\/\\\/erformance.eu\\\/lv\\\/\",\"name\":\"Erformance.eu\",\"description\":\"Automobili\u0173 dali\u0173 parduotuv\u0117\",\"potentialAction\":[{\"@type\":\"SearchAction\",\"target\":{\"@type\":\"EntryPoint\",\"urlTemplate\":\"https:\\\/\\\/erformance.eu\\\/lv\\\/?s={search_term_string}\"},\"query-input\":{\"@type\":\"PropertyValueSpecification\",\"valueRequired\":true,\"valueName\":\"search_term_string\"}}],\"inLanguage\":\"lv-LV\"}]}<\/script>\n<!-- \/ Yoast SEO Premium plugin. -->","yoast_head_json":{"title":"Audi A8 4D 94-99 veidrod\u0117lio \u012fd\u0117klas \u0161ildomas m\u0117lynas kair\u0117 pus\u0117 - Erformance.eu","robots":{"index":"index","follow":"follow","max-snippet":"max-snippet:-1","max-image-preview":"max-image-preview:large","max-video-preview":"max-video-preview:-1"},"canonical":"https:\/\/erformance.eu\/lv\/produkts\/audi-a8-4d-94-99-veidrodelio-ideklas-sildomas-melynas-kaire-puse\/","og_locale":"lv_LV","og_type":"article","og_title":"Audi A8 4D 94-99 veidrod\u0117lio \u012fd\u0117klas \u0161ildomas m\u0117lynas kair\u0117 pus\u0117","og_description":"1. Prek\u0117: i\u0161orinio veidrod\u0117lio \u012fd\u0117klas2. Pus\u0117: kair\u01173. Gamintojas: pakeitimas4. Automobilis:   * Audi A3 8L 96-99   * Audi A4 B5 94-99   * Audi A6 C5 94-99   * Audi A8 4D 94-99","og_url":"https:\/\/erformance.eu\/lv\/produkts\/audi-a8-4d-94-99-veidrodelio-ideklas-sildomas-melynas-kaire-puse\/","og_site_name":"Erformance.eu","article_modified_time":"2026-03-25T20:01:37+00:00","og_image":[{"width":1200,"height":1200,"url":"https:\/\/erformance.eu\/wp-content\/uploads\/2026\/02\/pol_pm_Audi-A8-4D-94-99-wklad-lusterka-OGRZEWANY-NIEBIESKI-lewy-14119_1.jpg","type":"image\/jpeg"}],"twitter_card":"summary_large_image","schema":{"@context":"https:\/\/schema.org","@graph":[{"@type":"WebPage","@id":"https:\/\/erformance.eu\/lv\/produkts\/audi-a8-4d-94-99-veidrodelio-ideklas-sildomas-melynas-kaire-puse\/","url":"https:\/\/erformance.eu\/lv\/produkts\/audi-a8-4d-94-99-veidrodelio-ideklas-sildomas-melynas-kaire-puse\/","name":"Audi A8 4D 94-99 veidrod\u0117lio \u012fd\u0117klas \u0161ildomas m\u0117lynas kair\u0117 pus\u0117 - Erformance.eu","isPartOf":{"@id":"https:\/\/erformance.eu\/lv\/#website"},"primaryImageOfPage":{"@id":"https:\/\/erformance.eu\/lv\/produkts\/audi-a8-4d-94-99-veidrodelio-ideklas-sildomas-melynas-kaire-puse\/#primaryimage"},"image":{"@id":"https:\/\/erformance.eu\/lv\/produkts\/audi-a8-4d-94-99-veidrodelio-ideklas-sildomas-melynas-kaire-puse\/#primaryimage"},"thumbnailUrl":"https:\/\/erformance.eu\/wp-content\/uploads\/2026\/02\/pol_pm_Audi-A8-4D-94-99-wklad-lusterka-OGRZEWANY-NIEBIESKI-lewy-14119_1.jpg","datePublished":"2026-02-16T11:27:55+00:00","dateModified":"2026-03-25T20:01:37+00:00","breadcrumb":{"@id":"https:\/\/erformance.eu\/lv\/produkts\/audi-a8-4d-94-99-veidrodelio-ideklas-sildomas-melynas-kaire-puse\/#breadcrumb"},"inLanguage":"lv-LV","potentialAction":[{"@type":"ReadAction","target":["https:\/\/erformance.eu\/lv\/produkts\/audi-a8-4d-94-99-veidrodelio-ideklas-sildomas-melynas-kaire-puse\/"]}]},{"@type":"ImageObject","inLanguage":"lv-LV","@id":"https:\/\/erformance.eu\/lv\/produkts\/audi-a8-4d-94-99-veidrodelio-ideklas-sildomas-melynas-kaire-puse\/#primaryimage","url":"https:\/\/erformance.eu\/wp-content\/uploads\/2026\/02\/pol_pm_Audi-A8-4D-94-99-wklad-lusterka-OGRZEWANY-NIEBIESKI-lewy-14119_1.jpg","contentUrl":"https:\/\/erformance.eu\/wp-content\/uploads\/2026\/02\/pol_pm_Audi-A8-4D-94-99-wklad-lusterka-OGRZEWANY-NIEBIESKI-lewy-14119_1.jpg","width":1200,"height":1200},{"@type":"BreadcrumbList","@id":"https:\/\/erformance.eu\/lv\/produkts\/audi-a8-4d-94-99-veidrodelio-ideklas-sildomas-melynas-kaire-puse\/#breadcrumb","itemListElement":[{"@type":"ListItem","position":1,"name":"Home","item":"https:\/\/erformance.eu\/lv\/"},{"@type":"ListItem","position":2,"name":"Veikals","item":"https:\/\/erformance.eu\/lv\/veikals\/"},{"@type":"ListItem","position":3,"name":"Audi A8 4D 94-99 veidrod\u0117lio \u012fd\u0117klas \u0161ildomas m\u0117lynas kair\u0117 pus\u0117"}]},{"@type":"WebSite","@id":"https:\/\/erformance.eu\/lv\/#website","url":"https:\/\/erformance.eu\/lv\/","name":"Erformance.eu","description":"Automobili\u0173 dali\u0173 parduotuv\u0117","potentialAction":[{"@type":"SearchAction","target":{"@type":"EntryPoint","urlTemplate":"https:\/\/erformance.eu\/lv\/?s={search_term_string}"},"query-input":{"@type":"PropertyValueSpecification","valueRequired":true,"valueName":"search_term_string"}}],"inLanguage":"lv-LV"}]}},"jetpack_sharing_enabled":true,"_links":{"self":[{"href":"https:\/\/erformance.eu\/lv\/wp-json\/wp\/v2\/product\/57372","targetHints":{"allow":["GET"]}}],"collection":[{"href":"https:\/\/erformance.eu\/lv\/wp-json\/wp\/v2\/product"}],"about":[{"href":"https:\/\/erformance.eu\/lv\/wp-json\/wp\/v2\/types\/product"}],"replies":[{"embeddable":true,"href":"https:\/\/erformance.eu\/lv\/wp-json\/wp\/v2\/comments?post=57372"}],"version-history":[{"count":1,"href":"https:\/\/erformance.eu\/lv\/wp-json\/wp\/v2\/product\/57372\/revisions"}],"predecessor-version":[{"id":57373,"href":"https:\/\/erformance.eu\/lv\/wp-json\/wp\/v2\/product\/57372\/revisions\/57373"}],"wp:featuredmedia":[{"embeddable":true,"href":"https:\/\/erformance.eu\/lv\/wp-json\/wp\/v2\/media\/54165"}],"wp:attachment":[{"href":"https:\/\/erformance.eu\/lv\/wp-json\/wp\/v2\/media?parent=57372"}],"wp:term":[{"taxonomy":"product_brand","embeddable":true,"href":"https:\/\/erformance.eu\/lv\/wp-json\/wp\/v2\/product_brand?post=57372"},{"taxonomy":"product_cat","embeddable":true,"href":"https:\/\/erformance.eu\/lv\/wp-json\/wp\/v2\/product_cat?post=57372"},{"taxonomy":"product_tag","embeddable":true,"href":"https:\/\/erformance.eu\/lv\/wp-json\/wp\/v2\/product_tag?post=57372"}],"curies":[{"name":"wp","href":"https:\/\/api.w.org\/{rel}","templated":true}]}}