{"id":57374,"date":"2026-02-16T14:27:56","date_gmt":"2026-02-16T11:27:56","guid":{"rendered":"https:\/\/erformance.eu\/?post_type=product&#038;p=57374"},"modified":"2026-03-12T11:24:08","modified_gmt":"2026-03-12T08:24:08","slug":"audi-a3-a4-a5-a6-q5-1-6-tdi-2-0-tdi-papildomas-vandens-siurblys","status":"publish","type":"product","link":"https:\/\/erformance.eu\/lv\/produkts\/audi-a3-a4-a5-a6-q5-1-6-tdi-2-0-tdi-papildomas-vandens-siurblys\/","title":{"rendered":"Audi A3 A4 A5 A6 Q5 1.6 TDi, 2.0 TDi papildomas vandens siurblys"},"content":{"rendered":"<p>Prek\u0117: Papildomas vandens siurblys<br \/>\nOriginalus numeris:<\/p>\n<p>5N0965561A<br \/>\n5N0.965.561<br \/>\n5N0 965 561<br \/>\n5N0965561<br \/>\n5N0 965 561 A<br \/>\n5N0 965 561A<br \/>\n5N0.965.561A<br \/>\n5N0.122.093<br \/>\n5N0 122093<br \/>\n5N 0122093<\/p>\n<p>PASTABA: auk\u0161\u010diau pateikti numeriai yra original\u016bs dali\u0173 numeriai, kuriuos \u0161is pasi\u016blymas pakei\u010dia. Prie\u0161 pirkdami, palyginkite juos su originaliu dalies numeriu. Jei jie skiriasi net vienu simboliu, dalis netiks, neveiks arba veiks netinkamai. Tokiu atveju jos nepirkite.<br \/>\nAutomobilis:<\/p>\n<p>Audi A3 (8P1) 1.6 TDI 2.0 TDI gamybos metai: 2003\u20132012<br \/>\nAudi A3 Sportback (8PA) 1.6 TDI 2.0 TDI gamybos metai: 2004\u20132013<br \/>\nAudi A3 kabrioletas (8P7) 2.0 TDI gamybos metai: 2008\u20132013<br \/>\nAudi A4 Allroad B8 (8KH) 2.0 TDI gamybos metai: 2009\u20132016<br \/>\nAudi A4 B8 (8K2) 2.0 TDI gamybos metai: 2007\u20132015<br \/>\nAudi A4 B8 Avant (8K5) 2.0 TDI gamybos metai: 2008-2015<br \/>\nAudi A5 (8T3) 2.0 TDI gamybos metai: 2008-2017<br \/>\nAudi A5 Sportback (8TA) 2.0 TDI gamybos metai: 2009\u20132017<br \/>\nAudi A5 kabrioletas (8F7) 2.0 TDI gamybos metai: 2009\u20132017<br \/>\nAudi A6 C7 (4G2, 4GC) 2.0 TDI gamybos metai: 2011-2018<br \/>\nAudi A6 C7 Avant (4G5, 4GD) 2.0 TDI gamybos metai: 2011-2018<br \/>\nAudi Q5 (8RB) 2.0 TDI gamybos metai: 2008\u20132017<br \/>\nAudi Q5 Van (8RB) 2.0 TDI gamybos metai: 2008\u20132014<\/p>\n<p>Seat ALHAMBRA (710, 711) 2.0 TDI , modeliai pagaminti nuo: 2010-<br \/>\nSeat ALTEA (5P1) 1.6 TDI 2.0 TDI , modeliai pagaminti nuo: 2006-<br \/>\nSeat ALTEA XL (5P5, 5P8) 1.6 TDI 2.0 TDI , modeliai pagaminti nuo: 2006-<br \/>\nSeat EXEO (3R2) 2.0 TDI gamybos metai: 2009-2013<br \/>\nSeat EXEO ST (3R5) 2.0 TDI gamybos metai: 2009-2013<br \/>\nSeat LEON (1P1) 1.6 TDI 2.0 TDI gamybos metai: 2005-2012<\/p>\n<p>Skoda OCTAVIA II (1Z3) 2.0 TDI gamybos metai: 2010-2013<br \/>\nSkoda OCTAVIA II Combi (1Z5) 2.0 TDI gamybos metai: 2004-2013<br \/>\n\u201eSkoda SUPERB II\u201c (3T4) 1.6 TDI 2.0 TDI gamybos metai: 2008\u20132015<br \/>\nSkoda SUPERB II Kombi (3T5) 1.6 TDI 2.0 TDI gamybos metai: 2009-2015<br \/>\nSkoda YETI (5L) 1.6 TDI 2.0 TDI gamybos metai: 2009-2017<\/p>\n<p>Volkswagen BEETLE (5C1, 5C2) 1.6 TDI 2.0 TDI gamybos metai: 2011\u20132016<br \/>\nVolkswagen BEETLE kabrioletas (5C7, 5C8) 1.6 TDI 2.0 TDI gamybos metai: 2011\u20132016<br \/>\nVolkswagen CADDY ALLTRACK Furgonas\/viengungis (SAA) 1.6 TDI 2.0 TDI gamybos metai: 2015\u20132020<br \/>\nVolkswagen CADDY III Van\/vienbu\u010dio (2KA, 2KH, 2CA, 2CH) 1.6 TDI 2.0 TDI gamybos metai: 2010-2015<br \/>\nVolkswagen CADDY III universalas (2KB, 2KJ, 2CB, 2CJ) 1.6 TDI gamybos metai: 2010-2015<br \/>\nVolkswagen CADDY III universalas (2KB, 2KJ, 2CB, 2CJ) 2.0 TDI gamybos metai: 2010-2015<br \/>\nVolkswagen CADDY III universalas (2KB, 2KJ, 2CB, 2CJ) 2.0 TDI 16V gamybos metai: 2010-2015<br \/>\nVolkswagen CADDY III universalas (2KB, 2KJ, 2CB, 2CJ) 2.0 TDI 4m gamybos metai: 2010-2015<br \/>\nVolkswagen CADDY IV furgonas \/ mikroautobusas (SAA, SAH) 1.6 TDI 2.0 TDI gamybos metai: 2015-2020<br \/>\nVolkswagen CC B7 (358) 2.0 TDI gamybos metai: 2011\u20132016<br \/>\nVolkswagen EOS (1F7, 1F8) 2.0 TDI gamybos metai: 2008\u20132015<br \/>\nVolkswagen GOLF PLUS V (5M1, 521) 1.6 TDI 2.0 TDI gamybos metai: 2005-2013<br \/>\nVolkswagen GOLF PLUS komercinis (521) 1.6 TDI 2.0 TDI gamybos metai: 2009-2014<br \/>\nVolkswagen GOLF V Variant (1K5) 2.0 TDI rok produkcji: 2007-2009<br \/>\nVolkswagen GOLF VAN VI Variant (AJ5) 1.6 TDI 2.0 TDI rok produkcji: 2009-2014<br \/>\nVolkswagen GOLF VI (5K1) 1.6 TDI 2.0 TDI rok produkcji: 2008-2013<br \/>\nVolkswagen GOLF VI Van (5K1_) 1.6 TDI rok produkcji: 2009-2012<br \/>\nVolkswagen GOLF VI Variant (AJ5) 1.6 TDI 2.0 TDI rok produkcji: 2009-2013<br \/>\nVolkswagen GOLF VI kabriolet (517) 1.6 TDI 2.0 TDI rok produkcji: 2011-2016<br \/>\nVolkswagen JETTA III (1K2) 1.6 TDI rok produkcji: 2009-2010<br \/>\nVolkswagen JETTA IV (162, 163, AV3, AV2) 1.6 TDI 2.0 TDI rok produkcji: 2010-2015<br \/>\nVolkswagen PASSAT ALLTRACK B7 (365) 2.0 TDI rok produkcji: 2012-2014<br \/>\nVolkswagen PASSAT B6 (3C2) 2.0 TDI rok produkcji: 2005-2010<br \/>\nVolkswagen PASSAT B6 Variant (3C5) 2.0 TDI rok produkcji: 2005-2010<br \/>\nVolkswagen PASSAT B7 (362) 1.6 TDI 2.0 TDI rok produkcji: 2010-2014<br \/>\nVolkswagen PASSAT B7 Variant (365) 1.6 TDI 2.0 TDI rok produkcji: 2010-2014<br \/>\nVolkswagen PASSAT B7 nadwozie zamkni\u0119te \/ kombi (365) 1.6 TDI 2.0 TDI rok produkcji: 2010-2014<br \/>\nVolkswagen PASSAT CC B6 (357) 2.0 TDI rok produkcji: 2008-2012<br \/>\nVolkswagen SCIROCCO III (137, 138) 2.0 TDI rok produkcji: 2008-2017<br \/>\nVolkswagen SCIROCCO Van (137) 2.0 TDI rok produkcji: 2008-2014<br \/>\nVolkswagen SHARAN (7N1, 7N2) 2.0 TDI, modele produkowane od roku: 2010-<br \/>\nVolkswagen SHARAN VAN (7N1, 7N2) 2.0 TDI rok produkcji: 2010-2015<br \/>\nVolkswagen TIGUAN (5N_) 2.0 TDI rok produkcji: 2007-2018<br \/>\nVolkswagen TIGUAN VAN 2.0 TDI (5N_) rok produkcji: 2007-2018<br \/>\nVolkswagen TOURAN (1T1, 1T2) 2.0 TDI rok produkcji: 2005-2010<br \/>\nVolkswagen TOURAN (1T3) 2.0 TDI rok produkcji: 2010-2015<br \/>\nVolkswagen TOURAN VAN (1T3) 2.0 TDI rok produkcji: 2010-2015<\/p>\n<p> Silnik: 1.6 TDi, 2.0 TDi<br \/>\nWtyczka: 3 PINY<br \/>\nProducent: zamiennik<br \/>\nStan techniczny: przedmiot jest fabrycznie NOWY, nieu\u017cywany, nieuszkodzony i niezniszczony<\/p>\n","protected":false},"excerpt":{"rendered":"<p>1. Prek\u0117: Papildomas vandens siurblys2. Gamintojas: pakeitimas3. Automobilis:Audi A3 A4 A5 A6 Q54. Variklis: 1,6 TDi, 2,0 TDi<\/p>\n","protected":false},"featured_media":54177,"comment_status":"open","ping_status":"closed","template":"","meta":[],"product_brand":[],"product_cat":[3905,3906,3928,3907,186,390,391,394,144,3908,3909,3910,3911,3913,3914,3918,3919,3953,3948,3954,3949,3957,3945,3950,3958,3946,3951,3968,3947,4162,4150,4155,4163,4151,4156,4173,4152,4158,4153,4159,4154,399],"product_tag":[],"class_list":{"0":"post-57374","1":"product","2":"type-product","3":"status-publish","4":"has-post-thumbnail","6":"product_cat-audi-a3-8l","7":"product_cat-audi-a3-8p","8":"product_cat-audi-q5-8r","9":"product_cat-audi-a3-8v","10":"product_cat-a3","11":"product_cat-audi-a4","12":"product_cat-audi-a5","13":"product_cat-audi-a6","14":"product_cat-audi","15":"product_cat-audi-a4-b5","16":"product_cat-audi-a4-b6","17":"product_cat-audi-a4-b7","18":"product_cat-audi-a4-b8","19":"product_cat-audi-a5-b8-8t","20":"product_cat-audi-a5-b9-f5","21":"product_cat-audi-a6-c6","22":"product_cat-audi-a6-c7","23":"product_cat-audi-a5-b8-8t-isores-dalys","24":"product_cat-audi-a4-b5-isores-dalys","25":"product_cat-audi-a5-b9-f5-isores-dalys","26":"product_cat-audi-a4-b6-isores-dalys","27":"product_cat-audi-a6-c6-isores-dalys","28":"product_cat-audi-a3-8l-isores-dalys","29":"product_cat-audi-a4-b7-isores-dalys","30":"product_cat-audi-a6-c7-isores-dalys","31":"product_cat-audi-a3-8p-isores-dalys","32":"product_cat-audi-a4-b8-isores-dalys","33":"product_cat-audi-q5-8r-isores-dalys","34":"product_cat-audi-a3-8v-isores-dalys","35":"product_cat-audi-a6-c6-isores-kitos-dalys","36":"product_cat-audi-a3-8l-isores-kitos-dalys","37":"product_cat-audi-a4-b7-isores-kitos-dalys","38":"product_cat-audi-a6-c7-isores-kitos-dalys","39":"product_cat-audi-a3-8p-isores-kitos-dalys","40":"product_cat-audi-a4-b8-isores-kitos-dalys","41":"product_cat-audi-q5-8r-isores-kitos-dalys","42":"product_cat-audi-a3-8v-isores-kitos-dalys","43":"product_cat-audi-a5-b8-8t-isores-kitos-dalys","44":"product_cat-audi-a4-b5-isores-kitos-dalys","45":"product_cat-audi-a5-b9-f5-isores-kitos-dalys","46":"product_cat-audi-a4-b6-isores-kitos-dalys","47":"product_cat-audi-q5","49":"first","50":"instock","51":"shipping-taxable","52":"purchasable","53":"product-type-simple"},"yoast_head":"<!-- This site is optimized with the Yoast SEO Premium plugin v25.2 (Yoast SEO v27.4) - https:\/\/yoast.com\/product\/yoast-seo-premium-wordpress\/ -->\n<title>Audi A3 A4 A5 A6 Q5 1.6 TDi, 2.0 TDi papildomas vandens siurblys - Erformance.eu<\/title>\n<meta name=\"robots\" content=\"index, follow, max-snippet:-1, max-image-preview:large, max-video-preview:-1\" \/>\n<link rel=\"canonical\" href=\"https:\/\/erformance.eu\/lv\/produkts\/audi-a3-a4-a5-a6-q5-1-6-tdi-2-0-tdi-papildomas-vandens-siurblys\/\" \/>\n<meta property=\"og:locale\" content=\"lv_LV\" \/>\n<meta property=\"og:type\" content=\"article\" \/>\n<meta property=\"og:title\" content=\"Audi A3 A4 A5 A6 Q5 1.6 TDi, 2.0 TDi papildomas vandens siurblys\" \/>\n<meta property=\"og:description\" content=\"1. Prek\u0117: Papildomas vandens siurblys2. Gamintojas: pakeitimas3. Automobilis:Audi A3 A4 A5 A6 Q54. Variklis: 1,6 TDi, 2,0 TDi\" \/>\n<meta property=\"og:url\" content=\"https:\/\/erformance.eu\/lv\/produkts\/audi-a3-a4-a5-a6-q5-1-6-tdi-2-0-tdi-papildomas-vandens-siurblys\/\" \/>\n<meta property=\"og:site_name\" content=\"Erformance.eu\" \/>\n<meta property=\"article:modified_time\" content=\"2026-03-12T08:24:08+00:00\" \/>\n<meta property=\"og:image\" content=\"https:\/\/erformance.eu\/wp-content\/uploads\/2026\/02\/pol_pm_Audi-A3-A4-A5-A6-Q5-1-6-TDi-2-0-TDi-ddodatkowa-pompa-wody-36802_1.jpg\" \/>\n\t<meta property=\"og:image:width\" content=\"1200\" \/>\n\t<meta property=\"og:image:height\" content=\"1200\" \/>\n\t<meta property=\"og:image:type\" content=\"image\/jpeg\" \/>\n<meta name=\"twitter:card\" content=\"summary_large_image\" \/>\n<meta name=\"twitter:label1\" content=\"Est. reading time\" \/>\n\t<meta name=\"twitter:data1\" content=\"3 min\u016btes\" \/>\n<script type=\"application\/ld+json\" class=\"yoast-schema-graph\">{\"@context\":\"https:\\\/\\\/schema.org\",\"@graph\":[{\"@type\":\"WebPage\",\"@id\":\"https:\\\/\\\/erformance.eu\\\/lv\\\/produkts\\\/audi-a3-a4-a5-a6-q5-1-6-tdi-2-0-tdi-papildomas-vandens-siurblys\\\/\",\"url\":\"https:\\\/\\\/erformance.eu\\\/lv\\\/produkts\\\/audi-a3-a4-a5-a6-q5-1-6-tdi-2-0-tdi-papildomas-vandens-siurblys\\\/\",\"name\":\"Audi A3 A4 A5 A6 Q5 1.6 TDi, 2.0 TDi papildomas vandens siurblys - Erformance.eu\",\"isPartOf\":{\"@id\":\"https:\\\/\\\/erformance.eu\\\/lv\\\/#website\"},\"primaryImageOfPage\":{\"@id\":\"https:\\\/\\\/erformance.eu\\\/lv\\\/produkts\\\/audi-a3-a4-a5-a6-q5-1-6-tdi-2-0-tdi-papildomas-vandens-siurblys\\\/#primaryimage\"},\"image\":{\"@id\":\"https:\\\/\\\/erformance.eu\\\/lv\\\/produkts\\\/audi-a3-a4-a5-a6-q5-1-6-tdi-2-0-tdi-papildomas-vandens-siurblys\\\/#primaryimage\"},\"thumbnailUrl\":\"https:\\\/\\\/erformance.eu\\\/wp-content\\\/uploads\\\/2026\\\/02\\\/pol_pm_Audi-A3-A4-A5-A6-Q5-1-6-TDi-2-0-TDi-ddodatkowa-pompa-wody-36802_1.jpg\",\"datePublished\":\"2026-02-16T11:27:56+00:00\",\"dateModified\":\"2026-03-12T08:24:08+00:00\",\"breadcrumb\":{\"@id\":\"https:\\\/\\\/erformance.eu\\\/lv\\\/produkts\\\/audi-a3-a4-a5-a6-q5-1-6-tdi-2-0-tdi-papildomas-vandens-siurblys\\\/#breadcrumb\"},\"inLanguage\":\"lv-LV\",\"potentialAction\":[{\"@type\":\"ReadAction\",\"target\":[\"https:\\\/\\\/erformance.eu\\\/lv\\\/produkts\\\/audi-a3-a4-a5-a6-q5-1-6-tdi-2-0-tdi-papildomas-vandens-siurblys\\\/\"]}]},{\"@type\":\"ImageObject\",\"inLanguage\":\"lv-LV\",\"@id\":\"https:\\\/\\\/erformance.eu\\\/lv\\\/produkts\\\/audi-a3-a4-a5-a6-q5-1-6-tdi-2-0-tdi-papildomas-vandens-siurblys\\\/#primaryimage\",\"url\":\"https:\\\/\\\/erformance.eu\\\/wp-content\\\/uploads\\\/2026\\\/02\\\/pol_pm_Audi-A3-A4-A5-A6-Q5-1-6-TDi-2-0-TDi-ddodatkowa-pompa-wody-36802_1.jpg\",\"contentUrl\":\"https:\\\/\\\/erformance.eu\\\/wp-content\\\/uploads\\\/2026\\\/02\\\/pol_pm_Audi-A3-A4-A5-A6-Q5-1-6-TDi-2-0-TDi-ddodatkowa-pompa-wody-36802_1.jpg\",\"width\":1200,\"height\":1200},{\"@type\":\"BreadcrumbList\",\"@id\":\"https:\\\/\\\/erformance.eu\\\/lv\\\/produkts\\\/audi-a3-a4-a5-a6-q5-1-6-tdi-2-0-tdi-papildomas-vandens-siurblys\\\/#breadcrumb\",\"itemListElement\":[{\"@type\":\"ListItem\",\"position\":1,\"name\":\"Home\",\"item\":\"https:\\\/\\\/erformance.eu\\\/lv\\\/\"},{\"@type\":\"ListItem\",\"position\":2,\"name\":\"Veikals\",\"item\":\"https:\\\/\\\/erformance.eu\\\/lv\\\/veikals\\\/\"},{\"@type\":\"ListItem\",\"position\":3,\"name\":\"Audi A3 A4 A5 A6 Q5 1.6 TDi, 2.0 TDi papildomas vandens siurblys\"}]},{\"@type\":\"WebSite\",\"@id\":\"https:\\\/\\\/erformance.eu\\\/lv\\\/#website\",\"url\":\"https:\\\/\\\/erformance.eu\\\/lv\\\/\",\"name\":\"Erformance.eu\",\"description\":\"Automobili\u0173 dali\u0173 parduotuv\u0117\",\"potentialAction\":[{\"@type\":\"SearchAction\",\"target\":{\"@type\":\"EntryPoint\",\"urlTemplate\":\"https:\\\/\\\/erformance.eu\\\/lv\\\/?s={search_term_string}\"},\"query-input\":{\"@type\":\"PropertyValueSpecification\",\"valueRequired\":true,\"valueName\":\"search_term_string\"}}],\"inLanguage\":\"lv-LV\"}]}<\/script>\n<!-- \/ Yoast SEO Premium plugin. -->","yoast_head_json":{"title":"Audi A3 A4 A5 A6 Q5 1.6 TDi, 2.0 TDi papildomas vandens siurblys - Erformance.eu","robots":{"index":"index","follow":"follow","max-snippet":"max-snippet:-1","max-image-preview":"max-image-preview:large","max-video-preview":"max-video-preview:-1"},"canonical":"https:\/\/erformance.eu\/lv\/produkts\/audi-a3-a4-a5-a6-q5-1-6-tdi-2-0-tdi-papildomas-vandens-siurblys\/","og_locale":"lv_LV","og_type":"article","og_title":"Audi A3 A4 A5 A6 Q5 1.6 TDi, 2.0 TDi papildomas vandens siurblys","og_description":"1. Prek\u0117: Papildomas vandens siurblys2. Gamintojas: pakeitimas3. Automobilis:Audi A3 A4 A5 A6 Q54. Variklis: 1,6 TDi, 2,0 TDi","og_url":"https:\/\/erformance.eu\/lv\/produkts\/audi-a3-a4-a5-a6-q5-1-6-tdi-2-0-tdi-papildomas-vandens-siurblys\/","og_site_name":"Erformance.eu","article_modified_time":"2026-03-12T08:24:08+00:00","og_image":[{"width":1200,"height":1200,"url":"https:\/\/erformance.eu\/wp-content\/uploads\/2026\/02\/pol_pm_Audi-A3-A4-A5-A6-Q5-1-6-TDi-2-0-TDi-ddodatkowa-pompa-wody-36802_1.jpg","type":"image\/jpeg"}],"twitter_card":"summary_large_image","twitter_misc":{"Est. reading time":"3 min\u016btes"},"schema":{"@context":"https:\/\/schema.org","@graph":[{"@type":"WebPage","@id":"https:\/\/erformance.eu\/lv\/produkts\/audi-a3-a4-a5-a6-q5-1-6-tdi-2-0-tdi-papildomas-vandens-siurblys\/","url":"https:\/\/erformance.eu\/lv\/produkts\/audi-a3-a4-a5-a6-q5-1-6-tdi-2-0-tdi-papildomas-vandens-siurblys\/","name":"Audi A3 A4 A5 A6 Q5 1.6 TDi, 2.0 TDi papildomas vandens siurblys - Erformance.eu","isPartOf":{"@id":"https:\/\/erformance.eu\/lv\/#website"},"primaryImageOfPage":{"@id":"https:\/\/erformance.eu\/lv\/produkts\/audi-a3-a4-a5-a6-q5-1-6-tdi-2-0-tdi-papildomas-vandens-siurblys\/#primaryimage"},"image":{"@id":"https:\/\/erformance.eu\/lv\/produkts\/audi-a3-a4-a5-a6-q5-1-6-tdi-2-0-tdi-papildomas-vandens-siurblys\/#primaryimage"},"thumbnailUrl":"https:\/\/erformance.eu\/wp-content\/uploads\/2026\/02\/pol_pm_Audi-A3-A4-A5-A6-Q5-1-6-TDi-2-0-TDi-ddodatkowa-pompa-wody-36802_1.jpg","datePublished":"2026-02-16T11:27:56+00:00","dateModified":"2026-03-12T08:24:08+00:00","breadcrumb":{"@id":"https:\/\/erformance.eu\/lv\/produkts\/audi-a3-a4-a5-a6-q5-1-6-tdi-2-0-tdi-papildomas-vandens-siurblys\/#breadcrumb"},"inLanguage":"lv-LV","potentialAction":[{"@type":"ReadAction","target":["https:\/\/erformance.eu\/lv\/produkts\/audi-a3-a4-a5-a6-q5-1-6-tdi-2-0-tdi-papildomas-vandens-siurblys\/"]}]},{"@type":"ImageObject","inLanguage":"lv-LV","@id":"https:\/\/erformance.eu\/lv\/produkts\/audi-a3-a4-a5-a6-q5-1-6-tdi-2-0-tdi-papildomas-vandens-siurblys\/#primaryimage","url":"https:\/\/erformance.eu\/wp-content\/uploads\/2026\/02\/pol_pm_Audi-A3-A4-A5-A6-Q5-1-6-TDi-2-0-TDi-ddodatkowa-pompa-wody-36802_1.jpg","contentUrl":"https:\/\/erformance.eu\/wp-content\/uploads\/2026\/02\/pol_pm_Audi-A3-A4-A5-A6-Q5-1-6-TDi-2-0-TDi-ddodatkowa-pompa-wody-36802_1.jpg","width":1200,"height":1200},{"@type":"BreadcrumbList","@id":"https:\/\/erformance.eu\/lv\/produkts\/audi-a3-a4-a5-a6-q5-1-6-tdi-2-0-tdi-papildomas-vandens-siurblys\/#breadcrumb","itemListElement":[{"@type":"ListItem","position":1,"name":"Home","item":"https:\/\/erformance.eu\/lv\/"},{"@type":"ListItem","position":2,"name":"Veikals","item":"https:\/\/erformance.eu\/lv\/veikals\/"},{"@type":"ListItem","position":3,"name":"Audi A3 A4 A5 A6 Q5 1.6 TDi, 2.0 TDi papildomas vandens siurblys"}]},{"@type":"WebSite","@id":"https:\/\/erformance.eu\/lv\/#website","url":"https:\/\/erformance.eu\/lv\/","name":"Erformance.eu","description":"Automobili\u0173 dali\u0173 parduotuv\u0117","potentialAction":[{"@type":"SearchAction","target":{"@type":"EntryPoint","urlTemplate":"https:\/\/erformance.eu\/lv\/?s={search_term_string}"},"query-input":{"@type":"PropertyValueSpecification","valueRequired":true,"valueName":"search_term_string"}}],"inLanguage":"lv-LV"}]}},"jetpack_sharing_enabled":true,"_links":{"self":[{"href":"https:\/\/erformance.eu\/lv\/wp-json\/wp\/v2\/product\/57374","targetHints":{"allow":["GET"]}}],"collection":[{"href":"https:\/\/erformance.eu\/lv\/wp-json\/wp\/v2\/product"}],"about":[{"href":"https:\/\/erformance.eu\/lv\/wp-json\/wp\/v2\/types\/product"}],"replies":[{"embeddable":true,"href":"https:\/\/erformance.eu\/lv\/wp-json\/wp\/v2\/comments?post=57374"}],"version-history":[{"count":1,"href":"https:\/\/erformance.eu\/lv\/wp-json\/wp\/v2\/product\/57374\/revisions"}],"predecessor-version":[{"id":57375,"href":"https:\/\/erformance.eu\/lv\/wp-json\/wp\/v2\/product\/57374\/revisions\/57375"}],"wp:featuredmedia":[{"embeddable":true,"href":"https:\/\/erformance.eu\/lv\/wp-json\/wp\/v2\/media\/54177"}],"wp:attachment":[{"href":"https:\/\/erformance.eu\/lv\/wp-json\/wp\/v2\/media?parent=57374"}],"wp:term":[{"taxonomy":"product_brand","embeddable":true,"href":"https:\/\/erformance.eu\/lv\/wp-json\/wp\/v2\/product_brand?post=57374"},{"taxonomy":"product_cat","embeddable":true,"href":"https:\/\/erformance.eu\/lv\/wp-json\/wp\/v2\/product_cat?post=57374"},{"taxonomy":"product_tag","embeddable":true,"href":"https:\/\/erformance.eu\/lv\/wp-json\/wp\/v2\/product_tag?post=57374"}],"curies":[{"name":"wp","href":"https:\/\/api.w.org\/{rel}","templated":true}]}}