{"id":57392,"date":"2026-02-16T14:28:08","date_gmt":"2026-02-16T11:28:08","guid":{"rendered":"https:\/\/erformance.eu\/?post_type=product&#038;p=57392"},"modified":"2026-03-12T18:51:12","modified_gmt":"2026-03-12T15:51:12","slug":"audi-a4-b7-b8-a5-a6-c6-q5-q7-laidu-pyne-su-kistuku-galiniam-zibintui","status":"publish","type":"product","link":"https:\/\/erformance.eu\/lv\/produkts\/audi-a4-b7-b8-a5-a6-c6-q5-q7-laidu-pyne-su-kistuku-galiniam-zibintui\/","title":{"rendered":"Audi A4 B7 B8 A5 A6 C6 Q5 Q7 laid\u0173 pyn\u0117 su ki\u0161tuku galiniam \u017eibintui"},"content":{"rendered":"<p>Prek\u0117: Galinio \u017eibinto laid\u0173 jungtis su ki\u0161tuku<br \/>\nOriginalus numeris:<\/p>\n<p>1J0973704<\/p>\n<p>PASTABA: auk\u0161\u010diau pateikti numeriai yra original\u016bs dali\u0173 numeriai, kuriuos \u0161is pasi\u016blymas pakei\u010dia. Prie\u0161 pirkdami, palyginkite juos su originaliu dalies numeriu. Jei jie skiriasi net vienu simboliu, dalis netiks, neveiks arba veiks netinkamai. Tokiu atveju jos nepirkite.<br \/>\nAutomobilis:<\/p>\n<p>Audi A4 B7 Avant (8ED) gamybos metai: 2004-2008<br \/>\nAudi A4 B8 (8K2) gamybos metai: 2007\u20132015<br \/>\nAudi A4 B8 Avant (8K5) gamybos metai: 2007-2015<br \/>\nAudi A5 (8T3) gamybos metai: 2007\u20132017<br \/>\n\u201eAudi A5\u201c kabrioleto (8F7) gamybos metai: 2009\u20132017<br \/>\nAudi A6 Allroad C6 (4FH) gamybos metai: 2006\u20132011<br \/>\nAudi A6 C6 (4F2) gamybos metai: 2004-2011<br \/>\nAudi A6 C6 Avant (4F5) gamybos metai: 2005-2011<br \/>\nAudi Q5 (8RB) gamybos metai: 2008\u20132017<br \/>\n\u201eAudi Q7\u201c (4LB) gamybos metai: 2006\u20132015<br \/>\nSeat ALHAMBRA (710, 711) , modeliai pagaminti nuo: 2010-<br \/>\n\u201eSeat ATECA\u201c (KH7, KHP) , modeliai, pagaminti nuo: 2016 m.<br \/>\nSeat IBIZA IV (6J5, 6P1) gamybos metai: 2008\u20132017<br \/>\nSeat IBIZA IV SC (6J1, 6P5) gamybos metai: 2008-2016<br \/>\nSeat IBIZA IV ST (6J8, 6P8) gamybos metai: 2010-2016<br \/>\n\u201eSeat LEON\u201c (5F1) gamybos metai: 2012\u20132020<br \/>\n\u201eSeat LEON SC\u201c (5F5) gamybos metai: 2013\u20132018<br \/>\n\u201eSeat LEON ST\u201c (5F8) gamybos metai: 2013\u20132020<br \/>\nSeat TOLEDO IV (KG3) gamybos metai: 2012-2019<br \/>\n\u0160koda FABIA III (NJ3) , modeliai pagaminti nuo: 2014-<br \/>\nSkoda FABIA III Kombi (NJ5) , modeliai gaminami nuo: 2014 m.<br \/>\n\u201eSkoda KODIAQ\u201c (NS7, NV7) , modeliai, pagaminti nuo: 2016 m.<br \/>\n\u0160koda OCTAVIA III (5E3, NL3, NR3) , modeliai pagaminti nuo: 2012-<br \/>\n\u0160koda OCTAVIA III Combi (5E5, 5E6) , modeliai pagaminti nuo: 2012-<br \/>\n\u201eSkoda RAPID\u201c (NH3) gamybos metai: 2012\u20132019<br \/>\nSkoda RAPID Spaceback (NH1) gamybos metai: 2012-2019<br \/>\n\u201eSkoda SUPERB III\u201c (3V3) , modeliai, pagaminti nuo: 2015 m.<br \/>\nSkoda SUPERB III Kombi (3V5) , modeliai pagaminti nuo: 2015-<br \/>\nSkoda YETI (5L) gamybos metai: 2009-2017<br \/>\nVolkswagen AMAROK (2HA, 2HB, S1B, S6B, S7A, S7B) , modeliai pagaminti nuo: 2010-<br \/>\nVolkswagen AMAROK platforma\/va\u017eiuokl\u0117 (S1B, S6B, S7B) gamybos metai: 2011\u20132022<br \/>\n\u201eVolkswagen ARTEON\u201c (3H7, 3H8) gamybos metai: 2017\u20132020<br \/>\nVolkswagen BEETLE (5C1, 5C2) gamybos metai: 2011\u20132019<br \/>\nVolkswagen BEETLE kabrioletas (5C7, 5C8) pagaminimo metai: 2011\u20132019<br \/>\nVolkswagen CADDY ALLTRACK furgonas\/minivenas (SAA) , modeliai gaminami nuo: 2015 m.<br \/>\nVolkswagen CADDY IV furgonas\/minivenas (SAA, SAH) , modeliai gaminami nuo: 2015 m.<br \/>\n\u201eVolkswagen CALIFORNIA T6 Camper\u201c (SGC, SGG, SHC) gamybos metai: 2015\u20132024<br \/>\nVolkswagen CC B7 (358) gamybos metai: 2011\u20132016<br \/>\nVolkswagen CRAFTER 30-35 autobusas (2E_) gamybos metai: 2006-2016<br \/>\nVolkswagen CRAFTER 30-50 furgonas (2E_) gamybos metai: 2006-2016<br \/>\n\u201eVolkswagen CRAFTER Bus\u201c (SYI, SYJ) gamybos metai: 2016\u20132024<br \/>\nVolkswagen CRAFTER mikroautobusas (SY_, SX_) gamybos metai: 2016\u20132024<br \/>\nVolkswagen CRAFTER platforma\/va\u017eiuokl\u0117 (SZ_) gamybos metai: 2016\u20132024<br \/>\nVolkswagen GOLF ALLTRACK VII Variant (BA5, BV5) rok produkcji: 2014-2018<br \/>\nVolkswagen GOLF ALLTRACK VIII (CG5), modele produkowane od roku: 2021-<br \/>\nVolkswagen GOLF IV Variant (1J5) rok produkcji: 2099-2006<br \/>\nVolkswagen GOLF SPORTSVAN VII (AM1, AN1), modele produkowane od roku: 2014-<br \/>\nVolkswagen GOLF VAN IV Variant (1J5) rok produkcji: 2099-2006<br \/>\nVolkswagen GOLF VII (5G1, BQ1, BE1, BE2), modele produkowane od roku: 2012-<br \/>\nVolkswagen GOLF VII Variant (BA5, BV5), modele produkowane od roku: 2013-<br \/>\nVolkswagen JETTA IV (162, 163, AV3, AV2) rok produkcji: 2010-2018<br \/>\nVolkswagen PASSAT ALLTRACK B7 (365) rok produkcji: 2012-2014<br \/>\nVolkswagen PASSAT ALLTRACK B8 Variant (3G5, CB5), modele produkowane od roku: 2015-<br \/>\nVolkswagen PASSAT B7 (362) rok produkcji: 2010-2014<br \/>\nVolkswagen PASSAT B7 Variant (365) rok produkcji: 2010-2015<br \/>\nVolkswagen PASSAT B8 (3G2, CB2), modele produkowane od roku: 2014-<br \/>\nVolkswagen PASSAT B8 Variant (3G5, CB5), modele produkowane od roku: 2014-<br \/>\nVolkswagen PASSAT CC B6 (357) rok produkcji: 2008-2012<br \/>\nVolkswagen POLO V (6R1, 6C1) rok produkcji: 2009-2014<br \/>\nVolkswagen POLO V sedan (602, 604, 612, 614), modele produkowane od roku: 2010-<br \/>\nVolkswagen SCIROCCO III (137, 138) rok produkcji: 2008-2017<br \/>\nVolkswagen SHARAN (7N1, 7N2), modele produkowane od roku: 2015-<br \/>\nVolkswagen TIGUAN (AD1, AX1), modele produkowane od roku: 2016-<br \/>\nVolkswagen TIGUAN (CT1), modele produkowane od roku: 2023-<br \/>\nVolkswagen TOUAREG (7P5, 7P6) rok produkcji: 2010-2018<br \/>\nVolkswagen TOURAN (1T1, 1T2) rok produkcji: 2003-2010<br \/>\nVolkswagen TOURAN (5T1), modele produkowane od roku: 2015-<br \/>\nVolkswagen TRANSPORTER T3 Platforma \/ podwozie (24_) rok produkcji: 1981-1992<br \/>\nVolkswagen TRANSPORTER T5 Autobus (7HB, 7HJ, 7EB, 7EJ) rok produkcji: 2003-2015<br \/>\nVolkswagen TRANSPORTER T5 Furgon (7HA, 7HH, 7EA, 7EH) rok produkcji: 2003-2015<br \/>\nVolkswagen TRANSPORTER T6 Furgon (SGA, SGH, SHA, SHH) rok produkcji: 2015-2024<br \/>\nVolkswagen XL1 (6Z!), modele produkowane od roku: 2014-<\/p>\n<p>Producent: zamiennik<br \/>\nStan techniczny: przedmiot jest fabrycznie NOWY, nieu\u017cywany, nieuszkodzony i niezniszczony<\/p>\n","protected":false},"excerpt":{"rendered":"<p>1. Prek\u0117: Galinio \u017eibinto laid\u0173 jungtis su ki\u0161tuku2. Gamintojas: pakeitimas3. Automobilis: AudiA4 B7 B8 A5 A6 C6 Q5 Q7<\/p>\n","protected":false},"featured_media":54256,"comment_status":"open","ping_status":"closed","template":"","meta":[],"product_brand":[],"product_cat":[3930,3928,390,391,144,3910,3911,3913,3916,3918,3968,3950,3970,3951,3953,3957,399,400,4279,4290,4272,4292,4273,4275],"product_tag":[],"class_list":{"0":"post-57392","1":"product","2":"type-product","3":"status-publish","4":"has-post-thumbnail","6":"product_cat-audi-q7-4l","7":"product_cat-audi-q5-8r","8":"product_cat-audi-a4","9":"product_cat-audi-a5","10":"product_cat-audi","11":"product_cat-audi-a4-b7","12":"product_cat-audi-a4-b8","13":"product_cat-audi-a5-b8-8t","14":"product_cat-audi-a6-c4","15":"product_cat-audi-a6-c6","16":"product_cat-audi-q5-8r-isores-dalys","17":"product_cat-audi-a4-b7-isores-dalys","18":"product_cat-audi-q7-4l-isores-dalys","19":"product_cat-audi-a4-b8-isores-dalys","20":"product_cat-audi-a5-b8-8t-isores-dalys","21":"product_cat-audi-a6-c6-isores-dalys","22":"product_cat-audi-q5","23":"product_cat-audi-q7","24":"product_cat-audi-a6-c6-zibintai-apsvietimas","25":"product_cat-audi-q5-8r-zibintai-apsvietimas","26":"product_cat-audi-a4-b7-zibintai-apsvietimas","27":"product_cat-audi-q7-4l-zibintai-apsvietimas","28":"product_cat-audi-a4-b8-zibintai-apsvietimas","29":"product_cat-audi-a5-b8-8t-zibintai-apsvietimas","31":"first","32":"instock","33":"shipping-taxable","34":"purchasable","35":"product-type-simple"},"yoast_head":"<!-- This site is optimized with the Yoast SEO Premium plugin v25.2 (Yoast SEO v27.3) - https:\/\/yoast.com\/product\/yoast-seo-premium-wordpress\/ -->\n<title>Audi A4 B7 B8 A5 A6 C6 Q5 Q7 laid\u0173 pyn\u0117 su ki\u0161tuku galiniam \u017eibintui - Erformance.eu<\/title>\n<meta name=\"robots\" content=\"index, follow, max-snippet:-1, max-image-preview:large, max-video-preview:-1\" \/>\n<link rel=\"canonical\" href=\"https:\/\/erformance.eu\/lv\/produkts\/audi-a4-b7-b8-a5-a6-c6-q5-q7-laidu-pyne-su-kistuku-galiniam-zibintui\/\" \/>\n<meta property=\"og:locale\" content=\"lv_LV\" \/>\n<meta property=\"og:type\" content=\"article\" \/>\n<meta property=\"og:title\" content=\"Audi A4 B7 B8 A5 A6 C6 Q5 Q7 laid\u0173 pyn\u0117 su ki\u0161tuku galiniam \u017eibintui\" \/>\n<meta property=\"og:description\" content=\"1. Prek\u0117: Galinio \u017eibinto laid\u0173 jungtis su ki\u0161tuku2. Gamintojas: pakeitimas3. Automobilis: AudiA4 B7 B8 A5 A6 C6 Q5 Q7\" \/>\n<meta property=\"og:url\" content=\"https:\/\/erformance.eu\/lv\/produkts\/audi-a4-b7-b8-a5-a6-c6-q5-q7-laidu-pyne-su-kistuku-galiniam-zibintui\/\" \/>\n<meta property=\"og:site_name\" content=\"Erformance.eu\" \/>\n<meta property=\"article:modified_time\" content=\"2026-03-12T15:51:12+00:00\" \/>\n<meta property=\"og:image\" content=\"https:\/\/erformance.eu\/wp-content\/uploads\/2026\/02\/pol_pm_Audi-A4-B7-B8-A5-A6-C6-Q5-Q7-wiazka-przewodow-z-wtyczka-do-lampy-tylnej-36378_2.jpg\" \/>\n\t<meta property=\"og:image:width\" content=\"1200\" \/>\n\t<meta property=\"og:image:height\" content=\"1200\" \/>\n\t<meta property=\"og:image:type\" content=\"image\/jpeg\" \/>\n<meta name=\"twitter:card\" content=\"summary_large_image\" \/>\n<meta name=\"twitter:label1\" content=\"Est. reading time\" \/>\n\t<meta name=\"twitter:data1\" content=\"3 min\u016btes\" \/>\n<script type=\"application\/ld+json\" class=\"yoast-schema-graph\">{\"@context\":\"https:\\\/\\\/schema.org\",\"@graph\":[{\"@type\":\"WebPage\",\"@id\":\"https:\\\/\\\/erformance.eu\\\/lv\\\/produkts\\\/audi-a4-b7-b8-a5-a6-c6-q5-q7-laidu-pyne-su-kistuku-galiniam-zibintui\\\/\",\"url\":\"https:\\\/\\\/erformance.eu\\\/lv\\\/produkts\\\/audi-a4-b7-b8-a5-a6-c6-q5-q7-laidu-pyne-su-kistuku-galiniam-zibintui\\\/\",\"name\":\"Audi A4 B7 B8 A5 A6 C6 Q5 Q7 laid\u0173 pyn\u0117 su ki\u0161tuku galiniam \u017eibintui - Erformance.eu\",\"isPartOf\":{\"@id\":\"https:\\\/\\\/erformance.eu\\\/lv\\\/#website\"},\"primaryImageOfPage\":{\"@id\":\"https:\\\/\\\/erformance.eu\\\/lv\\\/produkts\\\/audi-a4-b7-b8-a5-a6-c6-q5-q7-laidu-pyne-su-kistuku-galiniam-zibintui\\\/#primaryimage\"},\"image\":{\"@id\":\"https:\\\/\\\/erformance.eu\\\/lv\\\/produkts\\\/audi-a4-b7-b8-a5-a6-c6-q5-q7-laidu-pyne-su-kistuku-galiniam-zibintui\\\/#primaryimage\"},\"thumbnailUrl\":\"https:\\\/\\\/erformance.eu\\\/wp-content\\\/uploads\\\/2026\\\/02\\\/pol_pm_Audi-A4-B7-B8-A5-A6-C6-Q5-Q7-wiazka-przewodow-z-wtyczka-do-lampy-tylnej-36378_2.jpg\",\"datePublished\":\"2026-02-16T11:28:08+00:00\",\"dateModified\":\"2026-03-12T15:51:12+00:00\",\"breadcrumb\":{\"@id\":\"https:\\\/\\\/erformance.eu\\\/lv\\\/produkts\\\/audi-a4-b7-b8-a5-a6-c6-q5-q7-laidu-pyne-su-kistuku-galiniam-zibintui\\\/#breadcrumb\"},\"inLanguage\":\"lv-LV\",\"potentialAction\":[{\"@type\":\"ReadAction\",\"target\":[\"https:\\\/\\\/erformance.eu\\\/lv\\\/produkts\\\/audi-a4-b7-b8-a5-a6-c6-q5-q7-laidu-pyne-su-kistuku-galiniam-zibintui\\\/\"]}]},{\"@type\":\"ImageObject\",\"inLanguage\":\"lv-LV\",\"@id\":\"https:\\\/\\\/erformance.eu\\\/lv\\\/produkts\\\/audi-a4-b7-b8-a5-a6-c6-q5-q7-laidu-pyne-su-kistuku-galiniam-zibintui\\\/#primaryimage\",\"url\":\"https:\\\/\\\/erformance.eu\\\/wp-content\\\/uploads\\\/2026\\\/02\\\/pol_pm_Audi-A4-B7-B8-A5-A6-C6-Q5-Q7-wiazka-przewodow-z-wtyczka-do-lampy-tylnej-36378_2.jpg\",\"contentUrl\":\"https:\\\/\\\/erformance.eu\\\/wp-content\\\/uploads\\\/2026\\\/02\\\/pol_pm_Audi-A4-B7-B8-A5-A6-C6-Q5-Q7-wiazka-przewodow-z-wtyczka-do-lampy-tylnej-36378_2.jpg\",\"width\":1200,\"height\":1200},{\"@type\":\"BreadcrumbList\",\"@id\":\"https:\\\/\\\/erformance.eu\\\/lv\\\/produkts\\\/audi-a4-b7-b8-a5-a6-c6-q5-q7-laidu-pyne-su-kistuku-galiniam-zibintui\\\/#breadcrumb\",\"itemListElement\":[{\"@type\":\"ListItem\",\"position\":1,\"name\":\"Home\",\"item\":\"https:\\\/\\\/erformance.eu\\\/lv\\\/\"},{\"@type\":\"ListItem\",\"position\":2,\"name\":\"Veikals\",\"item\":\"https:\\\/\\\/erformance.eu\\\/lv\\\/veikals\\\/\"},{\"@type\":\"ListItem\",\"position\":3,\"name\":\"Audi A4 B7 B8 A5 A6 C6 Q5 Q7 laid\u0173 pyn\u0117 su ki\u0161tuku galiniam \u017eibintui\"}]},{\"@type\":\"WebSite\",\"@id\":\"https:\\\/\\\/erformance.eu\\\/lv\\\/#website\",\"url\":\"https:\\\/\\\/erformance.eu\\\/lv\\\/\",\"name\":\"Erformance.eu\",\"description\":\"Automobili\u0173 dali\u0173 parduotuv\u0117\",\"potentialAction\":[{\"@type\":\"SearchAction\",\"target\":{\"@type\":\"EntryPoint\",\"urlTemplate\":\"https:\\\/\\\/erformance.eu\\\/lv\\\/?s={search_term_string}\"},\"query-input\":{\"@type\":\"PropertyValueSpecification\",\"valueRequired\":true,\"valueName\":\"search_term_string\"}}],\"inLanguage\":\"lv-LV\"}]}<\/script>\n<!-- \/ Yoast SEO Premium plugin. -->","yoast_head_json":{"title":"Audi A4 B7 B8 A5 A6 C6 Q5 Q7 laid\u0173 pyn\u0117 su ki\u0161tuku galiniam \u017eibintui - Erformance.eu","robots":{"index":"index","follow":"follow","max-snippet":"max-snippet:-1","max-image-preview":"max-image-preview:large","max-video-preview":"max-video-preview:-1"},"canonical":"https:\/\/erformance.eu\/lv\/produkts\/audi-a4-b7-b8-a5-a6-c6-q5-q7-laidu-pyne-su-kistuku-galiniam-zibintui\/","og_locale":"lv_LV","og_type":"article","og_title":"Audi A4 B7 B8 A5 A6 C6 Q5 Q7 laid\u0173 pyn\u0117 su ki\u0161tuku galiniam \u017eibintui","og_description":"1. Prek\u0117: Galinio \u017eibinto laid\u0173 jungtis su ki\u0161tuku2. Gamintojas: pakeitimas3. Automobilis: AudiA4 B7 B8 A5 A6 C6 Q5 Q7","og_url":"https:\/\/erformance.eu\/lv\/produkts\/audi-a4-b7-b8-a5-a6-c6-q5-q7-laidu-pyne-su-kistuku-galiniam-zibintui\/","og_site_name":"Erformance.eu","article_modified_time":"2026-03-12T15:51:12+00:00","og_image":[{"width":1200,"height":1200,"url":"https:\/\/erformance.eu\/wp-content\/uploads\/2026\/02\/pol_pm_Audi-A4-B7-B8-A5-A6-C6-Q5-Q7-wiazka-przewodow-z-wtyczka-do-lampy-tylnej-36378_2.jpg","type":"image\/jpeg"}],"twitter_card":"summary_large_image","twitter_misc":{"Est. reading time":"3 min\u016btes"},"schema":{"@context":"https:\/\/schema.org","@graph":[{"@type":"WebPage","@id":"https:\/\/erformance.eu\/lv\/produkts\/audi-a4-b7-b8-a5-a6-c6-q5-q7-laidu-pyne-su-kistuku-galiniam-zibintui\/","url":"https:\/\/erformance.eu\/lv\/produkts\/audi-a4-b7-b8-a5-a6-c6-q5-q7-laidu-pyne-su-kistuku-galiniam-zibintui\/","name":"Audi A4 B7 B8 A5 A6 C6 Q5 Q7 laid\u0173 pyn\u0117 su ki\u0161tuku galiniam \u017eibintui - Erformance.eu","isPartOf":{"@id":"https:\/\/erformance.eu\/lv\/#website"},"primaryImageOfPage":{"@id":"https:\/\/erformance.eu\/lv\/produkts\/audi-a4-b7-b8-a5-a6-c6-q5-q7-laidu-pyne-su-kistuku-galiniam-zibintui\/#primaryimage"},"image":{"@id":"https:\/\/erformance.eu\/lv\/produkts\/audi-a4-b7-b8-a5-a6-c6-q5-q7-laidu-pyne-su-kistuku-galiniam-zibintui\/#primaryimage"},"thumbnailUrl":"https:\/\/erformance.eu\/wp-content\/uploads\/2026\/02\/pol_pm_Audi-A4-B7-B8-A5-A6-C6-Q5-Q7-wiazka-przewodow-z-wtyczka-do-lampy-tylnej-36378_2.jpg","datePublished":"2026-02-16T11:28:08+00:00","dateModified":"2026-03-12T15:51:12+00:00","breadcrumb":{"@id":"https:\/\/erformance.eu\/lv\/produkts\/audi-a4-b7-b8-a5-a6-c6-q5-q7-laidu-pyne-su-kistuku-galiniam-zibintui\/#breadcrumb"},"inLanguage":"lv-LV","potentialAction":[{"@type":"ReadAction","target":["https:\/\/erformance.eu\/lv\/produkts\/audi-a4-b7-b8-a5-a6-c6-q5-q7-laidu-pyne-su-kistuku-galiniam-zibintui\/"]}]},{"@type":"ImageObject","inLanguage":"lv-LV","@id":"https:\/\/erformance.eu\/lv\/produkts\/audi-a4-b7-b8-a5-a6-c6-q5-q7-laidu-pyne-su-kistuku-galiniam-zibintui\/#primaryimage","url":"https:\/\/erformance.eu\/wp-content\/uploads\/2026\/02\/pol_pm_Audi-A4-B7-B8-A5-A6-C6-Q5-Q7-wiazka-przewodow-z-wtyczka-do-lampy-tylnej-36378_2.jpg","contentUrl":"https:\/\/erformance.eu\/wp-content\/uploads\/2026\/02\/pol_pm_Audi-A4-B7-B8-A5-A6-C6-Q5-Q7-wiazka-przewodow-z-wtyczka-do-lampy-tylnej-36378_2.jpg","width":1200,"height":1200},{"@type":"BreadcrumbList","@id":"https:\/\/erformance.eu\/lv\/produkts\/audi-a4-b7-b8-a5-a6-c6-q5-q7-laidu-pyne-su-kistuku-galiniam-zibintui\/#breadcrumb","itemListElement":[{"@type":"ListItem","position":1,"name":"Home","item":"https:\/\/erformance.eu\/lv\/"},{"@type":"ListItem","position":2,"name":"Veikals","item":"https:\/\/erformance.eu\/lv\/veikals\/"},{"@type":"ListItem","position":3,"name":"Audi A4 B7 B8 A5 A6 C6 Q5 Q7 laid\u0173 pyn\u0117 su ki\u0161tuku galiniam \u017eibintui"}]},{"@type":"WebSite","@id":"https:\/\/erformance.eu\/lv\/#website","url":"https:\/\/erformance.eu\/lv\/","name":"Erformance.eu","description":"Automobili\u0173 dali\u0173 parduotuv\u0117","potentialAction":[{"@type":"SearchAction","target":{"@type":"EntryPoint","urlTemplate":"https:\/\/erformance.eu\/lv\/?s={search_term_string}"},"query-input":{"@type":"PropertyValueSpecification","valueRequired":true,"valueName":"search_term_string"}}],"inLanguage":"lv-LV"}]}},"jetpack_sharing_enabled":true,"_links":{"self":[{"href":"https:\/\/erformance.eu\/lv\/wp-json\/wp\/v2\/product\/57392","targetHints":{"allow":["GET"]}}],"collection":[{"href":"https:\/\/erformance.eu\/lv\/wp-json\/wp\/v2\/product"}],"about":[{"href":"https:\/\/erformance.eu\/lv\/wp-json\/wp\/v2\/types\/product"}],"replies":[{"embeddable":true,"href":"https:\/\/erformance.eu\/lv\/wp-json\/wp\/v2\/comments?post=57392"}],"version-history":[{"count":1,"href":"https:\/\/erformance.eu\/lv\/wp-json\/wp\/v2\/product\/57392\/revisions"}],"predecessor-version":[{"id":57393,"href":"https:\/\/erformance.eu\/lv\/wp-json\/wp\/v2\/product\/57392\/revisions\/57393"}],"wp:featuredmedia":[{"embeddable":true,"href":"https:\/\/erformance.eu\/lv\/wp-json\/wp\/v2\/media\/54256"}],"wp:attachment":[{"href":"https:\/\/erformance.eu\/lv\/wp-json\/wp\/v2\/media?parent=57392"}],"wp:term":[{"taxonomy":"product_brand","embeddable":true,"href":"https:\/\/erformance.eu\/lv\/wp-json\/wp\/v2\/product_brand?post=57392"},{"taxonomy":"product_cat","embeddable":true,"href":"https:\/\/erformance.eu\/lv\/wp-json\/wp\/v2\/product_cat?post=57392"},{"taxonomy":"product_tag","embeddable":true,"href":"https:\/\/erformance.eu\/lv\/wp-json\/wp\/v2\/product_tag?post=57392"}],"curies":[{"name":"wp","href":"https:\/\/api.w.org\/{rel}","templated":true}]}}