{"id":57406,"date":"2026-02-16T14:28:18","date_gmt":"2026-02-16T11:28:18","guid":{"rendered":"https:\/\/erformance.eu\/?post_type=product&#038;p=57406"},"modified":"2026-03-26T02:26:17","modified_gmt":"2026-03-25T23:26:17","slug":"audi-q7-07-15-valytuvo-antgalis","status":"publish","type":"product","link":"https:\/\/erformance.eu\/lv\/produkts\/audi-q7-07-15-valytuvo-antgalis\/","title":{"rendered":"Audi Q7 07-15 valytuvo antgalis"},"content":{"rendered":"<p>Przedmiot:\u00a0dysza spryskiwacza szyby tylnej<br \/>\nNumer OE: 8E9955985<br \/>\nUWAGA! powy\u017csze numery s\u0105 numerami oryginalnych cz\u0119\u015bci kt\u00f3rych przedmiot z niniejszej oferty jest zamiennikiem. Przed zakupem nale\u017cy je bezwzgl\u0119dnie por\u00f3wna\u0107 z numerem oryginalnej wymienianej cz\u0119\u015bci. Je\u017celi r\u00f3\u017cni\u0105 si\u0119 chocia\u017cby jednym znakiem to ta cz\u0119\u015b\u0107 nie b\u0119dzie pasowa\u0142a lub nie b\u0119dzie dzia\u0142a\u0142a lub nie b\u0119dzie dzia\u0142a\u0142a prawid\u0142owo. W takim wypadku nie nale\u017cy jej kupowa\u0107<br \/>\nSamoch\u00f3d:<\/p>\n<p>Audi A3 8P1, rok produkcji: 2004-2013<br \/>\nAudi A4 B6 B7, rok produkcji: 2001-2012<br \/>\nAudi A6 C6 C7, rok produkcji: 2005-2011<br \/>\nAudi Q3, rok produkcji: 2011-2018<br \/>\n\u201eAudi Q5\u201c, gamybos metai: 2008\u20132016<br \/>\n\u201eAudi Q7\u201c, gamybos metai: 2007\u20132015<br \/>\n\u201eSkoda Octavia II\u201c, gamybos metai: 2004\u20132013<\/p>\n<p>Gamintojas: pakaitalas<br \/>\nTechnin\u0117 b\u016bkl\u0117: prek\u0117 yra visi\u0161kai nauja, nenaudota, nepa\u017eeista ir nesugadinta<\/p>\n","protected":false},"excerpt":{"rendered":"<p>1. Przedmiot: dysza spryskiwacza szyby tylnej2. Producent: zamiennik3. Samoch\u00f3d:     * Audi A3 8P1 04-13     * Audi A4 B6 B7 01-12     * Audi A6 C6 C7 05-11     * Audi Q3 11-18     * Audi Q5 08-16     * Audi Q7 07-15     * Skoda Octavia II 04-13<\/p>\n","protected":false},"featured_media":54319,"comment_status":"open","ping_status":"closed","template":"","meta":[],"product_brand":[],"product_cat":[3930,144,3970,4370,400],"product_tag":[],"class_list":{"0":"post-57406","1":"product","2":"type-product","3":"status-publish","4":"has-post-thumbnail","6":"product_cat-audi-q7-4l","7":"product_cat-audi","8":"product_cat-audi-q7-4l-isores-dalys","9":"product_cat-audi-q7-4l-mechanizmai-valytuvai","10":"product_cat-audi-q7","12":"first","13":"instock","14":"shipping-taxable","15":"purchasable","16":"product-type-simple"},"yoast_head":"<!-- This site is optimized with the Yoast SEO Premium plugin v25.2 (Yoast SEO v27.3) - https:\/\/yoast.com\/product\/yoast-seo-premium-wordpress\/ -->\n<title>Audi Q7 07-15 valytuvo antgalis - Erformance.eu<\/title>\n<meta name=\"robots\" content=\"index, follow, max-snippet:-1, max-image-preview:large, max-video-preview:-1\" \/>\n<link rel=\"canonical\" href=\"https:\/\/erformance.eu\/lv\/produkts\/audi-q7-07-15-valytuvo-antgalis\/\" \/>\n<meta property=\"og:locale\" content=\"lv_LV\" \/>\n<meta property=\"og:type\" content=\"article\" \/>\n<meta property=\"og:title\" content=\"Audi Q7 07-15 valytuvo antgalis\" \/>\n<meta property=\"og:description\" content=\"1. Przedmiot: dysza spryskiwacza szyby tylnej2. Producent: zamiennik3. Samoch\u00f3d:   * Audi A3 8P1 04-13   * Audi A4 B6 B7 01-12   * Audi A6 C6 C7 05-11   * Audi Q3 11-18   * Audi Q5 08-16   * Audi Q7 07-15   * Skoda Octavia II 04-13\" \/>\n<meta property=\"og:url\" content=\"https:\/\/erformance.eu\/lv\/produkts\/audi-q7-07-15-valytuvo-antgalis\/\" \/>\n<meta property=\"og:site_name\" content=\"Erformance.eu\" \/>\n<meta property=\"article:modified_time\" content=\"2026-03-25T23:26:17+00:00\" \/>\n<meta property=\"og:image\" content=\"https:\/\/erformance.eu\/wp-content\/uploads\/2026\/02\/pol_pm_Audi-Q7-07-15-dysza-spryskiwacza-szyby-tylnej-13565_1.jpg\" \/>\n\t<meta property=\"og:image:width\" content=\"667\" \/>\n\t<meta property=\"og:image:height\" content=\"500\" \/>\n\t<meta property=\"og:image:type\" content=\"image\/jpeg\" \/>\n<meta name=\"twitter:card\" content=\"summary_large_image\" \/>\n<meta name=\"twitter:label1\" content=\"Est. reading time\" \/>\n\t<meta name=\"twitter:data1\" content=\"1 min\u016b\u0161u\" \/>\n<script type=\"application\/ld+json\" class=\"yoast-schema-graph\">{\"@context\":\"https:\\\/\\\/schema.org\",\"@graph\":[{\"@type\":\"WebPage\",\"@id\":\"https:\\\/\\\/erformance.eu\\\/lv\\\/produkts\\\/audi-q7-07-15-valytuvo-antgalis\\\/\",\"url\":\"https:\\\/\\\/erformance.eu\\\/lv\\\/produkts\\\/audi-q7-07-15-valytuvo-antgalis\\\/\",\"name\":\"Audi Q7 07-15 valytuvo antgalis - Erformance.eu\",\"isPartOf\":{\"@id\":\"https:\\\/\\\/erformance.eu\\\/lv\\\/#website\"},\"primaryImageOfPage\":{\"@id\":\"https:\\\/\\\/erformance.eu\\\/lv\\\/produkts\\\/audi-q7-07-15-valytuvo-antgalis\\\/#primaryimage\"},\"image\":{\"@id\":\"https:\\\/\\\/erformance.eu\\\/lv\\\/produkts\\\/audi-q7-07-15-valytuvo-antgalis\\\/#primaryimage\"},\"thumbnailUrl\":\"https:\\\/\\\/erformance.eu\\\/wp-content\\\/uploads\\\/2026\\\/02\\\/pol_pm_Audi-Q7-07-15-dysza-spryskiwacza-szyby-tylnej-13565_1.jpg\",\"datePublished\":\"2026-02-16T11:28:18+00:00\",\"dateModified\":\"2026-03-25T23:26:17+00:00\",\"breadcrumb\":{\"@id\":\"https:\\\/\\\/erformance.eu\\\/lv\\\/produkts\\\/audi-q7-07-15-valytuvo-antgalis\\\/#breadcrumb\"},\"inLanguage\":\"lv-LV\",\"potentialAction\":[{\"@type\":\"ReadAction\",\"target\":[\"https:\\\/\\\/erformance.eu\\\/lv\\\/produkts\\\/audi-q7-07-15-valytuvo-antgalis\\\/\"]}]},{\"@type\":\"ImageObject\",\"inLanguage\":\"lv-LV\",\"@id\":\"https:\\\/\\\/erformance.eu\\\/lv\\\/produkts\\\/audi-q7-07-15-valytuvo-antgalis\\\/#primaryimage\",\"url\":\"https:\\\/\\\/erformance.eu\\\/wp-content\\\/uploads\\\/2026\\\/02\\\/pol_pm_Audi-Q7-07-15-dysza-spryskiwacza-szyby-tylnej-13565_1.jpg\",\"contentUrl\":\"https:\\\/\\\/erformance.eu\\\/wp-content\\\/uploads\\\/2026\\\/02\\\/pol_pm_Audi-Q7-07-15-dysza-spryskiwacza-szyby-tylnej-13565_1.jpg\",\"width\":667,\"height\":500},{\"@type\":\"BreadcrumbList\",\"@id\":\"https:\\\/\\\/erformance.eu\\\/lv\\\/produkts\\\/audi-q7-07-15-valytuvo-antgalis\\\/#breadcrumb\",\"itemListElement\":[{\"@type\":\"ListItem\",\"position\":1,\"name\":\"Home\",\"item\":\"https:\\\/\\\/erformance.eu\\\/lv\\\/\"},{\"@type\":\"ListItem\",\"position\":2,\"name\":\"Veikals\",\"item\":\"https:\\\/\\\/erformance.eu\\\/lv\\\/veikals\\\/\"},{\"@type\":\"ListItem\",\"position\":3,\"name\":\"Audi Q7 07-15 valytuvo antgalis\"}]},{\"@type\":\"WebSite\",\"@id\":\"https:\\\/\\\/erformance.eu\\\/lv\\\/#website\",\"url\":\"https:\\\/\\\/erformance.eu\\\/lv\\\/\",\"name\":\"Erformance.eu\",\"description\":\"Automobili\u0173 dali\u0173 parduotuv\u0117\",\"potentialAction\":[{\"@type\":\"SearchAction\",\"target\":{\"@type\":\"EntryPoint\",\"urlTemplate\":\"https:\\\/\\\/erformance.eu\\\/lv\\\/?s={search_term_string}\"},\"query-input\":{\"@type\":\"PropertyValueSpecification\",\"valueRequired\":true,\"valueName\":\"search_term_string\"}}],\"inLanguage\":\"lv-LV\"}]}<\/script>\n<!-- \/ Yoast SEO Premium plugin. -->","yoast_head_json":{"title":"Audi Q7 07-15 valytuvo antgalis - Erformance.eu","robots":{"index":"index","follow":"follow","max-snippet":"max-snippet:-1","max-image-preview":"max-image-preview:large","max-video-preview":"max-video-preview:-1"},"canonical":"https:\/\/erformance.eu\/lv\/produkts\/audi-q7-07-15-valytuvo-antgalis\/","og_locale":"lv_LV","og_type":"article","og_title":"Audi Q7 07-15 valytuvo antgalis","og_description":"1. Przedmiot: dysza spryskiwacza szyby tylnej2. Producent: zamiennik3. Samoch\u00f3d:   * Audi A3 8P1 04-13   * Audi A4 B6 B7 01-12   * Audi A6 C6 C7 05-11   * Audi Q3 11-18   * Audi Q5 08-16   * Audi Q7 07-15   * Skoda Octavia II 04-13","og_url":"https:\/\/erformance.eu\/lv\/produkts\/audi-q7-07-15-valytuvo-antgalis\/","og_site_name":"Erformance.eu","article_modified_time":"2026-03-25T23:26:17+00:00","og_image":[{"width":667,"height":500,"url":"https:\/\/erformance.eu\/wp-content\/uploads\/2026\/02\/pol_pm_Audi-Q7-07-15-dysza-spryskiwacza-szyby-tylnej-13565_1.jpg","type":"image\/jpeg"}],"twitter_card":"summary_large_image","twitter_misc":{"Est. reading time":"1 min\u016b\u0161u"},"schema":{"@context":"https:\/\/schema.org","@graph":[{"@type":"WebPage","@id":"https:\/\/erformance.eu\/lv\/produkts\/audi-q7-07-15-valytuvo-antgalis\/","url":"https:\/\/erformance.eu\/lv\/produkts\/audi-q7-07-15-valytuvo-antgalis\/","name":"Audi Q7 07-15 valytuvo antgalis - Erformance.eu","isPartOf":{"@id":"https:\/\/erformance.eu\/lv\/#website"},"primaryImageOfPage":{"@id":"https:\/\/erformance.eu\/lv\/produkts\/audi-q7-07-15-valytuvo-antgalis\/#primaryimage"},"image":{"@id":"https:\/\/erformance.eu\/lv\/produkts\/audi-q7-07-15-valytuvo-antgalis\/#primaryimage"},"thumbnailUrl":"https:\/\/erformance.eu\/wp-content\/uploads\/2026\/02\/pol_pm_Audi-Q7-07-15-dysza-spryskiwacza-szyby-tylnej-13565_1.jpg","datePublished":"2026-02-16T11:28:18+00:00","dateModified":"2026-03-25T23:26:17+00:00","breadcrumb":{"@id":"https:\/\/erformance.eu\/lv\/produkts\/audi-q7-07-15-valytuvo-antgalis\/#breadcrumb"},"inLanguage":"lv-LV","potentialAction":[{"@type":"ReadAction","target":["https:\/\/erformance.eu\/lv\/produkts\/audi-q7-07-15-valytuvo-antgalis\/"]}]},{"@type":"ImageObject","inLanguage":"lv-LV","@id":"https:\/\/erformance.eu\/lv\/produkts\/audi-q7-07-15-valytuvo-antgalis\/#primaryimage","url":"https:\/\/erformance.eu\/wp-content\/uploads\/2026\/02\/pol_pm_Audi-Q7-07-15-dysza-spryskiwacza-szyby-tylnej-13565_1.jpg","contentUrl":"https:\/\/erformance.eu\/wp-content\/uploads\/2026\/02\/pol_pm_Audi-Q7-07-15-dysza-spryskiwacza-szyby-tylnej-13565_1.jpg","width":667,"height":500},{"@type":"BreadcrumbList","@id":"https:\/\/erformance.eu\/lv\/produkts\/audi-q7-07-15-valytuvo-antgalis\/#breadcrumb","itemListElement":[{"@type":"ListItem","position":1,"name":"Home","item":"https:\/\/erformance.eu\/lv\/"},{"@type":"ListItem","position":2,"name":"Veikals","item":"https:\/\/erformance.eu\/lv\/veikals\/"},{"@type":"ListItem","position":3,"name":"Audi Q7 07-15 valytuvo antgalis"}]},{"@type":"WebSite","@id":"https:\/\/erformance.eu\/lv\/#website","url":"https:\/\/erformance.eu\/lv\/","name":"Erformance.eu","description":"Automobili\u0173 dali\u0173 parduotuv\u0117","potentialAction":[{"@type":"SearchAction","target":{"@type":"EntryPoint","urlTemplate":"https:\/\/erformance.eu\/lv\/?s={search_term_string}"},"query-input":{"@type":"PropertyValueSpecification","valueRequired":true,"valueName":"search_term_string"}}],"inLanguage":"lv-LV"}]}},"jetpack_sharing_enabled":true,"_links":{"self":[{"href":"https:\/\/erformance.eu\/lv\/wp-json\/wp\/v2\/product\/57406","targetHints":{"allow":["GET"]}}],"collection":[{"href":"https:\/\/erformance.eu\/lv\/wp-json\/wp\/v2\/product"}],"about":[{"href":"https:\/\/erformance.eu\/lv\/wp-json\/wp\/v2\/types\/product"}],"replies":[{"embeddable":true,"href":"https:\/\/erformance.eu\/lv\/wp-json\/wp\/v2\/comments?post=57406"}],"version-history":[{"count":2,"href":"https:\/\/erformance.eu\/lv\/wp-json\/wp\/v2\/product\/57406\/revisions"}],"predecessor-version":[{"id":66135,"href":"https:\/\/erformance.eu\/lv\/wp-json\/wp\/v2\/product\/57406\/revisions\/66135"}],"wp:featuredmedia":[{"embeddable":true,"href":"https:\/\/erformance.eu\/lv\/wp-json\/wp\/v2\/media\/54319"}],"wp:attachment":[{"href":"https:\/\/erformance.eu\/lv\/wp-json\/wp\/v2\/media?parent=57406"}],"wp:term":[{"taxonomy":"product_brand","embeddable":true,"href":"https:\/\/erformance.eu\/lv\/wp-json\/wp\/v2\/product_brand?post=57406"},{"taxonomy":"product_cat","embeddable":true,"href":"https:\/\/erformance.eu\/lv\/wp-json\/wp\/v2\/product_cat?post=57406"},{"taxonomy":"product_tag","embeddable":true,"href":"https:\/\/erformance.eu\/lv\/wp-json\/wp\/v2\/product_tag?post=57406"}],"curies":[{"name":"wp","href":"https:\/\/api.w.org\/{rel}","templated":true}]}}