{"id":57418,"date":"2026-02-16T14:28:25","date_gmt":"2026-02-16T11:28:25","guid":{"rendered":"https:\/\/erformance.eu\/?post_type=product&#038;p=57418"},"modified":"2026-03-05T19:56:06","modified_gmt":"2026-03-05T16:56:06","slug":"audi-a1-a3-a5-a6-a7-q2-q3-q4-q5-q7-q8-bagazines-rankenos-mygtukas-mikrojungiklis","status":"publish","type":"product","link":"https:\/\/erformance.eu\/lv\/produkts\/audi-a1-a3-a5-a6-a7-q2-q3-q4-q5-q7-q8-bagazines-rankenos-mygtukas-mikrojungiklis\/","title":{"rendered":"Audi A1, A3, A5, A6, A7, Q2, Q3, Q4, Q5, Q7, Q8 baga\u017ein\u0117s rankenos mygtukas (mikrojungiklis)"},"content":{"rendered":"<p>Prek\u0117: Galinio baga\u017ein\u0117s dang\u010dio rankenos mygtukas (mikrojungiklis)<br \/>\nOriginalus numeris:<\/p>\n<p>6V0827566<br \/>\n6V0 827 566<\/p>\n<p>PASTABA: auk\u0161\u010diau pateikti numeriai yra original\u016bs dali\u0173 numeriai, kuriuos \u0161is pasi\u016blymas pakei\u010dia. Prie\u0161 pirkdami, palyginkite juos su originaliu dalies numeriu. Jei jie skiriasi net vienu simboliu, dalis netiks, neveiks arba veiks netinkamai. Tokiu atveju jos nepirkite.<\/p>\n<p>Automobilis:<\/p>\n<p>\u201eAudi A1 Allstreet\u201c (GBH) , modeliai, pagaminti nuo: 2022 m.<br \/>\nAudi A1 CITY CARVER (GBH) , modeliai pagaminti nuo: 2019-<br \/>\n\u201eAudi A1 Sportback\u201c (GBA) , modeliai, pagaminti nuo: 2018 m.<br \/>\nAudi A3 Allstreet (8YH) , modeliai, pagaminti nuo: 2022-<br \/>\n\u201eAudi A3 Limousine\u201c (8YS) , modeliai, pagaminti nuo: 2020 m.<br \/>\nAudi A3 Limousine (8YS, 8YM) , modeliai pagaminti nuo: 2022-<br \/>\n\u201eAudi A3 Sportback\u201c (8YA) , modeliai, pagaminti nuo: 2019 m.<br \/>\nAudi A3 Sportback (8YA, 8YF) , modeliai pagaminti nuo: 2022-<br \/>\n\u201eAudi A5\u201c (F53, F5P) , modeliai, pagaminti nuo: 2016 m.<br \/>\n\u201eAudi A5 Sportback\u201c (F5A, F5F) , modeliai, pagaminti nuo: 2016 m.<br \/>\n\u201eAudi A5\u201c kabrioletas (F57, F5E) , modeliai, pagaminti nuo: 2016 m.<br \/>\nAudi A6 Allroad C8 (4AH) , modeliai, pagaminti nuo: 2018 m.<br \/>\n\u201eAudi A6 C8\u201c (4A2) , modeliai, pagaminti nuo: 2018 m.<br \/>\nAudi A6 C8 Avant (4A5) , modeliai, pagaminti nuo: 2018 m.<br \/>\n\u201eAudi A7 Sportback\u201c (4KA) , modeliai, pagaminti nuo: 2018 m.<br \/>\nAudi Q2 (GAB, GAG) , modeliai, pagaminti nuo: 2016 m.<br \/>\nAudi Q3 (F3B) , modeliai, pagaminti nuo: 2018 m.<br \/>\n\u201eAudi Q3 Sportback\u201c (F3N) , modeliai, pagaminti nuo: 2019 m.<br \/>\n\u201eAudi Q4\u201c visureigis (F4B) , modeliai, pagaminti nuo: 2021 m.<br \/>\n\u201eAudi Q4 Sportback\u201c (F4N) , modeliai, pagaminti nuo: 2021 m.<br \/>\nAudi Q5 (FYB, FYG) , modeliai, pagaminti nuo: 2016 m.<br \/>\n\u201eAudi Q5 Sportback\u201c (FYT) , modeliai, pagaminti nuo: 2020 m.<br \/>\nAudi Q5 Van (FYB, FYG) gamybos metai: 2017-2020<br \/>\nAudi Q7 (4MB, 4MG) gamybos metai: 2015-2019<br \/>\nAudi Q7 (4MB, 4MG, 4MQ) , modeliai pagaminti nuo: 2020-<br \/>\nAudi Q7 Van (4MB, 4MG) gamybos metai: 2015-2019<br \/>\n\u201eAudi Q8\u201c (4MN) , modeliai, pagaminti nuo: 2018 m.<\/p>\n<p>\u201eCupra ATECA\u201c (KH7, KHP) , modeliai, pagaminti nuo: 2018 m.<br \/>\n\u201eCupra FORMENTOR\u201c (KM7) , modeliai, pagaminti nuo: 2020 m.<\/p>\n<p>Seat ARONA (KJ7) , modeliai pagaminti nuo: 2017-<br \/>\n\u201eSeat ARONA\u201c (KJ7, KJP) , modeliai, pagaminti nuo: 2018 m.<br \/>\n\u201eSeat ATECA\u201c (KH7, KHP) , modeliai, pagaminti nuo: 2016 m.<\/p>\n<p>\u0160koda FABIA III (NJ3) , modeliai pagaminti nuo: 2014-<br \/>\nSkoda FABIA III Kombi (NJ5) , modeliai gaminami nuo: 2014 m.<br \/>\n\u0160koda KAMIQ (NW4) , modeliai, pagaminti nuo: 2019-<br \/>\nSkoda KAROQ (NU7) , modeliai gaminami nuo: 2017 m.<br \/>\n\u201eSkoda KAROQ\u201c (NU7, ND7) , modeliai, pagaminti nuo: 2017 m.<br \/>\n\u201eSkoda KODIAQ\u201c (NS7, NV7) , modeliai, pagaminti nuo: 2016 m.<br \/>\n\u201eSkoda KODIAQ\u201c (NS7, NV7, NS6) , modeliai, pagaminti nuo: 2017 m.<br \/>\n\u201eSkoda KODIAQ I\u201c (NS6, NS7, NV7) , modeliai, pagaminti nuo: 2018 m.<br \/>\n\u0160koda OCTAVIA IV (NX3) , modeliai pagaminti nuo: 2020-<br \/>\nSkoda RAPID (NH3) rok produkcji: 2012-2019<br \/>\nSkoda RAPID Spaceback (NH1) rok produkcji: 2012-2019<br \/>\nSkoda SCALA (NW1), modele produkowane od roku: 2019-<br \/>\nSkoda SUPERB III (3V3), modele produkowane od roku: 2015-<br \/>\nSkoda SUPERB III Kombi (3V5), modele produkowane od roku: 2015-<\/p>\n<p>Volkswagen GOLF ALLTRACK VIII (CG5), modele produkowane od roku: 2020-<br \/>\nVolkswagen GOLF VII (5G1, BQ1, BE1, BE2), modele produkowane od roku: 2016-<br \/>\nVolkswagen GOLF VIII (CD1), modele produkowane od roku: 2019-<br \/>\nVolkswagen GOLF VIII Variant (CG5), modele produkowane od roku: 2020-<br \/>\nVolkswagen ID.4 (E21), modele produkowane od roku: 2020-<br \/>\nVolkswagen ID.5 (E39), modele produkowane od roku: 2021-<br \/>\nVolkswagen PASSAT ALLTRACK B8 Variant (3G5, CB5), modele produkowane od roku: 2015-<br \/>\nVolkswagen PASSAT B8 (3G2, CB2), modele produkowane od roku: 2014-<br \/>\nVolkswagen PASSAT B8 Variant (3G5, CB5), modele produkowane od roku: 2014-<br \/>\nVolkswagen POLO VI (AW1, BZ1), modele produkowane od roku: 2017-<br \/>\nVolkswagen T-CROSS (C11), modele produkowane od roku: 2018-<br \/>\nVolkswagen TOUAREG (CR7), modele produkowane od roku: 2018-<\/p>\n<p>UWAGA!: <\/p>\n<p>Do samochod\u00f3w bez kamery cofania<br \/>\nDo samochod\u00f3w bez czujnika otoczenia<\/p>\n<p>Producent: zamiennik<br \/>\nStan techniczny: przedmiot jest fabrycznie NOWY, nieu\u017cywany, nieuszkodzony i niezniszczony<\/p>\n","protected":false},"excerpt":{"rendered":"<p>1. Prek\u0117: Galinio baga\u017ein\u0117s dang\u010dio rankenos mygtukas (mikrojungiklis)3. Gamintojas: pakeitimas4. Automobilis:Audi A1, A3, A5, A6, A7, Q2, Q3, Q4, Q5, Q7, Q8<\/p>\n","protected":false},"featured_media":54375,"comment_status":"open","ping_status":"closed","template":"","meta":[],"product_brand":[],"product_cat":[3920,3930,3931,3932,3905,3906,3928,3927,3902,392,186,391,394,395,144,3913,3918,3919,3929,3926,3942,3958,3969,3945,3960,3970,3946,3966,3971,3953,3967,3972,3957,3968,4368,4342,4358,4369,4345,4360,4370,4346,4366,4371,4353,4367,4372,4357,397,398,399,400,402],"product_tag":[],"class_list":{"0":"post-57418","1":"product","2":"type-product","3":"status-publish","4":"has-post-thumbnail","6":"product_cat-audi-a7-4g","7":"product_cat-audi-q7-4l","8":"product_cat-audi-q7-4m","9":"product_cat-audi-q8-4m","10":"product_cat-audi-a3-8l","11":"product_cat-audi-a3-8p","12":"product_cat-audi-q5-8r","13":"product_cat-audi-q3-8u","14":"product_cat-audi-a1-8x","15":"product_cat-audi-a1","16":"product_cat-a3","17":"product_cat-audi-a5","18":"product_cat-audi-a6","19":"product_cat-audi-a7","20":"product_cat-audi","21":"product_cat-audi-a5-b8-8t","22":"product_cat-audi-a6-c6","23":"product_cat-audi-a6-c7","24":"product_cat-audi-q5-fy","25":"product_cat-audi-q2-ga","26":"product_cat-audi-a1-8x-isores-dalys","27":"product_cat-audi-a6-c7-isores-dalys","28":"product_cat-audi-q5-fy-isores-dalys","29":"product_cat-audi-a3-8l-isores-dalys","30":"product_cat-audi-a7-4g-isores-dalys","31":"product_cat-audi-q7-4l-isores-dalys","32":"product_cat-audi-a3-8p-isores-dalys","33":"product_cat-audi-q2-ga-isores-dalys","34":"product_cat-audi-q7-4m-isores-dalys","35":"product_cat-audi-a5-b8-8t-isores-dalys","36":"product_cat-audi-q3-8u-isores-dalys","37":"product_cat-audi-q8-4m-isores-dalys","38":"product_cat-audi-a6-c6-isores-dalys","39":"product_cat-audi-q5-8r-isores-dalys","40":"product_cat-audi-q5-8r-mechanizmai-valytuvai","41":"product_cat-audi-a1-8x-mechanizmai-valytuvai","42":"product_cat-audi-a6-c7-mechanizmai-valytuvai","43":"product_cat-audi-q5-fy-mechanizmai-valytuvai","44":"product_cat-audi-a3-8l-mechanizmai-valytuvai","45":"product_cat-audi-a7-4g-mechanizmai-valytuvai","46":"product_cat-audi-q7-4l-mechanizmai-valytuvai","47":"product_cat-audi-a3-8p-mechanizmai-valytuvai","48":"product_cat-audi-q2-ga-mechanizmai-valytuvai","49":"product_cat-audi-q7-4m-mechanizmai-valytuvai","50":"product_cat-audi-a5-b8-8t-mechanizmai-valytuvai","51":"product_cat-audi-q3-8u-mechanizmai-valytuvai","52":"product_cat-audi-q8-4m-mechanizmai-valytuvai","53":"product_cat-audi-a6-c6-mechanizmai-valytuvai","54":"product_cat-audi-q2","55":"product_cat-audi-q3","56":"product_cat-audi-q5","57":"product_cat-audi-q7","58":"product_cat-audi-q8","60":"first","61":"instock","62":"shipping-taxable","63":"purchasable","64":"product-type-simple"},"yoast_head":"<!-- This site is optimized with the Yoast SEO Premium plugin v25.2 (Yoast SEO v27.4) - https:\/\/yoast.com\/product\/yoast-seo-premium-wordpress\/ -->\n<title>Audi A1, A3, A5, A6, A7, Q2, Q3, Q4, Q5, Q7, Q8 baga\u017ein\u0117s rankenos mygtukas (mikrojungiklis) - Erformance.eu<\/title>\n<meta name=\"robots\" content=\"index, follow, max-snippet:-1, max-image-preview:large, max-video-preview:-1\" \/>\n<link rel=\"canonical\" href=\"https:\/\/erformance.eu\/lv\/produkts\/audi-a1-a3-a5-a6-a7-q2-q3-q4-q5-q7-q8-bagazines-rankenos-mygtukas-mikrojungiklis\/\" \/>\n<meta property=\"og:locale\" content=\"lv_LV\" \/>\n<meta property=\"og:type\" content=\"article\" \/>\n<meta property=\"og:title\" content=\"Audi A1, A3, A5, A6, A7, Q2, Q3, Q4, Q5, Q7, Q8 baga\u017ein\u0117s rankenos mygtukas (mikrojungiklis)\" \/>\n<meta property=\"og:description\" content=\"1. Prek\u0117: Galinio baga\u017ein\u0117s dang\u010dio rankenos mygtukas (mikrojungiklis)3. Gamintojas: pakeitimas4. Automobilis:Audi A1, A3, A5, A6, A7, Q2, Q3, Q4, Q5, Q7, Q8\" \/>\n<meta property=\"og:url\" content=\"https:\/\/erformance.eu\/lv\/produkts\/audi-a1-a3-a5-a6-a7-q2-q3-q4-q5-q7-q8-bagazines-rankenos-mygtukas-mikrojungiklis\/\" \/>\n<meta property=\"og:site_name\" content=\"Erformance.eu\" \/>\n<meta property=\"article:modified_time\" content=\"2026-03-05T16:56:06+00:00\" \/>\n<meta property=\"og:image\" content=\"https:\/\/erformance.eu\/wp-content\/uploads\/2026\/02\/pol_pm_Audi-A1-A3-A5-A6-A7-Q2-Q3-Q4-Q5-Q7-Q8-przycisk-mikrostyk-klamki-tylnej-klapy-bagaznika-36823_2.jpg\" \/>\n\t<meta property=\"og:image:width\" content=\"861\" \/>\n\t<meta property=\"og:image:height\" content=\"755\" \/>\n\t<meta property=\"og:image:type\" content=\"image\/jpeg\" \/>\n<meta name=\"twitter:card\" content=\"summary_large_image\" \/>\n<meta name=\"twitter:label1\" content=\"Est. reading time\" \/>\n\t<meta name=\"twitter:data1\" content=\"3 min\u016btes\" \/>\n<script type=\"application\/ld+json\" class=\"yoast-schema-graph\">{\"@context\":\"https:\\\/\\\/schema.org\",\"@graph\":[{\"@type\":\"WebPage\",\"@id\":\"https:\\\/\\\/erformance.eu\\\/lv\\\/produkts\\\/audi-a1-a3-a5-a6-a7-q2-q3-q4-q5-q7-q8-bagazines-rankenos-mygtukas-mikrojungiklis\\\/\",\"url\":\"https:\\\/\\\/erformance.eu\\\/lv\\\/produkts\\\/audi-a1-a3-a5-a6-a7-q2-q3-q4-q5-q7-q8-bagazines-rankenos-mygtukas-mikrojungiklis\\\/\",\"name\":\"Audi A1, A3, A5, A6, A7, Q2, Q3, Q4, Q5, Q7, Q8 baga\u017ein\u0117s rankenos mygtukas (mikrojungiklis) - Erformance.eu\",\"isPartOf\":{\"@id\":\"https:\\\/\\\/erformance.eu\\\/lv\\\/#website\"},\"primaryImageOfPage\":{\"@id\":\"https:\\\/\\\/erformance.eu\\\/lv\\\/produkts\\\/audi-a1-a3-a5-a6-a7-q2-q3-q4-q5-q7-q8-bagazines-rankenos-mygtukas-mikrojungiklis\\\/#primaryimage\"},\"image\":{\"@id\":\"https:\\\/\\\/erformance.eu\\\/lv\\\/produkts\\\/audi-a1-a3-a5-a6-a7-q2-q3-q4-q5-q7-q8-bagazines-rankenos-mygtukas-mikrojungiklis\\\/#primaryimage\"},\"thumbnailUrl\":\"https:\\\/\\\/erformance.eu\\\/wp-content\\\/uploads\\\/2026\\\/02\\\/pol_pm_Audi-A1-A3-A5-A6-A7-Q2-Q3-Q4-Q5-Q7-Q8-przycisk-mikrostyk-klamki-tylnej-klapy-bagaznika-36823_2.jpg\",\"datePublished\":\"2026-02-16T11:28:25+00:00\",\"dateModified\":\"2026-03-05T16:56:06+00:00\",\"breadcrumb\":{\"@id\":\"https:\\\/\\\/erformance.eu\\\/lv\\\/produkts\\\/audi-a1-a3-a5-a6-a7-q2-q3-q4-q5-q7-q8-bagazines-rankenos-mygtukas-mikrojungiklis\\\/#breadcrumb\"},\"inLanguage\":\"lv-LV\",\"potentialAction\":[{\"@type\":\"ReadAction\",\"target\":[\"https:\\\/\\\/erformance.eu\\\/lv\\\/produkts\\\/audi-a1-a3-a5-a6-a7-q2-q3-q4-q5-q7-q8-bagazines-rankenos-mygtukas-mikrojungiklis\\\/\"]}]},{\"@type\":\"ImageObject\",\"inLanguage\":\"lv-LV\",\"@id\":\"https:\\\/\\\/erformance.eu\\\/lv\\\/produkts\\\/audi-a1-a3-a5-a6-a7-q2-q3-q4-q5-q7-q8-bagazines-rankenos-mygtukas-mikrojungiklis\\\/#primaryimage\",\"url\":\"https:\\\/\\\/erformance.eu\\\/wp-content\\\/uploads\\\/2026\\\/02\\\/pol_pm_Audi-A1-A3-A5-A6-A7-Q2-Q3-Q4-Q5-Q7-Q8-przycisk-mikrostyk-klamki-tylnej-klapy-bagaznika-36823_2.jpg\",\"contentUrl\":\"https:\\\/\\\/erformance.eu\\\/wp-content\\\/uploads\\\/2026\\\/02\\\/pol_pm_Audi-A1-A3-A5-A6-A7-Q2-Q3-Q4-Q5-Q7-Q8-przycisk-mikrostyk-klamki-tylnej-klapy-bagaznika-36823_2.jpg\",\"width\":861,\"height\":755},{\"@type\":\"BreadcrumbList\",\"@id\":\"https:\\\/\\\/erformance.eu\\\/lv\\\/produkts\\\/audi-a1-a3-a5-a6-a7-q2-q3-q4-q5-q7-q8-bagazines-rankenos-mygtukas-mikrojungiklis\\\/#breadcrumb\",\"itemListElement\":[{\"@type\":\"ListItem\",\"position\":1,\"name\":\"Home\",\"item\":\"https:\\\/\\\/erformance.eu\\\/lv\\\/\"},{\"@type\":\"ListItem\",\"position\":2,\"name\":\"Veikals\",\"item\":\"https:\\\/\\\/erformance.eu\\\/lv\\\/veikals\\\/\"},{\"@type\":\"ListItem\",\"position\":3,\"name\":\"Audi A1, A3, A5, A6, A7, Q2, Q3, Q4, Q5, Q7, Q8 baga\u017ein\u0117s rankenos mygtukas (mikrojungiklis)\"}]},{\"@type\":\"WebSite\",\"@id\":\"https:\\\/\\\/erformance.eu\\\/lv\\\/#website\",\"url\":\"https:\\\/\\\/erformance.eu\\\/lv\\\/\",\"name\":\"Erformance.eu\",\"description\":\"Automobili\u0173 dali\u0173 parduotuv\u0117\",\"potentialAction\":[{\"@type\":\"SearchAction\",\"target\":{\"@type\":\"EntryPoint\",\"urlTemplate\":\"https:\\\/\\\/erformance.eu\\\/lv\\\/?s={search_term_string}\"},\"query-input\":{\"@type\":\"PropertyValueSpecification\",\"valueRequired\":true,\"valueName\":\"search_term_string\"}}],\"inLanguage\":\"lv-LV\"}]}<\/script>\n<!-- \/ Yoast SEO Premium plugin. -->","yoast_head_json":{"title":"Audi A1, A3, A5, A6, A7, Q2, Q3, Q4, Q5, Q7, Q8 baga\u017ein\u0117s rankenos mygtukas (mikrojungiklis) - Erformance.eu","robots":{"index":"index","follow":"follow","max-snippet":"max-snippet:-1","max-image-preview":"max-image-preview:large","max-video-preview":"max-video-preview:-1"},"canonical":"https:\/\/erformance.eu\/lv\/produkts\/audi-a1-a3-a5-a6-a7-q2-q3-q4-q5-q7-q8-bagazines-rankenos-mygtukas-mikrojungiklis\/","og_locale":"lv_LV","og_type":"article","og_title":"Audi A1, A3, A5, A6, A7, Q2, Q3, Q4, Q5, Q7, Q8 baga\u017ein\u0117s rankenos mygtukas (mikrojungiklis)","og_description":"1. Prek\u0117: Galinio baga\u017ein\u0117s dang\u010dio rankenos mygtukas (mikrojungiklis)3. Gamintojas: pakeitimas4. Automobilis:Audi A1, A3, A5, A6, A7, Q2, Q3, Q4, Q5, Q7, Q8","og_url":"https:\/\/erformance.eu\/lv\/produkts\/audi-a1-a3-a5-a6-a7-q2-q3-q4-q5-q7-q8-bagazines-rankenos-mygtukas-mikrojungiklis\/","og_site_name":"Erformance.eu","article_modified_time":"2026-03-05T16:56:06+00:00","og_image":[{"width":861,"height":755,"url":"https:\/\/erformance.eu\/wp-content\/uploads\/2026\/02\/pol_pm_Audi-A1-A3-A5-A6-A7-Q2-Q3-Q4-Q5-Q7-Q8-przycisk-mikrostyk-klamki-tylnej-klapy-bagaznika-36823_2.jpg","type":"image\/jpeg"}],"twitter_card":"summary_large_image","twitter_misc":{"Est. reading time":"3 min\u016btes"},"schema":{"@context":"https:\/\/schema.org","@graph":[{"@type":"WebPage","@id":"https:\/\/erformance.eu\/lv\/produkts\/audi-a1-a3-a5-a6-a7-q2-q3-q4-q5-q7-q8-bagazines-rankenos-mygtukas-mikrojungiklis\/","url":"https:\/\/erformance.eu\/lv\/produkts\/audi-a1-a3-a5-a6-a7-q2-q3-q4-q5-q7-q8-bagazines-rankenos-mygtukas-mikrojungiklis\/","name":"Audi A1, A3, A5, A6, A7, Q2, Q3, Q4, Q5, Q7, Q8 baga\u017ein\u0117s rankenos mygtukas (mikrojungiklis) - Erformance.eu","isPartOf":{"@id":"https:\/\/erformance.eu\/lv\/#website"},"primaryImageOfPage":{"@id":"https:\/\/erformance.eu\/lv\/produkts\/audi-a1-a3-a5-a6-a7-q2-q3-q4-q5-q7-q8-bagazines-rankenos-mygtukas-mikrojungiklis\/#primaryimage"},"image":{"@id":"https:\/\/erformance.eu\/lv\/produkts\/audi-a1-a3-a5-a6-a7-q2-q3-q4-q5-q7-q8-bagazines-rankenos-mygtukas-mikrojungiklis\/#primaryimage"},"thumbnailUrl":"https:\/\/erformance.eu\/wp-content\/uploads\/2026\/02\/pol_pm_Audi-A1-A3-A5-A6-A7-Q2-Q3-Q4-Q5-Q7-Q8-przycisk-mikrostyk-klamki-tylnej-klapy-bagaznika-36823_2.jpg","datePublished":"2026-02-16T11:28:25+00:00","dateModified":"2026-03-05T16:56:06+00:00","breadcrumb":{"@id":"https:\/\/erformance.eu\/lv\/produkts\/audi-a1-a3-a5-a6-a7-q2-q3-q4-q5-q7-q8-bagazines-rankenos-mygtukas-mikrojungiklis\/#breadcrumb"},"inLanguage":"lv-LV","potentialAction":[{"@type":"ReadAction","target":["https:\/\/erformance.eu\/lv\/produkts\/audi-a1-a3-a5-a6-a7-q2-q3-q4-q5-q7-q8-bagazines-rankenos-mygtukas-mikrojungiklis\/"]}]},{"@type":"ImageObject","inLanguage":"lv-LV","@id":"https:\/\/erformance.eu\/lv\/produkts\/audi-a1-a3-a5-a6-a7-q2-q3-q4-q5-q7-q8-bagazines-rankenos-mygtukas-mikrojungiklis\/#primaryimage","url":"https:\/\/erformance.eu\/wp-content\/uploads\/2026\/02\/pol_pm_Audi-A1-A3-A5-A6-A7-Q2-Q3-Q4-Q5-Q7-Q8-przycisk-mikrostyk-klamki-tylnej-klapy-bagaznika-36823_2.jpg","contentUrl":"https:\/\/erformance.eu\/wp-content\/uploads\/2026\/02\/pol_pm_Audi-A1-A3-A5-A6-A7-Q2-Q3-Q4-Q5-Q7-Q8-przycisk-mikrostyk-klamki-tylnej-klapy-bagaznika-36823_2.jpg","width":861,"height":755},{"@type":"BreadcrumbList","@id":"https:\/\/erformance.eu\/lv\/produkts\/audi-a1-a3-a5-a6-a7-q2-q3-q4-q5-q7-q8-bagazines-rankenos-mygtukas-mikrojungiklis\/#breadcrumb","itemListElement":[{"@type":"ListItem","position":1,"name":"Home","item":"https:\/\/erformance.eu\/lv\/"},{"@type":"ListItem","position":2,"name":"Veikals","item":"https:\/\/erformance.eu\/lv\/veikals\/"},{"@type":"ListItem","position":3,"name":"Audi A1, A3, A5, A6, A7, Q2, Q3, Q4, Q5, Q7, Q8 baga\u017ein\u0117s rankenos mygtukas (mikrojungiklis)"}]},{"@type":"WebSite","@id":"https:\/\/erformance.eu\/lv\/#website","url":"https:\/\/erformance.eu\/lv\/","name":"Erformance.eu","description":"Automobili\u0173 dali\u0173 parduotuv\u0117","potentialAction":[{"@type":"SearchAction","target":{"@type":"EntryPoint","urlTemplate":"https:\/\/erformance.eu\/lv\/?s={search_term_string}"},"query-input":{"@type":"PropertyValueSpecification","valueRequired":true,"valueName":"search_term_string"}}],"inLanguage":"lv-LV"}]}},"jetpack_sharing_enabled":true,"_links":{"self":[{"href":"https:\/\/erformance.eu\/lv\/wp-json\/wp\/v2\/product\/57418","targetHints":{"allow":["GET"]}}],"collection":[{"href":"https:\/\/erformance.eu\/lv\/wp-json\/wp\/v2\/product"}],"about":[{"href":"https:\/\/erformance.eu\/lv\/wp-json\/wp\/v2\/types\/product"}],"replies":[{"embeddable":true,"href":"https:\/\/erformance.eu\/lv\/wp-json\/wp\/v2\/comments?post=57418"}],"version-history":[{"count":1,"href":"https:\/\/erformance.eu\/lv\/wp-json\/wp\/v2\/product\/57418\/revisions"}],"predecessor-version":[{"id":57419,"href":"https:\/\/erformance.eu\/lv\/wp-json\/wp\/v2\/product\/57418\/revisions\/57419"}],"wp:featuredmedia":[{"embeddable":true,"href":"https:\/\/erformance.eu\/lv\/wp-json\/wp\/v2\/media\/54375"}],"wp:attachment":[{"href":"https:\/\/erformance.eu\/lv\/wp-json\/wp\/v2\/media?parent=57418"}],"wp:term":[{"taxonomy":"product_brand","embeddable":true,"href":"https:\/\/erformance.eu\/lv\/wp-json\/wp\/v2\/product_brand?post=57418"},{"taxonomy":"product_cat","embeddable":true,"href":"https:\/\/erformance.eu\/lv\/wp-json\/wp\/v2\/product_cat?post=57418"},{"taxonomy":"product_tag","embeddable":true,"href":"https:\/\/erformance.eu\/lv\/wp-json\/wp\/v2\/product_tag?post=57418"}],"curies":[{"name":"wp","href":"https:\/\/api.w.org\/{rel}","templated":true}]}}