{"id":57424,"date":"2026-02-16T14:28:31","date_gmt":"2026-02-16T11:28:31","guid":{"rendered":"https:\/\/erformance.eu\/?post_type=product&#038;p=57424"},"modified":"2026-03-25T03:05:08","modified_gmt":"2026-03-25T00:05:08","slug":"audi-a6-04-08-priekinio-bamperio-apdaila-chromuota-kaire","status":"publish","type":"product","link":"https:\/\/erformance.eu\/lv\/produkts\/audi-a6-04-08-priekinio-bamperio-apdaila-chromuota-kaire\/","title":{"rendered":"Audi A6 04-08 priekinio bamperio apdaila chromuota kair\u0117"},"content":{"rendered":"<p>Prek\u0117: priekinio bamperio apdaila<br \/>\nPus\u0117: Kair\u0117 (vairuotojo pus\u0117)<br \/>\nAutomobilis: Audi A6 C6<br \/>\nPagaminimo metai: 2004\u20132008<br \/>\nSpalva: chromas<br \/>\nGamintojas: pakaitalas<br \/>\nTechnin\u0117 b\u016bkl\u0117: prek\u0117 yra visi\u0161kai nauja, nenaudota, nepa\u017eeista ir nesugadinta<\/p>\n","protected":false},"excerpt":{"rendered":"<p>1. Prek\u0117: Priekinio bamperio apdaila2. Pus\u0117: kair\u01173. Gamintojas: pakeitimas4. Automobilis: Audi A6 C65. Pagaminimo metai: 2004\u20132008<\/p>\n","protected":false},"featured_media":54400,"comment_status":"open","ping_status":"closed","template":"","meta":[],"product_brand":[],"product_cat":[394,144,4084,3918,3957],"product_tag":[],"class_list":{"0":"post-57424","1":"product","2":"type-product","3":"status-publish","4":"has-post-thumbnail","6":"product_cat-audi-a6","7":"product_cat-audi","8":"product_cat-audi-a6-c6-bamperiai-ju-dalys","9":"product_cat-audi-a6-c6","10":"product_cat-audi-a6-c6-isores-dalys","12":"first","13":"instock","14":"shipping-taxable","15":"purchasable","16":"product-type-simple"},"yoast_head":"<!-- This site is optimized with the Yoast SEO Premium plugin v25.2 (Yoast SEO v27.3) - https:\/\/yoast.com\/product\/yoast-seo-premium-wordpress\/ -->\n<title>Audi A6 04-08 priekinio bamperio apdaila chromuota kair\u0117 - Erformance.eu<\/title>\n<meta name=\"robots\" content=\"index, follow, max-snippet:-1, max-image-preview:large, max-video-preview:-1\" \/>\n<link rel=\"canonical\" href=\"https:\/\/erformance.eu\/lv\/produkts\/audi-a6-04-08-priekinio-bamperio-apdaila-chromuota-kaire\/\" \/>\n<meta property=\"og:locale\" content=\"lv_LV\" \/>\n<meta property=\"og:type\" content=\"article\" \/>\n<meta property=\"og:title\" content=\"Audi A6 04-08 priekinio bamperio apdaila chromuota kair\u0117\" \/>\n<meta property=\"og:description\" content=\"1. Prek\u0117: Priekinio bamperio apdaila2. Pus\u0117: kair\u01173. Gamintojas: pakeitimas4. Automobilis: Audi A6 C65. Pagaminimo metai: 2004\u20132008\" \/>\n<meta property=\"og:url\" content=\"https:\/\/erformance.eu\/lv\/produkts\/audi-a6-04-08-priekinio-bamperio-apdaila-chromuota-kaire\/\" \/>\n<meta property=\"og:site_name\" content=\"Erformance.eu\" \/>\n<meta property=\"article:modified_time\" content=\"2026-03-25T00:05:08+00:00\" \/>\n<meta property=\"og:image\" content=\"https:\/\/erformance.eu\/wp-content\/uploads\/2026\/02\/pol_pm_Audi-A6-04-08-listwa-na-zderzak-przedni-CHROM-lewa-4942_1.jpg\" \/>\n\t<meta property=\"og:image:width\" content=\"800\" \/>\n\t<meta property=\"og:image:height\" content=\"600\" \/>\n\t<meta property=\"og:image:type\" content=\"image\/jpeg\" \/>\n<meta name=\"twitter:card\" content=\"summary_large_image\" \/>\n<script type=\"application\/ld+json\" class=\"yoast-schema-graph\">{\"@context\":\"https:\\\/\\\/schema.org\",\"@graph\":[{\"@type\":\"WebPage\",\"@id\":\"https:\\\/\\\/erformance.eu\\\/lv\\\/produkts\\\/audi-a6-04-08-priekinio-bamperio-apdaila-chromuota-kaire\\\/\",\"url\":\"https:\\\/\\\/erformance.eu\\\/lv\\\/produkts\\\/audi-a6-04-08-priekinio-bamperio-apdaila-chromuota-kaire\\\/\",\"name\":\"Audi A6 04-08 priekinio bamperio apdaila chromuota kair\u0117 - Erformance.eu\",\"isPartOf\":{\"@id\":\"https:\\\/\\\/erformance.eu\\\/lv\\\/#website\"},\"primaryImageOfPage\":{\"@id\":\"https:\\\/\\\/erformance.eu\\\/lv\\\/produkts\\\/audi-a6-04-08-priekinio-bamperio-apdaila-chromuota-kaire\\\/#primaryimage\"},\"image\":{\"@id\":\"https:\\\/\\\/erformance.eu\\\/lv\\\/produkts\\\/audi-a6-04-08-priekinio-bamperio-apdaila-chromuota-kaire\\\/#primaryimage\"},\"thumbnailUrl\":\"https:\\\/\\\/erformance.eu\\\/wp-content\\\/uploads\\\/2026\\\/02\\\/pol_pm_Audi-A6-04-08-listwa-na-zderzak-przedni-CHROM-lewa-4942_1.jpg\",\"datePublished\":\"2026-02-16T11:28:31+00:00\",\"dateModified\":\"2026-03-25T00:05:08+00:00\",\"breadcrumb\":{\"@id\":\"https:\\\/\\\/erformance.eu\\\/lv\\\/produkts\\\/audi-a6-04-08-priekinio-bamperio-apdaila-chromuota-kaire\\\/#breadcrumb\"},\"inLanguage\":\"lv-LV\",\"potentialAction\":[{\"@type\":\"ReadAction\",\"target\":[\"https:\\\/\\\/erformance.eu\\\/lv\\\/produkts\\\/audi-a6-04-08-priekinio-bamperio-apdaila-chromuota-kaire\\\/\"]}]},{\"@type\":\"ImageObject\",\"inLanguage\":\"lv-LV\",\"@id\":\"https:\\\/\\\/erformance.eu\\\/lv\\\/produkts\\\/audi-a6-04-08-priekinio-bamperio-apdaila-chromuota-kaire\\\/#primaryimage\",\"url\":\"https:\\\/\\\/erformance.eu\\\/wp-content\\\/uploads\\\/2026\\\/02\\\/pol_pm_Audi-A6-04-08-listwa-na-zderzak-przedni-CHROM-lewa-4942_1.jpg\",\"contentUrl\":\"https:\\\/\\\/erformance.eu\\\/wp-content\\\/uploads\\\/2026\\\/02\\\/pol_pm_Audi-A6-04-08-listwa-na-zderzak-przedni-CHROM-lewa-4942_1.jpg\",\"width\":800,\"height\":600},{\"@type\":\"BreadcrumbList\",\"@id\":\"https:\\\/\\\/erformance.eu\\\/lv\\\/produkts\\\/audi-a6-04-08-priekinio-bamperio-apdaila-chromuota-kaire\\\/#breadcrumb\",\"itemListElement\":[{\"@type\":\"ListItem\",\"position\":1,\"name\":\"Home\",\"item\":\"https:\\\/\\\/erformance.eu\\\/lv\\\/\"},{\"@type\":\"ListItem\",\"position\":2,\"name\":\"Veikals\",\"item\":\"https:\\\/\\\/erformance.eu\\\/lv\\\/veikals\\\/\"},{\"@type\":\"ListItem\",\"position\":3,\"name\":\"Audi A6 04-08 priekinio bamperio apdaila chromuota kair\u0117\"}]},{\"@type\":\"WebSite\",\"@id\":\"https:\\\/\\\/erformance.eu\\\/lv\\\/#website\",\"url\":\"https:\\\/\\\/erformance.eu\\\/lv\\\/\",\"name\":\"Erformance.eu\",\"description\":\"Automobili\u0173 dali\u0173 parduotuv\u0117\",\"potentialAction\":[{\"@type\":\"SearchAction\",\"target\":{\"@type\":\"EntryPoint\",\"urlTemplate\":\"https:\\\/\\\/erformance.eu\\\/lv\\\/?s={search_term_string}\"},\"query-input\":{\"@type\":\"PropertyValueSpecification\",\"valueRequired\":true,\"valueName\":\"search_term_string\"}}],\"inLanguage\":\"lv-LV\"}]}<\/script>\n<!-- \/ Yoast SEO Premium plugin. -->","yoast_head_json":{"title":"Audi A6 04-08 priekinio bamperio apdaila chromuota kair\u0117 - Erformance.eu","robots":{"index":"index","follow":"follow","max-snippet":"max-snippet:-1","max-image-preview":"max-image-preview:large","max-video-preview":"max-video-preview:-1"},"canonical":"https:\/\/erformance.eu\/lv\/produkts\/audi-a6-04-08-priekinio-bamperio-apdaila-chromuota-kaire\/","og_locale":"lv_LV","og_type":"article","og_title":"Audi A6 04-08 priekinio bamperio apdaila chromuota kair\u0117","og_description":"1. Prek\u0117: Priekinio bamperio apdaila2. Pus\u0117: kair\u01173. Gamintojas: pakeitimas4. Automobilis: Audi A6 C65. Pagaminimo metai: 2004\u20132008","og_url":"https:\/\/erformance.eu\/lv\/produkts\/audi-a6-04-08-priekinio-bamperio-apdaila-chromuota-kaire\/","og_site_name":"Erformance.eu","article_modified_time":"2026-03-25T00:05:08+00:00","og_image":[{"width":800,"height":600,"url":"https:\/\/erformance.eu\/wp-content\/uploads\/2026\/02\/pol_pm_Audi-A6-04-08-listwa-na-zderzak-przedni-CHROM-lewa-4942_1.jpg","type":"image\/jpeg"}],"twitter_card":"summary_large_image","schema":{"@context":"https:\/\/schema.org","@graph":[{"@type":"WebPage","@id":"https:\/\/erformance.eu\/lv\/produkts\/audi-a6-04-08-priekinio-bamperio-apdaila-chromuota-kaire\/","url":"https:\/\/erformance.eu\/lv\/produkts\/audi-a6-04-08-priekinio-bamperio-apdaila-chromuota-kaire\/","name":"Audi A6 04-08 priekinio bamperio apdaila chromuota kair\u0117 - Erformance.eu","isPartOf":{"@id":"https:\/\/erformance.eu\/lv\/#website"},"primaryImageOfPage":{"@id":"https:\/\/erformance.eu\/lv\/produkts\/audi-a6-04-08-priekinio-bamperio-apdaila-chromuota-kaire\/#primaryimage"},"image":{"@id":"https:\/\/erformance.eu\/lv\/produkts\/audi-a6-04-08-priekinio-bamperio-apdaila-chromuota-kaire\/#primaryimage"},"thumbnailUrl":"https:\/\/erformance.eu\/wp-content\/uploads\/2026\/02\/pol_pm_Audi-A6-04-08-listwa-na-zderzak-przedni-CHROM-lewa-4942_1.jpg","datePublished":"2026-02-16T11:28:31+00:00","dateModified":"2026-03-25T00:05:08+00:00","breadcrumb":{"@id":"https:\/\/erformance.eu\/lv\/produkts\/audi-a6-04-08-priekinio-bamperio-apdaila-chromuota-kaire\/#breadcrumb"},"inLanguage":"lv-LV","potentialAction":[{"@type":"ReadAction","target":["https:\/\/erformance.eu\/lv\/produkts\/audi-a6-04-08-priekinio-bamperio-apdaila-chromuota-kaire\/"]}]},{"@type":"ImageObject","inLanguage":"lv-LV","@id":"https:\/\/erformance.eu\/lv\/produkts\/audi-a6-04-08-priekinio-bamperio-apdaila-chromuota-kaire\/#primaryimage","url":"https:\/\/erformance.eu\/wp-content\/uploads\/2026\/02\/pol_pm_Audi-A6-04-08-listwa-na-zderzak-przedni-CHROM-lewa-4942_1.jpg","contentUrl":"https:\/\/erformance.eu\/wp-content\/uploads\/2026\/02\/pol_pm_Audi-A6-04-08-listwa-na-zderzak-przedni-CHROM-lewa-4942_1.jpg","width":800,"height":600},{"@type":"BreadcrumbList","@id":"https:\/\/erformance.eu\/lv\/produkts\/audi-a6-04-08-priekinio-bamperio-apdaila-chromuota-kaire\/#breadcrumb","itemListElement":[{"@type":"ListItem","position":1,"name":"Home","item":"https:\/\/erformance.eu\/lv\/"},{"@type":"ListItem","position":2,"name":"Veikals","item":"https:\/\/erformance.eu\/lv\/veikals\/"},{"@type":"ListItem","position":3,"name":"Audi A6 04-08 priekinio bamperio apdaila chromuota kair\u0117"}]},{"@type":"WebSite","@id":"https:\/\/erformance.eu\/lv\/#website","url":"https:\/\/erformance.eu\/lv\/","name":"Erformance.eu","description":"Automobili\u0173 dali\u0173 parduotuv\u0117","potentialAction":[{"@type":"SearchAction","target":{"@type":"EntryPoint","urlTemplate":"https:\/\/erformance.eu\/lv\/?s={search_term_string}"},"query-input":{"@type":"PropertyValueSpecification","valueRequired":true,"valueName":"search_term_string"}}],"inLanguage":"lv-LV"}]}},"jetpack_sharing_enabled":true,"_links":{"self":[{"href":"https:\/\/erformance.eu\/lv\/wp-json\/wp\/v2\/product\/57424","targetHints":{"allow":["GET"]}}],"collection":[{"href":"https:\/\/erformance.eu\/lv\/wp-json\/wp\/v2\/product"}],"about":[{"href":"https:\/\/erformance.eu\/lv\/wp-json\/wp\/v2\/types\/product"}],"replies":[{"embeddable":true,"href":"https:\/\/erformance.eu\/lv\/wp-json\/wp\/v2\/comments?post=57424"}],"version-history":[{"count":1,"href":"https:\/\/erformance.eu\/lv\/wp-json\/wp\/v2\/product\/57424\/revisions"}],"predecessor-version":[{"id":57425,"href":"https:\/\/erformance.eu\/lv\/wp-json\/wp\/v2\/product\/57424\/revisions\/57425"}],"wp:featuredmedia":[{"embeddable":true,"href":"https:\/\/erformance.eu\/lv\/wp-json\/wp\/v2\/media\/54400"}],"wp:attachment":[{"href":"https:\/\/erformance.eu\/lv\/wp-json\/wp\/v2\/media?parent=57424"}],"wp:term":[{"taxonomy":"product_brand","embeddable":true,"href":"https:\/\/erformance.eu\/lv\/wp-json\/wp\/v2\/product_brand?post=57424"},{"taxonomy":"product_cat","embeddable":true,"href":"https:\/\/erformance.eu\/lv\/wp-json\/wp\/v2\/product_cat?post=57424"},{"taxonomy":"product_tag","embeddable":true,"href":"https:\/\/erformance.eu\/lv\/wp-json\/wp\/v2\/product_tag?post=57424"}],"curies":[{"name":"wp","href":"https:\/\/api.w.org\/{rel}","templated":true}]}}