{"id":57470,"date":"2026-02-16T14:29:00","date_gmt":"2026-02-16T11:29:00","guid":{"rendered":"https:\/\/erformance.eu\/?post_type=product&#038;p=57470"},"modified":"2026-03-26T02:25:07","modified_gmt":"2026-03-25T23:25:07","slug":"audi-q7-06-14-elektriniu-langu-reguliavimo-jungikliu-komplektas-2-vnt","status":"publish","type":"product","link":"https:\/\/erformance.eu\/lv\/produkts\/audi-q7-06-14-elektriniu-langu-reguliavimo-jungikliu-komplektas-2-vnt\/","title":{"rendered":"Audi Q7 06-14 elektrini\u0173 lang\u0173 reguliavimo jungikli\u0173 komplektas, 2 vnt."},"content":{"rendered":"<p>Prek\u0117: Jungikli\u0173 rinkinys elektra valdomiems langams reguliuoti:<\/p>\n<p>Kombinuotas lang\u0173 pak\u0117limo jungiklis (4 mygtukai) &#8211; kair\u0117je (vairuotojo pus\u0117je)<br \/>\nlango valdymo jungiklis (1 mygtukas) \u2013 de\u0161in\u0117je (keleivio pus\u0117je)<\/p>\n<p>OE numeris: 4F0959851 + 4F0959855A<br \/>\nPASTABA: auk\u0161\u010diau pateikti numeriai yra original\u016bs dali\u0173 numeriai, kuriuos \u0161is pasi\u016blymas pakei\u010dia. Prie\u0161 pirkdami, palyginkite juos su originaliu dalies numeriu. Jei jie skiriasi net vienu simboliu, dalis netiks, neveiks arba veiks netinkamai. Tokiu atveju jos nepirkite.<br \/>\nKai\u0161\u010di\u0173 skai\u010dius:<\/p>\n<p>kairysis jungiklis (vairuotojo pus\u0117) &#8211; 10 kontakt\u0173<br \/>\nde\u0161inysis jungiklis (keleivio pus\u0117je) &#8211; 4 kontaktai<\/p>\n<p>Automobilis:<\/p>\n<p>Audi A3 II (8P), pagaminimo metai: 2003\u20132013<br \/>\nAudi A6 C6, gamybos metai: 2004-2011<br \/>\n\u201eAudi Q7\u201c, gamybos metai: 2006\u20132014<\/p>\n<p>Gamintojas: pakaitalas<br \/>\nTechnin\u0117 b\u016bkl\u0117: prek\u0117 yra visi\u0161kai nauja, nenaudota, nepa\u017eeista ir nesugadinta<br \/>\nPASTABA! \u0160iai prekei suteikiame 12 m\u0117nesi\u0173 garantij\u0105.<\/p>\n","protected":false},"excerpt":{"rendered":"<p>1. Prek\u0117: Elektrini\u0173 lang\u0173 reguliavimo jungikli\u0173 komplektas2. Automobilis:    * Audi A3 II (8P) 03-13    * Audi A6 C6 04\u201311    * Audi Q7 06\u201314<\/p>\n","protected":false},"featured_media":54616,"comment_status":"open","ping_status":"closed","template":"","meta":[],"product_brand":[],"product_cat":[3930,144,4686,400,4009],"product_tag":[],"class_list":{"0":"post-57470","1":"product","2":"type-product","3":"status-publish","4":"has-post-thumbnail","6":"product_cat-audi-q7-4l","7":"product_cat-audi","8":"product_cat-audi-q7-4l-mygtukai-mechanizmai","9":"product_cat-audi-q7","10":"product_cat-audi-q7-4l-salono-dalys","12":"first","13":"instock","14":"shipping-taxable","15":"purchasable","16":"product-type-simple"},"yoast_head":"<!-- This site is optimized with the Yoast SEO Premium plugin v25.2 (Yoast SEO v27.3) - https:\/\/yoast.com\/product\/yoast-seo-premium-wordpress\/ -->\n<title>Audi Q7 06-14 elektrini\u0173 lang\u0173 reguliavimo jungikli\u0173 komplektas, 2 vnt. - Erformance.eu<\/title>\n<meta name=\"robots\" content=\"index, follow, max-snippet:-1, max-image-preview:large, max-video-preview:-1\" \/>\n<link rel=\"canonical\" href=\"https:\/\/erformance.eu\/lv\/produkts\/audi-q7-06-14-elektriniu-langu-reguliavimo-jungikliu-komplektas-2-vnt\/\" \/>\n<meta property=\"og:locale\" content=\"lv_LV\" \/>\n<meta property=\"og:type\" content=\"article\" \/>\n<meta property=\"og:title\" content=\"Audi Q7 06-14 elektrini\u0173 lang\u0173 reguliavimo jungikli\u0173 komplektas, 2 vnt.\" \/>\n<meta property=\"og:description\" content=\"1. Prek\u0117: Elektrini\u0173 lang\u0173 reguliavimo jungikli\u0173 komplektas2. Automobilis:  * Audi A3 II (8P) 03-13  * Audi A6 C6 04\u201311  * Audi Q7 06\u201314\" \/>\n<meta property=\"og:url\" content=\"https:\/\/erformance.eu\/lv\/produkts\/audi-q7-06-14-elektriniu-langu-reguliavimo-jungikliu-komplektas-2-vnt\/\" \/>\n<meta property=\"og:site_name\" content=\"Erformance.eu\" \/>\n<meta property=\"article:modified_time\" content=\"2026-03-25T23:25:07+00:00\" \/>\n<meta property=\"og:image\" content=\"https:\/\/erformance.eu\/wp-content\/uploads\/2026\/02\/pol_pm_Audi-Q7-06-14-zestaw-przelacznikow-do-regulacji-szyb-elektrycznych-2-szt-KPL-15830_1.jpg\" \/>\n\t<meta property=\"og:image:width\" content=\"1200\" \/>\n\t<meta property=\"og:image:height\" content=\"900\" \/>\n\t<meta property=\"og:image:type\" content=\"image\/jpeg\" \/>\n<meta name=\"twitter:card\" content=\"summary_large_image\" \/>\n<meta name=\"twitter:label1\" content=\"Est. reading time\" \/>\n\t<meta name=\"twitter:data1\" content=\"1 min\u016b\u0161u\" \/>\n<script type=\"application\/ld+json\" class=\"yoast-schema-graph\">{\"@context\":\"https:\\\/\\\/schema.org\",\"@graph\":[{\"@type\":\"WebPage\",\"@id\":\"https:\\\/\\\/erformance.eu\\\/lv\\\/produkts\\\/audi-q7-06-14-elektriniu-langu-reguliavimo-jungikliu-komplektas-2-vnt\\\/\",\"url\":\"https:\\\/\\\/erformance.eu\\\/lv\\\/produkts\\\/audi-q7-06-14-elektriniu-langu-reguliavimo-jungikliu-komplektas-2-vnt\\\/\",\"name\":\"Audi Q7 06-14 elektrini\u0173 lang\u0173 reguliavimo jungikli\u0173 komplektas, 2 vnt. - Erformance.eu\",\"isPartOf\":{\"@id\":\"https:\\\/\\\/erformance.eu\\\/lv\\\/#website\"},\"primaryImageOfPage\":{\"@id\":\"https:\\\/\\\/erformance.eu\\\/lv\\\/produkts\\\/audi-q7-06-14-elektriniu-langu-reguliavimo-jungikliu-komplektas-2-vnt\\\/#primaryimage\"},\"image\":{\"@id\":\"https:\\\/\\\/erformance.eu\\\/lv\\\/produkts\\\/audi-q7-06-14-elektriniu-langu-reguliavimo-jungikliu-komplektas-2-vnt\\\/#primaryimage\"},\"thumbnailUrl\":\"https:\\\/\\\/erformance.eu\\\/wp-content\\\/uploads\\\/2026\\\/02\\\/pol_pm_Audi-Q7-06-14-zestaw-przelacznikow-do-regulacji-szyb-elektrycznych-2-szt-KPL-15830_1.jpg\",\"datePublished\":\"2026-02-16T11:29:00+00:00\",\"dateModified\":\"2026-03-25T23:25:07+00:00\",\"breadcrumb\":{\"@id\":\"https:\\\/\\\/erformance.eu\\\/lv\\\/produkts\\\/audi-q7-06-14-elektriniu-langu-reguliavimo-jungikliu-komplektas-2-vnt\\\/#breadcrumb\"},\"inLanguage\":\"lv-LV\",\"potentialAction\":[{\"@type\":\"ReadAction\",\"target\":[\"https:\\\/\\\/erformance.eu\\\/lv\\\/produkts\\\/audi-q7-06-14-elektriniu-langu-reguliavimo-jungikliu-komplektas-2-vnt\\\/\"]}]},{\"@type\":\"ImageObject\",\"inLanguage\":\"lv-LV\",\"@id\":\"https:\\\/\\\/erformance.eu\\\/lv\\\/produkts\\\/audi-q7-06-14-elektriniu-langu-reguliavimo-jungikliu-komplektas-2-vnt\\\/#primaryimage\",\"url\":\"https:\\\/\\\/erformance.eu\\\/wp-content\\\/uploads\\\/2026\\\/02\\\/pol_pm_Audi-Q7-06-14-zestaw-przelacznikow-do-regulacji-szyb-elektrycznych-2-szt-KPL-15830_1.jpg\",\"contentUrl\":\"https:\\\/\\\/erformance.eu\\\/wp-content\\\/uploads\\\/2026\\\/02\\\/pol_pm_Audi-Q7-06-14-zestaw-przelacznikow-do-regulacji-szyb-elektrycznych-2-szt-KPL-15830_1.jpg\",\"width\":1200,\"height\":900},{\"@type\":\"BreadcrumbList\",\"@id\":\"https:\\\/\\\/erformance.eu\\\/lv\\\/produkts\\\/audi-q7-06-14-elektriniu-langu-reguliavimo-jungikliu-komplektas-2-vnt\\\/#breadcrumb\",\"itemListElement\":[{\"@type\":\"ListItem\",\"position\":1,\"name\":\"Home\",\"item\":\"https:\\\/\\\/erformance.eu\\\/lv\\\/\"},{\"@type\":\"ListItem\",\"position\":2,\"name\":\"Veikals\",\"item\":\"https:\\\/\\\/erformance.eu\\\/lv\\\/veikals\\\/\"},{\"@type\":\"ListItem\",\"position\":3,\"name\":\"Audi Q7 06-14 elektrini\u0173 lang\u0173 reguliavimo jungikli\u0173 komplektas, 2 vnt.\"}]},{\"@type\":\"WebSite\",\"@id\":\"https:\\\/\\\/erformance.eu\\\/lv\\\/#website\",\"url\":\"https:\\\/\\\/erformance.eu\\\/lv\\\/\",\"name\":\"Erformance.eu\",\"description\":\"Automobili\u0173 dali\u0173 parduotuv\u0117\",\"potentialAction\":[{\"@type\":\"SearchAction\",\"target\":{\"@type\":\"EntryPoint\",\"urlTemplate\":\"https:\\\/\\\/erformance.eu\\\/lv\\\/?s={search_term_string}\"},\"query-input\":{\"@type\":\"PropertyValueSpecification\",\"valueRequired\":true,\"valueName\":\"search_term_string\"}}],\"inLanguage\":\"lv-LV\"}]}<\/script>\n<!-- \/ Yoast SEO Premium plugin. -->","yoast_head_json":{"title":"Audi Q7 06-14 elektrini\u0173 lang\u0173 reguliavimo jungikli\u0173 komplektas, 2 vnt. - Erformance.eu","robots":{"index":"index","follow":"follow","max-snippet":"max-snippet:-1","max-image-preview":"max-image-preview:large","max-video-preview":"max-video-preview:-1"},"canonical":"https:\/\/erformance.eu\/lv\/produkts\/audi-q7-06-14-elektriniu-langu-reguliavimo-jungikliu-komplektas-2-vnt\/","og_locale":"lv_LV","og_type":"article","og_title":"Audi Q7 06-14 elektrini\u0173 lang\u0173 reguliavimo jungikli\u0173 komplektas, 2 vnt.","og_description":"1. Prek\u0117: Elektrini\u0173 lang\u0173 reguliavimo jungikli\u0173 komplektas2. Automobilis:  * Audi A3 II (8P) 03-13  * Audi A6 C6 04\u201311  * Audi Q7 06\u201314","og_url":"https:\/\/erformance.eu\/lv\/produkts\/audi-q7-06-14-elektriniu-langu-reguliavimo-jungikliu-komplektas-2-vnt\/","og_site_name":"Erformance.eu","article_modified_time":"2026-03-25T23:25:07+00:00","og_image":[{"width":1200,"height":900,"url":"https:\/\/erformance.eu\/wp-content\/uploads\/2026\/02\/pol_pm_Audi-Q7-06-14-zestaw-przelacznikow-do-regulacji-szyb-elektrycznych-2-szt-KPL-15830_1.jpg","type":"image\/jpeg"}],"twitter_card":"summary_large_image","twitter_misc":{"Est. reading time":"1 min\u016b\u0161u"},"schema":{"@context":"https:\/\/schema.org","@graph":[{"@type":"WebPage","@id":"https:\/\/erformance.eu\/lv\/produkts\/audi-q7-06-14-elektriniu-langu-reguliavimo-jungikliu-komplektas-2-vnt\/","url":"https:\/\/erformance.eu\/lv\/produkts\/audi-q7-06-14-elektriniu-langu-reguliavimo-jungikliu-komplektas-2-vnt\/","name":"Audi Q7 06-14 elektrini\u0173 lang\u0173 reguliavimo jungikli\u0173 komplektas, 2 vnt. - Erformance.eu","isPartOf":{"@id":"https:\/\/erformance.eu\/lv\/#website"},"primaryImageOfPage":{"@id":"https:\/\/erformance.eu\/lv\/produkts\/audi-q7-06-14-elektriniu-langu-reguliavimo-jungikliu-komplektas-2-vnt\/#primaryimage"},"image":{"@id":"https:\/\/erformance.eu\/lv\/produkts\/audi-q7-06-14-elektriniu-langu-reguliavimo-jungikliu-komplektas-2-vnt\/#primaryimage"},"thumbnailUrl":"https:\/\/erformance.eu\/wp-content\/uploads\/2026\/02\/pol_pm_Audi-Q7-06-14-zestaw-przelacznikow-do-regulacji-szyb-elektrycznych-2-szt-KPL-15830_1.jpg","datePublished":"2026-02-16T11:29:00+00:00","dateModified":"2026-03-25T23:25:07+00:00","breadcrumb":{"@id":"https:\/\/erformance.eu\/lv\/produkts\/audi-q7-06-14-elektriniu-langu-reguliavimo-jungikliu-komplektas-2-vnt\/#breadcrumb"},"inLanguage":"lv-LV","potentialAction":[{"@type":"ReadAction","target":["https:\/\/erformance.eu\/lv\/produkts\/audi-q7-06-14-elektriniu-langu-reguliavimo-jungikliu-komplektas-2-vnt\/"]}]},{"@type":"ImageObject","inLanguage":"lv-LV","@id":"https:\/\/erformance.eu\/lv\/produkts\/audi-q7-06-14-elektriniu-langu-reguliavimo-jungikliu-komplektas-2-vnt\/#primaryimage","url":"https:\/\/erformance.eu\/wp-content\/uploads\/2026\/02\/pol_pm_Audi-Q7-06-14-zestaw-przelacznikow-do-regulacji-szyb-elektrycznych-2-szt-KPL-15830_1.jpg","contentUrl":"https:\/\/erformance.eu\/wp-content\/uploads\/2026\/02\/pol_pm_Audi-Q7-06-14-zestaw-przelacznikow-do-regulacji-szyb-elektrycznych-2-szt-KPL-15830_1.jpg","width":1200,"height":900},{"@type":"BreadcrumbList","@id":"https:\/\/erformance.eu\/lv\/produkts\/audi-q7-06-14-elektriniu-langu-reguliavimo-jungikliu-komplektas-2-vnt\/#breadcrumb","itemListElement":[{"@type":"ListItem","position":1,"name":"Home","item":"https:\/\/erformance.eu\/lv\/"},{"@type":"ListItem","position":2,"name":"Veikals","item":"https:\/\/erformance.eu\/lv\/veikals\/"},{"@type":"ListItem","position":3,"name":"Audi Q7 06-14 elektrini\u0173 lang\u0173 reguliavimo jungikli\u0173 komplektas, 2 vnt."}]},{"@type":"WebSite","@id":"https:\/\/erformance.eu\/lv\/#website","url":"https:\/\/erformance.eu\/lv\/","name":"Erformance.eu","description":"Automobili\u0173 dali\u0173 parduotuv\u0117","potentialAction":[{"@type":"SearchAction","target":{"@type":"EntryPoint","urlTemplate":"https:\/\/erformance.eu\/lv\/?s={search_term_string}"},"query-input":{"@type":"PropertyValueSpecification","valueRequired":true,"valueName":"search_term_string"}}],"inLanguage":"lv-LV"}]}},"jetpack_sharing_enabled":true,"_links":{"self":[{"href":"https:\/\/erformance.eu\/lv\/wp-json\/wp\/v2\/product\/57470","targetHints":{"allow":["GET"]}}],"collection":[{"href":"https:\/\/erformance.eu\/lv\/wp-json\/wp\/v2\/product"}],"about":[{"href":"https:\/\/erformance.eu\/lv\/wp-json\/wp\/v2\/types\/product"}],"replies":[{"embeddable":true,"href":"https:\/\/erformance.eu\/lv\/wp-json\/wp\/v2\/comments?post=57470"}],"version-history":[{"count":1,"href":"https:\/\/erformance.eu\/lv\/wp-json\/wp\/v2\/product\/57470\/revisions"}],"predecessor-version":[{"id":57471,"href":"https:\/\/erformance.eu\/lv\/wp-json\/wp\/v2\/product\/57470\/revisions\/57471"}],"wp:featuredmedia":[{"embeddable":true,"href":"https:\/\/erformance.eu\/lv\/wp-json\/wp\/v2\/media\/54616"}],"wp:attachment":[{"href":"https:\/\/erformance.eu\/lv\/wp-json\/wp\/v2\/media?parent=57470"}],"wp:term":[{"taxonomy":"product_brand","embeddable":true,"href":"https:\/\/erformance.eu\/lv\/wp-json\/wp\/v2\/product_brand?post=57470"},{"taxonomy":"product_cat","embeddable":true,"href":"https:\/\/erformance.eu\/lv\/wp-json\/wp\/v2\/product_cat?post=57470"},{"taxonomy":"product_tag","embeddable":true,"href":"https:\/\/erformance.eu\/lv\/wp-json\/wp\/v2\/product_tag?post=57470"}],"curies":[{"name":"wp","href":"https:\/\/api.w.org\/{rel}","templated":true}]}}