{"id":57476,"date":"2026-02-16T14:29:04","date_gmt":"2026-02-16T11:29:04","guid":{"rendered":"https:\/\/erformance.eu\/?post_type=product&#038;p=57476"},"modified":"2026-03-26T02:24:37","modified_gmt":"2026-03-25T23:24:37","slug":"audi-q7-06-14-kombinuotas-jungiklis-elektriniam-langu-reguliavimui","status":"publish","type":"product","link":"https:\/\/erformance.eu\/lv\/produkts\/audi-q7-06-14-kombinuotas-jungiklis-elektriniam-langu-reguliavimui\/","title":{"rendered":"Audi Q7 06-14 Kombinuotas jungiklis elektriniam lang\u0173 reguliavimui"},"content":{"rendered":"<p>Prek\u0117: Priekinio elektrinio lango reguliavimo jungiklis<br \/>\nOriginalus numeris:<\/p>\n<p>4F0959851<br \/>\n4F0959851C<br \/>\n4F0959851F<\/p>\n<p>PASTABA: auk\u0161\u010diau pateikti numeriai yra original\u016bs dali\u0173 numeriai, kuriuos \u0161is pasi\u016blymas pakei\u010dia. Prie\u0161 pirkdami, palyginkite juos su originaliu dalies numeriu. Jei jie skiriasi net vienu simboliu, dalis netiks, neveiks arba veiks netinkamai. Tokiu atveju jos nepirkite.<br \/>\nAutomobilis:<\/p>\n<p>Audi A3 II (8P) , pagaminimo metai: 2003\u20132013<br \/>\nAudi A6 C6 , gamybos metai: 2004-2011<br \/>\n\u201eAudi Q7\u201c , gamybos metai: 2006\u20132014<\/p>\n<p>Gamintojas: pakaitalas<br \/>\nTechnin\u0117 b\u016bkl\u0117: prek\u0117 yra visi\u0161kai nauja, nenaudota, nepa\u017eeista ir nesugadinta<\/p>\n","protected":false},"excerpt":{"rendered":"<p>1. Prek\u0117: Kombinuotas elektrinio lango reguliavimo jungiklis2. Automobilis:    * Audi A3 II (8P) 03-13    * Audi A6 C6 04\u201311    * Audi Q7 06\u201314<\/p>\n","protected":false},"featured_media":54628,"comment_status":"open","ping_status":"closed","template":"","meta":[],"product_brand":[],"product_cat":[3930,144,4686,400,4009],"product_tag":[],"class_list":{"0":"post-57476","1":"product","2":"type-product","3":"status-publish","4":"has-post-thumbnail","6":"product_cat-audi-q7-4l","7":"product_cat-audi","8":"product_cat-audi-q7-4l-mygtukai-mechanizmai","9":"product_cat-audi-q7","10":"product_cat-audi-q7-4l-salono-dalys","12":"first","13":"instock","14":"shipping-taxable","15":"purchasable","16":"product-type-simple"},"yoast_head":"<!-- This site is optimized with the Yoast SEO Premium plugin v25.2 (Yoast SEO v27.4) - https:\/\/yoast.com\/product\/yoast-seo-premium-wordpress\/ -->\n<title>Audi Q7 06-14 Kombinuotas jungiklis elektriniam lang\u0173 reguliavimui - Erformance.eu<\/title>\n<meta name=\"robots\" content=\"index, follow, max-snippet:-1, max-image-preview:large, max-video-preview:-1\" \/>\n<link rel=\"canonical\" href=\"https:\/\/erformance.eu\/lv\/produkts\/audi-q7-06-14-kombinuotas-jungiklis-elektriniam-langu-reguliavimui\/\" \/>\n<meta property=\"og:locale\" content=\"lv_LV\" \/>\n<meta property=\"og:type\" content=\"article\" \/>\n<meta property=\"og:title\" content=\"Audi Q7 06-14 Kombinuotas jungiklis elektriniam lang\u0173 reguliavimui\" \/>\n<meta property=\"og:description\" content=\"1. Prek\u0117: Kombinuotas elektrinio lango reguliavimo jungiklis2. Automobilis:  * Audi A3 II (8P) 03-13  * Audi A6 C6 04\u201311  * Audi Q7 06\u201314\" \/>\n<meta property=\"og:url\" content=\"https:\/\/erformance.eu\/lv\/produkts\/audi-q7-06-14-kombinuotas-jungiklis-elektriniam-langu-reguliavimui\/\" \/>\n<meta property=\"og:site_name\" content=\"Erformance.eu\" \/>\n<meta property=\"article:modified_time\" content=\"2026-03-25T23:24:37+00:00\" \/>\n<meta property=\"og:image\" content=\"https:\/\/erformance.eu\/wp-content\/uploads\/2026\/02\/pol_pm_Audi-Q7-06-14-przelacznik-ZESPOLONY-regulacji-szyb-elektrycznych-9526_3.jpg\" \/>\n\t<meta property=\"og:image:width\" content=\"1200\" \/>\n\t<meta property=\"og:image:height\" content=\"1200\" \/>\n\t<meta property=\"og:image:type\" content=\"image\/jpeg\" \/>\n<meta name=\"twitter:card\" content=\"summary_large_image\" \/>\n<script type=\"application\/ld+json\" class=\"yoast-schema-graph\">{\"@context\":\"https:\\\/\\\/schema.org\",\"@graph\":[{\"@type\":\"WebPage\",\"@id\":\"https:\\\/\\\/erformance.eu\\\/lv\\\/produkts\\\/audi-q7-06-14-kombinuotas-jungiklis-elektriniam-langu-reguliavimui\\\/\",\"url\":\"https:\\\/\\\/erformance.eu\\\/lv\\\/produkts\\\/audi-q7-06-14-kombinuotas-jungiklis-elektriniam-langu-reguliavimui\\\/\",\"name\":\"Audi Q7 06-14 Kombinuotas jungiklis elektriniam lang\u0173 reguliavimui - Erformance.eu\",\"isPartOf\":{\"@id\":\"https:\\\/\\\/erformance.eu\\\/lv\\\/#website\"},\"primaryImageOfPage\":{\"@id\":\"https:\\\/\\\/erformance.eu\\\/lv\\\/produkts\\\/audi-q7-06-14-kombinuotas-jungiklis-elektriniam-langu-reguliavimui\\\/#primaryimage\"},\"image\":{\"@id\":\"https:\\\/\\\/erformance.eu\\\/lv\\\/produkts\\\/audi-q7-06-14-kombinuotas-jungiklis-elektriniam-langu-reguliavimui\\\/#primaryimage\"},\"thumbnailUrl\":\"https:\\\/\\\/erformance.eu\\\/wp-content\\\/uploads\\\/2026\\\/02\\\/pol_pm_Audi-Q7-06-14-przelacznik-ZESPOLONY-regulacji-szyb-elektrycznych-9526_3.jpg\",\"datePublished\":\"2026-02-16T11:29:04+00:00\",\"dateModified\":\"2026-03-25T23:24:37+00:00\",\"breadcrumb\":{\"@id\":\"https:\\\/\\\/erformance.eu\\\/lv\\\/produkts\\\/audi-q7-06-14-kombinuotas-jungiklis-elektriniam-langu-reguliavimui\\\/#breadcrumb\"},\"inLanguage\":\"lv-LV\",\"potentialAction\":[{\"@type\":\"ReadAction\",\"target\":[\"https:\\\/\\\/erformance.eu\\\/lv\\\/produkts\\\/audi-q7-06-14-kombinuotas-jungiklis-elektriniam-langu-reguliavimui\\\/\"]}]},{\"@type\":\"ImageObject\",\"inLanguage\":\"lv-LV\",\"@id\":\"https:\\\/\\\/erformance.eu\\\/lv\\\/produkts\\\/audi-q7-06-14-kombinuotas-jungiklis-elektriniam-langu-reguliavimui\\\/#primaryimage\",\"url\":\"https:\\\/\\\/erformance.eu\\\/wp-content\\\/uploads\\\/2026\\\/02\\\/pol_pm_Audi-Q7-06-14-przelacznik-ZESPOLONY-regulacji-szyb-elektrycznych-9526_3.jpg\",\"contentUrl\":\"https:\\\/\\\/erformance.eu\\\/wp-content\\\/uploads\\\/2026\\\/02\\\/pol_pm_Audi-Q7-06-14-przelacznik-ZESPOLONY-regulacji-szyb-elektrycznych-9526_3.jpg\",\"width\":1200,\"height\":1200},{\"@type\":\"BreadcrumbList\",\"@id\":\"https:\\\/\\\/erformance.eu\\\/lv\\\/produkts\\\/audi-q7-06-14-kombinuotas-jungiklis-elektriniam-langu-reguliavimui\\\/#breadcrumb\",\"itemListElement\":[{\"@type\":\"ListItem\",\"position\":1,\"name\":\"Home\",\"item\":\"https:\\\/\\\/erformance.eu\\\/lv\\\/\"},{\"@type\":\"ListItem\",\"position\":2,\"name\":\"Veikals\",\"item\":\"https:\\\/\\\/erformance.eu\\\/lv\\\/veikals\\\/\"},{\"@type\":\"ListItem\",\"position\":3,\"name\":\"Audi Q7 06-14 Kombinuotas jungiklis elektriniam lang\u0173 reguliavimui\"}]},{\"@type\":\"WebSite\",\"@id\":\"https:\\\/\\\/erformance.eu\\\/lv\\\/#website\",\"url\":\"https:\\\/\\\/erformance.eu\\\/lv\\\/\",\"name\":\"Erformance.eu\",\"description\":\"Automobili\u0173 dali\u0173 parduotuv\u0117\",\"potentialAction\":[{\"@type\":\"SearchAction\",\"target\":{\"@type\":\"EntryPoint\",\"urlTemplate\":\"https:\\\/\\\/erformance.eu\\\/lv\\\/?s={search_term_string}\"},\"query-input\":{\"@type\":\"PropertyValueSpecification\",\"valueRequired\":true,\"valueName\":\"search_term_string\"}}],\"inLanguage\":\"lv-LV\"}]}<\/script>\n<!-- \/ Yoast SEO Premium plugin. -->","yoast_head_json":{"title":"Audi Q7 06-14 Kombinuotas jungiklis elektriniam lang\u0173 reguliavimui - Erformance.eu","robots":{"index":"index","follow":"follow","max-snippet":"max-snippet:-1","max-image-preview":"max-image-preview:large","max-video-preview":"max-video-preview:-1"},"canonical":"https:\/\/erformance.eu\/lv\/produkts\/audi-q7-06-14-kombinuotas-jungiklis-elektriniam-langu-reguliavimui\/","og_locale":"lv_LV","og_type":"article","og_title":"Audi Q7 06-14 Kombinuotas jungiklis elektriniam lang\u0173 reguliavimui","og_description":"1. Prek\u0117: Kombinuotas elektrinio lango reguliavimo jungiklis2. Automobilis:  * Audi A3 II (8P) 03-13  * Audi A6 C6 04\u201311  * Audi Q7 06\u201314","og_url":"https:\/\/erformance.eu\/lv\/produkts\/audi-q7-06-14-kombinuotas-jungiklis-elektriniam-langu-reguliavimui\/","og_site_name":"Erformance.eu","article_modified_time":"2026-03-25T23:24:37+00:00","og_image":[{"width":1200,"height":1200,"url":"https:\/\/erformance.eu\/wp-content\/uploads\/2026\/02\/pol_pm_Audi-Q7-06-14-przelacznik-ZESPOLONY-regulacji-szyb-elektrycznych-9526_3.jpg","type":"image\/jpeg"}],"twitter_card":"summary_large_image","schema":{"@context":"https:\/\/schema.org","@graph":[{"@type":"WebPage","@id":"https:\/\/erformance.eu\/lv\/produkts\/audi-q7-06-14-kombinuotas-jungiklis-elektriniam-langu-reguliavimui\/","url":"https:\/\/erformance.eu\/lv\/produkts\/audi-q7-06-14-kombinuotas-jungiklis-elektriniam-langu-reguliavimui\/","name":"Audi Q7 06-14 Kombinuotas jungiklis elektriniam lang\u0173 reguliavimui - Erformance.eu","isPartOf":{"@id":"https:\/\/erformance.eu\/lv\/#website"},"primaryImageOfPage":{"@id":"https:\/\/erformance.eu\/lv\/produkts\/audi-q7-06-14-kombinuotas-jungiklis-elektriniam-langu-reguliavimui\/#primaryimage"},"image":{"@id":"https:\/\/erformance.eu\/lv\/produkts\/audi-q7-06-14-kombinuotas-jungiklis-elektriniam-langu-reguliavimui\/#primaryimage"},"thumbnailUrl":"https:\/\/erformance.eu\/wp-content\/uploads\/2026\/02\/pol_pm_Audi-Q7-06-14-przelacznik-ZESPOLONY-regulacji-szyb-elektrycznych-9526_3.jpg","datePublished":"2026-02-16T11:29:04+00:00","dateModified":"2026-03-25T23:24:37+00:00","breadcrumb":{"@id":"https:\/\/erformance.eu\/lv\/produkts\/audi-q7-06-14-kombinuotas-jungiklis-elektriniam-langu-reguliavimui\/#breadcrumb"},"inLanguage":"lv-LV","potentialAction":[{"@type":"ReadAction","target":["https:\/\/erformance.eu\/lv\/produkts\/audi-q7-06-14-kombinuotas-jungiklis-elektriniam-langu-reguliavimui\/"]}]},{"@type":"ImageObject","inLanguage":"lv-LV","@id":"https:\/\/erformance.eu\/lv\/produkts\/audi-q7-06-14-kombinuotas-jungiklis-elektriniam-langu-reguliavimui\/#primaryimage","url":"https:\/\/erformance.eu\/wp-content\/uploads\/2026\/02\/pol_pm_Audi-Q7-06-14-przelacznik-ZESPOLONY-regulacji-szyb-elektrycznych-9526_3.jpg","contentUrl":"https:\/\/erformance.eu\/wp-content\/uploads\/2026\/02\/pol_pm_Audi-Q7-06-14-przelacznik-ZESPOLONY-regulacji-szyb-elektrycznych-9526_3.jpg","width":1200,"height":1200},{"@type":"BreadcrumbList","@id":"https:\/\/erformance.eu\/lv\/produkts\/audi-q7-06-14-kombinuotas-jungiklis-elektriniam-langu-reguliavimui\/#breadcrumb","itemListElement":[{"@type":"ListItem","position":1,"name":"Home","item":"https:\/\/erformance.eu\/lv\/"},{"@type":"ListItem","position":2,"name":"Veikals","item":"https:\/\/erformance.eu\/lv\/veikals\/"},{"@type":"ListItem","position":3,"name":"Audi Q7 06-14 Kombinuotas jungiklis elektriniam lang\u0173 reguliavimui"}]},{"@type":"WebSite","@id":"https:\/\/erformance.eu\/lv\/#website","url":"https:\/\/erformance.eu\/lv\/","name":"Erformance.eu","description":"Automobili\u0173 dali\u0173 parduotuv\u0117","potentialAction":[{"@type":"SearchAction","target":{"@type":"EntryPoint","urlTemplate":"https:\/\/erformance.eu\/lv\/?s={search_term_string}"},"query-input":{"@type":"PropertyValueSpecification","valueRequired":true,"valueName":"search_term_string"}}],"inLanguage":"lv-LV"}]}},"jetpack_sharing_enabled":true,"_links":{"self":[{"href":"https:\/\/erformance.eu\/lv\/wp-json\/wp\/v2\/product\/57476","targetHints":{"allow":["GET"]}}],"collection":[{"href":"https:\/\/erformance.eu\/lv\/wp-json\/wp\/v2\/product"}],"about":[{"href":"https:\/\/erformance.eu\/lv\/wp-json\/wp\/v2\/types\/product"}],"replies":[{"embeddable":true,"href":"https:\/\/erformance.eu\/lv\/wp-json\/wp\/v2\/comments?post=57476"}],"version-history":[{"count":1,"href":"https:\/\/erformance.eu\/lv\/wp-json\/wp\/v2\/product\/57476\/revisions"}],"predecessor-version":[{"id":57477,"href":"https:\/\/erformance.eu\/lv\/wp-json\/wp\/v2\/product\/57476\/revisions\/57477"}],"wp:featuredmedia":[{"embeddable":true,"href":"https:\/\/erformance.eu\/lv\/wp-json\/wp\/v2\/media\/54628"}],"wp:attachment":[{"href":"https:\/\/erformance.eu\/lv\/wp-json\/wp\/v2\/media?parent=57476"}],"wp:term":[{"taxonomy":"product_brand","embeddable":true,"href":"https:\/\/erformance.eu\/lv\/wp-json\/wp\/v2\/product_brand?post=57476"},{"taxonomy":"product_cat","embeddable":true,"href":"https:\/\/erformance.eu\/lv\/wp-json\/wp\/v2\/product_cat?post=57476"},{"taxonomy":"product_tag","embeddable":true,"href":"https:\/\/erformance.eu\/lv\/wp-json\/wp\/v2\/product_tag?post=57476"}],"curies":[{"name":"wp","href":"https:\/\/api.w.org\/{rel}","templated":true}]}}