{"id":57546,"date":"2026-02-16T14:29:49","date_gmt":"2026-02-16T11:29:49","guid":{"rendered":"https:\/\/erformance.eu\/?post_type=product&#038;p=57546"},"modified":"2026-03-10T02:37:07","modified_gmt":"2026-03-09T23:37:07","slug":"audi-a3-8l-a4-b5-b6-b7-a6-c5-tt-8n-18-t-dv-uzdarymo-voztuvas","status":"publish","type":"product","link":"https:\/\/erformance.eu\/lv\/produkts\/audi-a3-8l-a4-b5-b6-b7-a6-c5-tt-8n-18-t-dv-uzdarymo-voztuvas\/","title":{"rendered":"Audi A3 8L A4 B5 B6 B7 A6 C5 TT 8N 1,8 T DV u\u017edarymo vo\u017etuvas"},"content":{"rendered":"<p>Prek\u0117: DV u\u017edarymo vo\u017etuvas<br \/>\nOriginalus numeris:<\/p>\n<p>06A145710P<br \/>\n06A145710N<br \/>\n06A145710H<br \/>\n06A145710G<br \/>\n06A145710E<br \/>\n06A145710<br \/>\n058145710<\/p>\n<p>PASTABA: auk\u0161\u010diau pateikti numeriai yra original\u016bs dali\u0173 numeriai, kuriuos \u0161is pasi\u016blymas pakei\u010dia. Prie\u0161 pirkdami, palyginkite juos su originaliu dalies numeriu. Jei jie skiriasi net vienu simboliu, dalis netiks, neveiks arba veiks netinkamai. Tokiu atveju jos nepirkite.<br \/>\nAutomobilis:<\/p>\n<p>Audi A3 8L, gamybos metai: 1996\u20132003<br \/>\n\u201eAudi A4 B5\u201c, gamybos metai: 1995\u20132001<br \/>\nAudi A4 B6, gamybos metai: 2000-2005<br \/>\nAudi A4 B7, gamybos metai: 2004-2008<br \/>\n\u201eAudi A6 C5\u201c, gamybos metai: 1997\u20132005<br \/>\nAudi TT 8N, pagaminimo metai: 1998\u20132006<br \/>\n\u201eSeat Alhambra I\u201c, gamybos metai: 1997\u20132010<br \/>\n\u201eSeat Exeo\u201c, gamybos metai: 2008\u20132010<br \/>\n\u201eSeat Ibiza III\u201c, gamybos metai: 2003\u20132008<br \/>\n\u201eSeat Leon I\u201c, gamybos metai: 1999\u20132006<br \/>\n\u201eSeat Toledo II\u201c, gamybos metai: 2000\u20132004<br \/>\n\u201eSkoda Octavia I\u201c, gamybos metai: 1997\u20132010<br \/>\n\u201eSkoda Superb I\u201c, gamybos metai: 2001\u20132008<br \/>\n\u201eVolkswagen Bora\u201c, gamybos metai: 1998\u20132005<br \/>\n\u201eVolkswagen Golf IV\u201c, gamybos metai: 1997\u20132005<br \/>\n\u201eVolkswagen New Beetle\u201c, gamybos metai: 1999\u20132010<br \/>\n\u201eVolkswagen Passat B5\u201c, gamybos metai: 1996\u20132005<br \/>\n\u201eVolkswagen Polo 9N\u201c, gamybos metai: 2005\u20132009<br \/>\n\u201eVolkswagen Sharan I\u201c, gamybos metai: 1997\u20132010<\/p>\n<p>Variklis: 1.8T<br \/>\nGamintojas: pakaitalas<br \/>\nTechnin\u0117 b\u016bkl\u0117: prek\u0117 yra visi\u0161kai nauja, nenaudota, nepa\u017eeista ir nesugadinta<\/p>\n","protected":false},"excerpt":{"rendered":"<p>1. Prek\u0117: DV u\u017edarymo vo\u017etuvas2. Gamintojas: pakeitimas3. Automobilis:* Audi A3 8L 96-03* Audi A4 B5 95-01* Audi A4 B6 00-05* Audi A4 B7 04-08* Audi A6 C5 97-05* Audi TT 8N 98-064. Variklis: 1.8T<\/p>\n","protected":false},"featured_media":54926,"comment_status":"open","ping_status":"closed","template":"","meta":[],"product_brand":[],"product_cat":[3905,3934,186,390,394,144,3908,3909,3910,3917,3974,3948,3949,3950,3956,3945,4161,4150,4179,4153,4154,4155,401],"product_tag":[],"class_list":{"0":"post-57546","1":"product","2":"type-product","3":"status-publish","4":"has-post-thumbnail","6":"product_cat-audi-a3-8l","7":"product_cat-audi-tt-8n","8":"product_cat-a3","9":"product_cat-audi-a4","10":"product_cat-audi-a6","11":"product_cat-audi","12":"product_cat-audi-a4-b5","13":"product_cat-audi-a4-b6","14":"product_cat-audi-a4-b7","15":"product_cat-audi-a6-c5","16":"product_cat-audi-tt-8n-isores-dalys","17":"product_cat-audi-a4-b5-isores-dalys","18":"product_cat-audi-a4-b6-isores-dalys","19":"product_cat-audi-a4-b7-isores-dalys","20":"product_cat-audi-a6-c5-isores-dalys","21":"product_cat-audi-a3-8l-isores-dalys","22":"product_cat-audi-a6-c5-isores-kitos-dalys","23":"product_cat-audi-a3-8l-isores-kitos-dalys","24":"product_cat-audi-tt-8n-isores-kitos-dalys","25":"product_cat-audi-a4-b5-isores-kitos-dalys","26":"product_cat-audi-a4-b6-isores-kitos-dalys","27":"product_cat-audi-a4-b7-isores-kitos-dalys","28":"product_cat-audi-tt","30":"first","31":"instock","32":"shipping-taxable","33":"purchasable","34":"product-type-simple"},"yoast_head":"<!-- This site is optimized with the Yoast SEO Premium plugin v25.2 (Yoast SEO v27.4) - https:\/\/yoast.com\/product\/yoast-seo-premium-wordpress\/ -->\n<title>Audi A3 8L A4 B5 B6 B7 A6 C5 TT 8N 1,8 T DV u\u017edarymo vo\u017etuvas - Erformance.eu<\/title>\n<meta name=\"robots\" content=\"index, follow, max-snippet:-1, max-image-preview:large, max-video-preview:-1\" \/>\n<link rel=\"canonical\" href=\"https:\/\/erformance.eu\/lv\/produkts\/audi-a3-8l-a4-b5-b6-b7-a6-c5-tt-8n-18-t-dv-uzdarymo-voztuvas\/\" \/>\n<meta property=\"og:locale\" content=\"lv_LV\" \/>\n<meta property=\"og:type\" content=\"article\" \/>\n<meta property=\"og:title\" content=\"Audi A3 8L A4 B5 B6 B7 A6 C5 TT 8N 1,8 T DV u\u017edarymo vo\u017etuvas\" \/>\n<meta property=\"og:description\" content=\"1. Prek\u0117: DV u\u017edarymo vo\u017etuvas2. Gamintojas: pakeitimas3. Automobilis:* Audi A3 8L 96-03* Audi A4 B5 95-01* Audi A4 B6 00-05* Audi A4 B7 04-08* Audi A6 C5 97-05* Audi TT 8N 98-064. Variklis: 1.8T\" \/>\n<meta property=\"og:url\" content=\"https:\/\/erformance.eu\/lv\/produkts\/audi-a3-8l-a4-b5-b6-b7-a6-c5-tt-8n-18-t-dv-uzdarymo-voztuvas\/\" \/>\n<meta property=\"og:site_name\" content=\"Erformance.eu\" \/>\n<meta property=\"article:modified_time\" content=\"2026-03-09T23:37:07+00:00\" \/>\n<meta property=\"og:image\" content=\"https:\/\/erformance.eu\/wp-content\/uploads\/2026\/02\/pol_pm_Audi-A3-8L-A4-B5-B6-B7-A6-C5-TT-8N-1-8-T-zawor-odcinajacy-DV-34481_1.jpg\" \/>\n\t<meta property=\"og:image:width\" content=\"1200\" \/>\n\t<meta property=\"og:image:height\" content=\"1200\" \/>\n\t<meta property=\"og:image:type\" content=\"image\/jpeg\" \/>\n<meta name=\"twitter:card\" content=\"summary_large_image\" \/>\n<meta name=\"twitter:label1\" content=\"Est. reading time\" \/>\n\t<meta name=\"twitter:data1\" content=\"1 min\u016b\u0161u\" \/>\n<script type=\"application\/ld+json\" class=\"yoast-schema-graph\">{\"@context\":\"https:\\\/\\\/schema.org\",\"@graph\":[{\"@type\":\"WebPage\",\"@id\":\"https:\\\/\\\/erformance.eu\\\/lv\\\/produkts\\\/audi-a3-8l-a4-b5-b6-b7-a6-c5-tt-8n-18-t-dv-uzdarymo-voztuvas\\\/\",\"url\":\"https:\\\/\\\/erformance.eu\\\/lv\\\/produkts\\\/audi-a3-8l-a4-b5-b6-b7-a6-c5-tt-8n-18-t-dv-uzdarymo-voztuvas\\\/\",\"name\":\"Audi A3 8L A4 B5 B6 B7 A6 C5 TT 8N 1,8 T DV u\u017edarymo vo\u017etuvas - Erformance.eu\",\"isPartOf\":{\"@id\":\"https:\\\/\\\/erformance.eu\\\/lv\\\/#website\"},\"primaryImageOfPage\":{\"@id\":\"https:\\\/\\\/erformance.eu\\\/lv\\\/produkts\\\/audi-a3-8l-a4-b5-b6-b7-a6-c5-tt-8n-18-t-dv-uzdarymo-voztuvas\\\/#primaryimage\"},\"image\":{\"@id\":\"https:\\\/\\\/erformance.eu\\\/lv\\\/produkts\\\/audi-a3-8l-a4-b5-b6-b7-a6-c5-tt-8n-18-t-dv-uzdarymo-voztuvas\\\/#primaryimage\"},\"thumbnailUrl\":\"https:\\\/\\\/erformance.eu\\\/wp-content\\\/uploads\\\/2026\\\/02\\\/pol_pm_Audi-A3-8L-A4-B5-B6-B7-A6-C5-TT-8N-1-8-T-zawor-odcinajacy-DV-34481_1.jpg\",\"datePublished\":\"2026-02-16T11:29:49+00:00\",\"dateModified\":\"2026-03-09T23:37:07+00:00\",\"breadcrumb\":{\"@id\":\"https:\\\/\\\/erformance.eu\\\/lv\\\/produkts\\\/audi-a3-8l-a4-b5-b6-b7-a6-c5-tt-8n-18-t-dv-uzdarymo-voztuvas\\\/#breadcrumb\"},\"inLanguage\":\"lv-LV\",\"potentialAction\":[{\"@type\":\"ReadAction\",\"target\":[\"https:\\\/\\\/erformance.eu\\\/lv\\\/produkts\\\/audi-a3-8l-a4-b5-b6-b7-a6-c5-tt-8n-18-t-dv-uzdarymo-voztuvas\\\/\"]}]},{\"@type\":\"ImageObject\",\"inLanguage\":\"lv-LV\",\"@id\":\"https:\\\/\\\/erformance.eu\\\/lv\\\/produkts\\\/audi-a3-8l-a4-b5-b6-b7-a6-c5-tt-8n-18-t-dv-uzdarymo-voztuvas\\\/#primaryimage\",\"url\":\"https:\\\/\\\/erformance.eu\\\/wp-content\\\/uploads\\\/2026\\\/02\\\/pol_pm_Audi-A3-8L-A4-B5-B6-B7-A6-C5-TT-8N-1-8-T-zawor-odcinajacy-DV-34481_1.jpg\",\"contentUrl\":\"https:\\\/\\\/erformance.eu\\\/wp-content\\\/uploads\\\/2026\\\/02\\\/pol_pm_Audi-A3-8L-A4-B5-B6-B7-A6-C5-TT-8N-1-8-T-zawor-odcinajacy-DV-34481_1.jpg\",\"width\":1200,\"height\":1200},{\"@type\":\"BreadcrumbList\",\"@id\":\"https:\\\/\\\/erformance.eu\\\/lv\\\/produkts\\\/audi-a3-8l-a4-b5-b6-b7-a6-c5-tt-8n-18-t-dv-uzdarymo-voztuvas\\\/#breadcrumb\",\"itemListElement\":[{\"@type\":\"ListItem\",\"position\":1,\"name\":\"Home\",\"item\":\"https:\\\/\\\/erformance.eu\\\/lv\\\/\"},{\"@type\":\"ListItem\",\"position\":2,\"name\":\"Veikals\",\"item\":\"https:\\\/\\\/erformance.eu\\\/lv\\\/veikals\\\/\"},{\"@type\":\"ListItem\",\"position\":3,\"name\":\"Audi A3 8L A4 B5 B6 B7 A6 C5 TT 8N 1,8 T DV u\u017edarymo vo\u017etuvas\"}]},{\"@type\":\"WebSite\",\"@id\":\"https:\\\/\\\/erformance.eu\\\/lv\\\/#website\",\"url\":\"https:\\\/\\\/erformance.eu\\\/lv\\\/\",\"name\":\"Erformance.eu\",\"description\":\"Automobili\u0173 dali\u0173 parduotuv\u0117\",\"potentialAction\":[{\"@type\":\"SearchAction\",\"target\":{\"@type\":\"EntryPoint\",\"urlTemplate\":\"https:\\\/\\\/erformance.eu\\\/lv\\\/?s={search_term_string}\"},\"query-input\":{\"@type\":\"PropertyValueSpecification\",\"valueRequired\":true,\"valueName\":\"search_term_string\"}}],\"inLanguage\":\"lv-LV\"}]}<\/script>\n<!-- \/ Yoast SEO Premium plugin. -->","yoast_head_json":{"title":"Audi A3 8L A4 B5 B6 B7 A6 C5 TT 8N 1,8 T DV u\u017edarymo vo\u017etuvas - Erformance.eu","robots":{"index":"index","follow":"follow","max-snippet":"max-snippet:-1","max-image-preview":"max-image-preview:large","max-video-preview":"max-video-preview:-1"},"canonical":"https:\/\/erformance.eu\/lv\/produkts\/audi-a3-8l-a4-b5-b6-b7-a6-c5-tt-8n-18-t-dv-uzdarymo-voztuvas\/","og_locale":"lv_LV","og_type":"article","og_title":"Audi A3 8L A4 B5 B6 B7 A6 C5 TT 8N 1,8 T DV u\u017edarymo vo\u017etuvas","og_description":"1. Prek\u0117: DV u\u017edarymo vo\u017etuvas2. Gamintojas: pakeitimas3. Automobilis:* Audi A3 8L 96-03* Audi A4 B5 95-01* Audi A4 B6 00-05* Audi A4 B7 04-08* Audi A6 C5 97-05* Audi TT 8N 98-064. Variklis: 1.8T","og_url":"https:\/\/erformance.eu\/lv\/produkts\/audi-a3-8l-a4-b5-b6-b7-a6-c5-tt-8n-18-t-dv-uzdarymo-voztuvas\/","og_site_name":"Erformance.eu","article_modified_time":"2026-03-09T23:37:07+00:00","og_image":[{"width":1200,"height":1200,"url":"https:\/\/erformance.eu\/wp-content\/uploads\/2026\/02\/pol_pm_Audi-A3-8L-A4-B5-B6-B7-A6-C5-TT-8N-1-8-T-zawor-odcinajacy-DV-34481_1.jpg","type":"image\/jpeg"}],"twitter_card":"summary_large_image","twitter_misc":{"Est. reading time":"1 min\u016b\u0161u"},"schema":{"@context":"https:\/\/schema.org","@graph":[{"@type":"WebPage","@id":"https:\/\/erformance.eu\/lv\/produkts\/audi-a3-8l-a4-b5-b6-b7-a6-c5-tt-8n-18-t-dv-uzdarymo-voztuvas\/","url":"https:\/\/erformance.eu\/lv\/produkts\/audi-a3-8l-a4-b5-b6-b7-a6-c5-tt-8n-18-t-dv-uzdarymo-voztuvas\/","name":"Audi A3 8L A4 B5 B6 B7 A6 C5 TT 8N 1,8 T DV u\u017edarymo vo\u017etuvas - Erformance.eu","isPartOf":{"@id":"https:\/\/erformance.eu\/lv\/#website"},"primaryImageOfPage":{"@id":"https:\/\/erformance.eu\/lv\/produkts\/audi-a3-8l-a4-b5-b6-b7-a6-c5-tt-8n-18-t-dv-uzdarymo-voztuvas\/#primaryimage"},"image":{"@id":"https:\/\/erformance.eu\/lv\/produkts\/audi-a3-8l-a4-b5-b6-b7-a6-c5-tt-8n-18-t-dv-uzdarymo-voztuvas\/#primaryimage"},"thumbnailUrl":"https:\/\/erformance.eu\/wp-content\/uploads\/2026\/02\/pol_pm_Audi-A3-8L-A4-B5-B6-B7-A6-C5-TT-8N-1-8-T-zawor-odcinajacy-DV-34481_1.jpg","datePublished":"2026-02-16T11:29:49+00:00","dateModified":"2026-03-09T23:37:07+00:00","breadcrumb":{"@id":"https:\/\/erformance.eu\/lv\/produkts\/audi-a3-8l-a4-b5-b6-b7-a6-c5-tt-8n-18-t-dv-uzdarymo-voztuvas\/#breadcrumb"},"inLanguage":"lv-LV","potentialAction":[{"@type":"ReadAction","target":["https:\/\/erformance.eu\/lv\/produkts\/audi-a3-8l-a4-b5-b6-b7-a6-c5-tt-8n-18-t-dv-uzdarymo-voztuvas\/"]}]},{"@type":"ImageObject","inLanguage":"lv-LV","@id":"https:\/\/erformance.eu\/lv\/produkts\/audi-a3-8l-a4-b5-b6-b7-a6-c5-tt-8n-18-t-dv-uzdarymo-voztuvas\/#primaryimage","url":"https:\/\/erformance.eu\/wp-content\/uploads\/2026\/02\/pol_pm_Audi-A3-8L-A4-B5-B6-B7-A6-C5-TT-8N-1-8-T-zawor-odcinajacy-DV-34481_1.jpg","contentUrl":"https:\/\/erformance.eu\/wp-content\/uploads\/2026\/02\/pol_pm_Audi-A3-8L-A4-B5-B6-B7-A6-C5-TT-8N-1-8-T-zawor-odcinajacy-DV-34481_1.jpg","width":1200,"height":1200},{"@type":"BreadcrumbList","@id":"https:\/\/erformance.eu\/lv\/produkts\/audi-a3-8l-a4-b5-b6-b7-a6-c5-tt-8n-18-t-dv-uzdarymo-voztuvas\/#breadcrumb","itemListElement":[{"@type":"ListItem","position":1,"name":"Home","item":"https:\/\/erformance.eu\/lv\/"},{"@type":"ListItem","position":2,"name":"Veikals","item":"https:\/\/erformance.eu\/lv\/veikals\/"},{"@type":"ListItem","position":3,"name":"Audi A3 8L A4 B5 B6 B7 A6 C5 TT 8N 1,8 T DV u\u017edarymo vo\u017etuvas"}]},{"@type":"WebSite","@id":"https:\/\/erformance.eu\/lv\/#website","url":"https:\/\/erformance.eu\/lv\/","name":"Erformance.eu","description":"Automobili\u0173 dali\u0173 parduotuv\u0117","potentialAction":[{"@type":"SearchAction","target":{"@type":"EntryPoint","urlTemplate":"https:\/\/erformance.eu\/lv\/?s={search_term_string}"},"query-input":{"@type":"PropertyValueSpecification","valueRequired":true,"valueName":"search_term_string"}}],"inLanguage":"lv-LV"}]}},"jetpack_sharing_enabled":true,"_links":{"self":[{"href":"https:\/\/erformance.eu\/lv\/wp-json\/wp\/v2\/product\/57546","targetHints":{"allow":["GET"]}}],"collection":[{"href":"https:\/\/erformance.eu\/lv\/wp-json\/wp\/v2\/product"}],"about":[{"href":"https:\/\/erformance.eu\/lv\/wp-json\/wp\/v2\/types\/product"}],"replies":[{"embeddable":true,"href":"https:\/\/erformance.eu\/lv\/wp-json\/wp\/v2\/comments?post=57546"}],"version-history":[{"count":1,"href":"https:\/\/erformance.eu\/lv\/wp-json\/wp\/v2\/product\/57546\/revisions"}],"predecessor-version":[{"id":57547,"href":"https:\/\/erformance.eu\/lv\/wp-json\/wp\/v2\/product\/57546\/revisions\/57547"}],"wp:featuredmedia":[{"embeddable":true,"href":"https:\/\/erformance.eu\/lv\/wp-json\/wp\/v2\/media\/54926"}],"wp:attachment":[{"href":"https:\/\/erformance.eu\/lv\/wp-json\/wp\/v2\/media?parent=57546"}],"wp:term":[{"taxonomy":"product_brand","embeddable":true,"href":"https:\/\/erformance.eu\/lv\/wp-json\/wp\/v2\/product_brand?post=57546"},{"taxonomy":"product_cat","embeddable":true,"href":"https:\/\/erformance.eu\/lv\/wp-json\/wp\/v2\/product_cat?post=57546"},{"taxonomy":"product_tag","embeddable":true,"href":"https:\/\/erformance.eu\/lv\/wp-json\/wp\/v2\/product_tag?post=57546"}],"curies":[{"name":"wp","href":"https:\/\/api.w.org\/{rel}","templated":true}]}}