{"id":57586,"date":"2026-02-16T14:30:11","date_gmt":"2026-02-16T11:30:11","guid":{"rendered":"https:\/\/erformance.eu\/?post_type=product&#038;p=57586"},"modified":"2026-03-25T02:56:34","modified_gmt":"2026-03-24T23:56:34","slug":"audi-a6-c7-10-18-rankinio-stabdzio-variklis-12-plaiciu","status":"publish","type":"product","link":"https:\/\/erformance.eu\/lv\/produkts\/audi-a6-c7-10-18-rankinio-stabdzio-variklis-12-plaiciu\/","title":{"rendered":"Audi A6 C7 10-18 rankinio stabdzio variklis 12 PLAI\u010cI\u0172"},"content":{"rendered":"<p>Prek\u0117: Rankinio stabd\u017eio suporto variklis su dvylikapj\u016bkliais, 12 PJOVIKLI\u0172<br \/>\nPus\u0117: kair\u0117 = de\u0161in\u0117 (nesvarbu)<br \/>\nOriginalus numeris:<\/p>\n<p>8K0998281A<br \/>\n8K0998281<br \/>\n8K0615403C<br \/>\n8K0615403D<br \/>\n8K0615403E<br \/>\n8K0615404C<br \/>\n8K0615404D<br \/>\n8K0615404E<br \/>\n8R0615403<br \/>\n8R0615404<\/p>\n<p>PASTABA: auk\u0161\u010diau pateikti numeriai yra original\u016bs dali\u0173 numeriai, kuriuos \u0161is pasi\u016blymas pakei\u010dia. Prie\u0161 pirkdami, palyginkite juos su originaliu dalies numeriu. Jei jie skiriasi net vienu simboliu, dalis netiks, neveiks arba veiks netinkamai. Tokiu atveju jos nepirkite.<br \/>\nAutomobilis:<\/p>\n<p>Audi A4 Allroad B8 (8KH), pagaminimo metai: 2009\u20132016<br \/>\nAudi A4 B8 (8K2), pagaminimo metai: 2007\u20132015<br \/>\nAudi A4 B8 Avant (8K5), gamybos metai: 2007-2015<br \/>\nAudi A5 (8T3), pagaminimo metai: 2007\u20132017<br \/>\nAudi A5 Sportback (8TA), pagaminimo metai: 2009\u20132017<br \/>\nAudi A5 kabrioletas (8F7), pagaminimo metai: 2009\u20132017<br \/>\nAudi A6 Allroad C7 (4GH, 4GJ), gamybos metai: 2012-2018<br \/>\nAudi A6 C7 (4G2, 4GC), pagaminimo metai: 2010\u20132018<br \/>\nAudi A6 C7 Avant (4G5, 4GD), gamybos metai: 2011-2018<br \/>\nAudi A7 Sportback (4GA, 4GF), pagaminimo metai: 2010\u20132018<br \/>\nAudi A8 D4 (4H2, 4H8, 4HC, 4HL), pagaminimo metai: 2009\u20132018<br \/>\nAudi Q5 (8RB), gamybos metai: 2008\u20132017<br \/>\nAudi Q5 Van (8RB), pagaminimo metai: 2008\u20132017<\/p>\n<p>Ki\u0161tukas: 2 kontaktai<br \/>\nKoto tipas: TORX 12<br \/>\nGamintojas: pakaitalas<br \/>\nTechnin\u0117 b\u016bkl\u0117: prek\u0117 yra visi\u0161kai nauja, nenaudota, nepa\u017eeista ir nesugadinta<\/p>\n","protected":false},"excerpt":{"rendered":"<p>1. Prek\u0117: rankinio stabd\u017eio variklis2. Pus\u0117: kair\u0117 = de\u0161in\u01173. Gamintojas: pakeitimas4. Automobilis:     * Audi A4 B8 07-16     * Audi A5 8T 07-17     * Audi A6 C7 10-18     * Audi A7 4G 10-18     * Audi A8 D4 09-18     * Audi Q5 8R 08-17<\/p>\n","protected":false},"featured_media":55093,"comment_status":"open","ping_status":"closed","template":"","meta":[],"product_brand":[],"product_cat":[394,144,3919,3958,4163,4358],"product_tag":[],"class_list":{"0":"post-57586","1":"product","2":"type-product","3":"status-publish","4":"has-post-thumbnail","6":"product_cat-audi-a6","7":"product_cat-audi","8":"product_cat-audi-a6-c7","9":"product_cat-audi-a6-c7-isores-dalys","10":"product_cat-audi-a6-c7-isores-kitos-dalys","11":"product_cat-audi-a6-c7-mechanizmai-valytuvai","13":"first","14":"instock","15":"shipping-taxable","16":"purchasable","17":"product-type-simple"},"yoast_head":"<!-- This site is optimized with the Yoast SEO Premium plugin v25.2 (Yoast SEO v27.3) - https:\/\/yoast.com\/product\/yoast-seo-premium-wordpress\/ -->\n<title>Audi A6 C7 10-18 rankinio stabdzio variklis 12 PLAI\u010cI\u0172 - Erformance.eu<\/title>\n<meta name=\"robots\" content=\"index, follow, max-snippet:-1, max-image-preview:large, max-video-preview:-1\" \/>\n<link rel=\"canonical\" href=\"https:\/\/erformance.eu\/lv\/produkts\/audi-a6-c7-10-18-rankinio-stabdzio-variklis-12-plaiciu\/\" \/>\n<meta property=\"og:locale\" content=\"lv_LV\" \/>\n<meta property=\"og:type\" content=\"article\" \/>\n<meta property=\"og:title\" content=\"Audi A6 C7 10-18 rankinio stabdzio variklis 12 PLAI\u010cI\u0172\" \/>\n<meta property=\"og:description\" content=\"1. Prek\u0117: rankinio stabd\u017eio variklis2. Pus\u0117: kair\u0117 = de\u0161in\u01173. Gamintojas: pakeitimas4. Automobilis:   * Audi A4 B8 07-16   * Audi A5 8T 07-17   * Audi A6 C7 10-18   * Audi A7 4G 10-18   * Audi A8 D4 09-18   * Audi Q5 8R 08-17\" \/>\n<meta property=\"og:url\" content=\"https:\/\/erformance.eu\/lv\/produkts\/audi-a6-c7-10-18-rankinio-stabdzio-variklis-12-plaiciu\/\" \/>\n<meta property=\"og:site_name\" content=\"Erformance.eu\" \/>\n<meta property=\"article:modified_time\" content=\"2026-03-24T23:56:34+00:00\" \/>\n<meta property=\"og:image\" content=\"https:\/\/erformance.eu\/wp-content\/uploads\/2026\/02\/pol_pm_Audi-A6-C7-10-18-silniczek-hamulca-recznego-12-FREZOW-24505_1.jpg\" \/>\n\t<meta property=\"og:image:width\" content=\"900\" \/>\n\t<meta property=\"og:image:height\" content=\"900\" \/>\n\t<meta property=\"og:image:type\" content=\"image\/jpeg\" \/>\n<meta name=\"twitter:card\" content=\"summary_large_image\" \/>\n<meta name=\"twitter:label1\" content=\"Est. reading time\" \/>\n\t<meta name=\"twitter:data1\" content=\"1 min\u016b\u0161u\" \/>\n<script type=\"application\/ld+json\" class=\"yoast-schema-graph\">{\"@context\":\"https:\\\/\\\/schema.org\",\"@graph\":[{\"@type\":\"WebPage\",\"@id\":\"https:\\\/\\\/erformance.eu\\\/lv\\\/produkts\\\/audi-a6-c7-10-18-rankinio-stabdzio-variklis-12-plaiciu\\\/\",\"url\":\"https:\\\/\\\/erformance.eu\\\/lv\\\/produkts\\\/audi-a6-c7-10-18-rankinio-stabdzio-variklis-12-plaiciu\\\/\",\"name\":\"Audi A6 C7 10-18 rankinio stabdzio variklis 12 PLAI\u010cI\u0172 - Erformance.eu\",\"isPartOf\":{\"@id\":\"https:\\\/\\\/erformance.eu\\\/lv\\\/#website\"},\"primaryImageOfPage\":{\"@id\":\"https:\\\/\\\/erformance.eu\\\/lv\\\/produkts\\\/audi-a6-c7-10-18-rankinio-stabdzio-variklis-12-plaiciu\\\/#primaryimage\"},\"image\":{\"@id\":\"https:\\\/\\\/erformance.eu\\\/lv\\\/produkts\\\/audi-a6-c7-10-18-rankinio-stabdzio-variklis-12-plaiciu\\\/#primaryimage\"},\"thumbnailUrl\":\"https:\\\/\\\/erformance.eu\\\/wp-content\\\/uploads\\\/2026\\\/02\\\/pol_pm_Audi-A6-C7-10-18-silniczek-hamulca-recznego-12-FREZOW-24505_1.jpg\",\"datePublished\":\"2026-02-16T11:30:11+00:00\",\"dateModified\":\"2026-03-24T23:56:34+00:00\",\"breadcrumb\":{\"@id\":\"https:\\\/\\\/erformance.eu\\\/lv\\\/produkts\\\/audi-a6-c7-10-18-rankinio-stabdzio-variklis-12-plaiciu\\\/#breadcrumb\"},\"inLanguage\":\"lv-LV\",\"potentialAction\":[{\"@type\":\"ReadAction\",\"target\":[\"https:\\\/\\\/erformance.eu\\\/lv\\\/produkts\\\/audi-a6-c7-10-18-rankinio-stabdzio-variklis-12-plaiciu\\\/\"]}]},{\"@type\":\"ImageObject\",\"inLanguage\":\"lv-LV\",\"@id\":\"https:\\\/\\\/erformance.eu\\\/lv\\\/produkts\\\/audi-a6-c7-10-18-rankinio-stabdzio-variklis-12-plaiciu\\\/#primaryimage\",\"url\":\"https:\\\/\\\/erformance.eu\\\/wp-content\\\/uploads\\\/2026\\\/02\\\/pol_pm_Audi-A6-C7-10-18-silniczek-hamulca-recznego-12-FREZOW-24505_1.jpg\",\"contentUrl\":\"https:\\\/\\\/erformance.eu\\\/wp-content\\\/uploads\\\/2026\\\/02\\\/pol_pm_Audi-A6-C7-10-18-silniczek-hamulca-recznego-12-FREZOW-24505_1.jpg\",\"width\":900,\"height\":900},{\"@type\":\"BreadcrumbList\",\"@id\":\"https:\\\/\\\/erformance.eu\\\/lv\\\/produkts\\\/audi-a6-c7-10-18-rankinio-stabdzio-variklis-12-plaiciu\\\/#breadcrumb\",\"itemListElement\":[{\"@type\":\"ListItem\",\"position\":1,\"name\":\"Home\",\"item\":\"https:\\\/\\\/erformance.eu\\\/lv\\\/\"},{\"@type\":\"ListItem\",\"position\":2,\"name\":\"Veikals\",\"item\":\"https:\\\/\\\/erformance.eu\\\/lv\\\/veikals\\\/\"},{\"@type\":\"ListItem\",\"position\":3,\"name\":\"Audi A6 C7 10-18 rankinio stabdzio variklis 12 PLAI\u010cI\u0172\"}]},{\"@type\":\"WebSite\",\"@id\":\"https:\\\/\\\/erformance.eu\\\/lv\\\/#website\",\"url\":\"https:\\\/\\\/erformance.eu\\\/lv\\\/\",\"name\":\"Erformance.eu\",\"description\":\"Automobili\u0173 dali\u0173 parduotuv\u0117\",\"potentialAction\":[{\"@type\":\"SearchAction\",\"target\":{\"@type\":\"EntryPoint\",\"urlTemplate\":\"https:\\\/\\\/erformance.eu\\\/lv\\\/?s={search_term_string}\"},\"query-input\":{\"@type\":\"PropertyValueSpecification\",\"valueRequired\":true,\"valueName\":\"search_term_string\"}}],\"inLanguage\":\"lv-LV\"}]}<\/script>\n<!-- \/ Yoast SEO Premium plugin. -->","yoast_head_json":{"title":"Audi A6 C7 10-18 rankinio stabdzio variklis 12 PLAI\u010cI\u0172 - Erformance.eu","robots":{"index":"index","follow":"follow","max-snippet":"max-snippet:-1","max-image-preview":"max-image-preview:large","max-video-preview":"max-video-preview:-1"},"canonical":"https:\/\/erformance.eu\/lv\/produkts\/audi-a6-c7-10-18-rankinio-stabdzio-variklis-12-plaiciu\/","og_locale":"lv_LV","og_type":"article","og_title":"Audi A6 C7 10-18 rankinio stabdzio variklis 12 PLAI\u010cI\u0172","og_description":"1. Prek\u0117: rankinio stabd\u017eio variklis2. Pus\u0117: kair\u0117 = de\u0161in\u01173. Gamintojas: pakeitimas4. Automobilis:   * Audi A4 B8 07-16   * Audi A5 8T 07-17   * Audi A6 C7 10-18   * Audi A7 4G 10-18   * Audi A8 D4 09-18   * Audi Q5 8R 08-17","og_url":"https:\/\/erformance.eu\/lv\/produkts\/audi-a6-c7-10-18-rankinio-stabdzio-variklis-12-plaiciu\/","og_site_name":"Erformance.eu","article_modified_time":"2026-03-24T23:56:34+00:00","og_image":[{"width":900,"height":900,"url":"https:\/\/erformance.eu\/wp-content\/uploads\/2026\/02\/pol_pm_Audi-A6-C7-10-18-silniczek-hamulca-recznego-12-FREZOW-24505_1.jpg","type":"image\/jpeg"}],"twitter_card":"summary_large_image","twitter_misc":{"Est. reading time":"1 min\u016b\u0161u"},"schema":{"@context":"https:\/\/schema.org","@graph":[{"@type":"WebPage","@id":"https:\/\/erformance.eu\/lv\/produkts\/audi-a6-c7-10-18-rankinio-stabdzio-variklis-12-plaiciu\/","url":"https:\/\/erformance.eu\/lv\/produkts\/audi-a6-c7-10-18-rankinio-stabdzio-variklis-12-plaiciu\/","name":"Audi A6 C7 10-18 rankinio stabdzio variklis 12 PLAI\u010cI\u0172 - Erformance.eu","isPartOf":{"@id":"https:\/\/erformance.eu\/lv\/#website"},"primaryImageOfPage":{"@id":"https:\/\/erformance.eu\/lv\/produkts\/audi-a6-c7-10-18-rankinio-stabdzio-variklis-12-plaiciu\/#primaryimage"},"image":{"@id":"https:\/\/erformance.eu\/lv\/produkts\/audi-a6-c7-10-18-rankinio-stabdzio-variklis-12-plaiciu\/#primaryimage"},"thumbnailUrl":"https:\/\/erformance.eu\/wp-content\/uploads\/2026\/02\/pol_pm_Audi-A6-C7-10-18-silniczek-hamulca-recznego-12-FREZOW-24505_1.jpg","datePublished":"2026-02-16T11:30:11+00:00","dateModified":"2026-03-24T23:56:34+00:00","breadcrumb":{"@id":"https:\/\/erformance.eu\/lv\/produkts\/audi-a6-c7-10-18-rankinio-stabdzio-variklis-12-plaiciu\/#breadcrumb"},"inLanguage":"lv-LV","potentialAction":[{"@type":"ReadAction","target":["https:\/\/erformance.eu\/lv\/produkts\/audi-a6-c7-10-18-rankinio-stabdzio-variklis-12-plaiciu\/"]}]},{"@type":"ImageObject","inLanguage":"lv-LV","@id":"https:\/\/erformance.eu\/lv\/produkts\/audi-a6-c7-10-18-rankinio-stabdzio-variklis-12-plaiciu\/#primaryimage","url":"https:\/\/erformance.eu\/wp-content\/uploads\/2026\/02\/pol_pm_Audi-A6-C7-10-18-silniczek-hamulca-recznego-12-FREZOW-24505_1.jpg","contentUrl":"https:\/\/erformance.eu\/wp-content\/uploads\/2026\/02\/pol_pm_Audi-A6-C7-10-18-silniczek-hamulca-recznego-12-FREZOW-24505_1.jpg","width":900,"height":900},{"@type":"BreadcrumbList","@id":"https:\/\/erformance.eu\/lv\/produkts\/audi-a6-c7-10-18-rankinio-stabdzio-variklis-12-plaiciu\/#breadcrumb","itemListElement":[{"@type":"ListItem","position":1,"name":"Home","item":"https:\/\/erformance.eu\/lv\/"},{"@type":"ListItem","position":2,"name":"Veikals","item":"https:\/\/erformance.eu\/lv\/veikals\/"},{"@type":"ListItem","position":3,"name":"Audi A6 C7 10-18 rankinio stabdzio variklis 12 PLAI\u010cI\u0172"}]},{"@type":"WebSite","@id":"https:\/\/erformance.eu\/lv\/#website","url":"https:\/\/erformance.eu\/lv\/","name":"Erformance.eu","description":"Automobili\u0173 dali\u0173 parduotuv\u0117","potentialAction":[{"@type":"SearchAction","target":{"@type":"EntryPoint","urlTemplate":"https:\/\/erformance.eu\/lv\/?s={search_term_string}"},"query-input":{"@type":"PropertyValueSpecification","valueRequired":true,"valueName":"search_term_string"}}],"inLanguage":"lv-LV"}]}},"jetpack_sharing_enabled":true,"_links":{"self":[{"href":"https:\/\/erformance.eu\/lv\/wp-json\/wp\/v2\/product\/57586","targetHints":{"allow":["GET"]}}],"collection":[{"href":"https:\/\/erformance.eu\/lv\/wp-json\/wp\/v2\/product"}],"about":[{"href":"https:\/\/erformance.eu\/lv\/wp-json\/wp\/v2\/types\/product"}],"replies":[{"embeddable":true,"href":"https:\/\/erformance.eu\/lv\/wp-json\/wp\/v2\/comments?post=57586"}],"version-history":[{"count":1,"href":"https:\/\/erformance.eu\/lv\/wp-json\/wp\/v2\/product\/57586\/revisions"}],"predecessor-version":[{"id":57587,"href":"https:\/\/erformance.eu\/lv\/wp-json\/wp\/v2\/product\/57586\/revisions\/57587"}],"wp:featuredmedia":[{"embeddable":true,"href":"https:\/\/erformance.eu\/lv\/wp-json\/wp\/v2\/media\/55093"}],"wp:attachment":[{"href":"https:\/\/erformance.eu\/lv\/wp-json\/wp\/v2\/media?parent=57586"}],"wp:term":[{"taxonomy":"product_brand","embeddable":true,"href":"https:\/\/erformance.eu\/lv\/wp-json\/wp\/v2\/product_brand?post=57586"},{"taxonomy":"product_cat","embeddable":true,"href":"https:\/\/erformance.eu\/lv\/wp-json\/wp\/v2\/product_cat?post=57586"},{"taxonomy":"product_tag","embeddable":true,"href":"https:\/\/erformance.eu\/lv\/wp-json\/wp\/v2\/product_tag?post=57586"}],"curies":[{"name":"wp","href":"https:\/\/api.w.org\/{rel}","templated":true}]}}