{"id":57660,"date":"2026-02-16T14:30:57","date_gmt":"2026-02-16T11:30:57","guid":{"rendered":"https:\/\/erformance.eu\/?post_type=product&#038;p=57660"},"modified":"2026-03-10T02:34:08","modified_gmt":"2026-03-09T23:34:08","slug":"audi-a3-8p-tt-8j-pavaru-perjungimo-svirtis","status":"publish","type":"product","link":"https:\/\/erformance.eu\/lv\/produkts\/audi-a3-8p-tt-8j-pavaru-perjungimo-svirtis\/","title":{"rendered":"Audi A3 8P TT 8J pavar\u0173 perjungimo svirtis"},"content":{"rendered":"<p>Prek\u0117: pavar\u0173 perjungimo svirtis (ranken\u0117l\u0117)<br \/>\nOriginalus numeris:<\/p>\n<p>5K0711203A<br \/>\n5K0711202A<br \/>\n5K0711202B<br \/>\n5K0711203B<\/p>\n<p>PASTABA: auk\u0161\u010diau pateikti numeriai yra original\u016bs dali\u0173 numeriai, kuriuos \u0161is pasi\u016blymas pakei\u010dia. Prie\u0161 pirkdami, palyginkite juos su originaliu dalies numeriu. Jei jie skiriasi net vienu simboliu, dalis netiks, neveiks arba veiks netinkamai. Tokiu atveju jos nepirkite.<br \/>\nAutomobilis:<\/p>\n<p>Audi A3 he\u010dbekas (8P1), pagaminimo metai: 2003\u20132012<br \/>\nAudi A3 Sportback (8PA), pagaminimo metai: 2004\u20132013<br \/>\nAudi TT kup\u0117 (8J3), pagaminimo metai: 2006\u20132014<br \/>\nAudi TT Roadster (8J9), pagaminimo metai: 2007\u20132014<br \/>\n\u201eSeat Altea\u201c (5P1), modeliai, pagaminti nuo 2004 m.<br \/>\n\u201eSeat Altea XL\u201c (5P5, 5P8), modeliai, pagaminti nuo 2006 m.<br \/>\n\u201eSeat Leon II\u201c he\u010dbekas (1P1), pagaminimo metai: 2005\u20132012<br \/>\n\u201eSeat Toledo III\u201c, gamybos metai: 2004\u20132009<br \/>\n\u201eSkoda Octavia II\u201c he\u010dbekas (1Z3), pagaminimo metai: 2004\u20132013<br \/>\n\u201eSkoda Octavia II Combi\u201c (1Z5), pagaminimo metai: 2004\u20132013<br \/>\n\u201eSkoda Superb II\u201c he\u010dbekas (3T4), pagaminimo metai: 2008\u20132015<br \/>\n\u201eSkoda Superb II Kombi\u201c (3T5), pagaminimo metai: 2009\u20132015<br \/>\nSkoda Yeti (5L), gamybos metai: 2009-2017<br \/>\n\u201eVolkswagen Beetle Cabrio\u201c (5C7, 5C8), pagaminimo metai: 2011\u20132019<br \/>\nVolkswagen Beetle he\u010dbekas (5C1, 5C2), pagaminimo metai: 2011\u20132019<br \/>\nVolkswagen Caddy III Van (2KA, 2KH, 2CA, 2CH), pagaminimo metai: 2004\u20132015<br \/>\nVolkswagen Caddy III Universalas (2KB, 2KJ, 2CB, 2CJ), pagaminimo metai: 2004\u20132015<br \/>\n\u201eVolkswagen Eos\u201c (1F7, 1F8), pagaminimo metai: 2006\u20132015<br \/>\nVolkswagen Golf V he\u010dbekas (1K1), gamybos metai: 2003\u20132009<br \/>\n\u201eVolkswagen Golf V Variant\u201c (1K5), pagaminimo metai: 2007\u20132009<br \/>\nVolkswagen Golf VI he\u010dbekas (5K1), pagaminimo metai: 2008\u20132013<br \/>\n\u201eVolkswagen Golf VI Variant\u201c (AJ5), pagaminimo metai: 2009\u20132013<br \/>\n\u201eVolkswagen Golf VII Hatchback\u201c (5G1, BQ1, BE1, BE2), modeliai, pagaminti nuo 2012 m.<br \/>\n\u201eVolkswagen Golf Plus\u201c \/ \u201eCrossgolf\u201c (5M1, 521), gamybos metai: 2005\u20132013<br \/>\nVolkswagen Jetta III (1K), pagaminimo metai: 2005\u20132010<br \/>\n\u201eVolkswagen Jetta IV\u201c (162, 163, AV3, AV2), modeliai, pagaminti nuo 2010 m.<br \/>\n\u201eVolkswagen Passat B6\u201c sedanas (3C2), pagaminimo metai: 2005\u20132010<br \/>\n\u201eVolkswagen Passat B6 Variant\u201c (3C5), pagaminimo metai: 2005\u20132011<br \/>\nVolkswagen Passat B7 Sedanas (362), gamybos metai: 2010-2014<br \/>\n\u201eVolkswagen Passat B7 Variant\u201c (365), pagaminimo metai: 2010\u20132014<br \/>\n\u201eVolkswagen Passat CC\u201c (357), pagaminimo metai: 2008\u20132012<br \/>\n\u201eVolkswagen Scirocco III\u201c (137, 138), pagaminimo metai: 2008\u20132017<br \/>\nVolkswagen Touran I (1T1, 1T2), pagaminimo metai: 2003\u20132010<br \/>\nVolkswagen Touran I (1T3), gamybos metai: 2010\u20132015<\/p>\n<p>Gamintojas: pakaitalas<br \/>\nTechnin\u0117 b\u016bkl\u0117: prek\u0117 yra visi\u0161kai nauja, nenaudota, nepa\u017eeista ir nesugadinta<\/p>\n","protected":false},"excerpt":{"rendered":"<p>1. Prek\u0117: Pavar\u0173 perjungimo svirties gr\u0105\u017einimo svirtis2. Gamintojas: pakeitimas3. Automobilis:* Audi A3 8P 03\u201313* Audi TT 8J 06-14<\/p>\n","protected":false},"featured_media":55406,"comment_status":"open","ping_status":"closed","template":"","meta":[],"product_brand":[],"product_cat":[3933,3906,186,144,4584,4611,3985,4012,401],"product_tag":[],"class_list":{"0":"post-57660","1":"product","2":"type-product","3":"status-publish","4":"has-post-thumbnail","6":"product_cat-audi-tt-8j","7":"product_cat-audi-a3-8p","8":"product_cat-a3","9":"product_cat-audi","10":"product_cat-audi-a3-8p-pavaru-svirtys","11":"product_cat-audi-tt-8j-pavaru-svirtys","12":"product_cat-audi-a3-8p-salono-dalys","13":"product_cat-audi-tt-8j-salono-dalys","14":"product_cat-audi-tt","16":"first","17":"instock","18":"shipping-taxable","19":"purchasable","20":"product-type-simple"},"yoast_head":"<!-- This site is optimized with the Yoast SEO Premium plugin v25.2 (Yoast SEO v27.4) - https:\/\/yoast.com\/product\/yoast-seo-premium-wordpress\/ -->\n<title>Audi A3 8P TT 8J pavar\u0173 perjungimo svirtis - Erformance.eu<\/title>\n<meta name=\"robots\" content=\"index, follow, max-snippet:-1, max-image-preview:large, max-video-preview:-1\" \/>\n<link rel=\"canonical\" href=\"https:\/\/erformance.eu\/lv\/produkts\/audi-a3-8p-tt-8j-pavaru-perjungimo-svirtis\/\" \/>\n<meta property=\"og:locale\" content=\"lv_LV\" \/>\n<meta property=\"og:type\" content=\"article\" \/>\n<meta property=\"og:title\" content=\"Audi A3 8P TT 8J pavar\u0173 perjungimo svirtis\" \/>\n<meta property=\"og:description\" content=\"1. Prek\u0117: Pavar\u0173 perjungimo svirties gr\u0105\u017einimo svirtis2. Gamintojas: pakeitimas3. Automobilis:* Audi A3 8P 03\u201313* Audi TT 8J 06-14\" \/>\n<meta property=\"og:url\" content=\"https:\/\/erformance.eu\/lv\/produkts\/audi-a3-8p-tt-8j-pavaru-perjungimo-svirtis\/\" \/>\n<meta property=\"og:site_name\" content=\"Erformance.eu\" \/>\n<meta property=\"article:modified_time\" content=\"2026-03-09T23:34:08+00:00\" \/>\n<meta property=\"og:image\" content=\"https:\/\/erformance.eu\/wp-content\/uploads\/2026\/02\/pol_pm_Audi-A3-8P-TT-8J-dzwignia-zwrotna-lewarka-zmiany-biegow-33783_1.jpg\" \/>\n\t<meta property=\"og:image:width\" content=\"1200\" \/>\n\t<meta property=\"og:image:height\" content=\"1200\" \/>\n\t<meta property=\"og:image:type\" content=\"image\/jpeg\" \/>\n<meta name=\"twitter:card\" content=\"summary_large_image\" \/>\n<meta name=\"twitter:label1\" content=\"Est. reading time\" \/>\n\t<meta name=\"twitter:data1\" content=\"2 min\u016btes\" \/>\n<script type=\"application\/ld+json\" class=\"yoast-schema-graph\">{\"@context\":\"https:\\\/\\\/schema.org\",\"@graph\":[{\"@type\":\"WebPage\",\"@id\":\"https:\\\/\\\/erformance.eu\\\/lv\\\/produkts\\\/audi-a3-8p-tt-8j-pavaru-perjungimo-svirtis\\\/\",\"url\":\"https:\\\/\\\/erformance.eu\\\/lv\\\/produkts\\\/audi-a3-8p-tt-8j-pavaru-perjungimo-svirtis\\\/\",\"name\":\"Audi A3 8P TT 8J pavar\u0173 perjungimo svirtis - Erformance.eu\",\"isPartOf\":{\"@id\":\"https:\\\/\\\/erformance.eu\\\/lv\\\/#website\"},\"primaryImageOfPage\":{\"@id\":\"https:\\\/\\\/erformance.eu\\\/lv\\\/produkts\\\/audi-a3-8p-tt-8j-pavaru-perjungimo-svirtis\\\/#primaryimage\"},\"image\":{\"@id\":\"https:\\\/\\\/erformance.eu\\\/lv\\\/produkts\\\/audi-a3-8p-tt-8j-pavaru-perjungimo-svirtis\\\/#primaryimage\"},\"thumbnailUrl\":\"https:\\\/\\\/erformance.eu\\\/wp-content\\\/uploads\\\/2026\\\/02\\\/pol_pm_Audi-A3-8P-TT-8J-dzwignia-zwrotna-lewarka-zmiany-biegow-33783_1.jpg\",\"datePublished\":\"2026-02-16T11:30:57+00:00\",\"dateModified\":\"2026-03-09T23:34:08+00:00\",\"breadcrumb\":{\"@id\":\"https:\\\/\\\/erformance.eu\\\/lv\\\/produkts\\\/audi-a3-8p-tt-8j-pavaru-perjungimo-svirtis\\\/#breadcrumb\"},\"inLanguage\":\"lv-LV\",\"potentialAction\":[{\"@type\":\"ReadAction\",\"target\":[\"https:\\\/\\\/erformance.eu\\\/lv\\\/produkts\\\/audi-a3-8p-tt-8j-pavaru-perjungimo-svirtis\\\/\"]}]},{\"@type\":\"ImageObject\",\"inLanguage\":\"lv-LV\",\"@id\":\"https:\\\/\\\/erformance.eu\\\/lv\\\/produkts\\\/audi-a3-8p-tt-8j-pavaru-perjungimo-svirtis\\\/#primaryimage\",\"url\":\"https:\\\/\\\/erformance.eu\\\/wp-content\\\/uploads\\\/2026\\\/02\\\/pol_pm_Audi-A3-8P-TT-8J-dzwignia-zwrotna-lewarka-zmiany-biegow-33783_1.jpg\",\"contentUrl\":\"https:\\\/\\\/erformance.eu\\\/wp-content\\\/uploads\\\/2026\\\/02\\\/pol_pm_Audi-A3-8P-TT-8J-dzwignia-zwrotna-lewarka-zmiany-biegow-33783_1.jpg\",\"width\":1200,\"height\":1200},{\"@type\":\"BreadcrumbList\",\"@id\":\"https:\\\/\\\/erformance.eu\\\/lv\\\/produkts\\\/audi-a3-8p-tt-8j-pavaru-perjungimo-svirtis\\\/#breadcrumb\",\"itemListElement\":[{\"@type\":\"ListItem\",\"position\":1,\"name\":\"Home\",\"item\":\"https:\\\/\\\/erformance.eu\\\/lv\\\/\"},{\"@type\":\"ListItem\",\"position\":2,\"name\":\"Veikals\",\"item\":\"https:\\\/\\\/erformance.eu\\\/lv\\\/veikals\\\/\"},{\"@type\":\"ListItem\",\"position\":3,\"name\":\"Audi A3 8P TT 8J pavar\u0173 perjungimo svirtis\"}]},{\"@type\":\"WebSite\",\"@id\":\"https:\\\/\\\/erformance.eu\\\/lv\\\/#website\",\"url\":\"https:\\\/\\\/erformance.eu\\\/lv\\\/\",\"name\":\"Erformance.eu\",\"description\":\"Automobili\u0173 dali\u0173 parduotuv\u0117\",\"potentialAction\":[{\"@type\":\"SearchAction\",\"target\":{\"@type\":\"EntryPoint\",\"urlTemplate\":\"https:\\\/\\\/erformance.eu\\\/lv\\\/?s={search_term_string}\"},\"query-input\":{\"@type\":\"PropertyValueSpecification\",\"valueRequired\":true,\"valueName\":\"search_term_string\"}}],\"inLanguage\":\"lv-LV\"}]}<\/script>\n<!-- \/ Yoast SEO Premium plugin. -->","yoast_head_json":{"title":"Audi A3 8P TT 8J pavar\u0173 perjungimo svirtis - Erformance.eu","robots":{"index":"index","follow":"follow","max-snippet":"max-snippet:-1","max-image-preview":"max-image-preview:large","max-video-preview":"max-video-preview:-1"},"canonical":"https:\/\/erformance.eu\/lv\/produkts\/audi-a3-8p-tt-8j-pavaru-perjungimo-svirtis\/","og_locale":"lv_LV","og_type":"article","og_title":"Audi A3 8P TT 8J pavar\u0173 perjungimo svirtis","og_description":"1. Prek\u0117: Pavar\u0173 perjungimo svirties gr\u0105\u017einimo svirtis2. Gamintojas: pakeitimas3. Automobilis:* Audi A3 8P 03\u201313* Audi TT 8J 06-14","og_url":"https:\/\/erformance.eu\/lv\/produkts\/audi-a3-8p-tt-8j-pavaru-perjungimo-svirtis\/","og_site_name":"Erformance.eu","article_modified_time":"2026-03-09T23:34:08+00:00","og_image":[{"width":1200,"height":1200,"url":"https:\/\/erformance.eu\/wp-content\/uploads\/2026\/02\/pol_pm_Audi-A3-8P-TT-8J-dzwignia-zwrotna-lewarka-zmiany-biegow-33783_1.jpg","type":"image\/jpeg"}],"twitter_card":"summary_large_image","twitter_misc":{"Est. reading time":"2 min\u016btes"},"schema":{"@context":"https:\/\/schema.org","@graph":[{"@type":"WebPage","@id":"https:\/\/erformance.eu\/lv\/produkts\/audi-a3-8p-tt-8j-pavaru-perjungimo-svirtis\/","url":"https:\/\/erformance.eu\/lv\/produkts\/audi-a3-8p-tt-8j-pavaru-perjungimo-svirtis\/","name":"Audi A3 8P TT 8J pavar\u0173 perjungimo svirtis - Erformance.eu","isPartOf":{"@id":"https:\/\/erformance.eu\/lv\/#website"},"primaryImageOfPage":{"@id":"https:\/\/erformance.eu\/lv\/produkts\/audi-a3-8p-tt-8j-pavaru-perjungimo-svirtis\/#primaryimage"},"image":{"@id":"https:\/\/erformance.eu\/lv\/produkts\/audi-a3-8p-tt-8j-pavaru-perjungimo-svirtis\/#primaryimage"},"thumbnailUrl":"https:\/\/erformance.eu\/wp-content\/uploads\/2026\/02\/pol_pm_Audi-A3-8P-TT-8J-dzwignia-zwrotna-lewarka-zmiany-biegow-33783_1.jpg","datePublished":"2026-02-16T11:30:57+00:00","dateModified":"2026-03-09T23:34:08+00:00","breadcrumb":{"@id":"https:\/\/erformance.eu\/lv\/produkts\/audi-a3-8p-tt-8j-pavaru-perjungimo-svirtis\/#breadcrumb"},"inLanguage":"lv-LV","potentialAction":[{"@type":"ReadAction","target":["https:\/\/erformance.eu\/lv\/produkts\/audi-a3-8p-tt-8j-pavaru-perjungimo-svirtis\/"]}]},{"@type":"ImageObject","inLanguage":"lv-LV","@id":"https:\/\/erformance.eu\/lv\/produkts\/audi-a3-8p-tt-8j-pavaru-perjungimo-svirtis\/#primaryimage","url":"https:\/\/erformance.eu\/wp-content\/uploads\/2026\/02\/pol_pm_Audi-A3-8P-TT-8J-dzwignia-zwrotna-lewarka-zmiany-biegow-33783_1.jpg","contentUrl":"https:\/\/erformance.eu\/wp-content\/uploads\/2026\/02\/pol_pm_Audi-A3-8P-TT-8J-dzwignia-zwrotna-lewarka-zmiany-biegow-33783_1.jpg","width":1200,"height":1200},{"@type":"BreadcrumbList","@id":"https:\/\/erformance.eu\/lv\/produkts\/audi-a3-8p-tt-8j-pavaru-perjungimo-svirtis\/#breadcrumb","itemListElement":[{"@type":"ListItem","position":1,"name":"Home","item":"https:\/\/erformance.eu\/lv\/"},{"@type":"ListItem","position":2,"name":"Veikals","item":"https:\/\/erformance.eu\/lv\/veikals\/"},{"@type":"ListItem","position":3,"name":"Audi A3 8P TT 8J pavar\u0173 perjungimo svirtis"}]},{"@type":"WebSite","@id":"https:\/\/erformance.eu\/lv\/#website","url":"https:\/\/erformance.eu\/lv\/","name":"Erformance.eu","description":"Automobili\u0173 dali\u0173 parduotuv\u0117","potentialAction":[{"@type":"SearchAction","target":{"@type":"EntryPoint","urlTemplate":"https:\/\/erformance.eu\/lv\/?s={search_term_string}"},"query-input":{"@type":"PropertyValueSpecification","valueRequired":true,"valueName":"search_term_string"}}],"inLanguage":"lv-LV"}]}},"jetpack_sharing_enabled":true,"_links":{"self":[{"href":"https:\/\/erformance.eu\/lv\/wp-json\/wp\/v2\/product\/57660","targetHints":{"allow":["GET"]}}],"collection":[{"href":"https:\/\/erformance.eu\/lv\/wp-json\/wp\/v2\/product"}],"about":[{"href":"https:\/\/erformance.eu\/lv\/wp-json\/wp\/v2\/types\/product"}],"replies":[{"embeddable":true,"href":"https:\/\/erformance.eu\/lv\/wp-json\/wp\/v2\/comments?post=57660"}],"version-history":[{"count":1,"href":"https:\/\/erformance.eu\/lv\/wp-json\/wp\/v2\/product\/57660\/revisions"}],"predecessor-version":[{"id":57661,"href":"https:\/\/erformance.eu\/lv\/wp-json\/wp\/v2\/product\/57660\/revisions\/57661"}],"wp:featuredmedia":[{"embeddable":true,"href":"https:\/\/erformance.eu\/lv\/wp-json\/wp\/v2\/media\/55406"}],"wp:attachment":[{"href":"https:\/\/erformance.eu\/lv\/wp-json\/wp\/v2\/media?parent=57660"}],"wp:term":[{"taxonomy":"product_brand","embeddable":true,"href":"https:\/\/erformance.eu\/lv\/wp-json\/wp\/v2\/product_brand?post=57660"},{"taxonomy":"product_cat","embeddable":true,"href":"https:\/\/erformance.eu\/lv\/wp-json\/wp\/v2\/product_cat?post=57660"},{"taxonomy":"product_tag","embeddable":true,"href":"https:\/\/erformance.eu\/lv\/wp-json\/wp\/v2\/product_tag?post=57660"}],"curies":[{"name":"wp","href":"https:\/\/api.w.org\/{rel}","templated":true}]}}