{"id":57746,"date":"2026-02-16T14:31:45","date_gmt":"2026-02-16T11:31:45","guid":{"rendered":"https:\/\/erformance.eu\/?post_type=product&#038;p=57746"},"modified":"2026-03-02T23:19:37","modified_gmt":"2026-03-02T20:19:37","slug":"bmw-x6-f16-f86-14-19-kapoto-spyna","status":"publish","type":"product","link":"https:\/\/erformance.eu\/lv\/produkts\/bmw-x6-f16-f86-14-19-kapoto-spyna\/","title":{"rendered":"BMW X6 F16 &#8211; F86 14-19 Kapoto spyna"},"content":{"rendered":"<p>Prek\u0117: Variklio dang\u010dio u\u017eraktas<br \/>\nOriginalus numeris:<\/p>\n<p>51232753419<br \/>\n51237178754<br \/>\n2753419<br \/>\n7178754<\/p>\n<p>PASTABA: auk\u0161\u010diau pateikti numeriai yra original\u016bs dali\u0173 numeriai, kuriuos \u0161is pasi\u016blymas pakei\u010dia. Prie\u0161 pirkdami, palyginkite juos su originaliu dalies numeriu. Jei jie skiriasi net vienu simboliu, dalis netiks, neveiks arba veiks netinkamai. Tokiu atveju jos nepirkite.<br \/>\nAutomobilis:<\/p>\n<p>BMW X5 (F15, F85), pagaminimo metai: 2013\u20132018<br \/>\nBMW X6 (F16, F86), pagaminimo metai: 2014\u20132019<br \/>\nMINI CLUBMAN (R55), pagaminimo metai: 2007\u20132014<br \/>\nMINI (R56), pagaminimo metai: 2006\u20132013<br \/>\nMINI kabrioletas (R57), pagaminimo metai: 2007\u20132015<br \/>\nMINI kup\u0117 (R58), pagaminimo metai: 2010\u20132015<br \/>\nMINI Roadster (R59), pagaminimo metai: 2011\u20132015<br \/>\nMINI COUNTRYMAN (R60), pagaminimo metai: 2010\u20132016<br \/>\nMINI PACEMAN (R61), pagaminimo metai: 2012\u20132016<\/p>\n<p>Gamintojas: pakaitalas<br \/>\nTechnin\u0117 b\u016bkl\u0117: prek\u0117 yra visi\u0161kai nauja, nenaudota, nepa\u017eeista ir nesugadinta<\/p>\n","protected":false},"excerpt":{"rendered":"<p>1. Prek\u0117: Variklio gaubto u\u017eraktas2. Gamintojas: pakeitimas3. Automobilis:* BMW X5 F15 \/ F85 13-18* BMW X6 F16 &#8211; F86 14-19MINI R55 07\u201314MINI R56 06\u201313* MINI R57 07-15* MINI R58 10-15* MINI R59 11-15MINI R60 10-16MINI R61 12-16<\/p>\n","protected":false},"featured_media":55775,"comment_status":"open","ping_status":"closed","template":"","meta":[],"product_brand":[],"product_cat":[121,63,2788,3516,3515,135],"product_tag":[],"class_list":{"0":"post-57746","1":"product","2":"type-product","3":"status-publish","4":"has-post-thumbnail","6":"product_cat-bmw","7":"product_cat-f16","8":"product_cat-f16-isores-dalys","9":"product_cat-f16-isores-kitos-isores-dalys","10":"product_cat-f16-isores-mechanizmai-valytuvai","11":"product_cat-x6-serija","13":"first","14":"instock","15":"shipping-taxable","16":"purchasable","17":"product-type-simple"},"yoast_head":"<!-- This site is optimized with the Yoast SEO Premium plugin v25.2 (Yoast SEO v27.6) - https:\/\/yoast.com\/product\/yoast-seo-premium-wordpress\/ -->\n<title>BMW X6 F16 - F86 14-19 Kapoto spyna - Erformance.eu<\/title>\n<meta name=\"robots\" content=\"index, follow, max-snippet:-1, max-image-preview:large, max-video-preview:-1\" \/>\n<link rel=\"canonical\" href=\"https:\/\/erformance.eu\/lv\/produkts\/bmw-x6-f16-f86-14-19-kapoto-spyna\/\" \/>\n<meta property=\"og:locale\" content=\"lv_LV\" \/>\n<meta property=\"og:type\" content=\"article\" \/>\n<meta property=\"og:title\" content=\"BMW X6 F16 - F86 14-19 Kapoto spyna\" \/>\n<meta property=\"og:description\" content=\"1. Prek\u0117: Variklio gaubto u\u017eraktas2. Gamintojas: pakeitimas3. Automobilis:* BMW X5 F15 \/ F85 13-18* BMW X6 F16 - F86 14-19MINI R55 07\u201314MINI R56 06\u201313* MINI R57 07-15* MINI R58 10-15* MINI R59 11-15MINI R60 10-16MINI R61 12-16\" \/>\n<meta property=\"og:url\" content=\"https:\/\/erformance.eu\/lv\/produkts\/bmw-x6-f16-f86-14-19-kapoto-spyna\/\" \/>\n<meta property=\"og:site_name\" content=\"Erformance.eu\" \/>\n<meta property=\"article:modified_time\" content=\"2026-03-02T20:19:37+00:00\" \/>\n<meta property=\"og:image\" content=\"https:\/\/erformance.eu\/wp-content\/uploads\/2026\/02\/pol_pm_BMW-X6-F16-F86-14-19-zamek-maski-pokrywy-silnika-25399_1.jpg\" \/>\n\t<meta property=\"og:image:width\" content=\"1200\" \/>\n\t<meta property=\"og:image:height\" content=\"1200\" \/>\n\t<meta property=\"og:image:type\" content=\"image\/jpeg\" \/>\n<meta name=\"twitter:card\" content=\"summary_large_image\" \/>\n<meta name=\"twitter:label1\" content=\"Est. reading time\" \/>\n\t<meta name=\"twitter:data1\" content=\"1 min\u016b\u0161u\" \/>\n<script type=\"application\/ld+json\" class=\"yoast-schema-graph\">{\"@context\":\"https:\\\/\\\/schema.org\",\"@graph\":[{\"@type\":\"WebPage\",\"@id\":\"https:\\\/\\\/erformance.eu\\\/lv\\\/produkts\\\/bmw-x6-f16-f86-14-19-kapoto-spyna\\\/\",\"url\":\"https:\\\/\\\/erformance.eu\\\/lv\\\/produkts\\\/bmw-x6-f16-f86-14-19-kapoto-spyna\\\/\",\"name\":\"BMW X6 F16 - F86 14-19 Kapoto spyna - Erformance.eu\",\"isPartOf\":{\"@id\":\"https:\\\/\\\/erformance.eu\\\/lv\\\/#website\"},\"primaryImageOfPage\":{\"@id\":\"https:\\\/\\\/erformance.eu\\\/lv\\\/produkts\\\/bmw-x6-f16-f86-14-19-kapoto-spyna\\\/#primaryimage\"},\"image\":{\"@id\":\"https:\\\/\\\/erformance.eu\\\/lv\\\/produkts\\\/bmw-x6-f16-f86-14-19-kapoto-spyna\\\/#primaryimage\"},\"thumbnailUrl\":\"https:\\\/\\\/erformance.eu\\\/wp-content\\\/uploads\\\/2026\\\/02\\\/pol_pm_BMW-X6-F16-F86-14-19-zamek-maski-pokrywy-silnika-25399_1.jpg\",\"datePublished\":\"2026-02-16T11:31:45+00:00\",\"dateModified\":\"2026-03-02T20:19:37+00:00\",\"breadcrumb\":{\"@id\":\"https:\\\/\\\/erformance.eu\\\/lv\\\/produkts\\\/bmw-x6-f16-f86-14-19-kapoto-spyna\\\/#breadcrumb\"},\"inLanguage\":\"lv-LV\",\"potentialAction\":[{\"@type\":\"ReadAction\",\"target\":[\"https:\\\/\\\/erformance.eu\\\/lv\\\/produkts\\\/bmw-x6-f16-f86-14-19-kapoto-spyna\\\/\"]}]},{\"@type\":\"ImageObject\",\"inLanguage\":\"lv-LV\",\"@id\":\"https:\\\/\\\/erformance.eu\\\/lv\\\/produkts\\\/bmw-x6-f16-f86-14-19-kapoto-spyna\\\/#primaryimage\",\"url\":\"https:\\\/\\\/erformance.eu\\\/wp-content\\\/uploads\\\/2026\\\/02\\\/pol_pm_BMW-X6-F16-F86-14-19-zamek-maski-pokrywy-silnika-25399_1.jpg\",\"contentUrl\":\"https:\\\/\\\/erformance.eu\\\/wp-content\\\/uploads\\\/2026\\\/02\\\/pol_pm_BMW-X6-F16-F86-14-19-zamek-maski-pokrywy-silnika-25399_1.jpg\",\"width\":1200,\"height\":1200},{\"@type\":\"BreadcrumbList\",\"@id\":\"https:\\\/\\\/erformance.eu\\\/lv\\\/produkts\\\/bmw-x6-f16-f86-14-19-kapoto-spyna\\\/#breadcrumb\",\"itemListElement\":[{\"@type\":\"ListItem\",\"position\":1,\"name\":\"Home\",\"item\":\"https:\\\/\\\/erformance.eu\\\/lv\\\/\"},{\"@type\":\"ListItem\",\"position\":2,\"name\":\"Veikals\",\"item\":\"https:\\\/\\\/erformance.eu\\\/lv\\\/veikals\\\/\"},{\"@type\":\"ListItem\",\"position\":3,\"name\":\"BMW X6 F16 &#8211; F86 14-19 Kapoto spyna\"}]},{\"@type\":\"WebSite\",\"@id\":\"https:\\\/\\\/erformance.eu\\\/lv\\\/#website\",\"url\":\"https:\\\/\\\/erformance.eu\\\/lv\\\/\",\"name\":\"Erformance.eu\",\"description\":\"Automobili\u0173 dali\u0173 parduotuv\u0117\",\"potentialAction\":[{\"@type\":\"SearchAction\",\"target\":{\"@type\":\"EntryPoint\",\"urlTemplate\":\"https:\\\/\\\/erformance.eu\\\/lv\\\/?s={search_term_string}\"},\"query-input\":{\"@type\":\"PropertyValueSpecification\",\"valueRequired\":true,\"valueName\":\"search_term_string\"}}],\"inLanguage\":\"lv-LV\"}]}<\/script>\n<!-- \/ Yoast SEO Premium plugin. -->","yoast_head_json":{"title":"BMW X6 F16 - F86 14-19 Kapoto spyna - Erformance.eu","robots":{"index":"index","follow":"follow","max-snippet":"max-snippet:-1","max-image-preview":"max-image-preview:large","max-video-preview":"max-video-preview:-1"},"canonical":"https:\/\/erformance.eu\/lv\/produkts\/bmw-x6-f16-f86-14-19-kapoto-spyna\/","og_locale":"lv_LV","og_type":"article","og_title":"BMW X6 F16 - F86 14-19 Kapoto spyna","og_description":"1. Prek\u0117: Variklio gaubto u\u017eraktas2. Gamintojas: pakeitimas3. Automobilis:* BMW X5 F15 \/ F85 13-18* BMW X6 F16 - F86 14-19MINI R55 07\u201314MINI R56 06\u201313* MINI R57 07-15* MINI R58 10-15* MINI R59 11-15MINI R60 10-16MINI R61 12-16","og_url":"https:\/\/erformance.eu\/lv\/produkts\/bmw-x6-f16-f86-14-19-kapoto-spyna\/","og_site_name":"Erformance.eu","article_modified_time":"2026-03-02T20:19:37+00:00","og_image":[{"width":1200,"height":1200,"url":"https:\/\/erformance.eu\/wp-content\/uploads\/2026\/02\/pol_pm_BMW-X6-F16-F86-14-19-zamek-maski-pokrywy-silnika-25399_1.jpg","type":"image\/jpeg"}],"twitter_card":"summary_large_image","twitter_misc":{"Est. reading time":"1 min\u016b\u0161u"},"schema":{"@context":"https:\/\/schema.org","@graph":[{"@type":"WebPage","@id":"https:\/\/erformance.eu\/lv\/produkts\/bmw-x6-f16-f86-14-19-kapoto-spyna\/","url":"https:\/\/erformance.eu\/lv\/produkts\/bmw-x6-f16-f86-14-19-kapoto-spyna\/","name":"BMW X6 F16 - F86 14-19 Kapoto spyna - Erformance.eu","isPartOf":{"@id":"https:\/\/erformance.eu\/lv\/#website"},"primaryImageOfPage":{"@id":"https:\/\/erformance.eu\/lv\/produkts\/bmw-x6-f16-f86-14-19-kapoto-spyna\/#primaryimage"},"image":{"@id":"https:\/\/erformance.eu\/lv\/produkts\/bmw-x6-f16-f86-14-19-kapoto-spyna\/#primaryimage"},"thumbnailUrl":"https:\/\/erformance.eu\/wp-content\/uploads\/2026\/02\/pol_pm_BMW-X6-F16-F86-14-19-zamek-maski-pokrywy-silnika-25399_1.jpg","datePublished":"2026-02-16T11:31:45+00:00","dateModified":"2026-03-02T20:19:37+00:00","breadcrumb":{"@id":"https:\/\/erformance.eu\/lv\/produkts\/bmw-x6-f16-f86-14-19-kapoto-spyna\/#breadcrumb"},"inLanguage":"lv-LV","potentialAction":[{"@type":"ReadAction","target":["https:\/\/erformance.eu\/lv\/produkts\/bmw-x6-f16-f86-14-19-kapoto-spyna\/"]}]},{"@type":"ImageObject","inLanguage":"lv-LV","@id":"https:\/\/erformance.eu\/lv\/produkts\/bmw-x6-f16-f86-14-19-kapoto-spyna\/#primaryimage","url":"https:\/\/erformance.eu\/wp-content\/uploads\/2026\/02\/pol_pm_BMW-X6-F16-F86-14-19-zamek-maski-pokrywy-silnika-25399_1.jpg","contentUrl":"https:\/\/erformance.eu\/wp-content\/uploads\/2026\/02\/pol_pm_BMW-X6-F16-F86-14-19-zamek-maski-pokrywy-silnika-25399_1.jpg","width":1200,"height":1200},{"@type":"BreadcrumbList","@id":"https:\/\/erformance.eu\/lv\/produkts\/bmw-x6-f16-f86-14-19-kapoto-spyna\/#breadcrumb","itemListElement":[{"@type":"ListItem","position":1,"name":"Home","item":"https:\/\/erformance.eu\/lv\/"},{"@type":"ListItem","position":2,"name":"Veikals","item":"https:\/\/erformance.eu\/lv\/veikals\/"},{"@type":"ListItem","position":3,"name":"BMW X6 F16 &#8211; F86 14-19 Kapoto spyna"}]},{"@type":"WebSite","@id":"https:\/\/erformance.eu\/lv\/#website","url":"https:\/\/erformance.eu\/lv\/","name":"Erformance.eu","description":"Automobili\u0173 dali\u0173 parduotuv\u0117","potentialAction":[{"@type":"SearchAction","target":{"@type":"EntryPoint","urlTemplate":"https:\/\/erformance.eu\/lv\/?s={search_term_string}"},"query-input":{"@type":"PropertyValueSpecification","valueRequired":true,"valueName":"search_term_string"}}],"inLanguage":"lv-LV"}]}},"jetpack_sharing_enabled":true,"_links":{"self":[{"href":"https:\/\/erformance.eu\/lv\/wp-json\/wp\/v2\/product\/57746","targetHints":{"allow":["GET"]}}],"collection":[{"href":"https:\/\/erformance.eu\/lv\/wp-json\/wp\/v2\/product"}],"about":[{"href":"https:\/\/erformance.eu\/lv\/wp-json\/wp\/v2\/types\/product"}],"replies":[{"embeddable":true,"href":"https:\/\/erformance.eu\/lv\/wp-json\/wp\/v2\/comments?post=57746"}],"version-history":[{"count":1,"href":"https:\/\/erformance.eu\/lv\/wp-json\/wp\/v2\/product\/57746\/revisions"}],"predecessor-version":[{"id":57747,"href":"https:\/\/erformance.eu\/lv\/wp-json\/wp\/v2\/product\/57746\/revisions\/57747"}],"wp:featuredmedia":[{"embeddable":true,"href":"https:\/\/erformance.eu\/lv\/wp-json\/wp\/v2\/media\/55775"}],"wp:attachment":[{"href":"https:\/\/erformance.eu\/lv\/wp-json\/wp\/v2\/media?parent=57746"}],"wp:term":[{"taxonomy":"product_brand","embeddable":true,"href":"https:\/\/erformance.eu\/lv\/wp-json\/wp\/v2\/product_brand?post=57746"},{"taxonomy":"product_cat","embeddable":true,"href":"https:\/\/erformance.eu\/lv\/wp-json\/wp\/v2\/product_cat?post=57746"},{"taxonomy":"product_tag","embeddable":true,"href":"https:\/\/erformance.eu\/lv\/wp-json\/wp\/v2\/product_tag?post=57746"}],"curies":[{"name":"wp","href":"https:\/\/api.w.org\/{rel}","templated":true}]}}