{"id":57782,"date":"2026-02-16T14:47:14","date_gmt":"2026-02-16T11:47:14","guid":{"rendered":"https:\/\/erformance.eu\/?post_type=product&#038;p=57782"},"modified":"2026-04-07T00:57:11","modified_gmt":"2026-04-06T21:57:11","slug":"audi-80-b4-91-96-priekiniu-duru-rankenele-juoda-chromas-desineje","status":"publish","type":"product","link":"https:\/\/erformance.eu\/lv\/produkts\/audi-80-b4-91-96-priekiniu-duru-rankenele-juoda-chromas-desineje\/","title":{"rendered":"Audi 80 B4 91-96 priekini\u0173 dur\u0173 ranken\u0117l\u0117 JUODA + CHROMAS de\u0161in\u0117je"},"content":{"rendered":"<p>Prek\u0117: priekini\u0173 vidini\u0173 dur\u0173 rankena<br \/>\nPus\u0117: De\u0161in\u0117 (keleivio pus\u0117)<br \/>\nOEM numeris: 893837020<br \/>\nPASTABA: auk\u0161\u010diau pateikti numeriai yra original\u016bs dali\u0173 numeriai, kuriuos \u0161is pasi\u016blymas pakei\u010dia. Prie\u0161 pirkdami, palyginkite juos su originaliu dalies numeriu. Jei jie skiriasi net vienu simboliu, dalis netiks, neveiks arba veiks netinkamai. Tokiu atveju jos nepirkite.<br \/>\nSpalva: juodas korpusas, blizgi chromuota rankena<br \/>\nAutomobilis:<br \/>\nAudi 80 (89, 89Q, 8A, B3), pagaminimo metai: 1986\u20131991<\/p>\n<p>Audi 80 (89, 89Q, 8A, B3) 1.4 (SE) 1400ccm 65KM\/48kW 1986\/08-1988\/07<br \/>\nAudi 80 (89, 89Q, 8A, B3) 1.6 (ABB) 1595ccm 102km\/75kW 1990\/08-1991\/10<br \/>\nAudi 80 (89, 89Q, 8A, B3) 1.6 (PP) 1595ccm 70KM\/51kW 1987\/08-1991\/09<br \/>\nAudi 80 (89, 89Q, 8A, B3) 1.6 (RN) 1595ccm 75KM\/55kW 1986\/09-1991\/08<br \/>\nAudi 80 (89, 89Q, 8A, B3) 1.6 D (JK) 1588 cm3 (54 km\/40 kW) 1987-02-1989<br \/>\nAudi 80 (89, 89Q, 8A, B3) 1.6 TD (RA SB) 1588ccm 80KM\/59kW 1986\/09-1991\/08<br \/>\nAudi 80 (89, 89Q, 8A, B3) 1.8 (RU) 1781ccm 75KM\/55kW 1986\/10-1990\/01<br \/>\nAudi 80 (89, 89Q, 8A, B3) 1.8 (SD) 1847ccm 113KM\/83kW 1986\/09-1988\/07<br \/>\nAudi 80 (89, 89Q, 8A, B3) 1.8 E (DZ) 1781ccm 112KM\/82kW 1986\/06-1991\/08<br \/>\nAudi 80 (89, 89Q, 8A, B3) 1.8 E quattro (DZ) 1781ccm 112KM\/82kW 1986\/09-1991\/08<br \/>\nAudi 80 (89, 89Q, 8A, B3) 1.8 S (JN JV NE PM) 1781ccm 90KM\/66kW 1986\/09-1991\/10<br \/>\nAudi 80 (89, 89Q, 8A, B3) 1.8 S (SF) 1781ccm 88KM\/65kW 1986\/08-1990\/01<br \/>\nAudi 80 (89, 89Q, 8A, B3) 1.8 S quattro (JN NE PM) 1781ccm 90KM\/66kW 1986\/09-1991\/09<br \/>\nAudi 80 (89, 89Q, 8A, B3) 1.8 S quattro (SF) 1781ccm 88KM\/65kW 1986\/09-1990\/07<br \/>\nAudi 80 (89, 89Q, 8A, B3) 1.8 quattro (SD) 1847ccm 113km\/83kW 1986\/09-1990\/08<br \/>\nAudi 80 (89, 89Q, 8A, B3) 1.9 D (1Y) 1896ccm 68KM\/50kW 1989\/08-1991\/08<br \/>\nAudi 80 (89, 89Q, 8A, B3) 2.0 (AAD) 1984ccm 112KM\/82kW 1990\/10-1991\/08<br \/>\nAudi 80 (89, 89Q, 8A, B3) 2.0 E (3A) 1984ccm 113KM\/83kW 1988\/08-1990\/10<br \/>\nAudi 80 (89, 89Q, 8A, B3) 2.0 E 16V (6A) 1984ccm 137KM\/101kW 1990\/03-1991\/09<br \/>\nAudi 80 (89, 89Q, 8A, B3) 2.0 E 16V quattro (6A) 1984ccm 137KM\/101kW 1990\/03-1991\/08<br \/>\nAudi 80 (89, 89Q, 8A, B3) 2.0 E quattro (3A) 1984ccm 113KM\/83kW 1988\/08-1990\/09<br \/>\nAudi 80 (89, 89Q, 8A, B3) 2.0 quattro (3A) 1984ccm 112KM\/82kW 1988\/08-1990\/07<br \/>\nAudi 80 (89, 89Q, 8A, B3) 2.0 quattro (AAD) 1984 cm\u00b3 (115 km\/85 kW) 1990\/10\u20131991\/08<\/p>\n<p>Audi 80 (8C2, B4), pagaminimo metai: 1991\u20131994<\/p>\n<p>Audi 80 (8C2, B4) 1.6 (ABM) 1595ccm 71KM\/52kW 1991\/09-1994\/12<br \/>\nAudi 80 (8C2, B4) 1.6 E (ADA) 1595ccm 101KM\/74kW 1993-06-1994-12<br \/>\nAudi 80 (8C2, B4) 1.9 TD (AAZ) 1896ccm 75KM\/55kW 1991\/09-1994\/12<br \/>\nAudi 80 (8C2, B4) 1.9 TDI (1Z) 1896ccm 90KM\/66kW 1991\/09-1994\/12<br \/>\nAudi 80 (8C2, B4) 2.0 (ABT) 1984ccm 90KM\/66kW 1991\/09-1994\/12<br \/>\nAudi 80 (8C2, B4) 2.0 E (ABK) 1984ccm 115KM\/85kW 1991-09-1994-12<br \/>\nAudi 80 (8C2, B4) 2.0 E 16V (6A) 1984ccm 137KM\/101kW 1991\/09-1992\/07<br \/>\nAudi 80 (8C2, B4) 2.0 E 16V (ACE) 1984ccm 140KM\/103kW 1992\/08-1994\/12<br \/>\nAudi 80 (8C2, B4) 2.0 E 16V quattro (ACE) 1984ccm 140KM\/103kW 1992\/04-1994\/12<br \/>\nAudi 80 (8C2, B4) 2.0 E quattro (ABK) 1984ccm 115KM\/85kW 1991\/09-1994\/12<br \/>\nAudi 80 (8C2, B4) 2.3 E (NG) 2309ccm 133KM\/98kW 1991\/09-1994\/12<br \/>\nAudi 80 (8C2, B4) 2.3 E quattro (NG) 2309ccm 133KM\/98kW 1991\/09-1994\/12<br \/>\nAudi 80 (8C2, B4) 2.6 (ABC) 2598ccm 150KM\/110kW 1992\/07-1994\/12<br \/>\nAudi 80 (8C2, B4) 2.6 quattro (ABC) 2598ccm 150KM\/110kW 1992\/06-1994\/12<br \/>\nAudi 80 (8C2, B4) 2.8 (AAH AFC) 2771ccm 174km\/128kW 1991\/09-1994\/12<br \/>\nAudi 80 (8C2, B4) 2.8 quattro (AAH AFC) 2771ccm 174km\/128kW 1991\/09-1994\/12<br \/>\nAudi 80 (8C2, B4) S2 quattro (ABY) 2226ccm 230KM\/169kW 1993\/02-1994\/12<\/p>\n<p>Audi 80 Avant (8C5, B4), gamybos metai: 1991-1996<\/p>\n<p>Audi 80 Avant (8C5, B4) 1.6 E (ADA) 1595ccm 101KM\/74kW 1993\/06-1996\/01<br \/>\nAudi 80 Avant (8C5, B4) 1.9 TD (AAZ) 1896ccm 75KM\/55kW 1991\/09-1994\/12<br \/>\nAudi 80 Avant (8C5, B4) 1.9 TDI (1Z) 1896ccm 90AG\/66kW 1992\/07-1996\/01<br \/>\nAudi 80 Avant (8C5, B4) 2.0 (ABT) 1984ccm 90KM\/66kW 1992\/07-1996\/01<br \/>\nAudi 80 Avant (8C5, B4) 2.0 E (ABK) 1984ccm 115KM\/85kW 1992-07-1996-01<br \/>\nAudi 80 Avant (8C5, B4) 2.0 E 16V (ACE) 1984ccm 140KM\/103kW 1993\/02-1996\/01<br \/>\nAudi 80 Avant (8C5, B4) 2.0 E 16V quattro (ACE) 1984ccm 140KM\/103kW 1992\/12-1995\/07<br \/>\nAudi 80 Avant (8C5, B4) 2.3 E (NG) 2309ccm 133KM\/98kW 1992\/07-1996\/01<br \/>\nAudi 80 Avant (8C5, B4) 2.3 E quattro (NG) 2309ccm 133KM\/98kW 1991\/09-1994\/11<br \/>\nAudi 80 Avant (8C5, B4) 2.6 (ABC) 2598ccm 150KM\/110kW 1992\/07-1996\/01<br \/>\nAudi 80 Avant (8C5, B4) 2.6 quattro (ABC) 2598ccm 150KM\/110kW 1992\/07-1995\/07<br \/>\nAudi 80 Avant (8C5, B4) 2.8 (AAH) 2771ccm 174KM\/128kW 1991\/09-1996\/01<br \/>\nAudi 80 Avant (8C5, B4) 2.8 quattro (AAH) 2771ccm 174KM\/128kW 1992\/08-1995\/07<br \/>\nAudi 80 Avant (8C5, B4) RS2 quattro (ADU) 2226ccm 315KM\/232kW 1994\/03-1995\/05<br \/>\nAudi 80 Avant (8C5, B4) S2 quattro (ABY) 2226ccm 230KM\/169kW 1993\/02-1995\/07<\/p>\n<p>Audi 100 (4A2, C4), rok produkcji: 1990-1994<\/p>\n<p>Audi 100 (4A2, C4) 2.0 (AAE) 1984ccm 100KM\/74kW 1990\/12-1994\/07<br \/>\nAudi 100 (4A2, C4) 2.0 E (AAD ABK) 1984ccm 115KM\/85kW 1990\/12-1994\/07<br \/>\nAudi 100 (4A2, C4) 2.0 E 16V (ACE) 1984ccm 140KM\/103kW 1992\/01-1994\/07<br \/>\nAudi 100 (4A2, C4) 2.0 E quattro (AAD) 1984ccm 115KM\/85kW 1990\/12-1992\/07<br \/>\nAudi 100 (4A2, C4) 2.3 E (AAR) 2309ccm 133KM\/98kW 1990\/12-1994\/07<br \/>\nAudi 100 (4A2, C4) 2.3 E quattro (AAR) 2309ccm 133KM\/98kW 1990\/12-1994\/07<br \/>\nAudi 100 (4A2, C4) 2.4 D (AAS) 2370ccm 82KM\/60kW 1990\/12-1994\/07<br \/>\nAudi 100 (4A2, C4) 2.5 TDI (AAT ABP) 2461ccm 115KM\/85kW 1990\/12-1994\/07<br \/>\nAudi 100 (4A2, C4) 2.6 (ABC) 2598ccm 150KM\/110kW 1992\/03-1994\/07<br \/>\nAudi 100 (4A2, C4) 2.6 quattro (ABC) 2598ccm 150KM\/110kW 1992\/04-1994\/07<br \/>\nAudi 100 (4A2, C4) 2.8 E (AAH) 2771ccm 174KM\/128kW 1990\/12-1994\/07<br \/>\nAudi 100 (4A2, C4) 2.8 E quattro (AAH) 2771ccm 174KM\/128kW 1990\/12-1994\/07<br \/>\nAudi 100 (4A2, C4) S4 Turbo quattro (AAN) 2226ccm 230KM\/169kW 1991\/08-1994\/07<br \/>\nAudi 100 (4A2, C4) S4 V8 quattro (ABH) 4172ccm 280KM\/206kW 1992\/10-1994\/07<\/p>\n<p>Audi 100 Avant (4A5, C4), rok produkcji: 1990-1994<\/p>\n<p>Audi 100 Avant (4A5, C4) 2.0 E (AAD ABK) 1984ccm 115KM\/85kW 1991\/09-1994\/07<br \/>\nAudi 100 Avant (4A5, C4) 2.0 E (AAE) 1984ccm 100KM\/74kW 1991\/09-1994\/07<br \/>\nAudi 100 Avant (4A5, C4) 2.0 E 16V (ACE) 1984ccm 140KM\/103kW 1992\/07-1994\/07<br \/>\nAudi 100 Avant (4A5, C4) 2.0 E quattro (AAD) 1984ccm 115KM\/85kW 1990\/12-1992\/07<br \/>\nAudi 100 Avant (4A5, C4) 2.3 E (AAR) 2309ccm 133KM\/98kW 1991\/09-1994\/07<br \/>\nAudi 100 Avant (4A5, C4) 2.3 E quattro (AAR) 2309ccm 133KM\/98kW 1991\/09-1994\/07<br \/>\nAudi 100 Avant (4A5, C4) 2.4 D (AAS) 2370ccm 82KM\/60kW 1990\/12-1994\/07<br \/>\nAudi 100 Avant (4A5, C4) 2.5 TDI (AAT ABP) 2461ccm 115KM\/85kW 1990\/12-1994\/07<br \/>\nAudi 100 Avant (4A5, C4) 2.6 (ABC) 2598ccm 150KM\/110kW 1992\/03-1994\/07<br \/>\nAudi 100 Avant (4A5, C4) 2.6 quattro (ABC) 2598ccm 150KM\/110kW 1992\/07-1994\/07<br \/>\nAudi 100 Avant (4A5, C4) 2.8 E (AAH) 2771ccm 174KM\/128kW 1991\/09-1994\/07<br \/>\nAudi 100 Avant (4A5, C4) 2.8 E quattro (AAH) 2771ccm 174KM\/128kW 1991\/09-1994\/07<br \/>\nAudi 100 Avant (4A5, C4) S4 Turbo quattro (AAN) 2226ccm 230KM\/169kW 1991\/09-1994\/07<br \/>\nAudi 100 Avant (4A5, C4) S4 V8 quattro (ABH) 4172ccm 280KM\/206kW 1992\/10-1994\/07<\/p>\n<p>Producent: zamiennik<br \/>\nTechnin\u0117 b\u016bkl\u0117: prek\u0117 yra visi\u0161kai nauja, nenaudota, nepa\u017eeista ir nesugadinta<\/p>\n","protected":false},"excerpt":{"rendered":"<p>1. Prek\u0117: Vidin\u0117 dur\u0173 rankena priekin\u0117ms durims2. Pus\u0117: de\u0161in\u01173. Gamintojas: pakeitimas4. Automobilis: * Audi 80 B3 86-91 * Audi 80 B4 91-96 * Audi 100 C4 90-94<\/p>\n","protected":false},"featured_media":57783,"comment_status":"open","ping_status":"closed","template":"","meta":[],"product_brand":[],"product_cat":[404,144,407,4616,3978],"product_tag":[],"class_list":{"0":"post-57782","1":"product","2":"type-product","3":"status-publish","4":"has-post-thumbnail","6":"product_cat-audi-80","7":"product_cat-audi","8":"product_cat-audi-80-b4","9":"product_cat-audi-80-b4-rankenos","10":"product_cat-audi-80-b4-salono-dalys","12":"first","13":"instock","14":"shipping-taxable","15":"purchasable","16":"product-type-simple"},"yoast_head":"<!-- This site is optimized with the Yoast SEO Premium plugin v25.2 (Yoast SEO v27.3) - https:\/\/yoast.com\/product\/yoast-seo-premium-wordpress\/ -->\n<title>Audi 80 B4 91-96 priekini\u0173 dur\u0173 ranken\u0117l\u0117 JUODA + CHROMAS de\u0161in\u0117je - Erformance.eu<\/title>\n<meta name=\"robots\" content=\"index, follow, max-snippet:-1, max-image-preview:large, max-video-preview:-1\" \/>\n<link rel=\"canonical\" href=\"https:\/\/erformance.eu\/lv\/produkts\/audi-80-b4-91-96-priekiniu-duru-rankenele-juoda-chromas-desineje\/\" \/>\n<meta property=\"og:locale\" content=\"lv_LV\" \/>\n<meta property=\"og:type\" content=\"article\" \/>\n<meta property=\"og:title\" content=\"Audi 80 B4 91-96 priekini\u0173 dur\u0173 ranken\u0117l\u0117 JUODA + CHROMAS de\u0161in\u0117je\" \/>\n<meta property=\"og:description\" content=\"1. Prek\u0117: Vidin\u0117 dur\u0173 rankena priekin\u0117ms durims2. Pus\u0117: de\u0161in\u01173. Gamintojas: pakeitimas4. Automobilis: * Audi 80 B3 86-91 * Audi 80 B4 91-96 * Audi 100 C4 90-94\" \/>\n<meta property=\"og:url\" content=\"https:\/\/erformance.eu\/lv\/produkts\/audi-80-b4-91-96-priekiniu-duru-rankenele-juoda-chromas-desineje\/\" \/>\n<meta property=\"og:site_name\" content=\"Erformance.eu\" \/>\n<meta property=\"article:modified_time\" content=\"2026-04-06T21:57:11+00:00\" \/>\n<meta property=\"og:image\" content=\"https:\/\/erformance.eu\/wp-content\/uploads\/2026\/02\/pol_pm_Audi-80-B4-91-96-klamka-wewnetrzna-przednia-CZARNA-CHROM-prawa-22799_1.jpg\" \/>\n\t<meta property=\"og:image:width\" content=\"1200\" \/>\n\t<meta property=\"og:image:height\" content=\"900\" \/>\n\t<meta property=\"og:image:type\" content=\"image\/jpeg\" \/>\n<meta name=\"twitter:card\" content=\"summary_large_image\" \/>\n<meta name=\"twitter:label1\" content=\"Est. reading time\" \/>\n\t<meta name=\"twitter:data1\" content=\"6 min\u016btes\" \/>\n<script type=\"application\/ld+json\" class=\"yoast-schema-graph\">{\"@context\":\"https:\\\/\\\/schema.org\",\"@graph\":[{\"@type\":\"WebPage\",\"@id\":\"https:\\\/\\\/erformance.eu\\\/lv\\\/produkts\\\/audi-80-b4-91-96-priekiniu-duru-rankenele-juoda-chromas-desineje\\\/\",\"url\":\"https:\\\/\\\/erformance.eu\\\/lv\\\/produkts\\\/audi-80-b4-91-96-priekiniu-duru-rankenele-juoda-chromas-desineje\\\/\",\"name\":\"Audi 80 B4 91-96 priekini\u0173 dur\u0173 ranken\u0117l\u0117 JUODA + CHROMAS de\u0161in\u0117je - Erformance.eu\",\"isPartOf\":{\"@id\":\"https:\\\/\\\/erformance.eu\\\/lv\\\/#website\"},\"primaryImageOfPage\":{\"@id\":\"https:\\\/\\\/erformance.eu\\\/lv\\\/produkts\\\/audi-80-b4-91-96-priekiniu-duru-rankenele-juoda-chromas-desineje\\\/#primaryimage\"},\"image\":{\"@id\":\"https:\\\/\\\/erformance.eu\\\/lv\\\/produkts\\\/audi-80-b4-91-96-priekiniu-duru-rankenele-juoda-chromas-desineje\\\/#primaryimage\"},\"thumbnailUrl\":\"https:\\\/\\\/erformance.eu\\\/wp-content\\\/uploads\\\/2026\\\/02\\\/pol_pm_Audi-80-B4-91-96-klamka-wewnetrzna-przednia-CZARNA-CHROM-prawa-22799_1.jpg\",\"datePublished\":\"2026-02-16T11:47:14+00:00\",\"dateModified\":\"2026-04-06T21:57:11+00:00\",\"breadcrumb\":{\"@id\":\"https:\\\/\\\/erformance.eu\\\/lv\\\/produkts\\\/audi-80-b4-91-96-priekiniu-duru-rankenele-juoda-chromas-desineje\\\/#breadcrumb\"},\"inLanguage\":\"lv-LV\",\"potentialAction\":[{\"@type\":\"ReadAction\",\"target\":[\"https:\\\/\\\/erformance.eu\\\/lv\\\/produkts\\\/audi-80-b4-91-96-priekiniu-duru-rankenele-juoda-chromas-desineje\\\/\"]}]},{\"@type\":\"ImageObject\",\"inLanguage\":\"lv-LV\",\"@id\":\"https:\\\/\\\/erformance.eu\\\/lv\\\/produkts\\\/audi-80-b4-91-96-priekiniu-duru-rankenele-juoda-chromas-desineje\\\/#primaryimage\",\"url\":\"https:\\\/\\\/erformance.eu\\\/wp-content\\\/uploads\\\/2026\\\/02\\\/pol_pm_Audi-80-B4-91-96-klamka-wewnetrzna-przednia-CZARNA-CHROM-prawa-22799_1.jpg\",\"contentUrl\":\"https:\\\/\\\/erformance.eu\\\/wp-content\\\/uploads\\\/2026\\\/02\\\/pol_pm_Audi-80-B4-91-96-klamka-wewnetrzna-przednia-CZARNA-CHROM-prawa-22799_1.jpg\",\"width\":1200,\"height\":900},{\"@type\":\"BreadcrumbList\",\"@id\":\"https:\\\/\\\/erformance.eu\\\/lv\\\/produkts\\\/audi-80-b4-91-96-priekiniu-duru-rankenele-juoda-chromas-desineje\\\/#breadcrumb\",\"itemListElement\":[{\"@type\":\"ListItem\",\"position\":1,\"name\":\"Home\",\"item\":\"https:\\\/\\\/erformance.eu\\\/lv\\\/\"},{\"@type\":\"ListItem\",\"position\":2,\"name\":\"Veikals\",\"item\":\"https:\\\/\\\/erformance.eu\\\/lv\\\/veikals\\\/\"},{\"@type\":\"ListItem\",\"position\":3,\"name\":\"Audi 80 B4 91-96 priekini\u0173 dur\u0173 ranken\u0117l\u0117 JUODA + CHROMAS de\u0161in\u0117je\"}]},{\"@type\":\"WebSite\",\"@id\":\"https:\\\/\\\/erformance.eu\\\/lv\\\/#website\",\"url\":\"https:\\\/\\\/erformance.eu\\\/lv\\\/\",\"name\":\"Erformance.eu\",\"description\":\"Automobili\u0173 dali\u0173 parduotuv\u0117\",\"potentialAction\":[{\"@type\":\"SearchAction\",\"target\":{\"@type\":\"EntryPoint\",\"urlTemplate\":\"https:\\\/\\\/erformance.eu\\\/lv\\\/?s={search_term_string}\"},\"query-input\":{\"@type\":\"PropertyValueSpecification\",\"valueRequired\":true,\"valueName\":\"search_term_string\"}}],\"inLanguage\":\"lv-LV\"}]}<\/script>\n<!-- \/ Yoast SEO Premium plugin. -->","yoast_head_json":{"title":"Audi 80 B4 91-96 priekini\u0173 dur\u0173 ranken\u0117l\u0117 JUODA + CHROMAS de\u0161in\u0117je - Erformance.eu","robots":{"index":"index","follow":"follow","max-snippet":"max-snippet:-1","max-image-preview":"max-image-preview:large","max-video-preview":"max-video-preview:-1"},"canonical":"https:\/\/erformance.eu\/lv\/produkts\/audi-80-b4-91-96-priekiniu-duru-rankenele-juoda-chromas-desineje\/","og_locale":"lv_LV","og_type":"article","og_title":"Audi 80 B4 91-96 priekini\u0173 dur\u0173 ranken\u0117l\u0117 JUODA + CHROMAS de\u0161in\u0117je","og_description":"1. Prek\u0117: Vidin\u0117 dur\u0173 rankena priekin\u0117ms durims2. Pus\u0117: de\u0161in\u01173. Gamintojas: pakeitimas4. Automobilis: * Audi 80 B3 86-91 * Audi 80 B4 91-96 * Audi 100 C4 90-94","og_url":"https:\/\/erformance.eu\/lv\/produkts\/audi-80-b4-91-96-priekiniu-duru-rankenele-juoda-chromas-desineje\/","og_site_name":"Erformance.eu","article_modified_time":"2026-04-06T21:57:11+00:00","og_image":[{"width":1200,"height":900,"url":"https:\/\/erformance.eu\/wp-content\/uploads\/2026\/02\/pol_pm_Audi-80-B4-91-96-klamka-wewnetrzna-przednia-CZARNA-CHROM-prawa-22799_1.jpg","type":"image\/jpeg"}],"twitter_card":"summary_large_image","twitter_misc":{"Est. reading time":"6 min\u016btes"},"schema":{"@context":"https:\/\/schema.org","@graph":[{"@type":"WebPage","@id":"https:\/\/erformance.eu\/lv\/produkts\/audi-80-b4-91-96-priekiniu-duru-rankenele-juoda-chromas-desineje\/","url":"https:\/\/erformance.eu\/lv\/produkts\/audi-80-b4-91-96-priekiniu-duru-rankenele-juoda-chromas-desineje\/","name":"Audi 80 B4 91-96 priekini\u0173 dur\u0173 ranken\u0117l\u0117 JUODA + CHROMAS de\u0161in\u0117je - Erformance.eu","isPartOf":{"@id":"https:\/\/erformance.eu\/lv\/#website"},"primaryImageOfPage":{"@id":"https:\/\/erformance.eu\/lv\/produkts\/audi-80-b4-91-96-priekiniu-duru-rankenele-juoda-chromas-desineje\/#primaryimage"},"image":{"@id":"https:\/\/erformance.eu\/lv\/produkts\/audi-80-b4-91-96-priekiniu-duru-rankenele-juoda-chromas-desineje\/#primaryimage"},"thumbnailUrl":"https:\/\/erformance.eu\/wp-content\/uploads\/2026\/02\/pol_pm_Audi-80-B4-91-96-klamka-wewnetrzna-przednia-CZARNA-CHROM-prawa-22799_1.jpg","datePublished":"2026-02-16T11:47:14+00:00","dateModified":"2026-04-06T21:57:11+00:00","breadcrumb":{"@id":"https:\/\/erformance.eu\/lv\/produkts\/audi-80-b4-91-96-priekiniu-duru-rankenele-juoda-chromas-desineje\/#breadcrumb"},"inLanguage":"lv-LV","potentialAction":[{"@type":"ReadAction","target":["https:\/\/erformance.eu\/lv\/produkts\/audi-80-b4-91-96-priekiniu-duru-rankenele-juoda-chromas-desineje\/"]}]},{"@type":"ImageObject","inLanguage":"lv-LV","@id":"https:\/\/erformance.eu\/lv\/produkts\/audi-80-b4-91-96-priekiniu-duru-rankenele-juoda-chromas-desineje\/#primaryimage","url":"https:\/\/erformance.eu\/wp-content\/uploads\/2026\/02\/pol_pm_Audi-80-B4-91-96-klamka-wewnetrzna-przednia-CZARNA-CHROM-prawa-22799_1.jpg","contentUrl":"https:\/\/erformance.eu\/wp-content\/uploads\/2026\/02\/pol_pm_Audi-80-B4-91-96-klamka-wewnetrzna-przednia-CZARNA-CHROM-prawa-22799_1.jpg","width":1200,"height":900},{"@type":"BreadcrumbList","@id":"https:\/\/erformance.eu\/lv\/produkts\/audi-80-b4-91-96-priekiniu-duru-rankenele-juoda-chromas-desineje\/#breadcrumb","itemListElement":[{"@type":"ListItem","position":1,"name":"Home","item":"https:\/\/erformance.eu\/lv\/"},{"@type":"ListItem","position":2,"name":"Veikals","item":"https:\/\/erformance.eu\/lv\/veikals\/"},{"@type":"ListItem","position":3,"name":"Audi 80 B4 91-96 priekini\u0173 dur\u0173 ranken\u0117l\u0117 JUODA + CHROMAS de\u0161in\u0117je"}]},{"@type":"WebSite","@id":"https:\/\/erformance.eu\/lv\/#website","url":"https:\/\/erformance.eu\/lv\/","name":"Erformance.eu","description":"Automobili\u0173 dali\u0173 parduotuv\u0117","potentialAction":[{"@type":"SearchAction","target":{"@type":"EntryPoint","urlTemplate":"https:\/\/erformance.eu\/lv\/?s={search_term_string}"},"query-input":{"@type":"PropertyValueSpecification","valueRequired":true,"valueName":"search_term_string"}}],"inLanguage":"lv-LV"}]}},"jetpack_sharing_enabled":true,"_links":{"self":[{"href":"https:\/\/erformance.eu\/lv\/wp-json\/wp\/v2\/product\/57782","targetHints":{"allow":["GET"]}}],"collection":[{"href":"https:\/\/erformance.eu\/lv\/wp-json\/wp\/v2\/product"}],"about":[{"href":"https:\/\/erformance.eu\/lv\/wp-json\/wp\/v2\/types\/product"}],"replies":[{"embeddable":true,"href":"https:\/\/erformance.eu\/lv\/wp-json\/wp\/v2\/comments?post=57782"}],"version-history":[{"count":1,"href":"https:\/\/erformance.eu\/lv\/wp-json\/wp\/v2\/product\/57782\/revisions"}],"predecessor-version":[{"id":57785,"href":"https:\/\/erformance.eu\/lv\/wp-json\/wp\/v2\/product\/57782\/revisions\/57785"}],"wp:featuredmedia":[{"embeddable":true,"href":"https:\/\/erformance.eu\/lv\/wp-json\/wp\/v2\/media\/57783"}],"wp:attachment":[{"href":"https:\/\/erformance.eu\/lv\/wp-json\/wp\/v2\/media?parent=57782"}],"wp:term":[{"taxonomy":"product_brand","embeddable":true,"href":"https:\/\/erformance.eu\/lv\/wp-json\/wp\/v2\/product_brand?post=57782"},{"taxonomy":"product_cat","embeddable":true,"href":"https:\/\/erformance.eu\/lv\/wp-json\/wp\/v2\/product_cat?post=57782"},{"taxonomy":"product_tag","embeddable":true,"href":"https:\/\/erformance.eu\/lv\/wp-json\/wp\/v2\/product_tag?post=57782"}],"curies":[{"name":"wp","href":"https:\/\/api.w.org\/{rel}","templated":true}]}}