{"id":57820,"date":"2026-02-16T14:47:27","date_gmt":"2026-02-16T11:47:27","guid":{"rendered":"https:\/\/erformance.eu\/?post_type=product&#038;p=57820"},"modified":"2026-03-10T02:32:01","modified_gmt":"2026-03-09T23:32:01","slug":"audi-a3-8l-1999-uzdegimo-blokelis-vairo-koloneles-spynele","status":"publish","type":"product","link":"https:\/\/erformance.eu\/lv\/produkts\/audi-a3-8l-1999-uzdegimo-blokelis-vairo-koloneles-spynele\/","title":{"rendered":"Audi A3 8L 1999- u\u017edegimo blokelis \/ vairo kolon\u0117l\u0117s spynel\u0117"},"content":{"rendered":"<p>Prek\u0117: U\u017edegimo jungiklio korpusas \/ vairo kolon\u0117l\u0117s u\u017eraktas<br \/>\nOE numeris: 4B0905851C<br \/>\nPASTABA: auk\u0161\u010diau pateikti numeriai yra original\u016bs dali\u0173 numeriai, kuriuos \u0161is pasi\u016blymas pakei\u010dia. Prie\u0161 pirkdami, palyginkite juos su originaliu dalies numeriu. Jei jie skiriasi net vienu simboliu, dalis netiks, neveiks arba veiks netinkamai. Tokiu atveju jos nepirkite.<br \/>\nAutomobilis:<\/p>\n<p>VW Golf IV, gamybos metai: 1998\u20132004<br \/>\nVW Bora, gamybos metai: 1998\u20132004<br \/>\nVW Polo 9N, pagaminimo metai: 2001\u20132009<br \/>\n\u201eSkoda Fabia I\u201c, pagaminimo metai: 1999\u20132008<br \/>\n\u201eSkoda Octavia I\u201c, modeliai, pagaminti nuo 1997 m.<br \/>\n\u201eSeat Leon I\u201c, gamybos metai: 1999\u20132003<br \/>\n\u201eSeat Toledo II\u201c, gamybos metai: 1999\u20132003<br \/>\n\u201eAudi A3 8L\u201c, modeliai, pagaminti nuo 1999 m.<\/p>\n<p>Gamintojas: pakaitalas<br \/>\nTechnin\u0117 b\u016bkl\u0117: prek\u0117 yra visi\u0161kai nauja, nenaudota, nepa\u017eeista ir nesugadinta<\/p>\n","protected":false},"excerpt":{"rendered":"<p>1. Prek\u0117: U\u017edegimo jungiklio korpusas \/ vairo kolon\u0117l\u0117s u\u017eraktas2. Gamintojas: pakeitimas3. Automobilis:*VW Golf IV 98-04*VW Bora 98-04*VW Polo 9N 01\u201309*Skoda Fabia I 99-08*\u0160koda Octavia I 1997-*Seat Leon I 99-03*Seat Toledo II 99-03*Audi A3 8L 1999-<\/p>\n","protected":false},"featured_media":57821,"comment_status":"open","ping_status":"closed","template":"","meta":[],"product_brand":[],"product_cat":[3905,186,144,4739,3984],"product_tag":[],"class_list":{"0":"post-57820","1":"product","2":"type-product","3":"status-publish","4":"has-post-thumbnail","6":"product_cat-audi-a3-8l","7":"product_cat-a3","8":"product_cat-audi","9":"product_cat-audi-a3-8l-raktai-korpusai","10":"product_cat-audi-a3-8l-salono-dalys","12":"first","13":"instock","14":"shipping-taxable","15":"purchasable","16":"product-type-simple"},"yoast_head":"<!-- This site is optimized with the Yoast SEO Premium plugin v25.2 (Yoast SEO v27.4) - https:\/\/yoast.com\/product\/yoast-seo-premium-wordpress\/ -->\n<title>Audi A3 8L 1999- u\u017edegimo blokelis \/ vairo kolon\u0117l\u0117s spynel\u0117 - Erformance.eu<\/title>\n<meta name=\"robots\" content=\"index, follow, max-snippet:-1, max-image-preview:large, max-video-preview:-1\" \/>\n<link rel=\"canonical\" href=\"https:\/\/erformance.eu\/lv\/produkts\/audi-a3-8l-1999-uzdegimo-blokelis-vairo-koloneles-spynele\/\" \/>\n<meta property=\"og:locale\" content=\"lv_LV\" \/>\n<meta property=\"og:type\" content=\"article\" \/>\n<meta property=\"og:title\" content=\"Audi A3 8L 1999- u\u017edegimo blokelis \/ vairo kolon\u0117l\u0117s spynel\u0117\" \/>\n<meta property=\"og:description\" content=\"1. Prek\u0117: U\u017edegimo jungiklio korpusas \/ vairo kolon\u0117l\u0117s u\u017eraktas2. Gamintojas: pakeitimas3. Automobilis:*VW Golf IV 98-04*VW Bora 98-04*VW Polo 9N 01\u201309*Skoda Fabia I 99-08*\u0160koda Octavia I 1997-*Seat Leon I 99-03*Seat Toledo II 99-03*Audi A3 8L 1999-\" \/>\n<meta property=\"og:url\" content=\"https:\/\/erformance.eu\/lv\/produkts\/audi-a3-8l-1999-uzdegimo-blokelis-vairo-koloneles-spynele\/\" \/>\n<meta property=\"og:site_name\" content=\"Erformance.eu\" \/>\n<meta property=\"article:modified_time\" content=\"2026-03-09T23:32:01+00:00\" \/>\n<meta property=\"og:image\" content=\"https:\/\/erformance.eu\/wp-content\/uploads\/2026\/02\/pol_pm_Audi-A3-8L-1999-obudowa-stacyjki-blokada-kolumny-kierowniczej-19862_1.jpg\" \/>\n\t<meta property=\"og:image:width\" content=\"1200\" \/>\n\t<meta property=\"og:image:height\" content=\"900\" \/>\n\t<meta property=\"og:image:type\" content=\"image\/jpeg\" \/>\n<meta name=\"twitter:card\" content=\"summary_large_image\" \/>\n<meta name=\"twitter:label1\" content=\"Est. reading time\" \/>\n\t<meta name=\"twitter:data1\" content=\"1 min\u016b\u0161u\" \/>\n<script type=\"application\/ld+json\" class=\"yoast-schema-graph\">{\"@context\":\"https:\\\/\\\/schema.org\",\"@graph\":[{\"@type\":\"WebPage\",\"@id\":\"https:\\\/\\\/erformance.eu\\\/lv\\\/produkts\\\/audi-a3-8l-1999-uzdegimo-blokelis-vairo-koloneles-spynele\\\/\",\"url\":\"https:\\\/\\\/erformance.eu\\\/lv\\\/produkts\\\/audi-a3-8l-1999-uzdegimo-blokelis-vairo-koloneles-spynele\\\/\",\"name\":\"Audi A3 8L 1999- u\u017edegimo blokelis \\\/ vairo kolon\u0117l\u0117s spynel\u0117 - Erformance.eu\",\"isPartOf\":{\"@id\":\"https:\\\/\\\/erformance.eu\\\/lv\\\/#website\"},\"primaryImageOfPage\":{\"@id\":\"https:\\\/\\\/erformance.eu\\\/lv\\\/produkts\\\/audi-a3-8l-1999-uzdegimo-blokelis-vairo-koloneles-spynele\\\/#primaryimage\"},\"image\":{\"@id\":\"https:\\\/\\\/erformance.eu\\\/lv\\\/produkts\\\/audi-a3-8l-1999-uzdegimo-blokelis-vairo-koloneles-spynele\\\/#primaryimage\"},\"thumbnailUrl\":\"https:\\\/\\\/erformance.eu\\\/wp-content\\\/uploads\\\/2026\\\/02\\\/pol_pm_Audi-A3-8L-1999-obudowa-stacyjki-blokada-kolumny-kierowniczej-19862_1.jpg\",\"datePublished\":\"2026-02-16T11:47:27+00:00\",\"dateModified\":\"2026-03-09T23:32:01+00:00\",\"breadcrumb\":{\"@id\":\"https:\\\/\\\/erformance.eu\\\/lv\\\/produkts\\\/audi-a3-8l-1999-uzdegimo-blokelis-vairo-koloneles-spynele\\\/#breadcrumb\"},\"inLanguage\":\"lv-LV\",\"potentialAction\":[{\"@type\":\"ReadAction\",\"target\":[\"https:\\\/\\\/erformance.eu\\\/lv\\\/produkts\\\/audi-a3-8l-1999-uzdegimo-blokelis-vairo-koloneles-spynele\\\/\"]}]},{\"@type\":\"ImageObject\",\"inLanguage\":\"lv-LV\",\"@id\":\"https:\\\/\\\/erformance.eu\\\/lv\\\/produkts\\\/audi-a3-8l-1999-uzdegimo-blokelis-vairo-koloneles-spynele\\\/#primaryimage\",\"url\":\"https:\\\/\\\/erformance.eu\\\/wp-content\\\/uploads\\\/2026\\\/02\\\/pol_pm_Audi-A3-8L-1999-obudowa-stacyjki-blokada-kolumny-kierowniczej-19862_1.jpg\",\"contentUrl\":\"https:\\\/\\\/erformance.eu\\\/wp-content\\\/uploads\\\/2026\\\/02\\\/pol_pm_Audi-A3-8L-1999-obudowa-stacyjki-blokada-kolumny-kierowniczej-19862_1.jpg\",\"width\":1200,\"height\":900},{\"@type\":\"BreadcrumbList\",\"@id\":\"https:\\\/\\\/erformance.eu\\\/lv\\\/produkts\\\/audi-a3-8l-1999-uzdegimo-blokelis-vairo-koloneles-spynele\\\/#breadcrumb\",\"itemListElement\":[{\"@type\":\"ListItem\",\"position\":1,\"name\":\"Home\",\"item\":\"https:\\\/\\\/erformance.eu\\\/lv\\\/\"},{\"@type\":\"ListItem\",\"position\":2,\"name\":\"Veikals\",\"item\":\"https:\\\/\\\/erformance.eu\\\/lv\\\/veikals\\\/\"},{\"@type\":\"ListItem\",\"position\":3,\"name\":\"Audi A3 8L 1999- u\u017edegimo blokelis \\\/ vairo kolon\u0117l\u0117s spynel\u0117\"}]},{\"@type\":\"WebSite\",\"@id\":\"https:\\\/\\\/erformance.eu\\\/lv\\\/#website\",\"url\":\"https:\\\/\\\/erformance.eu\\\/lv\\\/\",\"name\":\"Erformance.eu\",\"description\":\"Automobili\u0173 dali\u0173 parduotuv\u0117\",\"potentialAction\":[{\"@type\":\"SearchAction\",\"target\":{\"@type\":\"EntryPoint\",\"urlTemplate\":\"https:\\\/\\\/erformance.eu\\\/lv\\\/?s={search_term_string}\"},\"query-input\":{\"@type\":\"PropertyValueSpecification\",\"valueRequired\":true,\"valueName\":\"search_term_string\"}}],\"inLanguage\":\"lv-LV\"}]}<\/script>\n<!-- \/ Yoast SEO Premium plugin. -->","yoast_head_json":{"title":"Audi A3 8L 1999- u\u017edegimo blokelis \/ vairo kolon\u0117l\u0117s spynel\u0117 - Erformance.eu","robots":{"index":"index","follow":"follow","max-snippet":"max-snippet:-1","max-image-preview":"max-image-preview:large","max-video-preview":"max-video-preview:-1"},"canonical":"https:\/\/erformance.eu\/lv\/produkts\/audi-a3-8l-1999-uzdegimo-blokelis-vairo-koloneles-spynele\/","og_locale":"lv_LV","og_type":"article","og_title":"Audi A3 8L 1999- u\u017edegimo blokelis \/ vairo kolon\u0117l\u0117s spynel\u0117","og_description":"1. Prek\u0117: U\u017edegimo jungiklio korpusas \/ vairo kolon\u0117l\u0117s u\u017eraktas2. Gamintojas: pakeitimas3. Automobilis:*VW Golf IV 98-04*VW Bora 98-04*VW Polo 9N 01\u201309*Skoda Fabia I 99-08*\u0160koda Octavia I 1997-*Seat Leon I 99-03*Seat Toledo II 99-03*Audi A3 8L 1999-","og_url":"https:\/\/erformance.eu\/lv\/produkts\/audi-a3-8l-1999-uzdegimo-blokelis-vairo-koloneles-spynele\/","og_site_name":"Erformance.eu","article_modified_time":"2026-03-09T23:32:01+00:00","og_image":[{"width":1200,"height":900,"url":"https:\/\/erformance.eu\/wp-content\/uploads\/2026\/02\/pol_pm_Audi-A3-8L-1999-obudowa-stacyjki-blokada-kolumny-kierowniczej-19862_1.jpg","type":"image\/jpeg"}],"twitter_card":"summary_large_image","twitter_misc":{"Est. reading time":"1 min\u016b\u0161u"},"schema":{"@context":"https:\/\/schema.org","@graph":[{"@type":"WebPage","@id":"https:\/\/erformance.eu\/lv\/produkts\/audi-a3-8l-1999-uzdegimo-blokelis-vairo-koloneles-spynele\/","url":"https:\/\/erformance.eu\/lv\/produkts\/audi-a3-8l-1999-uzdegimo-blokelis-vairo-koloneles-spynele\/","name":"Audi A3 8L 1999- u\u017edegimo blokelis \/ vairo kolon\u0117l\u0117s spynel\u0117 - Erformance.eu","isPartOf":{"@id":"https:\/\/erformance.eu\/lv\/#website"},"primaryImageOfPage":{"@id":"https:\/\/erformance.eu\/lv\/produkts\/audi-a3-8l-1999-uzdegimo-blokelis-vairo-koloneles-spynele\/#primaryimage"},"image":{"@id":"https:\/\/erformance.eu\/lv\/produkts\/audi-a3-8l-1999-uzdegimo-blokelis-vairo-koloneles-spynele\/#primaryimage"},"thumbnailUrl":"https:\/\/erformance.eu\/wp-content\/uploads\/2026\/02\/pol_pm_Audi-A3-8L-1999-obudowa-stacyjki-blokada-kolumny-kierowniczej-19862_1.jpg","datePublished":"2026-02-16T11:47:27+00:00","dateModified":"2026-03-09T23:32:01+00:00","breadcrumb":{"@id":"https:\/\/erformance.eu\/lv\/produkts\/audi-a3-8l-1999-uzdegimo-blokelis-vairo-koloneles-spynele\/#breadcrumb"},"inLanguage":"lv-LV","potentialAction":[{"@type":"ReadAction","target":["https:\/\/erformance.eu\/lv\/produkts\/audi-a3-8l-1999-uzdegimo-blokelis-vairo-koloneles-spynele\/"]}]},{"@type":"ImageObject","inLanguage":"lv-LV","@id":"https:\/\/erformance.eu\/lv\/produkts\/audi-a3-8l-1999-uzdegimo-blokelis-vairo-koloneles-spynele\/#primaryimage","url":"https:\/\/erformance.eu\/wp-content\/uploads\/2026\/02\/pol_pm_Audi-A3-8L-1999-obudowa-stacyjki-blokada-kolumny-kierowniczej-19862_1.jpg","contentUrl":"https:\/\/erformance.eu\/wp-content\/uploads\/2026\/02\/pol_pm_Audi-A3-8L-1999-obudowa-stacyjki-blokada-kolumny-kierowniczej-19862_1.jpg","width":1200,"height":900},{"@type":"BreadcrumbList","@id":"https:\/\/erformance.eu\/lv\/produkts\/audi-a3-8l-1999-uzdegimo-blokelis-vairo-koloneles-spynele\/#breadcrumb","itemListElement":[{"@type":"ListItem","position":1,"name":"Home","item":"https:\/\/erformance.eu\/lv\/"},{"@type":"ListItem","position":2,"name":"Veikals","item":"https:\/\/erformance.eu\/lv\/veikals\/"},{"@type":"ListItem","position":3,"name":"Audi A3 8L 1999- u\u017edegimo blokelis \/ vairo kolon\u0117l\u0117s spynel\u0117"}]},{"@type":"WebSite","@id":"https:\/\/erformance.eu\/lv\/#website","url":"https:\/\/erformance.eu\/lv\/","name":"Erformance.eu","description":"Automobili\u0173 dali\u0173 parduotuv\u0117","potentialAction":[{"@type":"SearchAction","target":{"@type":"EntryPoint","urlTemplate":"https:\/\/erformance.eu\/lv\/?s={search_term_string}"},"query-input":{"@type":"PropertyValueSpecification","valueRequired":true,"valueName":"search_term_string"}}],"inLanguage":"lv-LV"}]}},"jetpack_sharing_enabled":true,"_links":{"self":[{"href":"https:\/\/erformance.eu\/lv\/wp-json\/wp\/v2\/product\/57820","targetHints":{"allow":["GET"]}}],"collection":[{"href":"https:\/\/erformance.eu\/lv\/wp-json\/wp\/v2\/product"}],"about":[{"href":"https:\/\/erformance.eu\/lv\/wp-json\/wp\/v2\/types\/product"}],"replies":[{"embeddable":true,"href":"https:\/\/erformance.eu\/lv\/wp-json\/wp\/v2\/comments?post=57820"}],"version-history":[{"count":1,"href":"https:\/\/erformance.eu\/lv\/wp-json\/wp\/v2\/product\/57820\/revisions"}],"predecessor-version":[{"id":57823,"href":"https:\/\/erformance.eu\/lv\/wp-json\/wp\/v2\/product\/57820\/revisions\/57823"}],"wp:featuredmedia":[{"embeddable":true,"href":"https:\/\/erformance.eu\/lv\/wp-json\/wp\/v2\/media\/57821"}],"wp:attachment":[{"href":"https:\/\/erformance.eu\/lv\/wp-json\/wp\/v2\/media?parent=57820"}],"wp:term":[{"taxonomy":"product_brand","embeddable":true,"href":"https:\/\/erformance.eu\/lv\/wp-json\/wp\/v2\/product_brand?post=57820"},{"taxonomy":"product_cat","embeddable":true,"href":"https:\/\/erformance.eu\/lv\/wp-json\/wp\/v2\/product_cat?post=57820"},{"taxonomy":"product_tag","embeddable":true,"href":"https:\/\/erformance.eu\/lv\/wp-json\/wp\/v2\/product_tag?post=57820"}],"curies":[{"name":"wp","href":"https:\/\/api.w.org\/{rel}","templated":true}]}}