{"id":57907,"date":"2026-02-16T14:48:03","date_gmt":"2026-02-16T11:48:03","guid":{"rendered":"https:\/\/erformance.eu\/?post_type=product&#038;p=57907"},"modified":"2026-03-12T18:46:51","modified_gmt":"2026-03-12T15:46:51","slug":"audi-a4-b7-04-08-kairysis-halogeninis","status":"publish","type":"product","link":"https:\/\/erformance.eu\/lv\/produkts\/audi-a4-b7-04-08-kairysis-halogeninis\/","title":{"rendered":"Audi A4 B7 04-08 kairysis halogeninis"},"content":{"rendered":"<p>Tema: halogenas<br \/>\nPus\u0117: Kair\u0117 (vairuotojo pus\u0117)<br \/>\nOriginalus numeris:<\/p>\n<p>8E0941699C<br \/>\n8E0941699E<\/p>\n<p>Pakeitimo katalogo numeriai:<\/p>\n<p>00280281<br \/>\n00280281A1<br \/>\n0326995<br \/>\n0326995V<br \/>\n088895<br \/>\n1017289<br \/>\n1031289<br \/>\n131129<br \/>\n19-0434-01-9<br \/>\n190434019<br \/>\n1N0010380011<br \/>\n50262111<br \/>\n50262161<br \/>\nAD0224414<\/p>\n<p>PASTABA: auk\u0161\u010diau pateikti numeriai yra original\u016bs dali\u0173 numeriai, kuriuos \u0161is pasi\u016blymas pakei\u010dia. Prie\u0161 pirkdami, palyginkite juos su originaliu dalies numeriu. Jei jie skiriasi net vienu simboliu, dalis netiks, neveiks arba veiks netinkamai. Tokiu atveju jos nepirkite.<br \/>\nAutomobilis:<\/p>\n<p>Audi A3 (8P1), pagaminimo metai: 2003\u20132012<br \/>\nAudi A3 Sportback (8PA), pagaminimo metai: 2004\u20132013<br \/>\nAudi A4 B7 (8EC), gamybos metai: 2004-2008<br \/>\nAudi A4 B7 Avant (8ED), gamybos metai: 2004-2008<\/p>\n<p>Lemput\u0117: H11 (pridedama)<br \/>\nHomologacija: turi<br \/>\nGamintojas: pakaitalas<br \/>\nTechnin\u0117 b\u016bkl\u0117: prek\u0117 yra visi\u0161kai nauja, nenaudota, nepa\u017eeista ir nesugadinta<\/p>\n","protected":false},"excerpt":{"rendered":"<p>1. Prek\u0117: halogenas2. Pus\u0117: kair\u01173. Gamintojas: pakeitimas4. Automobilis:* Audi A3 8P 03-13* Audi A4 B7 04-08<\/p>\n","protected":false},"featured_media":57908,"comment_status":"open","ping_status":"closed","template":"","meta":[],"product_brand":[],"product_cat":[390,144,3910,3950,4272],"product_tag":[],"class_list":{"0":"post-57907","1":"product","2":"type-product","3":"status-publish","4":"has-post-thumbnail","6":"product_cat-audi-a4","7":"product_cat-audi","8":"product_cat-audi-a4-b7","9":"product_cat-audi-a4-b7-isores-dalys","10":"product_cat-audi-a4-b7-zibintai-apsvietimas","12":"first","13":"instock","14":"shipping-taxable","15":"purchasable","16":"product-type-simple"},"yoast_head":"<!-- This site is optimized with the Yoast SEO Premium plugin v25.2 (Yoast SEO v27.4) - https:\/\/yoast.com\/product\/yoast-seo-premium-wordpress\/ -->\n<title>Audi A4 B7 04-08 kairysis halogeninis - Erformance.eu<\/title>\n<meta name=\"robots\" content=\"index, follow, max-snippet:-1, max-image-preview:large, max-video-preview:-1\" \/>\n<link rel=\"canonical\" href=\"https:\/\/erformance.eu\/lv\/produkts\/audi-a4-b7-04-08-kairysis-halogeninis\/\" \/>\n<meta property=\"og:locale\" content=\"lv_LV\" \/>\n<meta property=\"og:type\" content=\"article\" \/>\n<meta property=\"og:title\" content=\"Audi A4 B7 04-08 kairysis halogeninis\" \/>\n<meta property=\"og:description\" content=\"1. Prek\u0117: halogenas2. Pus\u0117: kair\u01173. Gamintojas: pakeitimas4. Automobilis:* Audi A3 8P 03-13* Audi A4 B7 04-08\" \/>\n<meta property=\"og:url\" content=\"https:\/\/erformance.eu\/lv\/produkts\/audi-a4-b7-04-08-kairysis-halogeninis\/\" \/>\n<meta property=\"og:site_name\" content=\"Erformance.eu\" \/>\n<meta property=\"article:modified_time\" content=\"2026-03-12T15:46:51+00:00\" \/>\n<meta property=\"og:image\" content=\"https:\/\/erformance.eu\/wp-content\/uploads\/2026\/02\/pol_pm_Audi-A4-B7-04-08-halogen-lewy-31658_1.jpg\" \/>\n\t<meta property=\"og:image:width\" content=\"1200\" \/>\n\t<meta property=\"og:image:height\" content=\"1200\" \/>\n\t<meta property=\"og:image:type\" content=\"image\/jpeg\" \/>\n<meta name=\"twitter:card\" content=\"summary_large_image\" \/>\n<meta name=\"twitter:label1\" content=\"Est. reading time\" \/>\n\t<meta name=\"twitter:data1\" content=\"1 min\u016b\u0161u\" \/>\n<script type=\"application\/ld+json\" class=\"yoast-schema-graph\">{\"@context\":\"https:\\\/\\\/schema.org\",\"@graph\":[{\"@type\":\"WebPage\",\"@id\":\"https:\\\/\\\/erformance.eu\\\/lv\\\/produkts\\\/audi-a4-b7-04-08-kairysis-halogeninis\\\/\",\"url\":\"https:\\\/\\\/erformance.eu\\\/lv\\\/produkts\\\/audi-a4-b7-04-08-kairysis-halogeninis\\\/\",\"name\":\"Audi A4 B7 04-08 kairysis halogeninis - Erformance.eu\",\"isPartOf\":{\"@id\":\"https:\\\/\\\/erformance.eu\\\/lv\\\/#website\"},\"primaryImageOfPage\":{\"@id\":\"https:\\\/\\\/erformance.eu\\\/lv\\\/produkts\\\/audi-a4-b7-04-08-kairysis-halogeninis\\\/#primaryimage\"},\"image\":{\"@id\":\"https:\\\/\\\/erformance.eu\\\/lv\\\/produkts\\\/audi-a4-b7-04-08-kairysis-halogeninis\\\/#primaryimage\"},\"thumbnailUrl\":\"https:\\\/\\\/erformance.eu\\\/wp-content\\\/uploads\\\/2026\\\/02\\\/pol_pm_Audi-A4-B7-04-08-halogen-lewy-31658_1.jpg\",\"datePublished\":\"2026-02-16T11:48:03+00:00\",\"dateModified\":\"2026-03-12T15:46:51+00:00\",\"breadcrumb\":{\"@id\":\"https:\\\/\\\/erformance.eu\\\/lv\\\/produkts\\\/audi-a4-b7-04-08-kairysis-halogeninis\\\/#breadcrumb\"},\"inLanguage\":\"lv-LV\",\"potentialAction\":[{\"@type\":\"ReadAction\",\"target\":[\"https:\\\/\\\/erformance.eu\\\/lv\\\/produkts\\\/audi-a4-b7-04-08-kairysis-halogeninis\\\/\"]}]},{\"@type\":\"ImageObject\",\"inLanguage\":\"lv-LV\",\"@id\":\"https:\\\/\\\/erformance.eu\\\/lv\\\/produkts\\\/audi-a4-b7-04-08-kairysis-halogeninis\\\/#primaryimage\",\"url\":\"https:\\\/\\\/erformance.eu\\\/wp-content\\\/uploads\\\/2026\\\/02\\\/pol_pm_Audi-A4-B7-04-08-halogen-lewy-31658_1.jpg\",\"contentUrl\":\"https:\\\/\\\/erformance.eu\\\/wp-content\\\/uploads\\\/2026\\\/02\\\/pol_pm_Audi-A4-B7-04-08-halogen-lewy-31658_1.jpg\",\"width\":1200,\"height\":1200},{\"@type\":\"BreadcrumbList\",\"@id\":\"https:\\\/\\\/erformance.eu\\\/lv\\\/produkts\\\/audi-a4-b7-04-08-kairysis-halogeninis\\\/#breadcrumb\",\"itemListElement\":[{\"@type\":\"ListItem\",\"position\":1,\"name\":\"Home\",\"item\":\"https:\\\/\\\/erformance.eu\\\/lv\\\/\"},{\"@type\":\"ListItem\",\"position\":2,\"name\":\"Veikals\",\"item\":\"https:\\\/\\\/erformance.eu\\\/lv\\\/veikals\\\/\"},{\"@type\":\"ListItem\",\"position\":3,\"name\":\"Audi A4 B7 04-08 kairysis halogeninis\"}]},{\"@type\":\"WebSite\",\"@id\":\"https:\\\/\\\/erformance.eu\\\/lv\\\/#website\",\"url\":\"https:\\\/\\\/erformance.eu\\\/lv\\\/\",\"name\":\"Erformance.eu\",\"description\":\"Automobili\u0173 dali\u0173 parduotuv\u0117\",\"potentialAction\":[{\"@type\":\"SearchAction\",\"target\":{\"@type\":\"EntryPoint\",\"urlTemplate\":\"https:\\\/\\\/erformance.eu\\\/lv\\\/?s={search_term_string}\"},\"query-input\":{\"@type\":\"PropertyValueSpecification\",\"valueRequired\":true,\"valueName\":\"search_term_string\"}}],\"inLanguage\":\"lv-LV\"}]}<\/script>\n<!-- \/ Yoast SEO Premium plugin. -->","yoast_head_json":{"title":"Audi A4 B7 04-08 kairysis halogeninis - Erformance.eu","robots":{"index":"index","follow":"follow","max-snippet":"max-snippet:-1","max-image-preview":"max-image-preview:large","max-video-preview":"max-video-preview:-1"},"canonical":"https:\/\/erformance.eu\/lv\/produkts\/audi-a4-b7-04-08-kairysis-halogeninis\/","og_locale":"lv_LV","og_type":"article","og_title":"Audi A4 B7 04-08 kairysis halogeninis","og_description":"1. Prek\u0117: halogenas2. Pus\u0117: kair\u01173. Gamintojas: pakeitimas4. Automobilis:* Audi A3 8P 03-13* Audi A4 B7 04-08","og_url":"https:\/\/erformance.eu\/lv\/produkts\/audi-a4-b7-04-08-kairysis-halogeninis\/","og_site_name":"Erformance.eu","article_modified_time":"2026-03-12T15:46:51+00:00","og_image":[{"width":1200,"height":1200,"url":"https:\/\/erformance.eu\/wp-content\/uploads\/2026\/02\/pol_pm_Audi-A4-B7-04-08-halogen-lewy-31658_1.jpg","type":"image\/jpeg"}],"twitter_card":"summary_large_image","twitter_misc":{"Est. reading time":"1 min\u016b\u0161u"},"schema":{"@context":"https:\/\/schema.org","@graph":[{"@type":"WebPage","@id":"https:\/\/erformance.eu\/lv\/produkts\/audi-a4-b7-04-08-kairysis-halogeninis\/","url":"https:\/\/erformance.eu\/lv\/produkts\/audi-a4-b7-04-08-kairysis-halogeninis\/","name":"Audi A4 B7 04-08 kairysis halogeninis - Erformance.eu","isPartOf":{"@id":"https:\/\/erformance.eu\/lv\/#website"},"primaryImageOfPage":{"@id":"https:\/\/erformance.eu\/lv\/produkts\/audi-a4-b7-04-08-kairysis-halogeninis\/#primaryimage"},"image":{"@id":"https:\/\/erformance.eu\/lv\/produkts\/audi-a4-b7-04-08-kairysis-halogeninis\/#primaryimage"},"thumbnailUrl":"https:\/\/erformance.eu\/wp-content\/uploads\/2026\/02\/pol_pm_Audi-A4-B7-04-08-halogen-lewy-31658_1.jpg","datePublished":"2026-02-16T11:48:03+00:00","dateModified":"2026-03-12T15:46:51+00:00","breadcrumb":{"@id":"https:\/\/erformance.eu\/lv\/produkts\/audi-a4-b7-04-08-kairysis-halogeninis\/#breadcrumb"},"inLanguage":"lv-LV","potentialAction":[{"@type":"ReadAction","target":["https:\/\/erformance.eu\/lv\/produkts\/audi-a4-b7-04-08-kairysis-halogeninis\/"]}]},{"@type":"ImageObject","inLanguage":"lv-LV","@id":"https:\/\/erformance.eu\/lv\/produkts\/audi-a4-b7-04-08-kairysis-halogeninis\/#primaryimage","url":"https:\/\/erformance.eu\/wp-content\/uploads\/2026\/02\/pol_pm_Audi-A4-B7-04-08-halogen-lewy-31658_1.jpg","contentUrl":"https:\/\/erformance.eu\/wp-content\/uploads\/2026\/02\/pol_pm_Audi-A4-B7-04-08-halogen-lewy-31658_1.jpg","width":1200,"height":1200},{"@type":"BreadcrumbList","@id":"https:\/\/erformance.eu\/lv\/produkts\/audi-a4-b7-04-08-kairysis-halogeninis\/#breadcrumb","itemListElement":[{"@type":"ListItem","position":1,"name":"Home","item":"https:\/\/erformance.eu\/lv\/"},{"@type":"ListItem","position":2,"name":"Veikals","item":"https:\/\/erformance.eu\/lv\/veikals\/"},{"@type":"ListItem","position":3,"name":"Audi A4 B7 04-08 kairysis halogeninis"}]},{"@type":"WebSite","@id":"https:\/\/erformance.eu\/lv\/#website","url":"https:\/\/erformance.eu\/lv\/","name":"Erformance.eu","description":"Automobili\u0173 dali\u0173 parduotuv\u0117","potentialAction":[{"@type":"SearchAction","target":{"@type":"EntryPoint","urlTemplate":"https:\/\/erformance.eu\/lv\/?s={search_term_string}"},"query-input":{"@type":"PropertyValueSpecification","valueRequired":true,"valueName":"search_term_string"}}],"inLanguage":"lv-LV"}]}},"jetpack_sharing_enabled":true,"_links":{"self":[{"href":"https:\/\/erformance.eu\/lv\/wp-json\/wp\/v2\/product\/57907","targetHints":{"allow":["GET"]}}],"collection":[{"href":"https:\/\/erformance.eu\/lv\/wp-json\/wp\/v2\/product"}],"about":[{"href":"https:\/\/erformance.eu\/lv\/wp-json\/wp\/v2\/types\/product"}],"replies":[{"embeddable":true,"href":"https:\/\/erformance.eu\/lv\/wp-json\/wp\/v2\/comments?post=57907"}],"version-history":[{"count":1,"href":"https:\/\/erformance.eu\/lv\/wp-json\/wp\/v2\/product\/57907\/revisions"}],"predecessor-version":[{"id":57918,"href":"https:\/\/erformance.eu\/lv\/wp-json\/wp\/v2\/product\/57907\/revisions\/57918"}],"wp:featuredmedia":[{"embeddable":true,"href":"https:\/\/erformance.eu\/lv\/wp-json\/wp\/v2\/media\/57908"}],"wp:attachment":[{"href":"https:\/\/erformance.eu\/lv\/wp-json\/wp\/v2\/media?parent=57907"}],"wp:term":[{"taxonomy":"product_brand","embeddable":true,"href":"https:\/\/erformance.eu\/lv\/wp-json\/wp\/v2\/product_brand?post=57907"},{"taxonomy":"product_cat","embeddable":true,"href":"https:\/\/erformance.eu\/lv\/wp-json\/wp\/v2\/product_cat?post=57907"},{"taxonomy":"product_tag","embeddable":true,"href":"https:\/\/erformance.eu\/lv\/wp-json\/wp\/v2\/product_tag?post=57907"}],"curies":[{"name":"wp","href":"https:\/\/api.w.org\/{rel}","templated":true}]}}