{"id":58003,"date":"2026-02-16T14:48:35","date_gmt":"2026-02-16T11:48:35","guid":{"rendered":"https:\/\/erformance.eu\/?post_type=product&#038;p=58003"},"modified":"2026-03-05T20:40:57","modified_gmt":"2026-03-05T17:40:57","slug":"audi-a2-00-05-degalu-bako-dangtelis","status":"publish","type":"product","link":"https:\/\/erformance.eu\/lv\/produkts\/audi-a2-00-05-degalu-bako-dangtelis\/","title":{"rendered":"Audi A2 00-05 degal\u0173 bako dangtelis"},"content":{"rendered":"<p>Prek\u0117: degal\u0173 bako dangtelis<br \/>\nOriginalus numeris:<\/p>\n<p>191201553A<br \/>\n1H0201553B<br \/>\n533201553A<\/p>\n<p>Automobilis:<\/p>\n<p>Audi A2<br \/>\nAudi A3<br \/>\nAudi A4<br \/>\nAudi A6<br \/>\nAudi A8<br \/>\nSeat Arosa<br \/>\nSeat Ibiza<br \/>\nSeat Cordoba<br \/>\nSeat Inca<br \/>\nSeat Leon<br \/>\nSeat Toledo I<br \/>\nSeat Toledo II<br \/>\n\u0160koda Fabia<br \/>\n\u0160koda Octavia<br \/>\n\u0160koda Superb<br \/>\nVW Golf I<br \/>\nVW Golf II<br \/>\nVW Golf III<br \/>\nVW Golf IV<br \/>\nVW Golf V<br \/>\nVW Passat B3<br \/>\nVW Passat B4<br \/>\nVW Passat B5<br \/>\nVW Caddy<br \/>\nVW Bora<br \/>\nVW Polo<br \/>\nVW Vento<br \/>\nVW T4<\/p>\n<p>Gamintojas: pakaitalas<br \/>\nTechnin\u0117 b\u016bkl\u0117: prek\u0117 yra visi\u0161kai nauja, nenaudota, nepa\u017eeista ir nesugadinta<br \/>\nPASTABA! Tinka tik versijai su centriniu u\u017eraktu.<\/p>\n","protected":false},"excerpt":{"rendered":"<p>1. Prek\u0117: Kuro \u012fpylimo angos dangtelis2. Gamintojas: pakeitimas3. Automobilis:    * Audi    * S\u0117dyn\u0117    * \u0160koda    * Volkswagen<\/p>\n","protected":false},"featured_media":58004,"comment_status":"open","ping_status":"closed","template":"","meta":[],"product_brand":[],"product_cat":[3904,393,144,3944,4149],"product_tag":[],"class_list":{"0":"post-58003","1":"product","2":"type-product","3":"status-publish","4":"has-post-thumbnail","6":"product_cat-audi-a2-8z","7":"product_cat-audi-a2","8":"product_cat-audi","9":"product_cat-audi-a2-8z-isores-dalys","10":"product_cat-audi-a2-8z-isores-kitos-dalys","12":"first","13":"instock","14":"shipping-taxable","15":"purchasable","16":"product-type-simple"},"yoast_head":"<!-- This site is optimized with the Yoast SEO Premium plugin v25.2 (Yoast SEO v27.3) - https:\/\/yoast.com\/product\/yoast-seo-premium-wordpress\/ -->\n<title>Audi A2 00-05 degal\u0173 bako dangtelis - Erformance.eu<\/title>\n<meta name=\"robots\" content=\"index, follow, max-snippet:-1, max-image-preview:large, max-video-preview:-1\" \/>\n<link rel=\"canonical\" href=\"https:\/\/erformance.eu\/lv\/produkts\/audi-a2-00-05-degalu-bako-dangtelis\/\" \/>\n<meta property=\"og:locale\" content=\"lv_LV\" \/>\n<meta property=\"og:type\" content=\"article\" \/>\n<meta property=\"og:title\" content=\"Audi A2 00-05 degal\u0173 bako dangtelis\" \/>\n<meta property=\"og:description\" content=\"1. Prek\u0117: Kuro \u012fpylimo angos dangtelis2. Gamintojas: pakeitimas3. Automobilis:  * Audi  * S\u0117dyn\u0117  * \u0160koda  * Volkswagen\" \/>\n<meta property=\"og:url\" content=\"https:\/\/erformance.eu\/lv\/produkts\/audi-a2-00-05-degalu-bako-dangtelis\/\" \/>\n<meta property=\"og:site_name\" content=\"Erformance.eu\" \/>\n<meta property=\"article:modified_time\" content=\"2026-03-05T17:40:57+00:00\" \/>\n<meta property=\"og:image\" content=\"https:\/\/erformance.eu\/wp-content\/uploads\/2026\/02\/pol_pm_Audi-A2-00-05-korek-wlewu-paliwa-3813_1.jpg\" \/>\n\t<meta property=\"og:image:width\" content=\"800\" \/>\n\t<meta property=\"og:image:height\" content=\"600\" \/>\n\t<meta property=\"og:image:type\" content=\"image\/jpeg\" \/>\n<meta name=\"twitter:card\" content=\"summary_large_image\" \/>\n<meta name=\"twitter:label1\" content=\"Est. reading time\" \/>\n\t<meta name=\"twitter:data1\" content=\"1 min\u016b\u0161u\" \/>\n<script type=\"application\/ld+json\" class=\"yoast-schema-graph\">{\"@context\":\"https:\\\/\\\/schema.org\",\"@graph\":[{\"@type\":\"WebPage\",\"@id\":\"https:\\\/\\\/erformance.eu\\\/lv\\\/produkts\\\/audi-a2-00-05-degalu-bako-dangtelis\\\/\",\"url\":\"https:\\\/\\\/erformance.eu\\\/lv\\\/produkts\\\/audi-a2-00-05-degalu-bako-dangtelis\\\/\",\"name\":\"Audi A2 00-05 degal\u0173 bako dangtelis - Erformance.eu\",\"isPartOf\":{\"@id\":\"https:\\\/\\\/erformance.eu\\\/lv\\\/#website\"},\"primaryImageOfPage\":{\"@id\":\"https:\\\/\\\/erformance.eu\\\/lv\\\/produkts\\\/audi-a2-00-05-degalu-bako-dangtelis\\\/#primaryimage\"},\"image\":{\"@id\":\"https:\\\/\\\/erformance.eu\\\/lv\\\/produkts\\\/audi-a2-00-05-degalu-bako-dangtelis\\\/#primaryimage\"},\"thumbnailUrl\":\"https:\\\/\\\/erformance.eu\\\/wp-content\\\/uploads\\\/2026\\\/02\\\/pol_pm_Audi-A2-00-05-korek-wlewu-paliwa-3813_1.jpg\",\"datePublished\":\"2026-02-16T11:48:35+00:00\",\"dateModified\":\"2026-03-05T17:40:57+00:00\",\"breadcrumb\":{\"@id\":\"https:\\\/\\\/erformance.eu\\\/lv\\\/produkts\\\/audi-a2-00-05-degalu-bako-dangtelis\\\/#breadcrumb\"},\"inLanguage\":\"lv-LV\",\"potentialAction\":[{\"@type\":\"ReadAction\",\"target\":[\"https:\\\/\\\/erformance.eu\\\/lv\\\/produkts\\\/audi-a2-00-05-degalu-bako-dangtelis\\\/\"]}]},{\"@type\":\"ImageObject\",\"inLanguage\":\"lv-LV\",\"@id\":\"https:\\\/\\\/erformance.eu\\\/lv\\\/produkts\\\/audi-a2-00-05-degalu-bako-dangtelis\\\/#primaryimage\",\"url\":\"https:\\\/\\\/erformance.eu\\\/wp-content\\\/uploads\\\/2026\\\/02\\\/pol_pm_Audi-A2-00-05-korek-wlewu-paliwa-3813_1.jpg\",\"contentUrl\":\"https:\\\/\\\/erformance.eu\\\/wp-content\\\/uploads\\\/2026\\\/02\\\/pol_pm_Audi-A2-00-05-korek-wlewu-paliwa-3813_1.jpg\",\"width\":800,\"height\":600},{\"@type\":\"BreadcrumbList\",\"@id\":\"https:\\\/\\\/erformance.eu\\\/lv\\\/produkts\\\/audi-a2-00-05-degalu-bako-dangtelis\\\/#breadcrumb\",\"itemListElement\":[{\"@type\":\"ListItem\",\"position\":1,\"name\":\"Home\",\"item\":\"https:\\\/\\\/erformance.eu\\\/lv\\\/\"},{\"@type\":\"ListItem\",\"position\":2,\"name\":\"Veikals\",\"item\":\"https:\\\/\\\/erformance.eu\\\/lv\\\/veikals\\\/\"},{\"@type\":\"ListItem\",\"position\":3,\"name\":\"Audi A2 00-05 degal\u0173 bako dangtelis\"}]},{\"@type\":\"WebSite\",\"@id\":\"https:\\\/\\\/erformance.eu\\\/lv\\\/#website\",\"url\":\"https:\\\/\\\/erformance.eu\\\/lv\\\/\",\"name\":\"Erformance.eu\",\"description\":\"Automobili\u0173 dali\u0173 parduotuv\u0117\",\"potentialAction\":[{\"@type\":\"SearchAction\",\"target\":{\"@type\":\"EntryPoint\",\"urlTemplate\":\"https:\\\/\\\/erformance.eu\\\/lv\\\/?s={search_term_string}\"},\"query-input\":{\"@type\":\"PropertyValueSpecification\",\"valueRequired\":true,\"valueName\":\"search_term_string\"}}],\"inLanguage\":\"lv-LV\"}]}<\/script>\n<!-- \/ Yoast SEO Premium plugin. -->","yoast_head_json":{"title":"Audi A2 00-05 degal\u0173 bako dangtelis - Erformance.eu","robots":{"index":"index","follow":"follow","max-snippet":"max-snippet:-1","max-image-preview":"max-image-preview:large","max-video-preview":"max-video-preview:-1"},"canonical":"https:\/\/erformance.eu\/lv\/produkts\/audi-a2-00-05-degalu-bako-dangtelis\/","og_locale":"lv_LV","og_type":"article","og_title":"Audi A2 00-05 degal\u0173 bako dangtelis","og_description":"1. Prek\u0117: Kuro \u012fpylimo angos dangtelis2. Gamintojas: pakeitimas3. Automobilis:  * Audi  * S\u0117dyn\u0117  * \u0160koda  * Volkswagen","og_url":"https:\/\/erformance.eu\/lv\/produkts\/audi-a2-00-05-degalu-bako-dangtelis\/","og_site_name":"Erformance.eu","article_modified_time":"2026-03-05T17:40:57+00:00","og_image":[{"width":800,"height":600,"url":"https:\/\/erformance.eu\/wp-content\/uploads\/2026\/02\/pol_pm_Audi-A2-00-05-korek-wlewu-paliwa-3813_1.jpg","type":"image\/jpeg"}],"twitter_card":"summary_large_image","twitter_misc":{"Est. reading time":"1 min\u016b\u0161u"},"schema":{"@context":"https:\/\/schema.org","@graph":[{"@type":"WebPage","@id":"https:\/\/erformance.eu\/lv\/produkts\/audi-a2-00-05-degalu-bako-dangtelis\/","url":"https:\/\/erformance.eu\/lv\/produkts\/audi-a2-00-05-degalu-bako-dangtelis\/","name":"Audi A2 00-05 degal\u0173 bako dangtelis - Erformance.eu","isPartOf":{"@id":"https:\/\/erformance.eu\/lv\/#website"},"primaryImageOfPage":{"@id":"https:\/\/erformance.eu\/lv\/produkts\/audi-a2-00-05-degalu-bako-dangtelis\/#primaryimage"},"image":{"@id":"https:\/\/erformance.eu\/lv\/produkts\/audi-a2-00-05-degalu-bako-dangtelis\/#primaryimage"},"thumbnailUrl":"https:\/\/erformance.eu\/wp-content\/uploads\/2026\/02\/pol_pm_Audi-A2-00-05-korek-wlewu-paliwa-3813_1.jpg","datePublished":"2026-02-16T11:48:35+00:00","dateModified":"2026-03-05T17:40:57+00:00","breadcrumb":{"@id":"https:\/\/erformance.eu\/lv\/produkts\/audi-a2-00-05-degalu-bako-dangtelis\/#breadcrumb"},"inLanguage":"lv-LV","potentialAction":[{"@type":"ReadAction","target":["https:\/\/erformance.eu\/lv\/produkts\/audi-a2-00-05-degalu-bako-dangtelis\/"]}]},{"@type":"ImageObject","inLanguage":"lv-LV","@id":"https:\/\/erformance.eu\/lv\/produkts\/audi-a2-00-05-degalu-bako-dangtelis\/#primaryimage","url":"https:\/\/erformance.eu\/wp-content\/uploads\/2026\/02\/pol_pm_Audi-A2-00-05-korek-wlewu-paliwa-3813_1.jpg","contentUrl":"https:\/\/erformance.eu\/wp-content\/uploads\/2026\/02\/pol_pm_Audi-A2-00-05-korek-wlewu-paliwa-3813_1.jpg","width":800,"height":600},{"@type":"BreadcrumbList","@id":"https:\/\/erformance.eu\/lv\/produkts\/audi-a2-00-05-degalu-bako-dangtelis\/#breadcrumb","itemListElement":[{"@type":"ListItem","position":1,"name":"Home","item":"https:\/\/erformance.eu\/lv\/"},{"@type":"ListItem","position":2,"name":"Veikals","item":"https:\/\/erformance.eu\/lv\/veikals\/"},{"@type":"ListItem","position":3,"name":"Audi A2 00-05 degal\u0173 bako dangtelis"}]},{"@type":"WebSite","@id":"https:\/\/erformance.eu\/lv\/#website","url":"https:\/\/erformance.eu\/lv\/","name":"Erformance.eu","description":"Automobili\u0173 dali\u0173 parduotuv\u0117","potentialAction":[{"@type":"SearchAction","target":{"@type":"EntryPoint","urlTemplate":"https:\/\/erformance.eu\/lv\/?s={search_term_string}"},"query-input":{"@type":"PropertyValueSpecification","valueRequired":true,"valueName":"search_term_string"}}],"inLanguage":"lv-LV"}]}},"jetpack_sharing_enabled":true,"_links":{"self":[{"href":"https:\/\/erformance.eu\/lv\/wp-json\/wp\/v2\/product\/58003","targetHints":{"allow":["GET"]}}],"collection":[{"href":"https:\/\/erformance.eu\/lv\/wp-json\/wp\/v2\/product"}],"about":[{"href":"https:\/\/erformance.eu\/lv\/wp-json\/wp\/v2\/types\/product"}],"replies":[{"embeddable":true,"href":"https:\/\/erformance.eu\/lv\/wp-json\/wp\/v2\/comments?post=58003"}],"version-history":[{"count":1,"href":"https:\/\/erformance.eu\/lv\/wp-json\/wp\/v2\/product\/58003\/revisions"}],"predecessor-version":[{"id":58006,"href":"https:\/\/erformance.eu\/lv\/wp-json\/wp\/v2\/product\/58003\/revisions\/58006"}],"wp:featuredmedia":[{"embeddable":true,"href":"https:\/\/erformance.eu\/lv\/wp-json\/wp\/v2\/media\/58004"}],"wp:attachment":[{"href":"https:\/\/erformance.eu\/lv\/wp-json\/wp\/v2\/media?parent=58003"}],"wp:term":[{"taxonomy":"product_brand","embeddable":true,"href":"https:\/\/erformance.eu\/lv\/wp-json\/wp\/v2\/product_brand?post=58003"},{"taxonomy":"product_cat","embeddable":true,"href":"https:\/\/erformance.eu\/lv\/wp-json\/wp\/v2\/product_cat?post=58003"},{"taxonomy":"product_tag","embeddable":true,"href":"https:\/\/erformance.eu\/lv\/wp-json\/wp\/v2\/product_tag?post=58003"}],"curies":[{"name":"wp","href":"https:\/\/api.w.org\/{rel}","templated":true}]}}