{"id":58029,"date":"2026-02-16T14:48:48","date_gmt":"2026-02-16T11:48:48","guid":{"rendered":"https:\/\/erformance.eu\/?post_type=product&#038;p=58029"},"modified":"2026-03-12T18:42:47","modified_gmt":"2026-03-12T15:42:47","slug":"audi-a4-b8-avant-2007-komplektas-valytuvo-variklis-galinio-valytuvo-svirtis-sluotele-galinio-lango-apiplovimo-antgalis-3-vnt","status":"publish","type":"product","link":"https:\/\/erformance.eu\/lv\/produkts\/audi-a4-b8-avant-2007-komplektas-valytuvo-variklis-galinio-valytuvo-svirtis-sluotele-galinio-lango-apiplovimo-antgalis-3-vnt\/","title":{"rendered":"Audi A4 B8 \/ Avant 2007- KOMPLEKTAS: valytuvo variklis + galinio valytuvo svirtis + \u0161luotel\u0117 + galinio lango apiplovimo antgalis (3 vnt.)"},"content":{"rendered":"<p>Prek\u0117: RINKINYS, kur\u012f sudaro:<\/p>\n<p>galinio lango valytuvo variklis<br \/>\ngalinio valytuvo svirtis + \u0161luotel\u0117<br \/>\ngalinio lango apiplovimo antgalis<\/p>\n<p>Variklio originalus numeris:<\/p>\n<p>8E9955711A<br \/>\n8E9955711B<br \/>\n8E9955711C<br \/>\n8E9955711D<br \/>\n8E9955711E<\/p>\n<p>Purk\u0161tuko originalus numeris:<\/p>\n<p>8E9955985<\/p>\n<p>PASTABA: auk\u0161\u010diau pateikti numeriai yra original\u016bs dali\u0173 numeriai, kuriuos \u0161is pasi\u016blymas pakei\u010dia. Prie\u0161 pirkdami, palyginkite juos su originaliu dalies numeriu. Jei jie skiriasi net vienu simboliu, dalis netiks, neveiks arba veiks netinkamai. Tokiu atveju jos nepirkite.<br \/>\nAutomobilis:<\/p>\n<p>\u201eAudi A3 8P\u201c, modeliai, pagaminti nuo 2003 m.<br \/>\nAudi A4 B6, gamybos metai: 2000-2004<br \/>\nAudi A4 B7, gamybos metai: 2004-2008<br \/>\n\u201eAudi A4 B8\u201c, modeliai, pagaminti nuo 2007 m.<br \/>\nAudi A4 B6 Avant, gamybos metai: 2001-2004<br \/>\nAudi A4 B7 Avant, gamybos metai: 2004-2008<br \/>\n\u201eAudi A4 B8 Avant\u201c, modeliai, pagaminti nuo 2007 m.<\/p>\n<p>Gamintojas: pakaitalas<br \/>\nTechnin\u0117 b\u016bkl\u0117: prek\u0117 yra visi\u0161kai nauja, nenaudota, nepa\u017eeista ir nesugadinta<\/p>\n","protected":false},"excerpt":{"rendered":"<p>1. Prek\u0117: rinkinys, kur\u012f sudaro:* galinio valytuvo variklis* galinio valytuvo svirtis + \u0161luotel\u0117* galinio lango apiplovimo antgalis2. Automobilis:* Audi A3 8P 2003-* Audi A4 B6 \/ Avant 00-04* Audi A4 B7 \/ Avant 04-08* Audi A4 B8 \/ Avant 2007-<\/p>\n","protected":false},"featured_media":58030,"comment_status":"open","ping_status":"closed","template":"","meta":[],"product_brand":[],"product_cat":[390,144,3911,3951,4351],"product_tag":[],"class_list":{"0":"post-58029","1":"product","2":"type-product","3":"status-publish","4":"has-post-thumbnail","6":"product_cat-audi-a4","7":"product_cat-audi","8":"product_cat-audi-a4-b8","9":"product_cat-audi-a4-b8-isores-dalys","10":"product_cat-audi-a4-b8-mechanizmai-valytuvai","12":"first","13":"instock","14":"shipping-taxable","15":"purchasable","16":"product-type-simple"},"yoast_head":"<!-- This site is optimized with the Yoast SEO Premium plugin v25.2 (Yoast SEO v27.6) - https:\/\/yoast.com\/product\/yoast-seo-premium-wordpress\/ -->\n<title>Audi A4 B8 \/ Avant 2007- KOMPLEKTAS: valytuvo variklis + galinio valytuvo svirtis + \u0161luotel\u0117 + galinio lango apiplovimo antgalis (3 vnt.) - Erformance.eu<\/title>\n<meta name=\"robots\" content=\"index, follow, max-snippet:-1, max-image-preview:large, max-video-preview:-1\" \/>\n<link rel=\"canonical\" href=\"https:\/\/erformance.eu\/lv\/produkts\/audi-a4-b8-avant-2007-komplektas-valytuvo-variklis-galinio-valytuvo-svirtis-sluotele-galinio-lango-apiplovimo-antgalis-3-vnt\/\" \/>\n<meta property=\"og:locale\" content=\"lv_LV\" \/>\n<meta property=\"og:type\" content=\"article\" \/>\n<meta property=\"og:title\" content=\"Audi A4 B8 \/ Avant 2007- KOMPLEKTAS: valytuvo variklis + galinio valytuvo svirtis + \u0161luotel\u0117 + galinio lango apiplovimo antgalis (3 vnt.)\" \/>\n<meta property=\"og:description\" content=\"1. Prek\u0117: rinkinys, kur\u012f sudaro:* galinio valytuvo variklis* galinio valytuvo svirtis + \u0161luotel\u0117* galinio lango apiplovimo antgalis2. Automobilis:* Audi A3 8P 2003-* Audi A4 B6 \/ Avant 00-04* Audi A4 B7 \/ Avant 04-08* Audi A4 B8 \/ Avant 2007-\" \/>\n<meta property=\"og:url\" content=\"https:\/\/erformance.eu\/lv\/produkts\/audi-a4-b8-avant-2007-komplektas-valytuvo-variklis-galinio-valytuvo-svirtis-sluotele-galinio-lango-apiplovimo-antgalis-3-vnt\/\" \/>\n<meta property=\"og:site_name\" content=\"Erformance.eu\" \/>\n<meta property=\"article:modified_time\" content=\"2026-03-12T15:42:47+00:00\" \/>\n<meta property=\"og:image\" content=\"https:\/\/erformance.eu\/wp-content\/uploads\/2026\/02\/pol_pm_Audi-A4-B8-Avant-2007-ZESTAW-silniczek-wycieraczki-wycieraczka-tylna-ramie-pioro-dysza-spryskiwacza-tylnej-szyby-3szt-KPL-15675_1.jpg\" \/>\n\t<meta property=\"og:image:width\" content=\"1200\" \/>\n\t<meta property=\"og:image:height\" content=\"900\" \/>\n\t<meta property=\"og:image:type\" content=\"image\/jpeg\" \/>\n<meta name=\"twitter:card\" content=\"summary_large_image\" \/>\n<meta name=\"twitter:label1\" content=\"Est. reading time\" \/>\n\t<meta name=\"twitter:data1\" content=\"1 min\u016b\u0161u\" \/>\n<script type=\"application\/ld+json\" class=\"yoast-schema-graph\">{\"@context\":\"https:\\\/\\\/schema.org\",\"@graph\":[{\"@type\":\"WebPage\",\"@id\":\"https:\\\/\\\/erformance.eu\\\/lv\\\/produkts\\\/audi-a4-b8-avant-2007-komplektas-valytuvo-variklis-galinio-valytuvo-svirtis-sluotele-galinio-lango-apiplovimo-antgalis-3-vnt\\\/\",\"url\":\"https:\\\/\\\/erformance.eu\\\/lv\\\/produkts\\\/audi-a4-b8-avant-2007-komplektas-valytuvo-variklis-galinio-valytuvo-svirtis-sluotele-galinio-lango-apiplovimo-antgalis-3-vnt\\\/\",\"name\":\"Audi A4 B8 \\\/ Avant 2007- KOMPLEKTAS: valytuvo variklis + galinio valytuvo svirtis + \u0161luotel\u0117 + galinio lango apiplovimo antgalis (3 vnt.) - Erformance.eu\",\"isPartOf\":{\"@id\":\"https:\\\/\\\/erformance.eu\\\/lv\\\/#website\"},\"primaryImageOfPage\":{\"@id\":\"https:\\\/\\\/erformance.eu\\\/lv\\\/produkts\\\/audi-a4-b8-avant-2007-komplektas-valytuvo-variklis-galinio-valytuvo-svirtis-sluotele-galinio-lango-apiplovimo-antgalis-3-vnt\\\/#primaryimage\"},\"image\":{\"@id\":\"https:\\\/\\\/erformance.eu\\\/lv\\\/produkts\\\/audi-a4-b8-avant-2007-komplektas-valytuvo-variklis-galinio-valytuvo-svirtis-sluotele-galinio-lango-apiplovimo-antgalis-3-vnt\\\/#primaryimage\"},\"thumbnailUrl\":\"https:\\\/\\\/erformance.eu\\\/wp-content\\\/uploads\\\/2026\\\/02\\\/pol_pm_Audi-A4-B8-Avant-2007-ZESTAW-silniczek-wycieraczki-wycieraczka-tylna-ramie-pioro-dysza-spryskiwacza-tylnej-szyby-3szt-KPL-15675_1.jpg\",\"datePublished\":\"2026-02-16T11:48:48+00:00\",\"dateModified\":\"2026-03-12T15:42:47+00:00\",\"breadcrumb\":{\"@id\":\"https:\\\/\\\/erformance.eu\\\/lv\\\/produkts\\\/audi-a4-b8-avant-2007-komplektas-valytuvo-variklis-galinio-valytuvo-svirtis-sluotele-galinio-lango-apiplovimo-antgalis-3-vnt\\\/#breadcrumb\"},\"inLanguage\":\"lv-LV\",\"potentialAction\":[{\"@type\":\"ReadAction\",\"target\":[\"https:\\\/\\\/erformance.eu\\\/lv\\\/produkts\\\/audi-a4-b8-avant-2007-komplektas-valytuvo-variklis-galinio-valytuvo-svirtis-sluotele-galinio-lango-apiplovimo-antgalis-3-vnt\\\/\"]}]},{\"@type\":\"ImageObject\",\"inLanguage\":\"lv-LV\",\"@id\":\"https:\\\/\\\/erformance.eu\\\/lv\\\/produkts\\\/audi-a4-b8-avant-2007-komplektas-valytuvo-variklis-galinio-valytuvo-svirtis-sluotele-galinio-lango-apiplovimo-antgalis-3-vnt\\\/#primaryimage\",\"url\":\"https:\\\/\\\/erformance.eu\\\/wp-content\\\/uploads\\\/2026\\\/02\\\/pol_pm_Audi-A4-B8-Avant-2007-ZESTAW-silniczek-wycieraczki-wycieraczka-tylna-ramie-pioro-dysza-spryskiwacza-tylnej-szyby-3szt-KPL-15675_1.jpg\",\"contentUrl\":\"https:\\\/\\\/erformance.eu\\\/wp-content\\\/uploads\\\/2026\\\/02\\\/pol_pm_Audi-A4-B8-Avant-2007-ZESTAW-silniczek-wycieraczki-wycieraczka-tylna-ramie-pioro-dysza-spryskiwacza-tylnej-szyby-3szt-KPL-15675_1.jpg\",\"width\":1200,\"height\":900},{\"@type\":\"BreadcrumbList\",\"@id\":\"https:\\\/\\\/erformance.eu\\\/lv\\\/produkts\\\/audi-a4-b8-avant-2007-komplektas-valytuvo-variklis-galinio-valytuvo-svirtis-sluotele-galinio-lango-apiplovimo-antgalis-3-vnt\\\/#breadcrumb\",\"itemListElement\":[{\"@type\":\"ListItem\",\"position\":1,\"name\":\"Home\",\"item\":\"https:\\\/\\\/erformance.eu\\\/lv\\\/\"},{\"@type\":\"ListItem\",\"position\":2,\"name\":\"Veikals\",\"item\":\"https:\\\/\\\/erformance.eu\\\/lv\\\/veikals\\\/\"},{\"@type\":\"ListItem\",\"position\":3,\"name\":\"Audi A4 B8 \\\/ Avant 2007- KOMPLEKTAS: valytuvo variklis + galinio valytuvo svirtis + \u0161luotel\u0117 + galinio lango apiplovimo antgalis (3 vnt.)\"}]},{\"@type\":\"WebSite\",\"@id\":\"https:\\\/\\\/erformance.eu\\\/lv\\\/#website\",\"url\":\"https:\\\/\\\/erformance.eu\\\/lv\\\/\",\"name\":\"Erformance.eu\",\"description\":\"Automobili\u0173 dali\u0173 parduotuv\u0117\",\"potentialAction\":[{\"@type\":\"SearchAction\",\"target\":{\"@type\":\"EntryPoint\",\"urlTemplate\":\"https:\\\/\\\/erformance.eu\\\/lv\\\/?s={search_term_string}\"},\"query-input\":{\"@type\":\"PropertyValueSpecification\",\"valueRequired\":true,\"valueName\":\"search_term_string\"}}],\"inLanguage\":\"lv-LV\"}]}<\/script>\n<!-- \/ Yoast SEO Premium plugin. -->","yoast_head_json":{"title":"Audi A4 B8 \/ Avant 2007- KOMPLEKTAS: valytuvo variklis + galinio valytuvo svirtis + \u0161luotel\u0117 + galinio lango apiplovimo antgalis (3 vnt.) - Erformance.eu","robots":{"index":"index","follow":"follow","max-snippet":"max-snippet:-1","max-image-preview":"max-image-preview:large","max-video-preview":"max-video-preview:-1"},"canonical":"https:\/\/erformance.eu\/lv\/produkts\/audi-a4-b8-avant-2007-komplektas-valytuvo-variklis-galinio-valytuvo-svirtis-sluotele-galinio-lango-apiplovimo-antgalis-3-vnt\/","og_locale":"lv_LV","og_type":"article","og_title":"Audi A4 B8 \/ Avant 2007- KOMPLEKTAS: valytuvo variklis + galinio valytuvo svirtis + \u0161luotel\u0117 + galinio lango apiplovimo antgalis (3 vnt.)","og_description":"1. Prek\u0117: rinkinys, kur\u012f sudaro:* galinio valytuvo variklis* galinio valytuvo svirtis + \u0161luotel\u0117* galinio lango apiplovimo antgalis2. Automobilis:* Audi A3 8P 2003-* Audi A4 B6 \/ Avant 00-04* Audi A4 B7 \/ Avant 04-08* Audi A4 B8 \/ Avant 2007-","og_url":"https:\/\/erformance.eu\/lv\/produkts\/audi-a4-b8-avant-2007-komplektas-valytuvo-variklis-galinio-valytuvo-svirtis-sluotele-galinio-lango-apiplovimo-antgalis-3-vnt\/","og_site_name":"Erformance.eu","article_modified_time":"2026-03-12T15:42:47+00:00","og_image":[{"width":1200,"height":900,"url":"https:\/\/erformance.eu\/wp-content\/uploads\/2026\/02\/pol_pm_Audi-A4-B8-Avant-2007-ZESTAW-silniczek-wycieraczki-wycieraczka-tylna-ramie-pioro-dysza-spryskiwacza-tylnej-szyby-3szt-KPL-15675_1.jpg","type":"image\/jpeg"}],"twitter_card":"summary_large_image","twitter_misc":{"Est. reading time":"1 min\u016b\u0161u"},"schema":{"@context":"https:\/\/schema.org","@graph":[{"@type":"WebPage","@id":"https:\/\/erformance.eu\/lv\/produkts\/audi-a4-b8-avant-2007-komplektas-valytuvo-variklis-galinio-valytuvo-svirtis-sluotele-galinio-lango-apiplovimo-antgalis-3-vnt\/","url":"https:\/\/erformance.eu\/lv\/produkts\/audi-a4-b8-avant-2007-komplektas-valytuvo-variklis-galinio-valytuvo-svirtis-sluotele-galinio-lango-apiplovimo-antgalis-3-vnt\/","name":"Audi A4 B8 \/ Avant 2007- KOMPLEKTAS: valytuvo variklis + galinio valytuvo svirtis + \u0161luotel\u0117 + galinio lango apiplovimo antgalis (3 vnt.) - Erformance.eu","isPartOf":{"@id":"https:\/\/erformance.eu\/lv\/#website"},"primaryImageOfPage":{"@id":"https:\/\/erformance.eu\/lv\/produkts\/audi-a4-b8-avant-2007-komplektas-valytuvo-variklis-galinio-valytuvo-svirtis-sluotele-galinio-lango-apiplovimo-antgalis-3-vnt\/#primaryimage"},"image":{"@id":"https:\/\/erformance.eu\/lv\/produkts\/audi-a4-b8-avant-2007-komplektas-valytuvo-variklis-galinio-valytuvo-svirtis-sluotele-galinio-lango-apiplovimo-antgalis-3-vnt\/#primaryimage"},"thumbnailUrl":"https:\/\/erformance.eu\/wp-content\/uploads\/2026\/02\/pol_pm_Audi-A4-B8-Avant-2007-ZESTAW-silniczek-wycieraczki-wycieraczka-tylna-ramie-pioro-dysza-spryskiwacza-tylnej-szyby-3szt-KPL-15675_1.jpg","datePublished":"2026-02-16T11:48:48+00:00","dateModified":"2026-03-12T15:42:47+00:00","breadcrumb":{"@id":"https:\/\/erformance.eu\/lv\/produkts\/audi-a4-b8-avant-2007-komplektas-valytuvo-variklis-galinio-valytuvo-svirtis-sluotele-galinio-lango-apiplovimo-antgalis-3-vnt\/#breadcrumb"},"inLanguage":"lv-LV","potentialAction":[{"@type":"ReadAction","target":["https:\/\/erformance.eu\/lv\/produkts\/audi-a4-b8-avant-2007-komplektas-valytuvo-variklis-galinio-valytuvo-svirtis-sluotele-galinio-lango-apiplovimo-antgalis-3-vnt\/"]}]},{"@type":"ImageObject","inLanguage":"lv-LV","@id":"https:\/\/erformance.eu\/lv\/produkts\/audi-a4-b8-avant-2007-komplektas-valytuvo-variklis-galinio-valytuvo-svirtis-sluotele-galinio-lango-apiplovimo-antgalis-3-vnt\/#primaryimage","url":"https:\/\/erformance.eu\/wp-content\/uploads\/2026\/02\/pol_pm_Audi-A4-B8-Avant-2007-ZESTAW-silniczek-wycieraczki-wycieraczka-tylna-ramie-pioro-dysza-spryskiwacza-tylnej-szyby-3szt-KPL-15675_1.jpg","contentUrl":"https:\/\/erformance.eu\/wp-content\/uploads\/2026\/02\/pol_pm_Audi-A4-B8-Avant-2007-ZESTAW-silniczek-wycieraczki-wycieraczka-tylna-ramie-pioro-dysza-spryskiwacza-tylnej-szyby-3szt-KPL-15675_1.jpg","width":1200,"height":900},{"@type":"BreadcrumbList","@id":"https:\/\/erformance.eu\/lv\/produkts\/audi-a4-b8-avant-2007-komplektas-valytuvo-variklis-galinio-valytuvo-svirtis-sluotele-galinio-lango-apiplovimo-antgalis-3-vnt\/#breadcrumb","itemListElement":[{"@type":"ListItem","position":1,"name":"Home","item":"https:\/\/erformance.eu\/lv\/"},{"@type":"ListItem","position":2,"name":"Veikals","item":"https:\/\/erformance.eu\/lv\/veikals\/"},{"@type":"ListItem","position":3,"name":"Audi A4 B8 \/ Avant 2007- KOMPLEKTAS: valytuvo variklis + galinio valytuvo svirtis + \u0161luotel\u0117 + galinio lango apiplovimo antgalis (3 vnt.)"}]},{"@type":"WebSite","@id":"https:\/\/erformance.eu\/lv\/#website","url":"https:\/\/erformance.eu\/lv\/","name":"Erformance.eu","description":"Automobili\u0173 dali\u0173 parduotuv\u0117","potentialAction":[{"@type":"SearchAction","target":{"@type":"EntryPoint","urlTemplate":"https:\/\/erformance.eu\/lv\/?s={search_term_string}"},"query-input":{"@type":"PropertyValueSpecification","valueRequired":true,"valueName":"search_term_string"}}],"inLanguage":"lv-LV"}]}},"jetpack_sharing_enabled":true,"_links":{"self":[{"href":"https:\/\/erformance.eu\/lv\/wp-json\/wp\/v2\/product\/58029","targetHints":{"allow":["GET"]}}],"collection":[{"href":"https:\/\/erformance.eu\/lv\/wp-json\/wp\/v2\/product"}],"about":[{"href":"https:\/\/erformance.eu\/lv\/wp-json\/wp\/v2\/types\/product"}],"replies":[{"embeddable":true,"href":"https:\/\/erformance.eu\/lv\/wp-json\/wp\/v2\/comments?post=58029"}],"version-history":[{"count":1,"href":"https:\/\/erformance.eu\/lv\/wp-json\/wp\/v2\/product\/58029\/revisions"}],"predecessor-version":[{"id":58040,"href":"https:\/\/erformance.eu\/lv\/wp-json\/wp\/v2\/product\/58029\/revisions\/58040"}],"wp:featuredmedia":[{"embeddable":true,"href":"https:\/\/erformance.eu\/lv\/wp-json\/wp\/v2\/media\/58030"}],"wp:attachment":[{"href":"https:\/\/erformance.eu\/lv\/wp-json\/wp\/v2\/media?parent=58029"}],"wp:term":[{"taxonomy":"product_brand","embeddable":true,"href":"https:\/\/erformance.eu\/lv\/wp-json\/wp\/v2\/product_brand?post=58029"},{"taxonomy":"product_cat","embeddable":true,"href":"https:\/\/erformance.eu\/lv\/wp-json\/wp\/v2\/product_cat?post=58029"},{"taxonomy":"product_tag","embeddable":true,"href":"https:\/\/erformance.eu\/lv\/wp-json\/wp\/v2\/product_tag?post=58029"}],"curies":[{"name":"wp","href":"https:\/\/api.w.org\/{rel}","templated":true}]}}