{"id":58094,"date":"2026-02-16T14:49:08","date_gmt":"2026-02-16T11:49:08","guid":{"rendered":"https:\/\/erformance.eu\/?post_type=product&#038;p=58094"},"modified":"2026-03-05T18:44:56","modified_gmt":"2026-03-05T15:44:56","slug":"audi-a1-8x-a2-8z-a3-8l-8p-tt-8j-8n-sankabos-pedalo-grazinimo-spyruokle","status":"publish","type":"product","link":"https:\/\/erformance.eu\/lv\/produkts\/audi-a1-8x-a2-8z-a3-8l-8p-tt-8j-8n-sankabos-pedalo-grazinimo-spyruokle\/","title":{"rendered":"Audi A1 8X A2 8Z A3 8L 8P TT 8J 8N sankabos pedalo gr\u0105\u017einimo spyruokl\u0117"},"content":{"rendered":"<p>Prek\u0117: sankabos pedalo gr\u0105\u017einimo spyruokl\u0117<br \/>\nOriginalus numeris:<\/p>\n<p>1J2721403A<br \/>\n1J2721403 A<br \/>\n1J2 721 403A<br \/>\n1J2 721 403 A<\/p>\n<p>PASTABA: auk\u0161\u010diau pateikti numeriai yra original\u016bs dali\u0173 numeriai, kuriuos \u0161is pasi\u016blymas pakei\u010dia. Prie\u0161 pirkdami, palyginkite juos su originaliu dalies numeriu. Jei jie skiriasi net vienu simboliu, dalis netiks, neveiks arba veiks netinkamai. Tokiu atveju jos nepirkite.<br \/>\nAutomobilis:<\/p>\n<p>Audi A1 he\u010dbekas (8X1, 8XK), pagaminimo metai: 2010\u20132018<br \/>\nAudi A2 (8Z0), gamybos metai: 2000\u20132005<br \/>\nAudi A3 he\u010dbekas (8L1), pagaminimo metai: 1996\u20132003<br \/>\nAudi A3 he\u010dbekas (8P1), pagaminimo metai: 2003\u20132012<br \/>\nAudi A3 Sportback (8PA), pagaminimo metai: 2004\u20132013<br \/>\nAudi TT kup\u0117 (8J3), pagaminimo metai: 2006\u20132014<br \/>\nAudi TT kup\u0117 (8N3), gamybos metai: 1998\u20132006<br \/>\nAudi TT Roadster (8N9), gamybos metai: 1999\u20132006<br \/>\n\u201eSeat Altea\u201c (5P1), modeliai, pagaminti nuo 2004 m.<br \/>\n\u201eSeat Altea XL\u201c (5P5, 5P8), modeliai, pagaminti nuo 2006 m.<br \/>\n\u201eSeat Cordoba I\u201c sedanas (6K1, 6K2), pagaminimo metai: 1993\u20132002<br \/>\n\u201eSeat Cordoba II\u201c sedanas (6L2), pagaminimo metai: 2002\u20132009<br \/>\n\u201eSeat Ibiza II\u201c (6K1), gamybos metai: 1993\u20132002<br \/>\n\u201eSeat Ibiza III\u201c he\u010dbekas (6L), pagaminimo metai: 2002\u20132009<br \/>\n\u201eSeat Ibiza IV Hatchback\u201c (6J5, 6P1), pagaminimo metai: 2008\u20132017<br \/>\n\u201eSeat Ibiza IV Sportcoupe\u201c (6J, \u200b\u200b\u200b\u200b6P), pagaminimo metai: 2008\u20132018<br \/>\n\u201eSeat Inca\u201c (6K9), pagaminimo metai: 1995\u20132003<br \/>\n\u201eSeat Leon I\u201c he\u010dbekas (1M1), pagaminimo metai: 1999\u20132006<br \/>\n\u201eSeat Leon II\u201c he\u010dbekas (1P1), pagaminimo metai: 2005\u20132012<br \/>\n\u201eSeat Toledo I\u201c he\u010dbekas (1L), pagaminimo metai: 1991\u20131999<br \/>\n\u201eSeat Toledo II\u201c sedanas (1M2), pagaminimo metai: 1998\u20132006<br \/>\n\u201eSeat Toledo III\u201c (5P2), pagaminimo metai: 2004\u20132009<br \/>\n\u201eSeat Toledo IV Hatchback\u201c (KG3), pagaminimo metai: 2012\u20132019<br \/>\n\u201eSkoda Fabia I Combi\u201c (6Y5), pagaminimo metai: 2000\u20132007<br \/>\n\u201eSkoda Fabia I\u201c he\u010dbekas (6Y2), pagaminimo metai: 1999\u20132008<br \/>\nSkoda Fabia I Praktik (6Y5), gamybos metai: 2001-2007<br \/>\n\u201eSkoda Fabia I\u201c sedanas (6Y3), pagaminimo metai: 1999\u20132007<br \/>\n\u201eSkoda Fabia II Combi\u201c (545), pagaminimo metai: 2007\u20132014<br \/>\n\u201eSkoda Fabia II\u201c he\u010dbekas (542), pagaminimo metai: 2006\u20132014<br \/>\n\u201eSkoda Octavia I Combi\u201c (1U5), pagaminimo metai: 1998\u20132010<br \/>\n\u201eSkoda Octavia I\u201c he\u010dbekas (1U2), pagaminimo metai: 1996\u20132010<br \/>\n\u201eSkoda Octavia II Combi\u201c (1Z5), pagaminimo metai: 2004\u20132013<br \/>\n\u201eSkoda Octavia II\u201c he\u010dbekas (1Z3), pagaminimo metai: 2004\u20132013<br \/>\n\u201eSkoda Rapid Hatchback\u201c (NH3), modeliai, pagaminti nuo 2012 m.<br \/>\n\u201eSkoda Rapid\u201c sedanas (NA2), modeliai, pagaminti nuo 2011 m.<br \/>\nSkoda Rapid Spaceback (NH1), modele produkowane od roku 2012<br \/>\nSkoda Roomster (5J), rok produkcji: 2006-2015<br \/>\nSkoda Roomster Praktik (5J), rok produkcji: 2007-2015<br \/>\nSkoda Superb II Hatchback (3T4), rok produkcji: 2008-2015<br \/>\nSkoda Superb II Kombi (3T5), rok produkcji: 2009-2015<br \/>\nSkoda Yeti (5L), rok produkcji: 2009-2017<br \/>\nVolkswagen Beetle Cabrio (5C7, 5C8), rok produkcji: 2011-2019<br \/>\nVolkswagen Beetle Hatchback (5C1, 5C2), rok produkcji: 2011-2019<br \/>\nVolkswagen Bora Sedan (1J2), rok produkcji: 1998-2005<br \/>\nVolkswagen Caddy II Kombi (9K9B), rok produkcji: 1995-2004<br \/>\nVolkswagen Caddy III Kombi (2KB, 2KJ, 2CB, 2CJ), rok produkcji: 2004-2015<br \/>\nVolkswagen Caddy III Van (2KA, 2KH, 2CA, 2CH), rok produkcji: 2004-2015<br \/>\nVolkswagen Caddy IV Kombi (SAB, SAJ), modele produkowane od roku 2015<br \/>\nVolkswagen Caddy IV Van (SAA, SAH), modele produkowane od roku 2015<br \/>\nVolkswagen CC (358), rok produkcji: 2011-2016<br \/>\nVolkswagen Eos (1F7, 1F8), rok produkcji: 2006-2015<br \/>\nVolkswagen Golf III Hatchback (1H1), rok produkcji: 1991-1998<br \/>\nVolkswagen Golf III Kombi (1H5), rok produkcji: 1993-1999<br \/>\nVolkswagen Golf IV Hatchback (1J1), rok produkcji: 1997-2005<br \/>\nVolkswagen Golf IV Variant (1J5), rok produkcji: 1999-2006<br \/>\nVolkswagen Golf Plus \/ Crossgolf (5M1, 521), rok produkcji: 2005-2013<br \/>\nVolkswagen Golf V Hatchback (1K1), rok produkcji: 2003-2009<br \/>\nVolkswagen Golf V Variant (1K5), rok produkcji: 2007-2009<br \/>\nVolkswagen Golf VI Hatchback (5K1), rok produkcji: 2008-2013<br \/>\nVolkswagen Golf VI Variant (AJ5), rok produkcji: 2009-2013<br \/>\nVolkswagen Jetta Mk5 (1K), rok produkcji: 2005-2010<br \/>\nVolkswagen Jetta Mk6 (162, 163, AV3, AV2), modele produkowane od roku 2010<br \/>\nVolkswagen New Beetle Cabrio (1Y7), rok produkcji: 2002-2010<br \/>\nVolkswagen New Beetle Hatchback (9C1, 1C1), rok produkcji: 1998-2010<br \/>\nVolkswagen Passat B3\/B4 Kombi (3A5, 35i), rok produkcji: 1988-1997<br \/>\nVolkswagen Passat B3\/B4 Sedan (3A2, 35i), rok produkcji: 1988-1997<br \/>\nVolkswagen Passat B6 Sedan (3C2), rok produkcji: 2005-2010<br \/>\nVolkswagen Passat B6 Variant (3C5), rok produkcji: 2005-2011<br \/>\nVolkswagen Passat B7 Sedan (362), rok produkcji: 2010-2014<br \/>\nVolkswagen Passat B7 Variant (365), rok produkcji: 2010-2014<br \/>\nVolkswagen Passat CC (357), rok produkcji: 2008-2012<br \/>\nVolkswagen Polo III Classic (6V2), gamybos metai: 1995\u20132006<br \/>\nVolkswagen Polo IV he\u010dbekas (9N), pagaminimo metai: 2001\u20132012<br \/>\nVolkswagen Polo IV sedanas (9N4), pagaminimo metai: 2002\u20132010<br \/>\n\u201eVolkswagen Polo V Hatchback\u201c (6R1, 6C1), modeliai, pagaminti nuo 2009 m.<br \/>\n\u201eVolkswagen Polo V\u201c sedanas (602, 604, 612, 614), modeliai, pagaminti nuo 2009 m.<br \/>\n\u201eVolkswagen Scirocco III\u201c (137, 138), pagaminimo metai: 2008\u20132017<br \/>\nVolkswagen Touran I (1T1, 1T2), pagaminimo metai: 2003\u20132010<br \/>\nVolkswagen Touran I (1T3), gamybos metai: 2010\u20132015<br \/>\nVolkswagen Vento (1H2), gamybos metai: 1991\u20131998<\/p>\n<p>Gamintojas: pakaitalas<br \/>\nTechnin\u0117 b\u016bkl\u0117: prek\u0117 yra visi\u0161kai nauja, nenaudota, nepa\u017eeista ir nesugadinta<\/p>\n","protected":false},"excerpt":{"rendered":"<p>1. Prek\u0117: Sankabos pedalo gr\u0105\u017einimo spyruokl\u01172. Gamintojas: pakeitimas3. Automobilis:Audi A1 8XAudi A2 8ZAudi A3 8L 8PAudi TT 8J 8N<\/p>\n","protected":false},"featured_media":58095,"comment_status":"open","ping_status":"closed","template":"","meta":[],"product_brand":[],"product_cat":[3933,3905,3934,3906,3902,3904,392,393,186,144,4778,4779,4806,4775,4807,4777,4689,4658,4690,4660,4661,4662,4013,3983,3984,3985,4012,3981,401],"product_tag":[],"class_list":{"0":"post-58094","1":"product","2":"type-product","3":"status-publish","4":"has-post-thumbnail","6":"product_cat-audi-tt-8j","7":"product_cat-audi-a3-8l","8":"product_cat-audi-tt-8n","9":"product_cat-audi-a3-8p","10":"product_cat-audi-a1-8x","11":"product_cat-audi-a2-8z","12":"product_cat-audi-a1","13":"product_cat-audi-a2","14":"product_cat-a3","15":"product_cat-audi","16":"product_cat-audi-a3-8l-salono-kitos-dalys","17":"product_cat-audi-a3-8p-salono-kitos-dalys","18":"product_cat-audi-tt-8j-salono-kitos-dalys","19":"product_cat-audi-a1-8x-salono-kitos-dalys","20":"product_cat-audi-tt-8n-salono-kitos-dalys","21":"product_cat-audi-a2-8z-salono-kitos-dalys","22":"product_cat-audi-tt-8j-mygtukai-mechanizmai","23":"product_cat-audi-a1-8x-mygtukai-mechanizmai","24":"product_cat-audi-tt-8n-mygtukai-mechanizmai","25":"product_cat-audi-a2-8z-mygtukai-mechanizmai","26":"product_cat-audi-a3-8l-mygtukai-mechanizmai","27":"product_cat-audi-a3-8p-mygtukai-mechanizmai","28":"product_cat-audi-tt-8n-salono-dalys","29":"product_cat-audi-a2-8z-salono-dalys","30":"product_cat-audi-a3-8l-salono-dalys","31":"product_cat-audi-a3-8p-salono-dalys","32":"product_cat-audi-tt-8j-salono-dalys","33":"product_cat-audi-a1-8x-salono-dalys","34":"product_cat-audi-tt","36":"first","37":"instock","38":"shipping-taxable","39":"purchasable","40":"product-type-simple"},"yoast_head":"<!-- This site is optimized with the Yoast SEO Premium plugin v25.2 (Yoast SEO v27.4) - https:\/\/yoast.com\/product\/yoast-seo-premium-wordpress\/ -->\n<title>Audi A1 8X A2 8Z A3 8L 8P TT 8J 8N sankabos pedalo gr\u0105\u017einimo spyruokl\u0117 - Erformance.eu<\/title>\n<meta name=\"robots\" content=\"index, follow, max-snippet:-1, max-image-preview:large, max-video-preview:-1\" \/>\n<link rel=\"canonical\" href=\"https:\/\/erformance.eu\/lv\/produkts\/audi-a1-8x-a2-8z-a3-8l-8p-tt-8j-8n-sankabos-pedalo-grazinimo-spyruokle\/\" \/>\n<meta property=\"og:locale\" content=\"lv_LV\" \/>\n<meta property=\"og:type\" content=\"article\" \/>\n<meta property=\"og:title\" content=\"Audi A1 8X A2 8Z A3 8L 8P TT 8J 8N sankabos pedalo gr\u0105\u017einimo spyruokl\u0117\" \/>\n<meta property=\"og:description\" content=\"1. Prek\u0117: Sankabos pedalo gr\u0105\u017einimo spyruokl\u01172. Gamintojas: pakeitimas3. Automobilis:Audi A1 8XAudi A2 8ZAudi A3 8L 8PAudi TT 8J 8N\" \/>\n<meta property=\"og:url\" content=\"https:\/\/erformance.eu\/lv\/produkts\/audi-a1-8x-a2-8z-a3-8l-8p-tt-8j-8n-sankabos-pedalo-grazinimo-spyruokle\/\" \/>\n<meta property=\"og:site_name\" content=\"Erformance.eu\" \/>\n<meta property=\"article:modified_time\" content=\"2026-03-05T15:44:56+00:00\" \/>\n<meta property=\"og:image\" content=\"https:\/\/erformance.eu\/wp-content\/uploads\/2026\/02\/pol_pm_Audi-A1-8X-A2-8Z-A3-8L-8P-TT-8J-8N-sprezyna-powrotna-pedalu-sprzegla-34890_1.jpg\" \/>\n\t<meta property=\"og:image:width\" content=\"1200\" \/>\n\t<meta property=\"og:image:height\" content=\"1200\" \/>\n\t<meta property=\"og:image:type\" content=\"image\/jpeg\" \/>\n<meta name=\"twitter:card\" content=\"summary_large_image\" \/>\n<meta name=\"twitter:label1\" content=\"Est. reading time\" \/>\n\t<meta name=\"twitter:data1\" content=\"3 min\u016btes\" \/>\n<script type=\"application\/ld+json\" class=\"yoast-schema-graph\">{\"@context\":\"https:\\\/\\\/schema.org\",\"@graph\":[{\"@type\":\"WebPage\",\"@id\":\"https:\\\/\\\/erformance.eu\\\/lv\\\/produkts\\\/audi-a1-8x-a2-8z-a3-8l-8p-tt-8j-8n-sankabos-pedalo-grazinimo-spyruokle\\\/\",\"url\":\"https:\\\/\\\/erformance.eu\\\/lv\\\/produkts\\\/audi-a1-8x-a2-8z-a3-8l-8p-tt-8j-8n-sankabos-pedalo-grazinimo-spyruokle\\\/\",\"name\":\"Audi A1 8X A2 8Z A3 8L 8P TT 8J 8N sankabos pedalo gr\u0105\u017einimo spyruokl\u0117 - Erformance.eu\",\"isPartOf\":{\"@id\":\"https:\\\/\\\/erformance.eu\\\/lv\\\/#website\"},\"primaryImageOfPage\":{\"@id\":\"https:\\\/\\\/erformance.eu\\\/lv\\\/produkts\\\/audi-a1-8x-a2-8z-a3-8l-8p-tt-8j-8n-sankabos-pedalo-grazinimo-spyruokle\\\/#primaryimage\"},\"image\":{\"@id\":\"https:\\\/\\\/erformance.eu\\\/lv\\\/produkts\\\/audi-a1-8x-a2-8z-a3-8l-8p-tt-8j-8n-sankabos-pedalo-grazinimo-spyruokle\\\/#primaryimage\"},\"thumbnailUrl\":\"https:\\\/\\\/erformance.eu\\\/wp-content\\\/uploads\\\/2026\\\/02\\\/pol_pm_Audi-A1-8X-A2-8Z-A3-8L-8P-TT-8J-8N-sprezyna-powrotna-pedalu-sprzegla-34890_1.jpg\",\"datePublished\":\"2026-02-16T11:49:08+00:00\",\"dateModified\":\"2026-03-05T15:44:56+00:00\",\"breadcrumb\":{\"@id\":\"https:\\\/\\\/erformance.eu\\\/lv\\\/produkts\\\/audi-a1-8x-a2-8z-a3-8l-8p-tt-8j-8n-sankabos-pedalo-grazinimo-spyruokle\\\/#breadcrumb\"},\"inLanguage\":\"lv-LV\",\"potentialAction\":[{\"@type\":\"ReadAction\",\"target\":[\"https:\\\/\\\/erformance.eu\\\/lv\\\/produkts\\\/audi-a1-8x-a2-8z-a3-8l-8p-tt-8j-8n-sankabos-pedalo-grazinimo-spyruokle\\\/\"]}]},{\"@type\":\"ImageObject\",\"inLanguage\":\"lv-LV\",\"@id\":\"https:\\\/\\\/erformance.eu\\\/lv\\\/produkts\\\/audi-a1-8x-a2-8z-a3-8l-8p-tt-8j-8n-sankabos-pedalo-grazinimo-spyruokle\\\/#primaryimage\",\"url\":\"https:\\\/\\\/erformance.eu\\\/wp-content\\\/uploads\\\/2026\\\/02\\\/pol_pm_Audi-A1-8X-A2-8Z-A3-8L-8P-TT-8J-8N-sprezyna-powrotna-pedalu-sprzegla-34890_1.jpg\",\"contentUrl\":\"https:\\\/\\\/erformance.eu\\\/wp-content\\\/uploads\\\/2026\\\/02\\\/pol_pm_Audi-A1-8X-A2-8Z-A3-8L-8P-TT-8J-8N-sprezyna-powrotna-pedalu-sprzegla-34890_1.jpg\",\"width\":1200,\"height\":1200},{\"@type\":\"BreadcrumbList\",\"@id\":\"https:\\\/\\\/erformance.eu\\\/lv\\\/produkts\\\/audi-a1-8x-a2-8z-a3-8l-8p-tt-8j-8n-sankabos-pedalo-grazinimo-spyruokle\\\/#breadcrumb\",\"itemListElement\":[{\"@type\":\"ListItem\",\"position\":1,\"name\":\"Home\",\"item\":\"https:\\\/\\\/erformance.eu\\\/lv\\\/\"},{\"@type\":\"ListItem\",\"position\":2,\"name\":\"Veikals\",\"item\":\"https:\\\/\\\/erformance.eu\\\/lv\\\/veikals\\\/\"},{\"@type\":\"ListItem\",\"position\":3,\"name\":\"Audi A1 8X A2 8Z A3 8L 8P TT 8J 8N sankabos pedalo gr\u0105\u017einimo spyruokl\u0117\"}]},{\"@type\":\"WebSite\",\"@id\":\"https:\\\/\\\/erformance.eu\\\/lv\\\/#website\",\"url\":\"https:\\\/\\\/erformance.eu\\\/lv\\\/\",\"name\":\"Erformance.eu\",\"description\":\"Automobili\u0173 dali\u0173 parduotuv\u0117\",\"potentialAction\":[{\"@type\":\"SearchAction\",\"target\":{\"@type\":\"EntryPoint\",\"urlTemplate\":\"https:\\\/\\\/erformance.eu\\\/lv\\\/?s={search_term_string}\"},\"query-input\":{\"@type\":\"PropertyValueSpecification\",\"valueRequired\":true,\"valueName\":\"search_term_string\"}}],\"inLanguage\":\"lv-LV\"}]}<\/script>\n<!-- \/ Yoast SEO Premium plugin. -->","yoast_head_json":{"title":"Audi A1 8X A2 8Z A3 8L 8P TT 8J 8N sankabos pedalo gr\u0105\u017einimo spyruokl\u0117 - Erformance.eu","robots":{"index":"index","follow":"follow","max-snippet":"max-snippet:-1","max-image-preview":"max-image-preview:large","max-video-preview":"max-video-preview:-1"},"canonical":"https:\/\/erformance.eu\/lv\/produkts\/audi-a1-8x-a2-8z-a3-8l-8p-tt-8j-8n-sankabos-pedalo-grazinimo-spyruokle\/","og_locale":"lv_LV","og_type":"article","og_title":"Audi A1 8X A2 8Z A3 8L 8P TT 8J 8N sankabos pedalo gr\u0105\u017einimo spyruokl\u0117","og_description":"1. Prek\u0117: Sankabos pedalo gr\u0105\u017einimo spyruokl\u01172. Gamintojas: pakeitimas3. Automobilis:Audi A1 8XAudi A2 8ZAudi A3 8L 8PAudi TT 8J 8N","og_url":"https:\/\/erformance.eu\/lv\/produkts\/audi-a1-8x-a2-8z-a3-8l-8p-tt-8j-8n-sankabos-pedalo-grazinimo-spyruokle\/","og_site_name":"Erformance.eu","article_modified_time":"2026-03-05T15:44:56+00:00","og_image":[{"width":1200,"height":1200,"url":"https:\/\/erformance.eu\/wp-content\/uploads\/2026\/02\/pol_pm_Audi-A1-8X-A2-8Z-A3-8L-8P-TT-8J-8N-sprezyna-powrotna-pedalu-sprzegla-34890_1.jpg","type":"image\/jpeg"}],"twitter_card":"summary_large_image","twitter_misc":{"Est. reading time":"3 min\u016btes"},"schema":{"@context":"https:\/\/schema.org","@graph":[{"@type":"WebPage","@id":"https:\/\/erformance.eu\/lv\/produkts\/audi-a1-8x-a2-8z-a3-8l-8p-tt-8j-8n-sankabos-pedalo-grazinimo-spyruokle\/","url":"https:\/\/erformance.eu\/lv\/produkts\/audi-a1-8x-a2-8z-a3-8l-8p-tt-8j-8n-sankabos-pedalo-grazinimo-spyruokle\/","name":"Audi A1 8X A2 8Z A3 8L 8P TT 8J 8N sankabos pedalo gr\u0105\u017einimo spyruokl\u0117 - Erformance.eu","isPartOf":{"@id":"https:\/\/erformance.eu\/lv\/#website"},"primaryImageOfPage":{"@id":"https:\/\/erformance.eu\/lv\/produkts\/audi-a1-8x-a2-8z-a3-8l-8p-tt-8j-8n-sankabos-pedalo-grazinimo-spyruokle\/#primaryimage"},"image":{"@id":"https:\/\/erformance.eu\/lv\/produkts\/audi-a1-8x-a2-8z-a3-8l-8p-tt-8j-8n-sankabos-pedalo-grazinimo-spyruokle\/#primaryimage"},"thumbnailUrl":"https:\/\/erformance.eu\/wp-content\/uploads\/2026\/02\/pol_pm_Audi-A1-8X-A2-8Z-A3-8L-8P-TT-8J-8N-sprezyna-powrotna-pedalu-sprzegla-34890_1.jpg","datePublished":"2026-02-16T11:49:08+00:00","dateModified":"2026-03-05T15:44:56+00:00","breadcrumb":{"@id":"https:\/\/erformance.eu\/lv\/produkts\/audi-a1-8x-a2-8z-a3-8l-8p-tt-8j-8n-sankabos-pedalo-grazinimo-spyruokle\/#breadcrumb"},"inLanguage":"lv-LV","potentialAction":[{"@type":"ReadAction","target":["https:\/\/erformance.eu\/lv\/produkts\/audi-a1-8x-a2-8z-a3-8l-8p-tt-8j-8n-sankabos-pedalo-grazinimo-spyruokle\/"]}]},{"@type":"ImageObject","inLanguage":"lv-LV","@id":"https:\/\/erformance.eu\/lv\/produkts\/audi-a1-8x-a2-8z-a3-8l-8p-tt-8j-8n-sankabos-pedalo-grazinimo-spyruokle\/#primaryimage","url":"https:\/\/erformance.eu\/wp-content\/uploads\/2026\/02\/pol_pm_Audi-A1-8X-A2-8Z-A3-8L-8P-TT-8J-8N-sprezyna-powrotna-pedalu-sprzegla-34890_1.jpg","contentUrl":"https:\/\/erformance.eu\/wp-content\/uploads\/2026\/02\/pol_pm_Audi-A1-8X-A2-8Z-A3-8L-8P-TT-8J-8N-sprezyna-powrotna-pedalu-sprzegla-34890_1.jpg","width":1200,"height":1200},{"@type":"BreadcrumbList","@id":"https:\/\/erformance.eu\/lv\/produkts\/audi-a1-8x-a2-8z-a3-8l-8p-tt-8j-8n-sankabos-pedalo-grazinimo-spyruokle\/#breadcrumb","itemListElement":[{"@type":"ListItem","position":1,"name":"Home","item":"https:\/\/erformance.eu\/lv\/"},{"@type":"ListItem","position":2,"name":"Veikals","item":"https:\/\/erformance.eu\/lv\/veikals\/"},{"@type":"ListItem","position":3,"name":"Audi A1 8X A2 8Z A3 8L 8P TT 8J 8N sankabos pedalo gr\u0105\u017einimo spyruokl\u0117"}]},{"@type":"WebSite","@id":"https:\/\/erformance.eu\/lv\/#website","url":"https:\/\/erformance.eu\/lv\/","name":"Erformance.eu","description":"Automobili\u0173 dali\u0173 parduotuv\u0117","potentialAction":[{"@type":"SearchAction","target":{"@type":"EntryPoint","urlTemplate":"https:\/\/erformance.eu\/lv\/?s={search_term_string}"},"query-input":{"@type":"PropertyValueSpecification","valueRequired":true,"valueName":"search_term_string"}}],"inLanguage":"lv-LV"}]}},"jetpack_sharing_enabled":true,"_links":{"self":[{"href":"https:\/\/erformance.eu\/lv\/wp-json\/wp\/v2\/product\/58094","targetHints":{"allow":["GET"]}}],"collection":[{"href":"https:\/\/erformance.eu\/lv\/wp-json\/wp\/v2\/product"}],"about":[{"href":"https:\/\/erformance.eu\/lv\/wp-json\/wp\/v2\/types\/product"}],"replies":[{"embeddable":true,"href":"https:\/\/erformance.eu\/lv\/wp-json\/wp\/v2\/comments?post=58094"}],"version-history":[{"count":1,"href":"https:\/\/erformance.eu\/lv\/wp-json\/wp\/v2\/product\/58094\/revisions"}],"predecessor-version":[{"id":58105,"href":"https:\/\/erformance.eu\/lv\/wp-json\/wp\/v2\/product\/58094\/revisions\/58105"}],"wp:featuredmedia":[{"embeddable":true,"href":"https:\/\/erformance.eu\/lv\/wp-json\/wp\/v2\/media\/58095"}],"wp:attachment":[{"href":"https:\/\/erformance.eu\/lv\/wp-json\/wp\/v2\/media?parent=58094"}],"wp:term":[{"taxonomy":"product_brand","embeddable":true,"href":"https:\/\/erformance.eu\/lv\/wp-json\/wp\/v2\/product_brand?post=58094"},{"taxonomy":"product_cat","embeddable":true,"href":"https:\/\/erformance.eu\/lv\/wp-json\/wp\/v2\/product_cat?post=58094"},{"taxonomy":"product_tag","embeddable":true,"href":"https:\/\/erformance.eu\/lv\/wp-json\/wp\/v2\/product_tag?post=58094"}],"curies":[{"name":"wp","href":"https:\/\/api.w.org\/{rel}","templated":true}]}}