{"id":58224,"date":"2026-02-16T14:49:52","date_gmt":"2026-02-16T11:49:52","guid":{"rendered":"https:\/\/erformance.eu\/?post_type=product&#038;p=58224"},"modified":"2026-03-10T02:22:42","modified_gmt":"2026-03-09T23:22:42","slug":"audi-a3-00-03-1-9-tdi-turbo-zarna","status":"publish","type":"product","link":"https:\/\/erformance.eu\/lv\/produkts\/audi-a3-00-03-1-9-tdi-turbo-zarna\/","title":{"rendered":"Audi A3 00-03 1.9 TDi turbo \u017earna"},"content":{"rendered":"<p>Prek\u0117:\u00a0 turbo \u017earna<br \/>\nOE numeris:\u00a0 1J0145838T<br \/>\nAutomobilis:<\/p>\n<p>Audi A3 , gamybos metai: 2000\u20132003<br \/>\nVW Bora , gamybos metai: 1998\u20132005<br \/>\nVW Golf IV , gamybos metai: 1997\u20132004<\/p>\n<p>Variklis:\u00a0 1.9 TDI<br \/>\nGamintojas:\u00a0 pakaitalas<br \/>\nTechnin\u0117 b\u016bkl\u0117:\u00a0 prek\u0117 yra visi\u0161kai nauja, nenaudota, nepa\u017eeista ir nesugadinta<br \/>\nD\u0116MESIO!<\/p>\n<p>Prie\u0161 pirkdami, palyginkite nuotraukoje raudona rodykle pa\u017eym\u0117tus skirtukus!!!<\/p>\n","protected":false},"excerpt":{"rendered":"<p>1. Prek\u0117: Turbo \u017earna2. Gamintojas: pakeitimas3. Automobilis:    * Audi A3 00-03    * VW Bora 98-05    * VW Golf IV 97-04<\/p>\n","protected":false},"featured_media":58225,"comment_status":"open","ping_status":"closed","template":"","meta":[],"product_brand":[],"product_cat":[3905,186,144,3945,4150],"product_tag":[],"class_list":{"0":"post-58224","1":"product","2":"type-product","3":"status-publish","4":"has-post-thumbnail","6":"product_cat-audi-a3-8l","7":"product_cat-a3","8":"product_cat-audi","9":"product_cat-audi-a3-8l-isores-dalys","10":"product_cat-audi-a3-8l-isores-kitos-dalys","12":"first","13":"instock","14":"shipping-taxable","15":"purchasable","16":"product-type-simple"},"yoast_head":"<!-- This site is optimized with the Yoast SEO Premium plugin v25.2 (Yoast SEO v27.4) - https:\/\/yoast.com\/product\/yoast-seo-premium-wordpress\/ -->\n<title>Audi A3 00-03 1.9 TDi turbo \u017earna - Erformance.eu<\/title>\n<meta name=\"robots\" content=\"index, follow, max-snippet:-1, max-image-preview:large, max-video-preview:-1\" \/>\n<link rel=\"canonical\" href=\"https:\/\/erformance.eu\/lv\/produkts\/audi-a3-00-03-1-9-tdi-turbo-zarna\/\" \/>\n<meta property=\"og:locale\" content=\"lv_LV\" \/>\n<meta property=\"og:type\" content=\"article\" \/>\n<meta property=\"og:title\" content=\"Audi A3 00-03 1.9 TDi turbo \u017earna\" \/>\n<meta property=\"og:description\" content=\"1. Prek\u0117: Turbo \u017earna2. Gamintojas: pakeitimas3. Automobilis:  * Audi A3 00-03  * VW Bora 98-05  * VW Golf IV 97-04\" \/>\n<meta property=\"og:url\" content=\"https:\/\/erformance.eu\/lv\/produkts\/audi-a3-00-03-1-9-tdi-turbo-zarna\/\" \/>\n<meta property=\"og:site_name\" content=\"Erformance.eu\" \/>\n<meta property=\"article:modified_time\" content=\"2026-03-09T23:22:42+00:00\" \/>\n<meta property=\"og:image\" content=\"https:\/\/erformance.eu\/wp-content\/uploads\/2026\/02\/pol_pm_Audi-A3-00-03-1-9-TDi-waz-turbo-6175_1.jpg\" \/>\n\t<meta property=\"og:image:width\" content=\"667\" \/>\n\t<meta property=\"og:image:height\" content=\"500\" \/>\n\t<meta property=\"og:image:type\" content=\"image\/jpeg\" \/>\n<meta name=\"twitter:card\" content=\"summary_large_image\" \/>\n<script type=\"application\/ld+json\" class=\"yoast-schema-graph\">{\"@context\":\"https:\\\/\\\/schema.org\",\"@graph\":[{\"@type\":\"WebPage\",\"@id\":\"https:\\\/\\\/erformance.eu\\\/lv\\\/produkts\\\/audi-a3-00-03-1-9-tdi-turbo-zarna\\\/\",\"url\":\"https:\\\/\\\/erformance.eu\\\/lv\\\/produkts\\\/audi-a3-00-03-1-9-tdi-turbo-zarna\\\/\",\"name\":\"Audi A3 00-03 1.9 TDi turbo \u017earna - Erformance.eu\",\"isPartOf\":{\"@id\":\"https:\\\/\\\/erformance.eu\\\/lv\\\/#website\"},\"primaryImageOfPage\":{\"@id\":\"https:\\\/\\\/erformance.eu\\\/lv\\\/produkts\\\/audi-a3-00-03-1-9-tdi-turbo-zarna\\\/#primaryimage\"},\"image\":{\"@id\":\"https:\\\/\\\/erformance.eu\\\/lv\\\/produkts\\\/audi-a3-00-03-1-9-tdi-turbo-zarna\\\/#primaryimage\"},\"thumbnailUrl\":\"https:\\\/\\\/erformance.eu\\\/wp-content\\\/uploads\\\/2026\\\/02\\\/pol_pm_Audi-A3-00-03-1-9-TDi-waz-turbo-6175_1.jpg\",\"datePublished\":\"2026-02-16T11:49:52+00:00\",\"dateModified\":\"2026-03-09T23:22:42+00:00\",\"breadcrumb\":{\"@id\":\"https:\\\/\\\/erformance.eu\\\/lv\\\/produkts\\\/audi-a3-00-03-1-9-tdi-turbo-zarna\\\/#breadcrumb\"},\"inLanguage\":\"lv-LV\",\"potentialAction\":[{\"@type\":\"ReadAction\",\"target\":[\"https:\\\/\\\/erformance.eu\\\/lv\\\/produkts\\\/audi-a3-00-03-1-9-tdi-turbo-zarna\\\/\"]}]},{\"@type\":\"ImageObject\",\"inLanguage\":\"lv-LV\",\"@id\":\"https:\\\/\\\/erformance.eu\\\/lv\\\/produkts\\\/audi-a3-00-03-1-9-tdi-turbo-zarna\\\/#primaryimage\",\"url\":\"https:\\\/\\\/erformance.eu\\\/wp-content\\\/uploads\\\/2026\\\/02\\\/pol_pm_Audi-A3-00-03-1-9-TDi-waz-turbo-6175_1.jpg\",\"contentUrl\":\"https:\\\/\\\/erformance.eu\\\/wp-content\\\/uploads\\\/2026\\\/02\\\/pol_pm_Audi-A3-00-03-1-9-TDi-waz-turbo-6175_1.jpg\",\"width\":667,\"height\":500},{\"@type\":\"BreadcrumbList\",\"@id\":\"https:\\\/\\\/erformance.eu\\\/lv\\\/produkts\\\/audi-a3-00-03-1-9-tdi-turbo-zarna\\\/#breadcrumb\",\"itemListElement\":[{\"@type\":\"ListItem\",\"position\":1,\"name\":\"Home\",\"item\":\"https:\\\/\\\/erformance.eu\\\/lv\\\/\"},{\"@type\":\"ListItem\",\"position\":2,\"name\":\"Veikals\",\"item\":\"https:\\\/\\\/erformance.eu\\\/lv\\\/veikals\\\/\"},{\"@type\":\"ListItem\",\"position\":3,\"name\":\"Audi A3 00-03 1.9 TDi turbo \u017earna\"}]},{\"@type\":\"WebSite\",\"@id\":\"https:\\\/\\\/erformance.eu\\\/lv\\\/#website\",\"url\":\"https:\\\/\\\/erformance.eu\\\/lv\\\/\",\"name\":\"Erformance.eu\",\"description\":\"Automobili\u0173 dali\u0173 parduotuv\u0117\",\"potentialAction\":[{\"@type\":\"SearchAction\",\"target\":{\"@type\":\"EntryPoint\",\"urlTemplate\":\"https:\\\/\\\/erformance.eu\\\/lv\\\/?s={search_term_string}\"},\"query-input\":{\"@type\":\"PropertyValueSpecification\",\"valueRequired\":true,\"valueName\":\"search_term_string\"}}],\"inLanguage\":\"lv-LV\"}]}<\/script>\n<!-- \/ Yoast SEO Premium plugin. -->","yoast_head_json":{"title":"Audi A3 00-03 1.9 TDi turbo \u017earna - Erformance.eu","robots":{"index":"index","follow":"follow","max-snippet":"max-snippet:-1","max-image-preview":"max-image-preview:large","max-video-preview":"max-video-preview:-1"},"canonical":"https:\/\/erformance.eu\/lv\/produkts\/audi-a3-00-03-1-9-tdi-turbo-zarna\/","og_locale":"lv_LV","og_type":"article","og_title":"Audi A3 00-03 1.9 TDi turbo \u017earna","og_description":"1. Prek\u0117: Turbo \u017earna2. Gamintojas: pakeitimas3. Automobilis:  * Audi A3 00-03  * VW Bora 98-05  * VW Golf IV 97-04","og_url":"https:\/\/erformance.eu\/lv\/produkts\/audi-a3-00-03-1-9-tdi-turbo-zarna\/","og_site_name":"Erformance.eu","article_modified_time":"2026-03-09T23:22:42+00:00","og_image":[{"width":667,"height":500,"url":"https:\/\/erformance.eu\/wp-content\/uploads\/2026\/02\/pol_pm_Audi-A3-00-03-1-9-TDi-waz-turbo-6175_1.jpg","type":"image\/jpeg"}],"twitter_card":"summary_large_image","schema":{"@context":"https:\/\/schema.org","@graph":[{"@type":"WebPage","@id":"https:\/\/erformance.eu\/lv\/produkts\/audi-a3-00-03-1-9-tdi-turbo-zarna\/","url":"https:\/\/erformance.eu\/lv\/produkts\/audi-a3-00-03-1-9-tdi-turbo-zarna\/","name":"Audi A3 00-03 1.9 TDi turbo \u017earna - Erformance.eu","isPartOf":{"@id":"https:\/\/erformance.eu\/lv\/#website"},"primaryImageOfPage":{"@id":"https:\/\/erformance.eu\/lv\/produkts\/audi-a3-00-03-1-9-tdi-turbo-zarna\/#primaryimage"},"image":{"@id":"https:\/\/erformance.eu\/lv\/produkts\/audi-a3-00-03-1-9-tdi-turbo-zarna\/#primaryimage"},"thumbnailUrl":"https:\/\/erformance.eu\/wp-content\/uploads\/2026\/02\/pol_pm_Audi-A3-00-03-1-9-TDi-waz-turbo-6175_1.jpg","datePublished":"2026-02-16T11:49:52+00:00","dateModified":"2026-03-09T23:22:42+00:00","breadcrumb":{"@id":"https:\/\/erformance.eu\/lv\/produkts\/audi-a3-00-03-1-9-tdi-turbo-zarna\/#breadcrumb"},"inLanguage":"lv-LV","potentialAction":[{"@type":"ReadAction","target":["https:\/\/erformance.eu\/lv\/produkts\/audi-a3-00-03-1-9-tdi-turbo-zarna\/"]}]},{"@type":"ImageObject","inLanguage":"lv-LV","@id":"https:\/\/erformance.eu\/lv\/produkts\/audi-a3-00-03-1-9-tdi-turbo-zarna\/#primaryimage","url":"https:\/\/erformance.eu\/wp-content\/uploads\/2026\/02\/pol_pm_Audi-A3-00-03-1-9-TDi-waz-turbo-6175_1.jpg","contentUrl":"https:\/\/erformance.eu\/wp-content\/uploads\/2026\/02\/pol_pm_Audi-A3-00-03-1-9-TDi-waz-turbo-6175_1.jpg","width":667,"height":500},{"@type":"BreadcrumbList","@id":"https:\/\/erformance.eu\/lv\/produkts\/audi-a3-00-03-1-9-tdi-turbo-zarna\/#breadcrumb","itemListElement":[{"@type":"ListItem","position":1,"name":"Home","item":"https:\/\/erformance.eu\/lv\/"},{"@type":"ListItem","position":2,"name":"Veikals","item":"https:\/\/erformance.eu\/lv\/veikals\/"},{"@type":"ListItem","position":3,"name":"Audi A3 00-03 1.9 TDi turbo \u017earna"}]},{"@type":"WebSite","@id":"https:\/\/erformance.eu\/lv\/#website","url":"https:\/\/erformance.eu\/lv\/","name":"Erformance.eu","description":"Automobili\u0173 dali\u0173 parduotuv\u0117","potentialAction":[{"@type":"SearchAction","target":{"@type":"EntryPoint","urlTemplate":"https:\/\/erformance.eu\/lv\/?s={search_term_string}"},"query-input":{"@type":"PropertyValueSpecification","valueRequired":true,"valueName":"search_term_string"}}],"inLanguage":"lv-LV"}]}},"jetpack_sharing_enabled":true,"_links":{"self":[{"href":"https:\/\/erformance.eu\/lv\/wp-json\/wp\/v2\/product\/58224","targetHints":{"allow":["GET"]}}],"collection":[{"href":"https:\/\/erformance.eu\/lv\/wp-json\/wp\/v2\/product"}],"about":[{"href":"https:\/\/erformance.eu\/lv\/wp-json\/wp\/v2\/types\/product"}],"replies":[{"embeddable":true,"href":"https:\/\/erformance.eu\/lv\/wp-json\/wp\/v2\/comments?post=58224"}],"version-history":[{"count":1,"href":"https:\/\/erformance.eu\/lv\/wp-json\/wp\/v2\/product\/58224\/revisions"}],"predecessor-version":[{"id":58235,"href":"https:\/\/erformance.eu\/lv\/wp-json\/wp\/v2\/product\/58224\/revisions\/58235"}],"wp:featuredmedia":[{"embeddable":true,"href":"https:\/\/erformance.eu\/lv\/wp-json\/wp\/v2\/media\/58225"}],"wp:attachment":[{"href":"https:\/\/erformance.eu\/lv\/wp-json\/wp\/v2\/media?parent=58224"}],"wp:term":[{"taxonomy":"product_brand","embeddable":true,"href":"https:\/\/erformance.eu\/lv\/wp-json\/wp\/v2\/product_brand?post=58224"},{"taxonomy":"product_cat","embeddable":true,"href":"https:\/\/erformance.eu\/lv\/wp-json\/wp\/v2\/product_cat?post=58224"},{"taxonomy":"product_tag","embeddable":true,"href":"https:\/\/erformance.eu\/lv\/wp-json\/wp\/v2\/product_tag?post=58224"}],"curies":[{"name":"wp","href":"https:\/\/api.w.org\/{rel}","templated":true}]}}