{"id":58420,"date":"2026-02-16T14:50:56","date_gmt":"2026-02-16T11:50:56","guid":{"rendered":"https:\/\/erformance.eu\/?post_type=product&#038;p=58420"},"modified":"2026-03-12T18:33:12","modified_gmt":"2026-03-12T15:33:12","slug":"audi-a4-b8-fl-11-15-zibinto-laikiklis-apatinis-kaire","status":"publish","type":"product","link":"https:\/\/erformance.eu\/lv\/produkts\/audi-a4-b8-fl-11-15-zibinto-laikiklis-apatinis-kaire\/","title":{"rendered":"Audi A4 B8 FL 11-15 \u017eibinto laikiklis APATINIS kair\u0117"},"content":{"rendered":"<p>Tema: priekinio \u017eibinto laikiklis<br \/>\nPus\u0117: Kair\u0117 (vairuotojo pus\u0117)<br \/>\nOriginalus numeris: 8K0805607B<br \/>\nPASTABA: auk\u0161\u010diau pateikti numeriai yra original\u016bs dali\u0173 numeriai, kuriuos \u0161is pasi\u016blymas pakei\u010dia. Prie\u0161 pirkdami, palyginkite juos su originaliu dalies numeriu. Jei jie skiriasi net vienu simboliu, dalis netiks, neveiks arba veiks netinkamai. Tokiu atveju jos nepirkite.<br \/>\nAutomobilis: Audi A4 B8 FL (atnaujintas)<br \/>\nPagaminimo metai: 2011\u20132015<br \/>\nGamintojas: pakaitalas<br \/>\nTechnin\u0117 b\u016bkl\u0117: prek\u0117 yra visi\u0161kai nauja, nenaudota, nepa\u017eeista ir nesugadinta<\/p>\n","protected":false},"excerpt":{"rendered":"<p>1. Prek\u0117: priekinio \u017eibinto laikiklis2. Pus\u0117: kair\u01173. Gamintojas: pakeitimas4. Automobilis: Audi A4 B8 FL5. Pagaminimo metai: 2011\u20132015<\/p>\n","protected":false},"featured_media":58421,"comment_status":"open","ping_status":"closed","template":"","meta":[],"product_brand":[],"product_cat":[390,144,3911,3951,4273],"product_tag":[],"class_list":{"0":"post-58420","1":"product","2":"type-product","3":"status-publish","4":"has-post-thumbnail","6":"product_cat-audi-a4","7":"product_cat-audi","8":"product_cat-audi-a4-b8","9":"product_cat-audi-a4-b8-isores-dalys","10":"product_cat-audi-a4-b8-zibintai-apsvietimas","12":"first","13":"instock","14":"shipping-taxable","15":"purchasable","16":"product-type-simple"},"yoast_head":"<!-- This site is optimized with the Yoast SEO Premium plugin v25.2 (Yoast SEO v27.4) - https:\/\/yoast.com\/product\/yoast-seo-premium-wordpress\/ -->\n<title>Audi A4 B8 FL 11-15 \u017eibinto laikiklis APATINIS kair\u0117 - Erformance.eu<\/title>\n<meta name=\"robots\" content=\"index, follow, max-snippet:-1, max-image-preview:large, max-video-preview:-1\" \/>\n<link rel=\"canonical\" href=\"https:\/\/erformance.eu\/lv\/produkts\/audi-a4-b8-fl-11-15-zibinto-laikiklis-apatinis-kaire\/\" \/>\n<meta property=\"og:locale\" content=\"lv_LV\" \/>\n<meta property=\"og:type\" content=\"article\" \/>\n<meta property=\"og:title\" content=\"Audi A4 B8 FL 11-15 \u017eibinto laikiklis APATINIS kair\u0117\" \/>\n<meta property=\"og:description\" content=\"1. Prek\u0117: priekinio \u017eibinto laikiklis2. Pus\u0117: kair\u01173. Gamintojas: pakeitimas4. Automobilis: Audi A4 B8 FL5. Pagaminimo metai: 2011\u20132015\" \/>\n<meta property=\"og:url\" content=\"https:\/\/erformance.eu\/lv\/produkts\/audi-a4-b8-fl-11-15-zibinto-laikiklis-apatinis-kaire\/\" \/>\n<meta property=\"og:site_name\" content=\"Erformance.eu\" \/>\n<meta property=\"article:modified_time\" content=\"2026-03-12T15:33:12+00:00\" \/>\n<meta property=\"og:image\" content=\"https:\/\/erformance.eu\/wp-content\/uploads\/2026\/02\/pol_pm_Audi-A4-B8-FL-11-15-mocowanie-reflektora-DOLNE-lewe-20529_1.jpg\" \/>\n\t<meta property=\"og:image:width\" content=\"1200\" \/>\n\t<meta property=\"og:image:height\" content=\"900\" \/>\n\t<meta property=\"og:image:type\" content=\"image\/jpeg\" \/>\n<meta name=\"twitter:card\" content=\"summary_large_image\" \/>\n<script type=\"application\/ld+json\" class=\"yoast-schema-graph\">{\"@context\":\"https:\\\/\\\/schema.org\",\"@graph\":[{\"@type\":\"WebPage\",\"@id\":\"https:\\\/\\\/erformance.eu\\\/lv\\\/produkts\\\/audi-a4-b8-fl-11-15-zibinto-laikiklis-apatinis-kaire\\\/\",\"url\":\"https:\\\/\\\/erformance.eu\\\/lv\\\/produkts\\\/audi-a4-b8-fl-11-15-zibinto-laikiklis-apatinis-kaire\\\/\",\"name\":\"Audi A4 B8 FL 11-15 \u017eibinto laikiklis APATINIS kair\u0117 - Erformance.eu\",\"isPartOf\":{\"@id\":\"https:\\\/\\\/erformance.eu\\\/lv\\\/#website\"},\"primaryImageOfPage\":{\"@id\":\"https:\\\/\\\/erformance.eu\\\/lv\\\/produkts\\\/audi-a4-b8-fl-11-15-zibinto-laikiklis-apatinis-kaire\\\/#primaryimage\"},\"image\":{\"@id\":\"https:\\\/\\\/erformance.eu\\\/lv\\\/produkts\\\/audi-a4-b8-fl-11-15-zibinto-laikiklis-apatinis-kaire\\\/#primaryimage\"},\"thumbnailUrl\":\"https:\\\/\\\/erformance.eu\\\/wp-content\\\/uploads\\\/2026\\\/02\\\/pol_pm_Audi-A4-B8-FL-11-15-mocowanie-reflektora-DOLNE-lewe-20529_1.jpg\",\"datePublished\":\"2026-02-16T11:50:56+00:00\",\"dateModified\":\"2026-03-12T15:33:12+00:00\",\"breadcrumb\":{\"@id\":\"https:\\\/\\\/erformance.eu\\\/lv\\\/produkts\\\/audi-a4-b8-fl-11-15-zibinto-laikiklis-apatinis-kaire\\\/#breadcrumb\"},\"inLanguage\":\"lv-LV\",\"potentialAction\":[{\"@type\":\"ReadAction\",\"target\":[\"https:\\\/\\\/erformance.eu\\\/lv\\\/produkts\\\/audi-a4-b8-fl-11-15-zibinto-laikiklis-apatinis-kaire\\\/\"]}]},{\"@type\":\"ImageObject\",\"inLanguage\":\"lv-LV\",\"@id\":\"https:\\\/\\\/erformance.eu\\\/lv\\\/produkts\\\/audi-a4-b8-fl-11-15-zibinto-laikiklis-apatinis-kaire\\\/#primaryimage\",\"url\":\"https:\\\/\\\/erformance.eu\\\/wp-content\\\/uploads\\\/2026\\\/02\\\/pol_pm_Audi-A4-B8-FL-11-15-mocowanie-reflektora-DOLNE-lewe-20529_1.jpg\",\"contentUrl\":\"https:\\\/\\\/erformance.eu\\\/wp-content\\\/uploads\\\/2026\\\/02\\\/pol_pm_Audi-A4-B8-FL-11-15-mocowanie-reflektora-DOLNE-lewe-20529_1.jpg\",\"width\":1200,\"height\":900},{\"@type\":\"BreadcrumbList\",\"@id\":\"https:\\\/\\\/erformance.eu\\\/lv\\\/produkts\\\/audi-a4-b8-fl-11-15-zibinto-laikiklis-apatinis-kaire\\\/#breadcrumb\",\"itemListElement\":[{\"@type\":\"ListItem\",\"position\":1,\"name\":\"Home\",\"item\":\"https:\\\/\\\/erformance.eu\\\/lv\\\/\"},{\"@type\":\"ListItem\",\"position\":2,\"name\":\"Veikals\",\"item\":\"https:\\\/\\\/erformance.eu\\\/lv\\\/veikals\\\/\"},{\"@type\":\"ListItem\",\"position\":3,\"name\":\"Audi A4 B8 FL 11-15 \u017eibinto laikiklis APATINIS kair\u0117\"}]},{\"@type\":\"WebSite\",\"@id\":\"https:\\\/\\\/erformance.eu\\\/lv\\\/#website\",\"url\":\"https:\\\/\\\/erformance.eu\\\/lv\\\/\",\"name\":\"Erformance.eu\",\"description\":\"Automobili\u0173 dali\u0173 parduotuv\u0117\",\"potentialAction\":[{\"@type\":\"SearchAction\",\"target\":{\"@type\":\"EntryPoint\",\"urlTemplate\":\"https:\\\/\\\/erformance.eu\\\/lv\\\/?s={search_term_string}\"},\"query-input\":{\"@type\":\"PropertyValueSpecification\",\"valueRequired\":true,\"valueName\":\"search_term_string\"}}],\"inLanguage\":\"lv-LV\"}]}<\/script>\n<!-- \/ Yoast SEO Premium plugin. -->","yoast_head_json":{"title":"Audi A4 B8 FL 11-15 \u017eibinto laikiklis APATINIS kair\u0117 - Erformance.eu","robots":{"index":"index","follow":"follow","max-snippet":"max-snippet:-1","max-image-preview":"max-image-preview:large","max-video-preview":"max-video-preview:-1"},"canonical":"https:\/\/erformance.eu\/lv\/produkts\/audi-a4-b8-fl-11-15-zibinto-laikiklis-apatinis-kaire\/","og_locale":"lv_LV","og_type":"article","og_title":"Audi A4 B8 FL 11-15 \u017eibinto laikiklis APATINIS kair\u0117","og_description":"1. Prek\u0117: priekinio \u017eibinto laikiklis2. Pus\u0117: kair\u01173. Gamintojas: pakeitimas4. Automobilis: Audi A4 B8 FL5. Pagaminimo metai: 2011\u20132015","og_url":"https:\/\/erformance.eu\/lv\/produkts\/audi-a4-b8-fl-11-15-zibinto-laikiklis-apatinis-kaire\/","og_site_name":"Erformance.eu","article_modified_time":"2026-03-12T15:33:12+00:00","og_image":[{"width":1200,"height":900,"url":"https:\/\/erformance.eu\/wp-content\/uploads\/2026\/02\/pol_pm_Audi-A4-B8-FL-11-15-mocowanie-reflektora-DOLNE-lewe-20529_1.jpg","type":"image\/jpeg"}],"twitter_card":"summary_large_image","schema":{"@context":"https:\/\/schema.org","@graph":[{"@type":"WebPage","@id":"https:\/\/erformance.eu\/lv\/produkts\/audi-a4-b8-fl-11-15-zibinto-laikiklis-apatinis-kaire\/","url":"https:\/\/erformance.eu\/lv\/produkts\/audi-a4-b8-fl-11-15-zibinto-laikiklis-apatinis-kaire\/","name":"Audi A4 B8 FL 11-15 \u017eibinto laikiklis APATINIS kair\u0117 - Erformance.eu","isPartOf":{"@id":"https:\/\/erformance.eu\/lv\/#website"},"primaryImageOfPage":{"@id":"https:\/\/erformance.eu\/lv\/produkts\/audi-a4-b8-fl-11-15-zibinto-laikiklis-apatinis-kaire\/#primaryimage"},"image":{"@id":"https:\/\/erformance.eu\/lv\/produkts\/audi-a4-b8-fl-11-15-zibinto-laikiklis-apatinis-kaire\/#primaryimage"},"thumbnailUrl":"https:\/\/erformance.eu\/wp-content\/uploads\/2026\/02\/pol_pm_Audi-A4-B8-FL-11-15-mocowanie-reflektora-DOLNE-lewe-20529_1.jpg","datePublished":"2026-02-16T11:50:56+00:00","dateModified":"2026-03-12T15:33:12+00:00","breadcrumb":{"@id":"https:\/\/erformance.eu\/lv\/produkts\/audi-a4-b8-fl-11-15-zibinto-laikiklis-apatinis-kaire\/#breadcrumb"},"inLanguage":"lv-LV","potentialAction":[{"@type":"ReadAction","target":["https:\/\/erformance.eu\/lv\/produkts\/audi-a4-b8-fl-11-15-zibinto-laikiklis-apatinis-kaire\/"]}]},{"@type":"ImageObject","inLanguage":"lv-LV","@id":"https:\/\/erformance.eu\/lv\/produkts\/audi-a4-b8-fl-11-15-zibinto-laikiklis-apatinis-kaire\/#primaryimage","url":"https:\/\/erformance.eu\/wp-content\/uploads\/2026\/02\/pol_pm_Audi-A4-B8-FL-11-15-mocowanie-reflektora-DOLNE-lewe-20529_1.jpg","contentUrl":"https:\/\/erformance.eu\/wp-content\/uploads\/2026\/02\/pol_pm_Audi-A4-B8-FL-11-15-mocowanie-reflektora-DOLNE-lewe-20529_1.jpg","width":1200,"height":900},{"@type":"BreadcrumbList","@id":"https:\/\/erformance.eu\/lv\/produkts\/audi-a4-b8-fl-11-15-zibinto-laikiklis-apatinis-kaire\/#breadcrumb","itemListElement":[{"@type":"ListItem","position":1,"name":"Home","item":"https:\/\/erformance.eu\/lv\/"},{"@type":"ListItem","position":2,"name":"Veikals","item":"https:\/\/erformance.eu\/lv\/veikals\/"},{"@type":"ListItem","position":3,"name":"Audi A4 B8 FL 11-15 \u017eibinto laikiklis APATINIS kair\u0117"}]},{"@type":"WebSite","@id":"https:\/\/erformance.eu\/lv\/#website","url":"https:\/\/erformance.eu\/lv\/","name":"Erformance.eu","description":"Automobili\u0173 dali\u0173 parduotuv\u0117","potentialAction":[{"@type":"SearchAction","target":{"@type":"EntryPoint","urlTemplate":"https:\/\/erformance.eu\/lv\/?s={search_term_string}"},"query-input":{"@type":"PropertyValueSpecification","valueRequired":true,"valueName":"search_term_string"}}],"inLanguage":"lv-LV"}]}},"jetpack_sharing_enabled":true,"_links":{"self":[{"href":"https:\/\/erformance.eu\/lv\/wp-json\/wp\/v2\/product\/58420","targetHints":{"allow":["GET"]}}],"collection":[{"href":"https:\/\/erformance.eu\/lv\/wp-json\/wp\/v2\/product"}],"about":[{"href":"https:\/\/erformance.eu\/lv\/wp-json\/wp\/v2\/types\/product"}],"replies":[{"embeddable":true,"href":"https:\/\/erformance.eu\/lv\/wp-json\/wp\/v2\/comments?post=58420"}],"version-history":[{"count":1,"href":"https:\/\/erformance.eu\/lv\/wp-json\/wp\/v2\/product\/58420\/revisions"}],"predecessor-version":[{"id":58423,"href":"https:\/\/erformance.eu\/lv\/wp-json\/wp\/v2\/product\/58420\/revisions\/58423"}],"wp:featuredmedia":[{"embeddable":true,"href":"https:\/\/erformance.eu\/lv\/wp-json\/wp\/v2\/media\/58421"}],"wp:attachment":[{"href":"https:\/\/erformance.eu\/lv\/wp-json\/wp\/v2\/media?parent=58420"}],"wp:term":[{"taxonomy":"product_brand","embeddable":true,"href":"https:\/\/erformance.eu\/lv\/wp-json\/wp\/v2\/product_brand?post=58420"},{"taxonomy":"product_cat","embeddable":true,"href":"https:\/\/erformance.eu\/lv\/wp-json\/wp\/v2\/product_cat?post=58420"},{"taxonomy":"product_tag","embeddable":true,"href":"https:\/\/erformance.eu\/lv\/wp-json\/wp\/v2\/product_tag?post=58420"}],"curies":[{"name":"wp","href":"https:\/\/api.w.org\/{rel}","templated":true}]}}