{"id":58763,"date":"2026-02-16T14:53:03","date_gmt":"2026-02-16T11:53:03","guid":{"rendered":"https:\/\/erformance.eu\/?post_type=product&#038;p=58763"},"modified":"2026-03-12T18:20:03","modified_gmt":"2026-03-12T15:20:03","slug":"audi-a4-b6-00-04-elektriniu-langu-valdymo-jungiklis","status":"publish","type":"product","link":"https:\/\/erformance.eu\/lv\/produkts\/audi-a4-b6-00-04-elektriniu-langu-valdymo-jungiklis\/","title":{"rendered":"Audi A4 B6 00-04 &#8211; elektrini\u0173 lang\u0173 valdymo jungiklis"},"content":{"rendered":"<p>Tema: Elektrinio lango valdymo jungiklis<br \/>\nOriginalus numeris: 8E0959855<br \/>\nPASTABA: auk\u0161\u010diau pateikti numeriai yra original\u016bs dali\u0173 numeriai, kuriuos \u0161is pasi\u016blymas pakei\u010dia. Prie\u0161 pirkdami, palyginkite juos su originaliu dalies numeriu. Jei jie skiriasi net vienu simboliu, dalis netiks, neveiks arba veiks netinkamai. Tokiu atveju jos nepirkite.<br \/>\nAutomobilis:<\/p>\n<p>Audi A4 B6 , gamybos metai: 2000-2004<br \/>\nAudi A4 B7 , gamybos metai: 2004-2008<\/p>\n<p>Gamintojas: pakaitalas<br \/>\nTechnin\u0117 b\u016bkl\u0117: prek\u0117 yra visi\u0161kai nauja, nenaudota, nepa\u017eeista ir nesugadinta<\/p>\n","protected":false},"excerpt":{"rendered":"<p>1. Prek\u0117: Elektrini\u0173 lang\u0173 valdymo jungiklis2. Automobilis:    * Audi A4 B6 00-04    * Audi A4 B7 04-08<\/p>\n","protected":false},"featured_media":58764,"comment_status":"open","ping_status":"closed","template":"","meta":[],"product_brand":[],"product_cat":[390,144,3909,4665,3988],"product_tag":[],"class_list":{"0":"post-58763","1":"product","2":"type-product","3":"status-publish","4":"has-post-thumbnail","6":"product_cat-audi-a4","7":"product_cat-audi","8":"product_cat-audi-a4-b6","9":"product_cat-audi-a4-b6-mygtukai-mechanizmai","10":"product_cat-audi-a4-b6-salono-dalys","12":"first","13":"instock","14":"shipping-taxable","15":"purchasable","16":"product-type-simple"},"yoast_head":"<!-- This site is optimized with the Yoast SEO Premium plugin v25.2 (Yoast SEO v27.5) - https:\/\/yoast.com\/product\/yoast-seo-premium-wordpress\/ -->\n<title>Audi A4 B6 00-04 - elektrini\u0173 lang\u0173 valdymo jungiklis - Erformance.eu<\/title>\n<meta name=\"robots\" content=\"index, follow, max-snippet:-1, max-image-preview:large, max-video-preview:-1\" \/>\n<link rel=\"canonical\" href=\"https:\/\/erformance.eu\/lv\/produkts\/audi-a4-b6-00-04-elektriniu-langu-valdymo-jungiklis\/\" \/>\n<meta property=\"og:locale\" content=\"lv_LV\" \/>\n<meta property=\"og:type\" content=\"article\" \/>\n<meta property=\"og:title\" content=\"Audi A4 B6 00-04 - elektrini\u0173 lang\u0173 valdymo jungiklis\" \/>\n<meta property=\"og:description\" content=\"1. Prek\u0117: Elektrini\u0173 lang\u0173 valdymo jungiklis2. Automobilis:  * Audi A4 B6 00-04  * Audi A4 B7 04-08\" \/>\n<meta property=\"og:url\" content=\"https:\/\/erformance.eu\/lv\/produkts\/audi-a4-b6-00-04-elektriniu-langu-valdymo-jungiklis\/\" \/>\n<meta property=\"og:site_name\" content=\"Erformance.eu\" \/>\n<meta property=\"article:modified_time\" content=\"2026-03-12T15:20:03+00:00\" \/>\n<meta property=\"og:image\" content=\"https:\/\/erformance.eu\/wp-content\/uploads\/2026\/02\/pol_pm_Audi-A4-B6-00-04-przelacznik-sterowania-szyb-elektrycznych-10886_1.jpg\" \/>\n\t<meta property=\"og:image:width\" content=\"1196\" \/>\n\t<meta property=\"og:image:height\" content=\"900\" \/>\n\t<meta property=\"og:image:type\" content=\"image\/jpeg\" \/>\n<meta name=\"twitter:card\" content=\"summary_large_image\" \/>\n<script type=\"application\/ld+json\" class=\"yoast-schema-graph\">{\"@context\":\"https:\\\/\\\/schema.org\",\"@graph\":[{\"@type\":\"WebPage\",\"@id\":\"https:\\\/\\\/erformance.eu\\\/lv\\\/produkts\\\/audi-a4-b6-00-04-elektriniu-langu-valdymo-jungiklis\\\/\",\"url\":\"https:\\\/\\\/erformance.eu\\\/lv\\\/produkts\\\/audi-a4-b6-00-04-elektriniu-langu-valdymo-jungiklis\\\/\",\"name\":\"Audi A4 B6 00-04 - elektrini\u0173 lang\u0173 valdymo jungiklis - Erformance.eu\",\"isPartOf\":{\"@id\":\"https:\\\/\\\/erformance.eu\\\/lv\\\/#website\"},\"primaryImageOfPage\":{\"@id\":\"https:\\\/\\\/erformance.eu\\\/lv\\\/produkts\\\/audi-a4-b6-00-04-elektriniu-langu-valdymo-jungiklis\\\/#primaryimage\"},\"image\":{\"@id\":\"https:\\\/\\\/erformance.eu\\\/lv\\\/produkts\\\/audi-a4-b6-00-04-elektriniu-langu-valdymo-jungiklis\\\/#primaryimage\"},\"thumbnailUrl\":\"https:\\\/\\\/erformance.eu\\\/wp-content\\\/uploads\\\/2026\\\/02\\\/pol_pm_Audi-A4-B6-00-04-przelacznik-sterowania-szyb-elektrycznych-10886_1.jpg\",\"datePublished\":\"2026-02-16T11:53:03+00:00\",\"dateModified\":\"2026-03-12T15:20:03+00:00\",\"breadcrumb\":{\"@id\":\"https:\\\/\\\/erformance.eu\\\/lv\\\/produkts\\\/audi-a4-b6-00-04-elektriniu-langu-valdymo-jungiklis\\\/#breadcrumb\"},\"inLanguage\":\"lv-LV\",\"potentialAction\":[{\"@type\":\"ReadAction\",\"target\":[\"https:\\\/\\\/erformance.eu\\\/lv\\\/produkts\\\/audi-a4-b6-00-04-elektriniu-langu-valdymo-jungiklis\\\/\"]}]},{\"@type\":\"ImageObject\",\"inLanguage\":\"lv-LV\",\"@id\":\"https:\\\/\\\/erformance.eu\\\/lv\\\/produkts\\\/audi-a4-b6-00-04-elektriniu-langu-valdymo-jungiklis\\\/#primaryimage\",\"url\":\"https:\\\/\\\/erformance.eu\\\/wp-content\\\/uploads\\\/2026\\\/02\\\/pol_pm_Audi-A4-B6-00-04-przelacznik-sterowania-szyb-elektrycznych-10886_1.jpg\",\"contentUrl\":\"https:\\\/\\\/erformance.eu\\\/wp-content\\\/uploads\\\/2026\\\/02\\\/pol_pm_Audi-A4-B6-00-04-przelacznik-sterowania-szyb-elektrycznych-10886_1.jpg\",\"width\":1196,\"height\":900},{\"@type\":\"BreadcrumbList\",\"@id\":\"https:\\\/\\\/erformance.eu\\\/lv\\\/produkts\\\/audi-a4-b6-00-04-elektriniu-langu-valdymo-jungiklis\\\/#breadcrumb\",\"itemListElement\":[{\"@type\":\"ListItem\",\"position\":1,\"name\":\"Home\",\"item\":\"https:\\\/\\\/erformance.eu\\\/lv\\\/\"},{\"@type\":\"ListItem\",\"position\":2,\"name\":\"Veikals\",\"item\":\"https:\\\/\\\/erformance.eu\\\/lv\\\/veikals\\\/\"},{\"@type\":\"ListItem\",\"position\":3,\"name\":\"Audi A4 B6 00-04 &#8211; elektrini\u0173 lang\u0173 valdymo jungiklis\"}]},{\"@type\":\"WebSite\",\"@id\":\"https:\\\/\\\/erformance.eu\\\/lv\\\/#website\",\"url\":\"https:\\\/\\\/erformance.eu\\\/lv\\\/\",\"name\":\"Erformance.eu\",\"description\":\"Automobili\u0173 dali\u0173 parduotuv\u0117\",\"potentialAction\":[{\"@type\":\"SearchAction\",\"target\":{\"@type\":\"EntryPoint\",\"urlTemplate\":\"https:\\\/\\\/erformance.eu\\\/lv\\\/?s={search_term_string}\"},\"query-input\":{\"@type\":\"PropertyValueSpecification\",\"valueRequired\":true,\"valueName\":\"search_term_string\"}}],\"inLanguage\":\"lv-LV\"}]}<\/script>\n<!-- \/ Yoast SEO Premium plugin. -->","yoast_head_json":{"title":"Audi A4 B6 00-04 - elektrini\u0173 lang\u0173 valdymo jungiklis - Erformance.eu","robots":{"index":"index","follow":"follow","max-snippet":"max-snippet:-1","max-image-preview":"max-image-preview:large","max-video-preview":"max-video-preview:-1"},"canonical":"https:\/\/erformance.eu\/lv\/produkts\/audi-a4-b6-00-04-elektriniu-langu-valdymo-jungiklis\/","og_locale":"lv_LV","og_type":"article","og_title":"Audi A4 B6 00-04 - elektrini\u0173 lang\u0173 valdymo jungiklis","og_description":"1. Prek\u0117: Elektrini\u0173 lang\u0173 valdymo jungiklis2. Automobilis:  * Audi A4 B6 00-04  * Audi A4 B7 04-08","og_url":"https:\/\/erformance.eu\/lv\/produkts\/audi-a4-b6-00-04-elektriniu-langu-valdymo-jungiklis\/","og_site_name":"Erformance.eu","article_modified_time":"2026-03-12T15:20:03+00:00","og_image":[{"width":1196,"height":900,"url":"https:\/\/erformance.eu\/wp-content\/uploads\/2026\/02\/pol_pm_Audi-A4-B6-00-04-przelacznik-sterowania-szyb-elektrycznych-10886_1.jpg","type":"image\/jpeg"}],"twitter_card":"summary_large_image","schema":{"@context":"https:\/\/schema.org","@graph":[{"@type":"WebPage","@id":"https:\/\/erformance.eu\/lv\/produkts\/audi-a4-b6-00-04-elektriniu-langu-valdymo-jungiklis\/","url":"https:\/\/erformance.eu\/lv\/produkts\/audi-a4-b6-00-04-elektriniu-langu-valdymo-jungiklis\/","name":"Audi A4 B6 00-04 - elektrini\u0173 lang\u0173 valdymo jungiklis - Erformance.eu","isPartOf":{"@id":"https:\/\/erformance.eu\/lv\/#website"},"primaryImageOfPage":{"@id":"https:\/\/erformance.eu\/lv\/produkts\/audi-a4-b6-00-04-elektriniu-langu-valdymo-jungiklis\/#primaryimage"},"image":{"@id":"https:\/\/erformance.eu\/lv\/produkts\/audi-a4-b6-00-04-elektriniu-langu-valdymo-jungiklis\/#primaryimage"},"thumbnailUrl":"https:\/\/erformance.eu\/wp-content\/uploads\/2026\/02\/pol_pm_Audi-A4-B6-00-04-przelacznik-sterowania-szyb-elektrycznych-10886_1.jpg","datePublished":"2026-02-16T11:53:03+00:00","dateModified":"2026-03-12T15:20:03+00:00","breadcrumb":{"@id":"https:\/\/erformance.eu\/lv\/produkts\/audi-a4-b6-00-04-elektriniu-langu-valdymo-jungiklis\/#breadcrumb"},"inLanguage":"lv-LV","potentialAction":[{"@type":"ReadAction","target":["https:\/\/erformance.eu\/lv\/produkts\/audi-a4-b6-00-04-elektriniu-langu-valdymo-jungiklis\/"]}]},{"@type":"ImageObject","inLanguage":"lv-LV","@id":"https:\/\/erformance.eu\/lv\/produkts\/audi-a4-b6-00-04-elektriniu-langu-valdymo-jungiklis\/#primaryimage","url":"https:\/\/erformance.eu\/wp-content\/uploads\/2026\/02\/pol_pm_Audi-A4-B6-00-04-przelacznik-sterowania-szyb-elektrycznych-10886_1.jpg","contentUrl":"https:\/\/erformance.eu\/wp-content\/uploads\/2026\/02\/pol_pm_Audi-A4-B6-00-04-przelacznik-sterowania-szyb-elektrycznych-10886_1.jpg","width":1196,"height":900},{"@type":"BreadcrumbList","@id":"https:\/\/erformance.eu\/lv\/produkts\/audi-a4-b6-00-04-elektriniu-langu-valdymo-jungiklis\/#breadcrumb","itemListElement":[{"@type":"ListItem","position":1,"name":"Home","item":"https:\/\/erformance.eu\/lv\/"},{"@type":"ListItem","position":2,"name":"Veikals","item":"https:\/\/erformance.eu\/lv\/veikals\/"},{"@type":"ListItem","position":3,"name":"Audi A4 B6 00-04 &#8211; elektrini\u0173 lang\u0173 valdymo jungiklis"}]},{"@type":"WebSite","@id":"https:\/\/erformance.eu\/lv\/#website","url":"https:\/\/erformance.eu\/lv\/","name":"Erformance.eu","description":"Automobili\u0173 dali\u0173 parduotuv\u0117","potentialAction":[{"@type":"SearchAction","target":{"@type":"EntryPoint","urlTemplate":"https:\/\/erformance.eu\/lv\/?s={search_term_string}"},"query-input":{"@type":"PropertyValueSpecification","valueRequired":true,"valueName":"search_term_string"}}],"inLanguage":"lv-LV"}]}},"jetpack_sharing_enabled":true,"_links":{"self":[{"href":"https:\/\/erformance.eu\/lv\/wp-json\/wp\/v2\/product\/58763","targetHints":{"allow":["GET"]}}],"collection":[{"href":"https:\/\/erformance.eu\/lv\/wp-json\/wp\/v2\/product"}],"about":[{"href":"https:\/\/erformance.eu\/lv\/wp-json\/wp\/v2\/types\/product"}],"replies":[{"embeddable":true,"href":"https:\/\/erformance.eu\/lv\/wp-json\/wp\/v2\/comments?post=58763"}],"version-history":[{"count":1,"href":"https:\/\/erformance.eu\/lv\/wp-json\/wp\/v2\/product\/58763\/revisions"}],"predecessor-version":[{"id":58766,"href":"https:\/\/erformance.eu\/lv\/wp-json\/wp\/v2\/product\/58763\/revisions\/58766"}],"wp:featuredmedia":[{"embeddable":true,"href":"https:\/\/erformance.eu\/lv\/wp-json\/wp\/v2\/media\/58764"}],"wp:attachment":[{"href":"https:\/\/erformance.eu\/lv\/wp-json\/wp\/v2\/media?parent=58763"}],"wp:term":[{"taxonomy":"product_brand","embeddable":true,"href":"https:\/\/erformance.eu\/lv\/wp-json\/wp\/v2\/product_brand?post=58763"},{"taxonomy":"product_cat","embeddable":true,"href":"https:\/\/erformance.eu\/lv\/wp-json\/wp\/v2\/product_cat?post=58763"},{"taxonomy":"product_tag","embeddable":true,"href":"https:\/\/erformance.eu\/lv\/wp-json\/wp\/v2\/product_tag?post=58763"}],"curies":[{"name":"wp","href":"https:\/\/api.w.org\/{rel}","templated":true}]}}