{"id":59483,"date":"2026-02-16T15:00:05","date_gmt":"2026-02-16T12:00:05","guid":{"rendered":"https:\/\/erformance.eu\/?post_type=product&#038;p=59483"},"modified":"2026-03-06T03:39:29","modified_gmt":"2026-03-06T00:39:29","slug":"audi-a3-8l-96-03-2-3-duru-elektrinis-langu-pakelejas-desineje","status":"publish","type":"product","link":"https:\/\/erformance.eu\/lv\/produkts\/audi-a3-8l-96-03-2-3-duru-elektrinis-langu-pakelejas-desineje\/","title":{"rendered":"Audi A3 8L 96-03 2\/3 dur\u0173 elektrinis lang\u0173 pak\u0117l\u0117jas de\u0161in\u0117je"},"content":{"rendered":"<p>Tema: lang\u0173 reguliatorius<br \/>\nPus\u0117: De\u0161in\u0117 (keleivio pus\u0117)<br \/>\nOE numeris: 8L3837462<br \/>\nPASTABA: auk\u0161\u010diau pateikti numeriai yra original\u016bs dali\u0173 numeriai, kuriuos \u0161is pasi\u016blymas pakei\u010dia. Prie\u0161 pirkdami, palyginkite juos su originaliu dalies numeriu. Jei jie skiriasi net vienu simboliu, dalis netiks, neveiks arba veiks netinkamai. Tokiu atveju jos nepirkite.<br \/>\nAutomobilis: Audi A3 8L<br \/>\nPagaminimo metai: 1996\u20132003<br \/>\nK\u0117bulo versija: 2\/3 durys<br \/>\nVariklio versija: visos versijos<br \/>\nValdymas: elektrinis<br \/>\nVariklis: ne\u012ftrauktas<br \/>\nGamintojas: pakaitalas<br \/>\nTechnin\u0117 b\u016bkl\u0117: prek\u0117 yra visi\u0161kai nauja, nenaudota, nepa\u017eeista ir nesugadinta<\/p>\n","protected":false},"excerpt":{"rendered":"<p>1. Prek\u0117: lango reguliatorius2. Pus\u0117: de\u0161in\u01173. Reguliavimas: elektrinis4. Gamintojas: pakeitimas5. Automobilis: Audi A3 8L6. Pagaminimo metai: 1996\u201320037. K\u0117bulo versija: 2 \/ 3 durys8. Variklio versija: visos versijos<\/p>\n","protected":false},"featured_media":59484,"comment_status":"open","ping_status":"closed","template":"","meta":[],"product_brand":[],"product_cat":[3905,186,144,3945,4150,4345],"product_tag":[],"class_list":{"0":"post-59483","1":"product","2":"type-product","3":"status-publish","4":"has-post-thumbnail","6":"product_cat-audi-a3-8l","7":"product_cat-a3","8":"product_cat-audi","9":"product_cat-audi-a3-8l-isores-dalys","10":"product_cat-audi-a3-8l-isores-kitos-dalys","11":"product_cat-audi-a3-8l-mechanizmai-valytuvai","13":"first","14":"instock","15":"shipping-taxable","16":"purchasable","17":"product-type-simple"},"yoast_head":"<!-- This site is optimized with the Yoast SEO Premium plugin v25.2 (Yoast SEO v27.4) - https:\/\/yoast.com\/product\/yoast-seo-premium-wordpress\/ -->\n<title>Audi A3 8L 96-03 2\/3 dur\u0173 elektrinis lang\u0173 pak\u0117l\u0117jas de\u0161in\u0117je - Erformance.eu<\/title>\n<meta name=\"robots\" content=\"index, follow, max-snippet:-1, max-image-preview:large, max-video-preview:-1\" \/>\n<link rel=\"canonical\" href=\"https:\/\/erformance.eu\/lv\/produkts\/audi-a3-8l-96-03-2-3-duru-elektrinis-langu-pakelejas-desineje\/\" \/>\n<meta property=\"og:locale\" content=\"lv_LV\" \/>\n<meta property=\"og:type\" content=\"article\" \/>\n<meta property=\"og:title\" content=\"Audi A3 8L 96-03 2\/3 dur\u0173 elektrinis lang\u0173 pak\u0117l\u0117jas de\u0161in\u0117je\" \/>\n<meta property=\"og:description\" content=\"1. Prek\u0117: lango reguliatorius2. Pus\u0117: de\u0161in\u01173. Reguliavimas: elektrinis4. Gamintojas: pakeitimas5. Automobilis: Audi A3 8L6. Pagaminimo metai: 1996\u201320037. K\u0117bulo versija: 2 \/ 3 durys8. Variklio versija: visos versijos\" \/>\n<meta property=\"og:url\" content=\"https:\/\/erformance.eu\/lv\/produkts\/audi-a3-8l-96-03-2-3-duru-elektrinis-langu-pakelejas-desineje\/\" \/>\n<meta property=\"og:site_name\" content=\"Erformance.eu\" \/>\n<meta property=\"article:modified_time\" content=\"2026-03-06T00:39:29+00:00\" \/>\n<meta property=\"og:image\" content=\"https:\/\/erformance.eu\/wp-content\/uploads\/2026\/02\/pol_pm_Audi-A3-8L-96-03-2-3-drzwi-podnosnik-szyby-elektryczny-prawy-4887_1.jpg\" \/>\n\t<meta property=\"og:image:width\" content=\"667\" \/>\n\t<meta property=\"og:image:height\" content=\"500\" \/>\n\t<meta property=\"og:image:type\" content=\"image\/jpeg\" \/>\n<meta name=\"twitter:card\" content=\"summary_large_image\" \/>\n<script type=\"application\/ld+json\" class=\"yoast-schema-graph\">{\"@context\":\"https:\\\/\\\/schema.org\",\"@graph\":[{\"@type\":\"WebPage\",\"@id\":\"https:\\\/\\\/erformance.eu\\\/lv\\\/produkts\\\/audi-a3-8l-96-03-2-3-duru-elektrinis-langu-pakelejas-desineje\\\/\",\"url\":\"https:\\\/\\\/erformance.eu\\\/lv\\\/produkts\\\/audi-a3-8l-96-03-2-3-duru-elektrinis-langu-pakelejas-desineje\\\/\",\"name\":\"Audi A3 8L 96-03 2\\\/3 dur\u0173 elektrinis lang\u0173 pak\u0117l\u0117jas de\u0161in\u0117je - Erformance.eu\",\"isPartOf\":{\"@id\":\"https:\\\/\\\/erformance.eu\\\/lv\\\/#website\"},\"primaryImageOfPage\":{\"@id\":\"https:\\\/\\\/erformance.eu\\\/lv\\\/produkts\\\/audi-a3-8l-96-03-2-3-duru-elektrinis-langu-pakelejas-desineje\\\/#primaryimage\"},\"image\":{\"@id\":\"https:\\\/\\\/erformance.eu\\\/lv\\\/produkts\\\/audi-a3-8l-96-03-2-3-duru-elektrinis-langu-pakelejas-desineje\\\/#primaryimage\"},\"thumbnailUrl\":\"https:\\\/\\\/erformance.eu\\\/wp-content\\\/uploads\\\/2026\\\/02\\\/pol_pm_Audi-A3-8L-96-03-2-3-drzwi-podnosnik-szyby-elektryczny-prawy-4887_1.jpg\",\"datePublished\":\"2026-02-16T12:00:05+00:00\",\"dateModified\":\"2026-03-06T00:39:29+00:00\",\"breadcrumb\":{\"@id\":\"https:\\\/\\\/erformance.eu\\\/lv\\\/produkts\\\/audi-a3-8l-96-03-2-3-duru-elektrinis-langu-pakelejas-desineje\\\/#breadcrumb\"},\"inLanguage\":\"lv-LV\",\"potentialAction\":[{\"@type\":\"ReadAction\",\"target\":[\"https:\\\/\\\/erformance.eu\\\/lv\\\/produkts\\\/audi-a3-8l-96-03-2-3-duru-elektrinis-langu-pakelejas-desineje\\\/\"]}]},{\"@type\":\"ImageObject\",\"inLanguage\":\"lv-LV\",\"@id\":\"https:\\\/\\\/erformance.eu\\\/lv\\\/produkts\\\/audi-a3-8l-96-03-2-3-duru-elektrinis-langu-pakelejas-desineje\\\/#primaryimage\",\"url\":\"https:\\\/\\\/erformance.eu\\\/wp-content\\\/uploads\\\/2026\\\/02\\\/pol_pm_Audi-A3-8L-96-03-2-3-drzwi-podnosnik-szyby-elektryczny-prawy-4887_1.jpg\",\"contentUrl\":\"https:\\\/\\\/erformance.eu\\\/wp-content\\\/uploads\\\/2026\\\/02\\\/pol_pm_Audi-A3-8L-96-03-2-3-drzwi-podnosnik-szyby-elektryczny-prawy-4887_1.jpg\",\"width\":667,\"height\":500},{\"@type\":\"BreadcrumbList\",\"@id\":\"https:\\\/\\\/erformance.eu\\\/lv\\\/produkts\\\/audi-a3-8l-96-03-2-3-duru-elektrinis-langu-pakelejas-desineje\\\/#breadcrumb\",\"itemListElement\":[{\"@type\":\"ListItem\",\"position\":1,\"name\":\"Home\",\"item\":\"https:\\\/\\\/erformance.eu\\\/lv\\\/\"},{\"@type\":\"ListItem\",\"position\":2,\"name\":\"Veikals\",\"item\":\"https:\\\/\\\/erformance.eu\\\/lv\\\/veikals\\\/\"},{\"@type\":\"ListItem\",\"position\":3,\"name\":\"Audi A3 8L 96-03 2\\\/3 dur\u0173 elektrinis lang\u0173 pak\u0117l\u0117jas de\u0161in\u0117je\"}]},{\"@type\":\"WebSite\",\"@id\":\"https:\\\/\\\/erformance.eu\\\/lv\\\/#website\",\"url\":\"https:\\\/\\\/erformance.eu\\\/lv\\\/\",\"name\":\"Erformance.eu\",\"description\":\"Automobili\u0173 dali\u0173 parduotuv\u0117\",\"potentialAction\":[{\"@type\":\"SearchAction\",\"target\":{\"@type\":\"EntryPoint\",\"urlTemplate\":\"https:\\\/\\\/erformance.eu\\\/lv\\\/?s={search_term_string}\"},\"query-input\":{\"@type\":\"PropertyValueSpecification\",\"valueRequired\":true,\"valueName\":\"search_term_string\"}}],\"inLanguage\":\"lv-LV\"}]}<\/script>\n<!-- \/ Yoast SEO Premium plugin. -->","yoast_head_json":{"title":"Audi A3 8L 96-03 2\/3 dur\u0173 elektrinis lang\u0173 pak\u0117l\u0117jas de\u0161in\u0117je - Erformance.eu","robots":{"index":"index","follow":"follow","max-snippet":"max-snippet:-1","max-image-preview":"max-image-preview:large","max-video-preview":"max-video-preview:-1"},"canonical":"https:\/\/erformance.eu\/lv\/produkts\/audi-a3-8l-96-03-2-3-duru-elektrinis-langu-pakelejas-desineje\/","og_locale":"lv_LV","og_type":"article","og_title":"Audi A3 8L 96-03 2\/3 dur\u0173 elektrinis lang\u0173 pak\u0117l\u0117jas de\u0161in\u0117je","og_description":"1. Prek\u0117: lango reguliatorius2. Pus\u0117: de\u0161in\u01173. Reguliavimas: elektrinis4. Gamintojas: pakeitimas5. Automobilis: Audi A3 8L6. Pagaminimo metai: 1996\u201320037. K\u0117bulo versija: 2 \/ 3 durys8. Variklio versija: visos versijos","og_url":"https:\/\/erformance.eu\/lv\/produkts\/audi-a3-8l-96-03-2-3-duru-elektrinis-langu-pakelejas-desineje\/","og_site_name":"Erformance.eu","article_modified_time":"2026-03-06T00:39:29+00:00","og_image":[{"width":667,"height":500,"url":"https:\/\/erformance.eu\/wp-content\/uploads\/2026\/02\/pol_pm_Audi-A3-8L-96-03-2-3-drzwi-podnosnik-szyby-elektryczny-prawy-4887_1.jpg","type":"image\/jpeg"}],"twitter_card":"summary_large_image","schema":{"@context":"https:\/\/schema.org","@graph":[{"@type":"WebPage","@id":"https:\/\/erformance.eu\/lv\/produkts\/audi-a3-8l-96-03-2-3-duru-elektrinis-langu-pakelejas-desineje\/","url":"https:\/\/erformance.eu\/lv\/produkts\/audi-a3-8l-96-03-2-3-duru-elektrinis-langu-pakelejas-desineje\/","name":"Audi A3 8L 96-03 2\/3 dur\u0173 elektrinis lang\u0173 pak\u0117l\u0117jas de\u0161in\u0117je - Erformance.eu","isPartOf":{"@id":"https:\/\/erformance.eu\/lv\/#website"},"primaryImageOfPage":{"@id":"https:\/\/erformance.eu\/lv\/produkts\/audi-a3-8l-96-03-2-3-duru-elektrinis-langu-pakelejas-desineje\/#primaryimage"},"image":{"@id":"https:\/\/erformance.eu\/lv\/produkts\/audi-a3-8l-96-03-2-3-duru-elektrinis-langu-pakelejas-desineje\/#primaryimage"},"thumbnailUrl":"https:\/\/erformance.eu\/wp-content\/uploads\/2026\/02\/pol_pm_Audi-A3-8L-96-03-2-3-drzwi-podnosnik-szyby-elektryczny-prawy-4887_1.jpg","datePublished":"2026-02-16T12:00:05+00:00","dateModified":"2026-03-06T00:39:29+00:00","breadcrumb":{"@id":"https:\/\/erformance.eu\/lv\/produkts\/audi-a3-8l-96-03-2-3-duru-elektrinis-langu-pakelejas-desineje\/#breadcrumb"},"inLanguage":"lv-LV","potentialAction":[{"@type":"ReadAction","target":["https:\/\/erformance.eu\/lv\/produkts\/audi-a3-8l-96-03-2-3-duru-elektrinis-langu-pakelejas-desineje\/"]}]},{"@type":"ImageObject","inLanguage":"lv-LV","@id":"https:\/\/erformance.eu\/lv\/produkts\/audi-a3-8l-96-03-2-3-duru-elektrinis-langu-pakelejas-desineje\/#primaryimage","url":"https:\/\/erformance.eu\/wp-content\/uploads\/2026\/02\/pol_pm_Audi-A3-8L-96-03-2-3-drzwi-podnosnik-szyby-elektryczny-prawy-4887_1.jpg","contentUrl":"https:\/\/erformance.eu\/wp-content\/uploads\/2026\/02\/pol_pm_Audi-A3-8L-96-03-2-3-drzwi-podnosnik-szyby-elektryczny-prawy-4887_1.jpg","width":667,"height":500},{"@type":"BreadcrumbList","@id":"https:\/\/erformance.eu\/lv\/produkts\/audi-a3-8l-96-03-2-3-duru-elektrinis-langu-pakelejas-desineje\/#breadcrumb","itemListElement":[{"@type":"ListItem","position":1,"name":"Home","item":"https:\/\/erformance.eu\/lv\/"},{"@type":"ListItem","position":2,"name":"Veikals","item":"https:\/\/erformance.eu\/lv\/veikals\/"},{"@type":"ListItem","position":3,"name":"Audi A3 8L 96-03 2\/3 dur\u0173 elektrinis lang\u0173 pak\u0117l\u0117jas de\u0161in\u0117je"}]},{"@type":"WebSite","@id":"https:\/\/erformance.eu\/lv\/#website","url":"https:\/\/erformance.eu\/lv\/","name":"Erformance.eu","description":"Automobili\u0173 dali\u0173 parduotuv\u0117","potentialAction":[{"@type":"SearchAction","target":{"@type":"EntryPoint","urlTemplate":"https:\/\/erformance.eu\/lv\/?s={search_term_string}"},"query-input":{"@type":"PropertyValueSpecification","valueRequired":true,"valueName":"search_term_string"}}],"inLanguage":"lv-LV"}]}},"jetpack_sharing_enabled":true,"_links":{"self":[{"href":"https:\/\/erformance.eu\/lv\/wp-json\/wp\/v2\/product\/59483","targetHints":{"allow":["GET"]}}],"collection":[{"href":"https:\/\/erformance.eu\/lv\/wp-json\/wp\/v2\/product"}],"about":[{"href":"https:\/\/erformance.eu\/lv\/wp-json\/wp\/v2\/types\/product"}],"replies":[{"embeddable":true,"href":"https:\/\/erformance.eu\/lv\/wp-json\/wp\/v2\/comments?post=59483"}],"version-history":[{"count":1,"href":"https:\/\/erformance.eu\/lv\/wp-json\/wp\/v2\/product\/59483\/revisions"}],"predecessor-version":[{"id":59486,"href":"https:\/\/erformance.eu\/lv\/wp-json\/wp\/v2\/product\/59483\/revisions\/59486"}],"wp:featuredmedia":[{"embeddable":true,"href":"https:\/\/erformance.eu\/lv\/wp-json\/wp\/v2\/media\/59484"}],"wp:attachment":[{"href":"https:\/\/erformance.eu\/lv\/wp-json\/wp\/v2\/media?parent=59483"}],"wp:term":[{"taxonomy":"product_brand","embeddable":true,"href":"https:\/\/erformance.eu\/lv\/wp-json\/wp\/v2\/product_brand?post=59483"},{"taxonomy":"product_cat","embeddable":true,"href":"https:\/\/erformance.eu\/lv\/wp-json\/wp\/v2\/product_cat?post=59483"},{"taxonomy":"product_tag","embeddable":true,"href":"https:\/\/erformance.eu\/lv\/wp-json\/wp\/v2\/product_tag?post=59483"}],"curies":[{"name":"wp","href":"https:\/\/api.w.org\/{rel}","templated":true}]}}