{"id":60294,"date":"2026-02-16T15:06:18","date_gmt":"2026-02-16T12:06:18","guid":{"rendered":"https:\/\/erformance.eu\/?post_type=product&#038;p=60294"},"modified":"2026-03-06T03:18:30","modified_gmt":"2026-03-06T00:18:30","slug":"audi-a3-8l-96-03-juoda-pavaru-perjungimo-svirtis-6-pavaru-gaubtas","status":"publish","type":"product","link":"https:\/\/erformance.eu\/lv\/produkts\/audi-a3-8l-96-03-juoda-pavaru-perjungimo-svirtis-6-pavaru-gaubtas\/","title":{"rendered":"Audi A3 8L 96-03 JUODA pavar\u0173 perjungimo svirtis + 6 pavar\u0173 gaubtas"},"content":{"rendered":"<p>Prek\u0117: Pavar\u0173 perjungimo svirtis + gaubtas<br \/>\nAutomobilis:<\/p>\n<p>Audi A3 (8L1), gamybos metai: 1996\u20132003<br \/>\nAudi A4 B5 (8D2), gamybos metai: 1994\u20132001<br \/>\nAudi A4 B5 Avant (8D5), pagaminimo metai: 1994\u20132001<br \/>\nAudi A4 B6 (8E2), pagaminimo metai: 2000\u20132004<br \/>\nAudi A4 B6 Avant (8E5), gamybos metai: 2001-2004<br \/>\nAudi A4 B7 (8EC), gamybos metai: 2004-2008<br \/>\nAudi A4 B7 Avant (8ED), gamybos metai: 2004-2008<br \/>\n\u201eSeat Arosa\u201c (6H), pagaminimo metai: 1997\u20132004<br \/>\n\u201eSeat Cordoba I\u201c (6K1, 6K2), pagaminimo metai: 1993\u20132002<br \/>\n\u201eSeat Cordoba I Vario\u201c (6K5), pagaminimo metai: 1996\u20132002<br \/>\n\u201eSeat Ibiza II\u201c (6K1), gamybos metai: 1993\u20132002<br \/>\n\u201eSeat Leon I\u201c (1M1), pagaminimo metai: 1999\u20132006<br \/>\n\u201eSeat Toledo II\u201c (1M2), pagaminimo metai: 1998\u20132006<br \/>\nVW Bora (1J2), pagaminimo metai: 1998\u20132005<br \/>\nVW Bora Variant (1J6), pagaminimo metai: 1999\u20132005<br \/>\nVW Corrado (53l), pagaminimo metai: 1988\u20131995<br \/>\nVW Golf I (17), pagaminimo metai: 1974\u20131984<br \/>\nVW Golf II (19E, 1G1), pagaminimo metai: 1983\u20131992<br \/>\nVW Golf III (1H1), pagaminimo metai: 1991\u20131997<br \/>\nVW Golf III kabrioletas (1E7), pagaminimo metai: 1993\u20131998<br \/>\nVW Golf III Variant (1H5), pagaminimo metai: 1993\u20131999<br \/>\nVW Golf IV (1J1), pagaminimo metai: 1997\u20132005<br \/>\nVW Golf IV (1J1), pagaminimo metai: 1997\u20132005<br \/>\nVW Golf IV Variant (1J5), pagaminimo metai: 1999\u20132006<br \/>\nVW Jetta I (16), pagaminimo metai: 1978\u20131984<br \/>\nVW Jetta II (19E, 1G2, 165), pagaminimo metai: 1984\u20131992<br \/>\nVW Lupo (6X1, 6E1), pagaminimo metai: 1998\u20132005<br \/>\nVW Polo III (6N1), pagaminimo metai: 1994\u20131999<br \/>\nVW Polo III (6N2), pagaminimo metai: 1999\u20132001<br \/>\nVW Vento (1H2), pagaminimo metai: 1991\u20131998<\/p>\n<p>Spalva: juoda ranken\u0117l\u0117 + juodas silfonas + chromuotas \u017eiedas tarp ranken\u0117l\u0117s ir silfono<br \/>\nDiagrama: juodas dangtelis su chromuotu \u017eiedu ir \u0161viesos diagrama: 6 pavaros + atbulin\u0117 eiga<br \/>\nGamintojas: pakaitalas<br \/>\nTechnin\u0117 b\u016bkl\u0117: prek\u0117 yra visi\u0161kai nauja, nenaudota, nepa\u017eeista ir nesugadinta<br \/>\nPastaba: ranken\u0117l\u0117s tvirtinimo angos skersmuo yra 12 mm.<\/p>\n","protected":false},"excerpt":{"rendered":"<p>1. Prek\u0117: Pavar\u0173 perjungimo svirtis + gaubtas2. Gamintojas: pakeitimas3. Automobilis:   * Audi A3 8L 96-03   * Audi A4 B5 94-01   * Audi A4 B6 00-04   * Audi A4 B7 04-08<\/p>\n","protected":false},"featured_media":60295,"comment_status":"open","ping_status":"closed","template":"","meta":[],"product_brand":[],"product_cat":[3905,186,144,4583,3984],"product_tag":[],"class_list":{"0":"post-60294","1":"product","2":"type-product","3":"status-publish","4":"has-post-thumbnail","6":"product_cat-audi-a3-8l","7":"product_cat-a3","8":"product_cat-audi","9":"product_cat-audi-a3-8l-pavaru-svirtys","10":"product_cat-audi-a3-8l-salono-dalys","12":"first","13":"instock","14":"shipping-taxable","15":"purchasable","16":"product-type-simple"},"yoast_head":"<!-- This site is optimized with the Yoast SEO Premium plugin v25.2 (Yoast SEO v27.4) - https:\/\/yoast.com\/product\/yoast-seo-premium-wordpress\/ -->\n<title>Audi A3 8L 96-03 JUODA pavar\u0173 perjungimo svirtis + 6 pavar\u0173 gaubtas - Erformance.eu<\/title>\n<meta name=\"robots\" content=\"index, follow, max-snippet:-1, max-image-preview:large, max-video-preview:-1\" \/>\n<link rel=\"canonical\" href=\"https:\/\/erformance.eu\/lv\/produkts\/audi-a3-8l-96-03-juoda-pavaru-perjungimo-svirtis-6-pavaru-gaubtas\/\" \/>\n<meta property=\"og:locale\" content=\"lv_LV\" \/>\n<meta property=\"og:type\" content=\"article\" \/>\n<meta property=\"og:title\" content=\"Audi A3 8L 96-03 JUODA pavar\u0173 perjungimo svirtis + 6 pavar\u0173 gaubtas\" \/>\n<meta property=\"og:description\" content=\"1. Prek\u0117: Pavar\u0173 perjungimo svirtis + gaubtas2. Gamintojas: pakeitimas3. Automobilis:  * Audi A3 8L 96-03  * Audi A4 B5 94-01  * Audi A4 B6 00-04  * Audi A4 B7 04-08\" \/>\n<meta property=\"og:url\" content=\"https:\/\/erformance.eu\/lv\/produkts\/audi-a3-8l-96-03-juoda-pavaru-perjungimo-svirtis-6-pavaru-gaubtas\/\" \/>\n<meta property=\"og:site_name\" content=\"Erformance.eu\" \/>\n<meta property=\"article:modified_time\" content=\"2026-03-06T00:18:30+00:00\" \/>\n<meta property=\"og:image\" content=\"https:\/\/erformance.eu\/wp-content\/uploads\/2026\/02\/pol_pm_Audi-A3-8L-96-03-galka-zmiany-biegow-CZARNA-MIESZEK-6-BIEGOW-21051_1.jpg\" \/>\n\t<meta property=\"og:image:width\" content=\"1200\" \/>\n\t<meta property=\"og:image:height\" content=\"900\" \/>\n\t<meta property=\"og:image:type\" content=\"image\/jpeg\" \/>\n<meta name=\"twitter:card\" content=\"summary_large_image\" \/>\n<meta name=\"twitter:label1\" content=\"Est. reading time\" \/>\n\t<meta name=\"twitter:data1\" content=\"1 min\u016b\u0161u\" \/>\n<script type=\"application\/ld+json\" class=\"yoast-schema-graph\">{\"@context\":\"https:\\\/\\\/schema.org\",\"@graph\":[{\"@type\":\"WebPage\",\"@id\":\"https:\\\/\\\/erformance.eu\\\/lv\\\/produkts\\\/audi-a3-8l-96-03-juoda-pavaru-perjungimo-svirtis-6-pavaru-gaubtas\\\/\",\"url\":\"https:\\\/\\\/erformance.eu\\\/lv\\\/produkts\\\/audi-a3-8l-96-03-juoda-pavaru-perjungimo-svirtis-6-pavaru-gaubtas\\\/\",\"name\":\"Audi A3 8L 96-03 JUODA pavar\u0173 perjungimo svirtis + 6 pavar\u0173 gaubtas - Erformance.eu\",\"isPartOf\":{\"@id\":\"https:\\\/\\\/erformance.eu\\\/lv\\\/#website\"},\"primaryImageOfPage\":{\"@id\":\"https:\\\/\\\/erformance.eu\\\/lv\\\/produkts\\\/audi-a3-8l-96-03-juoda-pavaru-perjungimo-svirtis-6-pavaru-gaubtas\\\/#primaryimage\"},\"image\":{\"@id\":\"https:\\\/\\\/erformance.eu\\\/lv\\\/produkts\\\/audi-a3-8l-96-03-juoda-pavaru-perjungimo-svirtis-6-pavaru-gaubtas\\\/#primaryimage\"},\"thumbnailUrl\":\"https:\\\/\\\/erformance.eu\\\/wp-content\\\/uploads\\\/2026\\\/02\\\/pol_pm_Audi-A3-8L-96-03-galka-zmiany-biegow-CZARNA-MIESZEK-6-BIEGOW-21051_1.jpg\",\"datePublished\":\"2026-02-16T12:06:18+00:00\",\"dateModified\":\"2026-03-06T00:18:30+00:00\",\"breadcrumb\":{\"@id\":\"https:\\\/\\\/erformance.eu\\\/lv\\\/produkts\\\/audi-a3-8l-96-03-juoda-pavaru-perjungimo-svirtis-6-pavaru-gaubtas\\\/#breadcrumb\"},\"inLanguage\":\"lv-LV\",\"potentialAction\":[{\"@type\":\"ReadAction\",\"target\":[\"https:\\\/\\\/erformance.eu\\\/lv\\\/produkts\\\/audi-a3-8l-96-03-juoda-pavaru-perjungimo-svirtis-6-pavaru-gaubtas\\\/\"]}]},{\"@type\":\"ImageObject\",\"inLanguage\":\"lv-LV\",\"@id\":\"https:\\\/\\\/erformance.eu\\\/lv\\\/produkts\\\/audi-a3-8l-96-03-juoda-pavaru-perjungimo-svirtis-6-pavaru-gaubtas\\\/#primaryimage\",\"url\":\"https:\\\/\\\/erformance.eu\\\/wp-content\\\/uploads\\\/2026\\\/02\\\/pol_pm_Audi-A3-8L-96-03-galka-zmiany-biegow-CZARNA-MIESZEK-6-BIEGOW-21051_1.jpg\",\"contentUrl\":\"https:\\\/\\\/erformance.eu\\\/wp-content\\\/uploads\\\/2026\\\/02\\\/pol_pm_Audi-A3-8L-96-03-galka-zmiany-biegow-CZARNA-MIESZEK-6-BIEGOW-21051_1.jpg\",\"width\":1200,\"height\":900},{\"@type\":\"BreadcrumbList\",\"@id\":\"https:\\\/\\\/erformance.eu\\\/lv\\\/produkts\\\/audi-a3-8l-96-03-juoda-pavaru-perjungimo-svirtis-6-pavaru-gaubtas\\\/#breadcrumb\",\"itemListElement\":[{\"@type\":\"ListItem\",\"position\":1,\"name\":\"Home\",\"item\":\"https:\\\/\\\/erformance.eu\\\/lv\\\/\"},{\"@type\":\"ListItem\",\"position\":2,\"name\":\"Veikals\",\"item\":\"https:\\\/\\\/erformance.eu\\\/lv\\\/veikals\\\/\"},{\"@type\":\"ListItem\",\"position\":3,\"name\":\"Audi A3 8L 96-03 JUODA pavar\u0173 perjungimo svirtis + 6 pavar\u0173 gaubtas\"}]},{\"@type\":\"WebSite\",\"@id\":\"https:\\\/\\\/erformance.eu\\\/lv\\\/#website\",\"url\":\"https:\\\/\\\/erformance.eu\\\/lv\\\/\",\"name\":\"Erformance.eu\",\"description\":\"Automobili\u0173 dali\u0173 parduotuv\u0117\",\"potentialAction\":[{\"@type\":\"SearchAction\",\"target\":{\"@type\":\"EntryPoint\",\"urlTemplate\":\"https:\\\/\\\/erformance.eu\\\/lv\\\/?s={search_term_string}\"},\"query-input\":{\"@type\":\"PropertyValueSpecification\",\"valueRequired\":true,\"valueName\":\"search_term_string\"}}],\"inLanguage\":\"lv-LV\"}]}<\/script>\n<!-- \/ Yoast SEO Premium plugin. -->","yoast_head_json":{"title":"Audi A3 8L 96-03 JUODA pavar\u0173 perjungimo svirtis + 6 pavar\u0173 gaubtas - Erformance.eu","robots":{"index":"index","follow":"follow","max-snippet":"max-snippet:-1","max-image-preview":"max-image-preview:large","max-video-preview":"max-video-preview:-1"},"canonical":"https:\/\/erformance.eu\/lv\/produkts\/audi-a3-8l-96-03-juoda-pavaru-perjungimo-svirtis-6-pavaru-gaubtas\/","og_locale":"lv_LV","og_type":"article","og_title":"Audi A3 8L 96-03 JUODA pavar\u0173 perjungimo svirtis + 6 pavar\u0173 gaubtas","og_description":"1. Prek\u0117: Pavar\u0173 perjungimo svirtis + gaubtas2. Gamintojas: pakeitimas3. Automobilis:  * Audi A3 8L 96-03  * Audi A4 B5 94-01  * Audi A4 B6 00-04  * Audi A4 B7 04-08","og_url":"https:\/\/erformance.eu\/lv\/produkts\/audi-a3-8l-96-03-juoda-pavaru-perjungimo-svirtis-6-pavaru-gaubtas\/","og_site_name":"Erformance.eu","article_modified_time":"2026-03-06T00:18:30+00:00","og_image":[{"width":1200,"height":900,"url":"https:\/\/erformance.eu\/wp-content\/uploads\/2026\/02\/pol_pm_Audi-A3-8L-96-03-galka-zmiany-biegow-CZARNA-MIESZEK-6-BIEGOW-21051_1.jpg","type":"image\/jpeg"}],"twitter_card":"summary_large_image","twitter_misc":{"Est. reading time":"1 min\u016b\u0161u"},"schema":{"@context":"https:\/\/schema.org","@graph":[{"@type":"WebPage","@id":"https:\/\/erformance.eu\/lv\/produkts\/audi-a3-8l-96-03-juoda-pavaru-perjungimo-svirtis-6-pavaru-gaubtas\/","url":"https:\/\/erformance.eu\/lv\/produkts\/audi-a3-8l-96-03-juoda-pavaru-perjungimo-svirtis-6-pavaru-gaubtas\/","name":"Audi A3 8L 96-03 JUODA pavar\u0173 perjungimo svirtis + 6 pavar\u0173 gaubtas - Erformance.eu","isPartOf":{"@id":"https:\/\/erformance.eu\/lv\/#website"},"primaryImageOfPage":{"@id":"https:\/\/erformance.eu\/lv\/produkts\/audi-a3-8l-96-03-juoda-pavaru-perjungimo-svirtis-6-pavaru-gaubtas\/#primaryimage"},"image":{"@id":"https:\/\/erformance.eu\/lv\/produkts\/audi-a3-8l-96-03-juoda-pavaru-perjungimo-svirtis-6-pavaru-gaubtas\/#primaryimage"},"thumbnailUrl":"https:\/\/erformance.eu\/wp-content\/uploads\/2026\/02\/pol_pm_Audi-A3-8L-96-03-galka-zmiany-biegow-CZARNA-MIESZEK-6-BIEGOW-21051_1.jpg","datePublished":"2026-02-16T12:06:18+00:00","dateModified":"2026-03-06T00:18:30+00:00","breadcrumb":{"@id":"https:\/\/erformance.eu\/lv\/produkts\/audi-a3-8l-96-03-juoda-pavaru-perjungimo-svirtis-6-pavaru-gaubtas\/#breadcrumb"},"inLanguage":"lv-LV","potentialAction":[{"@type":"ReadAction","target":["https:\/\/erformance.eu\/lv\/produkts\/audi-a3-8l-96-03-juoda-pavaru-perjungimo-svirtis-6-pavaru-gaubtas\/"]}]},{"@type":"ImageObject","inLanguage":"lv-LV","@id":"https:\/\/erformance.eu\/lv\/produkts\/audi-a3-8l-96-03-juoda-pavaru-perjungimo-svirtis-6-pavaru-gaubtas\/#primaryimage","url":"https:\/\/erformance.eu\/wp-content\/uploads\/2026\/02\/pol_pm_Audi-A3-8L-96-03-galka-zmiany-biegow-CZARNA-MIESZEK-6-BIEGOW-21051_1.jpg","contentUrl":"https:\/\/erformance.eu\/wp-content\/uploads\/2026\/02\/pol_pm_Audi-A3-8L-96-03-galka-zmiany-biegow-CZARNA-MIESZEK-6-BIEGOW-21051_1.jpg","width":1200,"height":900},{"@type":"BreadcrumbList","@id":"https:\/\/erformance.eu\/lv\/produkts\/audi-a3-8l-96-03-juoda-pavaru-perjungimo-svirtis-6-pavaru-gaubtas\/#breadcrumb","itemListElement":[{"@type":"ListItem","position":1,"name":"Home","item":"https:\/\/erformance.eu\/lv\/"},{"@type":"ListItem","position":2,"name":"Veikals","item":"https:\/\/erformance.eu\/lv\/veikals\/"},{"@type":"ListItem","position":3,"name":"Audi A3 8L 96-03 JUODA pavar\u0173 perjungimo svirtis + 6 pavar\u0173 gaubtas"}]},{"@type":"WebSite","@id":"https:\/\/erformance.eu\/lv\/#website","url":"https:\/\/erformance.eu\/lv\/","name":"Erformance.eu","description":"Automobili\u0173 dali\u0173 parduotuv\u0117","potentialAction":[{"@type":"SearchAction","target":{"@type":"EntryPoint","urlTemplate":"https:\/\/erformance.eu\/lv\/?s={search_term_string}"},"query-input":{"@type":"PropertyValueSpecification","valueRequired":true,"valueName":"search_term_string"}}],"inLanguage":"lv-LV"}]}},"jetpack_sharing_enabled":true,"_links":{"self":[{"href":"https:\/\/erformance.eu\/lv\/wp-json\/wp\/v2\/product\/60294","targetHints":{"allow":["GET"]}}],"collection":[{"href":"https:\/\/erformance.eu\/lv\/wp-json\/wp\/v2\/product"}],"about":[{"href":"https:\/\/erformance.eu\/lv\/wp-json\/wp\/v2\/types\/product"}],"replies":[{"embeddable":true,"href":"https:\/\/erformance.eu\/lv\/wp-json\/wp\/v2\/comments?post=60294"}],"version-history":[{"count":1,"href":"https:\/\/erformance.eu\/lv\/wp-json\/wp\/v2\/product\/60294\/revisions"}],"predecessor-version":[{"id":60305,"href":"https:\/\/erformance.eu\/lv\/wp-json\/wp\/v2\/product\/60294\/revisions\/60305"}],"wp:featuredmedia":[{"embeddable":true,"href":"https:\/\/erformance.eu\/lv\/wp-json\/wp\/v2\/media\/60295"}],"wp:attachment":[{"href":"https:\/\/erformance.eu\/lv\/wp-json\/wp\/v2\/media?parent=60294"}],"wp:term":[{"taxonomy":"product_brand","embeddable":true,"href":"https:\/\/erformance.eu\/lv\/wp-json\/wp\/v2\/product_brand?post=60294"},{"taxonomy":"product_cat","embeddable":true,"href":"https:\/\/erformance.eu\/lv\/wp-json\/wp\/v2\/product_cat?post=60294"},{"taxonomy":"product_tag","embeddable":true,"href":"https:\/\/erformance.eu\/lv\/wp-json\/wp\/v2\/product_tag?post=60294"}],"curies":[{"name":"wp","href":"https:\/\/api.w.org\/{rel}","templated":true}]}}