{"id":60506,"date":"2026-02-16T15:07:32","date_gmt":"2026-02-16T12:07:32","guid":{"rendered":"https:\/\/erformance.eu\/?post_type=product&#038;p=60506"},"modified":"2026-03-24T11:45:07","modified_gmt":"2026-03-24T08:45:07","slug":"audi-a6-97-01-1-9tdi-turbo-tarpinio-ausintuvo-zarna-2","status":"publish","type":"product","link":"https:\/\/erformance.eu\/lv\/produkts\/audi-a6-97-01-1-9tdi-turbo-tarpinio-ausintuvo-zarna-2\/","title":{"rendered":"Audi A6 97-01 1.9TDi turbo tarpinio au\u0161intuvo \u017earna"},"content":{"rendered":"<p>Prek\u0117: Turbinos tarpinio au\u0161intuvo \u017earna<br \/>\nOE numeris: 058145856C<br \/>\nPASTABA: auk\u0161\u010diau pateikti numeriai yra original\u016bs dali\u0173 numeriai, kuriuos \u0161is pasi\u016blymas pakei\u010dia. Prie\u0161 pirkdami, palyginkite juos su originaliu dalies numeriu. Jei jie skiriasi net vienu simboliu, dalis netiks, neveiks arba veiks netinkamai. Tokiu atveju jos nepirkite.<br \/>\nAutomobilis:<br \/>\nAudi A4 B5 , gamybos metai: 1998\u20132001<\/p>\n<p>Variklis: 1.9TDi \/ 75KM, 90KM, 110KM \/ AFN, AVG, AHH, AHU, AFF<\/p>\n<p>\u201eAudi A6 C5\u201c , gamybos metai: 1997\u20132001<\/p>\n<p>Variklis: 1.9TDi \/ 110AG \/ AVG, AFW<\/p>\n<p>VW Passat B5 , gamybos metai: 1996\u20132000<\/p>\n<p>Variklis: 1.9TDi \/ 90KM, 110KM \/ AVG, AFW, AHH, AHU<\/p>\n<p>Gamintojas: pakaitalas<br \/>\nTechnin\u0117 b\u016bkl\u0117: prek\u0117 yra visi\u0161kai nauja, nenaudota, nepa\u017eeista ir nesugadinta<br \/>\nD\u0116MESIO!<\/p>\n<p>sustiprintas<br \/>\natsparus aliejui<\/p>\n","protected":false},"excerpt":{"rendered":"<p>1. Prek\u0117: Turbokompresoriaus tarpinio au\u0161intuvo \u017earna2. Gamintojas: pakeitimas3. Automobilis:    * Audi A4 B5 98-01    * Audi A6 C5 97-01    * VW Passat B5 96-00<\/p>\n","protected":false},"featured_media":49799,"comment_status":"open","ping_status":"closed","template":"","meta":[],"product_brand":[],"product_cat":[394,144,3917,3956,4161],"product_tag":[],"class_list":{"0":"post-60506","1":"product","2":"type-product","3":"status-publish","4":"has-post-thumbnail","6":"product_cat-audi-a6","7":"product_cat-audi","8":"product_cat-audi-a6-c5","9":"product_cat-audi-a6-c5-isores-dalys","10":"product_cat-audi-a6-c5-isores-kitos-dalys","12":"first","13":"instock","14":"shipping-taxable","15":"purchasable","16":"product-type-simple"},"yoast_head":"<!-- This site is optimized with the Yoast SEO Premium plugin v25.2 (Yoast SEO v27.3) - https:\/\/yoast.com\/product\/yoast-seo-premium-wordpress\/ -->\n<title>Audi A6 97-01 1.9TDi turbo tarpinio au\u0161intuvo \u017earna - Erformance.eu<\/title>\n<meta name=\"robots\" content=\"index, follow, max-snippet:-1, max-image-preview:large, max-video-preview:-1\" \/>\n<link rel=\"canonical\" href=\"https:\/\/erformance.eu\/lv\/produkts\/audi-a6-97-01-1-9tdi-turbo-tarpinio-ausintuvo-zarna-2\/\" \/>\n<meta property=\"og:locale\" content=\"lv_LV\" \/>\n<meta property=\"og:type\" content=\"article\" \/>\n<meta property=\"og:title\" content=\"Audi A6 97-01 1.9TDi turbo tarpinio au\u0161intuvo \u017earna\" \/>\n<meta property=\"og:description\" content=\"1. Prek\u0117: Turbokompresoriaus tarpinio au\u0161intuvo \u017earna2. Gamintojas: pakeitimas3. Automobilis:  * Audi A4 B5 98-01  * Audi A6 C5 97-01  * VW Passat B5 96-00\" \/>\n<meta property=\"og:url\" content=\"https:\/\/erformance.eu\/lv\/produkts\/audi-a6-97-01-1-9tdi-turbo-tarpinio-ausintuvo-zarna-2\/\" \/>\n<meta property=\"og:site_name\" content=\"Erformance.eu\" \/>\n<meta property=\"article:modified_time\" content=\"2026-03-24T08:45:07+00:00\" \/>\n<meta property=\"og:image\" content=\"https:\/\/erformance.eu\/wp-content\/uploads\/2026\/02\/pol_pm_Audi-A6-97-01-1-9TDi-waz-turbo-intercoolera-5699_1.jpg\" \/>\n\t<meta property=\"og:image:width\" content=\"800\" \/>\n\t<meta property=\"og:image:height\" content=\"600\" \/>\n\t<meta property=\"og:image:type\" content=\"image\/jpeg\" \/>\n<meta name=\"twitter:card\" content=\"summary_large_image\" \/>\n<meta name=\"twitter:label1\" content=\"Est. reading time\" \/>\n\t<meta name=\"twitter:data1\" content=\"1 min\u016b\u0161u\" \/>\n<script type=\"application\/ld+json\" class=\"yoast-schema-graph\">{\"@context\":\"https:\\\/\\\/schema.org\",\"@graph\":[{\"@type\":\"WebPage\",\"@id\":\"https:\\\/\\\/erformance.eu\\\/lv\\\/produkts\\\/audi-a6-97-01-1-9tdi-turbo-tarpinio-ausintuvo-zarna-2\\\/\",\"url\":\"https:\\\/\\\/erformance.eu\\\/lv\\\/produkts\\\/audi-a6-97-01-1-9tdi-turbo-tarpinio-ausintuvo-zarna-2\\\/\",\"name\":\"Audi A6 97-01 1.9TDi turbo tarpinio au\u0161intuvo \u017earna - Erformance.eu\",\"isPartOf\":{\"@id\":\"https:\\\/\\\/erformance.eu\\\/lv\\\/#website\"},\"primaryImageOfPage\":{\"@id\":\"https:\\\/\\\/erformance.eu\\\/lv\\\/produkts\\\/audi-a6-97-01-1-9tdi-turbo-tarpinio-ausintuvo-zarna-2\\\/#primaryimage\"},\"image\":{\"@id\":\"https:\\\/\\\/erformance.eu\\\/lv\\\/produkts\\\/audi-a6-97-01-1-9tdi-turbo-tarpinio-ausintuvo-zarna-2\\\/#primaryimage\"},\"thumbnailUrl\":\"https:\\\/\\\/erformance.eu\\\/wp-content\\\/uploads\\\/2026\\\/02\\\/pol_pm_Audi-A6-97-01-1-9TDi-waz-turbo-intercoolera-5699_1.jpg\",\"datePublished\":\"2026-02-16T12:07:32+00:00\",\"dateModified\":\"2026-03-24T08:45:07+00:00\",\"breadcrumb\":{\"@id\":\"https:\\\/\\\/erformance.eu\\\/lv\\\/produkts\\\/audi-a6-97-01-1-9tdi-turbo-tarpinio-ausintuvo-zarna-2\\\/#breadcrumb\"},\"inLanguage\":\"lv-LV\",\"potentialAction\":[{\"@type\":\"ReadAction\",\"target\":[\"https:\\\/\\\/erformance.eu\\\/lv\\\/produkts\\\/audi-a6-97-01-1-9tdi-turbo-tarpinio-ausintuvo-zarna-2\\\/\"]}]},{\"@type\":\"ImageObject\",\"inLanguage\":\"lv-LV\",\"@id\":\"https:\\\/\\\/erformance.eu\\\/lv\\\/produkts\\\/audi-a6-97-01-1-9tdi-turbo-tarpinio-ausintuvo-zarna-2\\\/#primaryimage\",\"url\":\"https:\\\/\\\/erformance.eu\\\/wp-content\\\/uploads\\\/2026\\\/02\\\/pol_pm_Audi-A6-97-01-1-9TDi-waz-turbo-intercoolera-5699_1.jpg\",\"contentUrl\":\"https:\\\/\\\/erformance.eu\\\/wp-content\\\/uploads\\\/2026\\\/02\\\/pol_pm_Audi-A6-97-01-1-9TDi-waz-turbo-intercoolera-5699_1.jpg\",\"width\":800,\"height\":600},{\"@type\":\"BreadcrumbList\",\"@id\":\"https:\\\/\\\/erformance.eu\\\/lv\\\/produkts\\\/audi-a6-97-01-1-9tdi-turbo-tarpinio-ausintuvo-zarna-2\\\/#breadcrumb\",\"itemListElement\":[{\"@type\":\"ListItem\",\"position\":1,\"name\":\"Home\",\"item\":\"https:\\\/\\\/erformance.eu\\\/lv\\\/\"},{\"@type\":\"ListItem\",\"position\":2,\"name\":\"Veikals\",\"item\":\"https:\\\/\\\/erformance.eu\\\/lv\\\/veikals\\\/\"},{\"@type\":\"ListItem\",\"position\":3,\"name\":\"Audi A6 97-01 1.9TDi turbo tarpinio au\u0161intuvo \u017earna\"}]},{\"@type\":\"WebSite\",\"@id\":\"https:\\\/\\\/erformance.eu\\\/lv\\\/#website\",\"url\":\"https:\\\/\\\/erformance.eu\\\/lv\\\/\",\"name\":\"Erformance.eu\",\"description\":\"Automobili\u0173 dali\u0173 parduotuv\u0117\",\"potentialAction\":[{\"@type\":\"SearchAction\",\"target\":{\"@type\":\"EntryPoint\",\"urlTemplate\":\"https:\\\/\\\/erformance.eu\\\/lv\\\/?s={search_term_string}\"},\"query-input\":{\"@type\":\"PropertyValueSpecification\",\"valueRequired\":true,\"valueName\":\"search_term_string\"}}],\"inLanguage\":\"lv-LV\"}]}<\/script>\n<!-- \/ Yoast SEO Premium plugin. -->","yoast_head_json":{"title":"Audi A6 97-01 1.9TDi turbo tarpinio au\u0161intuvo \u017earna - Erformance.eu","robots":{"index":"index","follow":"follow","max-snippet":"max-snippet:-1","max-image-preview":"max-image-preview:large","max-video-preview":"max-video-preview:-1"},"canonical":"https:\/\/erformance.eu\/lv\/produkts\/audi-a6-97-01-1-9tdi-turbo-tarpinio-ausintuvo-zarna-2\/","og_locale":"lv_LV","og_type":"article","og_title":"Audi A6 97-01 1.9TDi turbo tarpinio au\u0161intuvo \u017earna","og_description":"1. Prek\u0117: Turbokompresoriaus tarpinio au\u0161intuvo \u017earna2. Gamintojas: pakeitimas3. Automobilis:  * Audi A4 B5 98-01  * Audi A6 C5 97-01  * VW Passat B5 96-00","og_url":"https:\/\/erformance.eu\/lv\/produkts\/audi-a6-97-01-1-9tdi-turbo-tarpinio-ausintuvo-zarna-2\/","og_site_name":"Erformance.eu","article_modified_time":"2026-03-24T08:45:07+00:00","og_image":[{"width":800,"height":600,"url":"https:\/\/erformance.eu\/wp-content\/uploads\/2026\/02\/pol_pm_Audi-A6-97-01-1-9TDi-waz-turbo-intercoolera-5699_1.jpg","type":"image\/jpeg"}],"twitter_card":"summary_large_image","twitter_misc":{"Est. reading time":"1 min\u016b\u0161u"},"schema":{"@context":"https:\/\/schema.org","@graph":[{"@type":"WebPage","@id":"https:\/\/erformance.eu\/lv\/produkts\/audi-a6-97-01-1-9tdi-turbo-tarpinio-ausintuvo-zarna-2\/","url":"https:\/\/erformance.eu\/lv\/produkts\/audi-a6-97-01-1-9tdi-turbo-tarpinio-ausintuvo-zarna-2\/","name":"Audi A6 97-01 1.9TDi turbo tarpinio au\u0161intuvo \u017earna - Erformance.eu","isPartOf":{"@id":"https:\/\/erformance.eu\/lv\/#website"},"primaryImageOfPage":{"@id":"https:\/\/erformance.eu\/lv\/produkts\/audi-a6-97-01-1-9tdi-turbo-tarpinio-ausintuvo-zarna-2\/#primaryimage"},"image":{"@id":"https:\/\/erformance.eu\/lv\/produkts\/audi-a6-97-01-1-9tdi-turbo-tarpinio-ausintuvo-zarna-2\/#primaryimage"},"thumbnailUrl":"https:\/\/erformance.eu\/wp-content\/uploads\/2026\/02\/pol_pm_Audi-A6-97-01-1-9TDi-waz-turbo-intercoolera-5699_1.jpg","datePublished":"2026-02-16T12:07:32+00:00","dateModified":"2026-03-24T08:45:07+00:00","breadcrumb":{"@id":"https:\/\/erformance.eu\/lv\/produkts\/audi-a6-97-01-1-9tdi-turbo-tarpinio-ausintuvo-zarna-2\/#breadcrumb"},"inLanguage":"lv-LV","potentialAction":[{"@type":"ReadAction","target":["https:\/\/erformance.eu\/lv\/produkts\/audi-a6-97-01-1-9tdi-turbo-tarpinio-ausintuvo-zarna-2\/"]}]},{"@type":"ImageObject","inLanguage":"lv-LV","@id":"https:\/\/erformance.eu\/lv\/produkts\/audi-a6-97-01-1-9tdi-turbo-tarpinio-ausintuvo-zarna-2\/#primaryimage","url":"https:\/\/erformance.eu\/wp-content\/uploads\/2026\/02\/pol_pm_Audi-A6-97-01-1-9TDi-waz-turbo-intercoolera-5699_1.jpg","contentUrl":"https:\/\/erformance.eu\/wp-content\/uploads\/2026\/02\/pol_pm_Audi-A6-97-01-1-9TDi-waz-turbo-intercoolera-5699_1.jpg","width":800,"height":600},{"@type":"BreadcrumbList","@id":"https:\/\/erformance.eu\/lv\/produkts\/audi-a6-97-01-1-9tdi-turbo-tarpinio-ausintuvo-zarna-2\/#breadcrumb","itemListElement":[{"@type":"ListItem","position":1,"name":"Home","item":"https:\/\/erformance.eu\/lv\/"},{"@type":"ListItem","position":2,"name":"Veikals","item":"https:\/\/erformance.eu\/lv\/veikals\/"},{"@type":"ListItem","position":3,"name":"Audi A6 97-01 1.9TDi turbo tarpinio au\u0161intuvo \u017earna"}]},{"@type":"WebSite","@id":"https:\/\/erformance.eu\/lv\/#website","url":"https:\/\/erformance.eu\/lv\/","name":"Erformance.eu","description":"Automobili\u0173 dali\u0173 parduotuv\u0117","potentialAction":[{"@type":"SearchAction","target":{"@type":"EntryPoint","urlTemplate":"https:\/\/erformance.eu\/lv\/?s={search_term_string}"},"query-input":{"@type":"PropertyValueSpecification","valueRequired":true,"valueName":"search_term_string"}}],"inLanguage":"lv-LV"}]}},"jetpack_sharing_enabled":true,"_links":{"self":[{"href":"https:\/\/erformance.eu\/lv\/wp-json\/wp\/v2\/product\/60506","targetHints":{"allow":["GET"]}}],"collection":[{"href":"https:\/\/erformance.eu\/lv\/wp-json\/wp\/v2\/product"}],"about":[{"href":"https:\/\/erformance.eu\/lv\/wp-json\/wp\/v2\/types\/product"}],"replies":[{"embeddable":true,"href":"https:\/\/erformance.eu\/lv\/wp-json\/wp\/v2\/comments?post=60506"}],"version-history":[{"count":1,"href":"https:\/\/erformance.eu\/lv\/wp-json\/wp\/v2\/product\/60506\/revisions"}],"predecessor-version":[{"id":60507,"href":"https:\/\/erformance.eu\/lv\/wp-json\/wp\/v2\/product\/60506\/revisions\/60507"}],"wp:featuredmedia":[{"embeddable":true,"href":"https:\/\/erformance.eu\/lv\/wp-json\/wp\/v2\/media\/49799"}],"wp:attachment":[{"href":"https:\/\/erformance.eu\/lv\/wp-json\/wp\/v2\/media?parent=60506"}],"wp:term":[{"taxonomy":"product_brand","embeddable":true,"href":"https:\/\/erformance.eu\/lv\/wp-json\/wp\/v2\/product_brand?post=60506"},{"taxonomy":"product_cat","embeddable":true,"href":"https:\/\/erformance.eu\/lv\/wp-json\/wp\/v2\/product_cat?post=60506"},{"taxonomy":"product_tag","embeddable":true,"href":"https:\/\/erformance.eu\/lv\/wp-json\/wp\/v2\/product_tag?post=60506"}],"curies":[{"name":"wp","href":"https:\/\/api.w.org\/{rel}","templated":true}]}}