{"id":60638,"date":"2026-02-16T15:08:22","date_gmt":"2026-02-16T12:08:22","guid":{"rendered":"https:\/\/erformance.eu\/?post_type=product&#038;p=60638"},"modified":"2026-03-05T18:41:23","modified_gmt":"2026-03-05T15:41:23","slug":"audi-a1-8x-10-18-galinio-valytuvo-variklis","status":"publish","type":"product","link":"https:\/\/erformance.eu\/lv\/produkts\/audi-a1-8x-10-18-galinio-valytuvo-variklis\/","title":{"rendered":"Audi A1 8X 10-18 galinio valytuvo variklis"},"content":{"rendered":"<p>Prek\u0117: Galinio valytuvo variklis<br \/>\nOriginalus numeris:<\/p>\n<p>4G9955711A<br \/>\n4G9955711C<br \/>\n8U0955711A<br \/>\n579717<\/p>\n<p>PASTABA: auk\u0161\u010diau pateikti numeriai yra original\u016bs dali\u0173 numeriai, kuriuos \u0161is pasi\u016blymas pakei\u010dia. Prie\u0161 pirkdami, palyginkite juos su originaliu dalies numeriu. Jei jie skiriasi net vienu simboliu, dalis netiks, neveiks arba veiks netinkamai. Tokiu atveju jos nepirkite.<br \/>\nAutomobilis:<br \/>\nAudi A1 (8X1, 8XK), pagaminimo metai: 2010\u20132018<\/p>\n<p>Audi A1 (8X1, 8XK) 1.0 TFSI (CHZB DKLD) 999ccm 95KM\/70kW 2015\/03-2018\/10<br \/>\nAudi A1 (8X1, 8XK) 1.0 TFSI (CHZE) 999ccm 82KM\/60kW 2016\/01-2018\/10<br \/>\nAudi A1 (8X1, 8XK) 1.2 TFSI (CBZA) 1197ccm 86KM\/63kW 2010\/05-2015\/04<br \/>\nAudi A1 (8X1, 8XK) 1.4 TDI (CUSB) 1422ccm 90KM\/66kW 2014\/11-2018\/10<br \/>\nAudi A1 (8X1, 8XK) 1.4 TFSI (CAVG CTHG CTJA) 1390ccm 185KM\/136kW 2011\/01-2015\/04<br \/>\nAudi A1 (8X1, 8XK) 1.4 TFSI (CAXA CNVA) 1390ccm 122KM\/90kW 2010\/05-2015\/04<br \/>\nAudi A1 (8X1, 8XK) 1.4 TFSI (C1TA) 1395ccm 140KM\/103kW 2012\/04-2015\/04<br \/>\nAudi A1 (8X1, 8XK) 1.4 TFSI (CZCA CZDD) 1395ccm 125KM\/92kW 2014-11-2018-10<br \/>\nAudi A1 (8X1, 8XK) 1.4 TSI (CZEA) 1395ccm 150KM\/110kW 2014\/11-2018\/10<br \/>\nAudi A1 (8X1, 8XK) 1.6 TDI (CAYB) 1598ccm 90KM\/66kW 2011\/03-2015\/04<br \/>\nAudi A1 (8X1, 8XK) 1.6 TDI (CAYC) 1598ccm 105KM\/77kW 2010\/05-2015\/04<br \/>\nAudi A1 (8X1, 8XK) 1.6 TDI (CXMA) 1598ccm 115KM\/85kW 2014\/11-2018\/10<br \/>\nAudi A1 (8X1, 8XK) 1.8 TFSI (DAJB) 1798 cm\u00b3 (192 KM\/141 kW) 2015-02-2018<br \/>\nAudi A1 (8X1, 8XK) 2.0 TDI (CFHD) 1968ccm 143KM\/105kW 2011\/09-2015\/04<br \/>\nAudi A1 (8X1, 8XK) 2.0 TFSI quattro (CDLH) 1984 cm3 (256 KM\/188 kW) 2012-03-2012-11<br \/>\nAudi A1 (8X1, 8XK) S1 quattro (CWZA) 1984ccm 231KM\/170kW 2014-03-2018-10<\/p>\n<p>\u201eAudi A1 Sportback\u201c (8XA, 8XF), pagaminimo metai: 2011\u20132018<\/p>\n<p>Audi A1 Sportback (8XA, 8XF) 1.0 TFSI (CHZB DKLD) 999ccm 95KM\/70kW 2015-03-2018-10<br \/>\nAudi A1 Sportback (8XA, 8XF) 1.0 TFSI (CHZE) 82KM\/60kW (2016-01-2018-10)<br \/>\nAudi A1 Sportback (8XA, 8XF) 1.2 TFSI (CBZA) 1197ccm 86KM\/63kW 2012-01-2015-04<br \/>\nAudi A1 Sportback (8XA, 8XF) 1.4 TDI (CUSB) 1422ccm 90KM\/66kW 2014\/11-2018\/10<br \/>\nAudi A1 Sportback (8XA, 8XF) 1.4 TFSI (CAVG CTHG CTHJA) 1390ccm 185KM\/136kW 2011\/11-2015\/04<br \/>\nAudi A1 Sportback (8XA, 8XF) 1.4 TFSI (CAXA CNVA) 1390ccm 122KM\/90kW 2011\/11-2015\/04<br \/>\nAudi A1 Sportback (8XA, 8XF) 1.4 TFSI (CPA) 1395ccm 140KM\/103kW 2012\/04-2015\/04<br \/>\nAudi A1 Sportback (8XA, 8XF) 1.4 TFSI (CZCA CZDD) 1395ccm 125KM\/92kW 2014-11-2018-10<br \/>\nAudi A1 Sportback (8XA, 8XF) 1.4 TSI (CZEA) 1395ccm 150KM\/110kW 2014\/11-2018\/10<br \/>\nAudi A1 Sportback (8XA, 8XF) 1.6 TDI (CAYB) 1598ccm 90KM\/66kW 2011\/11-2015\/04<br \/>\nAudi A1 Sportback (8XA, 8XF) 1.6 TDI (CAYC) 1598ccm 105KM\/77kW 2011\/11-2015\/04<br \/>\nAudi A1 Sportback (8XA, 8XF) 1.6 TDI (CXCA) 1598ccm 115KM\/85kW 2014-11-2018-10<br \/>\nAudi A1 Sportback (8XA, 8XF) 1.8 TFSI (DAJB) 1798 cm\u00b3 (192 KM\/141 kW) 2015-02-2018<br \/>\nAudi A1 Sportback (8XA, 8XF) 2.0 TDI (CFHD) 1968ccm 143km\/105kW 2011\/09-2015\/04<br \/>\nAudi A1 Sportback (8XA, 8XF) S1 quattro (CWZA) 1984 cm\u00b3 (231 km\/170 kW) 2014-03-2018<\/p>\n<p>Audi A6 Avant (4G5, 4GD, C7), gamybos metai: 2011-2018<\/p>\n<p>Audi A6 Avant (4G5, 4GD, C7) 1.8 TFSI (CYGA) 1798ccm 190KM\/140kW 2014-09-2018-09<br \/>\nAudi A6 Avant (4G5, 4GD, C7) 2.0 TDI (CGLC CMGB) 1968ccm 177KM\/130kW 2011-05-2018-09<br \/>\nAudi A6 Avant (4G5, 4GD, C7) 2.0 TDI (CGLD) 1968ccm 163KM\/120kW 2011-05-2018-09<br \/>\nAudi A6 Avant (4G5, 4GD, C7) 2.0 TDI (CNHA CZJA DDDA) 1968ccm 190KM\/140kW 2013\/11-2018\/09<br \/>\nAudi A6 Avant (4G5, 4GD, C7) 2.0 TDI (CSUD DDCB) 1968ccm 150KM\/110kW 2014-09-2018-09<br \/>\nAudi A6 Avant (4G5, 4GD, C7) 2.0 TDI quattro (CNHA DDDA) 1968ccm 190KM\/140kW 2015\/04-2018\/09<br \/>\nAudi A6 Avant (4G5, 4GD, C7) 2.0 TFSI (CDNB) 1984ccm 180KM\/132kW 2011-06-2018-09<br \/>\nAudi A6 Avant (4G5, 4GD, C7) 2.0 TFSI (CYNB CYPA) 1984ccm 252KM\/185kW 2014\/09-2018\/09<br \/>\nAudi A6 Avant (4G5, 4GD, C7) 2.0 TFSI quattro (CYPA) 1984ccm 252KM\/185kW 2015-05-2018-09<br \/>\nAudi A6 Avant (4G5, 4GD, C7) 2.0 TFSI quattro (CYPB) 1984ccm 249KM\/183kW 2015-05-2018-09<br \/>\nAudi A6 Avant (4G5, 4GD, C7) 2.8 FSI (CHVA) 2773ccm 204KM\/150kW 2011\/05-2015\/04<br \/>\nAudi A6 Avant (4G5, 4GD, C7) 2.8 FSI quattro (CHVA) 2773ccm 204KM\/150kW 2011\/05-2015\/04<br \/>\nAudi A6 Avant (4G5, 4GD, C7) 2.8 FSI quattro (CVPA) 2773ccm 220KM\/162kW 2014\/09-2018\/09<br \/>\nAudi A6 Avant (4G5, 4GD, C7) 3.0 TDI (CLAB) 2967ccm 204KM\/150kW 2011\/05-2018\/09<br \/>\nAudi A6 Avant (4G5, 4GD, C7) 3.0 TDI (CTCB CZVD) 2967ccm 211KM\/155kW 2014\/09-2018\/09<br \/>\nAudi A6 Avant (4G5, 4GD, C7) 3.0 TDI (CTCC CZVB) 2967ccm 218KM\/160kW 2014\/09-2018\/09<br \/>\nAudi A6 Avant (4G5, 4GD, C7) 3.0 TDI quattro (CDUC CDUD CKVB CKVC) 2967ccm 245KM\/180kW 2011\/05-2018\/09<br \/>\nAudi A6 Avant (4G5, 4GD, C7) 3.0 TDI quattro (CGQB) 2967ccm 313KM\/230kW 2011\/11-2018\/09<br \/>\nAudi A6 Avant (4G5, 4GD, C7) 3.0 TDI quattro (CLAA) 2967ccm 204KM\/150kW 2011\/05-2018\/09<br \/>\nAudi A6 Avant (4G5, 4GD, C7) 3.0 TDI quattro (CRTD) 2967ccm 272KM\/200kW 2014\/09-2018\/09<br \/>\nAudi A6 Avant (4G5, 4GD, C7) 3.0 TDI quattro (CRTE CZVA) 2967ccm 218KM\/160kW 2014\/09-2018\/09<br \/>\nAudi A6 Avant (4G5, 4GD, C7) 3.0 TDI quattro (CRTF CZVC) 2967ccm 211KM\/155kW 2014\/09-2018\/09<br \/>\nAudi A6 Avant (4G5, 4GD, C7) 3.0 TDI quattro (CVUA) 2967ccm 320KM\/235kW 2014\/09-2018\/09<br \/>\nAudi A6 Avant (4G5, 4GD, C7) 3.0 TDI quattro (CVUB) 2967ccm 326KM\/240kW 2014\/09-2018\/09<br \/>\nAudi A6 Avant (4G5, 4GD, C7) 3.0 TFSI quattro (CGWB) 2995ccm 300KM\/220kW 2011\/05-2012\/05<br \/>\nAudi A6 Avant (4G5, 4GD, C7) 3.0 TFSI quattro (CGWD) 2995ccm 310KM\/228kW 2011\/11-2018\/09<br \/>\nAudi A6 Avant (4G5, 4GD, C7) 3.0 TFSI quattro (CREC) 2995ccm 333KM\/245kW 2014\/09-2018\/09<br \/>\nAudi A6 Avant (4G5, 4GD, C7) RS6 performance quattro (CWUC) 3993ccm 605KM\/445kW 2015\/11-2018\/09<br \/>\nAudi A6 Avant (4G5, 4GD, C7) RS6 quattro (CRDB CWUB) 3993ccm 560KM\/412kW 2013\/01-2018\/09<br \/>\nAudi A6 Avant (4G5, 4GD, C7) S6 quattro (CEUC) 3993ccm 420KM\/309kW 2012\/02-2018\/09<br \/>\nAudi A6 Avant (4G5, 4GD, C7) S6 quattro (CTGE) 3993ccm 450KM\/331kW 2014\/10-2018\/09<\/p>\n<p>Audi Q3 (8UB, 8UG), rok produkcji: 2011-2018<\/p>\n<p>Audi Q3 (8UB, 8UG) 1.4 TFSI (CZDB) 1395ccm 125KM\/92kW 2016\/07-2018\/10<br \/>\nAudi Q3 (8UB, 8UG) 1.4 TSI (CHPB CZDA CZEA) 1395ccm 150KM\/110kW 2013\/10-2018\/10<br \/>\nAudi Q3 (8UB, 8UG) 2.0 TDI (CFFA CUVB DFTB) 1968ccm 136KM\/100kW 2011\/09-2018\/10<br \/>\nAudi Q3 (8UB, 8UG) 2.0 TDI (CFFB CLJA) 1968ccm 140KM\/103kW 2011\/09-2018\/10<br \/>\nAudi Q3 (8UB, 8UG) 2.0 TDI (CFGC) 1968ccm 177KM\/130kW 2011\/06-2015\/04<br \/>\nAudi Q3 (8UB, 8UG) 2.0 TDI (CUVC DBBA DFTA) 1968ccm 150KM\/110kW 2014\/11-2018\/10<br \/>\nAudi Q3 (8UB, 8UG) 2.0 TDI (CUVD DFTC) 1968ccm 120KM\/88kW 2015\/03-2018\/10<br \/>\nAudi Q3 (8UB, 8UG) 2.0 TDI (CUWA DFUA) 1968ccm 184KM\/135kW 2015\/05-2018\/10<br \/>\nAudi Q3 (8UB, 8UG) 2.0 TDI quattro (CFFB) 1968ccm 140KM\/103kW 2012\/01-2018\/10<br \/>\nAudi Q3 (8UB, 8UG) 2.0 TDI quattro (CFGC CLLB) 1968ccm 177KM\/130kW 2011\/06-2018\/10<br \/>\nAudi Q3 (8UB, 8UG) 2.0 TDI quattro (CUVC DFTA) 1968ccm 150KM\/110kW 2014\/11-2018\/10<br \/>\nAudi Q3 (8UB, 8UG) 2.0 TDI quattro (CUWA CYLA DFUA) 1968ccm 184KM\/135kW 2014\/11-2018\/10<br \/>\nAudi Q3 (8UB, 8UG) 2.0 TFSI (CULB) 1984ccm 180KM\/132kW 2015\/05-2018\/10<br \/>\nAudi Q3 (8UB, 8UG) 2.0 TFSI quattro (CCZC) 1984ccm 170KM\/125kW 2011\/06-2015\/04<br \/>\nAudi Q3 (8UB, 8UG) 2.0 TFSI quattro (CPSA) 1984ccm 211KM\/155kW 2011\/06-2015\/04<br \/>\nAudi Q3 (8UB, 8UG) 2.0 TFSI quattro (CULB) 1984 cm\u00b3 (180 km\/132 kW) 2014-11-2018<br \/>\nAudi Q3 (8UB, 8UG) 2.0 TFSI quattro (CULC) 1984ccm 220KM\/162kW 2014\/11-2018\/10<br \/>\nAudi Q3 (8UB, 8UG) RS 2.5 quattro (CTSA) 2480ccm 310KM\/228kW 2013\/10-2018\/10<br \/>\nAudi Q3 (8UB, 8UG) RS 2.5 quattro (CZGA) 2480ccm 340KM\/250kW 2013\/05-2018\/10<br \/>\nAudi Q3 (8UB, 8UG) RS performance 2.5 quattro (CZGB) 2480ccm 367KM\/270kW 2015\/01-2018\/10<\/p>\n<p>Kontakt\u0173 skai\u010dius: 4 kontaktai<br \/>\nGamintojas: pakaitalas<br \/>\nTechnin\u0117 b\u016bkl\u0117: prek\u0117 yra visi\u0161kai nauja, nenaudota, nepa\u017eeista ir nesugadinta<br \/>\nPastaba: Kair\u0117je\/de\u0161in\u0117je pus\u0117je vairuotoms transporto priemon\u0117ms.<\/p>\n","protected":false},"excerpt":{"rendered":"<p>1. Prek\u0117: Galinio valytuvo variklis2. Gamintojas: pakeitimas3. Automobilis:     * Audi A1 8X 10-18     * Audi A6 C7 Avant 11-18     * Audi Q3 8U 11-18<\/p>\n","protected":false},"featured_media":60639,"comment_status":"open","ping_status":"closed","template":"","meta":[],"product_brand":[],"product_cat":[3902,392,144,3942,4342],"product_tag":[],"class_list":{"0":"post-60638","1":"product","2":"type-product","3":"status-publish","4":"has-post-thumbnail","6":"product_cat-audi-a1-8x","7":"product_cat-audi-a1","8":"product_cat-audi","9":"product_cat-audi-a1-8x-isores-dalys","10":"product_cat-audi-a1-8x-mechanizmai-valytuvai","12":"first","13":"instock","14":"shipping-taxable","15":"purchasable","16":"product-type-simple"},"yoast_head":"<!-- This site is optimized with the Yoast SEO Premium plugin v25.2 (Yoast SEO v27.3) - https:\/\/yoast.com\/product\/yoast-seo-premium-wordpress\/ -->\n<title>Audi A1 8X 10-18 galinio valytuvo variklis - Erformance.eu<\/title>\n<meta name=\"robots\" content=\"index, follow, max-snippet:-1, max-image-preview:large, max-video-preview:-1\" \/>\n<link rel=\"canonical\" href=\"https:\/\/erformance.eu\/lv\/produkts\/audi-a1-8x-10-18-galinio-valytuvo-variklis\/\" \/>\n<meta property=\"og:locale\" content=\"lv_LV\" \/>\n<meta property=\"og:type\" content=\"article\" \/>\n<meta property=\"og:title\" content=\"Audi A1 8X 10-18 galinio valytuvo variklis\" \/>\n<meta property=\"og:description\" content=\"1. Prek\u0117: Galinio valytuvo variklis2. Gamintojas: pakeitimas3. Automobilis:   * Audi A1 8X 10-18   * Audi A6 C7 Avant 11-18   * Audi Q3 8U 11-18\" \/>\n<meta property=\"og:url\" content=\"https:\/\/erformance.eu\/lv\/produkts\/audi-a1-8x-10-18-galinio-valytuvo-variklis\/\" \/>\n<meta property=\"og:site_name\" content=\"Erformance.eu\" \/>\n<meta property=\"article:modified_time\" content=\"2026-03-05T15:41:23+00:00\" \/>\n<meta property=\"og:image\" content=\"https:\/\/erformance.eu\/wp-content\/uploads\/2026\/02\/pol_pm_Audi-A1-8X-10-18-silniczek-wycieraczki-tylnej-22318_1.jpg\" \/>\n\t<meta property=\"og:image:width\" content=\"1200\" \/>\n\t<meta property=\"og:image:height\" content=\"900\" \/>\n\t<meta property=\"og:image:type\" content=\"image\/jpeg\" \/>\n<meta name=\"twitter:card\" content=\"summary_large_image\" \/>\n<meta name=\"twitter:label1\" content=\"Est. reading time\" \/>\n\t<meta name=\"twitter:data1\" content=\"6 min\u016btes\" \/>\n<script type=\"application\/ld+json\" class=\"yoast-schema-graph\">{\"@context\":\"https:\\\/\\\/schema.org\",\"@graph\":[{\"@type\":\"WebPage\",\"@id\":\"https:\\\/\\\/erformance.eu\\\/lv\\\/produkts\\\/audi-a1-8x-10-18-galinio-valytuvo-variklis\\\/\",\"url\":\"https:\\\/\\\/erformance.eu\\\/lv\\\/produkts\\\/audi-a1-8x-10-18-galinio-valytuvo-variklis\\\/\",\"name\":\"Audi A1 8X 10-18 galinio valytuvo variklis - Erformance.eu\",\"isPartOf\":{\"@id\":\"https:\\\/\\\/erformance.eu\\\/lv\\\/#website\"},\"primaryImageOfPage\":{\"@id\":\"https:\\\/\\\/erformance.eu\\\/lv\\\/produkts\\\/audi-a1-8x-10-18-galinio-valytuvo-variklis\\\/#primaryimage\"},\"image\":{\"@id\":\"https:\\\/\\\/erformance.eu\\\/lv\\\/produkts\\\/audi-a1-8x-10-18-galinio-valytuvo-variklis\\\/#primaryimage\"},\"thumbnailUrl\":\"https:\\\/\\\/erformance.eu\\\/wp-content\\\/uploads\\\/2026\\\/02\\\/pol_pm_Audi-A1-8X-10-18-silniczek-wycieraczki-tylnej-22318_1.jpg\",\"datePublished\":\"2026-02-16T12:08:22+00:00\",\"dateModified\":\"2026-03-05T15:41:23+00:00\",\"breadcrumb\":{\"@id\":\"https:\\\/\\\/erformance.eu\\\/lv\\\/produkts\\\/audi-a1-8x-10-18-galinio-valytuvo-variklis\\\/#breadcrumb\"},\"inLanguage\":\"lv-LV\",\"potentialAction\":[{\"@type\":\"ReadAction\",\"target\":[\"https:\\\/\\\/erformance.eu\\\/lv\\\/produkts\\\/audi-a1-8x-10-18-galinio-valytuvo-variklis\\\/\"]}]},{\"@type\":\"ImageObject\",\"inLanguage\":\"lv-LV\",\"@id\":\"https:\\\/\\\/erformance.eu\\\/lv\\\/produkts\\\/audi-a1-8x-10-18-galinio-valytuvo-variklis\\\/#primaryimage\",\"url\":\"https:\\\/\\\/erformance.eu\\\/wp-content\\\/uploads\\\/2026\\\/02\\\/pol_pm_Audi-A1-8X-10-18-silniczek-wycieraczki-tylnej-22318_1.jpg\",\"contentUrl\":\"https:\\\/\\\/erformance.eu\\\/wp-content\\\/uploads\\\/2026\\\/02\\\/pol_pm_Audi-A1-8X-10-18-silniczek-wycieraczki-tylnej-22318_1.jpg\",\"width\":1200,\"height\":900},{\"@type\":\"BreadcrumbList\",\"@id\":\"https:\\\/\\\/erformance.eu\\\/lv\\\/produkts\\\/audi-a1-8x-10-18-galinio-valytuvo-variklis\\\/#breadcrumb\",\"itemListElement\":[{\"@type\":\"ListItem\",\"position\":1,\"name\":\"Home\",\"item\":\"https:\\\/\\\/erformance.eu\\\/lv\\\/\"},{\"@type\":\"ListItem\",\"position\":2,\"name\":\"Veikals\",\"item\":\"https:\\\/\\\/erformance.eu\\\/lv\\\/veikals\\\/\"},{\"@type\":\"ListItem\",\"position\":3,\"name\":\"Audi A1 8X 10-18 galinio valytuvo variklis\"}]},{\"@type\":\"WebSite\",\"@id\":\"https:\\\/\\\/erformance.eu\\\/lv\\\/#website\",\"url\":\"https:\\\/\\\/erformance.eu\\\/lv\\\/\",\"name\":\"Erformance.eu\",\"description\":\"Automobili\u0173 dali\u0173 parduotuv\u0117\",\"potentialAction\":[{\"@type\":\"SearchAction\",\"target\":{\"@type\":\"EntryPoint\",\"urlTemplate\":\"https:\\\/\\\/erformance.eu\\\/lv\\\/?s={search_term_string}\"},\"query-input\":{\"@type\":\"PropertyValueSpecification\",\"valueRequired\":true,\"valueName\":\"search_term_string\"}}],\"inLanguage\":\"lv-LV\"}]}<\/script>\n<!-- \/ Yoast SEO Premium plugin. -->","yoast_head_json":{"title":"Audi A1 8X 10-18 galinio valytuvo variklis - Erformance.eu","robots":{"index":"index","follow":"follow","max-snippet":"max-snippet:-1","max-image-preview":"max-image-preview:large","max-video-preview":"max-video-preview:-1"},"canonical":"https:\/\/erformance.eu\/lv\/produkts\/audi-a1-8x-10-18-galinio-valytuvo-variklis\/","og_locale":"lv_LV","og_type":"article","og_title":"Audi A1 8X 10-18 galinio valytuvo variklis","og_description":"1. Prek\u0117: Galinio valytuvo variklis2. Gamintojas: pakeitimas3. Automobilis:   * Audi A1 8X 10-18   * Audi A6 C7 Avant 11-18   * Audi Q3 8U 11-18","og_url":"https:\/\/erformance.eu\/lv\/produkts\/audi-a1-8x-10-18-galinio-valytuvo-variklis\/","og_site_name":"Erformance.eu","article_modified_time":"2026-03-05T15:41:23+00:00","og_image":[{"width":1200,"height":900,"url":"https:\/\/erformance.eu\/wp-content\/uploads\/2026\/02\/pol_pm_Audi-A1-8X-10-18-silniczek-wycieraczki-tylnej-22318_1.jpg","type":"image\/jpeg"}],"twitter_card":"summary_large_image","twitter_misc":{"Est. reading time":"6 min\u016btes"},"schema":{"@context":"https:\/\/schema.org","@graph":[{"@type":"WebPage","@id":"https:\/\/erformance.eu\/lv\/produkts\/audi-a1-8x-10-18-galinio-valytuvo-variklis\/","url":"https:\/\/erformance.eu\/lv\/produkts\/audi-a1-8x-10-18-galinio-valytuvo-variklis\/","name":"Audi A1 8X 10-18 galinio valytuvo variklis - Erformance.eu","isPartOf":{"@id":"https:\/\/erformance.eu\/lv\/#website"},"primaryImageOfPage":{"@id":"https:\/\/erformance.eu\/lv\/produkts\/audi-a1-8x-10-18-galinio-valytuvo-variklis\/#primaryimage"},"image":{"@id":"https:\/\/erformance.eu\/lv\/produkts\/audi-a1-8x-10-18-galinio-valytuvo-variklis\/#primaryimage"},"thumbnailUrl":"https:\/\/erformance.eu\/wp-content\/uploads\/2026\/02\/pol_pm_Audi-A1-8X-10-18-silniczek-wycieraczki-tylnej-22318_1.jpg","datePublished":"2026-02-16T12:08:22+00:00","dateModified":"2026-03-05T15:41:23+00:00","breadcrumb":{"@id":"https:\/\/erformance.eu\/lv\/produkts\/audi-a1-8x-10-18-galinio-valytuvo-variklis\/#breadcrumb"},"inLanguage":"lv-LV","potentialAction":[{"@type":"ReadAction","target":["https:\/\/erformance.eu\/lv\/produkts\/audi-a1-8x-10-18-galinio-valytuvo-variklis\/"]}]},{"@type":"ImageObject","inLanguage":"lv-LV","@id":"https:\/\/erformance.eu\/lv\/produkts\/audi-a1-8x-10-18-galinio-valytuvo-variklis\/#primaryimage","url":"https:\/\/erformance.eu\/wp-content\/uploads\/2026\/02\/pol_pm_Audi-A1-8X-10-18-silniczek-wycieraczki-tylnej-22318_1.jpg","contentUrl":"https:\/\/erformance.eu\/wp-content\/uploads\/2026\/02\/pol_pm_Audi-A1-8X-10-18-silniczek-wycieraczki-tylnej-22318_1.jpg","width":1200,"height":900},{"@type":"BreadcrumbList","@id":"https:\/\/erformance.eu\/lv\/produkts\/audi-a1-8x-10-18-galinio-valytuvo-variklis\/#breadcrumb","itemListElement":[{"@type":"ListItem","position":1,"name":"Home","item":"https:\/\/erformance.eu\/lv\/"},{"@type":"ListItem","position":2,"name":"Veikals","item":"https:\/\/erformance.eu\/lv\/veikals\/"},{"@type":"ListItem","position":3,"name":"Audi A1 8X 10-18 galinio valytuvo variklis"}]},{"@type":"WebSite","@id":"https:\/\/erformance.eu\/lv\/#website","url":"https:\/\/erformance.eu\/lv\/","name":"Erformance.eu","description":"Automobili\u0173 dali\u0173 parduotuv\u0117","potentialAction":[{"@type":"SearchAction","target":{"@type":"EntryPoint","urlTemplate":"https:\/\/erformance.eu\/lv\/?s={search_term_string}"},"query-input":{"@type":"PropertyValueSpecification","valueRequired":true,"valueName":"search_term_string"}}],"inLanguage":"lv-LV"}]}},"jetpack_sharing_enabled":true,"_links":{"self":[{"href":"https:\/\/erformance.eu\/lv\/wp-json\/wp\/v2\/product\/60638","targetHints":{"allow":["GET"]}}],"collection":[{"href":"https:\/\/erformance.eu\/lv\/wp-json\/wp\/v2\/product"}],"about":[{"href":"https:\/\/erformance.eu\/lv\/wp-json\/wp\/v2\/types\/product"}],"replies":[{"embeddable":true,"href":"https:\/\/erformance.eu\/lv\/wp-json\/wp\/v2\/comments?post=60638"}],"version-history":[{"count":1,"href":"https:\/\/erformance.eu\/lv\/wp-json\/wp\/v2\/product\/60638\/revisions"}],"predecessor-version":[{"id":60649,"href":"https:\/\/erformance.eu\/lv\/wp-json\/wp\/v2\/product\/60638\/revisions\/60649"}],"wp:featuredmedia":[{"embeddable":true,"href":"https:\/\/erformance.eu\/lv\/wp-json\/wp\/v2\/media\/60639"}],"wp:attachment":[{"href":"https:\/\/erformance.eu\/lv\/wp-json\/wp\/v2\/media?parent=60638"}],"wp:term":[{"taxonomy":"product_brand","embeddable":true,"href":"https:\/\/erformance.eu\/lv\/wp-json\/wp\/v2\/product_brand?post=60638"},{"taxonomy":"product_cat","embeddable":true,"href":"https:\/\/erformance.eu\/lv\/wp-json\/wp\/v2\/product_cat?post=60638"},{"taxonomy":"product_tag","embeddable":true,"href":"https:\/\/erformance.eu\/lv\/wp-json\/wp\/v2\/product_tag?post=60638"}],"curies":[{"name":"wp","href":"https:\/\/api.w.org\/{rel}","templated":true}]}}