{"id":61253,"date":"2026-02-16T15:12:05","date_gmt":"2026-02-16T12:12:05","guid":{"rendered":"https:\/\/erformance.eu\/?post_type=product&#038;p=61253"},"modified":"2026-03-05T20:36:51","modified_gmt":"2026-03-05T17:36:51","slug":"audi-a2-00-05-salono-ventiliatorius","status":"publish","type":"product","link":"https:\/\/erformance.eu\/lv\/produkts\/audi-a2-00-05-salono-ventiliatorius\/","title":{"rendered":"Audi A2 00-05 salono ventiliatorius"},"content":{"rendered":"<p>Prek\u0117: Salono ventiliatorius (ventiliatoriaus variklis)<br \/>\nOriginalus numeris:<\/p>\n<p>6Q1820015H<br \/>\n2015-06-18<br \/>\n6Q1820015B<br \/>\n6Q1820015C<br \/>\n6Q1820015E<br \/>\n6Q1820015G<br \/>\n7H1819021D<br \/>\n8EW009157111<\/p>\n<p>PASTABA: auk\u0161\u010diau pateikti numeriai yra original\u016bs dali\u0173 numeriai, kuriuos \u0161is pasi\u016blymas pakei\u010dia. Prie\u0161 pirkdami, palyginkite juos su originaliu dalies numeriu. Jei jie skiriasi net vienu simboliu, dalis netiks, neveiks arba veiks netinkamai. Tokiu atveju jos nepirkite.<br \/>\nAutomobilis:<\/p>\n<p>\u201eAudi A2\u201c, gamybos metai: 2000\u20132005<br \/>\n\u201eSeat Cordoba 6L2\u201c, gamybos metai: 2002\u20132009<br \/>\n\u201eSeat Ibiza IV\u201c, gamybos metai: 2002\u20132009<br \/>\n\u201eSeat Ibiza V\u201c, gamybos metai: 2009\u20132012<br \/>\n\u201eSkoda Fabia I\u201c, gamybos metai: 1999\u20132007<br \/>\n\u201eSkoda Fabia II\u201c, modeliai, pagaminti nuo 2007 m.<br \/>\n\u201eSkoda Roomster\u201c, modeliai, pagaminti nuo 2006 m.<br \/>\nVW Polo 9N, pagaminimo metai: 2001\u20132009<br \/>\nVW Polo 6R, pagaminimo metai: 2009\u20132012<\/p>\n<p>Variklio tipas: visos variklio versijos<br \/>\nK\u0117bulo tipas: visi k\u0117bulo stiliai<br \/>\nKontakt\u0173 skai\u010dius: ki\u0161tukas &#8211; 2 kontaktai<br \/>\nGamintojas: pakaitalas<br \/>\nTechnin\u0117 b\u016bkl\u0117: prek\u0117 yra visi\u0161kai nauja, nenaudota, nepa\u017eeista ir nesugadinta<br \/>\nPastaba: Transporto priemon\u0117ms su oro kondicionieriumi<\/p>\n","protected":false},"excerpt":{"rendered":"<p>1. Prek\u0117: Salono ventiliatorius\/variklis2. Automobilis:Audi A2 00-05Seat Cordoba 6L2 02-09Seat Ibiza IV 02-09Seat Ibiza V 09-12\u0160koda Fabia I 99-07\u0160koda Fabia II 2007-\u0160koda Roomster 2006-VW Polo 9N 01-09VW Polo 6R 09-12<\/p>\n","protected":false},"featured_media":61254,"comment_status":"open","ping_status":"closed","template":"","meta":[],"product_brand":[],"product_cat":[3904,393,144,4777,4660,3983],"product_tag":[],"class_list":{"0":"post-61253","1":"product","2":"type-product","3":"status-publish","4":"has-post-thumbnail","6":"product_cat-audi-a2-8z","7":"product_cat-audi-a2","8":"product_cat-audi","9":"product_cat-audi-a2-8z-salono-kitos-dalys","10":"product_cat-audi-a2-8z-mygtukai-mechanizmai","11":"product_cat-audi-a2-8z-salono-dalys","13":"first","14":"instock","15":"shipping-taxable","16":"purchasable","17":"product-type-simple"},"yoast_head":"<!-- This site is optimized with the Yoast SEO Premium plugin v25.2 (Yoast SEO v27.3) - https:\/\/yoast.com\/product\/yoast-seo-premium-wordpress\/ -->\n<title>Audi A2 00-05 salono ventiliatorius - Erformance.eu<\/title>\n<meta name=\"robots\" content=\"index, follow, max-snippet:-1, max-image-preview:large, max-video-preview:-1\" \/>\n<link rel=\"canonical\" href=\"https:\/\/erformance.eu\/lv\/produkts\/audi-a2-00-05-salono-ventiliatorius\/\" \/>\n<meta property=\"og:locale\" content=\"lv_LV\" \/>\n<meta property=\"og:type\" content=\"article\" \/>\n<meta property=\"og:title\" content=\"Audi A2 00-05 salono ventiliatorius\" \/>\n<meta property=\"og:description\" content=\"1. Prek\u0117: Salono ventiliatorius\/variklis2. Automobilis:Audi A2 00-05Seat Cordoba 6L2 02-09Seat Ibiza IV 02-09Seat Ibiza V 09-12\u0160koda Fabia I 99-07\u0160koda Fabia II 2007-\u0160koda Roomster 2006-VW Polo 9N 01-09VW Polo 6R 09-12\" \/>\n<meta property=\"og:url\" content=\"https:\/\/erformance.eu\/lv\/produkts\/audi-a2-00-05-salono-ventiliatorius\/\" \/>\n<meta property=\"og:site_name\" content=\"Erformance.eu\" \/>\n<meta property=\"article:modified_time\" content=\"2026-03-05T17:36:51+00:00\" \/>\n<meta property=\"og:image\" content=\"https:\/\/erformance.eu\/wp-content\/uploads\/2026\/02\/pol_pm_Audi-A2-00-05-dmuchawa-wentylator-nawiewu-wnetrza-15465_1.jpg\" \/>\n\t<meta property=\"og:image:width\" content=\"1200\" \/>\n\t<meta property=\"og:image:height\" content=\"900\" \/>\n\t<meta property=\"og:image:type\" content=\"image\/jpeg\" \/>\n<meta name=\"twitter:card\" content=\"summary_large_image\" \/>\n<meta name=\"twitter:label1\" content=\"Est. reading time\" \/>\n\t<meta name=\"twitter:data1\" content=\"1 min\u016b\u0161u\" \/>\n<script type=\"application\/ld+json\" class=\"yoast-schema-graph\">{\"@context\":\"https:\\\/\\\/schema.org\",\"@graph\":[{\"@type\":\"WebPage\",\"@id\":\"https:\\\/\\\/erformance.eu\\\/lv\\\/produkts\\\/audi-a2-00-05-salono-ventiliatorius\\\/\",\"url\":\"https:\\\/\\\/erformance.eu\\\/lv\\\/produkts\\\/audi-a2-00-05-salono-ventiliatorius\\\/\",\"name\":\"Audi A2 00-05 salono ventiliatorius - Erformance.eu\",\"isPartOf\":{\"@id\":\"https:\\\/\\\/erformance.eu\\\/lv\\\/#website\"},\"primaryImageOfPage\":{\"@id\":\"https:\\\/\\\/erformance.eu\\\/lv\\\/produkts\\\/audi-a2-00-05-salono-ventiliatorius\\\/#primaryimage\"},\"image\":{\"@id\":\"https:\\\/\\\/erformance.eu\\\/lv\\\/produkts\\\/audi-a2-00-05-salono-ventiliatorius\\\/#primaryimage\"},\"thumbnailUrl\":\"https:\\\/\\\/erformance.eu\\\/wp-content\\\/uploads\\\/2026\\\/02\\\/pol_pm_Audi-A2-00-05-dmuchawa-wentylator-nawiewu-wnetrza-15465_1.jpg\",\"datePublished\":\"2026-02-16T12:12:05+00:00\",\"dateModified\":\"2026-03-05T17:36:51+00:00\",\"breadcrumb\":{\"@id\":\"https:\\\/\\\/erformance.eu\\\/lv\\\/produkts\\\/audi-a2-00-05-salono-ventiliatorius\\\/#breadcrumb\"},\"inLanguage\":\"lv-LV\",\"potentialAction\":[{\"@type\":\"ReadAction\",\"target\":[\"https:\\\/\\\/erformance.eu\\\/lv\\\/produkts\\\/audi-a2-00-05-salono-ventiliatorius\\\/\"]}]},{\"@type\":\"ImageObject\",\"inLanguage\":\"lv-LV\",\"@id\":\"https:\\\/\\\/erformance.eu\\\/lv\\\/produkts\\\/audi-a2-00-05-salono-ventiliatorius\\\/#primaryimage\",\"url\":\"https:\\\/\\\/erformance.eu\\\/wp-content\\\/uploads\\\/2026\\\/02\\\/pol_pm_Audi-A2-00-05-dmuchawa-wentylator-nawiewu-wnetrza-15465_1.jpg\",\"contentUrl\":\"https:\\\/\\\/erformance.eu\\\/wp-content\\\/uploads\\\/2026\\\/02\\\/pol_pm_Audi-A2-00-05-dmuchawa-wentylator-nawiewu-wnetrza-15465_1.jpg\",\"width\":1200,\"height\":900},{\"@type\":\"BreadcrumbList\",\"@id\":\"https:\\\/\\\/erformance.eu\\\/lv\\\/produkts\\\/audi-a2-00-05-salono-ventiliatorius\\\/#breadcrumb\",\"itemListElement\":[{\"@type\":\"ListItem\",\"position\":1,\"name\":\"Home\",\"item\":\"https:\\\/\\\/erformance.eu\\\/lv\\\/\"},{\"@type\":\"ListItem\",\"position\":2,\"name\":\"Veikals\",\"item\":\"https:\\\/\\\/erformance.eu\\\/lv\\\/veikals\\\/\"},{\"@type\":\"ListItem\",\"position\":3,\"name\":\"Audi A2 00-05 salono ventiliatorius\"}]},{\"@type\":\"WebSite\",\"@id\":\"https:\\\/\\\/erformance.eu\\\/lv\\\/#website\",\"url\":\"https:\\\/\\\/erformance.eu\\\/lv\\\/\",\"name\":\"Erformance.eu\",\"description\":\"Automobili\u0173 dali\u0173 parduotuv\u0117\",\"potentialAction\":[{\"@type\":\"SearchAction\",\"target\":{\"@type\":\"EntryPoint\",\"urlTemplate\":\"https:\\\/\\\/erformance.eu\\\/lv\\\/?s={search_term_string}\"},\"query-input\":{\"@type\":\"PropertyValueSpecification\",\"valueRequired\":true,\"valueName\":\"search_term_string\"}}],\"inLanguage\":\"lv-LV\"}]}<\/script>\n<!-- \/ Yoast SEO Premium plugin. -->","yoast_head_json":{"title":"Audi A2 00-05 salono ventiliatorius - Erformance.eu","robots":{"index":"index","follow":"follow","max-snippet":"max-snippet:-1","max-image-preview":"max-image-preview:large","max-video-preview":"max-video-preview:-1"},"canonical":"https:\/\/erformance.eu\/lv\/produkts\/audi-a2-00-05-salono-ventiliatorius\/","og_locale":"lv_LV","og_type":"article","og_title":"Audi A2 00-05 salono ventiliatorius","og_description":"1. Prek\u0117: Salono ventiliatorius\/variklis2. Automobilis:Audi A2 00-05Seat Cordoba 6L2 02-09Seat Ibiza IV 02-09Seat Ibiza V 09-12\u0160koda Fabia I 99-07\u0160koda Fabia II 2007-\u0160koda Roomster 2006-VW Polo 9N 01-09VW Polo 6R 09-12","og_url":"https:\/\/erformance.eu\/lv\/produkts\/audi-a2-00-05-salono-ventiliatorius\/","og_site_name":"Erformance.eu","article_modified_time":"2026-03-05T17:36:51+00:00","og_image":[{"width":1200,"height":900,"url":"https:\/\/erformance.eu\/wp-content\/uploads\/2026\/02\/pol_pm_Audi-A2-00-05-dmuchawa-wentylator-nawiewu-wnetrza-15465_1.jpg","type":"image\/jpeg"}],"twitter_card":"summary_large_image","twitter_misc":{"Est. reading time":"1 min\u016b\u0161u"},"schema":{"@context":"https:\/\/schema.org","@graph":[{"@type":"WebPage","@id":"https:\/\/erformance.eu\/lv\/produkts\/audi-a2-00-05-salono-ventiliatorius\/","url":"https:\/\/erformance.eu\/lv\/produkts\/audi-a2-00-05-salono-ventiliatorius\/","name":"Audi A2 00-05 salono ventiliatorius - Erformance.eu","isPartOf":{"@id":"https:\/\/erformance.eu\/lv\/#website"},"primaryImageOfPage":{"@id":"https:\/\/erformance.eu\/lv\/produkts\/audi-a2-00-05-salono-ventiliatorius\/#primaryimage"},"image":{"@id":"https:\/\/erformance.eu\/lv\/produkts\/audi-a2-00-05-salono-ventiliatorius\/#primaryimage"},"thumbnailUrl":"https:\/\/erformance.eu\/wp-content\/uploads\/2026\/02\/pol_pm_Audi-A2-00-05-dmuchawa-wentylator-nawiewu-wnetrza-15465_1.jpg","datePublished":"2026-02-16T12:12:05+00:00","dateModified":"2026-03-05T17:36:51+00:00","breadcrumb":{"@id":"https:\/\/erformance.eu\/lv\/produkts\/audi-a2-00-05-salono-ventiliatorius\/#breadcrumb"},"inLanguage":"lv-LV","potentialAction":[{"@type":"ReadAction","target":["https:\/\/erformance.eu\/lv\/produkts\/audi-a2-00-05-salono-ventiliatorius\/"]}]},{"@type":"ImageObject","inLanguage":"lv-LV","@id":"https:\/\/erformance.eu\/lv\/produkts\/audi-a2-00-05-salono-ventiliatorius\/#primaryimage","url":"https:\/\/erformance.eu\/wp-content\/uploads\/2026\/02\/pol_pm_Audi-A2-00-05-dmuchawa-wentylator-nawiewu-wnetrza-15465_1.jpg","contentUrl":"https:\/\/erformance.eu\/wp-content\/uploads\/2026\/02\/pol_pm_Audi-A2-00-05-dmuchawa-wentylator-nawiewu-wnetrza-15465_1.jpg","width":1200,"height":900},{"@type":"BreadcrumbList","@id":"https:\/\/erformance.eu\/lv\/produkts\/audi-a2-00-05-salono-ventiliatorius\/#breadcrumb","itemListElement":[{"@type":"ListItem","position":1,"name":"Home","item":"https:\/\/erformance.eu\/lv\/"},{"@type":"ListItem","position":2,"name":"Veikals","item":"https:\/\/erformance.eu\/lv\/veikals\/"},{"@type":"ListItem","position":3,"name":"Audi A2 00-05 salono ventiliatorius"}]},{"@type":"WebSite","@id":"https:\/\/erformance.eu\/lv\/#website","url":"https:\/\/erformance.eu\/lv\/","name":"Erformance.eu","description":"Automobili\u0173 dali\u0173 parduotuv\u0117","potentialAction":[{"@type":"SearchAction","target":{"@type":"EntryPoint","urlTemplate":"https:\/\/erformance.eu\/lv\/?s={search_term_string}"},"query-input":{"@type":"PropertyValueSpecification","valueRequired":true,"valueName":"search_term_string"}}],"inLanguage":"lv-LV"}]}},"jetpack_sharing_enabled":true,"_links":{"self":[{"href":"https:\/\/erformance.eu\/lv\/wp-json\/wp\/v2\/product\/61253","targetHints":{"allow":["GET"]}}],"collection":[{"href":"https:\/\/erformance.eu\/lv\/wp-json\/wp\/v2\/product"}],"about":[{"href":"https:\/\/erformance.eu\/lv\/wp-json\/wp\/v2\/types\/product"}],"replies":[{"embeddable":true,"href":"https:\/\/erformance.eu\/lv\/wp-json\/wp\/v2\/comments?post=61253"}],"version-history":[{"count":1,"href":"https:\/\/erformance.eu\/lv\/wp-json\/wp\/v2\/product\/61253\/revisions"}],"predecessor-version":[{"id":61256,"href":"https:\/\/erformance.eu\/lv\/wp-json\/wp\/v2\/product\/61253\/revisions\/61256"}],"wp:featuredmedia":[{"embeddable":true,"href":"https:\/\/erformance.eu\/lv\/wp-json\/wp\/v2\/media\/61254"}],"wp:attachment":[{"href":"https:\/\/erformance.eu\/lv\/wp-json\/wp\/v2\/media?parent=61253"}],"wp:term":[{"taxonomy":"product_brand","embeddable":true,"href":"https:\/\/erformance.eu\/lv\/wp-json\/wp\/v2\/product_brand?post=61253"},{"taxonomy":"product_cat","embeddable":true,"href":"https:\/\/erformance.eu\/lv\/wp-json\/wp\/v2\/product_cat?post=61253"},{"taxonomy":"product_tag","embeddable":true,"href":"https:\/\/erformance.eu\/lv\/wp-json\/wp\/v2\/product_tag?post=61253"}],"curies":[{"name":"wp","href":"https:\/\/api.w.org\/{rel}","templated":true}]}}