{"id":61564,"date":"2026-02-16T15:13:52","date_gmt":"2026-02-16T12:13:52","guid":{"rendered":"https:\/\/erformance.eu\/?post_type=product&#038;p=61564"},"modified":"2026-03-05T19:05:39","modified_gmt":"2026-03-05T16:05:39","slug":"audi-a1-2010-kuro-bako-dangtelio-pavaros-mechanizmas","status":"publish","type":"product","link":"https:\/\/erformance.eu\/lv\/produkts\/audi-a1-2010-kuro-bako-dangtelio-pavaros-mechanizmas\/","title":{"rendered":"Audi A1 2010- kuro bako dangtelio pavaros mechanizmas"},"content":{"rendered":"<p>Prek\u0117: Kuro bako dangtelio pavara<br \/>\nOriginalus numeris:<\/p>\n<p>8V0862153A<br \/>\n8V0862153<\/p>\n<p>}<br \/>\nPASTABA: auk\u0161\u010diau pateikti numeriai yra original\u016bs dali\u0173 numeriai, kuriuos \u0161is pasi\u016blymas pakei\u010dia. Prie\u0161 pirkdami, palyginkite juos su originaliu dalies numeriu. Jei jie skiriasi net vienu simboliu, dalis netiks, neveiks arba veiks netinkamai. Tokiu atveju jos nepirkite.<br \/>\nAutomobilis:<\/p>\n<p>\u201eAudi A1\u201c (8X1, 8XK) gamybos metai: 2010\u20132018<br \/>\n\u201eAudi A1 Sportback\u201c (8XA, 8XF) gamybos metai: 2011\u20132018<br \/>\n\u201eAudi A1 Sportback\u201c (GBA) , modeliai, pagaminti nuo: 2018 m.<br \/>\nAudi A3 (8L1) gamybos metai: 1996\u20132003<br \/>\nAudi A3 (8P1) gamybos metai: 2003\u20132012<br \/>\nAudi A3 (8V1, 8VK) , modeliai, pagaminti nuo: 2012-<br \/>\nAudi A3 Limousine (8VS, 8VM) , modeliai pagaminti nuo: 2013 m.<br \/>\n\u201eAudi A3 Limousine\u201c (8YS) , modeliai, pagaminti nuo: 2020 m.<br \/>\n\u201eAudi A3 Sportback\u201c (8PA) gamybos metai: 2004\u20132013<br \/>\nAudi A3 Sportback (8VA, 8VF) , modeliai pagaminti nuo: 2012-<br \/>\n\u201eAudi A3 Sportback\u201c (8YA) , modeliai, pagaminti nuo: 2019 m.<br \/>\n\u201eAudi A3\u201c kabrioleto (8P7) gamybos metai: 2008\u20132013<br \/>\nAudi A3 kabrioletas (8V7, 8VE) , modeliai pagaminti nuo: 2013 m.<br \/>\nAudi A4 Allroad B9 (8WH, 8WJ) gamybos metai: 2016\u20132019<br \/>\nAudi A4 B9 (8W2, 8WC) gamybos metai: 2015\u20132021<br \/>\nAudi A4 B9 Avant (8W5, 8WD) gamybos metai: 2015\u20132021<br \/>\nAudi A5 (8T3) gamybos metai: 2007\u20132017<br \/>\n\u201eAudi A5\u201c (F53, F5P) , modeliai, pagaminti nuo: 2016 m.<br \/>\n\u201eAudi A5 Sportback\u201c (8TA) gamybos metai: 2010\u20132017<br \/>\n\u201eAudi A5 Sportback\u201c (F5A, F5F) , modeliai, pagaminti nuo: 2016 m.<br \/>\nAudi A6 Allroad C7 (4GH, 4GJ) gamybos metai: 2012-2018<br \/>\n\u201eAudi A6 C7\u201c (4G2, 4GC) gamybos metai: 2011\u20132018<br \/>\nAudi A6 C7 Avant (4G5, 4GD) gamybos metai: 2011-2018<br \/>\nAudi A8 D3 (4E2, 4E8) gamybos metai: 2002\u20132010<br \/>\nAudi A8 D4 (4H2, 4H8, 4HC, 4HL) gamybos metai: 2009\u20132018<br \/>\nAudi A8 D5 (4N2, 4N8) , modeliai pagaminti nuo: 2017-<br \/>\nAudi A8 D5 (4N2, 4N8, 4NC, 4NL) , modeliai pagaminti nuo: 2021 m.<\/p>\n<p>Gamintojas: pakaitalas<br \/>\nTechnin\u0117 b\u016bkl\u0117: prek\u0117 yra visi\u0161kai nauja, nenaudota, nepa\u017eeista ir nesugadinta<\/p>\n","protected":false},"excerpt":{"rendered":"<p>1. Prek\u0117: Kuro bako dangtelio pavara2. Gamintojas: pakeitimas3. Automobilis:Audi A1 2010-Audi A3 1996-Audi A4 B9 15-21Audi A5 2007-Audi A6 C7 11-18Audi A8 D3 D4 02-18Audi A8 D5 2017-<\/p>\n","protected":false},"featured_media":61565,"comment_status":"open","ping_status":"closed","template":"","meta":[],"product_brand":[],"product_cat":[3902,392,144,3942,4147,4342],"product_tag":[],"class_list":{"0":"post-61564","1":"product","2":"type-product","3":"status-publish","4":"has-post-thumbnail","6":"product_cat-audi-a1-8x","7":"product_cat-audi-a1","8":"product_cat-audi","9":"product_cat-audi-a1-8x-isores-dalys","10":"product_cat-audi-a1-8x-isores-kitos-dalys","11":"product_cat-audi-a1-8x-mechanizmai-valytuvai","13":"first","14":"instock","15":"shipping-taxable","16":"purchasable","17":"product-type-simple"},"yoast_head":"<!-- This site is optimized with the Yoast SEO Premium plugin v25.2 (Yoast SEO v27.3) - https:\/\/yoast.com\/product\/yoast-seo-premium-wordpress\/ -->\n<title>Audi A1 2010- kuro bako dangtelio pavaros mechanizmas - Erformance.eu<\/title>\n<meta name=\"robots\" content=\"index, follow, max-snippet:-1, max-image-preview:large, max-video-preview:-1\" \/>\n<link rel=\"canonical\" href=\"https:\/\/erformance.eu\/lv\/produkts\/audi-a1-2010-kuro-bako-dangtelio-pavaros-mechanizmas\/\" \/>\n<meta property=\"og:locale\" content=\"lv_LV\" \/>\n<meta property=\"og:type\" content=\"article\" \/>\n<meta property=\"og:title\" content=\"Audi A1 2010- kuro bako dangtelio pavaros mechanizmas\" \/>\n<meta property=\"og:description\" content=\"1. Prek\u0117: Kuro bako dangtelio pavara2. Gamintojas: pakeitimas3. Automobilis:Audi A1 2010-Audi A3 1996-Audi A4 B9 15-21Audi A5 2007-Audi A6 C7 11-18Audi A8 D3 D4 02-18Audi A8 D5 2017-\" \/>\n<meta property=\"og:url\" content=\"https:\/\/erformance.eu\/lv\/produkts\/audi-a1-2010-kuro-bako-dangtelio-pavaros-mechanizmas\/\" \/>\n<meta property=\"og:site_name\" content=\"Erformance.eu\" \/>\n<meta property=\"article:modified_time\" content=\"2026-03-05T16:05:39+00:00\" \/>\n<meta property=\"og:image\" content=\"https:\/\/erformance.eu\/wp-content\/uploads\/2026\/02\/pol_pm_Audi-A1-2010-silownik-klapki-wlewu-paliwa-36082_1.jpg\" \/>\n\t<meta property=\"og:image:width\" content=\"1200\" \/>\n\t<meta property=\"og:image:height\" content=\"1200\" \/>\n\t<meta property=\"og:image:type\" content=\"image\/jpeg\" \/>\n<meta name=\"twitter:card\" content=\"summary_large_image\" \/>\n<meta name=\"twitter:label1\" content=\"Est. reading time\" \/>\n\t<meta name=\"twitter:data1\" content=\"1 min\u016b\u0161u\" \/>\n<script type=\"application\/ld+json\" class=\"yoast-schema-graph\">{\"@context\":\"https:\\\/\\\/schema.org\",\"@graph\":[{\"@type\":\"WebPage\",\"@id\":\"https:\\\/\\\/erformance.eu\\\/lv\\\/produkts\\\/audi-a1-2010-kuro-bako-dangtelio-pavaros-mechanizmas\\\/\",\"url\":\"https:\\\/\\\/erformance.eu\\\/lv\\\/produkts\\\/audi-a1-2010-kuro-bako-dangtelio-pavaros-mechanizmas\\\/\",\"name\":\"Audi A1 2010- kuro bako dangtelio pavaros mechanizmas - Erformance.eu\",\"isPartOf\":{\"@id\":\"https:\\\/\\\/erformance.eu\\\/lv\\\/#website\"},\"primaryImageOfPage\":{\"@id\":\"https:\\\/\\\/erformance.eu\\\/lv\\\/produkts\\\/audi-a1-2010-kuro-bako-dangtelio-pavaros-mechanizmas\\\/#primaryimage\"},\"image\":{\"@id\":\"https:\\\/\\\/erformance.eu\\\/lv\\\/produkts\\\/audi-a1-2010-kuro-bako-dangtelio-pavaros-mechanizmas\\\/#primaryimage\"},\"thumbnailUrl\":\"https:\\\/\\\/erformance.eu\\\/wp-content\\\/uploads\\\/2026\\\/02\\\/pol_pm_Audi-A1-2010-silownik-klapki-wlewu-paliwa-36082_1.jpg\",\"datePublished\":\"2026-02-16T12:13:52+00:00\",\"dateModified\":\"2026-03-05T16:05:39+00:00\",\"breadcrumb\":{\"@id\":\"https:\\\/\\\/erformance.eu\\\/lv\\\/produkts\\\/audi-a1-2010-kuro-bako-dangtelio-pavaros-mechanizmas\\\/#breadcrumb\"},\"inLanguage\":\"lv-LV\",\"potentialAction\":[{\"@type\":\"ReadAction\",\"target\":[\"https:\\\/\\\/erformance.eu\\\/lv\\\/produkts\\\/audi-a1-2010-kuro-bako-dangtelio-pavaros-mechanizmas\\\/\"]}]},{\"@type\":\"ImageObject\",\"inLanguage\":\"lv-LV\",\"@id\":\"https:\\\/\\\/erformance.eu\\\/lv\\\/produkts\\\/audi-a1-2010-kuro-bako-dangtelio-pavaros-mechanizmas\\\/#primaryimage\",\"url\":\"https:\\\/\\\/erformance.eu\\\/wp-content\\\/uploads\\\/2026\\\/02\\\/pol_pm_Audi-A1-2010-silownik-klapki-wlewu-paliwa-36082_1.jpg\",\"contentUrl\":\"https:\\\/\\\/erformance.eu\\\/wp-content\\\/uploads\\\/2026\\\/02\\\/pol_pm_Audi-A1-2010-silownik-klapki-wlewu-paliwa-36082_1.jpg\",\"width\":1200,\"height\":1200},{\"@type\":\"BreadcrumbList\",\"@id\":\"https:\\\/\\\/erformance.eu\\\/lv\\\/produkts\\\/audi-a1-2010-kuro-bako-dangtelio-pavaros-mechanizmas\\\/#breadcrumb\",\"itemListElement\":[{\"@type\":\"ListItem\",\"position\":1,\"name\":\"Home\",\"item\":\"https:\\\/\\\/erformance.eu\\\/lv\\\/\"},{\"@type\":\"ListItem\",\"position\":2,\"name\":\"Veikals\",\"item\":\"https:\\\/\\\/erformance.eu\\\/lv\\\/veikals\\\/\"},{\"@type\":\"ListItem\",\"position\":3,\"name\":\"Audi A1 2010- kuro bako dangtelio pavaros mechanizmas\"}]},{\"@type\":\"WebSite\",\"@id\":\"https:\\\/\\\/erformance.eu\\\/lv\\\/#website\",\"url\":\"https:\\\/\\\/erformance.eu\\\/lv\\\/\",\"name\":\"Erformance.eu\",\"description\":\"Automobili\u0173 dali\u0173 parduotuv\u0117\",\"potentialAction\":[{\"@type\":\"SearchAction\",\"target\":{\"@type\":\"EntryPoint\",\"urlTemplate\":\"https:\\\/\\\/erformance.eu\\\/lv\\\/?s={search_term_string}\"},\"query-input\":{\"@type\":\"PropertyValueSpecification\",\"valueRequired\":true,\"valueName\":\"search_term_string\"}}],\"inLanguage\":\"lv-LV\"}]}<\/script>\n<!-- \/ Yoast SEO Premium plugin. -->","yoast_head_json":{"title":"Audi A1 2010- kuro bako dangtelio pavaros mechanizmas - Erformance.eu","robots":{"index":"index","follow":"follow","max-snippet":"max-snippet:-1","max-image-preview":"max-image-preview:large","max-video-preview":"max-video-preview:-1"},"canonical":"https:\/\/erformance.eu\/lv\/produkts\/audi-a1-2010-kuro-bako-dangtelio-pavaros-mechanizmas\/","og_locale":"lv_LV","og_type":"article","og_title":"Audi A1 2010- kuro bako dangtelio pavaros mechanizmas","og_description":"1. Prek\u0117: Kuro bako dangtelio pavara2. Gamintojas: pakeitimas3. Automobilis:Audi A1 2010-Audi A3 1996-Audi A4 B9 15-21Audi A5 2007-Audi A6 C7 11-18Audi A8 D3 D4 02-18Audi A8 D5 2017-","og_url":"https:\/\/erformance.eu\/lv\/produkts\/audi-a1-2010-kuro-bako-dangtelio-pavaros-mechanizmas\/","og_site_name":"Erformance.eu","article_modified_time":"2026-03-05T16:05:39+00:00","og_image":[{"width":1200,"height":1200,"url":"https:\/\/erformance.eu\/wp-content\/uploads\/2026\/02\/pol_pm_Audi-A1-2010-silownik-klapki-wlewu-paliwa-36082_1.jpg","type":"image\/jpeg"}],"twitter_card":"summary_large_image","twitter_misc":{"Est. reading time":"1 min\u016b\u0161u"},"schema":{"@context":"https:\/\/schema.org","@graph":[{"@type":"WebPage","@id":"https:\/\/erformance.eu\/lv\/produkts\/audi-a1-2010-kuro-bako-dangtelio-pavaros-mechanizmas\/","url":"https:\/\/erformance.eu\/lv\/produkts\/audi-a1-2010-kuro-bako-dangtelio-pavaros-mechanizmas\/","name":"Audi A1 2010- kuro bako dangtelio pavaros mechanizmas - Erformance.eu","isPartOf":{"@id":"https:\/\/erformance.eu\/lv\/#website"},"primaryImageOfPage":{"@id":"https:\/\/erformance.eu\/lv\/produkts\/audi-a1-2010-kuro-bako-dangtelio-pavaros-mechanizmas\/#primaryimage"},"image":{"@id":"https:\/\/erformance.eu\/lv\/produkts\/audi-a1-2010-kuro-bako-dangtelio-pavaros-mechanizmas\/#primaryimage"},"thumbnailUrl":"https:\/\/erformance.eu\/wp-content\/uploads\/2026\/02\/pol_pm_Audi-A1-2010-silownik-klapki-wlewu-paliwa-36082_1.jpg","datePublished":"2026-02-16T12:13:52+00:00","dateModified":"2026-03-05T16:05:39+00:00","breadcrumb":{"@id":"https:\/\/erformance.eu\/lv\/produkts\/audi-a1-2010-kuro-bako-dangtelio-pavaros-mechanizmas\/#breadcrumb"},"inLanguage":"lv-LV","potentialAction":[{"@type":"ReadAction","target":["https:\/\/erformance.eu\/lv\/produkts\/audi-a1-2010-kuro-bako-dangtelio-pavaros-mechanizmas\/"]}]},{"@type":"ImageObject","inLanguage":"lv-LV","@id":"https:\/\/erformance.eu\/lv\/produkts\/audi-a1-2010-kuro-bako-dangtelio-pavaros-mechanizmas\/#primaryimage","url":"https:\/\/erformance.eu\/wp-content\/uploads\/2026\/02\/pol_pm_Audi-A1-2010-silownik-klapki-wlewu-paliwa-36082_1.jpg","contentUrl":"https:\/\/erformance.eu\/wp-content\/uploads\/2026\/02\/pol_pm_Audi-A1-2010-silownik-klapki-wlewu-paliwa-36082_1.jpg","width":1200,"height":1200},{"@type":"BreadcrumbList","@id":"https:\/\/erformance.eu\/lv\/produkts\/audi-a1-2010-kuro-bako-dangtelio-pavaros-mechanizmas\/#breadcrumb","itemListElement":[{"@type":"ListItem","position":1,"name":"Home","item":"https:\/\/erformance.eu\/lv\/"},{"@type":"ListItem","position":2,"name":"Veikals","item":"https:\/\/erformance.eu\/lv\/veikals\/"},{"@type":"ListItem","position":3,"name":"Audi A1 2010- kuro bako dangtelio pavaros mechanizmas"}]},{"@type":"WebSite","@id":"https:\/\/erformance.eu\/lv\/#website","url":"https:\/\/erformance.eu\/lv\/","name":"Erformance.eu","description":"Automobili\u0173 dali\u0173 parduotuv\u0117","potentialAction":[{"@type":"SearchAction","target":{"@type":"EntryPoint","urlTemplate":"https:\/\/erformance.eu\/lv\/?s={search_term_string}"},"query-input":{"@type":"PropertyValueSpecification","valueRequired":true,"valueName":"search_term_string"}}],"inLanguage":"lv-LV"}]}},"jetpack_sharing_enabled":true,"_links":{"self":[{"href":"https:\/\/erformance.eu\/lv\/wp-json\/wp\/v2\/product\/61564","targetHints":{"allow":["GET"]}}],"collection":[{"href":"https:\/\/erformance.eu\/lv\/wp-json\/wp\/v2\/product"}],"about":[{"href":"https:\/\/erformance.eu\/lv\/wp-json\/wp\/v2\/types\/product"}],"replies":[{"embeddable":true,"href":"https:\/\/erformance.eu\/lv\/wp-json\/wp\/v2\/comments?post=61564"}],"version-history":[{"count":1,"href":"https:\/\/erformance.eu\/lv\/wp-json\/wp\/v2\/product\/61564\/revisions"}],"predecessor-version":[{"id":61575,"href":"https:\/\/erformance.eu\/lv\/wp-json\/wp\/v2\/product\/61564\/revisions\/61575"}],"wp:featuredmedia":[{"embeddable":true,"href":"https:\/\/erformance.eu\/lv\/wp-json\/wp\/v2\/media\/61565"}],"wp:attachment":[{"href":"https:\/\/erformance.eu\/lv\/wp-json\/wp\/v2\/media?parent=61564"}],"wp:term":[{"taxonomy":"product_brand","embeddable":true,"href":"https:\/\/erformance.eu\/lv\/wp-json\/wp\/v2\/product_brand?post=61564"},{"taxonomy":"product_cat","embeddable":true,"href":"https:\/\/erformance.eu\/lv\/wp-json\/wp\/v2\/product_cat?post=61564"},{"taxonomy":"product_tag","embeddable":true,"href":"https:\/\/erformance.eu\/lv\/wp-json\/wp\/v2\/product_tag?post=61564"}],"curies":[{"name":"wp","href":"https:\/\/api.w.org\/{rel}","templated":true}]}}