{"id":62462,"date":"2026-02-16T15:19:20","date_gmt":"2026-02-16T12:19:20","guid":{"rendered":"https:\/\/erformance.eu\/?post_type=product&#038;p=62462"},"modified":"2026-03-05T18:37:51","modified_gmt":"2026-03-05T15:37:51","slug":"audi-a1-8x-a3-8p-radiatoriaus-ventiliatoriaus-modulis","status":"publish","type":"product","link":"https:\/\/erformance.eu\/lv\/produkts\/audi-a1-8x-a3-8p-radiatoriaus-ventiliatoriaus-modulis\/","title":{"rendered":"Audi A1 8X A3 8P radiatoriaus ventiliatoriaus modulis"},"content":{"rendered":"<p>Prek\u0117: Radiatoriaus ventiliatoriaus modulis<br \/>\nOriginalus numeris:<\/p>\n<p>1TD959455<br \/>\n1K0959455BC<br \/>\n1K0959455CP<br \/>\n1K0959455CQ<br \/>\n3C0959455F<\/p>\n<p>PASTABA: auk\u0161\u010diau pateikti numeriai yra original\u016bs dali\u0173 numeriai, kuriuos \u0161is pasi\u016blymas pakei\u010dia. Prie\u0161 pirkdami, palyginkite juos su originaliu dalies numeriu. Jei jie skiriasi net vienu simboliu, dalis netiks, neveiks arba veiks netinkamai. Tokiu atveju jos nepirkite.<br \/>\nAutomobilis:<br \/>\nAudi A1 (8X_), gamybos metai: 2011\u20132015<br \/>\nDUJOS:<\/p>\n<p>1,4 TFSI \u2013 185 AG<br \/>\n2.0 TFSI \u2013 256 AG<\/p>\n<p>DYZELINAS:<\/p>\n<p>2.0 TDI \u2013 136 AG; 143 AG<\/p>\n<p>Audi A3 (8P_), pagaminimo metai: 2004\u20132011<br \/>\nDUJOS:<\/p>\n<p>1,4 TFSI \u2013 125 AG<br \/>\n1,6\u2013102 AG<br \/>\n1,6 FSI \u2013 115 AG<br \/>\n2.0 FSI \u2013 150 AG<\/p>\n<p>DYZELINAS:<\/p>\n<p>1,9 TDI \u2013 105 AG<br \/>\n2.0 TDI \u2013 136 AG; 140 AG; 170 AG<\/p>\n<p>\u201eSeat Altea\u201c, gamybos metai: 2004\u20132011<br \/>\nDUJOS:<\/p>\n<p>1.2 TSI \u2013 105 AG<br \/>\n1,4\u201386 AG<br \/>\n1.4 TSI \u2013 125 AG<br \/>\n1,6\u2013102 AG<br \/>\n1,8 TFSI \u2013 160 AG<br \/>\n2.0 FSI \u2013 150 AG<br \/>\n2.0 TFSI \u2013 200 AG<\/p>\n<p>DYZELINAS:<\/p>\n<p>1,6 TDI \u2013 90 AG; 105 AG<br \/>\n1,9 TDI \u2013 105 AG<br \/>\n2.0 TDI \u2013 136 AG; 140 AG; 170 AG<\/p>\n<p>\u201eSeat Ibiza IV\u201c, gamybos metai: 2009\u20132015<br \/>\nDUJOS:<\/p>\n<p>1.4 TSI \u2013 150 km; 180 km<\/p>\n<p>DYZELINAS:<\/p>\n<p>2.0 TDI \u2013 143 AG<\/p>\n<p>\u201eSeat Leon II\u201c, gamybos metai: 2005\u20132012<br \/>\nDUJOS:<\/p>\n<p>1.2 TSI \u2013 105 AG<br \/>\n1,4\u201386 AG<br \/>\n1.4 TSI \u2013 125 AG<br \/>\n1,6\u2013102 AG<br \/>\n2.0 CUPRA \u2013 265 AG<br \/>\n2.0 FSI \u2013 150 AG<br \/>\n2.0 TFSI \u2013 185 AG; 200 km\/h; 211 km\/h; 240 km\/h<\/p>\n<p>DYZELINAS:<\/p>\n<p>1,6 TDI \u2013 105 AG<br \/>\n1,9 TDI \u2013 90 AG; 105 AG<br \/>\n2.0 TDI \u2013 136 AG; 140 AG; 170 AG<\/p>\n<p>\u201eSeat Toledo III\u201c, gamybos metai: 2004\u20132009<br \/>\nDUJOS:<\/p>\n<p>1.4 TSI \u2013 125 AG<br \/>\n1,6\u2013102 AG<br \/>\n2.0 FSI \u2013 150 AG<br \/>\n2.0 TFSI \u2013 200 AG<\/p>\n<p>DYZELINAS:<\/p>\n<p>1,9 TDI \u2013 105 AG<br \/>\n2.0 TDI \u2013 136 AG; 140 AG; 170 AG<\/p>\n<p>\u201eSkoda Octavia II\u201c, gamybos metai: 2004\u20132013<br \/>\nDUJOS:<\/p>\n<p>1,4 \u2013 75 AG; 80 AG<br \/>\n1,6\u2013102 AG<br \/>\n1,6 FSI \u2013 115 AG<br \/>\n1,8 TSI \u2013 152 AG<\/p>\n<p>DYZELINAS:<\/p>\n<p>1,9 TDI \u2013 105 AG<br \/>\n2.0 TDI &#8211; 110 AG; 136 km; 140 km; 170 km<\/p>\n<p>\u201eSkoda Octavia III\u201c, modeliai, pagaminti nuo 2012 m.<br \/>\nDUJOS:<\/p>\n<p>1,8 TSI \u2013 180 AG<\/p>\n<p>DYZELINAS:<\/p>\n<p>1,6 TDI \u2013 105 AG<br \/>\n2.0 TDI \u2013 150 AG<\/p>\n<p>\u201eSkoda Fabia II\u201c, gamybos metai: 2010\u20132015<br \/>\nDUJOS:<\/p>\n<p>1.4 TSI \u2013 180 AG<\/p>\n<p>\u201eSkoda Superb II\u201c, gamybos metai: 2008\u20132015<br \/>\nDUJOS:<\/p>\n<p>1.4 TSI \u2013 125 AG<br \/>\n2.0 TSI \u2013 200 AG<\/p>\n<p>DYZELINAS:<\/p>\n<p>1,6 TDI \u2013 105 AG<br \/>\n1,9 TDI \u2013 105 AG<br \/>\n2.0 TDI \u2013 140 AG<\/p>\n<p>\u201eSkoda Yeti\u201c, gamybos metai: 2009\u20132017<br \/>\nDUJOS:<\/p>\n<p>1.4 TSI \u2013 122 km; 125 km<br \/>\n1.8 TSI \u2013 152 km; 160 km<\/p>\n<p>DYZELINAS:<\/p>\n<p>2.0 TDI \u2013 140 AG; 170 AG<\/p>\n<p>\u201eVolkswagen Caddy III\u201c, gamybos metai: 2004\u20132015<br \/>\nDUJOS:<\/p>\n<p>1,4\u201375 AG<br \/>\n1,6\u2013102 AG<br \/>\n2,0\u2013109 AG<\/p>\n<p>DYZELINAS:<\/p>\n<p>1,9 TDI \u2013 75 AG; 105 AG<br \/>\n2.0 TDI &#8211; 85 AG; 110 km; 140 km; 170 km<br \/>\n2.0 SDI &#8211; 70 AG<\/p>\n<p>\u201eVolkswagen Eos\u201c, gamybos metai: 2006\u20132015<br \/>\nDUJOS:<\/p>\n<p>1.4 TSI \u2013 122 km; 160 km<br \/>\n1,6 FSI \u2013 115 AG<br \/>\n2.0 FSI \u2013 150 AG<br \/>\n2.0 TFSI \u2013 200 AG<\/p>\n<p>DYZELINAS:<\/p>\n<p>2.0 TDI \u2013 136 AG; 140 AG<\/p>\n<p>\u201eVolkswagen Golf V\u201c \/ \u201eGolf Plus V\u201c, gamybos metai: 2003\u20132008<br \/>\nDUJOS:<\/p>\n<p>1.4 TSI \u2013 140 km; 170 km<br \/>\n1,6\u2013102 AG<br \/>\n1,6 FSI \u2013 115 AG<\/p>\n<p>DYZELINAS:<\/p>\n<p>1,9 TDI \u2013 90 AG; 105 AG<br \/>\n2.0 TDI \u2013 136 AG; 140 AG; 170 AG<br \/>\n2.0 SDI \u2013 75 AG<\/p>\n<p>Volkswagen Golf VI \/ Golf Plus VI, gamybos metai: 2008-2012<br \/>\nDUJOS:<\/p>\n<p>1.2 TSI \u2013 86 AG<br \/>\n1.4 TSI \u2013 122 km; 160 km<br \/>\n1,6\u2013102 AG<br \/>\n1,8 TSI \u2013 160 AG<br \/>\n2.0 GTI \u2013 200 AG<\/p>\n<p>DYZELINAS:<\/p>\n<p>1,9 TDI \u2013 90 AG; 105 AG<br \/>\n2.0 TDI \u2013 110 AG<\/p>\n<p>\u201eJetta III\u201c, pagaminimo metai: 2004\u20132010<br \/>\nDUJOS:<\/p>\n<p>1.4 TSI \u2013 160 AG<br \/>\n1,6\u2013102 AG<br \/>\n1,6 FSI \u2013 115 AG<\/p>\n<p>DYZELINAS:<\/p>\n<p>1,6 TDI \u2013 90 AG<br \/>\n1,9 TDI \u2013 105 AG<br \/>\n2.0 TDI \u2013 136 AG<\/p>\n<p>\u201eVolkswagen Jetta IV\u201c, modeliai, pagaminti nuo 2010 m.<br \/>\nDUJOS:<\/p>\n<p>1.2 TSI \u2013 105 AG<br \/>\n1.4 TSI \u2013 160 AG<br \/>\n1,6 \u2013 86 AG; 105 AG; 110 AG<br \/>\n2,0\u2013115 AG<br \/>\n2.0 TSI \u2013 200 AG<br \/>\n2,5\u2013170 AG<\/p>\n<p>DYZELINAS<\/p>\n<p>1,6 TDI \u2013 105 AG<br \/>\n2.0 TDI \u2013 110 AG; 140 AG<\/p>\n<p>\u201eVolkswagen Passat B6\u201c, gamybos metai: 2005\u20132010<br \/>\nDUJOS:<\/p>\n<p>1.4 TSI \u2013 122 AG<br \/>\n1,6\u2013102 AG<br \/>\n1,6 FSI \u2013 115 AG<br \/>\n2.0 FSI \u2013 150 AG<\/p>\n<p>DYZELINAS:<\/p>\n<p>1,6 TDI \u2013 105 AG<\/p>\n<p>\u201eVolkswagen Polo V\u201c, modeliai, pagaminti nuo 2009 m.<br \/>\nDUJOS:<\/p>\n<p>1.4 GTI \u2013 180 AG<br \/>\n2.0 R \u2013 220 AG<\/p>\n<p>DYZELINAS:<\/p>\n<p>1,6 TDI \u2013 105 AG<\/p>\n<p>\u201eVolkswagen Scirocco III\u201c, gamybos metai: 2008\u20132017<br \/>\nDUJOS:<\/p>\n<p>1.4 TSI \u2013 122 km; 160 km<br \/>\n2.0 R \u2013 256 AG<br \/>\n2.0 TFSI \u2013 200 AG<br \/>\n2.0 TSI \u2013 210 AG<\/p>\n<p>DYZELINAS:<\/p>\n<p>2.0 TDI &#8211; 136 AG; 140 km; 170 km; 177 km<\/p>\n<p>\u201eVolkswagen Touran\u201c (1T1; 1T2), gamybos metai: 2003\u20132010<br \/>\nDUJOS:<\/p>\n<p>1.4 TSI \u2013 140 km; 170 km<br \/>\n1,6\u2013102 AG<br \/>\n1,6 FSI \u2013 115 AG<\/p>\n<p>DYZELINAS:<\/p>\n<p>1,9 TDI \u2013 90 km; 100 km; 105 km<br \/>\n2.0 TDI \u2013 136 AG; 140 AG; 170 AG<\/p>\n<p>Kai\u0161\u010di\u0173 skai\u010dius: 4 + 2<br \/>\nGamintojas: pakaitalas<br \/>\nTechnin\u0117 b\u016bkl\u0117: prek\u0117 yra visi\u0161kai nauja, nenaudota, nepa\u017eeista ir nesugadinta<\/p>\n","protected":false},"excerpt":{"rendered":"<p>1. Prek\u0117: Radiatoriaus ventiliatoriaus modulis2. Gamintojas: pakeitimas3. Automobilis:* Audi A1 8X 11-15* Audi A3 8P 04\u2013114. Variklis:* 1.4 TFSI* 1.6* 1,6 FSI* 1,9 TDI* 2.0 FSI* 2.0 TDI* 2.0 TFSI<\/p>\n","protected":false},"featured_media":62463,"comment_status":"open","ping_status":"closed","template":"","meta":[],"product_brand":[],"product_cat":[3902,392,144,3942,4147],"product_tag":[],"class_list":{"0":"post-62462","1":"product","2":"type-product","3":"status-publish","4":"has-post-thumbnail","6":"product_cat-audi-a1-8x","7":"product_cat-audi-a1","8":"product_cat-audi","9":"product_cat-audi-a1-8x-isores-dalys","10":"product_cat-audi-a1-8x-isores-kitos-dalys","12":"first","13":"instock","14":"shipping-taxable","15":"purchasable","16":"product-type-simple"},"yoast_head":"<!-- This site is optimized with the Yoast SEO Premium plugin v25.2 (Yoast SEO v27.3) - https:\/\/yoast.com\/product\/yoast-seo-premium-wordpress\/ -->\n<title>Audi A1 8X A3 8P radiatoriaus ventiliatoriaus modulis - Erformance.eu<\/title>\n<meta name=\"robots\" content=\"index, follow, max-snippet:-1, max-image-preview:large, max-video-preview:-1\" \/>\n<link rel=\"canonical\" href=\"https:\/\/erformance.eu\/lv\/produkts\/audi-a1-8x-a3-8p-radiatoriaus-ventiliatoriaus-modulis\/\" \/>\n<meta property=\"og:locale\" content=\"lv_LV\" \/>\n<meta property=\"og:type\" content=\"article\" \/>\n<meta property=\"og:title\" content=\"Audi A1 8X A3 8P radiatoriaus ventiliatoriaus modulis\" \/>\n<meta property=\"og:description\" content=\"1. Prek\u0117: Radiatoriaus ventiliatoriaus modulis2. Gamintojas: pakeitimas3. Automobilis:* Audi A1 8X 11-15* Audi A3 8P 04\u2013114. Variklis:* 1.4 TFSI* 1.6* 1,6 FSI* 1,9 TDI* 2.0 FSI* 2.0 TDI* 2.0 TFSI\" \/>\n<meta property=\"og:url\" content=\"https:\/\/erformance.eu\/lv\/produkts\/audi-a1-8x-a3-8p-radiatoriaus-ventiliatoriaus-modulis\/\" \/>\n<meta property=\"og:site_name\" content=\"Erformance.eu\" \/>\n<meta property=\"article:modified_time\" content=\"2026-03-05T15:37:51+00:00\" \/>\n<meta property=\"og:image\" content=\"https:\/\/erformance.eu\/wp-content\/uploads\/2026\/02\/pol_pm_Audi-A1-8X-A3-8P-modul-wentylatora-chlodnicy-32331_1.jpg\" \/>\n\t<meta property=\"og:image:width\" content=\"1200\" \/>\n\t<meta property=\"og:image:height\" content=\"1200\" \/>\n\t<meta property=\"og:image:type\" content=\"image\/jpeg\" \/>\n<meta name=\"twitter:card\" content=\"summary_large_image\" \/>\n<meta name=\"twitter:label1\" content=\"Est. reading time\" \/>\n\t<meta name=\"twitter:data1\" content=\"2 min\u016btes\" \/>\n<script type=\"application\/ld+json\" class=\"yoast-schema-graph\">{\"@context\":\"https:\\\/\\\/schema.org\",\"@graph\":[{\"@type\":\"WebPage\",\"@id\":\"https:\\\/\\\/erformance.eu\\\/lv\\\/produkts\\\/audi-a1-8x-a3-8p-radiatoriaus-ventiliatoriaus-modulis\\\/\",\"url\":\"https:\\\/\\\/erformance.eu\\\/lv\\\/produkts\\\/audi-a1-8x-a3-8p-radiatoriaus-ventiliatoriaus-modulis\\\/\",\"name\":\"Audi A1 8X A3 8P radiatoriaus ventiliatoriaus modulis - Erformance.eu\",\"isPartOf\":{\"@id\":\"https:\\\/\\\/erformance.eu\\\/lv\\\/#website\"},\"primaryImageOfPage\":{\"@id\":\"https:\\\/\\\/erformance.eu\\\/lv\\\/produkts\\\/audi-a1-8x-a3-8p-radiatoriaus-ventiliatoriaus-modulis\\\/#primaryimage\"},\"image\":{\"@id\":\"https:\\\/\\\/erformance.eu\\\/lv\\\/produkts\\\/audi-a1-8x-a3-8p-radiatoriaus-ventiliatoriaus-modulis\\\/#primaryimage\"},\"thumbnailUrl\":\"https:\\\/\\\/erformance.eu\\\/wp-content\\\/uploads\\\/2026\\\/02\\\/pol_pm_Audi-A1-8X-A3-8P-modul-wentylatora-chlodnicy-32331_1.jpg\",\"datePublished\":\"2026-02-16T12:19:20+00:00\",\"dateModified\":\"2026-03-05T15:37:51+00:00\",\"breadcrumb\":{\"@id\":\"https:\\\/\\\/erformance.eu\\\/lv\\\/produkts\\\/audi-a1-8x-a3-8p-radiatoriaus-ventiliatoriaus-modulis\\\/#breadcrumb\"},\"inLanguage\":\"lv-LV\",\"potentialAction\":[{\"@type\":\"ReadAction\",\"target\":[\"https:\\\/\\\/erformance.eu\\\/lv\\\/produkts\\\/audi-a1-8x-a3-8p-radiatoriaus-ventiliatoriaus-modulis\\\/\"]}]},{\"@type\":\"ImageObject\",\"inLanguage\":\"lv-LV\",\"@id\":\"https:\\\/\\\/erformance.eu\\\/lv\\\/produkts\\\/audi-a1-8x-a3-8p-radiatoriaus-ventiliatoriaus-modulis\\\/#primaryimage\",\"url\":\"https:\\\/\\\/erformance.eu\\\/wp-content\\\/uploads\\\/2026\\\/02\\\/pol_pm_Audi-A1-8X-A3-8P-modul-wentylatora-chlodnicy-32331_1.jpg\",\"contentUrl\":\"https:\\\/\\\/erformance.eu\\\/wp-content\\\/uploads\\\/2026\\\/02\\\/pol_pm_Audi-A1-8X-A3-8P-modul-wentylatora-chlodnicy-32331_1.jpg\",\"width\":1200,\"height\":1200},{\"@type\":\"BreadcrumbList\",\"@id\":\"https:\\\/\\\/erformance.eu\\\/lv\\\/produkts\\\/audi-a1-8x-a3-8p-radiatoriaus-ventiliatoriaus-modulis\\\/#breadcrumb\",\"itemListElement\":[{\"@type\":\"ListItem\",\"position\":1,\"name\":\"Home\",\"item\":\"https:\\\/\\\/erformance.eu\\\/lv\\\/\"},{\"@type\":\"ListItem\",\"position\":2,\"name\":\"Veikals\",\"item\":\"https:\\\/\\\/erformance.eu\\\/lv\\\/veikals\\\/\"},{\"@type\":\"ListItem\",\"position\":3,\"name\":\"Audi A1 8X A3 8P radiatoriaus ventiliatoriaus modulis\"}]},{\"@type\":\"WebSite\",\"@id\":\"https:\\\/\\\/erformance.eu\\\/lv\\\/#website\",\"url\":\"https:\\\/\\\/erformance.eu\\\/lv\\\/\",\"name\":\"Erformance.eu\",\"description\":\"Automobili\u0173 dali\u0173 parduotuv\u0117\",\"potentialAction\":[{\"@type\":\"SearchAction\",\"target\":{\"@type\":\"EntryPoint\",\"urlTemplate\":\"https:\\\/\\\/erformance.eu\\\/lv\\\/?s={search_term_string}\"},\"query-input\":{\"@type\":\"PropertyValueSpecification\",\"valueRequired\":true,\"valueName\":\"search_term_string\"}}],\"inLanguage\":\"lv-LV\"}]}<\/script>\n<!-- \/ Yoast SEO Premium plugin. -->","yoast_head_json":{"title":"Audi A1 8X A3 8P radiatoriaus ventiliatoriaus modulis - Erformance.eu","robots":{"index":"index","follow":"follow","max-snippet":"max-snippet:-1","max-image-preview":"max-image-preview:large","max-video-preview":"max-video-preview:-1"},"canonical":"https:\/\/erformance.eu\/lv\/produkts\/audi-a1-8x-a3-8p-radiatoriaus-ventiliatoriaus-modulis\/","og_locale":"lv_LV","og_type":"article","og_title":"Audi A1 8X A3 8P radiatoriaus ventiliatoriaus modulis","og_description":"1. Prek\u0117: Radiatoriaus ventiliatoriaus modulis2. Gamintojas: pakeitimas3. Automobilis:* Audi A1 8X 11-15* Audi A3 8P 04\u2013114. Variklis:* 1.4 TFSI* 1.6* 1,6 FSI* 1,9 TDI* 2.0 FSI* 2.0 TDI* 2.0 TFSI","og_url":"https:\/\/erformance.eu\/lv\/produkts\/audi-a1-8x-a3-8p-radiatoriaus-ventiliatoriaus-modulis\/","og_site_name":"Erformance.eu","article_modified_time":"2026-03-05T15:37:51+00:00","og_image":[{"width":1200,"height":1200,"url":"https:\/\/erformance.eu\/wp-content\/uploads\/2026\/02\/pol_pm_Audi-A1-8X-A3-8P-modul-wentylatora-chlodnicy-32331_1.jpg","type":"image\/jpeg"}],"twitter_card":"summary_large_image","twitter_misc":{"Est. reading time":"2 min\u016btes"},"schema":{"@context":"https:\/\/schema.org","@graph":[{"@type":"WebPage","@id":"https:\/\/erformance.eu\/lv\/produkts\/audi-a1-8x-a3-8p-radiatoriaus-ventiliatoriaus-modulis\/","url":"https:\/\/erformance.eu\/lv\/produkts\/audi-a1-8x-a3-8p-radiatoriaus-ventiliatoriaus-modulis\/","name":"Audi A1 8X A3 8P radiatoriaus ventiliatoriaus modulis - Erformance.eu","isPartOf":{"@id":"https:\/\/erformance.eu\/lv\/#website"},"primaryImageOfPage":{"@id":"https:\/\/erformance.eu\/lv\/produkts\/audi-a1-8x-a3-8p-radiatoriaus-ventiliatoriaus-modulis\/#primaryimage"},"image":{"@id":"https:\/\/erformance.eu\/lv\/produkts\/audi-a1-8x-a3-8p-radiatoriaus-ventiliatoriaus-modulis\/#primaryimage"},"thumbnailUrl":"https:\/\/erformance.eu\/wp-content\/uploads\/2026\/02\/pol_pm_Audi-A1-8X-A3-8P-modul-wentylatora-chlodnicy-32331_1.jpg","datePublished":"2026-02-16T12:19:20+00:00","dateModified":"2026-03-05T15:37:51+00:00","breadcrumb":{"@id":"https:\/\/erformance.eu\/lv\/produkts\/audi-a1-8x-a3-8p-radiatoriaus-ventiliatoriaus-modulis\/#breadcrumb"},"inLanguage":"lv-LV","potentialAction":[{"@type":"ReadAction","target":["https:\/\/erformance.eu\/lv\/produkts\/audi-a1-8x-a3-8p-radiatoriaus-ventiliatoriaus-modulis\/"]}]},{"@type":"ImageObject","inLanguage":"lv-LV","@id":"https:\/\/erformance.eu\/lv\/produkts\/audi-a1-8x-a3-8p-radiatoriaus-ventiliatoriaus-modulis\/#primaryimage","url":"https:\/\/erformance.eu\/wp-content\/uploads\/2026\/02\/pol_pm_Audi-A1-8X-A3-8P-modul-wentylatora-chlodnicy-32331_1.jpg","contentUrl":"https:\/\/erformance.eu\/wp-content\/uploads\/2026\/02\/pol_pm_Audi-A1-8X-A3-8P-modul-wentylatora-chlodnicy-32331_1.jpg","width":1200,"height":1200},{"@type":"BreadcrumbList","@id":"https:\/\/erformance.eu\/lv\/produkts\/audi-a1-8x-a3-8p-radiatoriaus-ventiliatoriaus-modulis\/#breadcrumb","itemListElement":[{"@type":"ListItem","position":1,"name":"Home","item":"https:\/\/erformance.eu\/lv\/"},{"@type":"ListItem","position":2,"name":"Veikals","item":"https:\/\/erformance.eu\/lv\/veikals\/"},{"@type":"ListItem","position":3,"name":"Audi A1 8X A3 8P radiatoriaus ventiliatoriaus modulis"}]},{"@type":"WebSite","@id":"https:\/\/erformance.eu\/lv\/#website","url":"https:\/\/erformance.eu\/lv\/","name":"Erformance.eu","description":"Automobili\u0173 dali\u0173 parduotuv\u0117","potentialAction":[{"@type":"SearchAction","target":{"@type":"EntryPoint","urlTemplate":"https:\/\/erformance.eu\/lv\/?s={search_term_string}"},"query-input":{"@type":"PropertyValueSpecification","valueRequired":true,"valueName":"search_term_string"}}],"inLanguage":"lv-LV"}]}},"jetpack_sharing_enabled":true,"_links":{"self":[{"href":"https:\/\/erformance.eu\/lv\/wp-json\/wp\/v2\/product\/62462","targetHints":{"allow":["GET"]}}],"collection":[{"href":"https:\/\/erformance.eu\/lv\/wp-json\/wp\/v2\/product"}],"about":[{"href":"https:\/\/erformance.eu\/lv\/wp-json\/wp\/v2\/types\/product"}],"replies":[{"embeddable":true,"href":"https:\/\/erformance.eu\/lv\/wp-json\/wp\/v2\/comments?post=62462"}],"version-history":[{"count":1,"href":"https:\/\/erformance.eu\/lv\/wp-json\/wp\/v2\/product\/62462\/revisions"}],"predecessor-version":[{"id":62469,"href":"https:\/\/erformance.eu\/lv\/wp-json\/wp\/v2\/product\/62462\/revisions\/62469"}],"wp:featuredmedia":[{"embeddable":true,"href":"https:\/\/erformance.eu\/lv\/wp-json\/wp\/v2\/media\/62463"}],"wp:attachment":[{"href":"https:\/\/erformance.eu\/lv\/wp-json\/wp\/v2\/media?parent=62462"}],"wp:term":[{"taxonomy":"product_brand","embeddable":true,"href":"https:\/\/erformance.eu\/lv\/wp-json\/wp\/v2\/product_brand?post=62462"},{"taxonomy":"product_cat","embeddable":true,"href":"https:\/\/erformance.eu\/lv\/wp-json\/wp\/v2\/product_cat?post=62462"},{"taxonomy":"product_tag","embeddable":true,"href":"https:\/\/erformance.eu\/lv\/wp-json\/wp\/v2\/product_tag?post=62462"}],"curies":[{"name":"wp","href":"https:\/\/api.w.org\/{rel}","templated":true}]}}