{"id":62922,"date":"2026-02-16T15:22:04","date_gmt":"2026-02-16T12:22:04","guid":{"rendered":"https:\/\/erformance.eu\/?post_type=product&#038;p=62922"},"modified":"2026-03-12T14:59:01","modified_gmt":"2026-03-12T11:59:01","slug":"audi-a4-b5-95-01-1-6-1-8-benzininis-1-9-tdi-mechanine-pavaru-deze-vandens-ausintuvas-su-skyle-jutikliui","status":"publish","type":"product","link":"https:\/\/erformance.eu\/lv\/produkts\/audi-a4-b5-95-01-1-6-1-8-benzininis-1-9-tdi-mechanine-pavaru-deze-vandens-ausintuvas-su-skyle-jutikliui\/","title":{"rendered":"Audi A4 B5 95-01 1.6 \/ 1.8 benzininis \/ 1.9 TDI mechanin\u0117 pavar\u0173 d\u0117\u017e\u0117 vandens au\u0161intuvas su skyle jutikliui"},"content":{"rendered":"<p>Tema: Vandens au\u0161intuvas<br \/>\nOriginalus numeris:<\/p>\n<p>4B0121251G<br \/>\n8D0121251BH<br \/>\n8D0121251P<br \/>\n8D0121251AC<br \/>\n8D0121251Q<br \/>\n8D0121251AJ<br \/>\n8D0121251AL<br \/>\n8D0121251E<br \/>\nN90544501<\/p>\n<p>PASTABA: auk\u0161\u010diau pateikti numeriai yra original\u016bs dali\u0173 numeriai, kuriuos \u0161is pasi\u016blymas pakei\u010dia. Prie\u0161 pirkdami, palyginkite juos su originaliu dalies numeriu. Jei jie skiriasi net vienu simboliu, dalis netiks, neveiks arba veiks netinkamai. Tokiu atveju jos nepirkite.<br \/>\nAutomobilis:<\/p>\n<p>Audi A4 B5 , gamybos metai: 1995\u20132001<br \/>\n\u201eAudi A6 C5\u201c , gamybos metai: 1997\u20132000<br \/>\nVW Passat B5 , gamybos metai: 1996\u20132005<br \/>\n\u201eSkoda Superb\u201c , gamybos metai: 2001\u20132008<\/p>\n<p>Variklis:<\/p>\n<p>1,6 benzininis<br \/>\n1,8 benzininis<br \/>\n1.9 TDI<\/p>\n<p>Pavar\u0173 d\u0117\u017e\u0117: automobilio versija su mechanine pavar\u0173 d\u0117\u017ee<br \/>\nOro kondicionierius: automobilio versija su oro kondicionieriumi arba be jo (nesvarbu)<br \/>\n\u0160erdies matmenys (tik lamel\u0117s, be korpuso): 632 \/ 398 mm<br \/>\nGamintojas: pakaitalas<br \/>\nTechnin\u0117 b\u016bkl\u0117: prek\u0117 yra visi\u0161kai nauja, nenaudota, nepa\u017eeista ir nesugadinta<br \/>\nPASTABA! Versija su skyle temperat\u016bros jutikliui<\/p>\n","protected":false},"excerpt":{"rendered":"<p>1. Prek\u0117: Vandens au\u0161intuvas2. \u0160erdies matmenys: 632 \/ 398 mm3. Gamintojas: pakeitimas4. Automobilis:     * Audi A4     * Audi A6     * VW Passat B5     * \u201eSkoda Superb\u201c5. Pavar\u0173 d\u0117\u017e\u0117: mechanin\u0117<\/p>\n","protected":false},"featured_media":62923,"comment_status":"open","ping_status":"closed","template":"","meta":[],"product_brand":[],"product_cat":[390,144,3908,3948,4153],"product_tag":[],"class_list":{"0":"post-62922","1":"product","2":"type-product","3":"status-publish","4":"has-post-thumbnail","6":"product_cat-audi-a4","7":"product_cat-audi","8":"product_cat-audi-a4-b5","9":"product_cat-audi-a4-b5-isores-dalys","10":"product_cat-audi-a4-b5-isores-kitos-dalys","12":"first","13":"instock","14":"shipping-taxable","15":"purchasable","16":"product-type-simple"},"yoast_head":"<!-- This site is optimized with the Yoast SEO Premium plugin v25.2 (Yoast SEO v27.4) - https:\/\/yoast.com\/product\/yoast-seo-premium-wordpress\/ -->\n<title>Audi A4 B5 95-01 1.6 \/ 1.8 benzininis \/ 1.9 TDI mechanin\u0117 pavar\u0173 d\u0117\u017e\u0117 vandens au\u0161intuvas su skyle jutikliui - Erformance.eu<\/title>\n<meta name=\"robots\" content=\"index, follow, max-snippet:-1, max-image-preview:large, max-video-preview:-1\" \/>\n<link rel=\"canonical\" href=\"https:\/\/erformance.eu\/lv\/produkts\/audi-a4-b5-95-01-1-6-1-8-benzininis-1-9-tdi-mechanine-pavaru-deze-vandens-ausintuvas-su-skyle-jutikliui\/\" \/>\n<meta property=\"og:locale\" content=\"lv_LV\" \/>\n<meta property=\"og:type\" content=\"article\" \/>\n<meta property=\"og:title\" content=\"Audi A4 B5 95-01 1.6 \/ 1.8 benzininis \/ 1.9 TDI mechanin\u0117 pavar\u0173 d\u0117\u017e\u0117 vandens au\u0161intuvas su skyle jutikliui\" \/>\n<meta property=\"og:description\" content=\"1. Prek\u0117: Vandens au\u0161intuvas2. \u0160erdies matmenys: 632 \/ 398 mm3. Gamintojas: pakeitimas4. Automobilis:   * Audi A4   * Audi A6   * VW Passat B5   * \u201eSkoda Superb\u201c5. Pavar\u0173 d\u0117\u017e\u0117: mechanin\u0117\" \/>\n<meta property=\"og:url\" content=\"https:\/\/erformance.eu\/lv\/produkts\/audi-a4-b5-95-01-1-6-1-8-benzininis-1-9-tdi-mechanine-pavaru-deze-vandens-ausintuvas-su-skyle-jutikliui\/\" \/>\n<meta property=\"og:site_name\" content=\"Erformance.eu\" \/>\n<meta property=\"article:modified_time\" content=\"2026-03-12T11:59:01+00:00\" \/>\n<meta property=\"og:image\" content=\"https:\/\/erformance.eu\/wp-content\/uploads\/2026\/02\/pol_pm_Audi-A4-B5-95-01-1-6-1-8-benzyna-1-9-TDI-manualna-skrzynia-biegow-chlodnica-wody-Z-OTWOREM-NA-CZUJNIK-4808_1.jpg\" \/>\n\t<meta property=\"og:image:width\" content=\"1200\" \/>\n\t<meta property=\"og:image:height\" content=\"900\" \/>\n\t<meta property=\"og:image:type\" content=\"image\/jpeg\" \/>\n<meta name=\"twitter:card\" content=\"summary_large_image\" \/>\n<meta name=\"twitter:label1\" content=\"Est. reading time\" \/>\n\t<meta name=\"twitter:data1\" content=\"1 min\u016b\u0161u\" \/>\n<script type=\"application\/ld+json\" class=\"yoast-schema-graph\">{\"@context\":\"https:\\\/\\\/schema.org\",\"@graph\":[{\"@type\":\"WebPage\",\"@id\":\"https:\\\/\\\/erformance.eu\\\/lv\\\/produkts\\\/audi-a4-b5-95-01-1-6-1-8-benzininis-1-9-tdi-mechanine-pavaru-deze-vandens-ausintuvas-su-skyle-jutikliui\\\/\",\"url\":\"https:\\\/\\\/erformance.eu\\\/lv\\\/produkts\\\/audi-a4-b5-95-01-1-6-1-8-benzininis-1-9-tdi-mechanine-pavaru-deze-vandens-ausintuvas-su-skyle-jutikliui\\\/\",\"name\":\"Audi A4 B5 95-01 1.6 \\\/ 1.8 benzininis \\\/ 1.9 TDI mechanin\u0117 pavar\u0173 d\u0117\u017e\u0117 vandens au\u0161intuvas su skyle jutikliui - Erformance.eu\",\"isPartOf\":{\"@id\":\"https:\\\/\\\/erformance.eu\\\/lv\\\/#website\"},\"primaryImageOfPage\":{\"@id\":\"https:\\\/\\\/erformance.eu\\\/lv\\\/produkts\\\/audi-a4-b5-95-01-1-6-1-8-benzininis-1-9-tdi-mechanine-pavaru-deze-vandens-ausintuvas-su-skyle-jutikliui\\\/#primaryimage\"},\"image\":{\"@id\":\"https:\\\/\\\/erformance.eu\\\/lv\\\/produkts\\\/audi-a4-b5-95-01-1-6-1-8-benzininis-1-9-tdi-mechanine-pavaru-deze-vandens-ausintuvas-su-skyle-jutikliui\\\/#primaryimage\"},\"thumbnailUrl\":\"https:\\\/\\\/erformance.eu\\\/wp-content\\\/uploads\\\/2026\\\/02\\\/pol_pm_Audi-A4-B5-95-01-1-6-1-8-benzyna-1-9-TDI-manualna-skrzynia-biegow-chlodnica-wody-Z-OTWOREM-NA-CZUJNIK-4808_1.jpg\",\"datePublished\":\"2026-02-16T12:22:04+00:00\",\"dateModified\":\"2026-03-12T11:59:01+00:00\",\"breadcrumb\":{\"@id\":\"https:\\\/\\\/erformance.eu\\\/lv\\\/produkts\\\/audi-a4-b5-95-01-1-6-1-8-benzininis-1-9-tdi-mechanine-pavaru-deze-vandens-ausintuvas-su-skyle-jutikliui\\\/#breadcrumb\"},\"inLanguage\":\"lv-LV\",\"potentialAction\":[{\"@type\":\"ReadAction\",\"target\":[\"https:\\\/\\\/erformance.eu\\\/lv\\\/produkts\\\/audi-a4-b5-95-01-1-6-1-8-benzininis-1-9-tdi-mechanine-pavaru-deze-vandens-ausintuvas-su-skyle-jutikliui\\\/\"]}]},{\"@type\":\"ImageObject\",\"inLanguage\":\"lv-LV\",\"@id\":\"https:\\\/\\\/erformance.eu\\\/lv\\\/produkts\\\/audi-a4-b5-95-01-1-6-1-8-benzininis-1-9-tdi-mechanine-pavaru-deze-vandens-ausintuvas-su-skyle-jutikliui\\\/#primaryimage\",\"url\":\"https:\\\/\\\/erformance.eu\\\/wp-content\\\/uploads\\\/2026\\\/02\\\/pol_pm_Audi-A4-B5-95-01-1-6-1-8-benzyna-1-9-TDI-manualna-skrzynia-biegow-chlodnica-wody-Z-OTWOREM-NA-CZUJNIK-4808_1.jpg\",\"contentUrl\":\"https:\\\/\\\/erformance.eu\\\/wp-content\\\/uploads\\\/2026\\\/02\\\/pol_pm_Audi-A4-B5-95-01-1-6-1-8-benzyna-1-9-TDI-manualna-skrzynia-biegow-chlodnica-wody-Z-OTWOREM-NA-CZUJNIK-4808_1.jpg\",\"width\":1200,\"height\":900},{\"@type\":\"BreadcrumbList\",\"@id\":\"https:\\\/\\\/erformance.eu\\\/lv\\\/produkts\\\/audi-a4-b5-95-01-1-6-1-8-benzininis-1-9-tdi-mechanine-pavaru-deze-vandens-ausintuvas-su-skyle-jutikliui\\\/#breadcrumb\",\"itemListElement\":[{\"@type\":\"ListItem\",\"position\":1,\"name\":\"Home\",\"item\":\"https:\\\/\\\/erformance.eu\\\/lv\\\/\"},{\"@type\":\"ListItem\",\"position\":2,\"name\":\"Veikals\",\"item\":\"https:\\\/\\\/erformance.eu\\\/lv\\\/veikals\\\/\"},{\"@type\":\"ListItem\",\"position\":3,\"name\":\"Audi A4 B5 95-01 1.6 \\\/ 1.8 benzininis \\\/ 1.9 TDI mechanin\u0117 pavar\u0173 d\u0117\u017e\u0117 vandens au\u0161intuvas su skyle jutikliui\"}]},{\"@type\":\"WebSite\",\"@id\":\"https:\\\/\\\/erformance.eu\\\/lv\\\/#website\",\"url\":\"https:\\\/\\\/erformance.eu\\\/lv\\\/\",\"name\":\"Erformance.eu\",\"description\":\"Automobili\u0173 dali\u0173 parduotuv\u0117\",\"potentialAction\":[{\"@type\":\"SearchAction\",\"target\":{\"@type\":\"EntryPoint\",\"urlTemplate\":\"https:\\\/\\\/erformance.eu\\\/lv\\\/?s={search_term_string}\"},\"query-input\":{\"@type\":\"PropertyValueSpecification\",\"valueRequired\":true,\"valueName\":\"search_term_string\"}}],\"inLanguage\":\"lv-LV\"}]}<\/script>\n<!-- \/ Yoast SEO Premium plugin. -->","yoast_head_json":{"title":"Audi A4 B5 95-01 1.6 \/ 1.8 benzininis \/ 1.9 TDI mechanin\u0117 pavar\u0173 d\u0117\u017e\u0117 vandens au\u0161intuvas su skyle jutikliui - Erformance.eu","robots":{"index":"index","follow":"follow","max-snippet":"max-snippet:-1","max-image-preview":"max-image-preview:large","max-video-preview":"max-video-preview:-1"},"canonical":"https:\/\/erformance.eu\/lv\/produkts\/audi-a4-b5-95-01-1-6-1-8-benzininis-1-9-tdi-mechanine-pavaru-deze-vandens-ausintuvas-su-skyle-jutikliui\/","og_locale":"lv_LV","og_type":"article","og_title":"Audi A4 B5 95-01 1.6 \/ 1.8 benzininis \/ 1.9 TDI mechanin\u0117 pavar\u0173 d\u0117\u017e\u0117 vandens au\u0161intuvas su skyle jutikliui","og_description":"1. Prek\u0117: Vandens au\u0161intuvas2. \u0160erdies matmenys: 632 \/ 398 mm3. Gamintojas: pakeitimas4. Automobilis:   * Audi A4   * Audi A6   * VW Passat B5   * \u201eSkoda Superb\u201c5. Pavar\u0173 d\u0117\u017e\u0117: mechanin\u0117","og_url":"https:\/\/erformance.eu\/lv\/produkts\/audi-a4-b5-95-01-1-6-1-8-benzininis-1-9-tdi-mechanine-pavaru-deze-vandens-ausintuvas-su-skyle-jutikliui\/","og_site_name":"Erformance.eu","article_modified_time":"2026-03-12T11:59:01+00:00","og_image":[{"width":1200,"height":900,"url":"https:\/\/erformance.eu\/wp-content\/uploads\/2026\/02\/pol_pm_Audi-A4-B5-95-01-1-6-1-8-benzyna-1-9-TDI-manualna-skrzynia-biegow-chlodnica-wody-Z-OTWOREM-NA-CZUJNIK-4808_1.jpg","type":"image\/jpeg"}],"twitter_card":"summary_large_image","twitter_misc":{"Est. reading time":"1 min\u016b\u0161u"},"schema":{"@context":"https:\/\/schema.org","@graph":[{"@type":"WebPage","@id":"https:\/\/erformance.eu\/lv\/produkts\/audi-a4-b5-95-01-1-6-1-8-benzininis-1-9-tdi-mechanine-pavaru-deze-vandens-ausintuvas-su-skyle-jutikliui\/","url":"https:\/\/erformance.eu\/lv\/produkts\/audi-a4-b5-95-01-1-6-1-8-benzininis-1-9-tdi-mechanine-pavaru-deze-vandens-ausintuvas-su-skyle-jutikliui\/","name":"Audi A4 B5 95-01 1.6 \/ 1.8 benzininis \/ 1.9 TDI mechanin\u0117 pavar\u0173 d\u0117\u017e\u0117 vandens au\u0161intuvas su skyle jutikliui - Erformance.eu","isPartOf":{"@id":"https:\/\/erformance.eu\/lv\/#website"},"primaryImageOfPage":{"@id":"https:\/\/erformance.eu\/lv\/produkts\/audi-a4-b5-95-01-1-6-1-8-benzininis-1-9-tdi-mechanine-pavaru-deze-vandens-ausintuvas-su-skyle-jutikliui\/#primaryimage"},"image":{"@id":"https:\/\/erformance.eu\/lv\/produkts\/audi-a4-b5-95-01-1-6-1-8-benzininis-1-9-tdi-mechanine-pavaru-deze-vandens-ausintuvas-su-skyle-jutikliui\/#primaryimage"},"thumbnailUrl":"https:\/\/erformance.eu\/wp-content\/uploads\/2026\/02\/pol_pm_Audi-A4-B5-95-01-1-6-1-8-benzyna-1-9-TDI-manualna-skrzynia-biegow-chlodnica-wody-Z-OTWOREM-NA-CZUJNIK-4808_1.jpg","datePublished":"2026-02-16T12:22:04+00:00","dateModified":"2026-03-12T11:59:01+00:00","breadcrumb":{"@id":"https:\/\/erformance.eu\/lv\/produkts\/audi-a4-b5-95-01-1-6-1-8-benzininis-1-9-tdi-mechanine-pavaru-deze-vandens-ausintuvas-su-skyle-jutikliui\/#breadcrumb"},"inLanguage":"lv-LV","potentialAction":[{"@type":"ReadAction","target":["https:\/\/erformance.eu\/lv\/produkts\/audi-a4-b5-95-01-1-6-1-8-benzininis-1-9-tdi-mechanine-pavaru-deze-vandens-ausintuvas-su-skyle-jutikliui\/"]}]},{"@type":"ImageObject","inLanguage":"lv-LV","@id":"https:\/\/erformance.eu\/lv\/produkts\/audi-a4-b5-95-01-1-6-1-8-benzininis-1-9-tdi-mechanine-pavaru-deze-vandens-ausintuvas-su-skyle-jutikliui\/#primaryimage","url":"https:\/\/erformance.eu\/wp-content\/uploads\/2026\/02\/pol_pm_Audi-A4-B5-95-01-1-6-1-8-benzyna-1-9-TDI-manualna-skrzynia-biegow-chlodnica-wody-Z-OTWOREM-NA-CZUJNIK-4808_1.jpg","contentUrl":"https:\/\/erformance.eu\/wp-content\/uploads\/2026\/02\/pol_pm_Audi-A4-B5-95-01-1-6-1-8-benzyna-1-9-TDI-manualna-skrzynia-biegow-chlodnica-wody-Z-OTWOREM-NA-CZUJNIK-4808_1.jpg","width":1200,"height":900},{"@type":"BreadcrumbList","@id":"https:\/\/erformance.eu\/lv\/produkts\/audi-a4-b5-95-01-1-6-1-8-benzininis-1-9-tdi-mechanine-pavaru-deze-vandens-ausintuvas-su-skyle-jutikliui\/#breadcrumb","itemListElement":[{"@type":"ListItem","position":1,"name":"Home","item":"https:\/\/erformance.eu\/lv\/"},{"@type":"ListItem","position":2,"name":"Veikals","item":"https:\/\/erformance.eu\/lv\/veikals\/"},{"@type":"ListItem","position":3,"name":"Audi A4 B5 95-01 1.6 \/ 1.8 benzininis \/ 1.9 TDI mechanin\u0117 pavar\u0173 d\u0117\u017e\u0117 vandens au\u0161intuvas su skyle jutikliui"}]},{"@type":"WebSite","@id":"https:\/\/erformance.eu\/lv\/#website","url":"https:\/\/erformance.eu\/lv\/","name":"Erformance.eu","description":"Automobili\u0173 dali\u0173 parduotuv\u0117","potentialAction":[{"@type":"SearchAction","target":{"@type":"EntryPoint","urlTemplate":"https:\/\/erformance.eu\/lv\/?s={search_term_string}"},"query-input":{"@type":"PropertyValueSpecification","valueRequired":true,"valueName":"search_term_string"}}],"inLanguage":"lv-LV"}]}},"jetpack_sharing_enabled":true,"_links":{"self":[{"href":"https:\/\/erformance.eu\/lv\/wp-json\/wp\/v2\/product\/62922","targetHints":{"allow":["GET"]}}],"collection":[{"href":"https:\/\/erformance.eu\/lv\/wp-json\/wp\/v2\/product"}],"about":[{"href":"https:\/\/erformance.eu\/lv\/wp-json\/wp\/v2\/types\/product"}],"replies":[{"embeddable":true,"href":"https:\/\/erformance.eu\/lv\/wp-json\/wp\/v2\/comments?post=62922"}],"version-history":[{"count":1,"href":"https:\/\/erformance.eu\/lv\/wp-json\/wp\/v2\/product\/62922\/revisions"}],"predecessor-version":[{"id":62929,"href":"https:\/\/erformance.eu\/lv\/wp-json\/wp\/v2\/product\/62922\/revisions\/62929"}],"wp:featuredmedia":[{"embeddable":true,"href":"https:\/\/erformance.eu\/lv\/wp-json\/wp\/v2\/media\/62923"}],"wp:attachment":[{"href":"https:\/\/erformance.eu\/lv\/wp-json\/wp\/v2\/media?parent=62922"}],"wp:term":[{"taxonomy":"product_brand","embeddable":true,"href":"https:\/\/erformance.eu\/lv\/wp-json\/wp\/v2\/product_brand?post=62922"},{"taxonomy":"product_cat","embeddable":true,"href":"https:\/\/erformance.eu\/lv\/wp-json\/wp\/v2\/product_cat?post=62922"},{"taxonomy":"product_tag","embeddable":true,"href":"https:\/\/erformance.eu\/lv\/wp-json\/wp\/v2\/product_tag?post=62922"}],"curies":[{"name":"wp","href":"https:\/\/api.w.org\/{rel}","templated":true}]}}