{"id":63413,"date":"2026-02-16T15:25:07","date_gmt":"2026-02-16T12:25:07","guid":{"rendered":"https:\/\/erformance.eu\/?post_type=product&#038;p=63413"},"modified":"2026-04-07T00:55:09","modified_gmt":"2026-04-06T21:55:09","slug":"audi-80-b4-91-95-1-6-2-0-benzinas-1-9-td-tdi-vandens-ausintuvas","status":"publish","type":"product","link":"https:\/\/erformance.eu\/lv\/produkts\/audi-80-b4-91-95-1-6-2-0-benzinas-1-9-td-tdi-vandens-ausintuvas\/","title":{"rendered":"Audi 80 B4 91-95 1.6 \/ 2.0 benzinas \/ 1.9 TD TDI vandens au\u0161intuvas"},"content":{"rendered":"<p>Tema: Vandens au\u0161intuvas<br \/>\nAutomobilis: Audi 80 B4<br \/>\nPagaminimo metai: 1991\u20131995<br \/>\nVariklis:<\/p>\n<p>1,6 benzininis, automobilio versija su oro kondicionieriumi<br \/>\n2.0 benzininis, automobilio versija su oro kondicionieriumi arba be jo<br \/>\n2.0 16V benzininis, automobilio versija be oro kondicionieriaus<br \/>\n1.9 TD, automobilio versija be oro kondicionieriaus<br \/>\n1.9 TDI, automobilio versija be oro kondicionieriaus<\/p>\n<p>Pavar\u0173 d\u0117\u017e\u0117: automobilio versija su mechanine pavar\u0173 d\u0117\u017ee<br \/>\n\u0160erdies matmenys (tik lamel\u0117s, be korpuso): 595 \/ 358 mm<br \/>\nGamintojas: pakaitalas<br \/>\nTechnin\u0117 b\u016bkl\u0117: prek\u0117 yra visi\u0161kai nauja, nenaudota, nepa\u017eeista ir nesugadinta<\/p>\n","protected":false},"excerpt":{"rendered":"<p>1. Prek\u0117: Vandens au\u0161intuvas2. \u0160erdies matmuo: 595 \/ 358 mm3. Gamintojas: pakeitimas4. Automobilis: Audi 80 B45. Pagaminimo metai: 1991\u201319956. Pavar\u0173 d\u0117\u017e\u0117: mechanin\u0117<\/p>\n","protected":false},"featured_media":63414,"comment_status":"open","ping_status":"closed","template":"","meta":[],"product_brand":[],"product_cat":[404,144,407,3939,4144],"product_tag":[],"class_list":{"0":"post-63413","1":"product","2":"type-product","3":"status-publish","4":"has-post-thumbnail","6":"product_cat-audi-80","7":"product_cat-audi","8":"product_cat-audi-80-b4","9":"product_cat-audi-80-b4-isores-dalys","10":"product_cat-audi-80-b4-isores-kitos-dalys","12":"first","13":"instock","14":"shipping-taxable","15":"purchasable","16":"product-type-simple"},"yoast_head":"<!-- This site is optimized with the Yoast SEO Premium plugin v25.2 (Yoast SEO v27.3) - https:\/\/yoast.com\/product\/yoast-seo-premium-wordpress\/ -->\n<title>Audi 80 B4 91-95 1.6 \/ 2.0 benzinas \/ 1.9 TD TDI vandens au\u0161intuvas - Erformance.eu<\/title>\n<meta name=\"robots\" content=\"index, follow, max-snippet:-1, max-image-preview:large, max-video-preview:-1\" \/>\n<link rel=\"canonical\" href=\"https:\/\/erformance.eu\/lv\/produkts\/audi-80-b4-91-95-1-6-2-0-benzinas-1-9-td-tdi-vandens-ausintuvas\/\" \/>\n<meta property=\"og:locale\" content=\"lv_LV\" \/>\n<meta property=\"og:type\" content=\"article\" \/>\n<meta property=\"og:title\" content=\"Audi 80 B4 91-95 1.6 \/ 2.0 benzinas \/ 1.9 TD TDI vandens au\u0161intuvas\" \/>\n<meta property=\"og:description\" content=\"1. Prek\u0117: Vandens au\u0161intuvas2. \u0160erdies matmuo: 595 \/ 358 mm3. Gamintojas: pakeitimas4. Automobilis: Audi 80 B45. Pagaminimo metai: 1991\u201319956. Pavar\u0173 d\u0117\u017e\u0117: mechanin\u0117\" \/>\n<meta property=\"og:url\" content=\"https:\/\/erformance.eu\/lv\/produkts\/audi-80-b4-91-95-1-6-2-0-benzinas-1-9-td-tdi-vandens-ausintuvas\/\" \/>\n<meta property=\"og:site_name\" content=\"Erformance.eu\" \/>\n<meta property=\"article:modified_time\" content=\"2026-04-06T21:55:09+00:00\" \/>\n<meta property=\"og:image\" content=\"https:\/\/erformance.eu\/wp-content\/uploads\/2026\/02\/pol_pm_Audi-80-B4-91-95-1-6-2-0-benzyna-1-9-TD-TDI-chlodnica-wody-2469_1.jpg\" \/>\n\t<meta property=\"og:image:width\" content=\"667\" \/>\n\t<meta property=\"og:image:height\" content=\"500\" \/>\n\t<meta property=\"og:image:type\" content=\"image\/jpeg\" \/>\n<meta name=\"twitter:card\" content=\"summary_large_image\" \/>\n<meta name=\"twitter:label1\" content=\"Est. reading time\" \/>\n\t<meta name=\"twitter:data1\" content=\"1 min\u016b\u0161u\" \/>\n<script type=\"application\/ld+json\" class=\"yoast-schema-graph\">{\"@context\":\"https:\\\/\\\/schema.org\",\"@graph\":[{\"@type\":\"WebPage\",\"@id\":\"https:\\\/\\\/erformance.eu\\\/lv\\\/produkts\\\/audi-80-b4-91-95-1-6-2-0-benzinas-1-9-td-tdi-vandens-ausintuvas\\\/\",\"url\":\"https:\\\/\\\/erformance.eu\\\/lv\\\/produkts\\\/audi-80-b4-91-95-1-6-2-0-benzinas-1-9-td-tdi-vandens-ausintuvas\\\/\",\"name\":\"Audi 80 B4 91-95 1.6 \\\/ 2.0 benzinas \\\/ 1.9 TD TDI vandens au\u0161intuvas - Erformance.eu\",\"isPartOf\":{\"@id\":\"https:\\\/\\\/erformance.eu\\\/lv\\\/#website\"},\"primaryImageOfPage\":{\"@id\":\"https:\\\/\\\/erformance.eu\\\/lv\\\/produkts\\\/audi-80-b4-91-95-1-6-2-0-benzinas-1-9-td-tdi-vandens-ausintuvas\\\/#primaryimage\"},\"image\":{\"@id\":\"https:\\\/\\\/erformance.eu\\\/lv\\\/produkts\\\/audi-80-b4-91-95-1-6-2-0-benzinas-1-9-td-tdi-vandens-ausintuvas\\\/#primaryimage\"},\"thumbnailUrl\":\"https:\\\/\\\/erformance.eu\\\/wp-content\\\/uploads\\\/2026\\\/02\\\/pol_pm_Audi-80-B4-91-95-1-6-2-0-benzyna-1-9-TD-TDI-chlodnica-wody-2469_1.jpg\",\"datePublished\":\"2026-02-16T12:25:07+00:00\",\"dateModified\":\"2026-04-06T21:55:09+00:00\",\"breadcrumb\":{\"@id\":\"https:\\\/\\\/erformance.eu\\\/lv\\\/produkts\\\/audi-80-b4-91-95-1-6-2-0-benzinas-1-9-td-tdi-vandens-ausintuvas\\\/#breadcrumb\"},\"inLanguage\":\"lv-LV\",\"potentialAction\":[{\"@type\":\"ReadAction\",\"target\":[\"https:\\\/\\\/erformance.eu\\\/lv\\\/produkts\\\/audi-80-b4-91-95-1-6-2-0-benzinas-1-9-td-tdi-vandens-ausintuvas\\\/\"]}]},{\"@type\":\"ImageObject\",\"inLanguage\":\"lv-LV\",\"@id\":\"https:\\\/\\\/erformance.eu\\\/lv\\\/produkts\\\/audi-80-b4-91-95-1-6-2-0-benzinas-1-9-td-tdi-vandens-ausintuvas\\\/#primaryimage\",\"url\":\"https:\\\/\\\/erformance.eu\\\/wp-content\\\/uploads\\\/2026\\\/02\\\/pol_pm_Audi-80-B4-91-95-1-6-2-0-benzyna-1-9-TD-TDI-chlodnica-wody-2469_1.jpg\",\"contentUrl\":\"https:\\\/\\\/erformance.eu\\\/wp-content\\\/uploads\\\/2026\\\/02\\\/pol_pm_Audi-80-B4-91-95-1-6-2-0-benzyna-1-9-TD-TDI-chlodnica-wody-2469_1.jpg\",\"width\":667,\"height\":500},{\"@type\":\"BreadcrumbList\",\"@id\":\"https:\\\/\\\/erformance.eu\\\/lv\\\/produkts\\\/audi-80-b4-91-95-1-6-2-0-benzinas-1-9-td-tdi-vandens-ausintuvas\\\/#breadcrumb\",\"itemListElement\":[{\"@type\":\"ListItem\",\"position\":1,\"name\":\"Home\",\"item\":\"https:\\\/\\\/erformance.eu\\\/lv\\\/\"},{\"@type\":\"ListItem\",\"position\":2,\"name\":\"Veikals\",\"item\":\"https:\\\/\\\/erformance.eu\\\/lv\\\/veikals\\\/\"},{\"@type\":\"ListItem\",\"position\":3,\"name\":\"Audi 80 B4 91-95 1.6 \\\/ 2.0 benzinas \\\/ 1.9 TD TDI vandens au\u0161intuvas\"}]},{\"@type\":\"WebSite\",\"@id\":\"https:\\\/\\\/erformance.eu\\\/lv\\\/#website\",\"url\":\"https:\\\/\\\/erformance.eu\\\/lv\\\/\",\"name\":\"Erformance.eu\",\"description\":\"Automobili\u0173 dali\u0173 parduotuv\u0117\",\"potentialAction\":[{\"@type\":\"SearchAction\",\"target\":{\"@type\":\"EntryPoint\",\"urlTemplate\":\"https:\\\/\\\/erformance.eu\\\/lv\\\/?s={search_term_string}\"},\"query-input\":{\"@type\":\"PropertyValueSpecification\",\"valueRequired\":true,\"valueName\":\"search_term_string\"}}],\"inLanguage\":\"lv-LV\"}]}<\/script>\n<!-- \/ Yoast SEO Premium plugin. -->","yoast_head_json":{"title":"Audi 80 B4 91-95 1.6 \/ 2.0 benzinas \/ 1.9 TD TDI vandens au\u0161intuvas - Erformance.eu","robots":{"index":"index","follow":"follow","max-snippet":"max-snippet:-1","max-image-preview":"max-image-preview:large","max-video-preview":"max-video-preview:-1"},"canonical":"https:\/\/erformance.eu\/lv\/produkts\/audi-80-b4-91-95-1-6-2-0-benzinas-1-9-td-tdi-vandens-ausintuvas\/","og_locale":"lv_LV","og_type":"article","og_title":"Audi 80 B4 91-95 1.6 \/ 2.0 benzinas \/ 1.9 TD TDI vandens au\u0161intuvas","og_description":"1. Prek\u0117: Vandens au\u0161intuvas2. \u0160erdies matmuo: 595 \/ 358 mm3. Gamintojas: pakeitimas4. Automobilis: Audi 80 B45. Pagaminimo metai: 1991\u201319956. Pavar\u0173 d\u0117\u017e\u0117: mechanin\u0117","og_url":"https:\/\/erformance.eu\/lv\/produkts\/audi-80-b4-91-95-1-6-2-0-benzinas-1-9-td-tdi-vandens-ausintuvas\/","og_site_name":"Erformance.eu","article_modified_time":"2026-04-06T21:55:09+00:00","og_image":[{"width":667,"height":500,"url":"https:\/\/erformance.eu\/wp-content\/uploads\/2026\/02\/pol_pm_Audi-80-B4-91-95-1-6-2-0-benzyna-1-9-TD-TDI-chlodnica-wody-2469_1.jpg","type":"image\/jpeg"}],"twitter_card":"summary_large_image","twitter_misc":{"Est. reading time":"1 min\u016b\u0161u"},"schema":{"@context":"https:\/\/schema.org","@graph":[{"@type":"WebPage","@id":"https:\/\/erformance.eu\/lv\/produkts\/audi-80-b4-91-95-1-6-2-0-benzinas-1-9-td-tdi-vandens-ausintuvas\/","url":"https:\/\/erformance.eu\/lv\/produkts\/audi-80-b4-91-95-1-6-2-0-benzinas-1-9-td-tdi-vandens-ausintuvas\/","name":"Audi 80 B4 91-95 1.6 \/ 2.0 benzinas \/ 1.9 TD TDI vandens au\u0161intuvas - Erformance.eu","isPartOf":{"@id":"https:\/\/erformance.eu\/lv\/#website"},"primaryImageOfPage":{"@id":"https:\/\/erformance.eu\/lv\/produkts\/audi-80-b4-91-95-1-6-2-0-benzinas-1-9-td-tdi-vandens-ausintuvas\/#primaryimage"},"image":{"@id":"https:\/\/erformance.eu\/lv\/produkts\/audi-80-b4-91-95-1-6-2-0-benzinas-1-9-td-tdi-vandens-ausintuvas\/#primaryimage"},"thumbnailUrl":"https:\/\/erformance.eu\/wp-content\/uploads\/2026\/02\/pol_pm_Audi-80-B4-91-95-1-6-2-0-benzyna-1-9-TD-TDI-chlodnica-wody-2469_1.jpg","datePublished":"2026-02-16T12:25:07+00:00","dateModified":"2026-04-06T21:55:09+00:00","breadcrumb":{"@id":"https:\/\/erformance.eu\/lv\/produkts\/audi-80-b4-91-95-1-6-2-0-benzinas-1-9-td-tdi-vandens-ausintuvas\/#breadcrumb"},"inLanguage":"lv-LV","potentialAction":[{"@type":"ReadAction","target":["https:\/\/erformance.eu\/lv\/produkts\/audi-80-b4-91-95-1-6-2-0-benzinas-1-9-td-tdi-vandens-ausintuvas\/"]}]},{"@type":"ImageObject","inLanguage":"lv-LV","@id":"https:\/\/erformance.eu\/lv\/produkts\/audi-80-b4-91-95-1-6-2-0-benzinas-1-9-td-tdi-vandens-ausintuvas\/#primaryimage","url":"https:\/\/erformance.eu\/wp-content\/uploads\/2026\/02\/pol_pm_Audi-80-B4-91-95-1-6-2-0-benzyna-1-9-TD-TDI-chlodnica-wody-2469_1.jpg","contentUrl":"https:\/\/erformance.eu\/wp-content\/uploads\/2026\/02\/pol_pm_Audi-80-B4-91-95-1-6-2-0-benzyna-1-9-TD-TDI-chlodnica-wody-2469_1.jpg","width":667,"height":500},{"@type":"BreadcrumbList","@id":"https:\/\/erformance.eu\/lv\/produkts\/audi-80-b4-91-95-1-6-2-0-benzinas-1-9-td-tdi-vandens-ausintuvas\/#breadcrumb","itemListElement":[{"@type":"ListItem","position":1,"name":"Home","item":"https:\/\/erformance.eu\/lv\/"},{"@type":"ListItem","position":2,"name":"Veikals","item":"https:\/\/erformance.eu\/lv\/veikals\/"},{"@type":"ListItem","position":3,"name":"Audi 80 B4 91-95 1.6 \/ 2.0 benzinas \/ 1.9 TD TDI vandens au\u0161intuvas"}]},{"@type":"WebSite","@id":"https:\/\/erformance.eu\/lv\/#website","url":"https:\/\/erformance.eu\/lv\/","name":"Erformance.eu","description":"Automobili\u0173 dali\u0173 parduotuv\u0117","potentialAction":[{"@type":"SearchAction","target":{"@type":"EntryPoint","urlTemplate":"https:\/\/erformance.eu\/lv\/?s={search_term_string}"},"query-input":{"@type":"PropertyValueSpecification","valueRequired":true,"valueName":"search_term_string"}}],"inLanguage":"lv-LV"}]}},"jetpack_sharing_enabled":true,"_links":{"self":[{"href":"https:\/\/erformance.eu\/lv\/wp-json\/wp\/v2\/product\/63413","targetHints":{"allow":["GET"]}}],"collection":[{"href":"https:\/\/erformance.eu\/lv\/wp-json\/wp\/v2\/product"}],"about":[{"href":"https:\/\/erformance.eu\/lv\/wp-json\/wp\/v2\/types\/product"}],"replies":[{"embeddable":true,"href":"https:\/\/erformance.eu\/lv\/wp-json\/wp\/v2\/comments?post=63413"}],"version-history":[{"count":1,"href":"https:\/\/erformance.eu\/lv\/wp-json\/wp\/v2\/product\/63413\/revisions"}],"predecessor-version":[{"id":63420,"href":"https:\/\/erformance.eu\/lv\/wp-json\/wp\/v2\/product\/63413\/revisions\/63420"}],"wp:featuredmedia":[{"embeddable":true,"href":"https:\/\/erformance.eu\/lv\/wp-json\/wp\/v2\/media\/63414"}],"wp:attachment":[{"href":"https:\/\/erformance.eu\/lv\/wp-json\/wp\/v2\/media?parent=63413"}],"wp:term":[{"taxonomy":"product_brand","embeddable":true,"href":"https:\/\/erformance.eu\/lv\/wp-json\/wp\/v2\/product_brand?post=63413"},{"taxonomy":"product_cat","embeddable":true,"href":"https:\/\/erformance.eu\/lv\/wp-json\/wp\/v2\/product_cat?post=63413"},{"taxonomy":"product_tag","embeddable":true,"href":"https:\/\/erformance.eu\/lv\/wp-json\/wp\/v2\/product_tag?post=63413"}],"curies":[{"name":"wp","href":"https:\/\/api.w.org\/{rel}","templated":true}]}}