{"id":63445,"date":"2026-02-16T15:25:18","date_gmt":"2026-02-16T12:25:18","guid":{"rendered":"https:\/\/erformance.eu\/?post_type=product&#038;p=63445"},"modified":"2026-03-12T14:27:25","modified_gmt":"2026-03-12T11:27:25","slug":"audi-a4-b6-00-04-akumuliatoriaus-dangtelio-atvartas","status":"publish","type":"product","link":"https:\/\/erformance.eu\/lv\/produkts\/audi-a4-b6-00-04-akumuliatoriaus-dangtelio-atvartas\/","title":{"rendered":"Audi A4 B6 00-04 akumuliatoriaus dangtelio atvartas"},"content":{"rendered":"<p>Prek\u0117: Baterijos dangtelis\/atvartas<br \/>\nOriginalus numeris: 8E1819422A<br \/>\nPASTABA: auk\u0161\u010diau pateikti numeriai yra original\u016bs dali\u0173 numeriai, kuriuos \u0161is pasi\u016blymas pakei\u010dia. Prie\u0161 pirkdami, palyginkite juos su originaliu dalies numeriu. Jei jie skiriasi net vienu simboliu, dalis netiks, neveiks arba veiks netinkamai. Tokiu atveju jos nepirkite.<br \/>\nAutomobilis:<\/p>\n<p>Audi A4 B6, gamybos metai: 2000-2004<br \/>\nAudi A4 B7, gamybos metai: 2004-2008<\/p>\n<p>Gamintojas: pakaitalas<br \/>\nTechnin\u0117 b\u016bkl\u0117: prek\u0117 yra visi\u0161kai nauja, nenaudota, nepa\u017eeista ir nesugadinta<\/p>\n","protected":false},"excerpt":{"rendered":"<p>1. Prek\u0117: Baterijos dangtelis\/atvartas2. Gamintojas: pakeitimas3. Automobilis:     * Audi A4 B6 00-04     * Audi A4 B7 04-08<\/p>\n","protected":false},"featured_media":63446,"comment_status":"open","ping_status":"closed","template":"","meta":[],"product_brand":[],"product_cat":[390,144,3909,3949,4154],"product_tag":[],"class_list":{"0":"post-63445","1":"product","2":"type-product","3":"status-publish","4":"has-post-thumbnail","6":"product_cat-audi-a4","7":"product_cat-audi","8":"product_cat-audi-a4-b6","9":"product_cat-audi-a4-b6-isores-dalys","10":"product_cat-audi-a4-b6-isores-kitos-dalys","12":"first","13":"instock","14":"shipping-taxable","15":"purchasable","16":"product-type-simple"},"yoast_head":"<!-- This site is optimized with the Yoast SEO Premium plugin v25.2 (Yoast SEO v27.4) - https:\/\/yoast.com\/product\/yoast-seo-premium-wordpress\/ -->\n<title>Audi A4 B6 00-04 akumuliatoriaus dangtelio atvartas - Erformance.eu<\/title>\n<meta name=\"robots\" content=\"index, follow, max-snippet:-1, max-image-preview:large, max-video-preview:-1\" \/>\n<link rel=\"canonical\" href=\"https:\/\/erformance.eu\/lv\/produkts\/audi-a4-b6-00-04-akumuliatoriaus-dangtelio-atvartas\/\" \/>\n<meta property=\"og:locale\" content=\"lv_LV\" \/>\n<meta property=\"og:type\" content=\"article\" \/>\n<meta property=\"og:title\" content=\"Audi A4 B6 00-04 akumuliatoriaus dangtelio atvartas\" \/>\n<meta property=\"og:description\" content=\"1. Prek\u0117: Baterijos dangtelis\/atvartas2. Gamintojas: pakeitimas3. Automobilis:   * Audi A4 B6 00-04   * Audi A4 B7 04-08\" \/>\n<meta property=\"og:url\" content=\"https:\/\/erformance.eu\/lv\/produkts\/audi-a4-b6-00-04-akumuliatoriaus-dangtelio-atvartas\/\" \/>\n<meta property=\"og:site_name\" content=\"Erformance.eu\" \/>\n<meta property=\"article:modified_time\" content=\"2026-03-12T11:27:25+00:00\" \/>\n<meta property=\"og:image\" content=\"https:\/\/erformance.eu\/wp-content\/uploads\/2026\/02\/pol_pm_Audi-A4-B6-00-04-oslona-akumulatora-KLAPA-15421_1.jpg\" \/>\n\t<meta property=\"og:image:width\" content=\"667\" \/>\n\t<meta property=\"og:image:height\" content=\"500\" \/>\n\t<meta property=\"og:image:type\" content=\"image\/jpeg\" \/>\n<meta name=\"twitter:card\" content=\"summary_large_image\" \/>\n<script type=\"application\/ld+json\" class=\"yoast-schema-graph\">{\"@context\":\"https:\\\/\\\/schema.org\",\"@graph\":[{\"@type\":\"WebPage\",\"@id\":\"https:\\\/\\\/erformance.eu\\\/lv\\\/produkts\\\/audi-a4-b6-00-04-akumuliatoriaus-dangtelio-atvartas\\\/\",\"url\":\"https:\\\/\\\/erformance.eu\\\/lv\\\/produkts\\\/audi-a4-b6-00-04-akumuliatoriaus-dangtelio-atvartas\\\/\",\"name\":\"Audi A4 B6 00-04 akumuliatoriaus dangtelio atvartas - Erformance.eu\",\"isPartOf\":{\"@id\":\"https:\\\/\\\/erformance.eu\\\/lv\\\/#website\"},\"primaryImageOfPage\":{\"@id\":\"https:\\\/\\\/erformance.eu\\\/lv\\\/produkts\\\/audi-a4-b6-00-04-akumuliatoriaus-dangtelio-atvartas\\\/#primaryimage\"},\"image\":{\"@id\":\"https:\\\/\\\/erformance.eu\\\/lv\\\/produkts\\\/audi-a4-b6-00-04-akumuliatoriaus-dangtelio-atvartas\\\/#primaryimage\"},\"thumbnailUrl\":\"https:\\\/\\\/erformance.eu\\\/wp-content\\\/uploads\\\/2026\\\/02\\\/pol_pm_Audi-A4-B6-00-04-oslona-akumulatora-KLAPA-15421_1.jpg\",\"datePublished\":\"2026-02-16T12:25:18+00:00\",\"dateModified\":\"2026-03-12T11:27:25+00:00\",\"breadcrumb\":{\"@id\":\"https:\\\/\\\/erformance.eu\\\/lv\\\/produkts\\\/audi-a4-b6-00-04-akumuliatoriaus-dangtelio-atvartas\\\/#breadcrumb\"},\"inLanguage\":\"lv-LV\",\"potentialAction\":[{\"@type\":\"ReadAction\",\"target\":[\"https:\\\/\\\/erformance.eu\\\/lv\\\/produkts\\\/audi-a4-b6-00-04-akumuliatoriaus-dangtelio-atvartas\\\/\"]}]},{\"@type\":\"ImageObject\",\"inLanguage\":\"lv-LV\",\"@id\":\"https:\\\/\\\/erformance.eu\\\/lv\\\/produkts\\\/audi-a4-b6-00-04-akumuliatoriaus-dangtelio-atvartas\\\/#primaryimage\",\"url\":\"https:\\\/\\\/erformance.eu\\\/wp-content\\\/uploads\\\/2026\\\/02\\\/pol_pm_Audi-A4-B6-00-04-oslona-akumulatora-KLAPA-15421_1.jpg\",\"contentUrl\":\"https:\\\/\\\/erformance.eu\\\/wp-content\\\/uploads\\\/2026\\\/02\\\/pol_pm_Audi-A4-B6-00-04-oslona-akumulatora-KLAPA-15421_1.jpg\",\"width\":667,\"height\":500},{\"@type\":\"BreadcrumbList\",\"@id\":\"https:\\\/\\\/erformance.eu\\\/lv\\\/produkts\\\/audi-a4-b6-00-04-akumuliatoriaus-dangtelio-atvartas\\\/#breadcrumb\",\"itemListElement\":[{\"@type\":\"ListItem\",\"position\":1,\"name\":\"Home\",\"item\":\"https:\\\/\\\/erformance.eu\\\/lv\\\/\"},{\"@type\":\"ListItem\",\"position\":2,\"name\":\"Veikals\",\"item\":\"https:\\\/\\\/erformance.eu\\\/lv\\\/veikals\\\/\"},{\"@type\":\"ListItem\",\"position\":3,\"name\":\"Audi A4 B6 00-04 akumuliatoriaus dangtelio atvartas\"}]},{\"@type\":\"WebSite\",\"@id\":\"https:\\\/\\\/erformance.eu\\\/lv\\\/#website\",\"url\":\"https:\\\/\\\/erformance.eu\\\/lv\\\/\",\"name\":\"Erformance.eu\",\"description\":\"Automobili\u0173 dali\u0173 parduotuv\u0117\",\"potentialAction\":[{\"@type\":\"SearchAction\",\"target\":{\"@type\":\"EntryPoint\",\"urlTemplate\":\"https:\\\/\\\/erformance.eu\\\/lv\\\/?s={search_term_string}\"},\"query-input\":{\"@type\":\"PropertyValueSpecification\",\"valueRequired\":true,\"valueName\":\"search_term_string\"}}],\"inLanguage\":\"lv-LV\"}]}<\/script>\n<!-- \/ Yoast SEO Premium plugin. -->","yoast_head_json":{"title":"Audi A4 B6 00-04 akumuliatoriaus dangtelio atvartas - Erformance.eu","robots":{"index":"index","follow":"follow","max-snippet":"max-snippet:-1","max-image-preview":"max-image-preview:large","max-video-preview":"max-video-preview:-1"},"canonical":"https:\/\/erformance.eu\/lv\/produkts\/audi-a4-b6-00-04-akumuliatoriaus-dangtelio-atvartas\/","og_locale":"lv_LV","og_type":"article","og_title":"Audi A4 B6 00-04 akumuliatoriaus dangtelio atvartas","og_description":"1. Prek\u0117: Baterijos dangtelis\/atvartas2. Gamintojas: pakeitimas3. Automobilis:   * Audi A4 B6 00-04   * Audi A4 B7 04-08","og_url":"https:\/\/erformance.eu\/lv\/produkts\/audi-a4-b6-00-04-akumuliatoriaus-dangtelio-atvartas\/","og_site_name":"Erformance.eu","article_modified_time":"2026-03-12T11:27:25+00:00","og_image":[{"width":667,"height":500,"url":"https:\/\/erformance.eu\/wp-content\/uploads\/2026\/02\/pol_pm_Audi-A4-B6-00-04-oslona-akumulatora-KLAPA-15421_1.jpg","type":"image\/jpeg"}],"twitter_card":"summary_large_image","schema":{"@context":"https:\/\/schema.org","@graph":[{"@type":"WebPage","@id":"https:\/\/erformance.eu\/lv\/produkts\/audi-a4-b6-00-04-akumuliatoriaus-dangtelio-atvartas\/","url":"https:\/\/erformance.eu\/lv\/produkts\/audi-a4-b6-00-04-akumuliatoriaus-dangtelio-atvartas\/","name":"Audi A4 B6 00-04 akumuliatoriaus dangtelio atvartas - Erformance.eu","isPartOf":{"@id":"https:\/\/erformance.eu\/lv\/#website"},"primaryImageOfPage":{"@id":"https:\/\/erformance.eu\/lv\/produkts\/audi-a4-b6-00-04-akumuliatoriaus-dangtelio-atvartas\/#primaryimage"},"image":{"@id":"https:\/\/erformance.eu\/lv\/produkts\/audi-a4-b6-00-04-akumuliatoriaus-dangtelio-atvartas\/#primaryimage"},"thumbnailUrl":"https:\/\/erformance.eu\/wp-content\/uploads\/2026\/02\/pol_pm_Audi-A4-B6-00-04-oslona-akumulatora-KLAPA-15421_1.jpg","datePublished":"2026-02-16T12:25:18+00:00","dateModified":"2026-03-12T11:27:25+00:00","breadcrumb":{"@id":"https:\/\/erformance.eu\/lv\/produkts\/audi-a4-b6-00-04-akumuliatoriaus-dangtelio-atvartas\/#breadcrumb"},"inLanguage":"lv-LV","potentialAction":[{"@type":"ReadAction","target":["https:\/\/erformance.eu\/lv\/produkts\/audi-a4-b6-00-04-akumuliatoriaus-dangtelio-atvartas\/"]}]},{"@type":"ImageObject","inLanguage":"lv-LV","@id":"https:\/\/erformance.eu\/lv\/produkts\/audi-a4-b6-00-04-akumuliatoriaus-dangtelio-atvartas\/#primaryimage","url":"https:\/\/erformance.eu\/wp-content\/uploads\/2026\/02\/pol_pm_Audi-A4-B6-00-04-oslona-akumulatora-KLAPA-15421_1.jpg","contentUrl":"https:\/\/erformance.eu\/wp-content\/uploads\/2026\/02\/pol_pm_Audi-A4-B6-00-04-oslona-akumulatora-KLAPA-15421_1.jpg","width":667,"height":500},{"@type":"BreadcrumbList","@id":"https:\/\/erformance.eu\/lv\/produkts\/audi-a4-b6-00-04-akumuliatoriaus-dangtelio-atvartas\/#breadcrumb","itemListElement":[{"@type":"ListItem","position":1,"name":"Home","item":"https:\/\/erformance.eu\/lv\/"},{"@type":"ListItem","position":2,"name":"Veikals","item":"https:\/\/erformance.eu\/lv\/veikals\/"},{"@type":"ListItem","position":3,"name":"Audi A4 B6 00-04 akumuliatoriaus dangtelio atvartas"}]},{"@type":"WebSite","@id":"https:\/\/erformance.eu\/lv\/#website","url":"https:\/\/erformance.eu\/lv\/","name":"Erformance.eu","description":"Automobili\u0173 dali\u0173 parduotuv\u0117","potentialAction":[{"@type":"SearchAction","target":{"@type":"EntryPoint","urlTemplate":"https:\/\/erformance.eu\/lv\/?s={search_term_string}"},"query-input":{"@type":"PropertyValueSpecification","valueRequired":true,"valueName":"search_term_string"}}],"inLanguage":"lv-LV"}]}},"jetpack_sharing_enabled":true,"_links":{"self":[{"href":"https:\/\/erformance.eu\/lv\/wp-json\/wp\/v2\/product\/63445","targetHints":{"allow":["GET"]}}],"collection":[{"href":"https:\/\/erformance.eu\/lv\/wp-json\/wp\/v2\/product"}],"about":[{"href":"https:\/\/erformance.eu\/lv\/wp-json\/wp\/v2\/types\/product"}],"replies":[{"embeddable":true,"href":"https:\/\/erformance.eu\/lv\/wp-json\/wp\/v2\/comments?post=63445"}],"version-history":[{"count":1,"href":"https:\/\/erformance.eu\/lv\/wp-json\/wp\/v2\/product\/63445\/revisions"}],"predecessor-version":[{"id":63448,"href":"https:\/\/erformance.eu\/lv\/wp-json\/wp\/v2\/product\/63445\/revisions\/63448"}],"wp:featuredmedia":[{"embeddable":true,"href":"https:\/\/erformance.eu\/lv\/wp-json\/wp\/v2\/media\/63446"}],"wp:attachment":[{"href":"https:\/\/erformance.eu\/lv\/wp-json\/wp\/v2\/media?parent=63445"}],"wp:term":[{"taxonomy":"product_brand","embeddable":true,"href":"https:\/\/erformance.eu\/lv\/wp-json\/wp\/v2\/product_brand?post=63445"},{"taxonomy":"product_cat","embeddable":true,"href":"https:\/\/erformance.eu\/lv\/wp-json\/wp\/v2\/product_cat?post=63445"},{"taxonomy":"product_tag","embeddable":true,"href":"https:\/\/erformance.eu\/lv\/wp-json\/wp\/v2\/product_tag?post=63445"}],"curies":[{"name":"wp","href":"https:\/\/api.w.org\/{rel}","templated":true}]}}