{"id":63645,"date":"2026-02-16T15:26:32","date_gmt":"2026-02-16T12:26:32","guid":{"rendered":"https:\/\/erformance.eu\/?post_type=product&#038;p=63645"},"modified":"2026-04-07T00:52:48","modified_gmt":"2026-04-06T21:52:48","slug":"audi-80-b3-b4-85-96-pavaru-perjungimo-svirtis-juoda-5-pavaru","status":"publish","type":"product","link":"https:\/\/erformance.eu\/lv\/produkts\/audi-80-b3-b4-85-96-pavaru-perjungimo-svirtis-juoda-5-pavaru\/","title":{"rendered":"Audi 80 B3 B4 85-96 pavar\u0173 perjungimo svirtis juoda 5 pavar\u0173"},"content":{"rendered":"<p>Prek\u0117: pavar\u0173 perjungimo svirtis<br \/>\nOriginalus numeris:<\/p>\n<p>443711141K<br \/>\n443711141 K<br \/>\n443 711 141 t\u016bkst.<br \/>\n443 711 141 t\u016bkst.<br \/>\n443711141<br \/>\n443 711 141<\/p>\n<p>Automobilis:<\/p>\n<p>Audi 80 B3 B4, gamybos metai: 1985-1996<br \/>\nAudi 90 B2 B3, pagaminimo metai: 1987\u20131991<br \/>\n\u201eAudi 100 C3 C4\u201c, gamybos metai: 1987\u20131994<\/p>\n<p>Spalva: juoda<br \/>\nDiagrama: juodas dangtelis su chromuotu \u017eiedu ir \u0161viesiai pilka 5 pavar\u0173 + atbulin\u0117s eigos diagrama<br \/>\nGamintojas: pakaitalas<br \/>\nTechnin\u0117 b\u016bkl\u0117: prek\u0117 yra visi\u0161kai nauja, nenaudota, nepa\u017eeista ir nesugadinta<br \/>\nD\u0117mesio!<\/p>\n<p>Ranken\u0117l\u0117, skirta pavar\u0173 perjungimo strypui, kurio i\u0161orinis skersmuo yra 12 mm<br \/>\nSurinkimo b\u016bdas \u2013 ranken\u0117l\u0119 reikia \u012fsukti<\/p>\n","protected":false},"excerpt":{"rendered":"<p>1. Prek\u0117: Pavar\u0173 perjungimo ranken\u0117l\u01172. Gamintojas: pakeitimas3. Automobilis:* Audi 80 B3 B4 85-96* Audi 90 B2 B3 87-91* Audi 100 C3 C4 87-94<\/p>\n","protected":false},"featured_media":63646,"comment_status":"open","ping_status":"closed","template":"","meta":[],"product_brand":[],"product_cat":[404,144,406,407,4577,4576,3977,3978],"product_tag":[],"class_list":{"0":"post-63645","1":"product","2":"type-product","3":"status-publish","4":"has-post-thumbnail","6":"product_cat-audi-80","7":"product_cat-audi","8":"product_cat-audi-80-b3","9":"product_cat-audi-80-b4","10":"product_cat-audi-80-b4-pavaru-svirtys","11":"product_cat-audi-80-b3-pavaru-svirtys","12":"product_cat-audi-80-b3-salono-dalys","13":"product_cat-audi-80-b4-salono-dalys","15":"first","16":"instock","17":"shipping-taxable","18":"purchasable","19":"product-type-simple"},"yoast_head":"<!-- This site is optimized with the Yoast SEO Premium plugin v25.2 (Yoast SEO v27.3) - https:\/\/yoast.com\/product\/yoast-seo-premium-wordpress\/ -->\n<title>Audi 80 B3 B4 85-96 pavar\u0173 perjungimo svirtis juoda 5 pavar\u0173 - Erformance.eu<\/title>\n<meta name=\"robots\" content=\"index, follow, max-snippet:-1, max-image-preview:large, max-video-preview:-1\" \/>\n<link rel=\"canonical\" href=\"https:\/\/erformance.eu\/lv\/produkts\/audi-80-b3-b4-85-96-pavaru-perjungimo-svirtis-juoda-5-pavaru\/\" \/>\n<meta property=\"og:locale\" content=\"lv_LV\" \/>\n<meta property=\"og:type\" content=\"article\" \/>\n<meta property=\"og:title\" content=\"Audi 80 B3 B4 85-96 pavar\u0173 perjungimo svirtis juoda 5 pavar\u0173\" \/>\n<meta property=\"og:description\" content=\"1. Prek\u0117: Pavar\u0173 perjungimo ranken\u0117l\u01172. Gamintojas: pakeitimas3. Automobilis:* Audi 80 B3 B4 85-96* Audi 90 B2 B3 87-91* Audi 100 C3 C4 87-94\" \/>\n<meta property=\"og:url\" content=\"https:\/\/erformance.eu\/lv\/produkts\/audi-80-b3-b4-85-96-pavaru-perjungimo-svirtis-juoda-5-pavaru\/\" \/>\n<meta property=\"og:site_name\" content=\"Erformance.eu\" \/>\n<meta property=\"article:modified_time\" content=\"2026-04-06T21:52:48+00:00\" \/>\n<meta property=\"og:image\" content=\"https:\/\/erformance.eu\/wp-content\/uploads\/2026\/02\/pol_pm_Audi-80-B3-B4-85-96-galka-zmiany-biegow-CZARNA-5-BIEGOW-32404_1.jpg\" \/>\n\t<meta property=\"og:image:width\" content=\"1200\" \/>\n\t<meta property=\"og:image:height\" content=\"1200\" \/>\n\t<meta property=\"og:image:type\" content=\"image\/jpeg\" \/>\n<meta name=\"twitter:card\" content=\"summary_large_image\" \/>\n<meta name=\"twitter:label1\" content=\"Est. reading time\" \/>\n\t<meta name=\"twitter:data1\" content=\"1 min\u016b\u0161u\" \/>\n<script type=\"application\/ld+json\" class=\"yoast-schema-graph\">{\"@context\":\"https:\\\/\\\/schema.org\",\"@graph\":[{\"@type\":\"WebPage\",\"@id\":\"https:\\\/\\\/erformance.eu\\\/lv\\\/produkts\\\/audi-80-b3-b4-85-96-pavaru-perjungimo-svirtis-juoda-5-pavaru\\\/\",\"url\":\"https:\\\/\\\/erformance.eu\\\/lv\\\/produkts\\\/audi-80-b3-b4-85-96-pavaru-perjungimo-svirtis-juoda-5-pavaru\\\/\",\"name\":\"Audi 80 B3 B4 85-96 pavar\u0173 perjungimo svirtis juoda 5 pavar\u0173 - Erformance.eu\",\"isPartOf\":{\"@id\":\"https:\\\/\\\/erformance.eu\\\/lv\\\/#website\"},\"primaryImageOfPage\":{\"@id\":\"https:\\\/\\\/erformance.eu\\\/lv\\\/produkts\\\/audi-80-b3-b4-85-96-pavaru-perjungimo-svirtis-juoda-5-pavaru\\\/#primaryimage\"},\"image\":{\"@id\":\"https:\\\/\\\/erformance.eu\\\/lv\\\/produkts\\\/audi-80-b3-b4-85-96-pavaru-perjungimo-svirtis-juoda-5-pavaru\\\/#primaryimage\"},\"thumbnailUrl\":\"https:\\\/\\\/erformance.eu\\\/wp-content\\\/uploads\\\/2026\\\/02\\\/pol_pm_Audi-80-B3-B4-85-96-galka-zmiany-biegow-CZARNA-5-BIEGOW-32404_1.jpg\",\"datePublished\":\"2026-02-16T12:26:32+00:00\",\"dateModified\":\"2026-04-06T21:52:48+00:00\",\"breadcrumb\":{\"@id\":\"https:\\\/\\\/erformance.eu\\\/lv\\\/produkts\\\/audi-80-b3-b4-85-96-pavaru-perjungimo-svirtis-juoda-5-pavaru\\\/#breadcrumb\"},\"inLanguage\":\"lv-LV\",\"potentialAction\":[{\"@type\":\"ReadAction\",\"target\":[\"https:\\\/\\\/erformance.eu\\\/lv\\\/produkts\\\/audi-80-b3-b4-85-96-pavaru-perjungimo-svirtis-juoda-5-pavaru\\\/\"]}]},{\"@type\":\"ImageObject\",\"inLanguage\":\"lv-LV\",\"@id\":\"https:\\\/\\\/erformance.eu\\\/lv\\\/produkts\\\/audi-80-b3-b4-85-96-pavaru-perjungimo-svirtis-juoda-5-pavaru\\\/#primaryimage\",\"url\":\"https:\\\/\\\/erformance.eu\\\/wp-content\\\/uploads\\\/2026\\\/02\\\/pol_pm_Audi-80-B3-B4-85-96-galka-zmiany-biegow-CZARNA-5-BIEGOW-32404_1.jpg\",\"contentUrl\":\"https:\\\/\\\/erformance.eu\\\/wp-content\\\/uploads\\\/2026\\\/02\\\/pol_pm_Audi-80-B3-B4-85-96-galka-zmiany-biegow-CZARNA-5-BIEGOW-32404_1.jpg\",\"width\":1200,\"height\":1200},{\"@type\":\"BreadcrumbList\",\"@id\":\"https:\\\/\\\/erformance.eu\\\/lv\\\/produkts\\\/audi-80-b3-b4-85-96-pavaru-perjungimo-svirtis-juoda-5-pavaru\\\/#breadcrumb\",\"itemListElement\":[{\"@type\":\"ListItem\",\"position\":1,\"name\":\"Home\",\"item\":\"https:\\\/\\\/erformance.eu\\\/lv\\\/\"},{\"@type\":\"ListItem\",\"position\":2,\"name\":\"Veikals\",\"item\":\"https:\\\/\\\/erformance.eu\\\/lv\\\/veikals\\\/\"},{\"@type\":\"ListItem\",\"position\":3,\"name\":\"Audi 80 B3 B4 85-96 pavar\u0173 perjungimo svirtis juoda 5 pavar\u0173\"}]},{\"@type\":\"WebSite\",\"@id\":\"https:\\\/\\\/erformance.eu\\\/lv\\\/#website\",\"url\":\"https:\\\/\\\/erformance.eu\\\/lv\\\/\",\"name\":\"Erformance.eu\",\"description\":\"Automobili\u0173 dali\u0173 parduotuv\u0117\",\"potentialAction\":[{\"@type\":\"SearchAction\",\"target\":{\"@type\":\"EntryPoint\",\"urlTemplate\":\"https:\\\/\\\/erformance.eu\\\/lv\\\/?s={search_term_string}\"},\"query-input\":{\"@type\":\"PropertyValueSpecification\",\"valueRequired\":true,\"valueName\":\"search_term_string\"}}],\"inLanguage\":\"lv-LV\"}]}<\/script>\n<!-- \/ Yoast SEO Premium plugin. -->","yoast_head_json":{"title":"Audi 80 B3 B4 85-96 pavar\u0173 perjungimo svirtis juoda 5 pavar\u0173 - Erformance.eu","robots":{"index":"index","follow":"follow","max-snippet":"max-snippet:-1","max-image-preview":"max-image-preview:large","max-video-preview":"max-video-preview:-1"},"canonical":"https:\/\/erformance.eu\/lv\/produkts\/audi-80-b3-b4-85-96-pavaru-perjungimo-svirtis-juoda-5-pavaru\/","og_locale":"lv_LV","og_type":"article","og_title":"Audi 80 B3 B4 85-96 pavar\u0173 perjungimo svirtis juoda 5 pavar\u0173","og_description":"1. Prek\u0117: Pavar\u0173 perjungimo ranken\u0117l\u01172. Gamintojas: pakeitimas3. Automobilis:* Audi 80 B3 B4 85-96* Audi 90 B2 B3 87-91* Audi 100 C3 C4 87-94","og_url":"https:\/\/erformance.eu\/lv\/produkts\/audi-80-b3-b4-85-96-pavaru-perjungimo-svirtis-juoda-5-pavaru\/","og_site_name":"Erformance.eu","article_modified_time":"2026-04-06T21:52:48+00:00","og_image":[{"width":1200,"height":1200,"url":"https:\/\/erformance.eu\/wp-content\/uploads\/2026\/02\/pol_pm_Audi-80-B3-B4-85-96-galka-zmiany-biegow-CZARNA-5-BIEGOW-32404_1.jpg","type":"image\/jpeg"}],"twitter_card":"summary_large_image","twitter_misc":{"Est. reading time":"1 min\u016b\u0161u"},"schema":{"@context":"https:\/\/schema.org","@graph":[{"@type":"WebPage","@id":"https:\/\/erformance.eu\/lv\/produkts\/audi-80-b3-b4-85-96-pavaru-perjungimo-svirtis-juoda-5-pavaru\/","url":"https:\/\/erformance.eu\/lv\/produkts\/audi-80-b3-b4-85-96-pavaru-perjungimo-svirtis-juoda-5-pavaru\/","name":"Audi 80 B3 B4 85-96 pavar\u0173 perjungimo svirtis juoda 5 pavar\u0173 - Erformance.eu","isPartOf":{"@id":"https:\/\/erformance.eu\/lv\/#website"},"primaryImageOfPage":{"@id":"https:\/\/erformance.eu\/lv\/produkts\/audi-80-b3-b4-85-96-pavaru-perjungimo-svirtis-juoda-5-pavaru\/#primaryimage"},"image":{"@id":"https:\/\/erformance.eu\/lv\/produkts\/audi-80-b3-b4-85-96-pavaru-perjungimo-svirtis-juoda-5-pavaru\/#primaryimage"},"thumbnailUrl":"https:\/\/erformance.eu\/wp-content\/uploads\/2026\/02\/pol_pm_Audi-80-B3-B4-85-96-galka-zmiany-biegow-CZARNA-5-BIEGOW-32404_1.jpg","datePublished":"2026-02-16T12:26:32+00:00","dateModified":"2026-04-06T21:52:48+00:00","breadcrumb":{"@id":"https:\/\/erformance.eu\/lv\/produkts\/audi-80-b3-b4-85-96-pavaru-perjungimo-svirtis-juoda-5-pavaru\/#breadcrumb"},"inLanguage":"lv-LV","potentialAction":[{"@type":"ReadAction","target":["https:\/\/erformance.eu\/lv\/produkts\/audi-80-b3-b4-85-96-pavaru-perjungimo-svirtis-juoda-5-pavaru\/"]}]},{"@type":"ImageObject","inLanguage":"lv-LV","@id":"https:\/\/erformance.eu\/lv\/produkts\/audi-80-b3-b4-85-96-pavaru-perjungimo-svirtis-juoda-5-pavaru\/#primaryimage","url":"https:\/\/erformance.eu\/wp-content\/uploads\/2026\/02\/pol_pm_Audi-80-B3-B4-85-96-galka-zmiany-biegow-CZARNA-5-BIEGOW-32404_1.jpg","contentUrl":"https:\/\/erformance.eu\/wp-content\/uploads\/2026\/02\/pol_pm_Audi-80-B3-B4-85-96-galka-zmiany-biegow-CZARNA-5-BIEGOW-32404_1.jpg","width":1200,"height":1200},{"@type":"BreadcrumbList","@id":"https:\/\/erformance.eu\/lv\/produkts\/audi-80-b3-b4-85-96-pavaru-perjungimo-svirtis-juoda-5-pavaru\/#breadcrumb","itemListElement":[{"@type":"ListItem","position":1,"name":"Home","item":"https:\/\/erformance.eu\/lv\/"},{"@type":"ListItem","position":2,"name":"Veikals","item":"https:\/\/erformance.eu\/lv\/veikals\/"},{"@type":"ListItem","position":3,"name":"Audi 80 B3 B4 85-96 pavar\u0173 perjungimo svirtis juoda 5 pavar\u0173"}]},{"@type":"WebSite","@id":"https:\/\/erformance.eu\/lv\/#website","url":"https:\/\/erformance.eu\/lv\/","name":"Erformance.eu","description":"Automobili\u0173 dali\u0173 parduotuv\u0117","potentialAction":[{"@type":"SearchAction","target":{"@type":"EntryPoint","urlTemplate":"https:\/\/erformance.eu\/lv\/?s={search_term_string}"},"query-input":{"@type":"PropertyValueSpecification","valueRequired":true,"valueName":"search_term_string"}}],"inLanguage":"lv-LV"}]}},"jetpack_sharing_enabled":true,"_links":{"self":[{"href":"https:\/\/erformance.eu\/lv\/wp-json\/wp\/v2\/product\/63645","targetHints":{"allow":["GET"]}}],"collection":[{"href":"https:\/\/erformance.eu\/lv\/wp-json\/wp\/v2\/product"}],"about":[{"href":"https:\/\/erformance.eu\/lv\/wp-json\/wp\/v2\/types\/product"}],"replies":[{"embeddable":true,"href":"https:\/\/erformance.eu\/lv\/wp-json\/wp\/v2\/comments?post=63645"}],"version-history":[{"count":1,"href":"https:\/\/erformance.eu\/lv\/wp-json\/wp\/v2\/product\/63645\/revisions"}],"predecessor-version":[{"id":63656,"href":"https:\/\/erformance.eu\/lv\/wp-json\/wp\/v2\/product\/63645\/revisions\/63656"}],"wp:featuredmedia":[{"embeddable":true,"href":"https:\/\/erformance.eu\/lv\/wp-json\/wp\/v2\/media\/63646"}],"wp:attachment":[{"href":"https:\/\/erformance.eu\/lv\/wp-json\/wp\/v2\/media?parent=63645"}],"wp:term":[{"taxonomy":"product_brand","embeddable":true,"href":"https:\/\/erformance.eu\/lv\/wp-json\/wp\/v2\/product_brand?post=63645"},{"taxonomy":"product_cat","embeddable":true,"href":"https:\/\/erformance.eu\/lv\/wp-json\/wp\/v2\/product_cat?post=63645"},{"taxonomy":"product_tag","embeddable":true,"href":"https:\/\/erformance.eu\/lv\/wp-json\/wp\/v2\/product_tag?post=63645"}],"curies":[{"name":"wp","href":"https:\/\/api.w.org\/{rel}","templated":true}]}}