{"id":63893,"date":"2026-02-16T15:28:02","date_gmt":"2026-02-16T12:28:02","guid":{"rendered":"https:\/\/erformance.eu\/?post_type=product&#038;p=63893"},"modified":"2026-03-05T18:36:45","modified_gmt":"2026-03-05T15:36:45","slug":"audi-a1-8x-10-18-sedynes-reguliavimo-rankenele","status":"publish","type":"product","link":"https:\/\/erformance.eu\/lv\/produkts\/audi-a1-8x-10-18-sedynes-reguliavimo-rankenele\/","title":{"rendered":"Audi A1 8X 10-18 s\u0117dyn\u0117s reguliavimo ranken\u0117l\u0117"},"content":{"rendered":"<p>Prek\u0117: S\u0117dyn\u0117s reguliavimo ranken\u0117l\u0117<br \/>\nOriginalus numeris:<\/p>\n<p>6R0881671D<br \/>\n1J0881671F<br \/>\n1J0881671B<br \/>\n1J0881671<br \/>\n6R0 881 671 D<br \/>\n1J0 881 671 F<br \/>\n1J0 881 671 B<br \/>\n1J0 881 671<\/p>\n<p>PASTABA: auk\u0161\u010diau pateikti numeriai yra original\u016bs dali\u0173 numeriai, kuriuos \u0161is pasi\u016blymas pakei\u010dia. Prie\u0161 pirkdami, palyginkite juos su originaliu dalies numeriu. Jei jie skiriasi net vienu simboliu, dalis netiks, neveiks arba veiks netinkamai. Tokiu atveju jos nepirkite.<br \/>\nAutomobilis:<\/p>\n<p>Audi A1 (8X1, 8XK), pagaminimo metai: 2010\u20132018<br \/>\n\u201eAudi A1 Sportback\u201c (8XA, 8XF), pagaminimo metai: 2011\u20132018<br \/>\n\u201eSeat ALTEA\u201c (5P1), modeliai, gaminami nuo 2004 m.<br \/>\nS\u0117dyn\u0117 AROSA (6H1), pagaminimo metai: 1997\u20132004<br \/>\nSeat CORDOBA (6K1, 6K2), pagaminimo metai: 1999\u20132002<br \/>\nSeat CORDOBA (6L2), pagaminimo metai: 2002\u20132009<br \/>\nSeat CORDOBA VARIO u\u017edaras k\u0117bulas \/ universalas (6K5), pagaminimo metai: 2000-2002<br \/>\nSeat CORDOBA Vario (6K5), pagaminimo metai: 1999\u20132002<br \/>\nSeat IBIZA II (6K1), pagaminimo metai: 1999\u20132002<br \/>\nSeat IBIZA III (6L1), pagaminimo metai: 2002\u20132009<br \/>\nSeat IBIZA IV (6J5, 6P1), pagaminimo metai: 2008\u20132017<br \/>\nSeat IBIZA IV d\u0117\u017e\u0117s k\u0117bulas \/ universalas (6J1), pagaminimo metai: 2008\u20132015<br \/>\nSeat IBIZA IV SC (6J1, 6P5), pagaminimo metai: 2008\u20132016<br \/>\nSeat IBIZA IV ST (6J8, 6P8), pagaminimo metai: 2010\u20132016<br \/>\nSeat LEON (1M1), pagaminimo metai: 1999\u20132006<br \/>\nSeat LEON (1P1), pagaminimo metai: 2005\u20132012<br \/>\nSeat TOLEDO II (1M2), pagaminimo metai: 1998\u20132006<br \/>\nSeat TOLEDO III (5P2), pagaminimo metai: 2004-2009<br \/>\n\u0160koda FABIA I (6Y2), pagaminimo metai: 1999\u20132008<br \/>\n\u201eSkoda FABIA I Combi\u201c (6Y5), pagaminimo metai: 2000\u20132007<br \/>\nSkoda FABIA I Praktik (6Y5), gamybos metai: 2000-2007<br \/>\n\u201eSkoda FABIA I\u201c sedanas (6Y3), pagaminimo metai: 1999\u20132007<br \/>\n\u201eSkoda FABIA II\u201c (542), pagaminimo metai: 2006\u20132014<br \/>\n\u201eSkoda FABIA II Combi\u201c (545), pagaminimo metai: 2007\u20132014<br \/>\n\u201eSkoda FABIA III\u201c (NJ3), modeliai, pagaminti nuo 2014 m.<br \/>\nSkoda FABIA III Kombi (NJ5), modeliai gaminami nuo 2014 m<br \/>\n\u201eSkoda OCTAVIA I\u201c (1U2), pagaminimo metai: 1996\u20132010<br \/>\n\u201eSkoda OCTAVIA I Combi\u201c (1U5), pagaminimo metai: 1998\u20132010<br \/>\n\u201eSkoda OCTAVIA I\u201c u\u017edaras k\u0117bulas \/ universalas (1U5), pagaminimo metai: 2000\u20132010<br \/>\n\u0160koda OCTAVIA II (1Z3), pagaminimo metai: 2004\u20132013<br \/>\n\u201eSkoda OCTAVIA II Combi\u201c (1Z5), pagaminimo metai: 2004\u20132013<br \/>\nSkoda ROOMSTER (5J7), gamybos metai: 2006-2015<br \/>\nSkoda ROOMSTER Praktik (5J), gamybos metai: 2007-2015<br \/>\n\u201eSkoda SUPERB I\u201c (3U4), pagaminimo metai: 2001\u20132008<br \/>\n\u201eVolkswagen AMAROK\u201c platforma\/va\u017eiuokl\u0117 (S1B, S6B, S7B), modeliai, pagaminti nuo 2011 m.<br \/>\nVolkswagen BORA I (1J2), gamybos metai: 1998\u20132013<br \/>\nVolkswagen BORA Variant (1J6), gamybos metai: 1999\u20132005<br \/>\nVolkswagen CADDY ALLTRACK vienat\u016bris (SAA), modeliai, pagaminti nuo 2015 m.<br \/>\nVolkswagen CADDY ALLTRACK vienat\u016bris (SAB), modeliai, pagaminti nuo 2015 m.<br \/>\nVolkswagen CADDY III krovininis automobilis \/ vienat\u016bris (2KA, 2KH, 2CA, 2CH), pagaminimo metai: 2004-2015<br \/>\nVolkswagen CADDY III vienat\u016bris (2KB, 2KJ, 2CB, gamybos metai: 2004\u20132015)<br \/>\nVolkswagen CADDY IV krovininis automobilis \/ vienat\u016bris (SAA, SAH), modeliai, pagaminti nuo 2015 m.<br \/>\nVolkswagen CADDY IV vienat\u016bris (SAB, SAJ), modeliai, pagaminti nuo 2015 m.<br \/>\n\u201eVolkswagen FOX\u201c furgonas (5Z1), pagaminimo metai: 2010\u20132011<br \/>\nVolkswagen FOX liftback (5Z1, 5Z3, 5Z4), rok produkcji: 2005-2011<br \/>\nVolkswagen GOLF IV (1J1), rok produkcji: 1997-2005<br \/>\nVolkswagen GOLF IV Van (1J1), rok produkcji: 1997-2004<br \/>\nVolkswagen GOLF IV Variant (1J5), rok produkcji: 1999-2006<br \/>\nVolkswagen GOLF V (1K1), rok produkcji: 2003-2009<br \/>\nVolkswagen GOLF V Variant (1K5), rok produkcji: 2007-2009<br \/>\nVolkswagen GOLF VAN IV Variant (1J5), rok produkcji: 1999-2006<br \/>\nVolkswagen GOLF VI (5K1), rok produkcji: 2008-2013<br \/>\nVolkswagen GOLF VI Variant (AJ5), rok produkcji: 2009-2013<br \/>\nVolkswagen LUPO I (6X1, 6E1), rok produkcji: 1998-2005<br \/>\nVolkswagen MULTIVAN V (7HM, 7HN, 7HF, 7EF, 7EM, 7EN), rok produkcji: 2003-2015<br \/>\nVolkswagen MULTIVAN VI (SGF, SGM, SGN, SHM, SHN), modele produkowaneod roku 2015<br \/>\nVolkswagen NEW BEETLE (9C1, 1C1), rok produkcji: 1998-2010<br \/>\nVolkswagen PASSAT B5 (3B2), rok produkcji: 1996-2000<br \/>\nVolkswagen PASSAT B5 Variant (3B5), rok produkcji: 1997-2000<br \/>\nVolkswagen PASSAT B5.5 (3B3), rok produkcji: 2000-2005<br \/>\nVolkswagen PASSAT B5.5 Variant (3B6), rok produkcji: 2000-2005<br \/>\nVolkswagen PASSAT B6 (3C2), rok produkcji: 2005-2010<br \/>\nVolkswagen PASSAT B6 Variant (3C5), rok produkcji: 2005-2010<br \/>\nVolkswagen POLO (9N_), rok produkcji: 2001-2009<br \/>\nVolkswagen POLO IV sedan (9A4, 9A2, 9N2, 9A6), rok produkcji: 2002-2012<br \/>\nVolkswagen POLO IV sedan (9N4), rok produkcji: 2003-2010<br \/>\nVolkswagen POLO V (6R1, 6C1), modele produkowaneod roku 2009<br \/>\nVolkswagen POLO V sedan (602, 604, 612, 614), modele produkowaneod roku 2010<br \/>\nVolkswagen POLO Van (6R), modele produkowaneod roku 2009<br \/>\nVolkswagen TRANSPORTER \/ CARAVELLE VI Autobus (SGB, SGG, SGJ, SGC, SHB,, modele produkowaneod roku 2015<br \/>\nVolkswagen TRANSPORTER V Autobus (7HB, 7HJ, 7EB, 7EJ, 7EF, 7EG, 7HF, 7E, rok produkcji: 2003-2015<br \/>\nVolkswagen TRANSPORTER V Platforma \/ podwozie (7JD, 7JE, 7JL, 7JY, 7JZ,, rok produkcji: 2003-2015<br \/>\nVolkswagen TRANSPORTER V Skrzynia (7HA, 7HH, 7EA, 7EH), rok produkcji: 2003-2015<br \/>\nVolkswagen TRANSPORTER VI Platforma \/ podwozie (SFD, SFE, SFL, SFZ, SJD, modele produkowaneod roku 2015<br \/>\nVolkswagen TRANSPORTER VI Skrzynia (SGA, SGH, SHA, SHH), modele produkowaneod roku 2015<\/p>\n<p>Kolor: czarny<br \/>\nProducent: zamiennik<br \/>\nStan techniczny: przedmiot jest fabrycznie NOWY, nieu\u017cywany, nieuszkodzony i niezniszczony<\/p>\n","protected":false},"excerpt":{"rendered":"<p>1. Prek\u0117: S\u0117dyn\u0117s reguliavimo ranken\u0117l\u01172. Gamintojas: pakeitimas3. Spalva: juoda4. Automobilis: Audi A1 8X5. Pagaminimo metai: 2010\u20132018<\/p>\n","protected":false},"featured_media":63894,"comment_status":"open","ping_status":"closed","template":"","meta":[],"product_brand":[],"product_cat":[3902,392,144,4619,3981],"product_tag":[],"class_list":{"0":"post-63893","1":"product","2":"type-product","3":"status-publish","4":"has-post-thumbnail","6":"product_cat-audi-a1-8x","7":"product_cat-audi-a1","8":"product_cat-audi","9":"product_cat-audi-a1-8x-rankenos","10":"product_cat-audi-a1-8x-salono-dalys","12":"first","13":"instock","14":"shipping-taxable","15":"purchasable","16":"product-type-simple"},"yoast_head":"<!-- This site is optimized with the Yoast SEO Premium plugin v25.2 (Yoast SEO v27.3) - https:\/\/yoast.com\/product\/yoast-seo-premium-wordpress\/ -->\n<title>Audi A1 8X 10-18 s\u0117dyn\u0117s reguliavimo ranken\u0117l\u0117 - Erformance.eu<\/title>\n<meta name=\"robots\" content=\"index, follow, max-snippet:-1, max-image-preview:large, max-video-preview:-1\" \/>\n<link rel=\"canonical\" href=\"https:\/\/erformance.eu\/lv\/produkts\/audi-a1-8x-10-18-sedynes-reguliavimo-rankenele\/\" \/>\n<meta property=\"og:locale\" content=\"lv_LV\" \/>\n<meta property=\"og:type\" content=\"article\" \/>\n<meta property=\"og:title\" content=\"Audi A1 8X 10-18 s\u0117dyn\u0117s reguliavimo ranken\u0117l\u0117\" \/>\n<meta property=\"og:description\" content=\"1. Prek\u0117: S\u0117dyn\u0117s reguliavimo ranken\u0117l\u01172. Gamintojas: pakeitimas3. Spalva: juoda4. Automobilis: Audi A1 8X5. Pagaminimo metai: 2010\u20132018\" \/>\n<meta property=\"og:url\" content=\"https:\/\/erformance.eu\/lv\/produkts\/audi-a1-8x-10-18-sedynes-reguliavimo-rankenele\/\" \/>\n<meta property=\"og:site_name\" content=\"Erformance.eu\" \/>\n<meta property=\"article:modified_time\" content=\"2026-03-05T15:36:45+00:00\" \/>\n<meta property=\"og:image\" content=\"https:\/\/erformance.eu\/wp-content\/uploads\/2026\/02\/pol_pm_Audi-A1-8X-10-18-pokretlo-regulacji-fotela-24485_1.jpg\" \/>\n\t<meta property=\"og:image:width\" content=\"900\" \/>\n\t<meta property=\"og:image:height\" content=\"900\" \/>\n\t<meta property=\"og:image:type\" content=\"image\/jpeg\" \/>\n<meta name=\"twitter:card\" content=\"summary_large_image\" \/>\n<meta name=\"twitter:label1\" content=\"Est. reading time\" \/>\n\t<meta name=\"twitter:data1\" content=\"3 min\u016btes\" \/>\n<script type=\"application\/ld+json\" class=\"yoast-schema-graph\">{\"@context\":\"https:\\\/\\\/schema.org\",\"@graph\":[{\"@type\":\"WebPage\",\"@id\":\"https:\\\/\\\/erformance.eu\\\/lv\\\/produkts\\\/audi-a1-8x-10-18-sedynes-reguliavimo-rankenele\\\/\",\"url\":\"https:\\\/\\\/erformance.eu\\\/lv\\\/produkts\\\/audi-a1-8x-10-18-sedynes-reguliavimo-rankenele\\\/\",\"name\":\"Audi A1 8X 10-18 s\u0117dyn\u0117s reguliavimo ranken\u0117l\u0117 - Erformance.eu\",\"isPartOf\":{\"@id\":\"https:\\\/\\\/erformance.eu\\\/lv\\\/#website\"},\"primaryImageOfPage\":{\"@id\":\"https:\\\/\\\/erformance.eu\\\/lv\\\/produkts\\\/audi-a1-8x-10-18-sedynes-reguliavimo-rankenele\\\/#primaryimage\"},\"image\":{\"@id\":\"https:\\\/\\\/erformance.eu\\\/lv\\\/produkts\\\/audi-a1-8x-10-18-sedynes-reguliavimo-rankenele\\\/#primaryimage\"},\"thumbnailUrl\":\"https:\\\/\\\/erformance.eu\\\/wp-content\\\/uploads\\\/2026\\\/02\\\/pol_pm_Audi-A1-8X-10-18-pokretlo-regulacji-fotela-24485_1.jpg\",\"datePublished\":\"2026-02-16T12:28:02+00:00\",\"dateModified\":\"2026-03-05T15:36:45+00:00\",\"breadcrumb\":{\"@id\":\"https:\\\/\\\/erformance.eu\\\/lv\\\/produkts\\\/audi-a1-8x-10-18-sedynes-reguliavimo-rankenele\\\/#breadcrumb\"},\"inLanguage\":\"lv-LV\",\"potentialAction\":[{\"@type\":\"ReadAction\",\"target\":[\"https:\\\/\\\/erformance.eu\\\/lv\\\/produkts\\\/audi-a1-8x-10-18-sedynes-reguliavimo-rankenele\\\/\"]}]},{\"@type\":\"ImageObject\",\"inLanguage\":\"lv-LV\",\"@id\":\"https:\\\/\\\/erformance.eu\\\/lv\\\/produkts\\\/audi-a1-8x-10-18-sedynes-reguliavimo-rankenele\\\/#primaryimage\",\"url\":\"https:\\\/\\\/erformance.eu\\\/wp-content\\\/uploads\\\/2026\\\/02\\\/pol_pm_Audi-A1-8X-10-18-pokretlo-regulacji-fotela-24485_1.jpg\",\"contentUrl\":\"https:\\\/\\\/erformance.eu\\\/wp-content\\\/uploads\\\/2026\\\/02\\\/pol_pm_Audi-A1-8X-10-18-pokretlo-regulacji-fotela-24485_1.jpg\",\"width\":900,\"height\":900},{\"@type\":\"BreadcrumbList\",\"@id\":\"https:\\\/\\\/erformance.eu\\\/lv\\\/produkts\\\/audi-a1-8x-10-18-sedynes-reguliavimo-rankenele\\\/#breadcrumb\",\"itemListElement\":[{\"@type\":\"ListItem\",\"position\":1,\"name\":\"Home\",\"item\":\"https:\\\/\\\/erformance.eu\\\/lv\\\/\"},{\"@type\":\"ListItem\",\"position\":2,\"name\":\"Veikals\",\"item\":\"https:\\\/\\\/erformance.eu\\\/lv\\\/veikals\\\/\"},{\"@type\":\"ListItem\",\"position\":3,\"name\":\"Audi A1 8X 10-18 s\u0117dyn\u0117s reguliavimo ranken\u0117l\u0117\"}]},{\"@type\":\"WebSite\",\"@id\":\"https:\\\/\\\/erformance.eu\\\/lv\\\/#website\",\"url\":\"https:\\\/\\\/erformance.eu\\\/lv\\\/\",\"name\":\"Erformance.eu\",\"description\":\"Automobili\u0173 dali\u0173 parduotuv\u0117\",\"potentialAction\":[{\"@type\":\"SearchAction\",\"target\":{\"@type\":\"EntryPoint\",\"urlTemplate\":\"https:\\\/\\\/erformance.eu\\\/lv\\\/?s={search_term_string}\"},\"query-input\":{\"@type\":\"PropertyValueSpecification\",\"valueRequired\":true,\"valueName\":\"search_term_string\"}}],\"inLanguage\":\"lv-LV\"}]}<\/script>\n<!-- \/ Yoast SEO Premium plugin. -->","yoast_head_json":{"title":"Audi A1 8X 10-18 s\u0117dyn\u0117s reguliavimo ranken\u0117l\u0117 - Erformance.eu","robots":{"index":"index","follow":"follow","max-snippet":"max-snippet:-1","max-image-preview":"max-image-preview:large","max-video-preview":"max-video-preview:-1"},"canonical":"https:\/\/erformance.eu\/lv\/produkts\/audi-a1-8x-10-18-sedynes-reguliavimo-rankenele\/","og_locale":"lv_LV","og_type":"article","og_title":"Audi A1 8X 10-18 s\u0117dyn\u0117s reguliavimo ranken\u0117l\u0117","og_description":"1. Prek\u0117: S\u0117dyn\u0117s reguliavimo ranken\u0117l\u01172. Gamintojas: pakeitimas3. Spalva: juoda4. Automobilis: Audi A1 8X5. Pagaminimo metai: 2010\u20132018","og_url":"https:\/\/erformance.eu\/lv\/produkts\/audi-a1-8x-10-18-sedynes-reguliavimo-rankenele\/","og_site_name":"Erformance.eu","article_modified_time":"2026-03-05T15:36:45+00:00","og_image":[{"width":900,"height":900,"url":"https:\/\/erformance.eu\/wp-content\/uploads\/2026\/02\/pol_pm_Audi-A1-8X-10-18-pokretlo-regulacji-fotela-24485_1.jpg","type":"image\/jpeg"}],"twitter_card":"summary_large_image","twitter_misc":{"Est. reading time":"3 min\u016btes"},"schema":{"@context":"https:\/\/schema.org","@graph":[{"@type":"WebPage","@id":"https:\/\/erformance.eu\/lv\/produkts\/audi-a1-8x-10-18-sedynes-reguliavimo-rankenele\/","url":"https:\/\/erformance.eu\/lv\/produkts\/audi-a1-8x-10-18-sedynes-reguliavimo-rankenele\/","name":"Audi A1 8X 10-18 s\u0117dyn\u0117s reguliavimo ranken\u0117l\u0117 - Erformance.eu","isPartOf":{"@id":"https:\/\/erformance.eu\/lv\/#website"},"primaryImageOfPage":{"@id":"https:\/\/erformance.eu\/lv\/produkts\/audi-a1-8x-10-18-sedynes-reguliavimo-rankenele\/#primaryimage"},"image":{"@id":"https:\/\/erformance.eu\/lv\/produkts\/audi-a1-8x-10-18-sedynes-reguliavimo-rankenele\/#primaryimage"},"thumbnailUrl":"https:\/\/erformance.eu\/wp-content\/uploads\/2026\/02\/pol_pm_Audi-A1-8X-10-18-pokretlo-regulacji-fotela-24485_1.jpg","datePublished":"2026-02-16T12:28:02+00:00","dateModified":"2026-03-05T15:36:45+00:00","breadcrumb":{"@id":"https:\/\/erformance.eu\/lv\/produkts\/audi-a1-8x-10-18-sedynes-reguliavimo-rankenele\/#breadcrumb"},"inLanguage":"lv-LV","potentialAction":[{"@type":"ReadAction","target":["https:\/\/erformance.eu\/lv\/produkts\/audi-a1-8x-10-18-sedynes-reguliavimo-rankenele\/"]}]},{"@type":"ImageObject","inLanguage":"lv-LV","@id":"https:\/\/erformance.eu\/lv\/produkts\/audi-a1-8x-10-18-sedynes-reguliavimo-rankenele\/#primaryimage","url":"https:\/\/erformance.eu\/wp-content\/uploads\/2026\/02\/pol_pm_Audi-A1-8X-10-18-pokretlo-regulacji-fotela-24485_1.jpg","contentUrl":"https:\/\/erformance.eu\/wp-content\/uploads\/2026\/02\/pol_pm_Audi-A1-8X-10-18-pokretlo-regulacji-fotela-24485_1.jpg","width":900,"height":900},{"@type":"BreadcrumbList","@id":"https:\/\/erformance.eu\/lv\/produkts\/audi-a1-8x-10-18-sedynes-reguliavimo-rankenele\/#breadcrumb","itemListElement":[{"@type":"ListItem","position":1,"name":"Home","item":"https:\/\/erformance.eu\/lv\/"},{"@type":"ListItem","position":2,"name":"Veikals","item":"https:\/\/erformance.eu\/lv\/veikals\/"},{"@type":"ListItem","position":3,"name":"Audi A1 8X 10-18 s\u0117dyn\u0117s reguliavimo ranken\u0117l\u0117"}]},{"@type":"WebSite","@id":"https:\/\/erformance.eu\/lv\/#website","url":"https:\/\/erformance.eu\/lv\/","name":"Erformance.eu","description":"Automobili\u0173 dali\u0173 parduotuv\u0117","potentialAction":[{"@type":"SearchAction","target":{"@type":"EntryPoint","urlTemplate":"https:\/\/erformance.eu\/lv\/?s={search_term_string}"},"query-input":{"@type":"PropertyValueSpecification","valueRequired":true,"valueName":"search_term_string"}}],"inLanguage":"lv-LV"}]}},"jetpack_sharing_enabled":true,"_links":{"self":[{"href":"https:\/\/erformance.eu\/lv\/wp-json\/wp\/v2\/product\/63893","targetHints":{"allow":["GET"]}}],"collection":[{"href":"https:\/\/erformance.eu\/lv\/wp-json\/wp\/v2\/product"}],"about":[{"href":"https:\/\/erformance.eu\/lv\/wp-json\/wp\/v2\/types\/product"}],"replies":[{"embeddable":true,"href":"https:\/\/erformance.eu\/lv\/wp-json\/wp\/v2\/comments?post=63893"}],"version-history":[{"count":1,"href":"https:\/\/erformance.eu\/lv\/wp-json\/wp\/v2\/product\/63893\/revisions"}],"predecessor-version":[{"id":63896,"href":"https:\/\/erformance.eu\/lv\/wp-json\/wp\/v2\/product\/63893\/revisions\/63896"}],"wp:featuredmedia":[{"embeddable":true,"href":"https:\/\/erformance.eu\/lv\/wp-json\/wp\/v2\/media\/63894"}],"wp:attachment":[{"href":"https:\/\/erformance.eu\/lv\/wp-json\/wp\/v2\/media?parent=63893"}],"wp:term":[{"taxonomy":"product_brand","embeddable":true,"href":"https:\/\/erformance.eu\/lv\/wp-json\/wp\/v2\/product_brand?post=63893"},{"taxonomy":"product_cat","embeddable":true,"href":"https:\/\/erformance.eu\/lv\/wp-json\/wp\/v2\/product_cat?post=63893"},{"taxonomy":"product_tag","embeddable":true,"href":"https:\/\/erformance.eu\/lv\/wp-json\/wp\/v2\/product_tag?post=63893"}],"curies":[{"name":"wp","href":"https:\/\/api.w.org\/{rel}","templated":true}]}}