{"id":64034,"date":"2026-02-16T15:29:16","date_gmt":"2026-02-16T12:29:16","guid":{"rendered":"https:\/\/erformance.eu\/?post_type=product&#038;p=64034"},"modified":"2026-04-07T00:50:30","modified_gmt":"2026-04-06T21:50:30","slug":"audi-80-b3-86-91-priekiniu-kairiu-duru-spynos-trosas","status":"publish","type":"product","link":"https:\/\/erformance.eu\/lv\/produkts\/audi-80-b3-86-91-priekiniu-kairiu-duru-spynos-trosas\/","title":{"rendered":"Audi 80 B3 86-91 priekini\u0173 kairi\u0173 dur\u0173 spynos trosas"},"content":{"rendered":"<p>Prek\u0117: priekini\u0173 dur\u0173 u\u017erakto trosas<br \/>\nPus\u0117: Kair\u0117 (vairuotojo pus\u0117)<br \/>\nOEM numeris: 893837081B<br \/>\nPASTABA: auk\u0161\u010diau pateikti numeriai yra original\u016bs dali\u0173 numeriai, kuriuos \u0161is pasi\u016blymas pakei\u010dia. Prie\u0161 pirkdami, palyginkite juos su originaliu dalies numeriu. Jei jie skiriasi net vienu simboliu, dalis netiks, neveiks arba veiks netinkamai. Tokiu atveju jos nepirkite.<br \/>\nAutomobilis:<br \/>\n\u201eAudi 80 B3\u201c, gamybos metai: 1986\u20131991<\/p>\n<p>visos variklio versijos<\/p>\n<p>Audi 80 B4, gamybos metai: 1991-1995<\/p>\n<p>visos variklio versijos<\/p>\n<p>Audi 80 B4 AVANT, gamybos metai: 1991-1996<\/p>\n<p>visos variklio versijos<\/p>\n<p>\u201eAudi 90 B3\u201c, gamybos metai: 1987\u20131991<\/p>\n<p>2.2 E; 2226 cm\u00b3 \u2013 136 AG \/ 100 kW; variklis: KV<br \/>\n2,3 E 20V; 2309 ccm &#8211; 167 AG \/ 123 kW; variklis: 7A<br \/>\n2,3 E 20V; 2309 ccm &#8211; 170 AG \/ 125 kW; variklis: 7A<\/p>\n<p>Gamintojas: pakaitalas<br \/>\nTechnin\u0117 b\u016bkl\u0117: prek\u0117 yra visi\u0161kai nauja, nenaudota, nepa\u017eeista ir nesugadinta<\/p>\n","protected":false},"excerpt":{"rendered":"<p>1. Prek\u0117: Priekini\u0173 dur\u0173 u\u017erakto trosas2. Pus\u0117: kair\u01173. Gamintojas: pakeitimas4. Automobilis: * Audi 80 B3 86-91 * Audi 80 B4 \/ Avant 91-96 * Audi 90 B3 87-91<\/p>\n","protected":false},"featured_media":64035,"comment_status":"open","ping_status":"closed","template":"","meta":[],"product_brand":[],"product_cat":[404,144,406,3938,4143,4338],"product_tag":[],"class_list":{"0":"post-64034","1":"product","2":"type-product","3":"status-publish","4":"has-post-thumbnail","6":"product_cat-audi-80","7":"product_cat-audi","8":"product_cat-audi-80-b3","9":"product_cat-audi-80-b3-isores-dalys","10":"product_cat-audi-80-b3-isores-kitos-dalys","11":"product_cat-audi-80-b3-mechanizmai-valytuvai","13":"first","14":"instock","15":"shipping-taxable","16":"purchasable","17":"product-type-simple"},"yoast_head":"<!-- This site is optimized with the Yoast SEO Premium plugin v25.2 (Yoast SEO v27.3) - https:\/\/yoast.com\/product\/yoast-seo-premium-wordpress\/ -->\n<title>Audi 80 B3 86-91 priekini\u0173 kairi\u0173 dur\u0173 spynos trosas - Erformance.eu<\/title>\n<meta name=\"robots\" content=\"index, follow, max-snippet:-1, max-image-preview:large, max-video-preview:-1\" \/>\n<link rel=\"canonical\" href=\"https:\/\/erformance.eu\/lv\/produkts\/audi-80-b3-86-91-priekiniu-kairiu-duru-spynos-trosas\/\" \/>\n<meta property=\"og:locale\" content=\"lv_LV\" \/>\n<meta property=\"og:type\" content=\"article\" \/>\n<meta property=\"og:title\" content=\"Audi 80 B3 86-91 priekini\u0173 kairi\u0173 dur\u0173 spynos trosas\" \/>\n<meta property=\"og:description\" content=\"1. Prek\u0117: Priekini\u0173 dur\u0173 u\u017erakto trosas2. Pus\u0117: kair\u01173. Gamintojas: pakeitimas4. Automobilis: * Audi 80 B3 86-91 * Audi 80 B4 \/ Avant 91-96 * Audi 90 B3 87-91\" \/>\n<meta property=\"og:url\" content=\"https:\/\/erformance.eu\/lv\/produkts\/audi-80-b3-86-91-priekiniu-kairiu-duru-spynos-trosas\/\" \/>\n<meta property=\"og:site_name\" content=\"Erformance.eu\" \/>\n<meta property=\"article:modified_time\" content=\"2026-04-06T21:50:30+00:00\" \/>\n<meta property=\"og:image\" content=\"https:\/\/erformance.eu\/wp-content\/uploads\/2026\/02\/pol_pm_Audi-80-B3-86-91-linka-ciegno-zamka-drzwi-przednich-lewych-17377_1.jpg\" \/>\n\t<meta property=\"og:image:width\" content=\"1200\" \/>\n\t<meta property=\"og:image:height\" content=\"900\" \/>\n\t<meta property=\"og:image:type\" content=\"image\/jpeg\" \/>\n<meta name=\"twitter:card\" content=\"summary_large_image\" \/>\n<meta name=\"twitter:label1\" content=\"Est. reading time\" \/>\n\t<meta name=\"twitter:data1\" content=\"1 min\u016b\u0161u\" \/>\n<script type=\"application\/ld+json\" class=\"yoast-schema-graph\">{\"@context\":\"https:\\\/\\\/schema.org\",\"@graph\":[{\"@type\":\"WebPage\",\"@id\":\"https:\\\/\\\/erformance.eu\\\/lv\\\/produkts\\\/audi-80-b3-86-91-priekiniu-kairiu-duru-spynos-trosas\\\/\",\"url\":\"https:\\\/\\\/erformance.eu\\\/lv\\\/produkts\\\/audi-80-b3-86-91-priekiniu-kairiu-duru-spynos-trosas\\\/\",\"name\":\"Audi 80 B3 86-91 priekini\u0173 kairi\u0173 dur\u0173 spynos trosas - Erformance.eu\",\"isPartOf\":{\"@id\":\"https:\\\/\\\/erformance.eu\\\/lv\\\/#website\"},\"primaryImageOfPage\":{\"@id\":\"https:\\\/\\\/erformance.eu\\\/lv\\\/produkts\\\/audi-80-b3-86-91-priekiniu-kairiu-duru-spynos-trosas\\\/#primaryimage\"},\"image\":{\"@id\":\"https:\\\/\\\/erformance.eu\\\/lv\\\/produkts\\\/audi-80-b3-86-91-priekiniu-kairiu-duru-spynos-trosas\\\/#primaryimage\"},\"thumbnailUrl\":\"https:\\\/\\\/erformance.eu\\\/wp-content\\\/uploads\\\/2026\\\/02\\\/pol_pm_Audi-80-B3-86-91-linka-ciegno-zamka-drzwi-przednich-lewych-17377_1.jpg\",\"datePublished\":\"2026-02-16T12:29:16+00:00\",\"dateModified\":\"2026-04-06T21:50:30+00:00\",\"breadcrumb\":{\"@id\":\"https:\\\/\\\/erformance.eu\\\/lv\\\/produkts\\\/audi-80-b3-86-91-priekiniu-kairiu-duru-spynos-trosas\\\/#breadcrumb\"},\"inLanguage\":\"lv-LV\",\"potentialAction\":[{\"@type\":\"ReadAction\",\"target\":[\"https:\\\/\\\/erformance.eu\\\/lv\\\/produkts\\\/audi-80-b3-86-91-priekiniu-kairiu-duru-spynos-trosas\\\/\"]}]},{\"@type\":\"ImageObject\",\"inLanguage\":\"lv-LV\",\"@id\":\"https:\\\/\\\/erformance.eu\\\/lv\\\/produkts\\\/audi-80-b3-86-91-priekiniu-kairiu-duru-spynos-trosas\\\/#primaryimage\",\"url\":\"https:\\\/\\\/erformance.eu\\\/wp-content\\\/uploads\\\/2026\\\/02\\\/pol_pm_Audi-80-B3-86-91-linka-ciegno-zamka-drzwi-przednich-lewych-17377_1.jpg\",\"contentUrl\":\"https:\\\/\\\/erformance.eu\\\/wp-content\\\/uploads\\\/2026\\\/02\\\/pol_pm_Audi-80-B3-86-91-linka-ciegno-zamka-drzwi-przednich-lewych-17377_1.jpg\",\"width\":1200,\"height\":900},{\"@type\":\"BreadcrumbList\",\"@id\":\"https:\\\/\\\/erformance.eu\\\/lv\\\/produkts\\\/audi-80-b3-86-91-priekiniu-kairiu-duru-spynos-trosas\\\/#breadcrumb\",\"itemListElement\":[{\"@type\":\"ListItem\",\"position\":1,\"name\":\"Home\",\"item\":\"https:\\\/\\\/erformance.eu\\\/lv\\\/\"},{\"@type\":\"ListItem\",\"position\":2,\"name\":\"Veikals\",\"item\":\"https:\\\/\\\/erformance.eu\\\/lv\\\/veikals\\\/\"},{\"@type\":\"ListItem\",\"position\":3,\"name\":\"Audi 80 B3 86-91 priekini\u0173 kairi\u0173 dur\u0173 spynos trosas\"}]},{\"@type\":\"WebSite\",\"@id\":\"https:\\\/\\\/erformance.eu\\\/lv\\\/#website\",\"url\":\"https:\\\/\\\/erformance.eu\\\/lv\\\/\",\"name\":\"Erformance.eu\",\"description\":\"Automobili\u0173 dali\u0173 parduotuv\u0117\",\"potentialAction\":[{\"@type\":\"SearchAction\",\"target\":{\"@type\":\"EntryPoint\",\"urlTemplate\":\"https:\\\/\\\/erformance.eu\\\/lv\\\/?s={search_term_string}\"},\"query-input\":{\"@type\":\"PropertyValueSpecification\",\"valueRequired\":true,\"valueName\":\"search_term_string\"}}],\"inLanguage\":\"lv-LV\"}]}<\/script>\n<!-- \/ Yoast SEO Premium plugin. -->","yoast_head_json":{"title":"Audi 80 B3 86-91 priekini\u0173 kairi\u0173 dur\u0173 spynos trosas - Erformance.eu","robots":{"index":"index","follow":"follow","max-snippet":"max-snippet:-1","max-image-preview":"max-image-preview:large","max-video-preview":"max-video-preview:-1"},"canonical":"https:\/\/erformance.eu\/lv\/produkts\/audi-80-b3-86-91-priekiniu-kairiu-duru-spynos-trosas\/","og_locale":"lv_LV","og_type":"article","og_title":"Audi 80 B3 86-91 priekini\u0173 kairi\u0173 dur\u0173 spynos trosas","og_description":"1. Prek\u0117: Priekini\u0173 dur\u0173 u\u017erakto trosas2. Pus\u0117: kair\u01173. Gamintojas: pakeitimas4. Automobilis: * Audi 80 B3 86-91 * Audi 80 B4 \/ Avant 91-96 * Audi 90 B3 87-91","og_url":"https:\/\/erformance.eu\/lv\/produkts\/audi-80-b3-86-91-priekiniu-kairiu-duru-spynos-trosas\/","og_site_name":"Erformance.eu","article_modified_time":"2026-04-06T21:50:30+00:00","og_image":[{"width":1200,"height":900,"url":"https:\/\/erformance.eu\/wp-content\/uploads\/2026\/02\/pol_pm_Audi-80-B3-86-91-linka-ciegno-zamka-drzwi-przednich-lewych-17377_1.jpg","type":"image\/jpeg"}],"twitter_card":"summary_large_image","twitter_misc":{"Est. reading time":"1 min\u016b\u0161u"},"schema":{"@context":"https:\/\/schema.org","@graph":[{"@type":"WebPage","@id":"https:\/\/erformance.eu\/lv\/produkts\/audi-80-b3-86-91-priekiniu-kairiu-duru-spynos-trosas\/","url":"https:\/\/erformance.eu\/lv\/produkts\/audi-80-b3-86-91-priekiniu-kairiu-duru-spynos-trosas\/","name":"Audi 80 B3 86-91 priekini\u0173 kairi\u0173 dur\u0173 spynos trosas - Erformance.eu","isPartOf":{"@id":"https:\/\/erformance.eu\/lv\/#website"},"primaryImageOfPage":{"@id":"https:\/\/erformance.eu\/lv\/produkts\/audi-80-b3-86-91-priekiniu-kairiu-duru-spynos-trosas\/#primaryimage"},"image":{"@id":"https:\/\/erformance.eu\/lv\/produkts\/audi-80-b3-86-91-priekiniu-kairiu-duru-spynos-trosas\/#primaryimage"},"thumbnailUrl":"https:\/\/erformance.eu\/wp-content\/uploads\/2026\/02\/pol_pm_Audi-80-B3-86-91-linka-ciegno-zamka-drzwi-przednich-lewych-17377_1.jpg","datePublished":"2026-02-16T12:29:16+00:00","dateModified":"2026-04-06T21:50:30+00:00","breadcrumb":{"@id":"https:\/\/erformance.eu\/lv\/produkts\/audi-80-b3-86-91-priekiniu-kairiu-duru-spynos-trosas\/#breadcrumb"},"inLanguage":"lv-LV","potentialAction":[{"@type":"ReadAction","target":["https:\/\/erformance.eu\/lv\/produkts\/audi-80-b3-86-91-priekiniu-kairiu-duru-spynos-trosas\/"]}]},{"@type":"ImageObject","inLanguage":"lv-LV","@id":"https:\/\/erformance.eu\/lv\/produkts\/audi-80-b3-86-91-priekiniu-kairiu-duru-spynos-trosas\/#primaryimage","url":"https:\/\/erformance.eu\/wp-content\/uploads\/2026\/02\/pol_pm_Audi-80-B3-86-91-linka-ciegno-zamka-drzwi-przednich-lewych-17377_1.jpg","contentUrl":"https:\/\/erformance.eu\/wp-content\/uploads\/2026\/02\/pol_pm_Audi-80-B3-86-91-linka-ciegno-zamka-drzwi-przednich-lewych-17377_1.jpg","width":1200,"height":900},{"@type":"BreadcrumbList","@id":"https:\/\/erformance.eu\/lv\/produkts\/audi-80-b3-86-91-priekiniu-kairiu-duru-spynos-trosas\/#breadcrumb","itemListElement":[{"@type":"ListItem","position":1,"name":"Home","item":"https:\/\/erformance.eu\/lv\/"},{"@type":"ListItem","position":2,"name":"Veikals","item":"https:\/\/erformance.eu\/lv\/veikals\/"},{"@type":"ListItem","position":3,"name":"Audi 80 B3 86-91 priekini\u0173 kairi\u0173 dur\u0173 spynos trosas"}]},{"@type":"WebSite","@id":"https:\/\/erformance.eu\/lv\/#website","url":"https:\/\/erformance.eu\/lv\/","name":"Erformance.eu","description":"Automobili\u0173 dali\u0173 parduotuv\u0117","potentialAction":[{"@type":"SearchAction","target":{"@type":"EntryPoint","urlTemplate":"https:\/\/erformance.eu\/lv\/?s={search_term_string}"},"query-input":{"@type":"PropertyValueSpecification","valueRequired":true,"valueName":"search_term_string"}}],"inLanguage":"lv-LV"}]}},"jetpack_sharing_enabled":true,"_links":{"self":[{"href":"https:\/\/erformance.eu\/lv\/wp-json\/wp\/v2\/product\/64034","targetHints":{"allow":["GET"]}}],"collection":[{"href":"https:\/\/erformance.eu\/lv\/wp-json\/wp\/v2\/product"}],"about":[{"href":"https:\/\/erformance.eu\/lv\/wp-json\/wp\/v2\/types\/product"}],"replies":[{"embeddable":true,"href":"https:\/\/erformance.eu\/lv\/wp-json\/wp\/v2\/comments?post=64034"}],"version-history":[{"count":1,"href":"https:\/\/erformance.eu\/lv\/wp-json\/wp\/v2\/product\/64034\/revisions"}],"predecessor-version":[{"id":64037,"href":"https:\/\/erformance.eu\/lv\/wp-json\/wp\/v2\/product\/64034\/revisions\/64037"}],"wp:featuredmedia":[{"embeddable":true,"href":"https:\/\/erformance.eu\/lv\/wp-json\/wp\/v2\/media\/64035"}],"wp:attachment":[{"href":"https:\/\/erformance.eu\/lv\/wp-json\/wp\/v2\/media?parent=64034"}],"wp:term":[{"taxonomy":"product_brand","embeddable":true,"href":"https:\/\/erformance.eu\/lv\/wp-json\/wp\/v2\/product_brand?post=64034"},{"taxonomy":"product_cat","embeddable":true,"href":"https:\/\/erformance.eu\/lv\/wp-json\/wp\/v2\/product_cat?post=64034"},{"taxonomy":"product_tag","embeddable":true,"href":"https:\/\/erformance.eu\/lv\/wp-json\/wp\/v2\/product_tag?post=64034"}],"curies":[{"name":"wp","href":"https:\/\/api.w.org\/{rel}","templated":true}]}}