{"id":64049,"date":"2026-02-16T15:29:21","date_gmt":"2026-02-16T12:29:21","guid":{"rendered":"https:\/\/erformance.eu\/?post_type=product&#038;p=64049"},"modified":"2026-04-07T00:51:50","modified_gmt":"2026-04-06T21:51:50","slug":"audi-80-b3-86-91-salono-ventiliatorius","status":"publish","type":"product","link":"https:\/\/erformance.eu\/lv\/produkts\/audi-80-b3-86-91-salono-ventiliatorius\/","title":{"rendered":"Audi 80 B3 86-91 salono ventiliatorius"},"content":{"rendered":"<p>Prek\u0117: Salono ventiliatorius (ventiliatoriaus variklis)<br \/>\nOriginalus numeris:<\/p>\n<p>357820021<br \/>\n701820021<br \/>\n893820021<br \/>\n8A1820021<\/p>\n<p>PASTABA: auk\u0161\u010diau pateikti numeriai yra original\u016bs dali\u0173 numeriai, kuriuos \u0161is pasi\u016blymas pakei\u010dia. Prie\u0161 pirkdami, palyginkite juos su originaliu dalies numeriu. Jei jie skiriasi net vienu simboliu, dalis netiks, neveiks arba veiks netinkamai. Tokiu atveju jos nepirkite.<br \/>\nAutomobilis:<br \/>\nAudi A4<br \/>\nAudi 80 (89, 89Q, 8A, B3), pagaminimo metai: 1986\u20131991<\/p>\n<p>1,4; 48 kW; 65 AG; 1400 cm3; variklis: SE<br \/>\n1,6; 51 kW; 70 AG; 1595 cm\u00b3; variklis: PP<br \/>\n1,6; 55 kW; 75 AG; 1595 cm\u00b3: variklis: RN<br \/>\n1,6; 75 kW; 102 AG; 1595 cm\u00b3: variklis: ABB<br \/>\n1,6 D; 40 kW; 54 AG; 1588 cm\u00b3: variklis: JK<br \/>\n1,6 TD; 59 kW; 80 AG; 1588 cm\u00b3: variklis: RA, SB<br \/>\n1,8; 55 kW; 75 AG; 1781 cm\u00b3: variklis: RU<br \/>\n1,8; 83 kW; 113 AG; 1847 cc: variklis: SDv<br \/>\n1,8 quattro; 83 kW; 113 AG; 1847 cm\u00b3: variklis: SD<br \/>\n1.8 E; 82 kW; 112 AG; 1781 cm\u00b3: variklis: DZ<br \/>\n1.8 E quattro; 82 kW; 112 AG; 1781 cm\u00b3: variklis: DZ<br \/>\n1.8 S; 65 kW; 88 KM; 1781 ccm: silnik: SF<br \/>\n1.8 S; 66 kW; 90 KM; 1781 ccm: silnik: PM, JN, NE<br \/>\n1.8 S quattro; 65 kW; 88 KM; 1781 ccm: silnik: SF<br \/>\n1.8 S quattro; 66 kW; 90 KM; 1781 ccm: silnik: PM, JN, NE<br \/>\n1.9 D; 50 kW; 68 KM; 1896 ccm: silnik: 1Y<br \/>\n2.0; 82 kW; 112 KM; 1984 ccm: silnik: AAD<br \/>\n2.0 quattro; 85 kW; 115 KM; 1984 ccm: silnik: AAD<br \/>\n2.0 E; 83 kW; 113 KM; 1984 ccm: silnik: 3A<br \/>\n2.0 E 16V; 101 kW; 137 KM; 1984 ccm: silnik: 6A<br \/>\n2.0 E 16V quattro; 101 kW; 137 KM; 1984 ccm: silnik: 6A<br \/>\n2.0 E quattro; 83 kW; 113 KM; 1984 ccm: silnik: A<\/p>\n<p>Audi 90 (89, 89Q, 8A, B3), rok produkcji: 1987-1991<\/p>\n<p>1.6 TD; 59 kW; 80 KM; 1588 ccm; silnik: RA, SB<br \/>\n2.0; 85 kW; 115 KM; 1994 ccm; silnik: PS<br \/>\n2.0 20 V; 118 kW; 160 KM; 1994 ccm; silnik: NM<br \/>\n2.0 20 V quattro; 118 kW; 160 KM; 1994 ccm; silnik: NM<br \/>\n2.2 E; 100 kW; 136 KM; 2226 ccm; silnik: KV<br \/>\n2.2 E quattro; 100 kW; 136 KM; 2226 ccm; silnik: KV<br \/>\n2.3 E; 98 kW; 133 KM; 2309 ccm; silnik: NG<br \/>\n2.3 E; 100 kW; 136 KM; 2309 ccm; silnik: NG<br \/>\n2.3 E 20V; 123 kW; 167 KM; 2309 ccm; silnik: 7A<br \/>\n2.3 E 20V; 125 kW; 170 KM; 2309 ccm; silnik: 7A<br \/>\n2.3 E 20V quattro; 123 kW; 167 KM; 2309 ccm; silnik: 7A<br \/>\n2.3 E 20V quattro; 125 kW; 170 KM; 2309 ccm; silnik: 7A<br \/>\n2.3 E quattro; 98 kW; 133 KM; 2309 ccm; silnik: NG<br \/>\n2.3 E quattro; 100 kW; 136 KM; 2309 ccm; silnik: NG<\/p>\n<p>VW Corrado (53I), rok produkcji: 1987-1995<\/p>\n<p>1.8 16V; 100 kW; 136 KM; 1781 ccm; silnik: KR<br \/>\n1.8 G60; 118 kW; 160 KM; 1781 ccm; silnik: PG<br \/>\n2.0 i; 85 kW; 115 KM; 1984 ccm; silnik: ADY<br \/>\n2.0 i 16V; 100 kW; 136 KM; 1984 ccm; silnik: 9A<br \/>\n2.9 VR6; 140 kW; 190 KM; 2861 ccm; silnik: ABV<\/p>\n<p>VW Golf II (19E, 1G1), rok produkcji: 1983-1992<\/p>\n<p>1.0; 33 kW; 45 KM; 1043 ccm; silnik: GN<br \/>\n1.0; 37 kW; 50 KM; 1043 ccm; silnik: HZ<br \/>\n1.3; 37 kW; 50 KM; 1272 ccm; silnik: NU<br \/>\n1.3; 40 kW; 55 KM; 1272 ccm; silnik: MH<br \/>\n1.3; 44 kW; 60 KM; 1272 ccm; silnik: GT<br \/>\n1.3 CAT; 40 kW; 55 KM; 1272 ccm; silnik: MH, NZ, 2G<br \/>\n1.6; 51 kW; 70 KM; 1595 ccm; silnik: PN<br \/>\n1.6; 53 kW; 72 KM; 1595 ccm; silnik: RF<br \/>\n1.6; 55 kW; 75 KM; 1595 ccm; silnik: EZ, ABN<br \/>\n1.6 D; 40 kW; 54 KM; 1588 ccm; silnik: JP<br \/>\n1.6 TD; 44 kW; 60 KM; 1589 ccm; silnik: 1V<br \/>\n1.6 TD; 51 kW; 70 KM; 1588 ccm; silnik: JR<br \/>\n1.6 TD; 59 kW; 80 KM; 1588 ccm; silnik: RA, SB<br \/>\n1.8; 62 kW; 84 KM; 1781 ccm; silnik: RH<br \/>\n1.8; 66 kW; 90 KM; 1781 ccm; silnik: GX, GU<br \/>\n1.8 Syncro; 66 kW; 90 KM; 1781 ccm; silnik: GX, GU<br \/>\n1.8 Syncro; 72 kW; 98 KM; 1781 ccm; silnik: 1991 1P<br \/>\n1.8 GTI; 77 kW; 105 KM; 1781 ccm; silnik: 1985 HT<br \/>\n1.8 GTI; 79 kW; 107 KM; 1781 ccm; silnik: RD<br \/>\n1.8 GTI; 82 kW; 112 KM; 1781 ccm; silnik: EV, PB, DX<br \/>\n1.8 GTI 16V; 95 kW; 129 KM; 1781 ccm; silnik: PL<br \/>\n1.8 GTI 16V; 102 kW; 139 KM; 1781 ccm; silnik: KR<br \/>\n1.8 GTI CAT; 79 kW; 107 KM; 1781 ccm; silnik: PF<br \/>\n1.8 GTI G60; 118 kW; 160 KM; 1781 ccm; silnik: PG<br \/>\n1.8 GTI G60 Syncro; 118 kW; 160 KM; 1781 ccm; silnik: 1H, PG<br \/>\n1.8 i CAT; 66 kW; 90 KM; 1781 ccm; silnik: RP, GX<\/p>\n<p>VW Jetta II (19E, 1G2, 165), rok produkcji: 1984-1992<\/p>\n<p>1.3; 40 kW; 55 KM; 1272 ccm; silnik: HK, MH<br \/>\n1.3; 44 kW; 60 KM; 1272 ccm; silnik: GT<br \/>\n1.3 CAT; 40 kW; 55 KM; 1272 ccm; silnik: MH, NZ, 2G<br \/>\n1.6; 51 kW; 70 KM; 1595 ccm; silnik: PN<br \/>\n1.6; 53 kW; 72 KM; 1595 ccm; silnik: RF<br \/>\n1.6; 55 kW; 75 KM; 1595 ccm; silnik: EZ, ABN<br \/>\n1.6 D; 40 kW; 54 KM; 1588 ccm; silnik: JP<br \/>\n1.6 TD; 44 kW; 60 KM; 1589 ccm; silnik: 1V<br \/>\n1.6 TD; 51 kW; 70 KM; 1588 ccm; silnik: JR<br \/>\n1.6 TD; 59 kW; 80 KM; 1588 ccm; silnik: RA, SB<br \/>\n1.8; 62 kW; 84 KM; 1781 ccm; silnik: RH<br \/>\n1.8; 66 kW; 90 KM; 1781 ccm; silnik: GX, GU<br \/>\n1.8; 79 kW; 107 KM; 1781 ccm; silnik: RD<br \/>\n1.8; 82 kW; 112 KM; 1781 ccm; silnik: EV, PB<br \/>\n1.8 CAT; 66 kW; 90 KM; 1781 ccm; silnik: RP, GX<br \/>\n1.8 CAT; 79 kW; 107 KM; 1781 ccm; silnik: PF<br \/>\n1.8 Syncro; 72 kW; 98 KM; 1781 ccm; silnik: 1P<br \/>\n1.8 16V; 95 kW; 129 KM; 1781 ccm; silnik: PL<br \/>\n1.8 16V; 102 kW; 140 KM; 1781 ccm; silnik: KR<\/p>\n<p>VW Passat (32B), rok produkcji: 1986-1988<\/p>\n<p>1.6; 53 kW; 72 KM; 1595 ccm; silnik: RL, RF<\/p>\n<p>VW Passat (3A2, 35I), rok produkcji: 1988-1996<\/p>\n<p>1.6; 53 kW; 72 KM; 1595 ccm; silnik: 1F, EZ<br \/>\n1.6; 55 kW; 75 KM; 1595 ccm; silnik: EZ<br \/>\n1.6; 74 kW; 101 KM; 1595 ccm; silnik: AEK, AFT<br \/>\n1.6 TD; 59 kW; 80 KM; 1588 ccm; silnik: RA, SB<br \/>\n1.8; 55 kW; 75 KM; 1781 ccm; silnik: AAM<br \/>\n1.8; 66 kW; 90 KM; 1781 ccm; silnik: ABS, RP, ADZ<br \/>\n1.8; 79 kW; 107 KM; 1781 ccm; silnik: PF<br \/>\n1.8; 82 kW; 112 KM; 1781 ccm; silnik: PB<br \/>\n1.8 16V; 100 kW; 136 KM; 1781 ccm; silnik: KR<br \/>\n1.8 G60 Syncro; 118 kW; 160 KM; 1781 ccm; silnik: PG<br \/>\n1.9 D; 50 kW; 68 KM; 1896 ccm; silnik: 1Y<br \/>\n1.9 TD; 55 kW; 75 KM; 1896 ccm; silnik: AAZ<br \/>\n1.9 TDI; 66 kW; 90 KM; 1896 ccm; silnik: 1Z<br \/>\n1.9 TDI; 81 kW; 110 KM; 1896 ccm; silnik: AFN<br \/>\n2.0; 79 kW; 107 KM; 1984 ccm; silnik: AEP<br \/>\n2.0; 85 kW; 115 KM; 1984 ccm; silnik: 2E, ADY, AGG<br \/>\n2.0 Syncro; 85 kW; 115 KM; 1984 ccm; silnik: 2E, AGG, ADY<br \/>\n2.0 16V; 100 kW; 136 KM; 1984 ccm; silnik: 9A<br \/>\n2.0 16V; 110 kW; 150 KM; 1984 ccm; silnik: ABF<br \/>\n2.8 VR6; 128 kW; 174 KM; 2792 ccm; silnik: AAA<\/p>\n<p>VW Passat sedan (32B), rok produkcji: 1985-1988<\/p>\n<p>1.6; 53 kW; 72 KM; 1595 ccm; silnik: RL, RF<\/p>\n<p>VW Passat Variant (3A5, 35I), rok produkcji: 1988-1997<\/p>\n<p>1.6; 53 kW; 72 KM; 1595 ccm; silnik: 1F, EZ<br \/>\n1.6; 55 kW; 75 KM; 1595 ccm; silnik: EZ<br \/>\n1.6; 74 kW; 101 KM; 1595 ccm; silnik: AEK, AFT<br \/>\n1.6 TD; 59 kW; 80 KM; 1588 ccm; silnik: RA, SB<br \/>\n1.8; 55 kW; 75 KM; 1781 ccm; silnik: AAM<br \/>\n1.8; 66 kW; 90 KM; 1781 ccm; silnik: ABS, RP, ADZ<br \/>\n1.8; 79 kW; 107 KM; 1781 ccm; silnik: PF<br \/>\n1.8; 82 kW; 112 KM; 1781 ccm; silnik: PB<br \/>\n1.8 16V; 100 kW; 136 KM; 1781 ccm; silnik: KR<br \/>\n1.8 G60 Syncro; 118 kW; 160 KM; 1781 ccm; silnik: PG<br \/>\n1.9 D; 50 kW; 68 KM; 1896 ccm; silnik: 1Y<br \/>\n1.9 TD; 55 kW; 75 KM; 1896 ccm; silnik: AAZ<br \/>\n1.9 TDI; 66 kW; 90 KM; 1896 ccm; silnik: 1Z, AHU<br \/>\n1.9 TDI; 81 kW; 110 KM; 1896 ccm; silnik: AFN<br \/>\n2.0; 79 kW; 107 KM; 1984 ccm; silnik: AEP<br \/>\n2.0; 85 kW; 115 KM; 1984 ccm; silnik: 2E, ADY, AGG<br \/>\n2.0 Syncro; 85 kW; 115 KM; ccm; silnik: 2E, ADY, AGG<br \/>\n2.0 16V; 100 kW; 136 KM; 1984 ccm; silnik: 9A<br \/>\n2.0 16V; 110 kW; 150 KM; 1984 ccm; silnik: ABF<br \/>\n2.8 VR6; 128 kW; 174 KM; 2792 ccm; silnik: AAA<br \/>\n2.9 VR6 Syncro; 135 kW; 184 KM; 2861 ccm; silnik: ABV<\/p>\n<p>VW Transporter T4 autobus (70XB, 70XC, 7DB, 7DW), rok produkcji: 1990-2003<\/p>\n<p>1.8; 49 kW; 67 KM; 1781 ccm; silnik: PD<br \/>\n1.9 D; 44 kW; 60 KM; 1896 ccm; silnik: 1X<br \/>\n1.9 TD; 50 kW; 68 KM; 1896 ccm; silnik: ABL<br \/>\n2.0; 62 kW; 84 KM; 1968 ccm; silnik: AAC<br \/>\n2.4 D; 55 kW; 75 KM; 2370 ccm; silnik: AJA<br \/>\n2.4 D; 57 kW; 78 KM; 2370 ccm; silnik: AAB<br \/>\n2.4 D Syncro; 57 kW; 78 KM; 2370 ccm; silnik: AAB<br \/>\n2.5; 81 kW; 110 KM; 2461 ccm; silnik: AAF, ACU, AEN, AEU<br \/>\n2.5; 85 kW; 115 KM; 2461 ccm; silnik: AET, AVT, APL<br \/>\n2.5 Syncro; 81 kW; 110 KM; 2461 ccm; silnik: AAF, ACU, AEN, AEU<br \/>\n2.5 Syncro; 85 kW; 115 KM; 2461 ccm; silnik: AET, AVT, APL<br \/>\n2.5 TDI; 65 kW; 88 KM; 2461 ccm; silnik: AJT, AYY<br \/>\n2.5 TDI; 75 kW; 102 KM; 2461 ccm; silnik: ACV, AUF, AYC<br \/>\n2.5 TDI; 111 kW; 151 KM; 2461 ccm; silnik: AHY, AXG<br \/>\n2.5 TDI Syncro; 75 kW; 102 KM; 2461 ccm; silnik: ACV, AXL<br \/>\n2.8 Syncro; 103 kW; 140 KM; 2792 ccm; silnik: AES<br \/>\n2.8 V6; 150 kW; 204 KM; 2792 ccm; silnik: AMV<br \/>\n2.8 VR 6; 103 kW; 140 KM; 2792 ccm; silnik: AES<\/p>\n<p>VW Transporter T4 nadwozie pe\u0142ne (70XA), rok produkcji: 1990-2003<\/p>\n<p>1.9 D; 45 kW; 61 KM; 1896 ccm; silnik: 1X<br \/>\n1.9 TD; 50 kW; 68 KM; 1896 ccm; silnik: ABL<br \/>\n2.0; 62 kW; 84 KM; 1968 ccm; silnik: AAC<br \/>\n2.4 D; 55 kW; 75 KM; 2370 ccm; silnik: AJA<br \/>\n2.4 D; 57 kW; 78 KM; 2370 ccm; silnik: AAB<br \/>\n2.4 D Syncro; 57 kW; 78 KM; 2370 ccm; silnik: AAB<br \/>\n2.5; 81 kW; 110 KM; 2461 ccm; silnik: AAF, ACU, AEN, AEU<br \/>\n2.5; 85 kW; 115 KM; 2461 ccm; silnik: AET, AVT, APL<br \/>\n2.5 Syncro; 81 kW; 110 KM; 2461 ccm; silnik: AAF, ACU, AEN, AEU<br \/>\n2.5 Syncro; 85 kW; 115 KM; 2461 ccm; silnik: AET, AVT, APL<br \/>\n2.5 TDI; 65 kW; 88 KM; 2461 ccm; silnik: AJT, AYY<br \/>\n2.5 TDI; 75 kW; 102 KM; 2461 ccm; silnik: ACV, AUF, AYC<br \/>\n2.5 TDI Syncro; 75 kW; 102 KM; 2461 ccm; silnik: ACV, AXL<\/p>\n<p>VW Transporter T4 platforma \/ podwozie (70XD), rok produkcji: 1990-2003<\/p>\n<p>1.9 D; 45 kW; 61 KM; 1896 ccm; silnik: 1X<br \/>\n1.9 TD; 50 kW; 68 KM; 1896 ccm; silnik: ABL<br \/>\n2.0; 62 kW; 84 KM; 1968 ccm; silnik: AAC<br \/>\n2.4 D; 55 kW; 75 KM; 2370 ccm; silnik: AJA<br \/>\n2.4 D; 57 kW; 78 KM; 2370 ccm; silnik: AAB<br \/>\n2.4 D Syncro; 57 kW; 78 KM; 2370 ccm; silnik: AAB<br \/>\n2.5; 81 kW; 110 KM; 2461 ccm; silnik: AAF, ACU, AEN, AEU<br \/>\n2.5; 85 kW; 115 KM; 2461 ccm; silnik: AET, AVT, APL<br \/>\n2.5 Syncro; 81 kW; 110 KM; 2461 ccm; silnik: AAF, ACU, AEN, AEU<br \/>\n2.5 Syncro; 85 kW; 115 KM; 2461 ccm; silnik: AET, AVT, APL<br \/>\n2.5 TDI; 65 kW; 88 KM; 2461 ccm; silnik: AJT, AYY<br \/>\n2.5 TDI; 75 kW; 102 KM; 2461 ccm; silnik: ACV, AUF, AYC<br \/>\n2.5 TDI Syncro; 75 kW; 102 KM; 2461 ccm; silnik: ACV, AXL<br \/>\n2.8; 103 kW; 140 KM; 2792 ccm; silnik: AES<\/p>\n<p>Seat Toledo, z rocznika 1991-1999<br \/>\nNapi\u0119cie: 12 V<br \/>\nMoc znamionowa: 300 W<br \/>\nIlo\u015b\u0107 pin\u00f3w: wtyczka &#8211; 2 PINY<br \/>\nD\u0117mesio! TRANSPORTO PRIEMON\u0116MS SU ORO KONDICIONIERIUMI!!!<\/p>\n","protected":false},"excerpt":{"rendered":"<p>1. Prek\u0117: Salono ventiliatorius\/variklis2. Gamintojas: pakeitimas3. Automobilis:* Audi 80 B3 86-91* Audi 90 B3 87-91* VW Corrado 87\u201395* VW Golf II 83-92* VW Jetta II 84-92* VW Passat B2 86-88* VW Passat B3 \/ B4 88-96* VW T4 90-03<\/p>\n","protected":false},"featured_media":64050,"comment_status":"open","ping_status":"closed","template":"","meta":[],"product_brand":[],"product_cat":[404,144,406,4771,3977],"product_tag":[],"class_list":{"0":"post-64049","1":"product","2":"type-product","3":"status-publish","4":"has-post-thumbnail","6":"product_cat-audi-80","7":"product_cat-audi","8":"product_cat-audi-80-b3","9":"product_cat-audi-80-b3-salono-kitos-dalys","10":"product_cat-audi-80-b3-salono-dalys","12":"first","13":"instock","14":"shipping-taxable","15":"purchasable","16":"product-type-simple"},"yoast_head":"<!-- This site is optimized with the Yoast SEO Premium plugin v25.2 (Yoast SEO v27.3) - https:\/\/yoast.com\/product\/yoast-seo-premium-wordpress\/ -->\n<title>Audi 80 B3 86-91 salono ventiliatorius - Erformance.eu<\/title>\n<meta name=\"robots\" content=\"index, follow, max-snippet:-1, max-image-preview:large, max-video-preview:-1\" \/>\n<link rel=\"canonical\" href=\"https:\/\/erformance.eu\/lv\/produkts\/audi-80-b3-86-91-salono-ventiliatorius\/\" \/>\n<meta property=\"og:locale\" content=\"lv_LV\" \/>\n<meta property=\"og:type\" content=\"article\" \/>\n<meta property=\"og:title\" content=\"Audi 80 B3 86-91 salono ventiliatorius\" \/>\n<meta property=\"og:description\" content=\"1. Prek\u0117: Salono ventiliatorius\/variklis2. Gamintojas: pakeitimas3. Automobilis:* Audi 80 B3 86-91* Audi 90 B3 87-91* VW Corrado 87\u201395* VW Golf II 83-92* VW Jetta II 84-92* VW Passat B2 86-88* VW Passat B3 \/ B4 88-96* VW T4 90-03\" \/>\n<meta property=\"og:url\" content=\"https:\/\/erformance.eu\/lv\/produkts\/audi-80-b3-86-91-salono-ventiliatorius\/\" \/>\n<meta property=\"og:site_name\" content=\"Erformance.eu\" \/>\n<meta property=\"article:modified_time\" content=\"2026-04-06T21:51:50+00:00\" \/>\n<meta property=\"og:image\" content=\"https:\/\/erformance.eu\/wp-content\/uploads\/2026\/02\/pol_pm_Audi-80-B3-86-91-dmuchawa-wentylator-nawiewu-wnetrza-15785_1.jpg\" \/>\n\t<meta property=\"og:image:width\" content=\"1200\" \/>\n\t<meta property=\"og:image:height\" content=\"900\" \/>\n\t<meta property=\"og:image:type\" content=\"image\/jpeg\" \/>\n<meta name=\"twitter:card\" content=\"summary_large_image\" \/>\n<meta name=\"twitter:label1\" content=\"Est. reading time\" \/>\n\t<meta name=\"twitter:data1\" content=\"12 min\u016b\u0161u\" \/>\n<script type=\"application\/ld+json\" class=\"yoast-schema-graph\">{\"@context\":\"https:\\\/\\\/schema.org\",\"@graph\":[{\"@type\":\"WebPage\",\"@id\":\"https:\\\/\\\/erformance.eu\\\/lv\\\/produkts\\\/audi-80-b3-86-91-salono-ventiliatorius\\\/\",\"url\":\"https:\\\/\\\/erformance.eu\\\/lv\\\/produkts\\\/audi-80-b3-86-91-salono-ventiliatorius\\\/\",\"name\":\"Audi 80 B3 86-91 salono ventiliatorius - Erformance.eu\",\"isPartOf\":{\"@id\":\"https:\\\/\\\/erformance.eu\\\/lv\\\/#website\"},\"primaryImageOfPage\":{\"@id\":\"https:\\\/\\\/erformance.eu\\\/lv\\\/produkts\\\/audi-80-b3-86-91-salono-ventiliatorius\\\/#primaryimage\"},\"image\":{\"@id\":\"https:\\\/\\\/erformance.eu\\\/lv\\\/produkts\\\/audi-80-b3-86-91-salono-ventiliatorius\\\/#primaryimage\"},\"thumbnailUrl\":\"https:\\\/\\\/erformance.eu\\\/wp-content\\\/uploads\\\/2026\\\/02\\\/pol_pm_Audi-80-B3-86-91-dmuchawa-wentylator-nawiewu-wnetrza-15785_1.jpg\",\"datePublished\":\"2026-02-16T12:29:21+00:00\",\"dateModified\":\"2026-04-06T21:51:50+00:00\",\"breadcrumb\":{\"@id\":\"https:\\\/\\\/erformance.eu\\\/lv\\\/produkts\\\/audi-80-b3-86-91-salono-ventiliatorius\\\/#breadcrumb\"},\"inLanguage\":\"lv-LV\",\"potentialAction\":[{\"@type\":\"ReadAction\",\"target\":[\"https:\\\/\\\/erformance.eu\\\/lv\\\/produkts\\\/audi-80-b3-86-91-salono-ventiliatorius\\\/\"]}]},{\"@type\":\"ImageObject\",\"inLanguage\":\"lv-LV\",\"@id\":\"https:\\\/\\\/erformance.eu\\\/lv\\\/produkts\\\/audi-80-b3-86-91-salono-ventiliatorius\\\/#primaryimage\",\"url\":\"https:\\\/\\\/erformance.eu\\\/wp-content\\\/uploads\\\/2026\\\/02\\\/pol_pm_Audi-80-B3-86-91-dmuchawa-wentylator-nawiewu-wnetrza-15785_1.jpg\",\"contentUrl\":\"https:\\\/\\\/erformance.eu\\\/wp-content\\\/uploads\\\/2026\\\/02\\\/pol_pm_Audi-80-B3-86-91-dmuchawa-wentylator-nawiewu-wnetrza-15785_1.jpg\",\"width\":1200,\"height\":900},{\"@type\":\"BreadcrumbList\",\"@id\":\"https:\\\/\\\/erformance.eu\\\/lv\\\/produkts\\\/audi-80-b3-86-91-salono-ventiliatorius\\\/#breadcrumb\",\"itemListElement\":[{\"@type\":\"ListItem\",\"position\":1,\"name\":\"Home\",\"item\":\"https:\\\/\\\/erformance.eu\\\/lv\\\/\"},{\"@type\":\"ListItem\",\"position\":2,\"name\":\"Veikals\",\"item\":\"https:\\\/\\\/erformance.eu\\\/lv\\\/veikals\\\/\"},{\"@type\":\"ListItem\",\"position\":3,\"name\":\"Audi 80 B3 86-91 salono ventiliatorius\"}]},{\"@type\":\"WebSite\",\"@id\":\"https:\\\/\\\/erformance.eu\\\/lv\\\/#website\",\"url\":\"https:\\\/\\\/erformance.eu\\\/lv\\\/\",\"name\":\"Erformance.eu\",\"description\":\"Automobili\u0173 dali\u0173 parduotuv\u0117\",\"potentialAction\":[{\"@type\":\"SearchAction\",\"target\":{\"@type\":\"EntryPoint\",\"urlTemplate\":\"https:\\\/\\\/erformance.eu\\\/lv\\\/?s={search_term_string}\"},\"query-input\":{\"@type\":\"PropertyValueSpecification\",\"valueRequired\":true,\"valueName\":\"search_term_string\"}}],\"inLanguage\":\"lv-LV\"}]}<\/script>\n<!-- \/ Yoast SEO Premium plugin. -->","yoast_head_json":{"title":"Audi 80 B3 86-91 salono ventiliatorius - Erformance.eu","robots":{"index":"index","follow":"follow","max-snippet":"max-snippet:-1","max-image-preview":"max-image-preview:large","max-video-preview":"max-video-preview:-1"},"canonical":"https:\/\/erformance.eu\/lv\/produkts\/audi-80-b3-86-91-salono-ventiliatorius\/","og_locale":"lv_LV","og_type":"article","og_title":"Audi 80 B3 86-91 salono ventiliatorius","og_description":"1. Prek\u0117: Salono ventiliatorius\/variklis2. Gamintojas: pakeitimas3. Automobilis:* Audi 80 B3 86-91* Audi 90 B3 87-91* VW Corrado 87\u201395* VW Golf II 83-92* VW Jetta II 84-92* VW Passat B2 86-88* VW Passat B3 \/ B4 88-96* VW T4 90-03","og_url":"https:\/\/erformance.eu\/lv\/produkts\/audi-80-b3-86-91-salono-ventiliatorius\/","og_site_name":"Erformance.eu","article_modified_time":"2026-04-06T21:51:50+00:00","og_image":[{"width":1200,"height":900,"url":"https:\/\/erformance.eu\/wp-content\/uploads\/2026\/02\/pol_pm_Audi-80-B3-86-91-dmuchawa-wentylator-nawiewu-wnetrza-15785_1.jpg","type":"image\/jpeg"}],"twitter_card":"summary_large_image","twitter_misc":{"Est. reading time":"12 min\u016b\u0161u"},"schema":{"@context":"https:\/\/schema.org","@graph":[{"@type":"WebPage","@id":"https:\/\/erformance.eu\/lv\/produkts\/audi-80-b3-86-91-salono-ventiliatorius\/","url":"https:\/\/erformance.eu\/lv\/produkts\/audi-80-b3-86-91-salono-ventiliatorius\/","name":"Audi 80 B3 86-91 salono ventiliatorius - Erformance.eu","isPartOf":{"@id":"https:\/\/erformance.eu\/lv\/#website"},"primaryImageOfPage":{"@id":"https:\/\/erformance.eu\/lv\/produkts\/audi-80-b3-86-91-salono-ventiliatorius\/#primaryimage"},"image":{"@id":"https:\/\/erformance.eu\/lv\/produkts\/audi-80-b3-86-91-salono-ventiliatorius\/#primaryimage"},"thumbnailUrl":"https:\/\/erformance.eu\/wp-content\/uploads\/2026\/02\/pol_pm_Audi-80-B3-86-91-dmuchawa-wentylator-nawiewu-wnetrza-15785_1.jpg","datePublished":"2026-02-16T12:29:21+00:00","dateModified":"2026-04-06T21:51:50+00:00","breadcrumb":{"@id":"https:\/\/erformance.eu\/lv\/produkts\/audi-80-b3-86-91-salono-ventiliatorius\/#breadcrumb"},"inLanguage":"lv-LV","potentialAction":[{"@type":"ReadAction","target":["https:\/\/erformance.eu\/lv\/produkts\/audi-80-b3-86-91-salono-ventiliatorius\/"]}]},{"@type":"ImageObject","inLanguage":"lv-LV","@id":"https:\/\/erformance.eu\/lv\/produkts\/audi-80-b3-86-91-salono-ventiliatorius\/#primaryimage","url":"https:\/\/erformance.eu\/wp-content\/uploads\/2026\/02\/pol_pm_Audi-80-B3-86-91-dmuchawa-wentylator-nawiewu-wnetrza-15785_1.jpg","contentUrl":"https:\/\/erformance.eu\/wp-content\/uploads\/2026\/02\/pol_pm_Audi-80-B3-86-91-dmuchawa-wentylator-nawiewu-wnetrza-15785_1.jpg","width":1200,"height":900},{"@type":"BreadcrumbList","@id":"https:\/\/erformance.eu\/lv\/produkts\/audi-80-b3-86-91-salono-ventiliatorius\/#breadcrumb","itemListElement":[{"@type":"ListItem","position":1,"name":"Home","item":"https:\/\/erformance.eu\/lv\/"},{"@type":"ListItem","position":2,"name":"Veikals","item":"https:\/\/erformance.eu\/lv\/veikals\/"},{"@type":"ListItem","position":3,"name":"Audi 80 B3 86-91 salono ventiliatorius"}]},{"@type":"WebSite","@id":"https:\/\/erformance.eu\/lv\/#website","url":"https:\/\/erformance.eu\/lv\/","name":"Erformance.eu","description":"Automobili\u0173 dali\u0173 parduotuv\u0117","potentialAction":[{"@type":"SearchAction","target":{"@type":"EntryPoint","urlTemplate":"https:\/\/erformance.eu\/lv\/?s={search_term_string}"},"query-input":{"@type":"PropertyValueSpecification","valueRequired":true,"valueName":"search_term_string"}}],"inLanguage":"lv-LV"}]}},"jetpack_sharing_enabled":true,"_links":{"self":[{"href":"https:\/\/erformance.eu\/lv\/wp-json\/wp\/v2\/product\/64049","targetHints":{"allow":["GET"]}}],"collection":[{"href":"https:\/\/erformance.eu\/lv\/wp-json\/wp\/v2\/product"}],"about":[{"href":"https:\/\/erformance.eu\/lv\/wp-json\/wp\/v2\/types\/product"}],"replies":[{"embeddable":true,"href":"https:\/\/erformance.eu\/lv\/wp-json\/wp\/v2\/comments?post=64049"}],"version-history":[{"count":1,"href":"https:\/\/erformance.eu\/lv\/wp-json\/wp\/v2\/product\/64049\/revisions"}],"predecessor-version":[{"id":64052,"href":"https:\/\/erformance.eu\/lv\/wp-json\/wp\/v2\/product\/64049\/revisions\/64052"}],"wp:featuredmedia":[{"embeddable":true,"href":"https:\/\/erformance.eu\/lv\/wp-json\/wp\/v2\/media\/64050"}],"wp:attachment":[{"href":"https:\/\/erformance.eu\/lv\/wp-json\/wp\/v2\/media?parent=64049"}],"wp:term":[{"taxonomy":"product_brand","embeddable":true,"href":"https:\/\/erformance.eu\/lv\/wp-json\/wp\/v2\/product_brand?post=64049"},{"taxonomy":"product_cat","embeddable":true,"href":"https:\/\/erformance.eu\/lv\/wp-json\/wp\/v2\/product_cat?post=64049"},{"taxonomy":"product_tag","embeddable":true,"href":"https:\/\/erformance.eu\/lv\/wp-json\/wp\/v2\/product_tag?post=64049"}],"curies":[{"name":"wp","href":"https:\/\/api.w.org\/{rel}","templated":true}]}}