{"id":64171,"date":"2026-02-16T15:30:04","date_gmt":"2026-02-16T12:30:04","guid":{"rendered":"https:\/\/erformance.eu\/?post_type=product&#038;p=64171"},"modified":"2026-03-12T11:38:57","modified_gmt":"2026-03-12T08:38:57","slug":"audi-a1-gb-a3-8v-q2-ga-q3-f3-uzdegimo-jungiklis","status":"publish","type":"product","link":"https:\/\/erformance.eu\/lv\/produkts\/audi-a1-gb-a3-8v-q2-ga-q3-f3-uzdegimo-jungiklis\/","title":{"rendered":"Audi A1 GB A3 8V Q2 GA Q3 F3 u\u017edegimo jungiklis"},"content":{"rendered":"<p>Prek\u0117: u\u017edegimo jungiklio kubas<br \/>\nOriginalus numeris:<\/p>\n<p>5Q1905865A<br \/>\n5Q1905865 A<br \/>\n5Q1 905 865A<br \/>\n5Q1 905 865 A<br \/>\n5Q1905865<br \/>\n5Q1 905 865<\/p>\n<p>PASTABA: auk\u0161\u010diau pateikti numeriai yra original\u016bs dali\u0173 numeriai, kuriuos \u0161is pasi\u016blymas pakei\u010dia. Prie\u0161 pirkdami, palyginkite juos su originaliu dalies numeriu. Jei jie skiriasi net vienu simboliu, dalis netiks, neveiks arba veiks netinkamai. Tokiu atveju jos nepirkite.<br \/>\nAutomobilis:<\/p>\n<p>\u201eAudi A1 Allstreet\u201c (GBH), modeliai, pagaminti nuo 2022 m.<br \/>\n\u201eAudi A1 Sportback\u201c (GBA), modeliai, pagaminti nuo 2018 m.<br \/>\nAudi A1 CITY CARVER (GBH), modeliai, pagaminti nuo 2019 m.<br \/>\n\u201eAudi A3\u201c (8V1, 8VK), modeliai, pagaminti nuo 2012 m.<br \/>\n\u201eAudi A3 Limousine\u201c (8VS, 8VM), modeliai, pagaminti nuo 2013 m.<br \/>\n\u201eAudi A3 Sportback\u201c (8VA, 8VF), modeliai, pagaminti nuo 2012 m.<br \/>\n\u201eAudi A3\u201c kabrioletas (8V7, 8VE), modeliai, pagaminti nuo 2014 m.<br \/>\n\u201eAudi Q2\u201c (GAB, GAG), modeliai, pagaminti nuo 2016 m.<br \/>\n\u201eAudi Q3\u201c (F3B), modeliai, pagaminti nuo 2018 m.<br \/>\n\u201eAudi Q3 Sportback\u201c (F3N), modeliai, pagaminti nuo 2019 m.<br \/>\n\u201eSeat ARONA\u201c (KJ7), modeliai, pagaminti nuo 2017 m.<br \/>\n\u201eSeat ATECA\u201c (KH7, KHP), modeliai, pagaminti nuo 2016 m.<br \/>\n\u201eSeat IBIZA V\u201c (KJ1), modeliai, pagaminti nuo 2017 m.<br \/>\n\u201eSeat IBIZA V\u201c (KJ1, KJG), modeliai, pagaminti nuo 2017 m.<br \/>\n\u201eSeat LEON\u201c (5F1), modeliai, pagaminti nuo 2012 m.<br \/>\n\u201eSeat LEON SC\u201c (5F5), modeliai, pagaminti nuo 2013 m.<br \/>\n\u201eSeat LEON\u201c universalas \/ universalas (5F1), modeliai, pagaminti nuo 2012 m.<br \/>\n\u201eSeat LEON ST\u201c u\u017edaras k\u0117bulas \/ universalas (5F8), modeliai, pagaminti nuo 2013 m.<br \/>\n\u201eSkoda KAMIQ\u201c (NW4), modeliai, pagaminti nuo 2019 m.<br \/>\n\u201eSkoda KUSHAQ\u201c (PA1), modeliai, pagaminti nuo 2021 m.<br \/>\n\u0160koda OCTAVIA III (5E3, NL3, NR3), modeliai, pagaminti nuo 2012 m.<br \/>\n\u201eSkoda OCTAVIA III Combi\u201c (5E5, 5E6), modeliai, pagaminti nuo 2012 m.<br \/>\n\u0160koda RAPID (NH3), pagaminimo metai: 2012\u20132019<br \/>\nSkoda RAPID Spaceback (NH1), gamybos metai: 2012-2019<br \/>\n\u201eSkoda SCALA\u201c (NW1), modeliai, pagaminti nuo 2019 m.<br \/>\nVolkswagen ATLAS (CA1) \/ TEROMONT, modeliai, pagaminti nuo 2019 m.<br \/>\nVolkswagen CADDY CALIFORNIA V Camper (SBB, SBJ), modeliai, pagaminti nuo 2020 m.<br \/>\nVolkswagen CADDY V furgonas\/vienbutis (SBA, SBH), modeliai pagaminti nuo 2020 m.<br \/>\n\u201eVolkswagen CRAFTER Bus\u201c (SYI, SYJ), modeliai, pagaminti nuo 2016 m.<br \/>\nVolkswagen CRAFTER Van (SY_, SX_), modeliai, pagaminti nuo 2016 m.<br \/>\nVolkswagen CRAFTER platforma\/va\u017eiuokl\u0117 (SZ_), modeliai, pagaminti nuo 2016 m.<br \/>\nVolkswagen GOLF VII Van (5G1), modeliai, pagaminti nuo 2012 m.<br \/>\nVolkswagen GOLF SPORTSVAN VII (AM1, AN1), modeliai, pagaminti nuo 2014 m.<br \/>\nVolkswagen GOLF VAN VII Variant (BA5), pagaminimo metai: 2013\u20132017<br \/>\n\u201eVolkswagen GOLF VII Variant\u201c (BA5, BV5), modeliai, pagaminti nuo 2013 m.<br \/>\n\u201eVolkswagen GOLF ALLTRACK VII Variant\u201c (BA5, BV5), modeliai, pagaminti nuo 2014 m.<br \/>\n\u201eVolkswagen GOLF VII\u201c (5G1, BQ1, BE1, BE2), modeliai, pagaminti nuo 2012 m.<br \/>\n\u201eVolkswagen JETTA VI\u201c, modeliai, pagaminti nuo 2020 m.<br \/>\n\u201eVolkswagen MULTIVAN T6\u201c (SGF, SGM, SGN, SHM, SHN), modeliai, pagaminti nuo 2018 m.<br \/>\n\u201eVolkswagen CALIFORNIA T6 Camper\u201c (SGC, SGG, SHC), modeliai, pagaminti nuo 2015 m.<br \/>\nVolkswagen POLO VI (AW1, BZ1), modeliai, pagaminti nuo 2017 m.<br \/>\nVolkswagen T-CROSS (C11), modeliai, pagaminti nuo 2018 m.<br \/>\nVolkswagen TIGUAN (AD1, AX1), modeliai, pagaminti nuo 2016 m.<br \/>\nVolkswagen TIGUAN ALLSPACE (BW2), modeliai, pagaminti nuo 2017 m.<br \/>\nVolkswagen TOURAN (5T1), modeliai, pagaminti nuo 2015 m.<br \/>\nVolkswagen TRANSPORTER T6 Van (SGA, SGH, SHA, SHH), modeliai pagaminti nuo 2015 m.<\/p>\n<p>Jungtis: 5 kontaktai<br \/>\nGamintojas: pakaitalas<br \/>\nTechnin\u0117 b\u016bkl\u0117: prek\u0117 yra visi\u0161kai nauja, nenaudota, nepa\u017eeista ir nesugadinta<\/p>\n","protected":false},"excerpt":{"rendered":"<p>1. Prek\u0117: u\u017edegimo jungiklio kubas2. Gamintojas: pakeitimas3. Automobilis:* Audi A1 GB 2018-* Audi A3 8V 2012-* Audi Q2 GA 2016-* Audi Q3 F3 2018-<\/p>\n","protected":false},"featured_media":53817,"comment_status":"open","ping_status":"closed","template":"","meta":[],"product_brand":[],"product_cat":[3927,3907,186,144,3926,3903,3943,3947,3966,3967,4148,4152,4171,4172,397,398],"product_tag":[],"class_list":{"0":"post-64171","1":"product","2":"type-product","3":"status-publish","4":"has-post-thumbnail","6":"product_cat-audi-q3-8u","7":"product_cat-audi-a3-8v","8":"product_cat-a3","9":"product_cat-audi","10":"product_cat-audi-q2-ga","11":"product_cat-audi-a1-gb","12":"product_cat-audi-a1-gb-isores-dalys","13":"product_cat-audi-a3-8v-isores-dalys","14":"product_cat-audi-q2-ga-isores-dalys","15":"product_cat-audi-q3-8u-isores-dalys","16":"product_cat-audi-a1-gb-isores-kitos-dalys","17":"product_cat-audi-a3-8v-isores-kitos-dalys","18":"product_cat-audi-q2-ga-isores-kitos-dalys","19":"product_cat-audi-q3-8u-isores-kitos-dalys","20":"product_cat-audi-q2","21":"product_cat-audi-q3","23":"first","24":"instock","25":"shipping-taxable","26":"purchasable","27":"product-type-simple"},"yoast_head":"<!-- This site is optimized with the Yoast SEO Premium plugin v25.2 (Yoast SEO v27.4) - https:\/\/yoast.com\/product\/yoast-seo-premium-wordpress\/ -->\n<title>Audi A1 GB A3 8V Q2 GA Q3 F3 u\u017edegimo jungiklis - Erformance.eu<\/title>\n<meta name=\"robots\" content=\"index, follow, max-snippet:-1, max-image-preview:large, max-video-preview:-1\" \/>\n<link rel=\"canonical\" href=\"https:\/\/erformance.eu\/lv\/produkts\/audi-a1-gb-a3-8v-q2-ga-q3-f3-uzdegimo-jungiklis\/\" \/>\n<meta property=\"og:locale\" content=\"lv_LV\" \/>\n<meta property=\"og:type\" content=\"article\" \/>\n<meta property=\"og:title\" content=\"Audi A1 GB A3 8V Q2 GA Q3 F3 u\u017edegimo jungiklis\" \/>\n<meta property=\"og:description\" content=\"1. Prek\u0117: u\u017edegimo jungiklio kubas2. Gamintojas: pakeitimas3. Automobilis:* Audi A1 GB 2018-* Audi A3 8V 2012-* Audi Q2 GA 2016-* Audi Q3 F3 2018-\" \/>\n<meta property=\"og:url\" content=\"https:\/\/erformance.eu\/lv\/produkts\/audi-a1-gb-a3-8v-q2-ga-q3-f3-uzdegimo-jungiklis\/\" \/>\n<meta property=\"og:site_name\" content=\"Erformance.eu\" \/>\n<meta property=\"article:modified_time\" content=\"2026-03-12T08:38:57+00:00\" \/>\n<meta property=\"og:image\" content=\"https:\/\/erformance.eu\/wp-content\/uploads\/2026\/02\/pol_pm_Audi-A1-GB-A3-8V-Q2-GA-Q3-F3-kostka-stacyjki-33287_1.jpg\" \/>\n\t<meta property=\"og:image:width\" content=\"1200\" \/>\n\t<meta property=\"og:image:height\" content=\"1200\" \/>\n\t<meta property=\"og:image:type\" content=\"image\/jpeg\" \/>\n<meta name=\"twitter:card\" content=\"summary_large_image\" \/>\n<meta name=\"twitter:label1\" content=\"Est. reading time\" \/>\n\t<meta name=\"twitter:data1\" content=\"2 min\u016btes\" \/>\n<script type=\"application\/ld+json\" class=\"yoast-schema-graph\">{\"@context\":\"https:\\\/\\\/schema.org\",\"@graph\":[{\"@type\":\"WebPage\",\"@id\":\"https:\\\/\\\/erformance.eu\\\/lv\\\/produkts\\\/audi-a1-gb-a3-8v-q2-ga-q3-f3-uzdegimo-jungiklis\\\/\",\"url\":\"https:\\\/\\\/erformance.eu\\\/lv\\\/produkts\\\/audi-a1-gb-a3-8v-q2-ga-q3-f3-uzdegimo-jungiklis\\\/\",\"name\":\"Audi A1 GB A3 8V Q2 GA Q3 F3 u\u017edegimo jungiklis - Erformance.eu\",\"isPartOf\":{\"@id\":\"https:\\\/\\\/erformance.eu\\\/lv\\\/#website\"},\"primaryImageOfPage\":{\"@id\":\"https:\\\/\\\/erformance.eu\\\/lv\\\/produkts\\\/audi-a1-gb-a3-8v-q2-ga-q3-f3-uzdegimo-jungiklis\\\/#primaryimage\"},\"image\":{\"@id\":\"https:\\\/\\\/erformance.eu\\\/lv\\\/produkts\\\/audi-a1-gb-a3-8v-q2-ga-q3-f3-uzdegimo-jungiklis\\\/#primaryimage\"},\"thumbnailUrl\":\"https:\\\/\\\/erformance.eu\\\/wp-content\\\/uploads\\\/2026\\\/02\\\/pol_pm_Audi-A1-GB-A3-8V-Q2-GA-Q3-F3-kostka-stacyjki-33287_1.jpg\",\"datePublished\":\"2026-02-16T12:30:04+00:00\",\"dateModified\":\"2026-03-12T08:38:57+00:00\",\"breadcrumb\":{\"@id\":\"https:\\\/\\\/erformance.eu\\\/lv\\\/produkts\\\/audi-a1-gb-a3-8v-q2-ga-q3-f3-uzdegimo-jungiklis\\\/#breadcrumb\"},\"inLanguage\":\"lv-LV\",\"potentialAction\":[{\"@type\":\"ReadAction\",\"target\":[\"https:\\\/\\\/erformance.eu\\\/lv\\\/produkts\\\/audi-a1-gb-a3-8v-q2-ga-q3-f3-uzdegimo-jungiklis\\\/\"]}]},{\"@type\":\"ImageObject\",\"inLanguage\":\"lv-LV\",\"@id\":\"https:\\\/\\\/erformance.eu\\\/lv\\\/produkts\\\/audi-a1-gb-a3-8v-q2-ga-q3-f3-uzdegimo-jungiklis\\\/#primaryimage\",\"url\":\"https:\\\/\\\/erformance.eu\\\/wp-content\\\/uploads\\\/2026\\\/02\\\/pol_pm_Audi-A1-GB-A3-8V-Q2-GA-Q3-F3-kostka-stacyjki-33287_1.jpg\",\"contentUrl\":\"https:\\\/\\\/erformance.eu\\\/wp-content\\\/uploads\\\/2026\\\/02\\\/pol_pm_Audi-A1-GB-A3-8V-Q2-GA-Q3-F3-kostka-stacyjki-33287_1.jpg\",\"width\":1200,\"height\":1200},{\"@type\":\"BreadcrumbList\",\"@id\":\"https:\\\/\\\/erformance.eu\\\/lv\\\/produkts\\\/audi-a1-gb-a3-8v-q2-ga-q3-f3-uzdegimo-jungiklis\\\/#breadcrumb\",\"itemListElement\":[{\"@type\":\"ListItem\",\"position\":1,\"name\":\"Home\",\"item\":\"https:\\\/\\\/erformance.eu\\\/lv\\\/\"},{\"@type\":\"ListItem\",\"position\":2,\"name\":\"Veikals\",\"item\":\"https:\\\/\\\/erformance.eu\\\/lv\\\/veikals\\\/\"},{\"@type\":\"ListItem\",\"position\":3,\"name\":\"Audi A1 GB A3 8V Q2 GA Q3 F3 u\u017edegimo jungiklis\"}]},{\"@type\":\"WebSite\",\"@id\":\"https:\\\/\\\/erformance.eu\\\/lv\\\/#website\",\"url\":\"https:\\\/\\\/erformance.eu\\\/lv\\\/\",\"name\":\"Erformance.eu\",\"description\":\"Automobili\u0173 dali\u0173 parduotuv\u0117\",\"potentialAction\":[{\"@type\":\"SearchAction\",\"target\":{\"@type\":\"EntryPoint\",\"urlTemplate\":\"https:\\\/\\\/erformance.eu\\\/lv\\\/?s={search_term_string}\"},\"query-input\":{\"@type\":\"PropertyValueSpecification\",\"valueRequired\":true,\"valueName\":\"search_term_string\"}}],\"inLanguage\":\"lv-LV\"}]}<\/script>\n<!-- \/ Yoast SEO Premium plugin. -->","yoast_head_json":{"title":"Audi A1 GB A3 8V Q2 GA Q3 F3 u\u017edegimo jungiklis - Erformance.eu","robots":{"index":"index","follow":"follow","max-snippet":"max-snippet:-1","max-image-preview":"max-image-preview:large","max-video-preview":"max-video-preview:-1"},"canonical":"https:\/\/erformance.eu\/lv\/produkts\/audi-a1-gb-a3-8v-q2-ga-q3-f3-uzdegimo-jungiklis\/","og_locale":"lv_LV","og_type":"article","og_title":"Audi A1 GB A3 8V Q2 GA Q3 F3 u\u017edegimo jungiklis","og_description":"1. Prek\u0117: u\u017edegimo jungiklio kubas2. Gamintojas: pakeitimas3. Automobilis:* Audi A1 GB 2018-* Audi A3 8V 2012-* Audi Q2 GA 2016-* Audi Q3 F3 2018-","og_url":"https:\/\/erformance.eu\/lv\/produkts\/audi-a1-gb-a3-8v-q2-ga-q3-f3-uzdegimo-jungiklis\/","og_site_name":"Erformance.eu","article_modified_time":"2026-03-12T08:38:57+00:00","og_image":[{"width":1200,"height":1200,"url":"https:\/\/erformance.eu\/wp-content\/uploads\/2026\/02\/pol_pm_Audi-A1-GB-A3-8V-Q2-GA-Q3-F3-kostka-stacyjki-33287_1.jpg","type":"image\/jpeg"}],"twitter_card":"summary_large_image","twitter_misc":{"Est. reading time":"2 min\u016btes"},"schema":{"@context":"https:\/\/schema.org","@graph":[{"@type":"WebPage","@id":"https:\/\/erformance.eu\/lv\/produkts\/audi-a1-gb-a3-8v-q2-ga-q3-f3-uzdegimo-jungiklis\/","url":"https:\/\/erformance.eu\/lv\/produkts\/audi-a1-gb-a3-8v-q2-ga-q3-f3-uzdegimo-jungiklis\/","name":"Audi A1 GB A3 8V Q2 GA Q3 F3 u\u017edegimo jungiklis - Erformance.eu","isPartOf":{"@id":"https:\/\/erformance.eu\/lv\/#website"},"primaryImageOfPage":{"@id":"https:\/\/erformance.eu\/lv\/produkts\/audi-a1-gb-a3-8v-q2-ga-q3-f3-uzdegimo-jungiklis\/#primaryimage"},"image":{"@id":"https:\/\/erformance.eu\/lv\/produkts\/audi-a1-gb-a3-8v-q2-ga-q3-f3-uzdegimo-jungiklis\/#primaryimage"},"thumbnailUrl":"https:\/\/erformance.eu\/wp-content\/uploads\/2026\/02\/pol_pm_Audi-A1-GB-A3-8V-Q2-GA-Q3-F3-kostka-stacyjki-33287_1.jpg","datePublished":"2026-02-16T12:30:04+00:00","dateModified":"2026-03-12T08:38:57+00:00","breadcrumb":{"@id":"https:\/\/erformance.eu\/lv\/produkts\/audi-a1-gb-a3-8v-q2-ga-q3-f3-uzdegimo-jungiklis\/#breadcrumb"},"inLanguage":"lv-LV","potentialAction":[{"@type":"ReadAction","target":["https:\/\/erformance.eu\/lv\/produkts\/audi-a1-gb-a3-8v-q2-ga-q3-f3-uzdegimo-jungiklis\/"]}]},{"@type":"ImageObject","inLanguage":"lv-LV","@id":"https:\/\/erformance.eu\/lv\/produkts\/audi-a1-gb-a3-8v-q2-ga-q3-f3-uzdegimo-jungiklis\/#primaryimage","url":"https:\/\/erformance.eu\/wp-content\/uploads\/2026\/02\/pol_pm_Audi-A1-GB-A3-8V-Q2-GA-Q3-F3-kostka-stacyjki-33287_1.jpg","contentUrl":"https:\/\/erformance.eu\/wp-content\/uploads\/2026\/02\/pol_pm_Audi-A1-GB-A3-8V-Q2-GA-Q3-F3-kostka-stacyjki-33287_1.jpg","width":1200,"height":1200},{"@type":"BreadcrumbList","@id":"https:\/\/erformance.eu\/lv\/produkts\/audi-a1-gb-a3-8v-q2-ga-q3-f3-uzdegimo-jungiklis\/#breadcrumb","itemListElement":[{"@type":"ListItem","position":1,"name":"Home","item":"https:\/\/erformance.eu\/lv\/"},{"@type":"ListItem","position":2,"name":"Veikals","item":"https:\/\/erformance.eu\/lv\/veikals\/"},{"@type":"ListItem","position":3,"name":"Audi A1 GB A3 8V Q2 GA Q3 F3 u\u017edegimo jungiklis"}]},{"@type":"WebSite","@id":"https:\/\/erformance.eu\/lv\/#website","url":"https:\/\/erformance.eu\/lv\/","name":"Erformance.eu","description":"Automobili\u0173 dali\u0173 parduotuv\u0117","potentialAction":[{"@type":"SearchAction","target":{"@type":"EntryPoint","urlTemplate":"https:\/\/erformance.eu\/lv\/?s={search_term_string}"},"query-input":{"@type":"PropertyValueSpecification","valueRequired":true,"valueName":"search_term_string"}}],"inLanguage":"lv-LV"}]}},"jetpack_sharing_enabled":true,"_links":{"self":[{"href":"https:\/\/erformance.eu\/lv\/wp-json\/wp\/v2\/product\/64171","targetHints":{"allow":["GET"]}}],"collection":[{"href":"https:\/\/erformance.eu\/lv\/wp-json\/wp\/v2\/product"}],"about":[{"href":"https:\/\/erformance.eu\/lv\/wp-json\/wp\/v2\/types\/product"}],"replies":[{"embeddable":true,"href":"https:\/\/erformance.eu\/lv\/wp-json\/wp\/v2\/comments?post=64171"}],"version-history":[{"count":1,"href":"https:\/\/erformance.eu\/lv\/wp-json\/wp\/v2\/product\/64171\/revisions"}],"predecessor-version":[{"id":64172,"href":"https:\/\/erformance.eu\/lv\/wp-json\/wp\/v2\/product\/64171\/revisions\/64172"}],"wp:featuredmedia":[{"embeddable":true,"href":"https:\/\/erformance.eu\/lv\/wp-json\/wp\/v2\/media\/53817"}],"wp:attachment":[{"href":"https:\/\/erformance.eu\/lv\/wp-json\/wp\/v2\/media?parent=64171"}],"wp:term":[{"taxonomy":"product_brand","embeddable":true,"href":"https:\/\/erformance.eu\/lv\/wp-json\/wp\/v2\/product_brand?post=64171"},{"taxonomy":"product_cat","embeddable":true,"href":"https:\/\/erformance.eu\/lv\/wp-json\/wp\/v2\/product_cat?post=64171"},{"taxonomy":"product_tag","embeddable":true,"href":"https:\/\/erformance.eu\/lv\/wp-json\/wp\/v2\/product_tag?post=64171"}],"curies":[{"name":"wp","href":"https:\/\/api.w.org\/{rel}","templated":true}]}}