{"id":64185,"date":"2026-02-16T15:30:10","date_gmt":"2026-02-16T12:30:10","guid":{"rendered":"https:\/\/erformance.eu\/?post_type=product&#038;p=64185"},"modified":"2026-03-12T13:43:19","modified_gmt":"2026-03-12T10:43:19","slug":"audi-a4-b7-04-08-variklio-dangcio-atidarymo-rankenele","status":"publish","type":"product","link":"https:\/\/erformance.eu\/lv\/produkts\/audi-a4-b7-04-08-variklio-dangcio-atidarymo-rankenele\/","title":{"rendered":"Audi A4 B7 04-08 variklio dang\u010dio atidarymo ranken\u0117l\u0117"},"content":{"rendered":"<p>Prek\u0117: gaubto atidarymo rankena<br \/>\nOriginalus numeris: 8E1823533B<br \/>\nPASTABA: auk\u0161\u010diau pateikti numeriai yra original\u016bs dali\u0173 numeriai, kuriuos \u0161is pasi\u016blymas pakei\u010dia. Prie\u0161 pirkdami, palyginkite juos su originaliu dalies numeriu. Jei jie skiriasi net vienu simboliu, dalis netiks, neveiks arba veiks netinkamai. Tokiu atveju jos nepirkite.<br \/>\nAutomobilis:<br \/>\nAudi A4 B6 (8E2), pagaminimo metai: 2000\u20132004<\/p>\n<p>Audi A4 B6 (8E2) 1.6 (ALZ) 1595ccm 102KM\/75kW 2000\/11 &#8211; 2004\/12<br \/>\nAudi A4 B6 (8E2) 1.8 T (AVJ) 1781ccm 150KM\/110kW 2000\/11\u20132002\/07<br \/>\nAudi A4 B6 (8E2) 1.8 T (BEX) 1781ccm 190KM\/140kW 2002\/11 &#8211; 2004\/12<br \/>\nAudi A4 B6 (8E2) 1.8 T (BFB) 1781 cm\u00b3 163 KM\/120 kW (2002-07-2004-12)<br \/>\nAudi A4 B6 (8E2) 1.8 T quattro (AMB AWM) 1781ccm 170KM\/125kW 2001\/07-2004\/12<br \/>\nAudi A4 B6 (8E2) 1.8 T quattro (AVJ) 1781 cm\u00b3 150 km\/110 kW (2000\/11\u20132002\/07)<br \/>\nAudi A4 B6 (8E2) 1.8 T quattro (BEX) 1781 cm\u00b3 (190 km\/140 kW) 2002\/11\u20132004\/12<br \/>\nAudi A4 B6 (8E2) 1.8 T quattro (BFB) 1781 cm\u00b3 (163 km\/120 kW) 2002\/07\u20132004\/12<br \/>\nAudi A4 B6 (8E2) 1.9 TDI (AVB) 1896ccm 101km\/74kW 2001\/05-2004\/12<br \/>\nAudi A4 B6 (8E2) 1.9 TDI (AVF AWX) 1896ccm 130KM\/96kW 2000\/11-2004\/12<br \/>\nAudi A4 B6 (8E2) 1.9 TDI (BKE) 1896ccm 116KM\/85kW 2004\/06-2004\/12<br \/>\nAudi A4 B6 (8E2) 1.9 TDI quattro (AVF) 1896ccm 130KM\/96kW 2001\/11-2004\/12<br \/>\nAudi A4 B6 (8E2) 2.0 (ALT) 1984ccm 130KM\/96kW 2000\/11 &#8211; 2004\/12<br \/>\nAudi A4 B6 (8E2) 2.0 FSI (AWA) 1984ccm 150KM\/110kW 2002\/07-2004\/12<br \/>\nAudi A4 B6 (8E2) 2.4 (AMM) 2393ccm 163KM\/120kW 2001\/09-2004\/12<br \/>\nAudi A4 B6 (8E2) 2.4 (BDV) 2393ccm 170KM\/125kW 2001\/09-2004\/12<br \/>\nAudi A4 B6 (8E2) 2.5 TDI (AYM) 2496ccm 155KM\/114kW 2001\/08-2002\/07<br \/>\nAudi A4 B6 (8E2) 2.5 TDI (BCZ BDG BFC) 2496ccm 163KM\/120kW 2002\/07-2004\/12<br \/>\nAudi A4 B6 (8E2) 2.5 TDI quattro (AKE BAU BDH) 2496ccm 180KM\/132kW 2000\/11-2004\/12<br \/>\nAudi A4 B6 (8E2) 3.0 (ASN AVK) 2976ccm 220KM\/162kW 2000\/11-2004\/12<br \/>\nAudi A4 B6 (8E2) 3.0 (BBJ) 2976ccm 218KM\/160kW 2001\/04-2004\/12<br \/>\nAudi A4 B6 (8E2) 3.0 quattro (ASN AVK) 2976ccm 220KM\/162kW 2000\/11-2004\/12<br \/>\nAudi A4 B6 (8E2) 3.0 quattro (BBJ) 2976ccm 218KM\/160kW 2001\/04-2004\/12<br \/>\nAudi A4 B6 (8E2) S4 quattro (BBK BHF) 4163ccm 344KM\/253kW 2003\/03-2004\/12<\/p>\n<p>Audi A4 B6 Avant (8E5) gamybos metai: 2001-2004<\/p>\n<p>Audi A4 B6 Avant (8E5) 1.6 (ALH) 1595ccm 102KM\/75kW 2001\/09-2004\/12<br \/>\nAudi A4 B6 Avant (8E5) 1.8 T (AVJ) 1781ccm 150KM\/110kW 2001\/09-2002\/07<br \/>\nAudi A4 B6 Avant (8E5) 1.8 T (BEX) 1781ccm 190KM\/140kW 2002\/11 &#8211; 2004\/12<br \/>\nAudi A4 B6 Avant (8E5) 1.8 T (BFB) 1781ccm 163KM\/120kW 2002\/07-2004\/12<br \/>\nAudi A4 B6 Avant (8E5) 1.8 T quattro (AVJ) 1781 cm3 (150 km\/110 kW) 2001\/09\u20132002\/07<br \/>\nAudi A4 B6 Avant (8E5) 1.8 T quattro (BEX) 1781ccm 190KM\/140kW 2002\/11 &#8211; 2004\/12<br \/>\nAudi A4 B6 Avant (8E5) 1.8 T quattro (BFB) 1781 cm\u00b3 (163 km\/120 kW) 2002\/07\u20132004\/12<br \/>\nAudi A4 B6 Avant (8E5) 1.9 TDI (AVB) 1896ccm 101km\/74kW 2001\/11-2004\/12<br \/>\nAudi A4 B6 Avant (8E5) 1.9 TDI (AVF AWX) 1896ccm 130KM\/96kW 2001\/09-2004\/12<br \/>\nAudi A4 B6 Avant (8E5) 1.9 TDI (BKE) 1896ccm 116KM\/85kW 2004\/06-2004\/12<br \/>\nAudi A4 B6 Avant (8E5) 1.9 TDI quattro (AVF) 1896ccm 130KM\/96kW 2001\/11-2004\/12<br \/>\nAudi A4 B6 Avant (8E5) 2.0 (ALT) 1984ccm 130KM\/96kW 2001\/09-2004\/12<br \/>\nAudi A4 B6 Avant (8E5) 2.0 FSI (AWA) 1984ccm 150KM\/110kW 2002\/07-2004\/12<br \/>\nAudi A4 B6 Avant (8E5) 2.4 (AMM) 2393ccm 163KM\/120kW 2001\/09-2004\/12<br \/>\nAudi A4 B6 Avant (8E5) 2.4 (BDV) 2393ccm 170KM\/125kW 2001\/09-2004\/12<br \/>\nAudi A4 B6 Avant (8E5) 2.5 TDI (AYM) 2496ccm 155KM\/114kW 2001\/09-2002\/07<br \/>\nAudi A4 B6 Avant (8E5) 2.5 TDI (BCZ BDG BFC) 2496ccm 163KM\/120kW 2002\/07-2004\/12<br \/>\nAudi A4 B6 Avant (8E5) 2.5 TDI quattro (AKE BAU BDH) 2496ccm 180KM\/132kW 2001\/09-2004\/12<br \/>\nAudi A4 B6 Avant (8E5) 3.0 (ASN) 2976ccm 220KM\/162kW 2001\/09-2004\/12<br \/>\nAudi A4 B6 Avant (8E5) 3.0 (BBJ) 2976ccm 218KM\/160kW 2001\/04-2004\/12<br \/>\nAudi A4 B6 Avant (8E5) 3.0 quattro (ASN AVK) 2976ccm 220KM\/162kW 2001\/09-2004\/12<br \/>\nAudi A4 B6 Avant (8E5) 3.0 quattro (BBJ) 2976ccm 218KM\/160kW 2001\/04-2004\/12<br \/>\nAudi A4 B6 Avant (8E5) S4 quattro (BBK BHF) 4163ccm 344KM\/253kW 2003\/03-2004\/12<\/p>\n<p>Audi A4 B7 (8EC) rok produkcji: 2004-2008<\/p>\n<p>Audi A4 B7 (8EC) 1.6 (ALZ) 1595ccm 102KM\/75kW 2004\/11-2008\/06<br \/>\nAudi A4 B7 (8EC) 1.8 T (BFB) 1781ccm 163KM\/120kW 2004\/11-2008\/06<br \/>\nAudi A4 B7 (8EC) 1.8 T quattro (BFB) 1781ccm 163KM\/120kW 2004\/11-2008\/06<br \/>\nAudi A4 B7 (8EC) 1.9 TDI (BKE BRB) 1896ccm 116KM\/85kW 2004\/11-2008\/06<br \/>\nAudi A4 B7 (8EC) 2.0 (ALT) 1984ccm 130KM\/96kW 2004\/11-2008\/06<br \/>\nAudi A4 B7 (8EC) 2.0 TDI (BNA BRF) 1968ccm 136KM\/100kW 2004\/11-2008\/06<br \/>\nAudi A4 B7 (8EC) 2.0 TDI (BPW) 1968ccm 140KM\/103kW 2004\/11-2008\/06<br \/>\nAudi A4 B7 (8EC) 2.0 TDI (BRD) 1968ccm 170KM\/125kW 2006\/06-2008\/06<br \/>\nAudi A4 B7 (8EC) 2.0 TDI (BVA) 1968ccm 163KM\/120kW 2006\/06-2008\/06<br \/>\nAudi A4 B7 (8EC) 2.0 TDI (BVF) 1968ccm 126KM\/93kW 2005\/11-2006\/11<br \/>\nAudi A4 B7 (8EC) 2.0 TDI (BVG) 1968ccm 121KM\/89kW 2005\/09-2006\/09<br \/>\nAudi A4 B7 (8EC) 2.0 TDI 16V (BLB BRE) 1968ccm 140KM\/103kW 2004\/11-2008\/06<br \/>\nAudi A4 B7 (8EC) 2.0 TDI quattro (BPW) 1968ccm 140KM\/103kW 2006\/01-2008\/06<br \/>\nAudi A4 B7 (8EC) 2.0 TDI quattro (BRD) 1968ccm 170KM\/125kW 2006\/06-2008\/06<br \/>\nAudi A4 B7 (8EC) 2.0 TDI quattro (BVA) 1968ccm 163KM\/120kW 2006\/06-2008\/06<br \/>\nAudi A4 B7 (8EC) 2.0 TFSI (BGB BPG BWE BWT) 1984ccm 200KM\/147kW 2004\/11-2008\/06<br \/>\nAudi A4 B7 (8EC) 2.0 TFSI (BPJ BYK) 1984ccm 170KM\/125kW 2006\/10-2008\/06<br \/>\nAudi A4 B7 (8EC) 2.0 TFSI (BUL) 1984ccm 220KM\/162kW 2005\/06-2008\/06<br \/>\nAudi A4 B7 (8EC) 2.0 TFSI quattro (BGB BPG BWE BWT) 1984ccm 200KM\/147kW 2004\/11-2008\/06<br \/>\nAudi A4 B7 (8EC) 2.0 TFSI quattro (BUL) 1984ccm 220KM\/162kW 2005\/06-2008\/06<br \/>\nAudi A4 B7 (8EC) 2.5 TDI (BDG) 2496ccm 163KM\/120kW 2004\/11-2006\/05<br \/>\nAudi A4 B7 (8EC) 2.7 TDI (BPP) 2698ccm 180KM\/132kW 2006\/01-2008\/06<br \/>\nAudi A4 B7 (8EC) 2.7 TDI (BSG) 2698ccm 163KM\/120kW 2005\/11-2008\/06<br \/>\nAudi A4 B7 (8EC) 3.0 (BBJ) 2976ccm 218KM\/160kW 2004\/11-2006\/05<br \/>\nAudi A4 B7 (8EC) 3.0 TDI quattro (ASB) 2967ccm 233KM\/171kW 2006\/01-2008\/06<br \/>\nAudi A4 B7 (8EC) 3.0 TDI quattro (BKN) 2967ccm 204KM\/150kW 2004\/11-2008\/06<br \/>\nAudi A4 B7 (8EC) 3.0 quattro (BBJ) 2976ccm 218KM\/160kW 2004\/11-2006\/07<br \/>\nAudi A4 B7 (8EC) 3.2 FSI (AUK) 3123ccm 255KM\/188kW 2005\/01-2008\/06<br \/>\nAudi A4 B7 (8EC) 3.2 FSI quattro (AUK BKH) 3123ccm 255KM\/188kW 2005\/01-2008\/06<br \/>\nAudi A4 B7 (8EC) RS4 quattro (BNS) 4163ccm 420KM\/309kW 2005\/09-2008\/06<br \/>\nAudi A4 B7 (8EC) S4 quattro (BBK BHF) 4163ccm 344KM\/253kW 2004\/11-2008\/06<\/p>\n<p>Audi A4 B7 Avant (8ED) rok produkcji: 2004-2008<\/p>\n<p>Audi A4 B7 Avant (8ED) 1.6 (ALZ) 1595ccm 102KM\/75kW 2004\/11-2008\/06<br \/>\nAudi A4 B7 Avant (8ED) 1.8 T (BFB) 1781ccm 163KM\/120kW 2004\/11-2008\/06<br \/>\nAudi A4 B7 Avant (8ED) 1.8 T quattro (BFB) 1781ccm 163KM\/120kW 2004\/11-2008\/06<br \/>\nAudi A4 B7 Avant (8ED) 1.9 TDI (BKE BRB) 1896ccm 116KM\/85kW 2004\/11-2008\/06<br \/>\nAudi A4 B7 Avant (8ED) 2.0 (ALT) 1984ccm 130KM\/96kW 2004\/11-2008\/06<br \/>\nAudi A4 B7 Avant (8ED) 2.0 TDI (BNA BRF) 1968ccm 136KM\/100kW 2004\/11-2008\/06<br \/>\nAudi A4 B7 Avant (8ED) 2.0 TDI (BPW) 1968ccm 140KM\/103kW 2004\/11-2008\/06<br \/>\nAudi A4 B7 Avant (8ED) 2.0 TDI (BRD) 1968ccm 170KM\/125kW 2006\/06-2008\/06<br \/>\nAudi A4 B7 Avant (8ED) 2.0 TDI (BVA) 1968ccm 163KM\/120kW 2006\/06-2008\/06<br \/>\nAudi A4 B7 Avant (8ED) 2.0 TDI (BVF) 1968ccm 126KM\/93kW 2005\/11-2006\/11<br \/>\nAudi A4 B7 Avant (8ED) 2.0 TDI (BVG) 1968ccm 121KM\/89kW 2005\/09-2006\/09<br \/>\nAudi A4 B7 Avant (8ED) 2.0 TDI 16V (BLB BRE) 1968ccm 140KM\/103kW 2004\/11-2008\/06<br \/>\nAudi A4 B7 Avant (8ED) 2.0 TDI quattro (BPW) 1968ccm 140KM\/103kW 2006\/01-2008\/06<br \/>\nAudi A4 B7 Avant (8ED) 2.0 TDI quattro (BRD) 1968ccm 170KM\/125kW 2006\/06-2008\/06<br \/>\nAudi A4 B7 Avant (8ED) 2.0 TDI quattro (BVA) 1968ccm 163KM\/120kW 2006\/06-2008\/06<br \/>\nAudi A4 B7 Avant (8ED) 2.0 TFSI (BGB BPG BWE) 1984ccm 200KM\/147kW 2004\/11-2008\/06<br \/>\nAudi A4 B7 Avant (8ED) 2.0 TFSI (BPJ BYK) 1984ccm 170KM\/125kW 2006\/10-2008\/06<br \/>\nAudi A4 B7 Avant (8ED) 2.0 TFSI (BUL) 1984ccm 220KM\/162kW 2005\/06-2008\/06<br \/>\nAudi A4 B7 Avant (8ED) 2.0 TFSI quattro (BGB BPG BWE BWT) 1984ccm 200KM\/147kW 2004\/11-2008\/06<br \/>\nAudi A4 B7 Avant (8ED) 2.0 TFSI quattro (BUL) 1984ccm 220KM\/162kW 2005\/06-2008\/06<br \/>\nAudi A4 B7 Avant (8ED) 2.5 TDI (BDG) 2496ccm 163KM\/120kW 2004\/11-2006\/05<br \/>\nAudi A4 B7 Avant (8ED) 2.7 TDI (BPP) 2698ccm 180KM\/132kW 2006\/01-2008\/06<br \/>\nAudi A4 B7 Avant (8ED) 2.7 TDi (BSG) 2698ccm 163KM\/120kW 2005\/11-2008\/03<br \/>\nAudi A4 B7 Avant (8ED) 3.0 (BBJ) 2976ccm 218KM\/160kW 2004\/11-2006\/05<br \/>\nAudi A4 B7 Avant (8ED) 3.0 TDI quattro (ASB) 2967ccm 233KM\/171kW 2006\/01-2008\/06<br \/>\nAudi A4 B7 Avant (8ED) 3.0 TDI quattro (BKN) 2967ccm 204KM\/150kW 2004\/11-2008\/06<br \/>\nAudi A4 B7 Avant (8ED) 3.0 quattro (BBJ) 2976ccm 218KM\/160kW 2004\/11-2006\/07<br \/>\nAudi A4 B7 Avant (8ED) 3.2 FSI (AUK) 3123ccm 255KM\/188kW 2005\/01-2008\/06<br \/>\nAudi A4 B7 Avant (8ED) 3.2 FSI quattro (AUK BKH) 3123ccm 255KM\/188kW 2005\/01-2008\/06<br \/>\nAudi A4 B7 Avant (8ED) RS4 quattro (BNS) 4163ccm 420KM\/309kW 2005\/09-2008\/06<br \/>\nAudi A4 B7 Avant (8ED) S4 quattro (BBK BHF) 4163ccm 344KM\/253kW 2004\/11-2008\/06<\/p>\n<p>Seat EXEO (3R2) rok produkcji: 2008-2013<\/p>\n<p>Seat EXEO (3R2) 1.6 (ALZ) 1595ccm 102KM\/75kW 2009\/03-2010\/09<br \/>\nSeat EXEO (3R2) 1.8 T (CFMA) 1781ccm 150KM\/110kW 2008\/12-2010\/05<br \/>\nSeat EXEO (3R2) 1.8 TSI (CDHA) 1798ccm 120KM\/88kW 2010\/09-2013\/05<br \/>\nSeat EXEO (3R2) 1.8 TSI (CDHB) 1798ccm 160KM\/118kW 2010\/05-2013\/05<br \/>\nSeat EXEO (3R2) 2.0 TDI (CAGA CJCA) 1968ccm 143KM\/105kW 2008\/12-2013\/05<br \/>\nSeat EXEO (3R2) 2.0 TDI (CAGC CJCC) 1968ccm 120KM\/88kW 2008\/12-2013\/05<br \/>\nSeat EXEO (3R2) 2.0 TDI (CAHA CGLB) 1968ccm 170KM\/125kW 2009\/02-2013\/05<br \/>\nSeat EXEO (3R2) 2.0 TFSI (BWE) 1984ccm 200KM\/147kW 2009\/03-2013\/05<br \/>\nS\u0117dyn\u0117 EXEO (3R2) 2.0 TFSI (CDND) 1984ccm 211KM\/155kW 2010\/05\u20132013\/05<\/p>\n<p>\u201eSeat EXEO ST\u201c (3R5) gamybos metai: 2009\u20132013<\/p>\n<p>Seat EXEO ST (3R5) 1.6 (ALZ) 1595ccm 102KM\/75kW 2009\/06-2010\/09<br \/>\nSeat EXEO ST (3R5) 1.8 T (CFMA) 1781ccm 150KM\/110kW 2009\/06-2010\/05<br \/>\nSeat EXEO ST (3R5) 1.8 TSI (CDHA) 1798ccm 120KM\/88kW 2010\/09-2013\/05<br \/>\nSeat EXEO ST (3R5) 1.8 TSI (CDHB) 1798ccm 160KM\/118kW 2010\/05-2013\/05<br \/>\nSeat EXEO ST (3R5) 2.0 TDI (CAGA CJCA) 1968ccm 143KM\/105kW 2009\/05-2013\/05<br \/>\nSeat EXEO ST (3R5) 2.0 TDI (CAGC CJCC) 1968ccm 120KM\/88kW 2009\/07-2013\/05<br \/>\nSeat EXEO ST (3R5) 2.0 TDI (CAHA CGLB) 1968ccm 170KM\/125kW 2009\/05-2013\/05<br \/>\nSeat EXEO ST (3R5) 2.0 TFSI (BWE) 1984ccm 200KM\/147kW 2009\/06-2013\/05<br \/>\nS\u0117dyn\u0117 EXEO ST (3R5) 2.0 TFSI (CDND) 1984ccm 211KM\/155kW 2010\/05-2013\/05<\/p>\n<p>Gamintojas: pakaitalas<br \/>\nTechnin\u0117 b\u016bkl\u0117: prek\u0117 yra visi\u0161kai nauja, nenaudota, nepa\u017eeista ir nesugadinta<\/p>\n","protected":false},"excerpt":{"rendered":"<p>1. Prek\u0117: gaubto atidarymo rankena2. Gamintojas: pakeitimas3. Automobilis:     * Audi A4 B6 00-04     * Audi A4 B7 04-08     * Seat Exeo 08-13<\/p>\n","protected":false},"featured_media":64186,"comment_status":"open","ping_status":"closed","template":"","meta":[],"product_brand":[],"product_cat":[390,144,3910,3950,4155,4350],"product_tag":[],"class_list":{"0":"post-64185","1":"product","2":"type-product","3":"status-publish","4":"has-post-thumbnail","6":"product_cat-audi-a4","7":"product_cat-audi","8":"product_cat-audi-a4-b7","9":"product_cat-audi-a4-b7-isores-dalys","10":"product_cat-audi-a4-b7-isores-kitos-dalys","11":"product_cat-audi-a4-b7-mechanizmai-valytuvai","13":"first","14":"instock","15":"shipping-taxable","16":"purchasable","17":"product-type-simple"},"yoast_head":"<!-- This site is optimized with the Yoast SEO Premium plugin v25.2 (Yoast SEO v27.4) - https:\/\/yoast.com\/product\/yoast-seo-premium-wordpress\/ -->\n<title>Audi A4 B7 04-08 variklio dang\u010dio atidarymo ranken\u0117l\u0117 - Erformance.eu<\/title>\n<meta name=\"robots\" content=\"index, follow, max-snippet:-1, max-image-preview:large, max-video-preview:-1\" \/>\n<link rel=\"canonical\" href=\"https:\/\/erformance.eu\/lv\/produkts\/audi-a4-b7-04-08-variklio-dangcio-atidarymo-rankenele\/\" \/>\n<meta property=\"og:locale\" content=\"lv_LV\" \/>\n<meta property=\"og:type\" content=\"article\" \/>\n<meta property=\"og:title\" content=\"Audi A4 B7 04-08 variklio dang\u010dio atidarymo ranken\u0117l\u0117\" \/>\n<meta property=\"og:description\" content=\"1. Prek\u0117: gaubto atidarymo rankena2. Gamintojas: pakeitimas3. Automobilis:   * Audi A4 B6 00-04   * Audi A4 B7 04-08   * Seat Exeo 08-13\" \/>\n<meta property=\"og:url\" content=\"https:\/\/erformance.eu\/lv\/produkts\/audi-a4-b7-04-08-variklio-dangcio-atidarymo-rankenele\/\" \/>\n<meta property=\"og:site_name\" content=\"Erformance.eu\" \/>\n<meta property=\"article:modified_time\" content=\"2026-03-12T10:43:19+00:00\" \/>\n<meta property=\"og:image\" content=\"https:\/\/erformance.eu\/wp-content\/uploads\/2026\/02\/pol_pm_Audi-A4-B7-04-08-raczka-otwierania-maski-15428_1.jpg\" \/>\n\t<meta property=\"og:image:width\" content=\"1200\" \/>\n\t<meta property=\"og:image:height\" content=\"900\" \/>\n\t<meta property=\"og:image:type\" content=\"image\/jpeg\" \/>\n<meta name=\"twitter:card\" content=\"summary_large_image\" \/>\n<meta name=\"twitter:label1\" content=\"Est. reading time\" \/>\n\t<meta name=\"twitter:data1\" content=\"7 min\u016btes\" \/>\n<script type=\"application\/ld+json\" class=\"yoast-schema-graph\">{\"@context\":\"https:\\\/\\\/schema.org\",\"@graph\":[{\"@type\":\"WebPage\",\"@id\":\"https:\\\/\\\/erformance.eu\\\/lv\\\/produkts\\\/audi-a4-b7-04-08-variklio-dangcio-atidarymo-rankenele\\\/\",\"url\":\"https:\\\/\\\/erformance.eu\\\/lv\\\/produkts\\\/audi-a4-b7-04-08-variklio-dangcio-atidarymo-rankenele\\\/\",\"name\":\"Audi A4 B7 04-08 variklio dang\u010dio atidarymo ranken\u0117l\u0117 - Erformance.eu\",\"isPartOf\":{\"@id\":\"https:\\\/\\\/erformance.eu\\\/lv\\\/#website\"},\"primaryImageOfPage\":{\"@id\":\"https:\\\/\\\/erformance.eu\\\/lv\\\/produkts\\\/audi-a4-b7-04-08-variklio-dangcio-atidarymo-rankenele\\\/#primaryimage\"},\"image\":{\"@id\":\"https:\\\/\\\/erformance.eu\\\/lv\\\/produkts\\\/audi-a4-b7-04-08-variklio-dangcio-atidarymo-rankenele\\\/#primaryimage\"},\"thumbnailUrl\":\"https:\\\/\\\/erformance.eu\\\/wp-content\\\/uploads\\\/2026\\\/02\\\/pol_pm_Audi-A4-B7-04-08-raczka-otwierania-maski-15428_1.jpg\",\"datePublished\":\"2026-02-16T12:30:10+00:00\",\"dateModified\":\"2026-03-12T10:43:19+00:00\",\"breadcrumb\":{\"@id\":\"https:\\\/\\\/erformance.eu\\\/lv\\\/produkts\\\/audi-a4-b7-04-08-variklio-dangcio-atidarymo-rankenele\\\/#breadcrumb\"},\"inLanguage\":\"lv-LV\",\"potentialAction\":[{\"@type\":\"ReadAction\",\"target\":[\"https:\\\/\\\/erformance.eu\\\/lv\\\/produkts\\\/audi-a4-b7-04-08-variklio-dangcio-atidarymo-rankenele\\\/\"]}]},{\"@type\":\"ImageObject\",\"inLanguage\":\"lv-LV\",\"@id\":\"https:\\\/\\\/erformance.eu\\\/lv\\\/produkts\\\/audi-a4-b7-04-08-variklio-dangcio-atidarymo-rankenele\\\/#primaryimage\",\"url\":\"https:\\\/\\\/erformance.eu\\\/wp-content\\\/uploads\\\/2026\\\/02\\\/pol_pm_Audi-A4-B7-04-08-raczka-otwierania-maski-15428_1.jpg\",\"contentUrl\":\"https:\\\/\\\/erformance.eu\\\/wp-content\\\/uploads\\\/2026\\\/02\\\/pol_pm_Audi-A4-B7-04-08-raczka-otwierania-maski-15428_1.jpg\",\"width\":1200,\"height\":900},{\"@type\":\"BreadcrumbList\",\"@id\":\"https:\\\/\\\/erformance.eu\\\/lv\\\/produkts\\\/audi-a4-b7-04-08-variklio-dangcio-atidarymo-rankenele\\\/#breadcrumb\",\"itemListElement\":[{\"@type\":\"ListItem\",\"position\":1,\"name\":\"Home\",\"item\":\"https:\\\/\\\/erformance.eu\\\/lv\\\/\"},{\"@type\":\"ListItem\",\"position\":2,\"name\":\"Veikals\",\"item\":\"https:\\\/\\\/erformance.eu\\\/lv\\\/veikals\\\/\"},{\"@type\":\"ListItem\",\"position\":3,\"name\":\"Audi A4 B7 04-08 variklio dang\u010dio atidarymo ranken\u0117l\u0117\"}]},{\"@type\":\"WebSite\",\"@id\":\"https:\\\/\\\/erformance.eu\\\/lv\\\/#website\",\"url\":\"https:\\\/\\\/erformance.eu\\\/lv\\\/\",\"name\":\"Erformance.eu\",\"description\":\"Automobili\u0173 dali\u0173 parduotuv\u0117\",\"potentialAction\":[{\"@type\":\"SearchAction\",\"target\":{\"@type\":\"EntryPoint\",\"urlTemplate\":\"https:\\\/\\\/erformance.eu\\\/lv\\\/?s={search_term_string}\"},\"query-input\":{\"@type\":\"PropertyValueSpecification\",\"valueRequired\":true,\"valueName\":\"search_term_string\"}}],\"inLanguage\":\"lv-LV\"}]}<\/script>\n<!-- \/ Yoast SEO Premium plugin. -->","yoast_head_json":{"title":"Audi A4 B7 04-08 variklio dang\u010dio atidarymo ranken\u0117l\u0117 - Erformance.eu","robots":{"index":"index","follow":"follow","max-snippet":"max-snippet:-1","max-image-preview":"max-image-preview:large","max-video-preview":"max-video-preview:-1"},"canonical":"https:\/\/erformance.eu\/lv\/produkts\/audi-a4-b7-04-08-variklio-dangcio-atidarymo-rankenele\/","og_locale":"lv_LV","og_type":"article","og_title":"Audi A4 B7 04-08 variklio dang\u010dio atidarymo ranken\u0117l\u0117","og_description":"1. Prek\u0117: gaubto atidarymo rankena2. Gamintojas: pakeitimas3. Automobilis:   * Audi A4 B6 00-04   * Audi A4 B7 04-08   * Seat Exeo 08-13","og_url":"https:\/\/erformance.eu\/lv\/produkts\/audi-a4-b7-04-08-variklio-dangcio-atidarymo-rankenele\/","og_site_name":"Erformance.eu","article_modified_time":"2026-03-12T10:43:19+00:00","og_image":[{"width":1200,"height":900,"url":"https:\/\/erformance.eu\/wp-content\/uploads\/2026\/02\/pol_pm_Audi-A4-B7-04-08-raczka-otwierania-maski-15428_1.jpg","type":"image\/jpeg"}],"twitter_card":"summary_large_image","twitter_misc":{"Est. reading time":"7 min\u016btes"},"schema":{"@context":"https:\/\/schema.org","@graph":[{"@type":"WebPage","@id":"https:\/\/erformance.eu\/lv\/produkts\/audi-a4-b7-04-08-variklio-dangcio-atidarymo-rankenele\/","url":"https:\/\/erformance.eu\/lv\/produkts\/audi-a4-b7-04-08-variklio-dangcio-atidarymo-rankenele\/","name":"Audi A4 B7 04-08 variklio dang\u010dio atidarymo ranken\u0117l\u0117 - Erformance.eu","isPartOf":{"@id":"https:\/\/erformance.eu\/lv\/#website"},"primaryImageOfPage":{"@id":"https:\/\/erformance.eu\/lv\/produkts\/audi-a4-b7-04-08-variklio-dangcio-atidarymo-rankenele\/#primaryimage"},"image":{"@id":"https:\/\/erformance.eu\/lv\/produkts\/audi-a4-b7-04-08-variklio-dangcio-atidarymo-rankenele\/#primaryimage"},"thumbnailUrl":"https:\/\/erformance.eu\/wp-content\/uploads\/2026\/02\/pol_pm_Audi-A4-B7-04-08-raczka-otwierania-maski-15428_1.jpg","datePublished":"2026-02-16T12:30:10+00:00","dateModified":"2026-03-12T10:43:19+00:00","breadcrumb":{"@id":"https:\/\/erformance.eu\/lv\/produkts\/audi-a4-b7-04-08-variklio-dangcio-atidarymo-rankenele\/#breadcrumb"},"inLanguage":"lv-LV","potentialAction":[{"@type":"ReadAction","target":["https:\/\/erformance.eu\/lv\/produkts\/audi-a4-b7-04-08-variklio-dangcio-atidarymo-rankenele\/"]}]},{"@type":"ImageObject","inLanguage":"lv-LV","@id":"https:\/\/erformance.eu\/lv\/produkts\/audi-a4-b7-04-08-variklio-dangcio-atidarymo-rankenele\/#primaryimage","url":"https:\/\/erformance.eu\/wp-content\/uploads\/2026\/02\/pol_pm_Audi-A4-B7-04-08-raczka-otwierania-maski-15428_1.jpg","contentUrl":"https:\/\/erformance.eu\/wp-content\/uploads\/2026\/02\/pol_pm_Audi-A4-B7-04-08-raczka-otwierania-maski-15428_1.jpg","width":1200,"height":900},{"@type":"BreadcrumbList","@id":"https:\/\/erformance.eu\/lv\/produkts\/audi-a4-b7-04-08-variklio-dangcio-atidarymo-rankenele\/#breadcrumb","itemListElement":[{"@type":"ListItem","position":1,"name":"Home","item":"https:\/\/erformance.eu\/lv\/"},{"@type":"ListItem","position":2,"name":"Veikals","item":"https:\/\/erformance.eu\/lv\/veikals\/"},{"@type":"ListItem","position":3,"name":"Audi A4 B7 04-08 variklio dang\u010dio atidarymo ranken\u0117l\u0117"}]},{"@type":"WebSite","@id":"https:\/\/erformance.eu\/lv\/#website","url":"https:\/\/erformance.eu\/lv\/","name":"Erformance.eu","description":"Automobili\u0173 dali\u0173 parduotuv\u0117","potentialAction":[{"@type":"SearchAction","target":{"@type":"EntryPoint","urlTemplate":"https:\/\/erformance.eu\/lv\/?s={search_term_string}"},"query-input":{"@type":"PropertyValueSpecification","valueRequired":true,"valueName":"search_term_string"}}],"inLanguage":"lv-LV"}]}},"jetpack_sharing_enabled":true,"_links":{"self":[{"href":"https:\/\/erformance.eu\/lv\/wp-json\/wp\/v2\/product\/64185","targetHints":{"allow":["GET"]}}],"collection":[{"href":"https:\/\/erformance.eu\/lv\/wp-json\/wp\/v2\/product"}],"about":[{"href":"https:\/\/erformance.eu\/lv\/wp-json\/wp\/v2\/types\/product"}],"replies":[{"embeddable":true,"href":"https:\/\/erformance.eu\/lv\/wp-json\/wp\/v2\/comments?post=64185"}],"version-history":[{"count":1,"href":"https:\/\/erformance.eu\/lv\/wp-json\/wp\/v2\/product\/64185\/revisions"}],"predecessor-version":[{"id":64188,"href":"https:\/\/erformance.eu\/lv\/wp-json\/wp\/v2\/product\/64185\/revisions\/64188"}],"wp:featuredmedia":[{"embeddable":true,"href":"https:\/\/erformance.eu\/lv\/wp-json\/wp\/v2\/media\/64186"}],"wp:attachment":[{"href":"https:\/\/erformance.eu\/lv\/wp-json\/wp\/v2\/media?parent=64185"}],"wp:term":[{"taxonomy":"product_brand","embeddable":true,"href":"https:\/\/erformance.eu\/lv\/wp-json\/wp\/v2\/product_brand?post=64185"},{"taxonomy":"product_cat","embeddable":true,"href":"https:\/\/erformance.eu\/lv\/wp-json\/wp\/v2\/product_cat?post=64185"},{"taxonomy":"product_tag","embeddable":true,"href":"https:\/\/erformance.eu\/lv\/wp-json\/wp\/v2\/product_tag?post=64185"}],"curies":[{"name":"wp","href":"https:\/\/api.w.org\/{rel}","templated":true}]}}