{"id":64288,"date":"2026-02-16T15:30:47","date_gmt":"2026-02-16T12:30:47","guid":{"rendered":"https:\/\/erformance.eu\/?post_type=product&#038;p=64288"},"modified":"2026-03-12T13:41:32","modified_gmt":"2026-03-12T10:41:32","slug":"audi-a4-allroad-12-16-zibinto-laikiklis-virsutinis-desinysis","status":"publish","type":"product","link":"https:\/\/erformance.eu\/lv\/produkts\/audi-a4-allroad-12-16-zibinto-laikiklis-virsutinis-desinysis\/","title":{"rendered":"Audi A4 Allroad 12-16 \u017eibinto laikiklis VIR\u0160UTINIS de\u0161inysis"},"content":{"rendered":"<p>Tema: priekinio \u017eibinto laikiklis<br \/>\nPus\u0117: De\u0161in\u0117 (keleivio pus\u0117)<br \/>\nOE numeris: 8T0941454D<br \/>\nPASTABA: auk\u0161\u010diau pateikti numeriai yra original\u016bs dali\u0173 numeriai, kuriuos \u0161is pasi\u016blymas pakei\u010dia. Prie\u0161 pirkdami, palyginkite juos su originaliu dalies numeriu. Jei jie skiriasi net vienu simboliu, dalis netiks, neveiks arba veiks netinkamai. Tokiu atveju jos nepirkite.<br \/>\nAutomobilis:<\/p>\n<p>Audi A4 B8 FL (atnaujintas), 2011\u20132015 m.<br \/>\nAudi A4 Allroad, 2012\u20132016 m.<br \/>\n\u201eAudi RS4\u201c, 2013\u20132016 m.<br \/>\n\u201eAudi A5\u201c, 2012\u20132015 met\u0173 modelis<\/p>\n<p>Gamintojas: pakaitalas<br \/>\nTechnin\u0117 b\u016bkl\u0117: prek\u0117 yra visi\u0161kai nauja, nenaudota, nepa\u017eeista ir nesugadinta<\/p>\n","protected":false},"excerpt":{"rendered":"<p>1. Prek\u0117: priekinio \u017eibinto laikiklis2. Pus\u0117: de\u0161in\u01173. Gamintojas: pakeitimas4. Automobilis:     * Audi A4 B8 FL 11-15     * Audi A4 Allroad 12-16     * Audi RS4 13-16     * Audi A5 12-15<\/p>\n","protected":false},"featured_media":64289,"comment_status":"open","ping_status":"closed","template":"","meta":[],"product_brand":[],"product_cat":[390,144,3911,3951,4273],"product_tag":[],"class_list":{"0":"post-64288","1":"product","2":"type-product","3":"status-publish","4":"has-post-thumbnail","6":"product_cat-audi-a4","7":"product_cat-audi","8":"product_cat-audi-a4-b8","9":"product_cat-audi-a4-b8-isores-dalys","10":"product_cat-audi-a4-b8-zibintai-apsvietimas","12":"first","13":"instock","14":"shipping-taxable","15":"purchasable","16":"product-type-simple"},"yoast_head":"<!-- This site is optimized with the Yoast SEO Premium plugin v25.2 (Yoast SEO v27.3) - https:\/\/yoast.com\/product\/yoast-seo-premium-wordpress\/ -->\n<title>Audi A4 Allroad 12-16 \u017eibinto laikiklis VIR\u0160UTINIS de\u0161inysis - Erformance.eu<\/title>\n<meta name=\"robots\" content=\"index, follow, max-snippet:-1, max-image-preview:large, max-video-preview:-1\" \/>\n<link rel=\"canonical\" href=\"https:\/\/erformance.eu\/lv\/produkts\/audi-a4-allroad-12-16-zibinto-laikiklis-virsutinis-desinysis\/\" \/>\n<meta property=\"og:locale\" content=\"lv_LV\" \/>\n<meta property=\"og:type\" content=\"article\" \/>\n<meta property=\"og:title\" content=\"Audi A4 Allroad 12-16 \u017eibinto laikiklis VIR\u0160UTINIS de\u0161inysis\" \/>\n<meta property=\"og:description\" content=\"1. Prek\u0117: priekinio \u017eibinto laikiklis2. Pus\u0117: de\u0161in\u01173. Gamintojas: pakeitimas4. Automobilis:   * Audi A4 B8 FL 11-15   * Audi A4 Allroad 12-16   * Audi RS4 13-16   * Audi A5 12-15\" \/>\n<meta property=\"og:url\" content=\"https:\/\/erformance.eu\/lv\/produkts\/audi-a4-allroad-12-16-zibinto-laikiklis-virsutinis-desinysis\/\" \/>\n<meta property=\"og:site_name\" content=\"Erformance.eu\" \/>\n<meta property=\"article:modified_time\" content=\"2026-03-12T10:41:32+00:00\" \/>\n<meta property=\"og:image\" content=\"https:\/\/erformance.eu\/wp-content\/uploads\/2026\/02\/pol_pm_Audi-A4-Allroad-12-16-mocowanie-reflektora-GORNE-prawe-20388_1.jpg\" \/>\n\t<meta property=\"og:image:width\" content=\"1200\" \/>\n\t<meta property=\"og:image:height\" content=\"900\" \/>\n\t<meta property=\"og:image:type\" content=\"image\/jpeg\" \/>\n<meta name=\"twitter:card\" content=\"summary_large_image\" \/>\n<script type=\"application\/ld+json\" class=\"yoast-schema-graph\">{\"@context\":\"https:\\\/\\\/schema.org\",\"@graph\":[{\"@type\":\"WebPage\",\"@id\":\"https:\\\/\\\/erformance.eu\\\/lv\\\/produkts\\\/audi-a4-allroad-12-16-zibinto-laikiklis-virsutinis-desinysis\\\/\",\"url\":\"https:\\\/\\\/erformance.eu\\\/lv\\\/produkts\\\/audi-a4-allroad-12-16-zibinto-laikiklis-virsutinis-desinysis\\\/\",\"name\":\"Audi A4 Allroad 12-16 \u017eibinto laikiklis VIR\u0160UTINIS de\u0161inysis - Erformance.eu\",\"isPartOf\":{\"@id\":\"https:\\\/\\\/erformance.eu\\\/lv\\\/#website\"},\"primaryImageOfPage\":{\"@id\":\"https:\\\/\\\/erformance.eu\\\/lv\\\/produkts\\\/audi-a4-allroad-12-16-zibinto-laikiklis-virsutinis-desinysis\\\/#primaryimage\"},\"image\":{\"@id\":\"https:\\\/\\\/erformance.eu\\\/lv\\\/produkts\\\/audi-a4-allroad-12-16-zibinto-laikiklis-virsutinis-desinysis\\\/#primaryimage\"},\"thumbnailUrl\":\"https:\\\/\\\/erformance.eu\\\/wp-content\\\/uploads\\\/2026\\\/02\\\/pol_pm_Audi-A4-Allroad-12-16-mocowanie-reflektora-GORNE-prawe-20388_1.jpg\",\"datePublished\":\"2026-02-16T12:30:47+00:00\",\"dateModified\":\"2026-03-12T10:41:32+00:00\",\"breadcrumb\":{\"@id\":\"https:\\\/\\\/erformance.eu\\\/lv\\\/produkts\\\/audi-a4-allroad-12-16-zibinto-laikiklis-virsutinis-desinysis\\\/#breadcrumb\"},\"inLanguage\":\"lv-LV\",\"potentialAction\":[{\"@type\":\"ReadAction\",\"target\":[\"https:\\\/\\\/erformance.eu\\\/lv\\\/produkts\\\/audi-a4-allroad-12-16-zibinto-laikiklis-virsutinis-desinysis\\\/\"]}]},{\"@type\":\"ImageObject\",\"inLanguage\":\"lv-LV\",\"@id\":\"https:\\\/\\\/erformance.eu\\\/lv\\\/produkts\\\/audi-a4-allroad-12-16-zibinto-laikiklis-virsutinis-desinysis\\\/#primaryimage\",\"url\":\"https:\\\/\\\/erformance.eu\\\/wp-content\\\/uploads\\\/2026\\\/02\\\/pol_pm_Audi-A4-Allroad-12-16-mocowanie-reflektora-GORNE-prawe-20388_1.jpg\",\"contentUrl\":\"https:\\\/\\\/erformance.eu\\\/wp-content\\\/uploads\\\/2026\\\/02\\\/pol_pm_Audi-A4-Allroad-12-16-mocowanie-reflektora-GORNE-prawe-20388_1.jpg\",\"width\":1200,\"height\":900},{\"@type\":\"BreadcrumbList\",\"@id\":\"https:\\\/\\\/erformance.eu\\\/lv\\\/produkts\\\/audi-a4-allroad-12-16-zibinto-laikiklis-virsutinis-desinysis\\\/#breadcrumb\",\"itemListElement\":[{\"@type\":\"ListItem\",\"position\":1,\"name\":\"Home\",\"item\":\"https:\\\/\\\/erformance.eu\\\/lv\\\/\"},{\"@type\":\"ListItem\",\"position\":2,\"name\":\"Veikals\",\"item\":\"https:\\\/\\\/erformance.eu\\\/lv\\\/veikals\\\/\"},{\"@type\":\"ListItem\",\"position\":3,\"name\":\"Audi A4 Allroad 12-16 \u017eibinto laikiklis VIR\u0160UTINIS de\u0161inysis\"}]},{\"@type\":\"WebSite\",\"@id\":\"https:\\\/\\\/erformance.eu\\\/lv\\\/#website\",\"url\":\"https:\\\/\\\/erformance.eu\\\/lv\\\/\",\"name\":\"Erformance.eu\",\"description\":\"Automobili\u0173 dali\u0173 parduotuv\u0117\",\"potentialAction\":[{\"@type\":\"SearchAction\",\"target\":{\"@type\":\"EntryPoint\",\"urlTemplate\":\"https:\\\/\\\/erformance.eu\\\/lv\\\/?s={search_term_string}\"},\"query-input\":{\"@type\":\"PropertyValueSpecification\",\"valueRequired\":true,\"valueName\":\"search_term_string\"}}],\"inLanguage\":\"lv-LV\"}]}<\/script>\n<!-- \/ Yoast SEO Premium plugin. -->","yoast_head_json":{"title":"Audi A4 Allroad 12-16 \u017eibinto laikiklis VIR\u0160UTINIS de\u0161inysis - Erformance.eu","robots":{"index":"index","follow":"follow","max-snippet":"max-snippet:-1","max-image-preview":"max-image-preview:large","max-video-preview":"max-video-preview:-1"},"canonical":"https:\/\/erformance.eu\/lv\/produkts\/audi-a4-allroad-12-16-zibinto-laikiklis-virsutinis-desinysis\/","og_locale":"lv_LV","og_type":"article","og_title":"Audi A4 Allroad 12-16 \u017eibinto laikiklis VIR\u0160UTINIS de\u0161inysis","og_description":"1. Prek\u0117: priekinio \u017eibinto laikiklis2. Pus\u0117: de\u0161in\u01173. Gamintojas: pakeitimas4. Automobilis:   * Audi A4 B8 FL 11-15   * Audi A4 Allroad 12-16   * Audi RS4 13-16   * Audi A5 12-15","og_url":"https:\/\/erformance.eu\/lv\/produkts\/audi-a4-allroad-12-16-zibinto-laikiklis-virsutinis-desinysis\/","og_site_name":"Erformance.eu","article_modified_time":"2026-03-12T10:41:32+00:00","og_image":[{"width":1200,"height":900,"url":"https:\/\/erformance.eu\/wp-content\/uploads\/2026\/02\/pol_pm_Audi-A4-Allroad-12-16-mocowanie-reflektora-GORNE-prawe-20388_1.jpg","type":"image\/jpeg"}],"twitter_card":"summary_large_image","schema":{"@context":"https:\/\/schema.org","@graph":[{"@type":"WebPage","@id":"https:\/\/erformance.eu\/lv\/produkts\/audi-a4-allroad-12-16-zibinto-laikiklis-virsutinis-desinysis\/","url":"https:\/\/erformance.eu\/lv\/produkts\/audi-a4-allroad-12-16-zibinto-laikiklis-virsutinis-desinysis\/","name":"Audi A4 Allroad 12-16 \u017eibinto laikiklis VIR\u0160UTINIS de\u0161inysis - Erformance.eu","isPartOf":{"@id":"https:\/\/erformance.eu\/lv\/#website"},"primaryImageOfPage":{"@id":"https:\/\/erformance.eu\/lv\/produkts\/audi-a4-allroad-12-16-zibinto-laikiklis-virsutinis-desinysis\/#primaryimage"},"image":{"@id":"https:\/\/erformance.eu\/lv\/produkts\/audi-a4-allroad-12-16-zibinto-laikiklis-virsutinis-desinysis\/#primaryimage"},"thumbnailUrl":"https:\/\/erformance.eu\/wp-content\/uploads\/2026\/02\/pol_pm_Audi-A4-Allroad-12-16-mocowanie-reflektora-GORNE-prawe-20388_1.jpg","datePublished":"2026-02-16T12:30:47+00:00","dateModified":"2026-03-12T10:41:32+00:00","breadcrumb":{"@id":"https:\/\/erformance.eu\/lv\/produkts\/audi-a4-allroad-12-16-zibinto-laikiklis-virsutinis-desinysis\/#breadcrumb"},"inLanguage":"lv-LV","potentialAction":[{"@type":"ReadAction","target":["https:\/\/erformance.eu\/lv\/produkts\/audi-a4-allroad-12-16-zibinto-laikiklis-virsutinis-desinysis\/"]}]},{"@type":"ImageObject","inLanguage":"lv-LV","@id":"https:\/\/erformance.eu\/lv\/produkts\/audi-a4-allroad-12-16-zibinto-laikiklis-virsutinis-desinysis\/#primaryimage","url":"https:\/\/erformance.eu\/wp-content\/uploads\/2026\/02\/pol_pm_Audi-A4-Allroad-12-16-mocowanie-reflektora-GORNE-prawe-20388_1.jpg","contentUrl":"https:\/\/erformance.eu\/wp-content\/uploads\/2026\/02\/pol_pm_Audi-A4-Allroad-12-16-mocowanie-reflektora-GORNE-prawe-20388_1.jpg","width":1200,"height":900},{"@type":"BreadcrumbList","@id":"https:\/\/erformance.eu\/lv\/produkts\/audi-a4-allroad-12-16-zibinto-laikiklis-virsutinis-desinysis\/#breadcrumb","itemListElement":[{"@type":"ListItem","position":1,"name":"Home","item":"https:\/\/erformance.eu\/lv\/"},{"@type":"ListItem","position":2,"name":"Veikals","item":"https:\/\/erformance.eu\/lv\/veikals\/"},{"@type":"ListItem","position":3,"name":"Audi A4 Allroad 12-16 \u017eibinto laikiklis VIR\u0160UTINIS de\u0161inysis"}]},{"@type":"WebSite","@id":"https:\/\/erformance.eu\/lv\/#website","url":"https:\/\/erformance.eu\/lv\/","name":"Erformance.eu","description":"Automobili\u0173 dali\u0173 parduotuv\u0117","potentialAction":[{"@type":"SearchAction","target":{"@type":"EntryPoint","urlTemplate":"https:\/\/erformance.eu\/lv\/?s={search_term_string}"},"query-input":{"@type":"PropertyValueSpecification","valueRequired":true,"valueName":"search_term_string"}}],"inLanguage":"lv-LV"}]}},"jetpack_sharing_enabled":true,"_links":{"self":[{"href":"https:\/\/erformance.eu\/lv\/wp-json\/wp\/v2\/product\/64288","targetHints":{"allow":["GET"]}}],"collection":[{"href":"https:\/\/erformance.eu\/lv\/wp-json\/wp\/v2\/product"}],"about":[{"href":"https:\/\/erformance.eu\/lv\/wp-json\/wp\/v2\/types\/product"}],"replies":[{"embeddable":true,"href":"https:\/\/erformance.eu\/lv\/wp-json\/wp\/v2\/comments?post=64288"}],"version-history":[{"count":1,"href":"https:\/\/erformance.eu\/lv\/wp-json\/wp\/v2\/product\/64288\/revisions"}],"predecessor-version":[{"id":64295,"href":"https:\/\/erformance.eu\/lv\/wp-json\/wp\/v2\/product\/64288\/revisions\/64295"}],"wp:featuredmedia":[{"embeddable":true,"href":"https:\/\/erformance.eu\/lv\/wp-json\/wp\/v2\/media\/64289"}],"wp:attachment":[{"href":"https:\/\/erformance.eu\/lv\/wp-json\/wp\/v2\/media?parent=64288"}],"wp:term":[{"taxonomy":"product_brand","embeddable":true,"href":"https:\/\/erformance.eu\/lv\/wp-json\/wp\/v2\/product_brand?post=64288"},{"taxonomy":"product_cat","embeddable":true,"href":"https:\/\/erformance.eu\/lv\/wp-json\/wp\/v2\/product_cat?post=64288"},{"taxonomy":"product_tag","embeddable":true,"href":"https:\/\/erformance.eu\/lv\/wp-json\/wp\/v2\/product_tag?post=64288"}],"curies":[{"name":"wp","href":"https:\/\/api.w.org\/{rel}","templated":true}]}}