{"id":64927,"date":"2026-02-16T15:34:49","date_gmt":"2026-02-16T12:34:49","guid":{"rendered":"https:\/\/erformance.eu\/?post_type=product&#038;p=64927"},"modified":"2026-02-25T01:05:21","modified_gmt":"2026-02-24T22:05:21","slug":"audi-a2-8z-00-05-salono-filtro-dangtelis","status":"publish","type":"product","link":"https:\/\/erformance.eu\/lv\/produkts\/audi-a2-8z-00-05-salono-filtro-dangtelis\/","title":{"rendered":"Audi A2 8Z 00-05 salono filtro dangtelis"},"content":{"rendered":"<p>Prek\u0117: salono oro filtro dangtelis<br \/>\nOriginalus numeris:<\/p>\n<p>6Q0819422B<br \/>\n6Q0819422A<\/p>\n<p>PASTABA: auk\u0161\u010diau pateikti numeriai yra original\u016bs dali\u0173 numeriai, kuriuos \u0161is pasi\u016blymas pakei\u010dia. Prie\u0161 pirkdami, palyginkite juos su originaliu dalies numeriu. Jei jie skiriasi net vienu simboliu, dalis netiks, neveiks arba veiks netinkamai. Tokiu atveju jos nepirkite.<br \/>\nAutomobilis:<\/p>\n<p>\u201eAudi A1 Sportback\u201c (8XA, 8XF), pagaminimo metai: 2011\u20132015<br \/>\nAudi A2 (8Z0), gamybos metai: 2000\u20132005<br \/>\nSeat CORDOBA (6L2), pagaminimo metai: 2002\u20132009<br \/>\nSeat IBIZA III (6L1), pagaminimo metai: 2002\u20132009<br \/>\nSeat IBIZA IV (6J5, 6P1), pagaminimo metai: 2008\u20132015<br \/>\nSeat IBIZA IV d\u0117\u017e\u0117s k\u0117bulas \/ universalas (6J1), pagaminimo metai: 2008\u20132015<br \/>\nSeat IBIZA IV SC (6J1, 6P5), pagaminimo metai: 2008\u20132015<br \/>\nSeat IBIZA IV ST (6J8, 6P8), pagaminimo metai: 2010\u20132015<br \/>\n\u201eSkoda FABIA II\u201c (542), pagaminimo metai: 2006\u20132010<br \/>\n\u201eSkoda FABIA II Combi\u201c (545), pagaminimo metai: 2007\u20132010<br \/>\n\u201eSkoda RAPID\u201c (NH3), pagaminimo metai: 2012\u20132017<br \/>\nSkoda RAPID Spaceback (NH1), gamybos metai: 2012-2017<br \/>\nSkoda ROOMSTER (5J7), gamybos metai: 2006-2010<br \/>\nSkoda ROOMSTER Praktik (5J), gamybos metai: 2007-2010<br \/>\nVolkswagen GOLF VAN VI Variant (AJ5), gamybos metai: 2009-2011<br \/>\nVolkswagen GOLF VI (5K1), pagaminimo metai: 2009\u20132011<br \/>\nVolkswagen GOLF VI Van (5K1_), pagaminimo metai: 2009-2011<br \/>\nVolkswagen GOLF VI Variant (AJ5), pagaminimo metai: 2009\u20132011<br \/>\nVolkswagen POLO (9N_), gamybos metai: 2002\u20132009<br \/>\nVolkswagen POLO V (6R1, 6C1), pagaminimo metai: 2009\u20132017<br \/>\n\u201eVolkswagen POLO V\u201c sedanas (602, 604, 612, 614), pagaminimo metai: 2010\u20132017<br \/>\n\u201eVolkswagen POLO\u201c furgonas (6R), pagaminimo metai: 2009\u20132017<\/p>\n<p>Gamintojas: pakaitalas<br \/>\nTechnin\u0117 b\u016bkl\u0117: prek\u0117 yra visi\u0161kai nauja, nenaudota, nepa\u017eeista ir nesugadinta<\/p>\n","protected":false},"excerpt":{"rendered":"<p>1. Prek\u0117: salono oro filtro dangtelis2. Gamintojas: pakeitimas3. Automobilis:Audi A1 8X 11-15Audi A2 8Z 00-05Seat Cordoba 02-09Seat Ibiza III 02-15\u0160koda Fabia II 06-10\u0160koda Rapid 12-17\u0160koda Roomster 06-10VW Golf VI 09-11VW Polo IV V 02-17<\/p>\n","protected":false},"featured_media":64928,"comment_status":"open","ping_status":"closed","template":"","meta":[],"product_brand":[],"product_cat":[3904,393,144,4777,3983],"product_tag":[],"class_list":{"0":"post-64927","1":"product","2":"type-product","3":"status-publish","4":"has-post-thumbnail","6":"product_cat-audi-a2-8z","7":"product_cat-audi-a2","8":"product_cat-audi","9":"product_cat-audi-a2-8z-salono-kitos-dalys","10":"product_cat-audi-a2-8z-salono-dalys","12":"first","13":"instock","14":"shipping-taxable","15":"purchasable","16":"product-type-simple"},"yoast_head":"<!-- This site is optimized with the Yoast SEO Premium plugin v25.2 (Yoast SEO v27.3) - https:\/\/yoast.com\/product\/yoast-seo-premium-wordpress\/ -->\n<title>Audi A2 8Z 00-05 salono filtro dangtelis - Erformance.eu<\/title>\n<meta name=\"robots\" content=\"index, follow, max-snippet:-1, max-image-preview:large, max-video-preview:-1\" \/>\n<link rel=\"canonical\" href=\"https:\/\/erformance.eu\/lv\/produkts\/audi-a2-8z-00-05-salono-filtro-dangtelis\/\" \/>\n<meta property=\"og:locale\" content=\"lv_LV\" \/>\n<meta property=\"og:type\" content=\"article\" \/>\n<meta property=\"og:title\" content=\"Audi A2 8Z 00-05 salono filtro dangtelis\" \/>\n<meta property=\"og:description\" content=\"1. Prek\u0117: salono oro filtro dangtelis2. Gamintojas: pakeitimas3. Automobilis:Audi A1 8X 11-15Audi A2 8Z 00-05Seat Cordoba 02-09Seat Ibiza III 02-15\u0160koda Fabia II 06-10\u0160koda Rapid 12-17\u0160koda Roomster 06-10VW Golf VI 09-11VW Polo IV V 02-17\" \/>\n<meta property=\"og:url\" content=\"https:\/\/erformance.eu\/lv\/produkts\/audi-a2-8z-00-05-salono-filtro-dangtelis\/\" \/>\n<meta property=\"og:site_name\" content=\"Erformance.eu\" \/>\n<meta property=\"article:modified_time\" content=\"2026-02-24T22:05:21+00:00\" \/>\n<meta property=\"og:image\" content=\"https:\/\/erformance.eu\/wp-content\/uploads\/2026\/02\/pol_pm_Audi-A2-8Z-00-05-zaslepka-filtra-kabinowego-27128_1.jpg\" \/>\n\t<meta property=\"og:image:width\" content=\"1200\" \/>\n\t<meta property=\"og:image:height\" content=\"1200\" \/>\n\t<meta property=\"og:image:type\" content=\"image\/jpeg\" \/>\n<meta name=\"twitter:card\" content=\"summary_large_image\" \/>\n<meta name=\"twitter:label1\" content=\"Est. reading time\" \/>\n\t<meta name=\"twitter:data1\" content=\"1 min\u016b\u0161u\" \/>\n<script type=\"application\/ld+json\" class=\"yoast-schema-graph\">{\"@context\":\"https:\\\/\\\/schema.org\",\"@graph\":[{\"@type\":\"WebPage\",\"@id\":\"https:\\\/\\\/erformance.eu\\\/lv\\\/produkts\\\/audi-a2-8z-00-05-salono-filtro-dangtelis\\\/\",\"url\":\"https:\\\/\\\/erformance.eu\\\/lv\\\/produkts\\\/audi-a2-8z-00-05-salono-filtro-dangtelis\\\/\",\"name\":\"Audi A2 8Z 00-05 salono filtro dangtelis - Erformance.eu\",\"isPartOf\":{\"@id\":\"https:\\\/\\\/erformance.eu\\\/lv\\\/#website\"},\"primaryImageOfPage\":{\"@id\":\"https:\\\/\\\/erformance.eu\\\/lv\\\/produkts\\\/audi-a2-8z-00-05-salono-filtro-dangtelis\\\/#primaryimage\"},\"image\":{\"@id\":\"https:\\\/\\\/erformance.eu\\\/lv\\\/produkts\\\/audi-a2-8z-00-05-salono-filtro-dangtelis\\\/#primaryimage\"},\"thumbnailUrl\":\"https:\\\/\\\/erformance.eu\\\/wp-content\\\/uploads\\\/2026\\\/02\\\/pol_pm_Audi-A2-8Z-00-05-zaslepka-filtra-kabinowego-27128_1.jpg\",\"datePublished\":\"2026-02-16T12:34:49+00:00\",\"dateModified\":\"2026-02-24T22:05:21+00:00\",\"breadcrumb\":{\"@id\":\"https:\\\/\\\/erformance.eu\\\/lv\\\/produkts\\\/audi-a2-8z-00-05-salono-filtro-dangtelis\\\/#breadcrumb\"},\"inLanguage\":\"lv-LV\",\"potentialAction\":[{\"@type\":\"ReadAction\",\"target\":[\"https:\\\/\\\/erformance.eu\\\/lv\\\/produkts\\\/audi-a2-8z-00-05-salono-filtro-dangtelis\\\/\"]}]},{\"@type\":\"ImageObject\",\"inLanguage\":\"lv-LV\",\"@id\":\"https:\\\/\\\/erformance.eu\\\/lv\\\/produkts\\\/audi-a2-8z-00-05-salono-filtro-dangtelis\\\/#primaryimage\",\"url\":\"https:\\\/\\\/erformance.eu\\\/wp-content\\\/uploads\\\/2026\\\/02\\\/pol_pm_Audi-A2-8Z-00-05-zaslepka-filtra-kabinowego-27128_1.jpg\",\"contentUrl\":\"https:\\\/\\\/erformance.eu\\\/wp-content\\\/uploads\\\/2026\\\/02\\\/pol_pm_Audi-A2-8Z-00-05-zaslepka-filtra-kabinowego-27128_1.jpg\",\"width\":1200,\"height\":1200},{\"@type\":\"BreadcrumbList\",\"@id\":\"https:\\\/\\\/erformance.eu\\\/lv\\\/produkts\\\/audi-a2-8z-00-05-salono-filtro-dangtelis\\\/#breadcrumb\",\"itemListElement\":[{\"@type\":\"ListItem\",\"position\":1,\"name\":\"Home\",\"item\":\"https:\\\/\\\/erformance.eu\\\/lv\\\/\"},{\"@type\":\"ListItem\",\"position\":2,\"name\":\"Veikals\",\"item\":\"https:\\\/\\\/erformance.eu\\\/lv\\\/veikals\\\/\"},{\"@type\":\"ListItem\",\"position\":3,\"name\":\"Audi A2 8Z 00-05 salono filtro dangtelis\"}]},{\"@type\":\"WebSite\",\"@id\":\"https:\\\/\\\/erformance.eu\\\/lv\\\/#website\",\"url\":\"https:\\\/\\\/erformance.eu\\\/lv\\\/\",\"name\":\"Erformance.eu\",\"description\":\"Automobili\u0173 dali\u0173 parduotuv\u0117\",\"potentialAction\":[{\"@type\":\"SearchAction\",\"target\":{\"@type\":\"EntryPoint\",\"urlTemplate\":\"https:\\\/\\\/erformance.eu\\\/lv\\\/?s={search_term_string}\"},\"query-input\":{\"@type\":\"PropertyValueSpecification\",\"valueRequired\":true,\"valueName\":\"search_term_string\"}}],\"inLanguage\":\"lv-LV\"}]}<\/script>\n<!-- \/ Yoast SEO Premium plugin. -->","yoast_head_json":{"title":"Audi A2 8Z 00-05 salono filtro dangtelis - Erformance.eu","robots":{"index":"index","follow":"follow","max-snippet":"max-snippet:-1","max-image-preview":"max-image-preview:large","max-video-preview":"max-video-preview:-1"},"canonical":"https:\/\/erformance.eu\/lv\/produkts\/audi-a2-8z-00-05-salono-filtro-dangtelis\/","og_locale":"lv_LV","og_type":"article","og_title":"Audi A2 8Z 00-05 salono filtro dangtelis","og_description":"1. Prek\u0117: salono oro filtro dangtelis2. Gamintojas: pakeitimas3. Automobilis:Audi A1 8X 11-15Audi A2 8Z 00-05Seat Cordoba 02-09Seat Ibiza III 02-15\u0160koda Fabia II 06-10\u0160koda Rapid 12-17\u0160koda Roomster 06-10VW Golf VI 09-11VW Polo IV V 02-17","og_url":"https:\/\/erformance.eu\/lv\/produkts\/audi-a2-8z-00-05-salono-filtro-dangtelis\/","og_site_name":"Erformance.eu","article_modified_time":"2026-02-24T22:05:21+00:00","og_image":[{"width":1200,"height":1200,"url":"https:\/\/erformance.eu\/wp-content\/uploads\/2026\/02\/pol_pm_Audi-A2-8Z-00-05-zaslepka-filtra-kabinowego-27128_1.jpg","type":"image\/jpeg"}],"twitter_card":"summary_large_image","twitter_misc":{"Est. reading time":"1 min\u016b\u0161u"},"schema":{"@context":"https:\/\/schema.org","@graph":[{"@type":"WebPage","@id":"https:\/\/erformance.eu\/lv\/produkts\/audi-a2-8z-00-05-salono-filtro-dangtelis\/","url":"https:\/\/erformance.eu\/lv\/produkts\/audi-a2-8z-00-05-salono-filtro-dangtelis\/","name":"Audi A2 8Z 00-05 salono filtro dangtelis - Erformance.eu","isPartOf":{"@id":"https:\/\/erformance.eu\/lv\/#website"},"primaryImageOfPage":{"@id":"https:\/\/erformance.eu\/lv\/produkts\/audi-a2-8z-00-05-salono-filtro-dangtelis\/#primaryimage"},"image":{"@id":"https:\/\/erformance.eu\/lv\/produkts\/audi-a2-8z-00-05-salono-filtro-dangtelis\/#primaryimage"},"thumbnailUrl":"https:\/\/erformance.eu\/wp-content\/uploads\/2026\/02\/pol_pm_Audi-A2-8Z-00-05-zaslepka-filtra-kabinowego-27128_1.jpg","datePublished":"2026-02-16T12:34:49+00:00","dateModified":"2026-02-24T22:05:21+00:00","breadcrumb":{"@id":"https:\/\/erformance.eu\/lv\/produkts\/audi-a2-8z-00-05-salono-filtro-dangtelis\/#breadcrumb"},"inLanguage":"lv-LV","potentialAction":[{"@type":"ReadAction","target":["https:\/\/erformance.eu\/lv\/produkts\/audi-a2-8z-00-05-salono-filtro-dangtelis\/"]}]},{"@type":"ImageObject","inLanguage":"lv-LV","@id":"https:\/\/erformance.eu\/lv\/produkts\/audi-a2-8z-00-05-salono-filtro-dangtelis\/#primaryimage","url":"https:\/\/erformance.eu\/wp-content\/uploads\/2026\/02\/pol_pm_Audi-A2-8Z-00-05-zaslepka-filtra-kabinowego-27128_1.jpg","contentUrl":"https:\/\/erformance.eu\/wp-content\/uploads\/2026\/02\/pol_pm_Audi-A2-8Z-00-05-zaslepka-filtra-kabinowego-27128_1.jpg","width":1200,"height":1200},{"@type":"BreadcrumbList","@id":"https:\/\/erformance.eu\/lv\/produkts\/audi-a2-8z-00-05-salono-filtro-dangtelis\/#breadcrumb","itemListElement":[{"@type":"ListItem","position":1,"name":"Home","item":"https:\/\/erformance.eu\/lv\/"},{"@type":"ListItem","position":2,"name":"Veikals","item":"https:\/\/erformance.eu\/lv\/veikals\/"},{"@type":"ListItem","position":3,"name":"Audi A2 8Z 00-05 salono filtro dangtelis"}]},{"@type":"WebSite","@id":"https:\/\/erformance.eu\/lv\/#website","url":"https:\/\/erformance.eu\/lv\/","name":"Erformance.eu","description":"Automobili\u0173 dali\u0173 parduotuv\u0117","potentialAction":[{"@type":"SearchAction","target":{"@type":"EntryPoint","urlTemplate":"https:\/\/erformance.eu\/lv\/?s={search_term_string}"},"query-input":{"@type":"PropertyValueSpecification","valueRequired":true,"valueName":"search_term_string"}}],"inLanguage":"lv-LV"}]}},"jetpack_sharing_enabled":true,"_links":{"self":[{"href":"https:\/\/erformance.eu\/lv\/wp-json\/wp\/v2\/product\/64927","targetHints":{"allow":["GET"]}}],"collection":[{"href":"https:\/\/erformance.eu\/lv\/wp-json\/wp\/v2\/product"}],"about":[{"href":"https:\/\/erformance.eu\/lv\/wp-json\/wp\/v2\/types\/product"}],"replies":[{"embeddable":true,"href":"https:\/\/erformance.eu\/lv\/wp-json\/wp\/v2\/comments?post=64927"}],"version-history":[{"count":1,"href":"https:\/\/erformance.eu\/lv\/wp-json\/wp\/v2\/product\/64927\/revisions"}],"predecessor-version":[{"id":64930,"href":"https:\/\/erformance.eu\/lv\/wp-json\/wp\/v2\/product\/64927\/revisions\/64930"}],"wp:featuredmedia":[{"embeddable":true,"href":"https:\/\/erformance.eu\/lv\/wp-json\/wp\/v2\/media\/64928"}],"wp:attachment":[{"href":"https:\/\/erformance.eu\/lv\/wp-json\/wp\/v2\/media?parent=64927"}],"wp:term":[{"taxonomy":"product_brand","embeddable":true,"href":"https:\/\/erformance.eu\/lv\/wp-json\/wp\/v2\/product_brand?post=64927"},{"taxonomy":"product_cat","embeddable":true,"href":"https:\/\/erformance.eu\/lv\/wp-json\/wp\/v2\/product_cat?post=64927"},{"taxonomy":"product_tag","embeddable":true,"href":"https:\/\/erformance.eu\/lv\/wp-json\/wp\/v2\/product_tag?post=64927"}],"curies":[{"name":"wp","href":"https:\/\/api.w.org\/{rel}","templated":true}]}}