{"id":64949,"date":"2026-02-16T15:34:56","date_gmt":"2026-02-16T12:34:56","guid":{"rendered":"https:\/\/erformance.eu\/?post_type=product&#038;p=64949"},"modified":"2026-03-05T20:00:19","modified_gmt":"2026-03-05T17:00:19","slug":"audi-a2-00-05-filtras-alyvos-separatorius","status":"publish","type":"product","link":"https:\/\/erformance.eu\/lv\/produkts\/audi-a2-00-05-filtras-alyvos-separatorius\/","title":{"rendered":"Audi A2 00-05 filtras, alyvos separatorius"},"content":{"rendered":"<p>Tema:\u00a0 Alyvos separatoriaus filtras<br \/>\nOriginalus numeris:<\/p>\n<p>036103464G<br \/>\n36103464G<br \/>\n36103464D<\/p>\n<p>PASTABA:\u00a0 Auk\u0161\u010diau pateikt\u0105 numer\u012f reikia palyginti su originaliu detal\u0117s numeriu. Jei jis skirsis bent vienu simboliu, detal\u0117 netiks, neveiks arba veiks netinkamai.<br \/>\nAutomobilis:<br \/>\nAudi A2 (8Z0),\u00a0 gamybos metai: 2000\u20132005<\/p>\n<p>A2 (8Z0) 1.4 (AUA BBY) 1390ccm 75KM\/55kW 2000-02-2005-08<\/p>\n<p>\u201eSeat Arosa\u201c (6H),\u00a0 pagaminimo metai: 1997\u20132004<\/p>\n<p>AROSA (6H) 1.0 (AER ALD ALL ANV AUC) 999ccm 50KM\/37kW 1997\/05-2004\/06<br \/>\nAROSA (6H) 1.4 (AEX AKK AKV ANW APQ AUD) 1390ccm 60KM\/44kW 1997\/05-2004\/06<br \/>\nAROSA (6H) 1.4 16V (AFK AQQ AUB) 1390ccm 100KM\/74kW 2000\/01-2004\/06<\/p>\n<p>\u201eSeat Cordoba\u201c (6K1, 6K2),\u00a0 pagaminimo metai: 1996\u20132002<\/p>\n<p>CORDOBA (6K1, 6K2) 1.0 i (AER ALD ANV AUC) 999ccm 50KM\/37kW 1996.09.09.<br \/>\nCORDOBA (6K1, 6K2) 1.4 16V (APE AUA) 1390ccm 75KM\/55kW 2000\/05-2002\/10<br \/>\nCORDOBA (6K1, 6K2) 1.4 i (ABD AEX AKK AKV ANW APQ AUD) 1390ccm 60KM\/44kW 1994\/06-2002\/10<br \/>\nCORDOBA (6K1, 6K2) 1.4 i 16V (AFH AQQ AUB) 1390ccm 101KM\/74kW 1996\/09-2002\/10<br \/>\nCORDOBA (6K1, 6K2) 1.6 i (ABU AEE ALM) 1598ccm 75KM\/55kW 1993.02.02. &#8211; 2002.10.<br \/>\nCORDOBA (6K1, 6K2) 1.6 i (1F) 1595ccm 75kM\/55kW 1994\/05-1999\/06<\/p>\n<p>\u201eSeat Cordoba Vario\u201c (6K5),\u00a0 pagaminimo metai: 1996\u20132002<\/p>\n<p>CORDOBA Vario (6K5) 1.4 (AQQ) 1390ccm 101KM \/ 74kW 2000\/02-2000\/07<br \/>\nCORDOBA Vario (6K5) 1.4 16V (APE AUA) 1390ccm 75KM\/55kW 1999\/06-2002\/12<br \/>\nCORDOBA Vario (6K5) 1.4 i (AEX AKK AKV ANW APQ AUD) 1390ccm 60KM\/44kW 1996\/09-2002\/12<br \/>\nCORDOBA Vario (6K5) 1.6 i (1F) 1595ccm 75KM\/55kW 1997\/05-1999\/06<br \/>\nCORDOBA Vario (6K5) 1.6 i (ABU AEE ALM) 1598ccm 75KM\/55kW 1996\/09-2002\/12<\/p>\n<p>\u201eSeat Cordoba\u201c (6L2),\u00a0 pagaminimo metai: 2002\u20132009<\/p>\n<p>CORDOBA (6L2) 1.4 16V (BBY BKY) 1390ccm 75KM\/55kW 2002\/09-2007\/12<br \/>\nCORDOBA (6L2) 1.4 16V (AUB BBZ) 1390ccm 100KM\/74kW 2002\/10-2009\/11<br \/>\nCORDOBA (6L2) 1.6 (BAH) 1598ccm 101KM\/74kW 2003\/04-2009\/11<\/p>\n<p>\u201eSeat Ibiza II\u201c (6K1),\u00a0 gamybos metai: 1993\u20132002<\/p>\n<p>IBIZA II (6K1) 1.0 i (AER ALD ANV AUC) 999ccm 50KM\/37kW 1996\/09-2002\/02<br \/>\nIBIZA II (6K1) 1.4 16V (APE AUA) 1390ccm 75KM\/55kW 2000\/05-2002\/02<br \/>\nIBIZA II (6K1) 1.4 i (ABD AEX AKK AKV ANW APQ AUD) 1390ccm 60KM\/44kW 1993\/09-2002\/02<br \/>\nIBIZA II (6K1) 1.4 i 16V (AFH AQQ AUB) 1390ccm 101KM\/74kW 1997\/06-2002\/02<br \/>\nIBIZA II (6K1) 1.6 i (ABU AEE ALM) 1598ccm 75KM\/55kW 1993\/03-2002\/02<\/p>\n<p>\u201eSeat Ibiza III\u201c (6L1),\u00a0 pagaminimo metai: 2002\u20132009<\/p>\n<p>IBIZA III (6L1) 1.4 16V (AUB BBZ) 1390ccm 100KM\/74kW 2002\/02-2009\/11<br \/>\nIBIZA III (6L1) 1.4 16V (BBY BKY) 1390ccm 75KM\/55kW 2002\/02-2007\/12<br \/>\nIBIZA III (6L1) 1.6 (BAH) 1598ccm 101KM\/74kW 2003\/02-2009\/11<\/p>\n<p>\u201eSeat Inca\u201c (6K9),\u00a0 pagaminimo metai: 1995\u20132003<\/p>\n<p>INCA (6K9) 1.4 16V (AUA) 1390ccm 75KM\/55kW 2000\/04-2003\/06<br \/>\nINCA (6K9) 1.4 i (AEX AKV APQ AUD) 1390ccm 60KM\/44kW 1995\/11-2003\/06<br \/>\nINCA (6K9) 1.6 i (AEE ALM) 1598ccm 75KM\/55kW 1997\/06-2000\/09<\/p>\n<p>\u201eSeat Leon\u201c (1M1),\u00a0 pagaminimo metai: 1999\u20132006<\/p>\n<p>LEON (1M1) 1.4 16V (AHW APE AUA AXP BCA) 1390ccm 75KM\/55kW 1999\/11\u20132006\/06<br \/>\nLEON (1M1) 1.6 16 V (ATN AUS AZD BCB) 1598ccm 105KM\/77kW 2000\/09-2006\/06<\/p>\n<p>\u201eSeat Toledo II\u201c (1M2),\u00a0 pagaminimo metai: 2000\u20132006<\/p>\n<p>TOLEDO II (1M2) 1.4 16V (AHW APE AUA AXP BCA) 1390ccm 75KM\/55kW 2000\/01-2002\/05<br \/>\nTOLEDO II (1M2) 1.6 16V (AUS AZD BCB) 1598ccm 105KM\/77kW 2000\/06-2006\/05<\/p>\n<p>\u201eSkoda Fabia I\u201c (6Y2),\u00a0 pagaminimo metai: 1999\u20132008<\/p>\n<p>FABIA I (6Y2) 1.4 16V (AUA BBY BKY) 1390ccm 75KM\/55kW 1999\/12-2008\/03<br \/>\nFABIA I (6Y2) 1.4 16V (AUB BBZ) 1390ccm 100KM\/74kW 1999\/12-2008\/03<\/p>\n<p>\u201eSkoda Fabia I Combi\u201c (6Y5),\u00a0 pagaminimo metai: 2000\u20132007<\/p>\n<p>FABIA I universalas (6Y5) 1.4 16V (AUA BBY BKY) 1390ccm 75KM\/55kW 2000\/05-2007\/12<br \/>\nFABIA I universalas (6Y5) 1.4 16V (AUB BBZ) 1390ccm 100KM\/74kW 2000\/04-2007\/12<\/p>\n<p>\u201eSkoda Fabia I\u201c sedanas (6Y3),\u00a0 pagaminimo metai: 1999\u20132007<\/p>\n<p>FABIA I sedanas (6Y3) 1.4 16V (AUA BBY BKY) 1390ccm 75KM\/55kW 1999\/10-2007\/12<br \/>\nFABIA I sedanas (6Y3) 1.4 16V (AUB BBZ) 1390ccm 100KM\/74kW 1999\/12-2007\/12<\/p>\n<p>Skoda Felicia I,\u00a0rok produkcji: 1995-2002<\/p>\n<p>FELICIA I (6U1) 1.6 LX (AEE) 1598ccm 75KM\/55kW 1995\/08-1998\/03<br \/>\nFELICIA I kombi (6U5) 1.6 GLX (AEE) 1598ccm 75KM\/55kW 1995\/08-1998\/03<br \/>\nFELICIA I pick-up (6UF, 6U7) 1.6 (AEE) 1598ccm 75KM\/55kW 1997\/06-2002\/04<\/p>\n<p>Skoda Felicia II,\u00a0rok produkcji: 1998-2002<\/p>\n<p>FELICIA II (6U1) 1.6 (AEE) 1598ccm 75KM\/55kW 1998\/01-2001\/06<br \/>\nFELICIA II kombi (6U5) 1.6 (AEE) 1598ccm 75KM\/55kW 1998\/01-2001\/06<\/p>\n<p>Skoda Octavia I (1U2),\u00a0rok produkcji: 1996-2010<\/p>\n<p>OCTAVIA I (1U2) 1.4 16V (AXP BCA) 1390ccm 75KM\/55kW 2000\/09-2010\/12<br \/>\nOCTAVIA I (1U2) 1.6 (AEE) 1598ccm 75KM\/55kW 1996\/09-2004\/09<\/p>\n<p>Skoda Octavia Combi (1U5),\u00a0rok produkcji: 1998-2010<\/p>\n<p>OCTAVIA I Combi (1U5) 1.4 16V (AXP BCA) 1390ccm 75KM\/55kW 2000\/08-2010\/12<br \/>\nOCTAVIA I Combi (1U5) 1.6 (AEE) 1598ccm 75KM\/55kW 1998\/07-2004\/09<\/p>\n<p>VW Bora (1J2),\u00a0rok produkcji: 2000-2005<\/p>\n<p>BORA (1J2) 1.4 16V (AHW AKQ APE AXP BCA) 1390ccm 75KM\/55kW 2000\/03-2005\/05<br \/>\nBORA (1J2) 1.6 16V (ATN AUS AZD BCB) 1598ccm 105KM\/77kW 2000\/05-2005\/05<\/p>\n<p>VW Bora Variant (1J6),\u00a0rok produkcji: 2000-2005<\/p>\n<p>BORA Variant (1J6) 1.4 16V (AHW AXP BCA) 1390ccm 75KM\/55kW 2001\/09-2005\/05<br \/>\nBORA Variant (1J6) 1.6 16V (ATN AUS AZD BCB) 1598ccm 105KM\/77kW 2000\/02-2005\/05<\/p>\n<p>VW Caddy II Furgon )9K9A),\u00a0rok produkcji: 1995-2004<\/p>\n<p>CADDY II Furgon (9K9A) 1.4 (AUA) 1390ccm 75KM\/55kW 2000\/08-2004\/01<br \/>\nCADDY II Furgon (9K9A) 60 1.4 (AEX APQ AUD) 1390ccm 60KM\/44kW 1995\/11-2004\/01<br \/>\nCADDY II Furgon (9K9A) 75 1.6 (AEE) 1598ccm 75KM\/55kW 1995\/11-2000\/09<\/p>\n<p>VW Caddy II kombi (9K98),\u00a0rok produkcji: 1995-2004<\/p>\n<p>CADDY II kombi (9K9B) 1.4 (AEX AKV APQ AUD) 1390ccm 60KM\/44kW 1995\/11-2004\/01<br \/>\nCADDY II kombi (9K9B) 1.4 16V (AUA) 1390ccm 75KM\/55kW 2000\/08-2004\/01<br \/>\nCADDY II kombi (9K9B) 1.6 (AEE) 1598ccm 75KM\/55kW 1997\/06-2000\/09<br \/>\nCADDY II pick-up (9U7) 1.6 (AEE) 1598ccm 75KM\/55kW 1996\/06-2000\/12<\/p>\n<p>VW Fox(5Z1, 5Z3),\u00a0modele produkowane od roku 2003<\/p>\n<p>FOX (5Z1, 5Z3) 1.6 1598ccm 101KM\/75kW 2003\/10-<br \/>\nFOX (5Z1, 5Z3) 1.6 1599ccm 98KM\/73kW 2007\/09-2009\/12<br \/>\nFOX (5Z1, 5Z3) 1.6 TOTAL FLEX 1598ccm 101KM\/74kW 2003\/10-<\/p>\n<p>VW Golf III (1H1),\u00a0rok produkcji: 1991-1997<\/p>\n<p>GOLF III (1H1) 1.4 (ABD AEX) 1390ccm 55KM\/40kW 1991\/11-1997\/08<br \/>\nGOLF III (1H1) 1.4 (ABD AEX) 1390ccm 60KM\/44kW 1991\/10-1997\/08<br \/>\nGOLF III (1H1) 1.6 (ABU AEA AEE) 1598ccm 75KM\/55kW 1992\/09-1997\/08<\/p>\n<p>VW Golf III Variant (1H5),\u00a0rok produkcji: 1993-1999<\/p>\n<p>GOLF III Variant (1H5) 1.4 (ABD AEX APQ) 1390ccm 60KM\/44kW 1993\/07-1999\/04<\/p>\n<p>VW Golf IV (1J1),\u00a0rok produkcji: 1997-2005<\/p>\n<p>GOLF IV (1J1) 1.4 16V (AHW AKQ APE AXP BCA) 1390ccm 75KM\/55kW 1997\/08-2005\/06<br \/>\nGOLF IV (1J1) 1.6 16V (ATN AUS AZD BCB) 1598ccm 105KM\/77kW 2000\/02-2005\/06<\/p>\n<p>VW Golf IV Variant (1J5),\u00a0rok produkcji: 1999-2006<\/p>\n<p>GOLF IV Variant (1J5) 1.4 16V (AHW AKQ APE AXP BCA) 1390ccm 75KM\/55kW 1999\/05-2006\/06<br \/>\nGOLF IV Variant (1J5) 1.6 16V (ATN AUS AZD BCB) 1598ccm 105KM\/77kW 2000\/02-2006\/06<br \/>\nGOLF VAN IV Variant (1J5) 1.4 (AXP BCA) 1390ccm 75KM\/55kW 2000\/05-2006\/06<br \/>\nGOLF VAN IV Variant (1J5) 1.6 (AUS AZD BCB) 1598ccm 105KM\/77kW 2000\/05-2006\/06<\/p>\n<p>VW Lupo (6X1, 6E1),\u00a0rok produkcji: 1998-2005<\/p>\n<p>LUPO (6X1, 6E1) 1.0 (AER ALD ALL ANV AUC) 999ccm 50KM\/37kW 1998\/09-2005\/07<br \/>\nLUPO (6X1, 6E1) 1.4 (AUD) 1390ccm 60KM\/44kW 2000\/10-2005\/07<br \/>\nLUPO (6X1, 6E1) 1.4 16V (AFK AQQ AUB) 1390ccm 100KM\/74kW 1999\/08-2005\/07<br \/>\nLUPO (6X1, 6E1) 1.4 16V (AHW AKQ APE AUA BBY) 1390ccm 75KM\/55kW 1998\/09-2005\/07<br \/>\nLUPO (6X1, 6E1) 1.6 GTI (AVY) 1598ccm 125KM\/92kW 2000\/09-2005\/07<\/p>\n<p>VW Polo (6N1),\u00a0rok produkcji: 1995-1999<\/p>\n<p>POLO (6N1) 100 1.4 16V (AFH) 1390ccm 100KM\/74kW 1996\/04-1999\/10<br \/>\nPOLO (6N1) 120 1.6 16V GTI (AJV) 1598ccm 120KM\/88kW 1998\/09-1999\/10<br \/>\nPOLO (6N1) 50 1.0 (AER ALL) 999ccm 50KM\/37kW 1996\/09-1999\/10<br \/>\nPOLO (6N1) 55 1.4 (AEX) 1390ccm 55KM\/40kW 1995\/08-1999\/10<br \/>\nPOLO (6N1) 60 1.4 (AEX AKV APQ) 1390ccm 60KM\/44kW 1995\/07-1999\/10<br \/>\nPOLO (6N1) 75 1.6 (AEA AEE AHS) 1598ccm 75KM\/55kW 1994\/10-1999\/10<\/p>\n<p>VW Polo (6N2),\u00a0rok produkcji: 1999-2001<\/p>\n<p>POLO (6N2) 1.0 (ALD AUC) 999ccm 50KM\/37kW 1999\/10-2001\/09<br \/>\nPOLO (6N2) 1.4 (AKK AUD) 1390ccm 60KM\/44kW 1999\/10-2001\/09<br \/>\nPOLO (6N2) 1.4 (AKP ANX) 1390ccm 54KM\/40kW 1999\/10-2001\/09<br \/>\nPOLO (6N2) 1.4 16V (AFK AQQ AUB) 1390ccm 101KM\/74kW 1999\/10-2001\/09<br \/>\nPOLO (6N2) 1.4 16V (AHW APE AUA) 1390ccm 75KM\/55kW 1999\/10-2001\/09<br \/>\nPOLO (6N2) 1.6 16V GTI (ARC AVY) 1598ccm 125KM\/92kW 1999\/10-2001\/09<\/p>\n<p>VW Polo (9N_),\u00a0rok produkcji: 2001-2008<\/p>\n<p>POLO (9N_) 1.4 16V (AUA BBY BKY) 1390ccm 75KM\/55kW 2001\/10-2008\/05<br \/>\nPOLO (9N_) 1.4 16V (AUB BBZ) 1390ccm 101KM\/74kW 2001\/10-2008\/05<br \/>\nPOLO (9N_) 1.6 1598 ccm 101KM\/74kW 2002\/08-2005\/05<\/p>\n<p>VW Polo Classic (6V2),\u00a0rok produkcji: 1995-2001<\/p>\n<p>POLO CLASSIC (6V2) 60 1.4 (AEX AKK AKV ANW APQ AUD) 1390ccm 60KM\/44kW 1995\/12-2001\/09<br \/>\nPOLO CLASSIC (6V2) 75 1.4 16V (APE AUA) 1390ccm 75KM\/55kW 1999\/10-2001\/09<br \/>\nPOLO CLASSIC (6V2) 75 1.6 (AEE ALM) 1598ccm 75KM\/55kW 1995\/11-2001\/09<\/p>\n<p>VW Polo Van Furgon \/ kombi (6V5),\u00a0rok produkcji: 1997-2001<\/p>\n<p>POLO Van Furgon \/ kombi (6V5) 1.4 (AEX) 1390ccm 60KM\/44kW 1997\/08-1999\/12<br \/>\nPOLO Van Furgon \/ kombi (6V5) 1.4 (AUA) 1390ccm 75KM\/55kW 2000\/06-2001\/09<\/p>\n<p>VW Polo Variant (6V5)\u00a0rok produkcji: 1997-2001<\/p>\n<p>POLO Variant (6V5) 1.4 (AEX AKK AKV ANW APQ AUD) 1390ccm 60KM\/44kW 1997\/05-2001\/09<br \/>\nPOLO Variant (6V5) 1.4 (AKP) 1390ccm 54KM\/40kW 1998\/12-2001\/09<br \/>\nPOLO Variant (6V5) 1.4 16V (APE AUA) 1390ccm 75KM\/55kW 1999\/10-2001\/09<br \/>\nPOLO Variant (6V5) 1.6 (AEE ALM) 1598ccm 75KM\/55kW 1997\/05-2001\/09<\/p>\n<p>VW Polo sedan (9A4, 9A2, 9N2),\u00a0modele produkowane od roku 2002<\/p>\n<p>POLO sedan (9A4, 9A2, 9N2, 9A6) 1.4 (BBZ) 1390ccm 101KM\/74kW 2003\/11-<br \/>\nPOLO sedan (9A4, 9A2, 9N2) 1.4 (BBY BKY) 1390ccm 75KM\/55kW 2002\/11-2012\/04<\/p>\n<p>VW Vento (1H2),\u00a0rok produkcji: 1991-1998<\/p>\n<p>VENTO (1H2) 1.4 (ABD AEX) 1390ccm 55KM\/40kW 1991\/11-1998\/09<br \/>\nVENTO (1H2) 1.4 (ABD AEX) 1390ccm 60KM\/44kW 1991\/11-1998\/09<br \/>\nVENTO (1H2) 1.6 (ABU AEA AEE) 1598ccm 75KM\/55kW 1992\/09-1998\/09<\/p>\n<p>Gamintojas:\u00a0 pakaitalas<br \/>\nTechnin\u0117 b\u016bkl\u0117:\u00a0 prek\u0117 yra visi\u0161kai nauja, nenaudota, nepa\u017eeista ir nesugadinta<\/p>\n","protected":false},"excerpt":{"rendered":"<p>1. Prek\u0117: alyvos separatoriaus filtras2. Automobilis:Audi A2 00-05Seat Arosa 97-04Seat Cordoba 93-02Seat Ibiza II 93-09Seat Inca 95-03Seat Leon I 99-06Seat Toledo II 00-06\u0160koda Fabia I 99-08\u0160koda Felicia I II 95-01\u0160koda Octavia I 96-10<\/p>\n","protected":false},"featured_media":64950,"comment_status":"open","ping_status":"closed","template":"","meta":[],"product_brand":[],"product_cat":[3904,393,144,3944,4149],"product_tag":[],"class_list":{"0":"post-64949","1":"product","2":"type-product","3":"status-publish","4":"has-post-thumbnail","6":"product_cat-audi-a2-8z","7":"product_cat-audi-a2","8":"product_cat-audi","9":"product_cat-audi-a2-8z-isores-dalys","10":"product_cat-audi-a2-8z-isores-kitos-dalys","12":"first","13":"instock","14":"shipping-taxable","15":"purchasable","16":"product-type-simple"},"yoast_head":"<!-- This site is optimized with the Yoast SEO Premium plugin v25.2 (Yoast SEO v27.3) - https:\/\/yoast.com\/product\/yoast-seo-premium-wordpress\/ -->\n<title>Audi A2 00-05 filtras, alyvos separatorius - Erformance.eu<\/title>\n<meta name=\"robots\" content=\"index, follow, max-snippet:-1, max-image-preview:large, max-video-preview:-1\" \/>\n<link rel=\"canonical\" href=\"https:\/\/erformance.eu\/lv\/produkts\/audi-a2-00-05-filtras-alyvos-separatorius\/\" \/>\n<meta property=\"og:locale\" content=\"lv_LV\" \/>\n<meta property=\"og:type\" content=\"article\" \/>\n<meta property=\"og:title\" content=\"Audi A2 00-05 filtras, alyvos separatorius\" \/>\n<meta property=\"og:description\" content=\"1. Prek\u0117: alyvos separatoriaus filtras2. Automobilis:Audi A2 00-05Seat Arosa 97-04Seat Cordoba 93-02Seat Ibiza II 93-09Seat Inca 95-03Seat Leon I 99-06Seat Toledo II 00-06\u0160koda Fabia I 99-08\u0160koda Felicia I II 95-01\u0160koda Octavia I 96-10\" \/>\n<meta property=\"og:url\" content=\"https:\/\/erformance.eu\/lv\/produkts\/audi-a2-00-05-filtras-alyvos-separatorius\/\" \/>\n<meta property=\"og:site_name\" content=\"Erformance.eu\" \/>\n<meta property=\"article:modified_time\" content=\"2026-03-05T17:00:19+00:00\" \/>\n<meta property=\"og:image\" content=\"https:\/\/erformance.eu\/wp-content\/uploads\/2026\/02\/pol_pm_Audi-A2-00-05-filtr-odma-separator-oleju-14385_1.jpg\" \/>\n\t<meta property=\"og:image:width\" content=\"1200\" \/>\n\t<meta property=\"og:image:height\" content=\"900\" \/>\n\t<meta property=\"og:image:type\" content=\"image\/jpeg\" \/>\n<meta name=\"twitter:card\" content=\"summary_large_image\" \/>\n<meta name=\"twitter:label1\" content=\"Est. reading time\" \/>\n\t<meta name=\"twitter:data1\" content=\"7 min\u016btes\" \/>\n<script type=\"application\/ld+json\" class=\"yoast-schema-graph\">{\"@context\":\"https:\\\/\\\/schema.org\",\"@graph\":[{\"@type\":\"WebPage\",\"@id\":\"https:\\\/\\\/erformance.eu\\\/lv\\\/produkts\\\/audi-a2-00-05-filtras-alyvos-separatorius\\\/\",\"url\":\"https:\\\/\\\/erformance.eu\\\/lv\\\/produkts\\\/audi-a2-00-05-filtras-alyvos-separatorius\\\/\",\"name\":\"Audi A2 00-05 filtras, alyvos separatorius - Erformance.eu\",\"isPartOf\":{\"@id\":\"https:\\\/\\\/erformance.eu\\\/lv\\\/#website\"},\"primaryImageOfPage\":{\"@id\":\"https:\\\/\\\/erformance.eu\\\/lv\\\/produkts\\\/audi-a2-00-05-filtras-alyvos-separatorius\\\/#primaryimage\"},\"image\":{\"@id\":\"https:\\\/\\\/erformance.eu\\\/lv\\\/produkts\\\/audi-a2-00-05-filtras-alyvos-separatorius\\\/#primaryimage\"},\"thumbnailUrl\":\"https:\\\/\\\/erformance.eu\\\/wp-content\\\/uploads\\\/2026\\\/02\\\/pol_pm_Audi-A2-00-05-filtr-odma-separator-oleju-14385_1.jpg\",\"datePublished\":\"2026-02-16T12:34:56+00:00\",\"dateModified\":\"2026-03-05T17:00:19+00:00\",\"breadcrumb\":{\"@id\":\"https:\\\/\\\/erformance.eu\\\/lv\\\/produkts\\\/audi-a2-00-05-filtras-alyvos-separatorius\\\/#breadcrumb\"},\"inLanguage\":\"lv-LV\",\"potentialAction\":[{\"@type\":\"ReadAction\",\"target\":[\"https:\\\/\\\/erformance.eu\\\/lv\\\/produkts\\\/audi-a2-00-05-filtras-alyvos-separatorius\\\/\"]}]},{\"@type\":\"ImageObject\",\"inLanguage\":\"lv-LV\",\"@id\":\"https:\\\/\\\/erformance.eu\\\/lv\\\/produkts\\\/audi-a2-00-05-filtras-alyvos-separatorius\\\/#primaryimage\",\"url\":\"https:\\\/\\\/erformance.eu\\\/wp-content\\\/uploads\\\/2026\\\/02\\\/pol_pm_Audi-A2-00-05-filtr-odma-separator-oleju-14385_1.jpg\",\"contentUrl\":\"https:\\\/\\\/erformance.eu\\\/wp-content\\\/uploads\\\/2026\\\/02\\\/pol_pm_Audi-A2-00-05-filtr-odma-separator-oleju-14385_1.jpg\",\"width\":1200,\"height\":900},{\"@type\":\"BreadcrumbList\",\"@id\":\"https:\\\/\\\/erformance.eu\\\/lv\\\/produkts\\\/audi-a2-00-05-filtras-alyvos-separatorius\\\/#breadcrumb\",\"itemListElement\":[{\"@type\":\"ListItem\",\"position\":1,\"name\":\"Home\",\"item\":\"https:\\\/\\\/erformance.eu\\\/lv\\\/\"},{\"@type\":\"ListItem\",\"position\":2,\"name\":\"Veikals\",\"item\":\"https:\\\/\\\/erformance.eu\\\/lv\\\/veikals\\\/\"},{\"@type\":\"ListItem\",\"position\":3,\"name\":\"Audi A2 00-05 filtras, alyvos separatorius\"}]},{\"@type\":\"WebSite\",\"@id\":\"https:\\\/\\\/erformance.eu\\\/lv\\\/#website\",\"url\":\"https:\\\/\\\/erformance.eu\\\/lv\\\/\",\"name\":\"Erformance.eu\",\"description\":\"Automobili\u0173 dali\u0173 parduotuv\u0117\",\"potentialAction\":[{\"@type\":\"SearchAction\",\"target\":{\"@type\":\"EntryPoint\",\"urlTemplate\":\"https:\\\/\\\/erformance.eu\\\/lv\\\/?s={search_term_string}\"},\"query-input\":{\"@type\":\"PropertyValueSpecification\",\"valueRequired\":true,\"valueName\":\"search_term_string\"}}],\"inLanguage\":\"lv-LV\"}]}<\/script>\n<!-- \/ Yoast SEO Premium plugin. -->","yoast_head_json":{"title":"Audi A2 00-05 filtras, alyvos separatorius - Erformance.eu","robots":{"index":"index","follow":"follow","max-snippet":"max-snippet:-1","max-image-preview":"max-image-preview:large","max-video-preview":"max-video-preview:-1"},"canonical":"https:\/\/erformance.eu\/lv\/produkts\/audi-a2-00-05-filtras-alyvos-separatorius\/","og_locale":"lv_LV","og_type":"article","og_title":"Audi A2 00-05 filtras, alyvos separatorius","og_description":"1. Prek\u0117: alyvos separatoriaus filtras2. Automobilis:Audi A2 00-05Seat Arosa 97-04Seat Cordoba 93-02Seat Ibiza II 93-09Seat Inca 95-03Seat Leon I 99-06Seat Toledo II 00-06\u0160koda Fabia I 99-08\u0160koda Felicia I II 95-01\u0160koda Octavia I 96-10","og_url":"https:\/\/erformance.eu\/lv\/produkts\/audi-a2-00-05-filtras-alyvos-separatorius\/","og_site_name":"Erformance.eu","article_modified_time":"2026-03-05T17:00:19+00:00","og_image":[{"width":1200,"height":900,"url":"https:\/\/erformance.eu\/wp-content\/uploads\/2026\/02\/pol_pm_Audi-A2-00-05-filtr-odma-separator-oleju-14385_1.jpg","type":"image\/jpeg"}],"twitter_card":"summary_large_image","twitter_misc":{"Est. reading time":"7 min\u016btes"},"schema":{"@context":"https:\/\/schema.org","@graph":[{"@type":"WebPage","@id":"https:\/\/erformance.eu\/lv\/produkts\/audi-a2-00-05-filtras-alyvos-separatorius\/","url":"https:\/\/erformance.eu\/lv\/produkts\/audi-a2-00-05-filtras-alyvos-separatorius\/","name":"Audi A2 00-05 filtras, alyvos separatorius - Erformance.eu","isPartOf":{"@id":"https:\/\/erformance.eu\/lv\/#website"},"primaryImageOfPage":{"@id":"https:\/\/erformance.eu\/lv\/produkts\/audi-a2-00-05-filtras-alyvos-separatorius\/#primaryimage"},"image":{"@id":"https:\/\/erformance.eu\/lv\/produkts\/audi-a2-00-05-filtras-alyvos-separatorius\/#primaryimage"},"thumbnailUrl":"https:\/\/erformance.eu\/wp-content\/uploads\/2026\/02\/pol_pm_Audi-A2-00-05-filtr-odma-separator-oleju-14385_1.jpg","datePublished":"2026-02-16T12:34:56+00:00","dateModified":"2026-03-05T17:00:19+00:00","breadcrumb":{"@id":"https:\/\/erformance.eu\/lv\/produkts\/audi-a2-00-05-filtras-alyvos-separatorius\/#breadcrumb"},"inLanguage":"lv-LV","potentialAction":[{"@type":"ReadAction","target":["https:\/\/erformance.eu\/lv\/produkts\/audi-a2-00-05-filtras-alyvos-separatorius\/"]}]},{"@type":"ImageObject","inLanguage":"lv-LV","@id":"https:\/\/erformance.eu\/lv\/produkts\/audi-a2-00-05-filtras-alyvos-separatorius\/#primaryimage","url":"https:\/\/erformance.eu\/wp-content\/uploads\/2026\/02\/pol_pm_Audi-A2-00-05-filtr-odma-separator-oleju-14385_1.jpg","contentUrl":"https:\/\/erformance.eu\/wp-content\/uploads\/2026\/02\/pol_pm_Audi-A2-00-05-filtr-odma-separator-oleju-14385_1.jpg","width":1200,"height":900},{"@type":"BreadcrumbList","@id":"https:\/\/erformance.eu\/lv\/produkts\/audi-a2-00-05-filtras-alyvos-separatorius\/#breadcrumb","itemListElement":[{"@type":"ListItem","position":1,"name":"Home","item":"https:\/\/erformance.eu\/lv\/"},{"@type":"ListItem","position":2,"name":"Veikals","item":"https:\/\/erformance.eu\/lv\/veikals\/"},{"@type":"ListItem","position":3,"name":"Audi A2 00-05 filtras, alyvos separatorius"}]},{"@type":"WebSite","@id":"https:\/\/erformance.eu\/lv\/#website","url":"https:\/\/erformance.eu\/lv\/","name":"Erformance.eu","description":"Automobili\u0173 dali\u0173 parduotuv\u0117","potentialAction":[{"@type":"SearchAction","target":{"@type":"EntryPoint","urlTemplate":"https:\/\/erformance.eu\/lv\/?s={search_term_string}"},"query-input":{"@type":"PropertyValueSpecification","valueRequired":true,"valueName":"search_term_string"}}],"inLanguage":"lv-LV"}]}},"jetpack_sharing_enabled":true,"_links":{"self":[{"href":"https:\/\/erformance.eu\/lv\/wp-json\/wp\/v2\/product\/64949","targetHints":{"allow":["GET"]}}],"collection":[{"href":"https:\/\/erformance.eu\/lv\/wp-json\/wp\/v2\/product"}],"about":[{"href":"https:\/\/erformance.eu\/lv\/wp-json\/wp\/v2\/types\/product"}],"replies":[{"embeddable":true,"href":"https:\/\/erformance.eu\/lv\/wp-json\/wp\/v2\/comments?post=64949"}],"version-history":[{"count":1,"href":"https:\/\/erformance.eu\/lv\/wp-json\/wp\/v2\/product\/64949\/revisions"}],"predecessor-version":[{"id":64952,"href":"https:\/\/erformance.eu\/lv\/wp-json\/wp\/v2\/product\/64949\/revisions\/64952"}],"wp:featuredmedia":[{"embeddable":true,"href":"https:\/\/erformance.eu\/lv\/wp-json\/wp\/v2\/media\/64950"}],"wp:attachment":[{"href":"https:\/\/erformance.eu\/lv\/wp-json\/wp\/v2\/media?parent=64949"}],"wp:term":[{"taxonomy":"product_brand","embeddable":true,"href":"https:\/\/erformance.eu\/lv\/wp-json\/wp\/v2\/product_brand?post=64949"},{"taxonomy":"product_cat","embeddable":true,"href":"https:\/\/erformance.eu\/lv\/wp-json\/wp\/v2\/product_cat?post=64949"},{"taxonomy":"product_tag","embeddable":true,"href":"https:\/\/erformance.eu\/lv\/wp-json\/wp\/v2\/product_tag?post=64949"}],"curies":[{"name":"wp","href":"https:\/\/api.w.org\/{rel}","templated":true}]}}