{"id":65932,"date":"2026-03-16T22:41:47","date_gmt":"2026-03-16T19:41:47","guid":{"rendered":"https:\/\/erformance.eu\/?post_type=product&#038;p=65932"},"modified":"2026-04-05T12:14:54","modified_gmt":"2026-04-05T09:14:54","slug":"bmw-e39-difuzorius-dvigubas-matinis-juodas","status":"publish","type":"product","link":"https:\/\/erformance.eu\/lv\/produkts\/bmw-e39-difuzorius-dvigubas-matinis-juodas\/","title":{"rendered":"BMW E39 difuzorius dvigubas, matinis juodas"},"content":{"rendered":"<ul>\n<li class=\"ai-optimize-40 ai-optimize-introduction\">BMW E39 difuzorius dvigubas, matinis juodas (M Tech, M sport bamperiui).<\/li>\n<\/ul>\n<p class=\"ai-optimize-26\"><strong>Komplekt\u0105 sudaro:<\/strong><\/p>\n<ul>\n<li class=\"ai-optimize-25\">1 vnt. BMW E39 galinio bamperio dvigubas difuzorius.<\/li>\n<\/ul>\n<p class=\"ai-optimize-35\"><strong>Spalva:<\/strong><\/p>\n<ul>\n<li class=\"ai-optimize-35\">matin\u0117 juoda (matte black).<\/li>\n<\/ul>\n<p class=\"ai-optimize-36\"><strong>Savyb\u0117s:<\/strong><\/p>\n<ul>\n<li class=\"ai-optimize-29\">Difuzorius pagamintas i\u0161 tvirto ABS plastiko.<\/li>\n<li class=\"ai-optimize-32\">Difuzorius yra su laikikliais, tod\u0117l nereikalauja papildomo tvirtinimo.<\/li>\n<li class=\"ai-optimize-25\">Tvarkingai supakuotas, kad jus pasiekt\u0173 saugiai ir greitai.<\/li>\n<li class=\"ai-optimize-40\">BMW E39 galinio bamperio difuzorius tinka LCI ir PRE LCI modeliams nuo 1997 iki 2003 m. su M bamperiu.<\/li>\n<\/ul>\n<p class=\"ai-optimize-38\"><strong>Tinkamumas:<\/strong><\/p>\n<ul>\n<li class=\"ai-optimize-27\"><strong>BMW E39 5 serija,<\/strong>\u00a01997-2003 Sedanas.<\/li>\n<li class=\"ai-optimize-28\"><strong>BMW E39 5 serija,\u00a0<\/strong>1997-2003 Universalas.<\/li>\n<\/ul>\n<p class=\"ai-optimize-41\">Atnaujinkite automobilio i\u0161vaizd\u0105 ir suteikite agresyv\u0173, bei modern\u0173 stili\u0173.<\/p>\n<p class=\"ai-optimize-42\">Erformance.eu elektronin\u0117je parduotuv\u0117je rasite \u012fvairi\u0173 preki\u0173 savo\u00a0<a href=\"https:\/\/erformance.eu\/produkto-kategorija\/bmw\/5-serija\/e39\/\">BMW E39 LCI ir PRE LCI\u00a0\u00a0<\/a>automobiliui. Nuo smulkiausi\u0173 pried\u0173 iki tiuning dali\u0173 plataus pasirinkimo.<\/p>\n<p class=\"ai-optimize-29\">Prek\u0117s laikomos sand\u0117lyje Lietuvoje, tod\u0117l galime garantuoti greit\u0105 pristatymo laik\u0105 (1-2 darbo dienas).<\/p>\n","protected":false},"excerpt":{"rendered":"<h5 class=\"ai-optimize-26\">BMW E39 difuzorius<\/h5>\n","protected":false},"featured_media":65934,"comment_status":"open","ping_status":"closed","template":"","meta":[],"product_brand":[],"product_cat":[126,3397,121,49,2774,3868],"product_tag":[],"class_list":{"0":"post-65932","1":"product","2":"type-product","3":"status-publish","4":"has-post-thumbnail","6":"product_cat-5-serija","7":"product_cat-e39-isores-bamperiai-ju-dalys","8":"product_cat-bmw","9":"product_cat-e39","10":"product_cat-e39-isores-dalys","11":"product_cat-e39-spoileriai-difuzoriai","13":"first","14":"outofstock","15":"sale","16":"shipping-taxable","17":"purchasable","18":"product-type-simple"},"yoast_head":"<!-- This site is optimized with the Yoast SEO Premium plugin v25.2 (Yoast SEO v27.4) - https:\/\/yoast.com\/product\/yoast-seo-premium-wordpress\/ -->\n<title>BMW E39 difuzorius dvigubas, matinis juodas - Erformance.eu<\/title>\n<meta name=\"description\" content=\"BMW E39 difuzorius dvigubas, matinis juodas. Tinka LCI ir PRE LCI modeliams. Auk\u0161tos kokyb\u0117s difuzorius su laikikliais. Tinka M bamperiams.\" \/>\n<meta name=\"robots\" content=\"index, follow, max-snippet:-1, max-image-preview:large, max-video-preview:-1\" \/>\n<link rel=\"canonical\" href=\"https:\/\/erformance.eu\/lv\/produkts\/bmw-e39-difuzorius-dvigubas-matinis-juodas\/\" \/>\n<meta property=\"og:locale\" content=\"lv_LV\" \/>\n<meta property=\"og:type\" content=\"article\" \/>\n<meta property=\"og:title\" content=\"BMW E39 difuzorius dvigubas, matinis juodas\" \/>\n<meta property=\"og:description\" content=\"BMW E39 difuzorius dvigubas, matinis juodas. Tinka LCI ir PRE LCI modeliams. Auk\u0161tos kokyb\u0117s difuzorius su laikikliais. Tinka M bamperiams.\" \/>\n<meta property=\"og:url\" content=\"https:\/\/erformance.eu\/lv\/produkts\/bmw-e39-difuzorius-dvigubas-matinis-juodas\/\" \/>\n<meta property=\"og:site_name\" content=\"Erformance.eu\" \/>\n<meta property=\"article:modified_time\" content=\"2026-04-05T09:14:54+00:00\" \/>\n<meta property=\"og:image\" content=\"https:\/\/erformance.eu\/wp-content\/uploads\/2026\/03\/bmw-e39-dvigubas-difuzorius-matinis-juodas-1.webp\" \/>\n\t<meta property=\"og:image:width\" content=\"1080\" \/>\n\t<meta property=\"og:image:height\" content=\"1080\" \/>\n\t<meta property=\"og:image:type\" content=\"image\/webp\" \/>\n<meta name=\"twitter:card\" content=\"summary_large_image\" \/>\n<meta name=\"twitter:label1\" content=\"Est. reading time\" \/>\n\t<meta name=\"twitter:data1\" content=\"1 min\u016b\u0161u\" \/>\n<script type=\"application\/ld+json\" class=\"yoast-schema-graph\">{\"@context\":\"https:\\\/\\\/schema.org\",\"@graph\":[{\"@type\":\"WebPage\",\"@id\":\"https:\\\/\\\/erformance.eu\\\/lv\\\/produkts\\\/bmw-e39-difuzorius-dvigubas-matinis-juodas\\\/\",\"url\":\"https:\\\/\\\/erformance.eu\\\/lv\\\/produkts\\\/bmw-e39-difuzorius-dvigubas-matinis-juodas\\\/\",\"name\":\"BMW E39 difuzorius dvigubas, matinis juodas - Erformance.eu\",\"isPartOf\":{\"@id\":\"https:\\\/\\\/erformance.eu\\\/lv\\\/#website\"},\"primaryImageOfPage\":{\"@id\":\"https:\\\/\\\/erformance.eu\\\/lv\\\/produkts\\\/bmw-e39-difuzorius-dvigubas-matinis-juodas\\\/#primaryimage\"},\"image\":{\"@id\":\"https:\\\/\\\/erformance.eu\\\/lv\\\/produkts\\\/bmw-e39-difuzorius-dvigubas-matinis-juodas\\\/#primaryimage\"},\"thumbnailUrl\":\"https:\\\/\\\/erformance.eu\\\/wp-content\\\/uploads\\\/2026\\\/03\\\/bmw-e39-dvigubas-difuzorius-matinis-juodas-1.webp\",\"datePublished\":\"2026-03-16T19:41:47+00:00\",\"dateModified\":\"2026-04-05T09:14:54+00:00\",\"description\":\"BMW E39 difuzorius dvigubas, matinis juodas. Tinka LCI ir PRE LCI modeliams. Auk\u0161tos kokyb\u0117s difuzorius su laikikliais. Tinka M bamperiams.\",\"breadcrumb\":{\"@id\":\"https:\\\/\\\/erformance.eu\\\/lv\\\/produkts\\\/bmw-e39-difuzorius-dvigubas-matinis-juodas\\\/#breadcrumb\"},\"inLanguage\":\"lv-LV\",\"potentialAction\":[{\"@type\":\"ReadAction\",\"target\":[\"https:\\\/\\\/erformance.eu\\\/lv\\\/produkts\\\/bmw-e39-difuzorius-dvigubas-matinis-juodas\\\/\"]}]},{\"@type\":\"ImageObject\",\"inLanguage\":\"lv-LV\",\"@id\":\"https:\\\/\\\/erformance.eu\\\/lv\\\/produkts\\\/bmw-e39-difuzorius-dvigubas-matinis-juodas\\\/#primaryimage\",\"url\":\"https:\\\/\\\/erformance.eu\\\/wp-content\\\/uploads\\\/2026\\\/03\\\/bmw-e39-dvigubas-difuzorius-matinis-juodas-1.webp\",\"contentUrl\":\"https:\\\/\\\/erformance.eu\\\/wp-content\\\/uploads\\\/2026\\\/03\\\/bmw-e39-dvigubas-difuzorius-matinis-juodas-1.webp\",\"width\":1080,\"height\":1080,\"caption\":\"bmw e39 difuzorius dvigubas matinis juodas pagrindin\u0117\"},{\"@type\":\"BreadcrumbList\",\"@id\":\"https:\\\/\\\/erformance.eu\\\/lv\\\/produkts\\\/bmw-e39-difuzorius-dvigubas-matinis-juodas\\\/#breadcrumb\",\"itemListElement\":[{\"@type\":\"ListItem\",\"position\":1,\"name\":\"Home\",\"item\":\"https:\\\/\\\/erformance.eu\\\/lv\\\/\"},{\"@type\":\"ListItem\",\"position\":2,\"name\":\"Veikals\",\"item\":\"https:\\\/\\\/erformance.eu\\\/lv\\\/veikals\\\/\"},{\"@type\":\"ListItem\",\"position\":3,\"name\":\"BMW E39 difuzorius dvigubas, matinis juodas\"}]},{\"@type\":\"WebSite\",\"@id\":\"https:\\\/\\\/erformance.eu\\\/lv\\\/#website\",\"url\":\"https:\\\/\\\/erformance.eu\\\/lv\\\/\",\"name\":\"Erformance.eu\",\"description\":\"Automobili\u0173 dali\u0173 parduotuv\u0117\",\"potentialAction\":[{\"@type\":\"SearchAction\",\"target\":{\"@type\":\"EntryPoint\",\"urlTemplate\":\"https:\\\/\\\/erformance.eu\\\/lv\\\/?s={search_term_string}\"},\"query-input\":{\"@type\":\"PropertyValueSpecification\",\"valueRequired\":true,\"valueName\":\"search_term_string\"}}],\"inLanguage\":\"lv-LV\"}]}<\/script>\n<!-- \/ Yoast SEO Premium plugin. -->","yoast_head_json":{"title":"BMW E39 difuzorius dvigubas, matinis juodas - Erformance.eu","description":"BMW E39 difuzorius dvigubas, matinis juodas. Tinka LCI ir PRE LCI modeliams. Auk\u0161tos kokyb\u0117s difuzorius su laikikliais. Tinka M bamperiams.","robots":{"index":"index","follow":"follow","max-snippet":"max-snippet:-1","max-image-preview":"max-image-preview:large","max-video-preview":"max-video-preview:-1"},"canonical":"https:\/\/erformance.eu\/lv\/produkts\/bmw-e39-difuzorius-dvigubas-matinis-juodas\/","og_locale":"lv_LV","og_type":"article","og_title":"BMW E39 difuzorius dvigubas, matinis juodas","og_description":"BMW E39 difuzorius dvigubas, matinis juodas. Tinka LCI ir PRE LCI modeliams. Auk\u0161tos kokyb\u0117s difuzorius su laikikliais. Tinka M bamperiams.","og_url":"https:\/\/erformance.eu\/lv\/produkts\/bmw-e39-difuzorius-dvigubas-matinis-juodas\/","og_site_name":"Erformance.eu","article_modified_time":"2026-04-05T09:14:54+00:00","og_image":[{"width":1080,"height":1080,"url":"https:\/\/erformance.eu\/wp-content\/uploads\/2026\/03\/bmw-e39-dvigubas-difuzorius-matinis-juodas-1.webp","type":"image\/webp"}],"twitter_card":"summary_large_image","twitter_misc":{"Est. reading time":"1 min\u016b\u0161u"},"schema":{"@context":"https:\/\/schema.org","@graph":[{"@type":"WebPage","@id":"https:\/\/erformance.eu\/lv\/produkts\/bmw-e39-difuzorius-dvigubas-matinis-juodas\/","url":"https:\/\/erformance.eu\/lv\/produkts\/bmw-e39-difuzorius-dvigubas-matinis-juodas\/","name":"BMW E39 difuzorius dvigubas, matinis juodas - Erformance.eu","isPartOf":{"@id":"https:\/\/erformance.eu\/lv\/#website"},"primaryImageOfPage":{"@id":"https:\/\/erformance.eu\/lv\/produkts\/bmw-e39-difuzorius-dvigubas-matinis-juodas\/#primaryimage"},"image":{"@id":"https:\/\/erformance.eu\/lv\/produkts\/bmw-e39-difuzorius-dvigubas-matinis-juodas\/#primaryimage"},"thumbnailUrl":"https:\/\/erformance.eu\/wp-content\/uploads\/2026\/03\/bmw-e39-dvigubas-difuzorius-matinis-juodas-1.webp","datePublished":"2026-03-16T19:41:47+00:00","dateModified":"2026-04-05T09:14:54+00:00","description":"BMW E39 difuzorius dvigubas, matinis juodas. Tinka LCI ir PRE LCI modeliams. Auk\u0161tos kokyb\u0117s difuzorius su laikikliais. Tinka M bamperiams.","breadcrumb":{"@id":"https:\/\/erformance.eu\/lv\/produkts\/bmw-e39-difuzorius-dvigubas-matinis-juodas\/#breadcrumb"},"inLanguage":"lv-LV","potentialAction":[{"@type":"ReadAction","target":["https:\/\/erformance.eu\/lv\/produkts\/bmw-e39-difuzorius-dvigubas-matinis-juodas\/"]}]},{"@type":"ImageObject","inLanguage":"lv-LV","@id":"https:\/\/erformance.eu\/lv\/produkts\/bmw-e39-difuzorius-dvigubas-matinis-juodas\/#primaryimage","url":"https:\/\/erformance.eu\/wp-content\/uploads\/2026\/03\/bmw-e39-dvigubas-difuzorius-matinis-juodas-1.webp","contentUrl":"https:\/\/erformance.eu\/wp-content\/uploads\/2026\/03\/bmw-e39-dvigubas-difuzorius-matinis-juodas-1.webp","width":1080,"height":1080,"caption":"bmw e39 difuzorius dvigubas matinis juodas pagrindin\u0117"},{"@type":"BreadcrumbList","@id":"https:\/\/erformance.eu\/lv\/produkts\/bmw-e39-difuzorius-dvigubas-matinis-juodas\/#breadcrumb","itemListElement":[{"@type":"ListItem","position":1,"name":"Home","item":"https:\/\/erformance.eu\/lv\/"},{"@type":"ListItem","position":2,"name":"Veikals","item":"https:\/\/erformance.eu\/lv\/veikals\/"},{"@type":"ListItem","position":3,"name":"BMW E39 difuzorius dvigubas, matinis juodas"}]},{"@type":"WebSite","@id":"https:\/\/erformance.eu\/lv\/#website","url":"https:\/\/erformance.eu\/lv\/","name":"Erformance.eu","description":"Automobili\u0173 dali\u0173 parduotuv\u0117","potentialAction":[{"@type":"SearchAction","target":{"@type":"EntryPoint","urlTemplate":"https:\/\/erformance.eu\/lv\/?s={search_term_string}"},"query-input":{"@type":"PropertyValueSpecification","valueRequired":true,"valueName":"search_term_string"}}],"inLanguage":"lv-LV"}]}},"jetpack_sharing_enabled":true,"_links":{"self":[{"href":"https:\/\/erformance.eu\/lv\/wp-json\/wp\/v2\/product\/65932","targetHints":{"allow":["GET"]}}],"collection":[{"href":"https:\/\/erformance.eu\/lv\/wp-json\/wp\/v2\/product"}],"about":[{"href":"https:\/\/erformance.eu\/lv\/wp-json\/wp\/v2\/types\/product"}],"replies":[{"embeddable":true,"href":"https:\/\/erformance.eu\/lv\/wp-json\/wp\/v2\/comments?post=65932"}],"version-history":[{"count":1,"href":"https:\/\/erformance.eu\/lv\/wp-json\/wp\/v2\/product\/65932\/revisions"}],"predecessor-version":[{"id":65936,"href":"https:\/\/erformance.eu\/lv\/wp-json\/wp\/v2\/product\/65932\/revisions\/65936"}],"wp:featuredmedia":[{"embeddable":true,"href":"https:\/\/erformance.eu\/lv\/wp-json\/wp\/v2\/media\/65934"}],"wp:attachment":[{"href":"https:\/\/erformance.eu\/lv\/wp-json\/wp\/v2\/media?parent=65932"}],"wp:term":[{"taxonomy":"product_brand","embeddable":true,"href":"https:\/\/erformance.eu\/lv\/wp-json\/wp\/v2\/product_brand?post=65932"},{"taxonomy":"product_cat","embeddable":true,"href":"https:\/\/erformance.eu\/lv\/wp-json\/wp\/v2\/product_cat?post=65932"},{"taxonomy":"product_tag","embeddable":true,"href":"https:\/\/erformance.eu\/lv\/wp-json\/wp\/v2\/product_tag?post=65932"}],"curies":[{"name":"wp","href":"https:\/\/api.w.org\/{rel}","templated":true}]}}